{"id":11409,"date":"2019-08-21T14:08:54","date_gmt":"2019-08-21T14:08:54","guid":{"rendered":"https:\/\/apirosport.com\/?post_type=product&#038;p=11409"},"modified":"2026-03-18T13:53:50","modified_gmt":"2026-03-18T13:53:50","slug":"hiit-rower","status":"publish","type":"product","link":"https:\/\/apirosport.com\/sv\/produkt\/hiit-rower\/","title":{"rendered":"HIIT Rower"},"content":{"rendered":"<p><span id=\"result_box\" class=\"\" lang=\"sv\">StairMaster \u00e4r k\u00e4nda f\u00f6r att leverera \u201dthe toughest workouts in the gym\u201d \u2013 och StairMaster HIIT Rower \u00e4r inget undantag. StairMaster HIIT-familjen \u00e4r tr\u00e4ningsutrustning f\u00f6r h\u00f6gintensiv intervalltr\u00e4ning och funktionell styrketr\u00e4ning. Produkterna utg\u00f6r basen f\u00f6r StairMasters HIIT-koncept som ocks\u00e5 ligger till grund f\u00f6r Core Health &amp; Fitness popul\u00e4ra StairMaster HIIT-utbildningar.<br \/>\n<\/span><\/p>\n<ul>\n<li><span id=\"result_box\" class=\"\" lang=\"sv\">Luftresistens med reglerbart motst\u00e5nd fr\u00e5n 1-10<\/span><\/li>\n<li><span id=\"result_box\" class=\"\" lang=\"sv\">H\u00e5llare f\u00f6r vattenflaska och mobil under fotst\u00f6det<\/span><\/li>\n<li><span id=\"result_box\" class=\"\" lang=\"sv\">Levereras tillsammans med StairMaster HIIT-konsol f\u00f6r b\u00e4sta m\u00f6jliga tr\u00e4ningsupplevelse<\/span><\/li>\n<li><span id=\"result_box\" class=\"\" lang=\"sv\">Konsolen visar de vanligaste m\u00e4tv\u00e4rdena s\u00e5som tid, distans, kalorif\u00f6rbrukning, watt och RPM som standard, utan n\u00e5gra knapptryckningar<\/span><\/li>\n<li><span id=\"result_box\" class=\"\" lang=\"sv\">Bluetooth- och ANT+-koppling g\u00f6r det m\u00f6jligt att ansluta b\u00e5de smartphone och olika wearables till konsolen f\u00f6r b\u00e4ttre tracking och effektivare tr\u00e4ning<br \/>\n<\/span><\/li>\n<\/ul>\n<p><span id=\"result_box\" class=\"\" lang=\"sv\">\u00a0<\/span><\/p>\n","protected":false},"excerpt":{"rendered":"<p>StairMaster \u00e4r k\u00e4nda f\u00f6r att leverera \u201dthe toughest workouts in the gym\u201d \u2013 och StairMaster HIIT Rower \u00e4r inget undantag. StairMaster HIIT-familjen \u00e4r tr\u00e4ningsutrustning f\u00f6r h\u00f6gintensiv intervalltr\u00e4ning och funktionell styrketr\u00e4ning. Produkterna utg\u00f6r basen f\u00f6r StairMasters HIIT-koncept som ocks\u00e5 ligger till grund f\u00f6r Core Health &amp; Fitness popul\u00e4ra StairMaster HIIT-utbildningar. Luftresistens med reglerbart motst\u00e5nd fr\u00e5n 1-10 [&hellip;]<\/p>\n","protected":false},"featured_media":11410,"template":"","meta":{"_acf_changed":false,"inline_featured_image":false},"variation":[],"product_brand":[],"product_cat":[91,317,329],"product_tag":[58],"class_list":{"0":"post-11409","1":"product","2":"type-product","3":"status-publish","4":"has-post-thumbnail","6":"product_cat-hiit","7":"product_cat-stairmaster","8":"product_cat-hiit-rower","9":"product_tag-stairmaster","11":"first","12":"instock","13":"shipping-taxable","14":"purchasable","15":"product-type-simple"},"acf":[],"yoast_head":"<!-- This site is optimized with the Yoast SEO plugin v26.8 - https:\/\/yoast.com\/product\/yoast-seo-wordpress\/ -->\n<title>HIIT Rower | Apirosport<\/title>\n<meta name=\"robots\" content=\"index, follow, max-snippet:-1, max-image-preview:large, max-video-preview:-1\" \/>\n<link rel=\"canonical\" href=\"https:\/\/apirosport.com\/sv\/produkt\/hiit-rower\/\" \/>\n<meta property=\"og:locale\" content=\"sv_SE\" \/>\n<meta property=\"og:type\" content=\"article\" \/>\n<meta property=\"og:title\" content=\"HIIT Rower | Apirosport\" \/>\n<meta property=\"og:description\" content=\"StairMaster \u00e4r k\u00e4nda f\u00f6r att leverera \u201dthe toughest workouts in the gym\u201d \u2013 och StairMaster HIIT Rower \u00e4r inget undantag. StairMaster HIIT-familjen \u00e4r tr\u00e4ningsutrustning f\u00f6r h\u00f6gintensiv intervalltr\u00e4ning och funktionell styrketr\u00e4ning. Produkterna utg\u00f6r basen f\u00f6r StairMasters HIIT-koncept som ocks\u00e5 ligger till grund f\u00f6r Core Health &amp; Fitness popul\u00e4ra StairMaster HIIT-utbildningar. Luftresistens med reglerbart motst\u00e5nd fr\u00e5n 1-10 [&hellip;]\" \/>\n<meta property=\"og:url\" content=\"https:\/\/apirosport.com\/sv\/produkt\/hiit-rower\/\" \/>\n<meta property=\"og:site_name\" content=\"Apirosport\" \/>\n<meta property=\"article:modified_time\" content=\"2026-03-18T13:53:50+00:00\" \/>\n<meta property=\"og:image\" content=\"https:\/\/apirosport.com\/wp-content\/uploads\/2025\/12\/9-4690_01-2.png\" \/>\n\t<meta property=\"og:image:width\" content=\"1000\" \/>\n\t<meta property=\"og:image:height\" content=\"1000\" \/>\n\t<meta property=\"og:image:type\" content=\"image\/png\" \/>\n<meta name=\"twitter:card\" content=\"summary_large_image\" \/>\n<meta name=\"twitter:title\" content=\"Apirosport\" \/>\n<meta name=\"twitter:label1\" content=\"Ber\u00e4knad l\u00e4stid\" \/>\n\t<meta name=\"twitter:data1\" content=\"1 minut\" \/>\n<script type=\"application\/ld+json\" class=\"yoast-schema-graph\">{\"@context\":\"https:\/\/schema.org\",\"@graph\":[{\"@type\":\"WebPage\",\"@id\":\"https:\/\/apirosport.com\/sv\/produkt\/hiit-rower\/\",\"url\":\"https:\/\/apirosport.com\/sv\/produkt\/hiit-rower\/\",\"name\":\"HIIT Rower | Apirosport\",\"isPartOf\":{\"@id\":\"https:\/\/apirosport.com\/sv\/#website\"},\"primaryImageOfPage\":{\"@id\":\"https:\/\/apirosport.com\/sv\/produkt\/hiit-rower\/#primaryimage\"},\"image\":{\"@id\":\"https:\/\/apirosport.com\/sv\/produkt\/hiit-rower\/#primaryimage\"},\"thumbnailUrl\":\"https:\/\/apirosport.com\/wp-content\/uploads\/2025\/12\/9-4690_01-2.png\",\"datePublished\":\"2019-08-21T14:08:54+00:00\",\"dateModified\":\"2026-03-18T13:53:50+00:00\",\"breadcrumb\":{\"@id\":\"https:\/\/apirosport.com\/sv\/produkt\/hiit-rower\/#breadcrumb\"},\"inLanguage\":\"sv-SE\",\"potentialAction\":[{\"@type\":\"ReadAction\",\"target\":[\"https:\/\/apirosport.com\/sv\/produkt\/hiit-rower\/\"]}]},{\"@type\":\"ImageObject\",\"inLanguage\":\"sv-SE\",\"@id\":\"https:\/\/apirosport.com\/sv\/produkt\/hiit-rower\/#primaryimage\",\"url\":\"https:\/\/apirosport.com\/wp-content\/uploads\/2025\/12\/9-4690_01-2.png\",\"contentUrl\":\"https:\/\/apirosport.com\/wp-content\/uploads\/2025\/12\/9-4690_01-2.png\",\"width\":1000,\"height\":1000,\"caption\":\"HIIT Rower\"},{\"@type\":\"BreadcrumbList\",\"@id\":\"https:\/\/apirosport.com\/sv\/produkt\/hiit-rower\/#breadcrumb\",\"itemListElement\":[{\"@type\":\"ListItem\",\"position\":1,\"name\":\"Home\",\"item\":\"https:\/\/apirosport.com\/sv\/\"},{\"@type\":\"ListItem\",\"position\":2,\"name\":\"Produkter\",\"item\":\"https:\/\/apirosport.com\/sv\/produkter\/\"},{\"@type\":\"ListItem\",\"position\":3,\"name\":\"HIIT Rower\"}]},{\"@type\":\"WebSite\",\"@id\":\"https:\/\/apirosport.com\/sv\/#website\",\"url\":\"https:\/\/apirosport.com\/sv\/\",\"name\":\"Apirosport\",\"description\":\"\",\"publisher\":{\"@id\":\"https:\/\/apirosport.com\/sv\/#organization\"},\"alternateName\":\"Apirosport\",\"potentialAction\":[{\"@type\":\"SearchAction\",\"target\":{\"@type\":\"EntryPoint\",\"urlTemplate\":\"https:\/\/apirosport.com\/sv\/?s={search_term_string}\"},\"query-input\":{\"@type\":\"PropertyValueSpecification\",\"valueRequired\":true,\"valueName\":\"search_term_string\"}}],\"inLanguage\":\"sv-SE\"},{\"@type\":\"Organization\",\"@id\":\"https:\/\/apirosport.com\/sv\/#organization\",\"name\":\"Apirosport\",\"alternateName\":\"Apirosport\",\"url\":\"https:\/\/apirosport.com\/sv\/\",\"logo\":{\"@type\":\"ImageObject\",\"inLanguage\":\"sv-SE\",\"@id\":\"https:\/\/apirosport.com\/sv\/#\/schema\/logo\/image\/\",\"url\":\"https:\/\/apirosport.com\/wp-content\/uploads\/2025\/12\/Apirosport-yellow-scaled.png\",\"contentUrl\":\"https:\/\/apirosport.com\/wp-content\/uploads\/2025\/12\/Apirosport-yellow-scaled.png\",\"width\":2560,\"height\":2278,\"caption\":\"Apirosport\"},\"image\":{\"@id\":\"https:\/\/apirosport.com\/sv\/#\/schema\/logo\/image\/\"}}]}<\/script>\n<!-- \/ Yoast SEO plugin. -->","yoast_head_json":{"title":"HIIT Rower | Apirosport","robots":{"index":"index","follow":"follow","max-snippet":"max-snippet:-1","max-image-preview":"max-image-preview:large","max-video-preview":"max-video-preview:-1"},"canonical":"https:\/\/apirosport.com\/sv\/produkt\/hiit-rower\/","og_locale":"sv_SE","og_type":"article","og_title":"HIIT Rower | Apirosport","og_description":"StairMaster \u00e4r k\u00e4nda f\u00f6r att leverera \u201dthe toughest workouts in the gym\u201d \u2013 och StairMaster HIIT Rower \u00e4r inget undantag. StairMaster HIIT-familjen \u00e4r tr\u00e4ningsutrustning f\u00f6r h\u00f6gintensiv intervalltr\u00e4ning och funktionell styrketr\u00e4ning. Produkterna utg\u00f6r basen f\u00f6r StairMasters HIIT-koncept som ocks\u00e5 ligger till grund f\u00f6r Core Health &amp; Fitness popul\u00e4ra StairMaster HIIT-utbildningar. Luftresistens med reglerbart motst\u00e5nd fr\u00e5n 1-10 [&hellip;]","og_url":"https:\/\/apirosport.com\/sv\/produkt\/hiit-rower\/","og_site_name":"Apirosport","article_modified_time":"2026-03-18T13:53:50+00:00","og_image":[{"width":1000,"height":1000,"url":"https:\/\/apirosport.com\/wp-content\/uploads\/2025\/12\/9-4690_01-2.png","type":"image\/png"}],"twitter_card":"summary_large_image","twitter_title":"Apirosport","twitter_misc":{"Ber\u00e4knad l\u00e4stid":"1 minut"},"schema":{"@context":"https:\/\/schema.org","@graph":[{"@type":"WebPage","@id":"https:\/\/apirosport.com\/sv\/produkt\/hiit-rower\/","url":"https:\/\/apirosport.com\/sv\/produkt\/hiit-rower\/","name":"HIIT Rower | Apirosport","isPartOf":{"@id":"https:\/\/apirosport.com\/sv\/#website"},"primaryImageOfPage":{"@id":"https:\/\/apirosport.com\/sv\/produkt\/hiit-rower\/#primaryimage"},"image":{"@id":"https:\/\/apirosport.com\/sv\/produkt\/hiit-rower\/#primaryimage"},"thumbnailUrl":"https:\/\/apirosport.com\/wp-content\/uploads\/2025\/12\/9-4690_01-2.png","datePublished":"2019-08-21T14:08:54+00:00","dateModified":"2026-03-18T13:53:50+00:00","breadcrumb":{"@id":"https:\/\/apirosport.com\/sv\/produkt\/hiit-rower\/#breadcrumb"},"inLanguage":"sv-SE","potentialAction":[{"@type":"ReadAction","target":["https:\/\/apirosport.com\/sv\/produkt\/hiit-rower\/"]}]},{"@type":"ImageObject","inLanguage":"sv-SE","@id":"https:\/\/apirosport.com\/sv\/produkt\/hiit-rower\/#primaryimage","url":"https:\/\/apirosport.com\/wp-content\/uploads\/2025\/12\/9-4690_01-2.png","contentUrl":"https:\/\/apirosport.com\/wp-content\/uploads\/2025\/12\/9-4690_01-2.png","width":1000,"height":1000,"caption":"HIIT Rower"},{"@type":"BreadcrumbList","@id":"https:\/\/apirosport.com\/sv\/produkt\/hiit-rower\/#breadcrumb","itemListElement":[{"@type":"ListItem","position":1,"name":"Home","item":"https:\/\/apirosport.com\/sv\/"},{"@type":"ListItem","position":2,"name":"Produkter","item":"https:\/\/apirosport.com\/sv\/produkter\/"},{"@type":"ListItem","position":3,"name":"HIIT Rower"}]},{"@type":"WebSite","@id":"https:\/\/apirosport.com\/sv\/#website","url":"https:\/\/apirosport.com\/sv\/","name":"Apirosport","description":"","publisher":{"@id":"https:\/\/apirosport.com\/sv\/#organization"},"alternateName":"Apirosport","potentialAction":[{"@type":"SearchAction","target":{"@type":"EntryPoint","urlTemplate":"https:\/\/apirosport.com\/sv\/?s={search_term_string}"},"query-input":{"@type":"PropertyValueSpecification","valueRequired":true,"valueName":"search_term_string"}}],"inLanguage":"sv-SE"},{"@type":"Organization","@id":"https:\/\/apirosport.com\/sv\/#organization","name":"Apirosport","alternateName":"Apirosport","url":"https:\/\/apirosport.com\/sv\/","logo":{"@type":"ImageObject","inLanguage":"sv-SE","@id":"https:\/\/apirosport.com\/sv\/#\/schema\/logo\/image\/","url":"https:\/\/apirosport.com\/wp-content\/uploads\/2025\/12\/Apirosport-yellow-scaled.png","contentUrl":"https:\/\/apirosport.com\/wp-content\/uploads\/2025\/12\/Apirosport-yellow-scaled.png","width":2560,"height":2278,"caption":"Apirosport"},"image":{"@id":"https:\/\/apirosport.com\/sv\/#\/schema\/logo\/image\/"}}]}},"_links":{"self":[{"href":"https:\/\/apirosport.com\/sv\/wp-json\/wp\/v2\/product\/11409","targetHints":{"allow":["GET"]}}],"collection":[{"href":"https:\/\/apirosport.com\/sv\/wp-json\/wp\/v2\/product"}],"about":[{"href":"https:\/\/apirosport.com\/sv\/wp-json\/wp\/v2\/types\/product"}],"wp:featuredmedia":[{"embeddable":true,"href":"https:\/\/apirosport.com\/sv\/wp-json\/wp\/v2\/media\/11410"}],"wp:attachment":[{"href":"https:\/\/apirosport.com\/sv\/wp-json\/wp\/v2\/media?parent=11409"}],"wp:term":[{"taxonomy":"variation","embeddable":true,"href":"https:\/\/apirosport.com\/sv\/wp-json\/wp\/v2\/variation?post=11409"},{"taxonomy":"product_brand","embeddable":true,"href":"https:\/\/apirosport.com\/sv\/wp-json\/wp\/v2\/product_brand?post=11409"},{"taxonomy":"product_cat","embeddable":true,"href":"https:\/\/apirosport.com\/sv\/wp-json\/wp\/v2\/product_cat?post=11409"},{"taxonomy":"product_tag","embeddable":true,"href":"https:\/\/apirosport.com\/sv\/wp-json\/wp\/v2\/product_tag?post=11409"}],"curies":[{"name":"wp","href":"https:\/\/api.w.org\/{rel}","templated":true}]}}