{"id":11853,"date":"2020-01-09T09:34:35","date_gmt":"2020-01-09T09:34:35","guid":{"rendered":"https:\/\/apirosport.com\/?post_type=product&#038;p=11853"},"modified":"2026-03-19T16:16:07","modified_gmt":"2026-03-19T16:16:07","slug":"4tr-treadmill","status":"publish","type":"product","link":"https:\/\/apirosport.com\/sv\/produkt\/4tr-treadmill\/","title":{"rendered":"4TR &#8211; Treadmill"},"content":{"rendered":"<p>4TR Treadmill \u00e4r en av fyra kvalitativa konditionsmaskiner i Star Trac 4 Series som \u00e4r framtagna f\u00f6r f\u00f6retagsgym, hotell\/SPA och hemmabruk. Precis som sina syskon i 8 Series och 10 Series, h\u00e5ller 4TR samma h\u00f6ga kvalitet och s\u00e4kerhet men \u00e4r n\u00e5got n\u00e4ttare i design och konstruktion, har f\u00e4rre funktioner och en enklare LCD-display. Med andra ord \u00e4r 4TR helt perfekt f\u00f6r dig som efterfr\u00e5gar Star Tracs kvalitet och s\u00e4kerhet men som \u00e4r beredd p\u00e5 att tumma p\u00e5 en del funktioner och den allra senaste tekniken.<\/p>\n<ul>\n<li>15 % max incline<\/li>\n<li>20km\/h maxhastighet<\/li>\n<li>Warm Bar med pulsm\u00e4tare och s\u00e4kerhetskontroll<\/li>\n<li>USB-port f\u00f6r laddningssyfte<\/li>\n<li>H\u00e5llare f\u00f6r vattenflaska, mobil och andra tillbeh\u00f6r<\/li>\n<li>Inbyggd fl\u00e4kt f\u00f6r behagligare tr\u00e4ning<\/li>\n<\/ul>\n","protected":false},"excerpt":{"rendered":"<p>Star Trac har \u00f6vertr\u00e4ffat sig sj\u00e4lva i lanseringen av sitt nya l\u00f6pband 10TRx FreeRunner och g\u00e5tt fr\u00e5n fantastisk till oslagbar. 10TRx FreeRunner har m\u00e5nga nyheter och unika funktioner men vad som g\u00f6r l\u00f6pbandet s\u00e5 speciellt \u00e4r det nya, sm\u00e5tt revolutionerande d\u00e4mpningssystemet HexDeck. Resultatet: en mjuk och mycket responsiv l\u00f6pk\u00e4nsla som i det n\u00e4rmsta k\u00e4nns som att springa p\u00e5 en riktig l\u00f6parbana.<\/p>\n","protected":false},"featured_media":11854,"template":"","meta":{"_acf_changed":false,"inline_featured_image":false},"variation":[],"product_brand":[],"product_cat":[87,101,316,326],"product_tag":[299],"class_list":{"0":"post-11853","1":"product","2":"type-product","3":"status-publish","4":"has-post-thumbnail","6":"product_cat-kondition","7":"product_cat-lopband","8":"product_cat-star-trac","9":"product_cat-4-series","10":"product_tag-star-trac","12":"first","13":"instock","14":"shipping-taxable","15":"purchasable","16":"product-type-simple"},"acf":[],"yoast_head":"<!-- This site is optimized with the Yoast SEO plugin v26.8 - https:\/\/yoast.com\/product\/yoast-seo-wordpress\/ -->\n<title>4TR - Treadmill | Apirosport<\/title>\n<meta name=\"robots\" content=\"index, follow, max-snippet:-1, max-image-preview:large, max-video-preview:-1\" \/>\n<link rel=\"canonical\" href=\"https:\/\/apirosport.com\/sv\/produkt\/4tr-treadmill\/\" \/>\n<meta property=\"og:locale\" content=\"sv_SE\" \/>\n<meta property=\"og:type\" content=\"article\" \/>\n<meta property=\"og:title\" content=\"4TR - Treadmill | Apirosport\" \/>\n<meta property=\"og:description\" content=\"Star Trac har \u00f6vertr\u00e4ffat sig sj\u00e4lva i lanseringen av sitt nya l\u00f6pband 10TRx FreeRunner och g\u00e5tt fr\u00e5n fantastisk till oslagbar. 10TRx FreeRunner har m\u00e5nga nyheter och unika funktioner men vad som g\u00f6r l\u00f6pbandet s\u00e5 speciellt \u00e4r det nya, sm\u00e5tt revolutionerande d\u00e4mpningssystemet HexDeck. Resultatet: en mjuk och mycket responsiv l\u00f6pk\u00e4nsla som i det n\u00e4rmsta k\u00e4nns som att springa p\u00e5 en riktig l\u00f6parbana.\" \/>\n<meta property=\"og:url\" content=\"https:\/\/apirosport.com\/sv\/produkt\/4tr-treadmill\/\" \/>\n<meta property=\"og:site_name\" content=\"Apirosport\" \/>\n<meta property=\"article:modified_time\" content=\"2026-03-19T16:16:07+00:00\" \/>\n<meta property=\"og:image\" content=\"https:\/\/apirosport.com\/wp-content\/uploads\/2025\/12\/4TR_01-2.png\" \/>\n\t<meta property=\"og:image:width\" content=\"1000\" \/>\n\t<meta property=\"og:image:height\" content=\"1000\" \/>\n\t<meta property=\"og:image:type\" content=\"image\/png\" \/>\n<meta name=\"twitter:card\" content=\"summary_large_image\" \/>\n<meta name=\"twitter:title\" content=\"Apirosport\" \/>\n<meta name=\"twitter:label1\" content=\"Ber\u00e4knad l\u00e4stid\" \/>\n\t<meta name=\"twitter:data1\" content=\"1 minut\" \/>\n<script type=\"application\/ld+json\" class=\"yoast-schema-graph\">{\"@context\":\"https:\/\/schema.org\",\"@graph\":[{\"@type\":\"WebPage\",\"@id\":\"https:\/\/apirosport.com\/sv\/produkt\/4tr-treadmill\/\",\"url\":\"https:\/\/apirosport.com\/sv\/produkt\/4tr-treadmill\/\",\"name\":\"4TR - Treadmill | Apirosport\",\"isPartOf\":{\"@id\":\"https:\/\/apirosport.com\/sv\/#website\"},\"primaryImageOfPage\":{\"@id\":\"https:\/\/apirosport.com\/sv\/produkt\/4tr-treadmill\/#primaryimage\"},\"image\":{\"@id\":\"https:\/\/apirosport.com\/sv\/produkt\/4tr-treadmill\/#primaryimage\"},\"thumbnailUrl\":\"https:\/\/apirosport.com\/wp-content\/uploads\/2025\/12\/4TR_01-2.png\",\"datePublished\":\"2020-01-09T09:34:35+00:00\",\"dateModified\":\"2026-03-19T16:16:07+00:00\",\"breadcrumb\":{\"@id\":\"https:\/\/apirosport.com\/sv\/produkt\/4tr-treadmill\/#breadcrumb\"},\"inLanguage\":\"sv-SE\",\"potentialAction\":[{\"@type\":\"ReadAction\",\"target\":[\"https:\/\/apirosport.com\/sv\/produkt\/4tr-treadmill\/\"]}]},{\"@type\":\"ImageObject\",\"inLanguage\":\"sv-SE\",\"@id\":\"https:\/\/apirosport.com\/sv\/produkt\/4tr-treadmill\/#primaryimage\",\"url\":\"https:\/\/apirosport.com\/wp-content\/uploads\/2025\/12\/4TR_01-2.png\",\"contentUrl\":\"https:\/\/apirosport.com\/wp-content\/uploads\/2025\/12\/4TR_01-2.png\",\"width\":1000,\"height\":1000,\"caption\":\"4TR Treadmill\"},{\"@type\":\"BreadcrumbList\",\"@id\":\"https:\/\/apirosport.com\/sv\/produkt\/4tr-treadmill\/#breadcrumb\",\"itemListElement\":[{\"@type\":\"ListItem\",\"position\":1,\"name\":\"Home\",\"item\":\"https:\/\/apirosport.com\/sv\/\"},{\"@type\":\"ListItem\",\"position\":2,\"name\":\"Produkter\",\"item\":\"https:\/\/apirosport.com\/sv\/produkter\/\"},{\"@type\":\"ListItem\",\"position\":3,\"name\":\"4TR &#8211; Treadmill\"}]},{\"@type\":\"WebSite\",\"@id\":\"https:\/\/apirosport.com\/sv\/#website\",\"url\":\"https:\/\/apirosport.com\/sv\/\",\"name\":\"Apirosport\",\"description\":\"\",\"publisher\":{\"@id\":\"https:\/\/apirosport.com\/sv\/#organization\"},\"alternateName\":\"Apirosport\",\"potentialAction\":[{\"@type\":\"SearchAction\",\"target\":{\"@type\":\"EntryPoint\",\"urlTemplate\":\"https:\/\/apirosport.com\/sv\/?s={search_term_string}\"},\"query-input\":{\"@type\":\"PropertyValueSpecification\",\"valueRequired\":true,\"valueName\":\"search_term_string\"}}],\"inLanguage\":\"sv-SE\"},{\"@type\":\"Organization\",\"@id\":\"https:\/\/apirosport.com\/sv\/#organization\",\"name\":\"Apirosport\",\"alternateName\":\"Apirosport\",\"url\":\"https:\/\/apirosport.com\/sv\/\",\"logo\":{\"@type\":\"ImageObject\",\"inLanguage\":\"sv-SE\",\"@id\":\"https:\/\/apirosport.com\/sv\/#\/schema\/logo\/image\/\",\"url\":\"https:\/\/apirosport.com\/wp-content\/uploads\/2025\/12\/Apirosport-yellow-scaled.png\",\"contentUrl\":\"https:\/\/apirosport.com\/wp-content\/uploads\/2025\/12\/Apirosport-yellow-scaled.png\",\"width\":2560,\"height\":2278,\"caption\":\"Apirosport\"},\"image\":{\"@id\":\"https:\/\/apirosport.com\/sv\/#\/schema\/logo\/image\/\"}}]}<\/script>\n<!-- \/ Yoast SEO plugin. -->","yoast_head_json":{"title":"4TR - Treadmill | Apirosport","robots":{"index":"index","follow":"follow","max-snippet":"max-snippet:-1","max-image-preview":"max-image-preview:large","max-video-preview":"max-video-preview:-1"},"canonical":"https:\/\/apirosport.com\/sv\/produkt\/4tr-treadmill\/","og_locale":"sv_SE","og_type":"article","og_title":"4TR - Treadmill | Apirosport","og_description":"Star Trac har \u00f6vertr\u00e4ffat sig sj\u00e4lva i lanseringen av sitt nya l\u00f6pband 10TRx FreeRunner och g\u00e5tt fr\u00e5n fantastisk till oslagbar. 10TRx FreeRunner har m\u00e5nga nyheter och unika funktioner men vad som g\u00f6r l\u00f6pbandet s\u00e5 speciellt \u00e4r det nya, sm\u00e5tt revolutionerande d\u00e4mpningssystemet HexDeck. Resultatet: en mjuk och mycket responsiv l\u00f6pk\u00e4nsla som i det n\u00e4rmsta k\u00e4nns som att springa p\u00e5 en riktig l\u00f6parbana.","og_url":"https:\/\/apirosport.com\/sv\/produkt\/4tr-treadmill\/","og_site_name":"Apirosport","article_modified_time":"2026-03-19T16:16:07+00:00","og_image":[{"width":1000,"height":1000,"url":"https:\/\/apirosport.com\/wp-content\/uploads\/2025\/12\/4TR_01-2.png","type":"image\/png"}],"twitter_card":"summary_large_image","twitter_title":"Apirosport","twitter_misc":{"Ber\u00e4knad l\u00e4stid":"1 minut"},"schema":{"@context":"https:\/\/schema.org","@graph":[{"@type":"WebPage","@id":"https:\/\/apirosport.com\/sv\/produkt\/4tr-treadmill\/","url":"https:\/\/apirosport.com\/sv\/produkt\/4tr-treadmill\/","name":"4TR - Treadmill | Apirosport","isPartOf":{"@id":"https:\/\/apirosport.com\/sv\/#website"},"primaryImageOfPage":{"@id":"https:\/\/apirosport.com\/sv\/produkt\/4tr-treadmill\/#primaryimage"},"image":{"@id":"https:\/\/apirosport.com\/sv\/produkt\/4tr-treadmill\/#primaryimage"},"thumbnailUrl":"https:\/\/apirosport.com\/wp-content\/uploads\/2025\/12\/4TR_01-2.png","datePublished":"2020-01-09T09:34:35+00:00","dateModified":"2026-03-19T16:16:07+00:00","breadcrumb":{"@id":"https:\/\/apirosport.com\/sv\/produkt\/4tr-treadmill\/#breadcrumb"},"inLanguage":"sv-SE","potentialAction":[{"@type":"ReadAction","target":["https:\/\/apirosport.com\/sv\/produkt\/4tr-treadmill\/"]}]},{"@type":"ImageObject","inLanguage":"sv-SE","@id":"https:\/\/apirosport.com\/sv\/produkt\/4tr-treadmill\/#primaryimage","url":"https:\/\/apirosport.com\/wp-content\/uploads\/2025\/12\/4TR_01-2.png","contentUrl":"https:\/\/apirosport.com\/wp-content\/uploads\/2025\/12\/4TR_01-2.png","width":1000,"height":1000,"caption":"4TR Treadmill"},{"@type":"BreadcrumbList","@id":"https:\/\/apirosport.com\/sv\/produkt\/4tr-treadmill\/#breadcrumb","itemListElement":[{"@type":"ListItem","position":1,"name":"Home","item":"https:\/\/apirosport.com\/sv\/"},{"@type":"ListItem","position":2,"name":"Produkter","item":"https:\/\/apirosport.com\/sv\/produkter\/"},{"@type":"ListItem","position":3,"name":"4TR &#8211; Treadmill"}]},{"@type":"WebSite","@id":"https:\/\/apirosport.com\/sv\/#website","url":"https:\/\/apirosport.com\/sv\/","name":"Apirosport","description":"","publisher":{"@id":"https:\/\/apirosport.com\/sv\/#organization"},"alternateName":"Apirosport","potentialAction":[{"@type":"SearchAction","target":{"@type":"EntryPoint","urlTemplate":"https:\/\/apirosport.com\/sv\/?s={search_term_string}"},"query-input":{"@type":"PropertyValueSpecification","valueRequired":true,"valueName":"search_term_string"}}],"inLanguage":"sv-SE"},{"@type":"Organization","@id":"https:\/\/apirosport.com\/sv\/#organization","name":"Apirosport","alternateName":"Apirosport","url":"https:\/\/apirosport.com\/sv\/","logo":{"@type":"ImageObject","inLanguage":"sv-SE","@id":"https:\/\/apirosport.com\/sv\/#\/schema\/logo\/image\/","url":"https:\/\/apirosport.com\/wp-content\/uploads\/2025\/12\/Apirosport-yellow-scaled.png","contentUrl":"https:\/\/apirosport.com\/wp-content\/uploads\/2025\/12\/Apirosport-yellow-scaled.png","width":2560,"height":2278,"caption":"Apirosport"},"image":{"@id":"https:\/\/apirosport.com\/sv\/#\/schema\/logo\/image\/"}}]}},"_links":{"self":[{"href":"https:\/\/apirosport.com\/sv\/wp-json\/wp\/v2\/product\/11853","targetHints":{"allow":["GET"]}}],"collection":[{"href":"https:\/\/apirosport.com\/sv\/wp-json\/wp\/v2\/product"}],"about":[{"href":"https:\/\/apirosport.com\/sv\/wp-json\/wp\/v2\/types\/product"}],"wp:featuredmedia":[{"embeddable":true,"href":"https:\/\/apirosport.com\/sv\/wp-json\/wp\/v2\/media\/11854"}],"wp:attachment":[{"href":"https:\/\/apirosport.com\/sv\/wp-json\/wp\/v2\/media?parent=11853"}],"wp:term":[{"taxonomy":"variation","embeddable":true,"href":"https:\/\/apirosport.com\/sv\/wp-json\/wp\/v2\/variation?post=11853"},{"taxonomy":"product_brand","embeddable":true,"href":"https:\/\/apirosport.com\/sv\/wp-json\/wp\/v2\/product_brand?post=11853"},{"taxonomy":"product_cat","embeddable":true,"href":"https:\/\/apirosport.com\/sv\/wp-json\/wp\/v2\/product_cat?post=11853"},{"taxonomy":"product_tag","embeddable":true,"href":"https:\/\/apirosport.com\/sv\/wp-json\/wp\/v2\/product_tag?post=11853"}],"curies":[{"name":"wp","href":"https:\/\/api.w.org\/{rel}","templated":true}]}}