{"id":11858,"date":"2020-01-09T13:33:12","date_gmt":"2020-01-09T13:33:12","guid":{"rendered":"https:\/\/apirosport.com\/?post_type=product&#038;p=11858"},"modified":"2026-03-19T16:02:34","modified_gmt":"2026-03-19T16:02:34","slug":"4ct-cross-trainer","status":"publish","type":"product","link":"https:\/\/apirosport.com\/sv\/produkt\/4ct-cross-trainer\/","title":{"rendered":"4CT &#8211; Cross Trainer"},"content":{"rendered":"<p><span id=\"result_box\" class=\"\" lang=\"sv\"><span class=\"\">4 Series Cross Trainer \u00e4r en av fyra kvalitativa konditionsmaskiner i Star Trac 4 Series som \u00e4r framtagna f\u00f6r f\u00f6retagsgym, hotell\/SPA och hemmabruk. 4 Series \u00e4r framtagen med kvalitet och s\u00e4kerhet i \u00e5tanke, men har en n\u00e4ttare design och f\u00e4rre funktioner. Produkterna g\u00f6r sig d\u00e4rf\u00f6r utm\u00e4rkt till dig som efterfr\u00e5gar Star Tracs kvalitet och s\u00e4kerhet men som inte l\u00e4gger f\u00f6r mycket vikt vid funktioner och den allra senaste tekniken.<\/span><\/span><span id=\"result_box\" class=\"\" lang=\"sv\"><\/span><\/p>\n<ul>\n<li>Soft Trac pedaler f\u00f6r st\u00f6tfri och mjuk tr\u00e4ning genom hela passet<\/li>\n<li>L\u00e5g plattform och p\u00e5stigning bakifr\u00e5n g\u00f6r det enkelt att stiga upp och ner fr\u00e5n maskinen<\/li>\n<li>V\u00e4l tilltagna och gummerade pedaler med en stegl\u00e4ngd p\u00e5 51cm<\/li>\n<li>H\u00e5llare f\u00f6r vattenflaska, telefon\/l\u00e4splatta och andra tillbeh\u00f6r<\/li>\n<li>Fl\u00e4kt p\u00e5 displayens ovankant g\u00f6r tr\u00e4ningen behaglig<\/li>\n<\/ul>\n","protected":false},"excerpt":{"rendered":"<p>4 Series Cross Trainer \u00e4r en av fyra kvalitativa konditionsmaskiner i Star Trac 4 Series som \u00e4r framtagna f\u00f6r f\u00f6retagsgym, hotell\/SPA och hemmabruk. 4 Series \u00e4r framtagen med kvalitet och s\u00e4kerhet i \u00e5tanke, men har en n\u00e4ttare design och f\u00e4rre funktioner. Produkterna g\u00f6r sig d\u00e4rf\u00f6r utm\u00e4rkt till dig som efterfr\u00e5gar Star Tracs kvalitet och s\u00e4kerhet [&hellip;]<\/p>\n","protected":false},"featured_media":11859,"template":"","meta":{"_acf_changed":false,"inline_featured_image":false},"variation":[],"product_brand":[],"product_cat":[87,280,316,326],"product_tag":[299],"class_list":{"0":"post-11858","1":"product","2":"type-product","3":"status-publish","4":"has-post-thumbnail","6":"product_cat-kondition","7":"product_cat-crosstrainer","8":"product_cat-star-trac","9":"product_cat-4-series","10":"product_tag-star-trac","12":"first","13":"instock","14":"purchasable","15":"product-type-simple"},"acf":[],"yoast_head":"<!-- This site is optimized with the Yoast SEO plugin v26.8 - https:\/\/yoast.com\/product\/yoast-seo-wordpress\/ -->\n<title>4CT - Cross Trainer | Apirosport<\/title>\n<meta name=\"robots\" content=\"index, follow, max-snippet:-1, max-image-preview:large, max-video-preview:-1\" \/>\n<link rel=\"canonical\" href=\"https:\/\/apirosport.com\/sv\/produkt\/4ct-cross-trainer\/\" \/>\n<meta property=\"og:locale\" content=\"sv_SE\" \/>\n<meta property=\"og:type\" content=\"article\" \/>\n<meta property=\"og:title\" content=\"4CT - Cross Trainer | Apirosport\" \/>\n<meta property=\"og:description\" content=\"4 Series Cross Trainer \u00e4r en av fyra kvalitativa konditionsmaskiner i Star Trac 4 Series som \u00e4r framtagna f\u00f6r f\u00f6retagsgym, hotell\/SPA och hemmabruk. 4 Series \u00e4r framtagen med kvalitet och s\u00e4kerhet i \u00e5tanke, men har en n\u00e4ttare design och f\u00e4rre funktioner. Produkterna g\u00f6r sig d\u00e4rf\u00f6r utm\u00e4rkt till dig som efterfr\u00e5gar Star Tracs kvalitet och s\u00e4kerhet [&hellip;]\" \/>\n<meta property=\"og:url\" content=\"https:\/\/apirosport.com\/sv\/produkt\/4ct-cross-trainer\/\" \/>\n<meta property=\"og:site_name\" content=\"Apirosport\" \/>\n<meta property=\"article:modified_time\" content=\"2026-03-19T16:02:34+00:00\" \/>\n<meta property=\"og:image\" content=\"https:\/\/apirosport.com\/wp-content\/uploads\/2025\/12\/4CT_01-2.png\" \/>\n\t<meta property=\"og:image:width\" content=\"1000\" \/>\n\t<meta property=\"og:image:height\" content=\"1000\" \/>\n\t<meta property=\"og:image:type\" content=\"image\/png\" \/>\n<meta name=\"twitter:card\" content=\"summary_large_image\" \/>\n<meta name=\"twitter:title\" content=\"Apirosport\" \/>\n<meta name=\"twitter:label1\" content=\"Ber\u00e4knad l\u00e4stid\" \/>\n\t<meta name=\"twitter:data1\" content=\"1 minut\" \/>\n<script type=\"application\/ld+json\" class=\"yoast-schema-graph\">{\"@context\":\"https:\/\/schema.org\",\"@graph\":[{\"@type\":\"WebPage\",\"@id\":\"https:\/\/apirosport.com\/sv\/produkt\/4ct-cross-trainer\/\",\"url\":\"https:\/\/apirosport.com\/sv\/produkt\/4ct-cross-trainer\/\",\"name\":\"4CT - Cross Trainer | Apirosport\",\"isPartOf\":{\"@id\":\"https:\/\/apirosport.com\/sv\/#website\"},\"primaryImageOfPage\":{\"@id\":\"https:\/\/apirosport.com\/sv\/produkt\/4ct-cross-trainer\/#primaryimage\"},\"image\":{\"@id\":\"https:\/\/apirosport.com\/sv\/produkt\/4ct-cross-trainer\/#primaryimage\"},\"thumbnailUrl\":\"https:\/\/apirosport.com\/wp-content\/uploads\/2025\/12\/4CT_01-2.png\",\"datePublished\":\"2020-01-09T13:33:12+00:00\",\"dateModified\":\"2026-03-19T16:02:34+00:00\",\"breadcrumb\":{\"@id\":\"https:\/\/apirosport.com\/sv\/produkt\/4ct-cross-trainer\/#breadcrumb\"},\"inLanguage\":\"sv-SE\",\"potentialAction\":[{\"@type\":\"ReadAction\",\"target\":[\"https:\/\/apirosport.com\/sv\/produkt\/4ct-cross-trainer\/\"]}]},{\"@type\":\"ImageObject\",\"inLanguage\":\"sv-SE\",\"@id\":\"https:\/\/apirosport.com\/sv\/produkt\/4ct-cross-trainer\/#primaryimage\",\"url\":\"https:\/\/apirosport.com\/wp-content\/uploads\/2025\/12\/4CT_01-2.png\",\"contentUrl\":\"https:\/\/apirosport.com\/wp-content\/uploads\/2025\/12\/4CT_01-2.png\",\"width\":1000,\"height\":1000,\"caption\":\"4 series cross trainer\"},{\"@type\":\"BreadcrumbList\",\"@id\":\"https:\/\/apirosport.com\/sv\/produkt\/4ct-cross-trainer\/#breadcrumb\",\"itemListElement\":[{\"@type\":\"ListItem\",\"position\":1,\"name\":\"Home\",\"item\":\"https:\/\/apirosport.com\/sv\/\"},{\"@type\":\"ListItem\",\"position\":2,\"name\":\"Produkter\",\"item\":\"https:\/\/apirosport.com\/sv\/produkter\/\"},{\"@type\":\"ListItem\",\"position\":3,\"name\":\"4CT &#8211; Cross Trainer\"}]},{\"@type\":\"WebSite\",\"@id\":\"https:\/\/apirosport.com\/sv\/#website\",\"url\":\"https:\/\/apirosport.com\/sv\/\",\"name\":\"Apirosport\",\"description\":\"\",\"publisher\":{\"@id\":\"https:\/\/apirosport.com\/sv\/#organization\"},\"alternateName\":\"Apirosport\",\"potentialAction\":[{\"@type\":\"SearchAction\",\"target\":{\"@type\":\"EntryPoint\",\"urlTemplate\":\"https:\/\/apirosport.com\/sv\/?s={search_term_string}\"},\"query-input\":{\"@type\":\"PropertyValueSpecification\",\"valueRequired\":true,\"valueName\":\"search_term_string\"}}],\"inLanguage\":\"sv-SE\"},{\"@type\":\"Organization\",\"@id\":\"https:\/\/apirosport.com\/sv\/#organization\",\"name\":\"Apirosport\",\"alternateName\":\"Apirosport\",\"url\":\"https:\/\/apirosport.com\/sv\/\",\"logo\":{\"@type\":\"ImageObject\",\"inLanguage\":\"sv-SE\",\"@id\":\"https:\/\/apirosport.com\/sv\/#\/schema\/logo\/image\/\",\"url\":\"https:\/\/apirosport.com\/wp-content\/uploads\/2025\/12\/Apirosport-yellow-scaled.png\",\"contentUrl\":\"https:\/\/apirosport.com\/wp-content\/uploads\/2025\/12\/Apirosport-yellow-scaled.png\",\"width\":2560,\"height\":2278,\"caption\":\"Apirosport\"},\"image\":{\"@id\":\"https:\/\/apirosport.com\/sv\/#\/schema\/logo\/image\/\"}}]}<\/script>\n<!-- \/ Yoast SEO plugin. -->","yoast_head_json":{"title":"4CT - Cross Trainer | Apirosport","robots":{"index":"index","follow":"follow","max-snippet":"max-snippet:-1","max-image-preview":"max-image-preview:large","max-video-preview":"max-video-preview:-1"},"canonical":"https:\/\/apirosport.com\/sv\/produkt\/4ct-cross-trainer\/","og_locale":"sv_SE","og_type":"article","og_title":"4CT - Cross Trainer | Apirosport","og_description":"4 Series Cross Trainer \u00e4r en av fyra kvalitativa konditionsmaskiner i Star Trac 4 Series som \u00e4r framtagna f\u00f6r f\u00f6retagsgym, hotell\/SPA och hemmabruk. 4 Series \u00e4r framtagen med kvalitet och s\u00e4kerhet i \u00e5tanke, men har en n\u00e4ttare design och f\u00e4rre funktioner. Produkterna g\u00f6r sig d\u00e4rf\u00f6r utm\u00e4rkt till dig som efterfr\u00e5gar Star Tracs kvalitet och s\u00e4kerhet [&hellip;]","og_url":"https:\/\/apirosport.com\/sv\/produkt\/4ct-cross-trainer\/","og_site_name":"Apirosport","article_modified_time":"2026-03-19T16:02:34+00:00","og_image":[{"width":1000,"height":1000,"url":"https:\/\/apirosport.com\/wp-content\/uploads\/2025\/12\/4CT_01-2.png","type":"image\/png"}],"twitter_card":"summary_large_image","twitter_title":"Apirosport","twitter_misc":{"Ber\u00e4knad l\u00e4stid":"1 minut"},"schema":{"@context":"https:\/\/schema.org","@graph":[{"@type":"WebPage","@id":"https:\/\/apirosport.com\/sv\/produkt\/4ct-cross-trainer\/","url":"https:\/\/apirosport.com\/sv\/produkt\/4ct-cross-trainer\/","name":"4CT - Cross Trainer | Apirosport","isPartOf":{"@id":"https:\/\/apirosport.com\/sv\/#website"},"primaryImageOfPage":{"@id":"https:\/\/apirosport.com\/sv\/produkt\/4ct-cross-trainer\/#primaryimage"},"image":{"@id":"https:\/\/apirosport.com\/sv\/produkt\/4ct-cross-trainer\/#primaryimage"},"thumbnailUrl":"https:\/\/apirosport.com\/wp-content\/uploads\/2025\/12\/4CT_01-2.png","datePublished":"2020-01-09T13:33:12+00:00","dateModified":"2026-03-19T16:02:34+00:00","breadcrumb":{"@id":"https:\/\/apirosport.com\/sv\/produkt\/4ct-cross-trainer\/#breadcrumb"},"inLanguage":"sv-SE","potentialAction":[{"@type":"ReadAction","target":["https:\/\/apirosport.com\/sv\/produkt\/4ct-cross-trainer\/"]}]},{"@type":"ImageObject","inLanguage":"sv-SE","@id":"https:\/\/apirosport.com\/sv\/produkt\/4ct-cross-trainer\/#primaryimage","url":"https:\/\/apirosport.com\/wp-content\/uploads\/2025\/12\/4CT_01-2.png","contentUrl":"https:\/\/apirosport.com\/wp-content\/uploads\/2025\/12\/4CT_01-2.png","width":1000,"height":1000,"caption":"4 series cross trainer"},{"@type":"BreadcrumbList","@id":"https:\/\/apirosport.com\/sv\/produkt\/4ct-cross-trainer\/#breadcrumb","itemListElement":[{"@type":"ListItem","position":1,"name":"Home","item":"https:\/\/apirosport.com\/sv\/"},{"@type":"ListItem","position":2,"name":"Produkter","item":"https:\/\/apirosport.com\/sv\/produkter\/"},{"@type":"ListItem","position":3,"name":"4CT &#8211; Cross Trainer"}]},{"@type":"WebSite","@id":"https:\/\/apirosport.com\/sv\/#website","url":"https:\/\/apirosport.com\/sv\/","name":"Apirosport","description":"","publisher":{"@id":"https:\/\/apirosport.com\/sv\/#organization"},"alternateName":"Apirosport","potentialAction":[{"@type":"SearchAction","target":{"@type":"EntryPoint","urlTemplate":"https:\/\/apirosport.com\/sv\/?s={search_term_string}"},"query-input":{"@type":"PropertyValueSpecification","valueRequired":true,"valueName":"search_term_string"}}],"inLanguage":"sv-SE"},{"@type":"Organization","@id":"https:\/\/apirosport.com\/sv\/#organization","name":"Apirosport","alternateName":"Apirosport","url":"https:\/\/apirosport.com\/sv\/","logo":{"@type":"ImageObject","inLanguage":"sv-SE","@id":"https:\/\/apirosport.com\/sv\/#\/schema\/logo\/image\/","url":"https:\/\/apirosport.com\/wp-content\/uploads\/2025\/12\/Apirosport-yellow-scaled.png","contentUrl":"https:\/\/apirosport.com\/wp-content\/uploads\/2025\/12\/Apirosport-yellow-scaled.png","width":2560,"height":2278,"caption":"Apirosport"},"image":{"@id":"https:\/\/apirosport.com\/sv\/#\/schema\/logo\/image\/"}}]}},"_links":{"self":[{"href":"https:\/\/apirosport.com\/sv\/wp-json\/wp\/v2\/product\/11858","targetHints":{"allow":["GET"]}}],"collection":[{"href":"https:\/\/apirosport.com\/sv\/wp-json\/wp\/v2\/product"}],"about":[{"href":"https:\/\/apirosport.com\/sv\/wp-json\/wp\/v2\/types\/product"}],"wp:featuredmedia":[{"embeddable":true,"href":"https:\/\/apirosport.com\/sv\/wp-json\/wp\/v2\/media\/11859"}],"wp:attachment":[{"href":"https:\/\/apirosport.com\/sv\/wp-json\/wp\/v2\/media?parent=11858"}],"wp:term":[{"taxonomy":"variation","embeddable":true,"href":"https:\/\/apirosport.com\/sv\/wp-json\/wp\/v2\/variation?post=11858"},{"taxonomy":"product_brand","embeddable":true,"href":"https:\/\/apirosport.com\/sv\/wp-json\/wp\/v2\/product_brand?post=11858"},{"taxonomy":"product_cat","embeddable":true,"href":"https:\/\/apirosport.com\/sv\/wp-json\/wp\/v2\/product_cat?post=11858"},{"taxonomy":"product_tag","embeddable":true,"href":"https:\/\/apirosport.com\/sv\/wp-json\/wp\/v2\/product_tag?post=11858"}],"curies":[{"name":"wp","href":"https:\/\/api.w.org\/{rel}","templated":true}]}}