{"id":11867,"date":"2020-01-10T11:27:10","date_gmt":"2020-01-10T11:27:10","guid":{"rendered":"https:\/\/apirosport.com\/?post_type=product&#038;p=11867"},"modified":"2026-03-19T16:01:42","modified_gmt":"2026-03-19T16:01:42","slug":"4ub-upright-bike","status":"publish","type":"product","link":"https:\/\/apirosport.com\/sv\/produkt\/4ub-upright-bike\/","title":{"rendered":"4UB &#8211; Upright Bike"},"content":{"rendered":"<p><span id=\"result_box\" class=\"\" lang=\"sv\"><span class=\"\">4 Series Upright Bike \u00e4r en av fyra konditionsmaskiner i Star Trac 4 Series som \u00e4r framtagna f\u00f6r f\u00f6retagsgym, hotell\/SPA och hemmabruk. 4UB \u00e4r en<\/span><\/span> stabil och anv\u00e4ndarv\u00e4nlig motionscykel som fungerar lika bra till upp- och nedvarvning som f\u00f6r l\u00e5ngvarig konditionstr\u00e4ning. F\u00f6r dig som efterfr\u00e5gar kvalitet och s\u00e4kerhet men \u00e4r mindre intresserad av specialfunktioner och den senaste tekniken \u00e4r 4 Series alldeles perfekt.<\/p>\n<ul>\n<li>LCD-sk\u00e4rm med fl\u00e4kt och quick control-keys f\u00f6r snabb \u00e4ndring av motst\u00e5nd och lutning<\/li>\n<li>Pulskontroll p\u00e5 styret<\/li>\n<li>Justerbar sadel med sp\u00e4rrhake<\/li>\n<li>USB-port f\u00f6r laddningssyfte<\/li>\n<li>H\u00e5llare f\u00f6r vattenflaska, mobiltelefon och andra tillbeh\u00f6r<\/li>\n<\/ul>\n","protected":false},"excerpt":{"rendered":"<p>4 Series Upright Bike \u00e4r en av fyra konditionsmaskiner i Star Trac 4 Series som \u00e4r framtagna f\u00f6r f\u00f6retagsgym, hotell\/SPA och hemmabruk. 4UB \u00e4r en stabil och anv\u00e4ndarv\u00e4nlig motionscykel som fungerar lika bra till upp- och nedvarvning som f\u00f6r l\u00e5ngvarig konditionstr\u00e4ning. F\u00f6r dig som efterfr\u00e5gar kvalitet och s\u00e4kerhet men \u00e4r mindre intresserad av specialfunktioner och [&hellip;]<\/p>\n","protected":false},"featured_media":11868,"template":"","meta":{"_acf_changed":false,"inline_featured_image":false},"variation":[],"product_brand":[],"product_cat":[87,281,316,326],"product_tag":[299],"class_list":{"0":"post-11867","1":"product","2":"type-product","3":"status-publish","4":"has-post-thumbnail","6":"product_cat-kondition","7":"product_cat-motionscyklar","8":"product_cat-star-trac","9":"product_cat-4-series","10":"product_tag-star-trac","12":"first","13":"instock","14":"purchasable","15":"product-type-simple"},"acf":[],"yoast_head":"<!-- This site is optimized with the Yoast SEO plugin v26.8 - https:\/\/yoast.com\/product\/yoast-seo-wordpress\/ -->\n<title>4UB - Upright Bike | Apirosport<\/title>\n<meta name=\"robots\" content=\"index, follow, max-snippet:-1, max-image-preview:large, max-video-preview:-1\" \/>\n<link rel=\"canonical\" href=\"https:\/\/apirosport.com\/sv\/produkt\/4ub-upright-bike\/\" \/>\n<meta property=\"og:locale\" content=\"sv_SE\" \/>\n<meta property=\"og:type\" content=\"article\" \/>\n<meta property=\"og:title\" content=\"4UB - Upright Bike | Apirosport\" \/>\n<meta property=\"og:description\" content=\"4 Series Upright Bike \u00e4r en av fyra konditionsmaskiner i Star Trac 4 Series som \u00e4r framtagna f\u00f6r f\u00f6retagsgym, hotell\/SPA och hemmabruk. 4UB \u00e4r en stabil och anv\u00e4ndarv\u00e4nlig motionscykel som fungerar lika bra till upp- och nedvarvning som f\u00f6r l\u00e5ngvarig konditionstr\u00e4ning. F\u00f6r dig som efterfr\u00e5gar kvalitet och s\u00e4kerhet men \u00e4r mindre intresserad av specialfunktioner och [&hellip;]\" \/>\n<meta property=\"og:url\" content=\"https:\/\/apirosport.com\/sv\/produkt\/4ub-upright-bike\/\" \/>\n<meta property=\"og:site_name\" content=\"Apirosport\" \/>\n<meta property=\"article:modified_time\" content=\"2026-03-19T16:01:42+00:00\" \/>\n<meta property=\"og:image\" content=\"https:\/\/apirosport.com\/wp-content\/uploads\/2025\/12\/4UB_01-2.png\" \/>\n\t<meta property=\"og:image:width\" content=\"1000\" \/>\n\t<meta property=\"og:image:height\" content=\"1000\" \/>\n\t<meta property=\"og:image:type\" content=\"image\/png\" \/>\n<meta name=\"twitter:card\" content=\"summary_large_image\" \/>\n<meta name=\"twitter:title\" content=\"Apirosport\" \/>\n<meta name=\"twitter:label1\" content=\"Ber\u00e4knad l\u00e4stid\" \/>\n\t<meta name=\"twitter:data1\" content=\"1 minut\" \/>\n<script type=\"application\/ld+json\" class=\"yoast-schema-graph\">{\"@context\":\"https:\/\/schema.org\",\"@graph\":[{\"@type\":\"WebPage\",\"@id\":\"https:\/\/apirosport.com\/sv\/produkt\/4ub-upright-bike\/\",\"url\":\"https:\/\/apirosport.com\/sv\/produkt\/4ub-upright-bike\/\",\"name\":\"4UB - Upright Bike | Apirosport\",\"isPartOf\":{\"@id\":\"https:\/\/apirosport.com\/sv\/#website\"},\"primaryImageOfPage\":{\"@id\":\"https:\/\/apirosport.com\/sv\/produkt\/4ub-upright-bike\/#primaryimage\"},\"image\":{\"@id\":\"https:\/\/apirosport.com\/sv\/produkt\/4ub-upright-bike\/#primaryimage\"},\"thumbnailUrl\":\"https:\/\/apirosport.com\/wp-content\/uploads\/2025\/12\/4UB_01-2.png\",\"datePublished\":\"2020-01-10T11:27:10+00:00\",\"dateModified\":\"2026-03-19T16:01:42+00:00\",\"breadcrumb\":{\"@id\":\"https:\/\/apirosport.com\/sv\/produkt\/4ub-upright-bike\/#breadcrumb\"},\"inLanguage\":\"sv-SE\",\"potentialAction\":[{\"@type\":\"ReadAction\",\"target\":[\"https:\/\/apirosport.com\/sv\/produkt\/4ub-upright-bike\/\"]}]},{\"@type\":\"ImageObject\",\"inLanguage\":\"sv-SE\",\"@id\":\"https:\/\/apirosport.com\/sv\/produkt\/4ub-upright-bike\/#primaryimage\",\"url\":\"https:\/\/apirosport.com\/wp-content\/uploads\/2025\/12\/4UB_01-2.png\",\"contentUrl\":\"https:\/\/apirosport.com\/wp-content\/uploads\/2025\/12\/4UB_01-2.png\",\"width\":1000,\"height\":1000,\"caption\":\"4 series upright bike\"},{\"@type\":\"BreadcrumbList\",\"@id\":\"https:\/\/apirosport.com\/sv\/produkt\/4ub-upright-bike\/#breadcrumb\",\"itemListElement\":[{\"@type\":\"ListItem\",\"position\":1,\"name\":\"Home\",\"item\":\"https:\/\/apirosport.com\/sv\/\"},{\"@type\":\"ListItem\",\"position\":2,\"name\":\"Produkter\",\"item\":\"https:\/\/apirosport.com\/sv\/produkter\/\"},{\"@type\":\"ListItem\",\"position\":3,\"name\":\"4UB &#8211; Upright Bike\"}]},{\"@type\":\"WebSite\",\"@id\":\"https:\/\/apirosport.com\/sv\/#website\",\"url\":\"https:\/\/apirosport.com\/sv\/\",\"name\":\"Apirosport\",\"description\":\"\",\"publisher\":{\"@id\":\"https:\/\/apirosport.com\/sv\/#organization\"},\"alternateName\":\"Apirosport\",\"potentialAction\":[{\"@type\":\"SearchAction\",\"target\":{\"@type\":\"EntryPoint\",\"urlTemplate\":\"https:\/\/apirosport.com\/sv\/?s={search_term_string}\"},\"query-input\":{\"@type\":\"PropertyValueSpecification\",\"valueRequired\":true,\"valueName\":\"search_term_string\"}}],\"inLanguage\":\"sv-SE\"},{\"@type\":\"Organization\",\"@id\":\"https:\/\/apirosport.com\/sv\/#organization\",\"name\":\"Apirosport\",\"alternateName\":\"Apirosport\",\"url\":\"https:\/\/apirosport.com\/sv\/\",\"logo\":{\"@type\":\"ImageObject\",\"inLanguage\":\"sv-SE\",\"@id\":\"https:\/\/apirosport.com\/sv\/#\/schema\/logo\/image\/\",\"url\":\"https:\/\/apirosport.com\/wp-content\/uploads\/2025\/12\/Apirosport-yellow-scaled.png\",\"contentUrl\":\"https:\/\/apirosport.com\/wp-content\/uploads\/2025\/12\/Apirosport-yellow-scaled.png\",\"width\":2560,\"height\":2278,\"caption\":\"Apirosport\"},\"image\":{\"@id\":\"https:\/\/apirosport.com\/sv\/#\/schema\/logo\/image\/\"}}]}<\/script>\n<!-- \/ Yoast SEO plugin. -->","yoast_head_json":{"title":"4UB - Upright Bike | Apirosport","robots":{"index":"index","follow":"follow","max-snippet":"max-snippet:-1","max-image-preview":"max-image-preview:large","max-video-preview":"max-video-preview:-1"},"canonical":"https:\/\/apirosport.com\/sv\/produkt\/4ub-upright-bike\/","og_locale":"sv_SE","og_type":"article","og_title":"4UB - Upright Bike | Apirosport","og_description":"4 Series Upright Bike \u00e4r en av fyra konditionsmaskiner i Star Trac 4 Series som \u00e4r framtagna f\u00f6r f\u00f6retagsgym, hotell\/SPA och hemmabruk. 4UB \u00e4r en stabil och anv\u00e4ndarv\u00e4nlig motionscykel som fungerar lika bra till upp- och nedvarvning som f\u00f6r l\u00e5ngvarig konditionstr\u00e4ning. F\u00f6r dig som efterfr\u00e5gar kvalitet och s\u00e4kerhet men \u00e4r mindre intresserad av specialfunktioner och [&hellip;]","og_url":"https:\/\/apirosport.com\/sv\/produkt\/4ub-upright-bike\/","og_site_name":"Apirosport","article_modified_time":"2026-03-19T16:01:42+00:00","og_image":[{"width":1000,"height":1000,"url":"https:\/\/apirosport.com\/wp-content\/uploads\/2025\/12\/4UB_01-2.png","type":"image\/png"}],"twitter_card":"summary_large_image","twitter_title":"Apirosport","twitter_misc":{"Ber\u00e4knad l\u00e4stid":"1 minut"},"schema":{"@context":"https:\/\/schema.org","@graph":[{"@type":"WebPage","@id":"https:\/\/apirosport.com\/sv\/produkt\/4ub-upright-bike\/","url":"https:\/\/apirosport.com\/sv\/produkt\/4ub-upright-bike\/","name":"4UB - Upright Bike | Apirosport","isPartOf":{"@id":"https:\/\/apirosport.com\/sv\/#website"},"primaryImageOfPage":{"@id":"https:\/\/apirosport.com\/sv\/produkt\/4ub-upright-bike\/#primaryimage"},"image":{"@id":"https:\/\/apirosport.com\/sv\/produkt\/4ub-upright-bike\/#primaryimage"},"thumbnailUrl":"https:\/\/apirosport.com\/wp-content\/uploads\/2025\/12\/4UB_01-2.png","datePublished":"2020-01-10T11:27:10+00:00","dateModified":"2026-03-19T16:01:42+00:00","breadcrumb":{"@id":"https:\/\/apirosport.com\/sv\/produkt\/4ub-upright-bike\/#breadcrumb"},"inLanguage":"sv-SE","potentialAction":[{"@type":"ReadAction","target":["https:\/\/apirosport.com\/sv\/produkt\/4ub-upright-bike\/"]}]},{"@type":"ImageObject","inLanguage":"sv-SE","@id":"https:\/\/apirosport.com\/sv\/produkt\/4ub-upright-bike\/#primaryimage","url":"https:\/\/apirosport.com\/wp-content\/uploads\/2025\/12\/4UB_01-2.png","contentUrl":"https:\/\/apirosport.com\/wp-content\/uploads\/2025\/12\/4UB_01-2.png","width":1000,"height":1000,"caption":"4 series upright bike"},{"@type":"BreadcrumbList","@id":"https:\/\/apirosport.com\/sv\/produkt\/4ub-upright-bike\/#breadcrumb","itemListElement":[{"@type":"ListItem","position":1,"name":"Home","item":"https:\/\/apirosport.com\/sv\/"},{"@type":"ListItem","position":2,"name":"Produkter","item":"https:\/\/apirosport.com\/sv\/produkter\/"},{"@type":"ListItem","position":3,"name":"4UB &#8211; Upright Bike"}]},{"@type":"WebSite","@id":"https:\/\/apirosport.com\/sv\/#website","url":"https:\/\/apirosport.com\/sv\/","name":"Apirosport","description":"","publisher":{"@id":"https:\/\/apirosport.com\/sv\/#organization"},"alternateName":"Apirosport","potentialAction":[{"@type":"SearchAction","target":{"@type":"EntryPoint","urlTemplate":"https:\/\/apirosport.com\/sv\/?s={search_term_string}"},"query-input":{"@type":"PropertyValueSpecification","valueRequired":true,"valueName":"search_term_string"}}],"inLanguage":"sv-SE"},{"@type":"Organization","@id":"https:\/\/apirosport.com\/sv\/#organization","name":"Apirosport","alternateName":"Apirosport","url":"https:\/\/apirosport.com\/sv\/","logo":{"@type":"ImageObject","inLanguage":"sv-SE","@id":"https:\/\/apirosport.com\/sv\/#\/schema\/logo\/image\/","url":"https:\/\/apirosport.com\/wp-content\/uploads\/2025\/12\/Apirosport-yellow-scaled.png","contentUrl":"https:\/\/apirosport.com\/wp-content\/uploads\/2025\/12\/Apirosport-yellow-scaled.png","width":2560,"height":2278,"caption":"Apirosport"},"image":{"@id":"https:\/\/apirosport.com\/sv\/#\/schema\/logo\/image\/"}}]}},"_links":{"self":[{"href":"https:\/\/apirosport.com\/sv\/wp-json\/wp\/v2\/product\/11867","targetHints":{"allow":["GET"]}}],"collection":[{"href":"https:\/\/apirosport.com\/sv\/wp-json\/wp\/v2\/product"}],"about":[{"href":"https:\/\/apirosport.com\/sv\/wp-json\/wp\/v2\/types\/product"}],"wp:featuredmedia":[{"embeddable":true,"href":"https:\/\/apirosport.com\/sv\/wp-json\/wp\/v2\/media\/11868"}],"wp:attachment":[{"href":"https:\/\/apirosport.com\/sv\/wp-json\/wp\/v2\/media?parent=11867"}],"wp:term":[{"taxonomy":"variation","embeddable":true,"href":"https:\/\/apirosport.com\/sv\/wp-json\/wp\/v2\/variation?post=11867"},{"taxonomy":"product_brand","embeddable":true,"href":"https:\/\/apirosport.com\/sv\/wp-json\/wp\/v2\/product_brand?post=11867"},{"taxonomy":"product_cat","embeddable":true,"href":"https:\/\/apirosport.com\/sv\/wp-json\/wp\/v2\/product_cat?post=11867"},{"taxonomy":"product_tag","embeddable":true,"href":"https:\/\/apirosport.com\/sv\/wp-json\/wp\/v2\/product_tag?post=11867"}],"curies":[{"name":"wp","href":"https:\/\/api.w.org\/{rel}","templated":true}]}}