{"id":11873,"date":"2020-01-13T08:35:25","date_gmt":"2020-01-13T08:35:25","guid":{"rendered":"https:\/\/apirosport.com\/?post_type=product&#038;p=11873"},"modified":"2026-03-19T16:00:37","modified_gmt":"2026-03-19T16:00:37","slug":"4rb-recumbent-bike","status":"publish","type":"product","link":"https:\/\/apirosport.com\/sv\/produkt\/4rb-recumbent-bike\/","title":{"rendered":"4RB &#8211; Recumbent Bike"},"content":{"rendered":"<p><span id=\"result_box\" class=\"\" lang=\"sv\"><span class=\"\">4 Series Recumbent Bike \u00e4r en av fyra konditionsmaskiner i Star Trac 4 Series som \u00e4r framtagna f\u00f6r f\u00f6retagsgym, hotell\/SPA och hemmabruk. 4RB har precis som de andra maskinerna i serien samma h\u00f6ga kvalitet och s\u00e4kerhet som sin f\u00f6reg\u00e5ngare i 8 Series men har en n\u00e4ttare design och f\u00e4rre funktioner. Mellantinget g\u00f6r den helt perfekt f\u00f6r den som vill l\u00e4gga mindre vikt vid teknik och funktion utan att f\u00f6r den delen tumma p\u00e5 s\u00e4kerhet.<\/span><\/span><span id=\"result_box\" class=\"\" lang=\"sv\"><span class=\"\"><br \/>\n<\/span><\/span><\/p>\n<ul>\n<li>L\u00e5g instegsh\u00f6jd fr\u00e5n sidan underl\u00e4ttar vid in- och utg\u00e5ng<\/li>\n<li>Justerbar sits samt handtag f\u00f6r stabil och s\u00e4ker tr\u00e4ning<\/li>\n<li>H\u00e5llare f\u00f6r vattenflaska och tillbeh\u00f6r<\/li>\n<li>Fl\u00e4kt p\u00e5 displayens ovankant g\u00f6r tr\u00e4ningen behaglig<\/li>\n<li>USB-port f\u00f6r laddning av telefon etc.<\/li>\n<li>Profilerat ryggst\u00f6d med lufth\u00e5l f\u00f6r en behagligare tr\u00e4ning<\/li>\n<\/ul>\n","protected":false},"excerpt":{"rendered":"<p>4 Series Recumbent Bike \u00e4r en av fyra konditionsmaskiner i Star Trac 4 Series som \u00e4r framtagna f\u00f6r f\u00f6retagsgym, hotell\/SPA och hemmabruk. 4RB har precis som de andra maskinerna i serien samma h\u00f6ga kvalitet och s\u00e4kerhet som sin f\u00f6reg\u00e5ngare i 8 Series men har en n\u00e4ttare design och f\u00e4rre funktioner. Mellantinget g\u00f6r den helt perfekt [&hellip;]<\/p>\n","protected":false},"featured_media":11874,"template":"","meta":{"_acf_changed":false,"inline_featured_image":false},"variation":[],"product_brand":[],"product_cat":[87,281,316,326],"product_tag":[299],"class_list":{"0":"post-11873","1":"product","2":"type-product","3":"status-publish","4":"has-post-thumbnail","6":"product_cat-kondition","7":"product_cat-motionscyklar","8":"product_cat-star-trac","9":"product_cat-4-series","10":"product_tag-star-trac","12":"first","13":"instock","14":"purchasable","15":"product-type-simple"},"acf":[],"yoast_head":"<!-- This site is optimized with the Yoast SEO plugin v26.8 - https:\/\/yoast.com\/product\/yoast-seo-wordpress\/ -->\n<title>4RB - Recumbent Bike | Apirosport<\/title>\n<meta name=\"robots\" content=\"index, follow, max-snippet:-1, max-image-preview:large, max-video-preview:-1\" \/>\n<link rel=\"canonical\" href=\"https:\/\/apirosport.com\/sv\/produkt\/4rb-recumbent-bike\/\" \/>\n<meta property=\"og:locale\" content=\"sv_SE\" \/>\n<meta property=\"og:type\" content=\"article\" \/>\n<meta property=\"og:title\" content=\"4RB - Recumbent Bike | Apirosport\" \/>\n<meta property=\"og:description\" content=\"4 Series Recumbent Bike \u00e4r en av fyra konditionsmaskiner i Star Trac 4 Series som \u00e4r framtagna f\u00f6r f\u00f6retagsgym, hotell\/SPA och hemmabruk. 4RB har precis som de andra maskinerna i serien samma h\u00f6ga kvalitet och s\u00e4kerhet som sin f\u00f6reg\u00e5ngare i 8 Series men har en n\u00e4ttare design och f\u00e4rre funktioner. Mellantinget g\u00f6r den helt perfekt [&hellip;]\" \/>\n<meta property=\"og:url\" content=\"https:\/\/apirosport.com\/sv\/produkt\/4rb-recumbent-bike\/\" \/>\n<meta property=\"og:site_name\" content=\"Apirosport\" \/>\n<meta property=\"article:modified_time\" content=\"2026-03-19T16:00:37+00:00\" \/>\n<meta property=\"og:image\" content=\"https:\/\/apirosport.com\/wp-content\/uploads\/2025\/12\/4RB_01-2.png\" \/>\n\t<meta property=\"og:image:width\" content=\"1000\" \/>\n\t<meta property=\"og:image:height\" content=\"1000\" \/>\n\t<meta property=\"og:image:type\" content=\"image\/png\" \/>\n<meta name=\"twitter:card\" content=\"summary_large_image\" \/>\n<meta name=\"twitter:title\" content=\"Apirosport\" \/>\n<meta name=\"twitter:label1\" content=\"Ber\u00e4knad l\u00e4stid\" \/>\n\t<meta name=\"twitter:data1\" content=\"1 minut\" \/>\n<script type=\"application\/ld+json\" class=\"yoast-schema-graph\">{\"@context\":\"https:\/\/schema.org\",\"@graph\":[{\"@type\":\"WebPage\",\"@id\":\"https:\/\/apirosport.com\/sv\/produkt\/4rb-recumbent-bike\/\",\"url\":\"https:\/\/apirosport.com\/sv\/produkt\/4rb-recumbent-bike\/\",\"name\":\"4RB - Recumbent Bike | Apirosport\",\"isPartOf\":{\"@id\":\"https:\/\/apirosport.com\/sv\/#website\"},\"primaryImageOfPage\":{\"@id\":\"https:\/\/apirosport.com\/sv\/produkt\/4rb-recumbent-bike\/#primaryimage\"},\"image\":{\"@id\":\"https:\/\/apirosport.com\/sv\/produkt\/4rb-recumbent-bike\/#primaryimage\"},\"thumbnailUrl\":\"https:\/\/apirosport.com\/wp-content\/uploads\/2025\/12\/4RB_01-2.png\",\"datePublished\":\"2020-01-13T08:35:25+00:00\",\"dateModified\":\"2026-03-19T16:00:37+00:00\",\"breadcrumb\":{\"@id\":\"https:\/\/apirosport.com\/sv\/produkt\/4rb-recumbent-bike\/#breadcrumb\"},\"inLanguage\":\"sv-SE\",\"potentialAction\":[{\"@type\":\"ReadAction\",\"target\":[\"https:\/\/apirosport.com\/sv\/produkt\/4rb-recumbent-bike\/\"]}]},{\"@type\":\"ImageObject\",\"inLanguage\":\"sv-SE\",\"@id\":\"https:\/\/apirosport.com\/sv\/produkt\/4rb-recumbent-bike\/#primaryimage\",\"url\":\"https:\/\/apirosport.com\/wp-content\/uploads\/2025\/12\/4RB_01-2.png\",\"contentUrl\":\"https:\/\/apirosport.com\/wp-content\/uploads\/2025\/12\/4RB_01-2.png\",\"width\":1000,\"height\":1000,\"caption\":\"4 series recumbent bike\"},{\"@type\":\"BreadcrumbList\",\"@id\":\"https:\/\/apirosport.com\/sv\/produkt\/4rb-recumbent-bike\/#breadcrumb\",\"itemListElement\":[{\"@type\":\"ListItem\",\"position\":1,\"name\":\"Home\",\"item\":\"https:\/\/apirosport.com\/sv\/\"},{\"@type\":\"ListItem\",\"position\":2,\"name\":\"Produkter\",\"item\":\"https:\/\/apirosport.com\/sv\/produkter\/\"},{\"@type\":\"ListItem\",\"position\":3,\"name\":\"4RB &#8211; Recumbent Bike\"}]},{\"@type\":\"WebSite\",\"@id\":\"https:\/\/apirosport.com\/sv\/#website\",\"url\":\"https:\/\/apirosport.com\/sv\/\",\"name\":\"Apirosport\",\"description\":\"\",\"publisher\":{\"@id\":\"https:\/\/apirosport.com\/sv\/#organization\"},\"alternateName\":\"Apirosport\",\"potentialAction\":[{\"@type\":\"SearchAction\",\"target\":{\"@type\":\"EntryPoint\",\"urlTemplate\":\"https:\/\/apirosport.com\/sv\/?s={search_term_string}\"},\"query-input\":{\"@type\":\"PropertyValueSpecification\",\"valueRequired\":true,\"valueName\":\"search_term_string\"}}],\"inLanguage\":\"sv-SE\"},{\"@type\":\"Organization\",\"@id\":\"https:\/\/apirosport.com\/sv\/#organization\",\"name\":\"Apirosport\",\"alternateName\":\"Apirosport\",\"url\":\"https:\/\/apirosport.com\/sv\/\",\"logo\":{\"@type\":\"ImageObject\",\"inLanguage\":\"sv-SE\",\"@id\":\"https:\/\/apirosport.com\/sv\/#\/schema\/logo\/image\/\",\"url\":\"https:\/\/apirosport.com\/wp-content\/uploads\/2025\/12\/Apirosport-yellow-scaled.png\",\"contentUrl\":\"https:\/\/apirosport.com\/wp-content\/uploads\/2025\/12\/Apirosport-yellow-scaled.png\",\"width\":2560,\"height\":2278,\"caption\":\"Apirosport\"},\"image\":{\"@id\":\"https:\/\/apirosport.com\/sv\/#\/schema\/logo\/image\/\"}}]}<\/script>\n<!-- \/ Yoast SEO plugin. -->","yoast_head_json":{"title":"4RB - Recumbent Bike | Apirosport","robots":{"index":"index","follow":"follow","max-snippet":"max-snippet:-1","max-image-preview":"max-image-preview:large","max-video-preview":"max-video-preview:-1"},"canonical":"https:\/\/apirosport.com\/sv\/produkt\/4rb-recumbent-bike\/","og_locale":"sv_SE","og_type":"article","og_title":"4RB - Recumbent Bike | Apirosport","og_description":"4 Series Recumbent Bike \u00e4r en av fyra konditionsmaskiner i Star Trac 4 Series som \u00e4r framtagna f\u00f6r f\u00f6retagsgym, hotell\/SPA och hemmabruk. 4RB har precis som de andra maskinerna i serien samma h\u00f6ga kvalitet och s\u00e4kerhet som sin f\u00f6reg\u00e5ngare i 8 Series men har en n\u00e4ttare design och f\u00e4rre funktioner. Mellantinget g\u00f6r den helt perfekt [&hellip;]","og_url":"https:\/\/apirosport.com\/sv\/produkt\/4rb-recumbent-bike\/","og_site_name":"Apirosport","article_modified_time":"2026-03-19T16:00:37+00:00","og_image":[{"width":1000,"height":1000,"url":"https:\/\/apirosport.com\/wp-content\/uploads\/2025\/12\/4RB_01-2.png","type":"image\/png"}],"twitter_card":"summary_large_image","twitter_title":"Apirosport","twitter_misc":{"Ber\u00e4knad l\u00e4stid":"1 minut"},"schema":{"@context":"https:\/\/schema.org","@graph":[{"@type":"WebPage","@id":"https:\/\/apirosport.com\/sv\/produkt\/4rb-recumbent-bike\/","url":"https:\/\/apirosport.com\/sv\/produkt\/4rb-recumbent-bike\/","name":"4RB - Recumbent Bike | Apirosport","isPartOf":{"@id":"https:\/\/apirosport.com\/sv\/#website"},"primaryImageOfPage":{"@id":"https:\/\/apirosport.com\/sv\/produkt\/4rb-recumbent-bike\/#primaryimage"},"image":{"@id":"https:\/\/apirosport.com\/sv\/produkt\/4rb-recumbent-bike\/#primaryimage"},"thumbnailUrl":"https:\/\/apirosport.com\/wp-content\/uploads\/2025\/12\/4RB_01-2.png","datePublished":"2020-01-13T08:35:25+00:00","dateModified":"2026-03-19T16:00:37+00:00","breadcrumb":{"@id":"https:\/\/apirosport.com\/sv\/produkt\/4rb-recumbent-bike\/#breadcrumb"},"inLanguage":"sv-SE","potentialAction":[{"@type":"ReadAction","target":["https:\/\/apirosport.com\/sv\/produkt\/4rb-recumbent-bike\/"]}]},{"@type":"ImageObject","inLanguage":"sv-SE","@id":"https:\/\/apirosport.com\/sv\/produkt\/4rb-recumbent-bike\/#primaryimage","url":"https:\/\/apirosport.com\/wp-content\/uploads\/2025\/12\/4RB_01-2.png","contentUrl":"https:\/\/apirosport.com\/wp-content\/uploads\/2025\/12\/4RB_01-2.png","width":1000,"height":1000,"caption":"4 series recumbent bike"},{"@type":"BreadcrumbList","@id":"https:\/\/apirosport.com\/sv\/produkt\/4rb-recumbent-bike\/#breadcrumb","itemListElement":[{"@type":"ListItem","position":1,"name":"Home","item":"https:\/\/apirosport.com\/sv\/"},{"@type":"ListItem","position":2,"name":"Produkter","item":"https:\/\/apirosport.com\/sv\/produkter\/"},{"@type":"ListItem","position":3,"name":"4RB &#8211; Recumbent Bike"}]},{"@type":"WebSite","@id":"https:\/\/apirosport.com\/sv\/#website","url":"https:\/\/apirosport.com\/sv\/","name":"Apirosport","description":"","publisher":{"@id":"https:\/\/apirosport.com\/sv\/#organization"},"alternateName":"Apirosport","potentialAction":[{"@type":"SearchAction","target":{"@type":"EntryPoint","urlTemplate":"https:\/\/apirosport.com\/sv\/?s={search_term_string}"},"query-input":{"@type":"PropertyValueSpecification","valueRequired":true,"valueName":"search_term_string"}}],"inLanguage":"sv-SE"},{"@type":"Organization","@id":"https:\/\/apirosport.com\/sv\/#organization","name":"Apirosport","alternateName":"Apirosport","url":"https:\/\/apirosport.com\/sv\/","logo":{"@type":"ImageObject","inLanguage":"sv-SE","@id":"https:\/\/apirosport.com\/sv\/#\/schema\/logo\/image\/","url":"https:\/\/apirosport.com\/wp-content\/uploads\/2025\/12\/Apirosport-yellow-scaled.png","contentUrl":"https:\/\/apirosport.com\/wp-content\/uploads\/2025\/12\/Apirosport-yellow-scaled.png","width":2560,"height":2278,"caption":"Apirosport"},"image":{"@id":"https:\/\/apirosport.com\/sv\/#\/schema\/logo\/image\/"}}]}},"_links":{"self":[{"href":"https:\/\/apirosport.com\/sv\/wp-json\/wp\/v2\/product\/11873","targetHints":{"allow":["GET"]}}],"collection":[{"href":"https:\/\/apirosport.com\/sv\/wp-json\/wp\/v2\/product"}],"about":[{"href":"https:\/\/apirosport.com\/sv\/wp-json\/wp\/v2\/types\/product"}],"wp:featuredmedia":[{"embeddable":true,"href":"https:\/\/apirosport.com\/sv\/wp-json\/wp\/v2\/media\/11874"}],"wp:attachment":[{"href":"https:\/\/apirosport.com\/sv\/wp-json\/wp\/v2\/media?parent=11873"}],"wp:term":[{"taxonomy":"variation","embeddable":true,"href":"https:\/\/apirosport.com\/sv\/wp-json\/wp\/v2\/variation?post=11873"},{"taxonomy":"product_brand","embeddable":true,"href":"https:\/\/apirosport.com\/sv\/wp-json\/wp\/v2\/product_brand?post=11873"},{"taxonomy":"product_cat","embeddable":true,"href":"https:\/\/apirosport.com\/sv\/wp-json\/wp\/v2\/product_cat?post=11873"},{"taxonomy":"product_tag","embeddable":true,"href":"https:\/\/apirosport.com\/sv\/wp-json\/wp\/v2\/product_tag?post=11873"}],"curies":[{"name":"wp","href":"https:\/\/api.w.org\/{rel}","templated":true}]}}