{"id":11911,"date":"2020-01-14T15:39:00","date_gmt":"2020-01-14T15:39:00","guid":{"rendered":"https:\/\/apirosport.com\/?post_type=product&#038;p=11911"},"modified":"2026-03-24T15:33:16","modified_gmt":"2026-03-24T15:33:16","slug":"ac-sport-2","status":"publish","type":"product","link":"https:\/\/apirosport.com\/sv\/produkt\/ac-sport-2\/","title":{"rendered":"AC Sport Bike"},"content":{"rendered":"<p>AC Sport \u00e4r perfekt f\u00f6r dig som efterfr\u00e5gar Schwinns erk\u00e4nt h\u00f6ga kvalitet men vill l\u00e4gga mindre vikt vid teknologi och materialval. Precis som modellen \u00f6ver, AC Performance, finns cykeldator och vevarm som valbara tillbeh\u00f6r.<\/p>\n<ul>\n<li>Utrustad med Schwinns patenterade drivrem Carbon Blue f\u00f6r den d\u00e4r autentiska, kedjedrivna k\u00e4nslan<\/li>\n<li>Samtliga cyklar i AC-serien har magnetiskt motst\u00e5nd<\/li>\n<li>Morse Taper-pedaler f\u00f6r b\u00e4sta h\u00e5llbarhet och livsl\u00e4ngd<\/li>\n<li>Justerbar sits och styre f\u00f6r optimal komfort under tr\u00e4ningen<\/li>\n<li>Sadelstolpe och styre i rostfritt st\u00e5l<\/li>\n<li>Echelon2-konsol som tillsammans med vevarmen 4iiii levererar en av marknadens mest exakta m\u00e4tdata. Echelon2 visar alla de vanligaste m\u00e4tv\u00e4rdena och anv\u00e4nds med f\u00f6rdel f\u00f6r watt-baserad tr\u00e4ning <em>(<\/em>k<em>onsol och vevarm finns som tillval)<\/em><\/li>\n<\/ul>\n<p>&nbsp;<\/p>\n","protected":false},"excerpt":{"rendered":"<p>AC Sport \u00e4r perfekt f\u00f6r dig som efterfr\u00e5gar Schwinns erk\u00e4nt h\u00f6ga kvalitet men vill l\u00e4gga mindre vikt vid teknologi och materialval. Precis som modellen \u00f6ver, AC Performance, finns cykeldator och vevarm som valbara tillbeh\u00f6r. Utrustad med Schwinns patenterade drivrem Carbon Blue f\u00f6r den d\u00e4r autentiska, kedjedrivna k\u00e4nslan Samtliga cyklar i AC-serien har magnetiskt motst\u00e5nd Morse [&hellip;]<\/p>\n","protected":false},"featured_media":24789,"template":"","meta":{"_acf_changed":false,"inline_featured_image":false},"variation":[],"product_brand":[],"product_cat":[87,287,325],"product_tag":[300],"class_list":{"0":"post-11911","1":"product","2":"type-product","3":"status-publish","4":"has-post-thumbnail","6":"product_cat-kondition","7":"product_cat-indoor-cycling","8":"product_cat-schwinn","9":"product_tag-schwinn","11":"first","12":"instock","13":"purchasable","14":"product-type-simple"},"acf":[],"yoast_head":"<!-- This site is optimized with the Yoast SEO plugin v26.8 - https:\/\/yoast.com\/product\/yoast-seo-wordpress\/ -->\n<title>AC Sport Bike | Apirosport<\/title>\n<meta name=\"robots\" content=\"index, follow, max-snippet:-1, max-image-preview:large, max-video-preview:-1\" \/>\n<link rel=\"canonical\" href=\"https:\/\/apirosport.com\/sv\/produkt\/ac-sport-2\/\" \/>\n<meta property=\"og:locale\" content=\"sv_SE\" \/>\n<meta property=\"og:type\" content=\"article\" \/>\n<meta property=\"og:title\" content=\"AC Sport Bike | Apirosport\" \/>\n<meta property=\"og:description\" content=\"AC Sport \u00e4r perfekt f\u00f6r dig som efterfr\u00e5gar Schwinns erk\u00e4nt h\u00f6ga kvalitet men vill l\u00e4gga mindre vikt vid teknologi och materialval. Precis som modellen \u00f6ver, AC Performance, finns cykeldator och vevarm som valbara tillbeh\u00f6r. Utrustad med Schwinns patenterade drivrem Carbon Blue f\u00f6r den d\u00e4r autentiska, kedjedrivna k\u00e4nslan Samtliga cyklar i AC-serien har magnetiskt motst\u00e5nd Morse [&hellip;]\" \/>\n<meta property=\"og:url\" content=\"https:\/\/apirosport.com\/sv\/produkt\/ac-sport-2\/\" \/>\n<meta property=\"og:site_name\" content=\"Apirosport\" \/>\n<meta property=\"article:modified_time\" content=\"2026-03-24T15:33:16+00:00\" \/>\n<meta property=\"og:image\" content=\"https:\/\/apirosport.com\/wp-content\/uploads\/2020\/01\/ACsport-svart.png\" \/>\n\t<meta property=\"og:image:width\" content=\"2362\" \/>\n\t<meta property=\"og:image:height\" content=\"2362\" \/>\n\t<meta property=\"og:image:type\" content=\"image\/png\" \/>\n<meta name=\"twitter:card\" content=\"summary_large_image\" \/>\n<meta name=\"twitter:title\" content=\"Apirosport\" \/>\n<meta name=\"twitter:label1\" content=\"Ber\u00e4knad l\u00e4stid\" \/>\n\t<meta name=\"twitter:data1\" content=\"1 minut\" \/>\n<script type=\"application\/ld+json\" class=\"yoast-schema-graph\">{\"@context\":\"https:\/\/schema.org\",\"@graph\":[{\"@type\":\"WebPage\",\"@id\":\"https:\/\/apirosport.com\/sv\/produkt\/ac-sport-2\/\",\"url\":\"https:\/\/apirosport.com\/sv\/produkt\/ac-sport-2\/\",\"name\":\"AC Sport Bike | Apirosport\",\"isPartOf\":{\"@id\":\"https:\/\/apirosport.com\/sv\/#website\"},\"primaryImageOfPage\":{\"@id\":\"https:\/\/apirosport.com\/sv\/produkt\/ac-sport-2\/#primaryimage\"},\"image\":{\"@id\":\"https:\/\/apirosport.com\/sv\/produkt\/ac-sport-2\/#primaryimage\"},\"thumbnailUrl\":\"https:\/\/apirosport.com\/wp-content\/uploads\/2020\/01\/ACsport-svart.png\",\"datePublished\":\"2020-01-14T15:39:00+00:00\",\"dateModified\":\"2026-03-24T15:33:16+00:00\",\"breadcrumb\":{\"@id\":\"https:\/\/apirosport.com\/sv\/produkt\/ac-sport-2\/#breadcrumb\"},\"inLanguage\":\"sv-SE\",\"potentialAction\":[{\"@type\":\"ReadAction\",\"target\":[\"https:\/\/apirosport.com\/sv\/produkt\/ac-sport-2\/\"]}]},{\"@type\":\"ImageObject\",\"inLanguage\":\"sv-SE\",\"@id\":\"https:\/\/apirosport.com\/sv\/produkt\/ac-sport-2\/#primaryimage\",\"url\":\"https:\/\/apirosport.com\/wp-content\/uploads\/2020\/01\/ACsport-svart.png\",\"contentUrl\":\"https:\/\/apirosport.com\/wp-content\/uploads\/2020\/01\/ACsport-svart.png\",\"width\":2362,\"height\":2362},{\"@type\":\"BreadcrumbList\",\"@id\":\"https:\/\/apirosport.com\/sv\/produkt\/ac-sport-2\/#breadcrumb\",\"itemListElement\":[{\"@type\":\"ListItem\",\"position\":1,\"name\":\"Home\",\"item\":\"https:\/\/apirosport.com\/sv\/\"},{\"@type\":\"ListItem\",\"position\":2,\"name\":\"Produkter\",\"item\":\"https:\/\/apirosport.com\/sv\/produkter\/\"},{\"@type\":\"ListItem\",\"position\":3,\"name\":\"AC Sport Bike\"}]},{\"@type\":\"WebSite\",\"@id\":\"https:\/\/apirosport.com\/sv\/#website\",\"url\":\"https:\/\/apirosport.com\/sv\/\",\"name\":\"Apirosport\",\"description\":\"\",\"publisher\":{\"@id\":\"https:\/\/apirosport.com\/sv\/#organization\"},\"alternateName\":\"Apirosport\",\"potentialAction\":[{\"@type\":\"SearchAction\",\"target\":{\"@type\":\"EntryPoint\",\"urlTemplate\":\"https:\/\/apirosport.com\/sv\/?s={search_term_string}\"},\"query-input\":{\"@type\":\"PropertyValueSpecification\",\"valueRequired\":true,\"valueName\":\"search_term_string\"}}],\"inLanguage\":\"sv-SE\"},{\"@type\":\"Organization\",\"@id\":\"https:\/\/apirosport.com\/sv\/#organization\",\"name\":\"Apirosport\",\"alternateName\":\"Apirosport\",\"url\":\"https:\/\/apirosport.com\/sv\/\",\"logo\":{\"@type\":\"ImageObject\",\"inLanguage\":\"sv-SE\",\"@id\":\"https:\/\/apirosport.com\/sv\/#\/schema\/logo\/image\/\",\"url\":\"https:\/\/apirosport.com\/wp-content\/uploads\/2025\/12\/Apirosport-yellow-scaled.png\",\"contentUrl\":\"https:\/\/apirosport.com\/wp-content\/uploads\/2025\/12\/Apirosport-yellow-scaled.png\",\"width\":2560,\"height\":2278,\"caption\":\"Apirosport\"},\"image\":{\"@id\":\"https:\/\/apirosport.com\/sv\/#\/schema\/logo\/image\/\"}}]}<\/script>\n<!-- \/ Yoast SEO plugin. -->","yoast_head_json":{"title":"AC Sport Bike | Apirosport","robots":{"index":"index","follow":"follow","max-snippet":"max-snippet:-1","max-image-preview":"max-image-preview:large","max-video-preview":"max-video-preview:-1"},"canonical":"https:\/\/apirosport.com\/sv\/produkt\/ac-sport-2\/","og_locale":"sv_SE","og_type":"article","og_title":"AC Sport Bike | Apirosport","og_description":"AC Sport \u00e4r perfekt f\u00f6r dig som efterfr\u00e5gar Schwinns erk\u00e4nt h\u00f6ga kvalitet men vill l\u00e4gga mindre vikt vid teknologi och materialval. Precis som modellen \u00f6ver, AC Performance, finns cykeldator och vevarm som valbara tillbeh\u00f6r. Utrustad med Schwinns patenterade drivrem Carbon Blue f\u00f6r den d\u00e4r autentiska, kedjedrivna k\u00e4nslan Samtliga cyklar i AC-serien har magnetiskt motst\u00e5nd Morse [&hellip;]","og_url":"https:\/\/apirosport.com\/sv\/produkt\/ac-sport-2\/","og_site_name":"Apirosport","article_modified_time":"2026-03-24T15:33:16+00:00","og_image":[{"width":2362,"height":2362,"url":"https:\/\/apirosport.com\/wp-content\/uploads\/2020\/01\/ACsport-svart.png","type":"image\/png"}],"twitter_card":"summary_large_image","twitter_title":"Apirosport","twitter_misc":{"Ber\u00e4knad l\u00e4stid":"1 minut"},"schema":{"@context":"https:\/\/schema.org","@graph":[{"@type":"WebPage","@id":"https:\/\/apirosport.com\/sv\/produkt\/ac-sport-2\/","url":"https:\/\/apirosport.com\/sv\/produkt\/ac-sport-2\/","name":"AC Sport Bike | Apirosport","isPartOf":{"@id":"https:\/\/apirosport.com\/sv\/#website"},"primaryImageOfPage":{"@id":"https:\/\/apirosport.com\/sv\/produkt\/ac-sport-2\/#primaryimage"},"image":{"@id":"https:\/\/apirosport.com\/sv\/produkt\/ac-sport-2\/#primaryimage"},"thumbnailUrl":"https:\/\/apirosport.com\/wp-content\/uploads\/2020\/01\/ACsport-svart.png","datePublished":"2020-01-14T15:39:00+00:00","dateModified":"2026-03-24T15:33:16+00:00","breadcrumb":{"@id":"https:\/\/apirosport.com\/sv\/produkt\/ac-sport-2\/#breadcrumb"},"inLanguage":"sv-SE","potentialAction":[{"@type":"ReadAction","target":["https:\/\/apirosport.com\/sv\/produkt\/ac-sport-2\/"]}]},{"@type":"ImageObject","inLanguage":"sv-SE","@id":"https:\/\/apirosport.com\/sv\/produkt\/ac-sport-2\/#primaryimage","url":"https:\/\/apirosport.com\/wp-content\/uploads\/2020\/01\/ACsport-svart.png","contentUrl":"https:\/\/apirosport.com\/wp-content\/uploads\/2020\/01\/ACsport-svart.png","width":2362,"height":2362},{"@type":"BreadcrumbList","@id":"https:\/\/apirosport.com\/sv\/produkt\/ac-sport-2\/#breadcrumb","itemListElement":[{"@type":"ListItem","position":1,"name":"Home","item":"https:\/\/apirosport.com\/sv\/"},{"@type":"ListItem","position":2,"name":"Produkter","item":"https:\/\/apirosport.com\/sv\/produkter\/"},{"@type":"ListItem","position":3,"name":"AC Sport Bike"}]},{"@type":"WebSite","@id":"https:\/\/apirosport.com\/sv\/#website","url":"https:\/\/apirosport.com\/sv\/","name":"Apirosport","description":"","publisher":{"@id":"https:\/\/apirosport.com\/sv\/#organization"},"alternateName":"Apirosport","potentialAction":[{"@type":"SearchAction","target":{"@type":"EntryPoint","urlTemplate":"https:\/\/apirosport.com\/sv\/?s={search_term_string}"},"query-input":{"@type":"PropertyValueSpecification","valueRequired":true,"valueName":"search_term_string"}}],"inLanguage":"sv-SE"},{"@type":"Organization","@id":"https:\/\/apirosport.com\/sv\/#organization","name":"Apirosport","alternateName":"Apirosport","url":"https:\/\/apirosport.com\/sv\/","logo":{"@type":"ImageObject","inLanguage":"sv-SE","@id":"https:\/\/apirosport.com\/sv\/#\/schema\/logo\/image\/","url":"https:\/\/apirosport.com\/wp-content\/uploads\/2025\/12\/Apirosport-yellow-scaled.png","contentUrl":"https:\/\/apirosport.com\/wp-content\/uploads\/2025\/12\/Apirosport-yellow-scaled.png","width":2560,"height":2278,"caption":"Apirosport"},"image":{"@id":"https:\/\/apirosport.com\/sv\/#\/schema\/logo\/image\/"}}]}},"_links":{"self":[{"href":"https:\/\/apirosport.com\/sv\/wp-json\/wp\/v2\/product\/11911","targetHints":{"allow":["GET"]}}],"collection":[{"href":"https:\/\/apirosport.com\/sv\/wp-json\/wp\/v2\/product"}],"about":[{"href":"https:\/\/apirosport.com\/sv\/wp-json\/wp\/v2\/types\/product"}],"wp:featuredmedia":[{"embeddable":true,"href":"https:\/\/apirosport.com\/sv\/wp-json\/wp\/v2\/media\/24789"}],"wp:attachment":[{"href":"https:\/\/apirosport.com\/sv\/wp-json\/wp\/v2\/media?parent=11911"}],"wp:term":[{"taxonomy":"variation","embeddable":true,"href":"https:\/\/apirosport.com\/sv\/wp-json\/wp\/v2\/variation?post=11911"},{"taxonomy":"product_brand","embeddable":true,"href":"https:\/\/apirosport.com\/sv\/wp-json\/wp\/v2\/product_brand?post=11911"},{"taxonomy":"product_cat","embeddable":true,"href":"https:\/\/apirosport.com\/sv\/wp-json\/wp\/v2\/product_cat?post=11911"},{"taxonomy":"product_tag","embeddable":true,"href":"https:\/\/apirosport.com\/sv\/wp-json\/wp\/v2\/product_tag?post=11911"}],"curies":[{"name":"wp","href":"https:\/\/api.w.org\/{rel}","templated":true}]}}