{"id":11913,"date":"2020-01-14T16:27:46","date_gmt":"2020-01-14T16:27:46","guid":{"rendered":"https:\/\/apirosport.com\/?post_type=product&#038;p=11913"},"modified":"2026-03-24T15:26:31","modified_gmt":"2026-03-24T15:26:31","slug":"ic-classic","status":"publish","type":"product","link":"https:\/\/apirosport.com\/sv\/produkt\/ic-classic\/","title":{"rendered":"IC Classic"},"content":{"rendered":"<p data-start=\"146\" data-end=\"406\">IC Classic \u00e4r en robust och p\u00e5litlig cykel f\u00f6r indoor cycling f\u00f6r anl\u00e4ggningar som vill erbjuda en klassisk cykelupplevelse. Med kedjedrift och direktmotst\u00e5nd f\u00e5r du en responsiv k\u00e4nsla som efterliknar utomhuscykling \u2013 perfekt f\u00f6r cyklister som v\u00e4rdes\u00e4tter autenticitet.<\/p>\n<p data-start=\"408\" data-end=\"603\">Den slitstarka konstruktionen, det tunga sv\u00e4nghjulet och den enkla, bepr\u00f6vade designen g\u00f6r IC Classic till ett tryggt val f\u00f6r gym, studios och tr\u00e4ningsanl\u00e4ggningar med h\u00f6ga krav p\u00e5 drifts\u00e4kerhet.<\/p>\n<ul data-start=\"636\" data-end=\"1272\">\n<li data-section-id=\"e00iym\" data-start=\"636\" data-end=\"700\">\n<p data-start=\"638\" data-end=\"700\"><strong data-start=\"638\" data-end=\"653\">Kedjedrift:<\/strong> Autentisk landsv\u00e4gsk\u00e4nsla och direkt respons<\/p>\n<\/li>\n<li data-section-id=\"lr6exi\" data-start=\"701\" data-end=\"759\">\n<p data-start=\"703\" data-end=\"759\"><strong data-start=\"703\" data-end=\"728\">Direkt bromsmotst\u00e5nd:<\/strong> Liknar klassiska f\u00e4lgbromsar<\/p>\n<\/li>\n<li data-section-id=\"j6ryd4\" data-start=\"760\" data-end=\"816\">\n<p data-start=\"762\" data-end=\"816\"><strong data-start=\"762\" data-end=\"782\">Tungt sv\u00e4nghjul:<\/strong> Stabil och j\u00e4mn cykelupplevelse<\/p>\n<\/li>\n<li data-section-id=\"xhnqhj\" data-start=\"817\" data-end=\"878\">\n<p data-start=\"819\" data-end=\"878\"><strong data-start=\"819\" data-end=\"837\">Smal Q-faktor:<\/strong> Smal pedalbredd f\u00f6r naturlig och ergonomisk cykling<\/p>\n<\/li>\n<li data-section-id=\"kr43ha\" data-start=\"879\" data-end=\"951\">\n<p data-start=\"881\" data-end=\"951\"><strong data-start=\"881\" data-end=\"901\">Klassiskt styre:<\/strong> Med flaskh\u00e5llare och f\u00e4ste f\u00f6r mobil\/surfplatta<\/p>\n<\/li>\n<li data-section-id=\"1w1byfv\" data-start=\"1032\" data-end=\"1130\">\n<p data-start=\"1034\" data-end=\"1130\"><strong data-start=\"1034\" data-end=\"1046\">Pedaler:<\/strong> Standard med burar f\u00f6r vanliga skor, kompatibel med SPD &amp; Delta (via Triple Link)<\/p>\n<\/li>\n<li data-section-id=\"1k22c9o\" data-start=\"1131\" data-end=\"1198\">\n<p data-start=\"1133\" data-end=\"1198\"><strong data-start=\"1133\" data-end=\"1153\">Justerbar sadel:<\/strong> Trapezoidal justering f\u00f6r optimal passform<\/p>\n<\/li>\n<li data-section-id=\"15vux0q\" data-start=\"1199\" data-end=\"1272\">\n<p data-start=\"1201\" data-end=\"1272\"><strong data-start=\"1201\" data-end=\"1223\">Display (tillval):<\/strong> Cadence Pro f\u00f6r tid, distans, kalorier och RPM<\/p>\n<\/li>\n<\/ul>\n","protected":false},"excerpt":{"rendered":"<p>IC Classic \u00e4r en robust och p\u00e5litlig cykel f\u00f6r indoor cycling f\u00f6r anl\u00e4ggningar som vill erbjuda en klassisk cykelupplevelse. Med kedjedrift och direktmotst\u00e5nd f\u00e5r du en responsiv k\u00e4nsla som efterliknar utomhuscykling \u2013 perfekt f\u00f6r cyklister som v\u00e4rdes\u00e4tter autenticitet. Den slitstarka konstruktionen, det tunga sv\u00e4nghjulet och den enkla, bepr\u00f6vade designen g\u00f6r IC Classic till ett tryggt [&hellip;]<\/p>\n","protected":false},"featured_media":11914,"template":"","meta":{"_acf_changed":false,"inline_featured_image":false},"variation":[],"product_brand":[],"product_cat":[87,95,287,325],"product_tag":[300],"class_list":{"0":"post-11913","1":"product","2":"type-product","3":"status-publish","4":"has-post-thumbnail","6":"product_cat-kondition","7":"product_cat-studio-grupptraning","8":"product_cat-indoor-cycling","9":"product_cat-schwinn","10":"product_tag-schwinn","12":"first","13":"instock","14":"purchasable","15":"product-type-simple"},"acf":[],"yoast_head":"<!-- This site is optimized with the Yoast SEO plugin v26.8 - https:\/\/yoast.com\/product\/yoast-seo-wordpress\/ -->\n<title>IC Classic | Apirosport<\/title>\n<meta name=\"robots\" content=\"index, follow, max-snippet:-1, max-image-preview:large, max-video-preview:-1\" \/>\n<link rel=\"canonical\" href=\"https:\/\/apirosport.com\/sv\/produkt\/ic-classic\/\" \/>\n<meta property=\"og:locale\" content=\"sv_SE\" \/>\n<meta property=\"og:type\" content=\"article\" \/>\n<meta property=\"og:title\" content=\"IC Classic | Apirosport\" \/>\n<meta property=\"og:description\" content=\"IC Classic \u00e4r en robust och p\u00e5litlig cykel f\u00f6r indoor cycling f\u00f6r anl\u00e4ggningar som vill erbjuda en klassisk cykelupplevelse. Med kedjedrift och direktmotst\u00e5nd f\u00e5r du en responsiv k\u00e4nsla som efterliknar utomhuscykling \u2013 perfekt f\u00f6r cyklister som v\u00e4rdes\u00e4tter autenticitet. Den slitstarka konstruktionen, det tunga sv\u00e4nghjulet och den enkla, bepr\u00f6vade designen g\u00f6r IC Classic till ett tryggt [&hellip;]\" \/>\n<meta property=\"og:url\" content=\"https:\/\/apirosport.com\/sv\/produkt\/ic-classic\/\" \/>\n<meta property=\"og:site_name\" content=\"Apirosport\" \/>\n<meta property=\"article:modified_time\" content=\"2026-03-24T15:26:31+00:00\" \/>\n<meta property=\"og:image\" content=\"https:\/\/apirosport.com\/wp-content\/uploads\/2025\/12\/ICClassic_01-2.png\" \/>\n\t<meta property=\"og:image:width\" content=\"1000\" \/>\n\t<meta property=\"og:image:height\" content=\"1000\" \/>\n\t<meta property=\"og:image:type\" content=\"image\/png\" \/>\n<meta name=\"twitter:card\" content=\"summary_large_image\" \/>\n<meta name=\"twitter:title\" content=\"Apirosport\" \/>\n<meta name=\"twitter:label1\" content=\"Ber\u00e4knad l\u00e4stid\" \/>\n\t<meta name=\"twitter:data1\" content=\"1 minut\" \/>\n<script type=\"application\/ld+json\" class=\"yoast-schema-graph\">{\"@context\":\"https:\/\/schema.org\",\"@graph\":[{\"@type\":\"WebPage\",\"@id\":\"https:\/\/apirosport.com\/sv\/produkt\/ic-classic\/\",\"url\":\"https:\/\/apirosport.com\/sv\/produkt\/ic-classic\/\",\"name\":\"IC Classic | Apirosport\",\"isPartOf\":{\"@id\":\"https:\/\/apirosport.com\/sv\/#website\"},\"primaryImageOfPage\":{\"@id\":\"https:\/\/apirosport.com\/sv\/produkt\/ic-classic\/#primaryimage\"},\"image\":{\"@id\":\"https:\/\/apirosport.com\/sv\/produkt\/ic-classic\/#primaryimage\"},\"thumbnailUrl\":\"https:\/\/apirosport.com\/wp-content\/uploads\/2025\/12\/ICClassic_01-2.png\",\"datePublished\":\"2020-01-14T16:27:46+00:00\",\"dateModified\":\"2026-03-24T15:26:31+00:00\",\"breadcrumb\":{\"@id\":\"https:\/\/apirosport.com\/sv\/produkt\/ic-classic\/#breadcrumb\"},\"inLanguage\":\"sv-SE\",\"potentialAction\":[{\"@type\":\"ReadAction\",\"target\":[\"https:\/\/apirosport.com\/sv\/produkt\/ic-classic\/\"]}]},{\"@type\":\"ImageObject\",\"inLanguage\":\"sv-SE\",\"@id\":\"https:\/\/apirosport.com\/sv\/produkt\/ic-classic\/#primaryimage\",\"url\":\"https:\/\/apirosport.com\/wp-content\/uploads\/2025\/12\/ICClassic_01-2.png\",\"contentUrl\":\"https:\/\/apirosport.com\/wp-content\/uploads\/2025\/12\/ICClassic_01-2.png\",\"width\":1000,\"height\":1000,\"caption\":\"IC Classic\"},{\"@type\":\"BreadcrumbList\",\"@id\":\"https:\/\/apirosport.com\/sv\/produkt\/ic-classic\/#breadcrumb\",\"itemListElement\":[{\"@type\":\"ListItem\",\"position\":1,\"name\":\"Home\",\"item\":\"https:\/\/apirosport.com\/sv\/\"},{\"@type\":\"ListItem\",\"position\":2,\"name\":\"Produkter\",\"item\":\"https:\/\/apirosport.com\/sv\/produkter\/\"},{\"@type\":\"ListItem\",\"position\":3,\"name\":\"IC Classic\"}]},{\"@type\":\"WebSite\",\"@id\":\"https:\/\/apirosport.com\/sv\/#website\",\"url\":\"https:\/\/apirosport.com\/sv\/\",\"name\":\"Apirosport\",\"description\":\"\",\"publisher\":{\"@id\":\"https:\/\/apirosport.com\/sv\/#organization\"},\"alternateName\":\"Apirosport\",\"potentialAction\":[{\"@type\":\"SearchAction\",\"target\":{\"@type\":\"EntryPoint\",\"urlTemplate\":\"https:\/\/apirosport.com\/sv\/?s={search_term_string}\"},\"query-input\":{\"@type\":\"PropertyValueSpecification\",\"valueRequired\":true,\"valueName\":\"search_term_string\"}}],\"inLanguage\":\"sv-SE\"},{\"@type\":\"Organization\",\"@id\":\"https:\/\/apirosport.com\/sv\/#organization\",\"name\":\"Apirosport\",\"alternateName\":\"Apirosport\",\"url\":\"https:\/\/apirosport.com\/sv\/\",\"logo\":{\"@type\":\"ImageObject\",\"inLanguage\":\"sv-SE\",\"@id\":\"https:\/\/apirosport.com\/sv\/#\/schema\/logo\/image\/\",\"url\":\"https:\/\/apirosport.com\/wp-content\/uploads\/2025\/12\/Apirosport-yellow-scaled.png\",\"contentUrl\":\"https:\/\/apirosport.com\/wp-content\/uploads\/2025\/12\/Apirosport-yellow-scaled.png\",\"width\":2560,\"height\":2278,\"caption\":\"Apirosport\"},\"image\":{\"@id\":\"https:\/\/apirosport.com\/sv\/#\/schema\/logo\/image\/\"}}]}<\/script>\n<!-- \/ Yoast SEO plugin. -->","yoast_head_json":{"title":"IC Classic | Apirosport","robots":{"index":"index","follow":"follow","max-snippet":"max-snippet:-1","max-image-preview":"max-image-preview:large","max-video-preview":"max-video-preview:-1"},"canonical":"https:\/\/apirosport.com\/sv\/produkt\/ic-classic\/","og_locale":"sv_SE","og_type":"article","og_title":"IC Classic | Apirosport","og_description":"IC Classic \u00e4r en robust och p\u00e5litlig cykel f\u00f6r indoor cycling f\u00f6r anl\u00e4ggningar som vill erbjuda en klassisk cykelupplevelse. Med kedjedrift och direktmotst\u00e5nd f\u00e5r du en responsiv k\u00e4nsla som efterliknar utomhuscykling \u2013 perfekt f\u00f6r cyklister som v\u00e4rdes\u00e4tter autenticitet. Den slitstarka konstruktionen, det tunga sv\u00e4nghjulet och den enkla, bepr\u00f6vade designen g\u00f6r IC Classic till ett tryggt [&hellip;]","og_url":"https:\/\/apirosport.com\/sv\/produkt\/ic-classic\/","og_site_name":"Apirosport","article_modified_time":"2026-03-24T15:26:31+00:00","og_image":[{"width":1000,"height":1000,"url":"https:\/\/apirosport.com\/wp-content\/uploads\/2025\/12\/ICClassic_01-2.png","type":"image\/png"}],"twitter_card":"summary_large_image","twitter_title":"Apirosport","twitter_misc":{"Ber\u00e4knad l\u00e4stid":"1 minut"},"schema":{"@context":"https:\/\/schema.org","@graph":[{"@type":"WebPage","@id":"https:\/\/apirosport.com\/sv\/produkt\/ic-classic\/","url":"https:\/\/apirosport.com\/sv\/produkt\/ic-classic\/","name":"IC Classic | Apirosport","isPartOf":{"@id":"https:\/\/apirosport.com\/sv\/#website"},"primaryImageOfPage":{"@id":"https:\/\/apirosport.com\/sv\/produkt\/ic-classic\/#primaryimage"},"image":{"@id":"https:\/\/apirosport.com\/sv\/produkt\/ic-classic\/#primaryimage"},"thumbnailUrl":"https:\/\/apirosport.com\/wp-content\/uploads\/2025\/12\/ICClassic_01-2.png","datePublished":"2020-01-14T16:27:46+00:00","dateModified":"2026-03-24T15:26:31+00:00","breadcrumb":{"@id":"https:\/\/apirosport.com\/sv\/produkt\/ic-classic\/#breadcrumb"},"inLanguage":"sv-SE","potentialAction":[{"@type":"ReadAction","target":["https:\/\/apirosport.com\/sv\/produkt\/ic-classic\/"]}]},{"@type":"ImageObject","inLanguage":"sv-SE","@id":"https:\/\/apirosport.com\/sv\/produkt\/ic-classic\/#primaryimage","url":"https:\/\/apirosport.com\/wp-content\/uploads\/2025\/12\/ICClassic_01-2.png","contentUrl":"https:\/\/apirosport.com\/wp-content\/uploads\/2025\/12\/ICClassic_01-2.png","width":1000,"height":1000,"caption":"IC Classic"},{"@type":"BreadcrumbList","@id":"https:\/\/apirosport.com\/sv\/produkt\/ic-classic\/#breadcrumb","itemListElement":[{"@type":"ListItem","position":1,"name":"Home","item":"https:\/\/apirosport.com\/sv\/"},{"@type":"ListItem","position":2,"name":"Produkter","item":"https:\/\/apirosport.com\/sv\/produkter\/"},{"@type":"ListItem","position":3,"name":"IC Classic"}]},{"@type":"WebSite","@id":"https:\/\/apirosport.com\/sv\/#website","url":"https:\/\/apirosport.com\/sv\/","name":"Apirosport","description":"","publisher":{"@id":"https:\/\/apirosport.com\/sv\/#organization"},"alternateName":"Apirosport","potentialAction":[{"@type":"SearchAction","target":{"@type":"EntryPoint","urlTemplate":"https:\/\/apirosport.com\/sv\/?s={search_term_string}"},"query-input":{"@type":"PropertyValueSpecification","valueRequired":true,"valueName":"search_term_string"}}],"inLanguage":"sv-SE"},{"@type":"Organization","@id":"https:\/\/apirosport.com\/sv\/#organization","name":"Apirosport","alternateName":"Apirosport","url":"https:\/\/apirosport.com\/sv\/","logo":{"@type":"ImageObject","inLanguage":"sv-SE","@id":"https:\/\/apirosport.com\/sv\/#\/schema\/logo\/image\/","url":"https:\/\/apirosport.com\/wp-content\/uploads\/2025\/12\/Apirosport-yellow-scaled.png","contentUrl":"https:\/\/apirosport.com\/wp-content\/uploads\/2025\/12\/Apirosport-yellow-scaled.png","width":2560,"height":2278,"caption":"Apirosport"},"image":{"@id":"https:\/\/apirosport.com\/sv\/#\/schema\/logo\/image\/"}}]}},"_links":{"self":[{"href":"https:\/\/apirosport.com\/sv\/wp-json\/wp\/v2\/product\/11913","targetHints":{"allow":["GET"]}}],"collection":[{"href":"https:\/\/apirosport.com\/sv\/wp-json\/wp\/v2\/product"}],"about":[{"href":"https:\/\/apirosport.com\/sv\/wp-json\/wp\/v2\/types\/product"}],"wp:featuredmedia":[{"embeddable":true,"href":"https:\/\/apirosport.com\/sv\/wp-json\/wp\/v2\/media\/11914"}],"wp:attachment":[{"href":"https:\/\/apirosport.com\/sv\/wp-json\/wp\/v2\/media?parent=11913"}],"wp:term":[{"taxonomy":"variation","embeddable":true,"href":"https:\/\/apirosport.com\/sv\/wp-json\/wp\/v2\/variation?post=11913"},{"taxonomy":"product_brand","embeddable":true,"href":"https:\/\/apirosport.com\/sv\/wp-json\/wp\/v2\/product_brand?post=11913"},{"taxonomy":"product_cat","embeddable":true,"href":"https:\/\/apirosport.com\/sv\/wp-json\/wp\/v2\/product_cat?post=11913"},{"taxonomy":"product_tag","embeddable":true,"href":"https:\/\/apirosport.com\/sv\/wp-json\/wp\/v2\/product_tag?post=11913"}],"curies":[{"name":"wp","href":"https:\/\/api.w.org\/{rel}","templated":true}]}}