{"id":11920,"date":"2020-01-15T16:02:26","date_gmt":"2020-01-15T16:02:26","guid":{"rendered":"https:\/\/apirosport.com\/?post_type=product&#038;p=11920"},"modified":"2026-03-24T14:52:27","modified_gmt":"2026-03-24T14:52:27","slug":"sc5","status":"publish","type":"product","link":"https:\/\/apirosport.com\/sv\/produkt\/sc5\/","title":{"rendered":"SC5 Bike"},"content":{"rendered":"<p>Schwinn SC5 \u00e4r en riktigt bra cykel f\u00f6r dig som vill ha flexibilitet och kvalitet, men som l\u00e4gger mindre fokus p\u00e5 teknologi och materialval.<\/p>\n<ul>\n<li>SC st\u00e5r f\u00f6r smooth cycling och refererar till den sl\u00e4ta drivremmen Poly V-belt som ger en mjuk och behaglig cykling<\/li>\n<li>Viktat sv\u00e4nghjul f\u00f6r b\u00e4ttre momentum i tr\u00e4ningen<\/li>\n<li>Friktionsbroms f\u00f6r motst\u00e5ndsreglering<\/li>\n<li>Sadelstolpe och styre i aluminium<\/li>\n<li>Morse Taper-pedaler f\u00f6r b\u00e4sta h\u00e5llbarhet och livsl\u00e4ngd<\/li>\n<li>Justerbar sits och styre f\u00f6r optimal komfort under tr\u00e4ningen<\/li>\n<li>Echelon2-konsol som tillsammans med vevarmen 4iiii levererar en av marknadens mest exakta m\u00e4tdata. Echelon2 visar alla de vanligaste m\u00e4tv\u00e4rdena och anv\u00e4nds med f\u00f6rdel f\u00f6r watt-baserad tr\u00e4ning (k<em>onsol och vevarm finns som tillval)<\/em><\/li>\n<li>Konstruktion i pulver- och sprutlackerad st\u00e5l<\/li>\n<\/ul>\n","protected":false},"excerpt":{"rendered":"<p>Schwinn SC5 \u00e4r en riktigt bra cykel f\u00f6r dig som vill ha flexibilitet och kvalitet, men som l\u00e4gger mindre fokus p\u00e5 teknologi och materialval. SC st\u00e5r f\u00f6r smooth cycling och refererar till den sl\u00e4ta drivremmen Poly V-belt som ger en mjuk och behaglig cykling Viktat sv\u00e4nghjul f\u00f6r b\u00e4ttre momentum i tr\u00e4ningen Friktionsbroms f\u00f6r motst\u00e5ndsreglering Sadelstolpe [&hellip;]<\/p>\n","protected":false},"featured_media":11921,"template":"","meta":{"_acf_changed":false,"inline_featured_image":false},"variation":[],"product_brand":[],"product_cat":[281,287,325],"product_tag":[300],"class_list":{"0":"post-11920","1":"product","2":"type-product","3":"status-publish","4":"has-post-thumbnail","6":"product_cat-motionscyklar","7":"product_cat-indoor-cycling","8":"product_cat-schwinn","9":"product_tag-schwinn","11":"first","12":"instock","13":"purchasable","14":"product-type-simple"},"acf":[],"yoast_head":"<!-- This site is optimized with the Yoast SEO plugin v26.8 - https:\/\/yoast.com\/product\/yoast-seo-wordpress\/ -->\n<title>SC5 Bike | Apirosport<\/title>\n<meta name=\"robots\" content=\"index, follow, max-snippet:-1, max-image-preview:large, max-video-preview:-1\" \/>\n<link rel=\"canonical\" href=\"https:\/\/apirosport.com\/sv\/produkt\/sc5\/\" \/>\n<meta property=\"og:locale\" content=\"sv_SE\" \/>\n<meta property=\"og:type\" content=\"article\" \/>\n<meta property=\"og:title\" content=\"SC5 Bike | Apirosport\" \/>\n<meta property=\"og:description\" content=\"Schwinn SC5 \u00e4r en riktigt bra cykel f\u00f6r dig som vill ha flexibilitet och kvalitet, men som l\u00e4gger mindre fokus p\u00e5 teknologi och materialval. SC st\u00e5r f\u00f6r smooth cycling och refererar till den sl\u00e4ta drivremmen Poly V-belt som ger en mjuk och behaglig cykling Viktat sv\u00e4nghjul f\u00f6r b\u00e4ttre momentum i tr\u00e4ningen Friktionsbroms f\u00f6r motst\u00e5ndsreglering Sadelstolpe [&hellip;]\" \/>\n<meta property=\"og:url\" content=\"https:\/\/apirosport.com\/sv\/produkt\/sc5\/\" \/>\n<meta property=\"og:site_name\" content=\"Apirosport\" \/>\n<meta property=\"article:modified_time\" content=\"2026-03-24T14:52:27+00:00\" \/>\n<meta property=\"og:image\" content=\"https:\/\/apirosport.com\/wp-content\/uploads\/2025\/12\/SC5_01-2.png\" \/>\n\t<meta property=\"og:image:width\" content=\"1000\" \/>\n\t<meta property=\"og:image:height\" content=\"1000\" \/>\n\t<meta property=\"og:image:type\" content=\"image\/png\" \/>\n<meta name=\"twitter:card\" content=\"summary_large_image\" \/>\n<meta name=\"twitter:title\" content=\"Apirosport\" \/>\n<meta name=\"twitter:label1\" content=\"Ber\u00e4knad l\u00e4stid\" \/>\n\t<meta name=\"twitter:data1\" content=\"1 minut\" \/>\n<script type=\"application\/ld+json\" class=\"yoast-schema-graph\">{\"@context\":\"https:\/\/schema.org\",\"@graph\":[{\"@type\":\"WebPage\",\"@id\":\"https:\/\/apirosport.com\/sv\/produkt\/sc5\/\",\"url\":\"https:\/\/apirosport.com\/sv\/produkt\/sc5\/\",\"name\":\"SC5 Bike | Apirosport\",\"isPartOf\":{\"@id\":\"https:\/\/apirosport.com\/sv\/#website\"},\"primaryImageOfPage\":{\"@id\":\"https:\/\/apirosport.com\/sv\/produkt\/sc5\/#primaryimage\"},\"image\":{\"@id\":\"https:\/\/apirosport.com\/sv\/produkt\/sc5\/#primaryimage\"},\"thumbnailUrl\":\"https:\/\/apirosport.com\/wp-content\/uploads\/2025\/12\/SC5_01-2.png\",\"datePublished\":\"2020-01-15T16:02:26+00:00\",\"dateModified\":\"2026-03-24T14:52:27+00:00\",\"breadcrumb\":{\"@id\":\"https:\/\/apirosport.com\/sv\/produkt\/sc5\/#breadcrumb\"},\"inLanguage\":\"sv-SE\",\"potentialAction\":[{\"@type\":\"ReadAction\",\"target\":[\"https:\/\/apirosport.com\/sv\/produkt\/sc5\/\"]}]},{\"@type\":\"ImageObject\",\"inLanguage\":\"sv-SE\",\"@id\":\"https:\/\/apirosport.com\/sv\/produkt\/sc5\/#primaryimage\",\"url\":\"https:\/\/apirosport.com\/wp-content\/uploads\/2025\/12\/SC5_01-2.png\",\"contentUrl\":\"https:\/\/apirosport.com\/wp-content\/uploads\/2025\/12\/SC5_01-2.png\",\"width\":1000,\"height\":1000,\"caption\":\"SC5\"},{\"@type\":\"BreadcrumbList\",\"@id\":\"https:\/\/apirosport.com\/sv\/produkt\/sc5\/#breadcrumb\",\"itemListElement\":[{\"@type\":\"ListItem\",\"position\":1,\"name\":\"Home\",\"item\":\"https:\/\/apirosport.com\/sv\/\"},{\"@type\":\"ListItem\",\"position\":2,\"name\":\"Produkter\",\"item\":\"https:\/\/apirosport.com\/sv\/produkter\/\"},{\"@type\":\"ListItem\",\"position\":3,\"name\":\"SC5 Bike\"}]},{\"@type\":\"WebSite\",\"@id\":\"https:\/\/apirosport.com\/sv\/#website\",\"url\":\"https:\/\/apirosport.com\/sv\/\",\"name\":\"Apirosport\",\"description\":\"\",\"publisher\":{\"@id\":\"https:\/\/apirosport.com\/sv\/#organization\"},\"alternateName\":\"Apirosport\",\"potentialAction\":[{\"@type\":\"SearchAction\",\"target\":{\"@type\":\"EntryPoint\",\"urlTemplate\":\"https:\/\/apirosport.com\/sv\/?s={search_term_string}\"},\"query-input\":{\"@type\":\"PropertyValueSpecification\",\"valueRequired\":true,\"valueName\":\"search_term_string\"}}],\"inLanguage\":\"sv-SE\"},{\"@type\":\"Organization\",\"@id\":\"https:\/\/apirosport.com\/sv\/#organization\",\"name\":\"Apirosport\",\"alternateName\":\"Apirosport\",\"url\":\"https:\/\/apirosport.com\/sv\/\",\"logo\":{\"@type\":\"ImageObject\",\"inLanguage\":\"sv-SE\",\"@id\":\"https:\/\/apirosport.com\/sv\/#\/schema\/logo\/image\/\",\"url\":\"https:\/\/apirosport.com\/wp-content\/uploads\/2025\/12\/Apirosport-yellow-scaled.png\",\"contentUrl\":\"https:\/\/apirosport.com\/wp-content\/uploads\/2025\/12\/Apirosport-yellow-scaled.png\",\"width\":2560,\"height\":2278,\"caption\":\"Apirosport\"},\"image\":{\"@id\":\"https:\/\/apirosport.com\/sv\/#\/schema\/logo\/image\/\"}}]}<\/script>\n<!-- \/ Yoast SEO plugin. -->","yoast_head_json":{"title":"SC5 Bike | Apirosport","robots":{"index":"index","follow":"follow","max-snippet":"max-snippet:-1","max-image-preview":"max-image-preview:large","max-video-preview":"max-video-preview:-1"},"canonical":"https:\/\/apirosport.com\/sv\/produkt\/sc5\/","og_locale":"sv_SE","og_type":"article","og_title":"SC5 Bike | Apirosport","og_description":"Schwinn SC5 \u00e4r en riktigt bra cykel f\u00f6r dig som vill ha flexibilitet och kvalitet, men som l\u00e4gger mindre fokus p\u00e5 teknologi och materialval. SC st\u00e5r f\u00f6r smooth cycling och refererar till den sl\u00e4ta drivremmen Poly V-belt som ger en mjuk och behaglig cykling Viktat sv\u00e4nghjul f\u00f6r b\u00e4ttre momentum i tr\u00e4ningen Friktionsbroms f\u00f6r motst\u00e5ndsreglering Sadelstolpe [&hellip;]","og_url":"https:\/\/apirosport.com\/sv\/produkt\/sc5\/","og_site_name":"Apirosport","article_modified_time":"2026-03-24T14:52:27+00:00","og_image":[{"width":1000,"height":1000,"url":"https:\/\/apirosport.com\/wp-content\/uploads\/2025\/12\/SC5_01-2.png","type":"image\/png"}],"twitter_card":"summary_large_image","twitter_title":"Apirosport","twitter_misc":{"Ber\u00e4knad l\u00e4stid":"1 minut"},"schema":{"@context":"https:\/\/schema.org","@graph":[{"@type":"WebPage","@id":"https:\/\/apirosport.com\/sv\/produkt\/sc5\/","url":"https:\/\/apirosport.com\/sv\/produkt\/sc5\/","name":"SC5 Bike | Apirosport","isPartOf":{"@id":"https:\/\/apirosport.com\/sv\/#website"},"primaryImageOfPage":{"@id":"https:\/\/apirosport.com\/sv\/produkt\/sc5\/#primaryimage"},"image":{"@id":"https:\/\/apirosport.com\/sv\/produkt\/sc5\/#primaryimage"},"thumbnailUrl":"https:\/\/apirosport.com\/wp-content\/uploads\/2025\/12\/SC5_01-2.png","datePublished":"2020-01-15T16:02:26+00:00","dateModified":"2026-03-24T14:52:27+00:00","breadcrumb":{"@id":"https:\/\/apirosport.com\/sv\/produkt\/sc5\/#breadcrumb"},"inLanguage":"sv-SE","potentialAction":[{"@type":"ReadAction","target":["https:\/\/apirosport.com\/sv\/produkt\/sc5\/"]}]},{"@type":"ImageObject","inLanguage":"sv-SE","@id":"https:\/\/apirosport.com\/sv\/produkt\/sc5\/#primaryimage","url":"https:\/\/apirosport.com\/wp-content\/uploads\/2025\/12\/SC5_01-2.png","contentUrl":"https:\/\/apirosport.com\/wp-content\/uploads\/2025\/12\/SC5_01-2.png","width":1000,"height":1000,"caption":"SC5"},{"@type":"BreadcrumbList","@id":"https:\/\/apirosport.com\/sv\/produkt\/sc5\/#breadcrumb","itemListElement":[{"@type":"ListItem","position":1,"name":"Home","item":"https:\/\/apirosport.com\/sv\/"},{"@type":"ListItem","position":2,"name":"Produkter","item":"https:\/\/apirosport.com\/sv\/produkter\/"},{"@type":"ListItem","position":3,"name":"SC5 Bike"}]},{"@type":"WebSite","@id":"https:\/\/apirosport.com\/sv\/#website","url":"https:\/\/apirosport.com\/sv\/","name":"Apirosport","description":"","publisher":{"@id":"https:\/\/apirosport.com\/sv\/#organization"},"alternateName":"Apirosport","potentialAction":[{"@type":"SearchAction","target":{"@type":"EntryPoint","urlTemplate":"https:\/\/apirosport.com\/sv\/?s={search_term_string}"},"query-input":{"@type":"PropertyValueSpecification","valueRequired":true,"valueName":"search_term_string"}}],"inLanguage":"sv-SE"},{"@type":"Organization","@id":"https:\/\/apirosport.com\/sv\/#organization","name":"Apirosport","alternateName":"Apirosport","url":"https:\/\/apirosport.com\/sv\/","logo":{"@type":"ImageObject","inLanguage":"sv-SE","@id":"https:\/\/apirosport.com\/sv\/#\/schema\/logo\/image\/","url":"https:\/\/apirosport.com\/wp-content\/uploads\/2025\/12\/Apirosport-yellow-scaled.png","contentUrl":"https:\/\/apirosport.com\/wp-content\/uploads\/2025\/12\/Apirosport-yellow-scaled.png","width":2560,"height":2278,"caption":"Apirosport"},"image":{"@id":"https:\/\/apirosport.com\/sv\/#\/schema\/logo\/image\/"}}]}},"_links":{"self":[{"href":"https:\/\/apirosport.com\/sv\/wp-json\/wp\/v2\/product\/11920","targetHints":{"allow":["GET"]}}],"collection":[{"href":"https:\/\/apirosport.com\/sv\/wp-json\/wp\/v2\/product"}],"about":[{"href":"https:\/\/apirosport.com\/sv\/wp-json\/wp\/v2\/types\/product"}],"wp:featuredmedia":[{"embeddable":true,"href":"https:\/\/apirosport.com\/sv\/wp-json\/wp\/v2\/media\/11921"}],"wp:attachment":[{"href":"https:\/\/apirosport.com\/sv\/wp-json\/wp\/v2\/media?parent=11920"}],"wp:term":[{"taxonomy":"variation","embeddable":true,"href":"https:\/\/apirosport.com\/sv\/wp-json\/wp\/v2\/variation?post=11920"},{"taxonomy":"product_brand","embeddable":true,"href":"https:\/\/apirosport.com\/sv\/wp-json\/wp\/v2\/product_brand?post=11920"},{"taxonomy":"product_cat","embeddable":true,"href":"https:\/\/apirosport.com\/sv\/wp-json\/wp\/v2\/product_cat?post=11920"},{"taxonomy":"product_tag","embeddable":true,"href":"https:\/\/apirosport.com\/sv\/wp-json\/wp\/v2\/product_tag?post=11920"}],"curies":[{"name":"wp","href":"https:\/\/api.w.org\/{rel}","templated":true}]}}