{"id":11930,"date":"2020-01-16T14:54:28","date_gmt":"2020-01-16T14:54:28","guid":{"rendered":"https:\/\/apirosport.com\/?post_type=product&#038;p=11930"},"modified":"2026-02-22T21:14:56","modified_gmt":"2026-02-22T21:14:56","slug":"echelon2-with-power-kit","status":"publish","type":"product","link":"https:\/\/apirosport.com\/sv\/produkt\/echelon2-with-power-kit\/","title":{"rendered":"Indoor Cycling &#8211; Echelon2 with Power Kit"},"content":{"rendered":"<p><a href=\"https:\/\/apirosport.se\/produkter\/indoor-cycling\/echelon2\/\" target=\"_blank\" rel=\"noopener\">Echelon2<\/a> with Power Kit \u00e4r en valfri i uppgradering f\u00f6r dig som vill maxa s\u00e5v\u00e4l tr\u00e4ning som tracking. Tillsammans med en power sensor som monteras framtill p\u00e5 cykeln visar Echelon2-konsolen betydligt fler m\u00e4tv\u00e4rde, <em>power<\/em> i synnerhet f\u00f6r watt-baserad tr\u00e4ning. Power Kit m\u00e4ter med en felmarginal om +\/- 10 % vilket h\u00e5ller sig inom branschstandard.<\/p>\n<ul>\n<li>Med Power Kit visas alla de viktigaste m\u00e4tv\u00e4rdena som watt, tid, kalorier, RPM, distans och puls. Vill du j\u00e4mf\u00f6ra dig med hur du presterat under passets olika delar finns \u00e4ven funktionen \u201dStages\u201d som vid ett knapptryck sparar din tr\u00e4ningsdata f\u00f6r den angivna perioden<\/li>\n<li>Kompatibel med AC-serien (AC Performance och AC Sport) och SC-serien (SC7 och SC5)<\/li>\n<li>M\u00f6jlighet till enkel uppkoppling och tracking med ANT+. USB-port finns \u00e4ven f\u00f6r nedladdning av tr\u00e4ningsdata<\/li>\n<\/ul>\n","protected":false},"excerpt":{"rendered":"<p>Echelon2 with Power Kit \u00e4r en valfri i uppgradering f\u00f6r dig som vill maxa s\u00e5v\u00e4l tr\u00e4ning som tracking. Tillsammans med en power sensor som monteras framtill p\u00e5 cykeln visar Echelon2-konsolen betydligt fler m\u00e4tv\u00e4rde, power i synnerhet f\u00f6r watt-baserad tr\u00e4ning. Power Kit m\u00e4ter med en felmarginal om +\/- 10 % vilket h\u00e5ller sig inom branschstandard. Med [&hellip;]<\/p>\n","protected":false},"featured_media":11931,"template":"","meta":{"_acf_changed":false,"inline_featured_image":false},"variation":[],"product_brand":[],"product_cat":[287,288,325],"product_tag":[300],"class_list":{"0":"post-11930","1":"product","2":"type-product","3":"status-publish","4":"has-post-thumbnail","6":"product_cat-indoor-cycling","7":"product_cat-konsoler","8":"product_cat-schwinn","9":"product_tag-schwinn","11":"first","12":"instock","13":"purchasable","14":"product-type-simple"},"acf":[],"yoast_head":"<!-- This site is optimized with the Yoast SEO plugin v26.8 - https:\/\/yoast.com\/product\/yoast-seo-wordpress\/ -->\n<title>Indoor Cycling - Echelon2 with Power Kit | Apirosport<\/title>\n<meta name=\"robots\" content=\"index, follow, max-snippet:-1, max-image-preview:large, max-video-preview:-1\" \/>\n<link rel=\"canonical\" href=\"https:\/\/apirosport.com\/sv\/produkt\/echelon2-with-power-kit\/\" \/>\n<meta property=\"og:locale\" content=\"sv_SE\" \/>\n<meta property=\"og:type\" content=\"article\" \/>\n<meta property=\"og:title\" content=\"Indoor Cycling - Echelon2 with Power Kit | Apirosport\" \/>\n<meta property=\"og:description\" content=\"Echelon2 with Power Kit \u00e4r en valfri i uppgradering f\u00f6r dig som vill maxa s\u00e5v\u00e4l tr\u00e4ning som tracking. Tillsammans med en power sensor som monteras framtill p\u00e5 cykeln visar Echelon2-konsolen betydligt fler m\u00e4tv\u00e4rde, power i synnerhet f\u00f6r watt-baserad tr\u00e4ning. Power Kit m\u00e4ter med en felmarginal om +\/- 10 % vilket h\u00e5ller sig inom branschstandard. Med [&hellip;]\" \/>\n<meta property=\"og:url\" content=\"https:\/\/apirosport.com\/sv\/produkt\/echelon2-with-power-kit\/\" \/>\n<meta property=\"og:site_name\" content=\"Apirosport\" \/>\n<meta property=\"article:modified_time\" content=\"2026-02-22T21:14:56+00:00\" \/>\n<meta property=\"og:image\" content=\"https:\/\/apirosport.com\/wp-content\/uploads\/2025\/12\/Echelon2withPower-Kit_01-2.png\" \/>\n\t<meta property=\"og:image:width\" content=\"1000\" \/>\n\t<meta property=\"og:image:height\" content=\"1000\" \/>\n\t<meta property=\"og:image:type\" content=\"image\/png\" \/>\n<meta name=\"twitter:card\" content=\"summary_large_image\" \/>\n<meta name=\"twitter:title\" content=\"Apirosport\" \/>\n<meta name=\"twitter:label1\" content=\"Ber\u00e4knad l\u00e4stid\" \/>\n\t<meta name=\"twitter:data1\" content=\"1 minut\" \/>\n<script type=\"application\/ld+json\" class=\"yoast-schema-graph\">{\"@context\":\"https:\/\/schema.org\",\"@graph\":[{\"@type\":\"WebPage\",\"@id\":\"https:\/\/apirosport.com\/sv\/produkt\/echelon2-with-power-kit\/\",\"url\":\"https:\/\/apirosport.com\/sv\/produkt\/echelon2-with-power-kit\/\",\"name\":\"Indoor Cycling - Echelon2 with Power Kit | Apirosport\",\"isPartOf\":{\"@id\":\"https:\/\/apirosport.com\/sv\/#website\"},\"primaryImageOfPage\":{\"@id\":\"https:\/\/apirosport.com\/sv\/produkt\/echelon2-with-power-kit\/#primaryimage\"},\"image\":{\"@id\":\"https:\/\/apirosport.com\/sv\/produkt\/echelon2-with-power-kit\/#primaryimage\"},\"thumbnailUrl\":\"https:\/\/apirosport.com\/wp-content\/uploads\/2025\/12\/Echelon2withPower-Kit_01-2.png\",\"datePublished\":\"2020-01-16T14:54:28+00:00\",\"dateModified\":\"2026-02-22T21:14:56+00:00\",\"breadcrumb\":{\"@id\":\"https:\/\/apirosport.com\/sv\/produkt\/echelon2-with-power-kit\/#breadcrumb\"},\"inLanguage\":\"sv-SE\",\"potentialAction\":[{\"@type\":\"ReadAction\",\"target\":[\"https:\/\/apirosport.com\/sv\/produkt\/echelon2-with-power-kit\/\"]}]},{\"@type\":\"ImageObject\",\"inLanguage\":\"sv-SE\",\"@id\":\"https:\/\/apirosport.com\/sv\/produkt\/echelon2-with-power-kit\/#primaryimage\",\"url\":\"https:\/\/apirosport.com\/wp-content\/uploads\/2025\/12\/Echelon2withPower-Kit_01-2.png\",\"contentUrl\":\"https:\/\/apirosport.com\/wp-content\/uploads\/2025\/12\/Echelon2withPower-Kit_01-2.png\",\"width\":1000,\"height\":1000,\"caption\":\"Echelon2 with 4iiii\"},{\"@type\":\"BreadcrumbList\",\"@id\":\"https:\/\/apirosport.com\/sv\/produkt\/echelon2-with-power-kit\/#breadcrumb\",\"itemListElement\":[{\"@type\":\"ListItem\",\"position\":1,\"name\":\"Home\",\"item\":\"https:\/\/apirosport.com\/sv\/\"},{\"@type\":\"ListItem\",\"position\":2,\"name\":\"Produkter\",\"item\":\"https:\/\/apirosport.com\/sv\/produkter\/\"},{\"@type\":\"ListItem\",\"position\":3,\"name\":\"Indoor Cycling &#8211; Echelon2 with Power Kit\"}]},{\"@type\":\"WebSite\",\"@id\":\"https:\/\/apirosport.com\/sv\/#website\",\"url\":\"https:\/\/apirosport.com\/sv\/\",\"name\":\"Apirosport\",\"description\":\"\",\"publisher\":{\"@id\":\"https:\/\/apirosport.com\/sv\/#organization\"},\"alternateName\":\"Apirosport\",\"potentialAction\":[{\"@type\":\"SearchAction\",\"target\":{\"@type\":\"EntryPoint\",\"urlTemplate\":\"https:\/\/apirosport.com\/sv\/?s={search_term_string}\"},\"query-input\":{\"@type\":\"PropertyValueSpecification\",\"valueRequired\":true,\"valueName\":\"search_term_string\"}}],\"inLanguage\":\"sv-SE\"},{\"@type\":\"Organization\",\"@id\":\"https:\/\/apirosport.com\/sv\/#organization\",\"name\":\"Apirosport\",\"alternateName\":\"Apirosport\",\"url\":\"https:\/\/apirosport.com\/sv\/\",\"logo\":{\"@type\":\"ImageObject\",\"inLanguage\":\"sv-SE\",\"@id\":\"https:\/\/apirosport.com\/sv\/#\/schema\/logo\/image\/\",\"url\":\"https:\/\/apirosport.com\/wp-content\/uploads\/2025\/12\/Apirosport-yellow-scaled.png\",\"contentUrl\":\"https:\/\/apirosport.com\/wp-content\/uploads\/2025\/12\/Apirosport-yellow-scaled.png\",\"width\":2560,\"height\":2278,\"caption\":\"Apirosport\"},\"image\":{\"@id\":\"https:\/\/apirosport.com\/sv\/#\/schema\/logo\/image\/\"}}]}<\/script>\n<!-- \/ Yoast SEO plugin. -->","yoast_head_json":{"title":"Indoor Cycling - Echelon2 with Power Kit | Apirosport","robots":{"index":"index","follow":"follow","max-snippet":"max-snippet:-1","max-image-preview":"max-image-preview:large","max-video-preview":"max-video-preview:-1"},"canonical":"https:\/\/apirosport.com\/sv\/produkt\/echelon2-with-power-kit\/","og_locale":"sv_SE","og_type":"article","og_title":"Indoor Cycling - Echelon2 with Power Kit | Apirosport","og_description":"Echelon2 with Power Kit \u00e4r en valfri i uppgradering f\u00f6r dig som vill maxa s\u00e5v\u00e4l tr\u00e4ning som tracking. Tillsammans med en power sensor som monteras framtill p\u00e5 cykeln visar Echelon2-konsolen betydligt fler m\u00e4tv\u00e4rde, power i synnerhet f\u00f6r watt-baserad tr\u00e4ning. Power Kit m\u00e4ter med en felmarginal om +\/- 10 % vilket h\u00e5ller sig inom branschstandard. Med [&hellip;]","og_url":"https:\/\/apirosport.com\/sv\/produkt\/echelon2-with-power-kit\/","og_site_name":"Apirosport","article_modified_time":"2026-02-22T21:14:56+00:00","og_image":[{"width":1000,"height":1000,"url":"https:\/\/apirosport.com\/wp-content\/uploads\/2025\/12\/Echelon2withPower-Kit_01-2.png","type":"image\/png"}],"twitter_card":"summary_large_image","twitter_title":"Apirosport","twitter_misc":{"Ber\u00e4knad l\u00e4stid":"1 minut"},"schema":{"@context":"https:\/\/schema.org","@graph":[{"@type":"WebPage","@id":"https:\/\/apirosport.com\/sv\/produkt\/echelon2-with-power-kit\/","url":"https:\/\/apirosport.com\/sv\/produkt\/echelon2-with-power-kit\/","name":"Indoor Cycling - Echelon2 with Power Kit | Apirosport","isPartOf":{"@id":"https:\/\/apirosport.com\/sv\/#website"},"primaryImageOfPage":{"@id":"https:\/\/apirosport.com\/sv\/produkt\/echelon2-with-power-kit\/#primaryimage"},"image":{"@id":"https:\/\/apirosport.com\/sv\/produkt\/echelon2-with-power-kit\/#primaryimage"},"thumbnailUrl":"https:\/\/apirosport.com\/wp-content\/uploads\/2025\/12\/Echelon2withPower-Kit_01-2.png","datePublished":"2020-01-16T14:54:28+00:00","dateModified":"2026-02-22T21:14:56+00:00","breadcrumb":{"@id":"https:\/\/apirosport.com\/sv\/produkt\/echelon2-with-power-kit\/#breadcrumb"},"inLanguage":"sv-SE","potentialAction":[{"@type":"ReadAction","target":["https:\/\/apirosport.com\/sv\/produkt\/echelon2-with-power-kit\/"]}]},{"@type":"ImageObject","inLanguage":"sv-SE","@id":"https:\/\/apirosport.com\/sv\/produkt\/echelon2-with-power-kit\/#primaryimage","url":"https:\/\/apirosport.com\/wp-content\/uploads\/2025\/12\/Echelon2withPower-Kit_01-2.png","contentUrl":"https:\/\/apirosport.com\/wp-content\/uploads\/2025\/12\/Echelon2withPower-Kit_01-2.png","width":1000,"height":1000,"caption":"Echelon2 with 4iiii"},{"@type":"BreadcrumbList","@id":"https:\/\/apirosport.com\/sv\/produkt\/echelon2-with-power-kit\/#breadcrumb","itemListElement":[{"@type":"ListItem","position":1,"name":"Home","item":"https:\/\/apirosport.com\/sv\/"},{"@type":"ListItem","position":2,"name":"Produkter","item":"https:\/\/apirosport.com\/sv\/produkter\/"},{"@type":"ListItem","position":3,"name":"Indoor Cycling &#8211; Echelon2 with Power Kit"}]},{"@type":"WebSite","@id":"https:\/\/apirosport.com\/sv\/#website","url":"https:\/\/apirosport.com\/sv\/","name":"Apirosport","description":"","publisher":{"@id":"https:\/\/apirosport.com\/sv\/#organization"},"alternateName":"Apirosport","potentialAction":[{"@type":"SearchAction","target":{"@type":"EntryPoint","urlTemplate":"https:\/\/apirosport.com\/sv\/?s={search_term_string}"},"query-input":{"@type":"PropertyValueSpecification","valueRequired":true,"valueName":"search_term_string"}}],"inLanguage":"sv-SE"},{"@type":"Organization","@id":"https:\/\/apirosport.com\/sv\/#organization","name":"Apirosport","alternateName":"Apirosport","url":"https:\/\/apirosport.com\/sv\/","logo":{"@type":"ImageObject","inLanguage":"sv-SE","@id":"https:\/\/apirosport.com\/sv\/#\/schema\/logo\/image\/","url":"https:\/\/apirosport.com\/wp-content\/uploads\/2025\/12\/Apirosport-yellow-scaled.png","contentUrl":"https:\/\/apirosport.com\/wp-content\/uploads\/2025\/12\/Apirosport-yellow-scaled.png","width":2560,"height":2278,"caption":"Apirosport"},"image":{"@id":"https:\/\/apirosport.com\/sv\/#\/schema\/logo\/image\/"}}]}},"_links":{"self":[{"href":"https:\/\/apirosport.com\/sv\/wp-json\/wp\/v2\/product\/11930","targetHints":{"allow":["GET"]}}],"collection":[{"href":"https:\/\/apirosport.com\/sv\/wp-json\/wp\/v2\/product"}],"about":[{"href":"https:\/\/apirosport.com\/sv\/wp-json\/wp\/v2\/types\/product"}],"wp:featuredmedia":[{"embeddable":true,"href":"https:\/\/apirosport.com\/sv\/wp-json\/wp\/v2\/media\/11931"}],"wp:attachment":[{"href":"https:\/\/apirosport.com\/sv\/wp-json\/wp\/v2\/media?parent=11930"}],"wp:term":[{"taxonomy":"variation","embeddable":true,"href":"https:\/\/apirosport.com\/sv\/wp-json\/wp\/v2\/variation?post=11930"},{"taxonomy":"product_brand","embeddable":true,"href":"https:\/\/apirosport.com\/sv\/wp-json\/wp\/v2\/product_brand?post=11930"},{"taxonomy":"product_cat","embeddable":true,"href":"https:\/\/apirosport.com\/sv\/wp-json\/wp\/v2\/product_cat?post=11930"},{"taxonomy":"product_tag","embeddable":true,"href":"https:\/\/apirosport.com\/sv\/wp-json\/wp\/v2\/product_tag?post=11930"}],"curies":[{"name":"wp","href":"https:\/\/api.w.org\/{rel}","templated":true}]}}