{"id":11932,"date":"2020-01-16T15:33:15","date_gmt":"2020-01-16T15:33:15","guid":{"rendered":"https:\/\/apirosport.com\/?post_type=product&#038;p=11932"},"modified":"2026-02-23T12:50:49","modified_gmt":"2026-02-23T12:50:49","slug":"echelon2-with-4iiii","status":"publish","type":"product","link":"https:\/\/apirosport.com\/sv\/produkt\/echelon2-with-4iiii\/","title":{"rendered":"Indoor cycling &#8211; Echelon2 with 4iiii"},"content":{"rendered":"<p><a href=\"https:\/\/apirosport.se\/produkter\/indoor-cycling\/echelon2\/\" target=\"_blank\" rel=\"noopener\">Echelon2<\/a> with 4iiii \u00e4r uppgraderingen f\u00f6r dig som vill f\u00e5 ut absolut max av programmering, tr\u00e4ning och teknologi. Med vevarmen 4iiii levereras branschens b\u00e4sta och mest korrekta m\u00e4tv\u00e4rde med en felmarginal p\u00e5 runt 1 %. P\u00e5 Schwinn AC Power och SC Power kommer b\u00e5da som standard, men s\u00e5v\u00e4l konsol som vevarm finns som tillval p\u00e5 samtliga modeller.<\/p>\n<ul>\n<li>Med 4iiii visas alla de viktigaste m\u00e4tv\u00e4rdena som watt, tid, kalorier, RPM, distans och puls. Vill du j\u00e4mf\u00f6ra dig med hur du presterat under passets olika delar finns \u00e4ven funktionen \u201dStages\u201d som vid ett knapptryck sparar din tr\u00e4ningsdata f\u00f6r den angivna perioden<\/li>\n<li>Kompatibel med AC-serien (AC Performance och AC Sport) och SC-serien (SC7 och SC5)<\/li>\n<li>M\u00f6jlighet till enkel uppkoppling och tracking med ANT+. USB-port finns \u00e4ven f\u00f6r nedladdning av tr\u00e4ningsdata<\/li>\n<\/ul>\n","protected":false},"excerpt":{"rendered":"<p>Echelon2 with 4iiii \u00e4r uppgraderingen f\u00f6r dig som vill f\u00e5 ut absolut max av programmering, tr\u00e4ning och teknologi. Med vevarmen 4iiii levereras branschens b\u00e4sta och mest korrekta m\u00e4tv\u00e4rde med en felmarginal p\u00e5 runt 1 %. P\u00e5 Schwinn AC Power och SC Power kommer b\u00e5da som standard, men s\u00e5v\u00e4l konsol som vevarm finns som tillval p\u00e5 [&hellip;]<\/p>\n","protected":false},"featured_media":11931,"template":"","meta":{"_acf_changed":false,"inline_featured_image":false},"variation":[],"product_brand":[],"product_cat":[282,287,288,306,325],"product_tag":[300],"class_list":{"0":"post-11932","1":"product","2":"type-product","3":"status-publish","4":"has-post-thumbnail","6":"product_cat-displays","7":"product_cat-indoor-cycling","8":"product_cat-konsoler","9":"product_cat-tillbehor","10":"product_cat-schwinn","11":"product_tag-schwinn","13":"first","14":"instock","15":"purchasable","16":"product-type-simple"},"acf":[],"yoast_head":"<!-- This site is optimized with the Yoast SEO plugin v26.8 - https:\/\/yoast.com\/product\/yoast-seo-wordpress\/ -->\n<title>Indoor cycling - Echelon2 with 4iiii | Apirosport<\/title>\n<meta name=\"robots\" content=\"index, follow, max-snippet:-1, max-image-preview:large, max-video-preview:-1\" \/>\n<link rel=\"canonical\" href=\"https:\/\/apirosport.com\/sv\/produkt\/echelon2-with-4iiii\/\" \/>\n<meta property=\"og:locale\" content=\"sv_SE\" \/>\n<meta property=\"og:type\" content=\"article\" \/>\n<meta property=\"og:title\" content=\"Indoor cycling - Echelon2 with 4iiii | Apirosport\" \/>\n<meta property=\"og:description\" content=\"Echelon2 with 4iiii \u00e4r uppgraderingen f\u00f6r dig som vill f\u00e5 ut absolut max av programmering, tr\u00e4ning och teknologi. Med vevarmen 4iiii levereras branschens b\u00e4sta och mest korrekta m\u00e4tv\u00e4rde med en felmarginal p\u00e5 runt 1 %. P\u00e5 Schwinn AC Power och SC Power kommer b\u00e5da som standard, men s\u00e5v\u00e4l konsol som vevarm finns som tillval p\u00e5 [&hellip;]\" \/>\n<meta property=\"og:url\" content=\"https:\/\/apirosport.com\/sv\/produkt\/echelon2-with-4iiii\/\" \/>\n<meta property=\"og:site_name\" content=\"Apirosport\" \/>\n<meta property=\"article:modified_time\" content=\"2026-02-23T12:50:49+00:00\" \/>\n<meta property=\"og:image\" content=\"https:\/\/apirosport.com\/wp-content\/uploads\/2025\/12\/Echelon2withPower-Kit_01-2.png\" \/>\n\t<meta property=\"og:image:width\" content=\"1000\" \/>\n\t<meta property=\"og:image:height\" content=\"1000\" \/>\n\t<meta property=\"og:image:type\" content=\"image\/png\" \/>\n<meta name=\"twitter:card\" content=\"summary_large_image\" \/>\n<meta name=\"twitter:title\" content=\"Apirosport\" \/>\n<meta name=\"twitter:label1\" content=\"Ber\u00e4knad l\u00e4stid\" \/>\n\t<meta name=\"twitter:data1\" content=\"1 minut\" \/>\n<script type=\"application\/ld+json\" class=\"yoast-schema-graph\">{\"@context\":\"https:\/\/schema.org\",\"@graph\":[{\"@type\":\"WebPage\",\"@id\":\"https:\/\/apirosport.com\/sv\/produkt\/echelon2-with-4iiii\/\",\"url\":\"https:\/\/apirosport.com\/sv\/produkt\/echelon2-with-4iiii\/\",\"name\":\"Indoor cycling - Echelon2 with 4iiii | Apirosport\",\"isPartOf\":{\"@id\":\"https:\/\/apirosport.com\/sv\/#website\"},\"primaryImageOfPage\":{\"@id\":\"https:\/\/apirosport.com\/sv\/produkt\/echelon2-with-4iiii\/#primaryimage\"},\"image\":{\"@id\":\"https:\/\/apirosport.com\/sv\/produkt\/echelon2-with-4iiii\/#primaryimage\"},\"thumbnailUrl\":\"https:\/\/apirosport.com\/wp-content\/uploads\/2025\/12\/Echelon2withPower-Kit_01-2.png\",\"datePublished\":\"2020-01-16T15:33:15+00:00\",\"dateModified\":\"2026-02-23T12:50:49+00:00\",\"breadcrumb\":{\"@id\":\"https:\/\/apirosport.com\/sv\/produkt\/echelon2-with-4iiii\/#breadcrumb\"},\"inLanguage\":\"sv-SE\",\"potentialAction\":[{\"@type\":\"ReadAction\",\"target\":[\"https:\/\/apirosport.com\/sv\/produkt\/echelon2-with-4iiii\/\"]}]},{\"@type\":\"ImageObject\",\"inLanguage\":\"sv-SE\",\"@id\":\"https:\/\/apirosport.com\/sv\/produkt\/echelon2-with-4iiii\/#primaryimage\",\"url\":\"https:\/\/apirosport.com\/wp-content\/uploads\/2025\/12\/Echelon2withPower-Kit_01-2.png\",\"contentUrl\":\"https:\/\/apirosport.com\/wp-content\/uploads\/2025\/12\/Echelon2withPower-Kit_01-2.png\",\"width\":1000,\"height\":1000,\"caption\":\"Echelon2 with 4iiii\"},{\"@type\":\"BreadcrumbList\",\"@id\":\"https:\/\/apirosport.com\/sv\/produkt\/echelon2-with-4iiii\/#breadcrumb\",\"itemListElement\":[{\"@type\":\"ListItem\",\"position\":1,\"name\":\"Home\",\"item\":\"https:\/\/apirosport.com\/sv\/\"},{\"@type\":\"ListItem\",\"position\":2,\"name\":\"Produkter\",\"item\":\"https:\/\/apirosport.com\/sv\/produkter\/\"},{\"@type\":\"ListItem\",\"position\":3,\"name\":\"Indoor cycling &#8211; Echelon2 with 4iiii\"}]},{\"@type\":\"WebSite\",\"@id\":\"https:\/\/apirosport.com\/sv\/#website\",\"url\":\"https:\/\/apirosport.com\/sv\/\",\"name\":\"Apirosport\",\"description\":\"\",\"publisher\":{\"@id\":\"https:\/\/apirosport.com\/sv\/#organization\"},\"alternateName\":\"Apirosport\",\"potentialAction\":[{\"@type\":\"SearchAction\",\"target\":{\"@type\":\"EntryPoint\",\"urlTemplate\":\"https:\/\/apirosport.com\/sv\/?s={search_term_string}\"},\"query-input\":{\"@type\":\"PropertyValueSpecification\",\"valueRequired\":true,\"valueName\":\"search_term_string\"}}],\"inLanguage\":\"sv-SE\"},{\"@type\":\"Organization\",\"@id\":\"https:\/\/apirosport.com\/sv\/#organization\",\"name\":\"Apirosport\",\"alternateName\":\"Apirosport\",\"url\":\"https:\/\/apirosport.com\/sv\/\",\"logo\":{\"@type\":\"ImageObject\",\"inLanguage\":\"sv-SE\",\"@id\":\"https:\/\/apirosport.com\/sv\/#\/schema\/logo\/image\/\",\"url\":\"https:\/\/apirosport.com\/wp-content\/uploads\/2025\/12\/Apirosport-yellow-scaled.png\",\"contentUrl\":\"https:\/\/apirosport.com\/wp-content\/uploads\/2025\/12\/Apirosport-yellow-scaled.png\",\"width\":2560,\"height\":2278,\"caption\":\"Apirosport\"},\"image\":{\"@id\":\"https:\/\/apirosport.com\/sv\/#\/schema\/logo\/image\/\"}}]}<\/script>\n<!-- \/ Yoast SEO plugin. -->","yoast_head_json":{"title":"Indoor cycling - Echelon2 with 4iiii | Apirosport","robots":{"index":"index","follow":"follow","max-snippet":"max-snippet:-1","max-image-preview":"max-image-preview:large","max-video-preview":"max-video-preview:-1"},"canonical":"https:\/\/apirosport.com\/sv\/produkt\/echelon2-with-4iiii\/","og_locale":"sv_SE","og_type":"article","og_title":"Indoor cycling - Echelon2 with 4iiii | Apirosport","og_description":"Echelon2 with 4iiii \u00e4r uppgraderingen f\u00f6r dig som vill f\u00e5 ut absolut max av programmering, tr\u00e4ning och teknologi. Med vevarmen 4iiii levereras branschens b\u00e4sta och mest korrekta m\u00e4tv\u00e4rde med en felmarginal p\u00e5 runt 1 %. P\u00e5 Schwinn AC Power och SC Power kommer b\u00e5da som standard, men s\u00e5v\u00e4l konsol som vevarm finns som tillval p\u00e5 [&hellip;]","og_url":"https:\/\/apirosport.com\/sv\/produkt\/echelon2-with-4iiii\/","og_site_name":"Apirosport","article_modified_time":"2026-02-23T12:50:49+00:00","og_image":[{"width":1000,"height":1000,"url":"https:\/\/apirosport.com\/wp-content\/uploads\/2025\/12\/Echelon2withPower-Kit_01-2.png","type":"image\/png"}],"twitter_card":"summary_large_image","twitter_title":"Apirosport","twitter_misc":{"Ber\u00e4knad l\u00e4stid":"1 minut"},"schema":{"@context":"https:\/\/schema.org","@graph":[{"@type":"WebPage","@id":"https:\/\/apirosport.com\/sv\/produkt\/echelon2-with-4iiii\/","url":"https:\/\/apirosport.com\/sv\/produkt\/echelon2-with-4iiii\/","name":"Indoor cycling - Echelon2 with 4iiii | Apirosport","isPartOf":{"@id":"https:\/\/apirosport.com\/sv\/#website"},"primaryImageOfPage":{"@id":"https:\/\/apirosport.com\/sv\/produkt\/echelon2-with-4iiii\/#primaryimage"},"image":{"@id":"https:\/\/apirosport.com\/sv\/produkt\/echelon2-with-4iiii\/#primaryimage"},"thumbnailUrl":"https:\/\/apirosport.com\/wp-content\/uploads\/2025\/12\/Echelon2withPower-Kit_01-2.png","datePublished":"2020-01-16T15:33:15+00:00","dateModified":"2026-02-23T12:50:49+00:00","breadcrumb":{"@id":"https:\/\/apirosport.com\/sv\/produkt\/echelon2-with-4iiii\/#breadcrumb"},"inLanguage":"sv-SE","potentialAction":[{"@type":"ReadAction","target":["https:\/\/apirosport.com\/sv\/produkt\/echelon2-with-4iiii\/"]}]},{"@type":"ImageObject","inLanguage":"sv-SE","@id":"https:\/\/apirosport.com\/sv\/produkt\/echelon2-with-4iiii\/#primaryimage","url":"https:\/\/apirosport.com\/wp-content\/uploads\/2025\/12\/Echelon2withPower-Kit_01-2.png","contentUrl":"https:\/\/apirosport.com\/wp-content\/uploads\/2025\/12\/Echelon2withPower-Kit_01-2.png","width":1000,"height":1000,"caption":"Echelon2 with 4iiii"},{"@type":"BreadcrumbList","@id":"https:\/\/apirosport.com\/sv\/produkt\/echelon2-with-4iiii\/#breadcrumb","itemListElement":[{"@type":"ListItem","position":1,"name":"Home","item":"https:\/\/apirosport.com\/sv\/"},{"@type":"ListItem","position":2,"name":"Produkter","item":"https:\/\/apirosport.com\/sv\/produkter\/"},{"@type":"ListItem","position":3,"name":"Indoor cycling &#8211; Echelon2 with 4iiii"}]},{"@type":"WebSite","@id":"https:\/\/apirosport.com\/sv\/#website","url":"https:\/\/apirosport.com\/sv\/","name":"Apirosport","description":"","publisher":{"@id":"https:\/\/apirosport.com\/sv\/#organization"},"alternateName":"Apirosport","potentialAction":[{"@type":"SearchAction","target":{"@type":"EntryPoint","urlTemplate":"https:\/\/apirosport.com\/sv\/?s={search_term_string}"},"query-input":{"@type":"PropertyValueSpecification","valueRequired":true,"valueName":"search_term_string"}}],"inLanguage":"sv-SE"},{"@type":"Organization","@id":"https:\/\/apirosport.com\/sv\/#organization","name":"Apirosport","alternateName":"Apirosport","url":"https:\/\/apirosport.com\/sv\/","logo":{"@type":"ImageObject","inLanguage":"sv-SE","@id":"https:\/\/apirosport.com\/sv\/#\/schema\/logo\/image\/","url":"https:\/\/apirosport.com\/wp-content\/uploads\/2025\/12\/Apirosport-yellow-scaled.png","contentUrl":"https:\/\/apirosport.com\/wp-content\/uploads\/2025\/12\/Apirosport-yellow-scaled.png","width":2560,"height":2278,"caption":"Apirosport"},"image":{"@id":"https:\/\/apirosport.com\/sv\/#\/schema\/logo\/image\/"}}]}},"_links":{"self":[{"href":"https:\/\/apirosport.com\/sv\/wp-json\/wp\/v2\/product\/11932","targetHints":{"allow":["GET"]}}],"collection":[{"href":"https:\/\/apirosport.com\/sv\/wp-json\/wp\/v2\/product"}],"about":[{"href":"https:\/\/apirosport.com\/sv\/wp-json\/wp\/v2\/types\/product"}],"wp:featuredmedia":[{"embeddable":true,"href":"https:\/\/apirosport.com\/sv\/wp-json\/wp\/v2\/media\/11931"}],"wp:attachment":[{"href":"https:\/\/apirosport.com\/sv\/wp-json\/wp\/v2\/media?parent=11932"}],"wp:term":[{"taxonomy":"variation","embeddable":true,"href":"https:\/\/apirosport.com\/sv\/wp-json\/wp\/v2\/variation?post=11932"},{"taxonomy":"product_brand","embeddable":true,"href":"https:\/\/apirosport.com\/sv\/wp-json\/wp\/v2\/product_brand?post=11932"},{"taxonomy":"product_cat","embeddable":true,"href":"https:\/\/apirosport.com\/sv\/wp-json\/wp\/v2\/product_cat?post=11932"},{"taxonomy":"product_tag","embeddable":true,"href":"https:\/\/apirosport.com\/sv\/wp-json\/wp\/v2\/product_tag?post=11932"}],"curies":[{"name":"wp","href":"https:\/\/api.w.org\/{rel}","templated":true}]}}