{"id":12196,"date":"2020-04-05T21:03:15","date_gmt":"2020-04-05T21:03:15","guid":{"rendered":"https:\/\/apirosport.com\/?post_type=product&#038;p=12196"},"modified":"2026-02-22T21:10:52","modified_gmt":"2026-02-22T21:10:52","slug":"ab-roller","status":"publish","type":"product","link":"https:\/\/apirosport.com\/sv\/produkt\/ab-roller\/","title":{"rendered":"Ab Roller"},"content":{"rendered":"<p><span class=\"tlid-translation translation\" lang=\"sv\"><span class=\"\" title=\"\">Ab Roller \u00e4r en av de mest effektiva s\u00e4tten att tr\u00e4na b\u00e5l, axlar, armar och rygg. Beroende p\u00e5 hur l\u00e5ngt ut fr\u00e5n kroppen du rullar kan du sj\u00e4lv justera belastningen och vill du g\u00f6ra det \u00e4nnu jobbigare finns variationer att st\u00e5 p\u00e5 t\u00e5 och \u00e4ven att h\u00e5lla upp ett ben i luften.<\/span><\/span><\/p>\n<ul>\n<li>Vadderade handtag f\u00f6r bekv\u00e4mt grepp<\/li>\n<li>L\u00e5g vikt och liten design g\u00f6r Ab Roller l\u00e4tt att ta med och f\u00f6rvara<\/li>\n<li>Dubbla hjul f\u00f6r b\u00e4ttre stabilitet<\/li>\n<\/ul>\n","protected":false},"excerpt":{"rendered":"<p>Ab Roller \u00e4r en av de mest effektiva s\u00e4tten att tr\u00e4na b\u00e5l, axlar, armar och rygg. Beroende p\u00e5 hur l\u00e5ngt ut fr\u00e5n kroppen du rullar kan du sj\u00e4lv justera belastningen och vill du g\u00f6ra det \u00e4nnu jobbigare finns variationer att st\u00e5 p\u00e5 t\u00e5 och \u00e4ven att h\u00e5lla upp ett ben i luften. Vadderade handtag f\u00f6r [&hellip;]<\/p>\n","protected":false},"featured_media":12197,"template":"","meta":{"_acf_changed":false,"inline_featured_image":false},"variation":[],"product_brand":[],"product_cat":[88],"product_tag":[],"class_list":{"0":"post-12196","1":"product","2":"type-product","3":"status-publish","4":"has-post-thumbnail","6":"product_cat-funktionell-traning","8":"first","9":"instock","10":"purchasable","11":"product-type-simple"},"acf":[],"yoast_head":"<!-- This site is optimized with the Yoast SEO plugin v26.8 - https:\/\/yoast.com\/product\/yoast-seo-wordpress\/ -->\n<title>Ab Roller | Apirosport<\/title>\n<meta name=\"robots\" content=\"index, follow, max-snippet:-1, max-image-preview:large, max-video-preview:-1\" \/>\n<link rel=\"canonical\" href=\"https:\/\/apirosport.com\/sv\/produkt\/ab-roller\/\" \/>\n<meta property=\"og:locale\" content=\"sv_SE\" \/>\n<meta property=\"og:type\" content=\"article\" \/>\n<meta property=\"og:title\" content=\"Ab Roller | Apirosport\" \/>\n<meta property=\"og:description\" content=\"Ab Roller \u00e4r en av de mest effektiva s\u00e4tten att tr\u00e4na b\u00e5l, axlar, armar och rygg. Beroende p\u00e5 hur l\u00e5ngt ut fr\u00e5n kroppen du rullar kan du sj\u00e4lv justera belastningen och vill du g\u00f6ra det \u00e4nnu jobbigare finns variationer att st\u00e5 p\u00e5 t\u00e5 och \u00e4ven att h\u00e5lla upp ett ben i luften. Vadderade handtag f\u00f6r [&hellip;]\" \/>\n<meta property=\"og:url\" content=\"https:\/\/apirosport.com\/sv\/produkt\/ab-roller\/\" \/>\n<meta property=\"og:site_name\" content=\"Apirosport\" \/>\n<meta property=\"article:modified_time\" content=\"2026-02-22T21:10:52+00:00\" \/>\n<meta property=\"og:image\" content=\"https:\/\/apirosport.com\/wp-content\/uploads\/2025\/12\/1001079_01-2.jpg\" \/>\n\t<meta property=\"og:image:width\" content=\"1000\" \/>\n\t<meta property=\"og:image:height\" content=\"1000\" \/>\n\t<meta property=\"og:image:type\" content=\"image\/jpeg\" \/>\n<meta name=\"twitter:card\" content=\"summary_large_image\" \/>\n<meta name=\"twitter:title\" content=\"Apirosport\" \/>\n<script type=\"application\/ld+json\" class=\"yoast-schema-graph\">{\"@context\":\"https:\/\/schema.org\",\"@graph\":[{\"@type\":\"WebPage\",\"@id\":\"https:\/\/apirosport.com\/sv\/produkt\/ab-roller\/\",\"url\":\"https:\/\/apirosport.com\/sv\/produkt\/ab-roller\/\",\"name\":\"Ab Roller | Apirosport\",\"isPartOf\":{\"@id\":\"https:\/\/apirosport.com\/sv\/#website\"},\"primaryImageOfPage\":{\"@id\":\"https:\/\/apirosport.com\/sv\/produkt\/ab-roller\/#primaryimage\"},\"image\":{\"@id\":\"https:\/\/apirosport.com\/sv\/produkt\/ab-roller\/#primaryimage\"},\"thumbnailUrl\":\"https:\/\/apirosport.com\/wp-content\/uploads\/2025\/12\/1001079_01-2.jpg\",\"datePublished\":\"2020-04-05T21:03:15+00:00\",\"dateModified\":\"2026-02-22T21:10:52+00:00\",\"breadcrumb\":{\"@id\":\"https:\/\/apirosport.com\/sv\/produkt\/ab-roller\/#breadcrumb\"},\"inLanguage\":\"sv-SE\",\"potentialAction\":[{\"@type\":\"ReadAction\",\"target\":[\"https:\/\/apirosport.com\/sv\/produkt\/ab-roller\/\"]}]},{\"@type\":\"ImageObject\",\"inLanguage\":\"sv-SE\",\"@id\":\"https:\/\/apirosport.com\/sv\/produkt\/ab-roller\/#primaryimage\",\"url\":\"https:\/\/apirosport.com\/wp-content\/uploads\/2025\/12\/1001079_01-2.jpg\",\"contentUrl\":\"https:\/\/apirosport.com\/wp-content\/uploads\/2025\/12\/1001079_01-2.jpg\",\"width\":1000,\"height\":1000,\"caption\":\"ab roller\"},{\"@type\":\"BreadcrumbList\",\"@id\":\"https:\/\/apirosport.com\/sv\/produkt\/ab-roller\/#breadcrumb\",\"itemListElement\":[{\"@type\":\"ListItem\",\"position\":1,\"name\":\"Home\",\"item\":\"https:\/\/apirosport.com\/sv\/\"},{\"@type\":\"ListItem\",\"position\":2,\"name\":\"Produkter\",\"item\":\"https:\/\/apirosport.com\/sv\/produkter\/\"},{\"@type\":\"ListItem\",\"position\":3,\"name\":\"Ab Roller\"}]},{\"@type\":\"WebSite\",\"@id\":\"https:\/\/apirosport.com\/sv\/#website\",\"url\":\"https:\/\/apirosport.com\/sv\/\",\"name\":\"Apirosport\",\"description\":\"\",\"publisher\":{\"@id\":\"https:\/\/apirosport.com\/sv\/#organization\"},\"alternateName\":\"Apirosport\",\"potentialAction\":[{\"@type\":\"SearchAction\",\"target\":{\"@type\":\"EntryPoint\",\"urlTemplate\":\"https:\/\/apirosport.com\/sv\/?s={search_term_string}\"},\"query-input\":{\"@type\":\"PropertyValueSpecification\",\"valueRequired\":true,\"valueName\":\"search_term_string\"}}],\"inLanguage\":\"sv-SE\"},{\"@type\":\"Organization\",\"@id\":\"https:\/\/apirosport.com\/sv\/#organization\",\"name\":\"Apirosport\",\"alternateName\":\"Apirosport\",\"url\":\"https:\/\/apirosport.com\/sv\/\",\"logo\":{\"@type\":\"ImageObject\",\"inLanguage\":\"sv-SE\",\"@id\":\"https:\/\/apirosport.com\/sv\/#\/schema\/logo\/image\/\",\"url\":\"https:\/\/apirosport.com\/wp-content\/uploads\/2025\/12\/Apirosport-yellow-scaled.png\",\"contentUrl\":\"https:\/\/apirosport.com\/wp-content\/uploads\/2025\/12\/Apirosport-yellow-scaled.png\",\"width\":2560,\"height\":2278,\"caption\":\"Apirosport\"},\"image\":{\"@id\":\"https:\/\/apirosport.com\/sv\/#\/schema\/logo\/image\/\"}}]}<\/script>\n<!-- \/ Yoast SEO plugin. -->","yoast_head_json":{"title":"Ab Roller | Apirosport","robots":{"index":"index","follow":"follow","max-snippet":"max-snippet:-1","max-image-preview":"max-image-preview:large","max-video-preview":"max-video-preview:-1"},"canonical":"https:\/\/apirosport.com\/sv\/produkt\/ab-roller\/","og_locale":"sv_SE","og_type":"article","og_title":"Ab Roller | Apirosport","og_description":"Ab Roller \u00e4r en av de mest effektiva s\u00e4tten att tr\u00e4na b\u00e5l, axlar, armar och rygg. Beroende p\u00e5 hur l\u00e5ngt ut fr\u00e5n kroppen du rullar kan du sj\u00e4lv justera belastningen och vill du g\u00f6ra det \u00e4nnu jobbigare finns variationer att st\u00e5 p\u00e5 t\u00e5 och \u00e4ven att h\u00e5lla upp ett ben i luften. Vadderade handtag f\u00f6r [&hellip;]","og_url":"https:\/\/apirosport.com\/sv\/produkt\/ab-roller\/","og_site_name":"Apirosport","article_modified_time":"2026-02-22T21:10:52+00:00","og_image":[{"width":1000,"height":1000,"url":"https:\/\/apirosport.com\/wp-content\/uploads\/2025\/12\/1001079_01-2.jpg","type":"image\/jpeg"}],"twitter_card":"summary_large_image","twitter_title":"Apirosport","schema":{"@context":"https:\/\/schema.org","@graph":[{"@type":"WebPage","@id":"https:\/\/apirosport.com\/sv\/produkt\/ab-roller\/","url":"https:\/\/apirosport.com\/sv\/produkt\/ab-roller\/","name":"Ab Roller | Apirosport","isPartOf":{"@id":"https:\/\/apirosport.com\/sv\/#website"},"primaryImageOfPage":{"@id":"https:\/\/apirosport.com\/sv\/produkt\/ab-roller\/#primaryimage"},"image":{"@id":"https:\/\/apirosport.com\/sv\/produkt\/ab-roller\/#primaryimage"},"thumbnailUrl":"https:\/\/apirosport.com\/wp-content\/uploads\/2025\/12\/1001079_01-2.jpg","datePublished":"2020-04-05T21:03:15+00:00","dateModified":"2026-02-22T21:10:52+00:00","breadcrumb":{"@id":"https:\/\/apirosport.com\/sv\/produkt\/ab-roller\/#breadcrumb"},"inLanguage":"sv-SE","potentialAction":[{"@type":"ReadAction","target":["https:\/\/apirosport.com\/sv\/produkt\/ab-roller\/"]}]},{"@type":"ImageObject","inLanguage":"sv-SE","@id":"https:\/\/apirosport.com\/sv\/produkt\/ab-roller\/#primaryimage","url":"https:\/\/apirosport.com\/wp-content\/uploads\/2025\/12\/1001079_01-2.jpg","contentUrl":"https:\/\/apirosport.com\/wp-content\/uploads\/2025\/12\/1001079_01-2.jpg","width":1000,"height":1000,"caption":"ab roller"},{"@type":"BreadcrumbList","@id":"https:\/\/apirosport.com\/sv\/produkt\/ab-roller\/#breadcrumb","itemListElement":[{"@type":"ListItem","position":1,"name":"Home","item":"https:\/\/apirosport.com\/sv\/"},{"@type":"ListItem","position":2,"name":"Produkter","item":"https:\/\/apirosport.com\/sv\/produkter\/"},{"@type":"ListItem","position":3,"name":"Ab Roller"}]},{"@type":"WebSite","@id":"https:\/\/apirosport.com\/sv\/#website","url":"https:\/\/apirosport.com\/sv\/","name":"Apirosport","description":"","publisher":{"@id":"https:\/\/apirosport.com\/sv\/#organization"},"alternateName":"Apirosport","potentialAction":[{"@type":"SearchAction","target":{"@type":"EntryPoint","urlTemplate":"https:\/\/apirosport.com\/sv\/?s={search_term_string}"},"query-input":{"@type":"PropertyValueSpecification","valueRequired":true,"valueName":"search_term_string"}}],"inLanguage":"sv-SE"},{"@type":"Organization","@id":"https:\/\/apirosport.com\/sv\/#organization","name":"Apirosport","alternateName":"Apirosport","url":"https:\/\/apirosport.com\/sv\/","logo":{"@type":"ImageObject","inLanguage":"sv-SE","@id":"https:\/\/apirosport.com\/sv\/#\/schema\/logo\/image\/","url":"https:\/\/apirosport.com\/wp-content\/uploads\/2025\/12\/Apirosport-yellow-scaled.png","contentUrl":"https:\/\/apirosport.com\/wp-content\/uploads\/2025\/12\/Apirosport-yellow-scaled.png","width":2560,"height":2278,"caption":"Apirosport"},"image":{"@id":"https:\/\/apirosport.com\/sv\/#\/schema\/logo\/image\/"}}]}},"_links":{"self":[{"href":"https:\/\/apirosport.com\/sv\/wp-json\/wp\/v2\/product\/12196","targetHints":{"allow":["GET"]}}],"collection":[{"href":"https:\/\/apirosport.com\/sv\/wp-json\/wp\/v2\/product"}],"about":[{"href":"https:\/\/apirosport.com\/sv\/wp-json\/wp\/v2\/types\/product"}],"wp:featuredmedia":[{"embeddable":true,"href":"https:\/\/apirosport.com\/sv\/wp-json\/wp\/v2\/media\/12197"}],"wp:attachment":[{"href":"https:\/\/apirosport.com\/sv\/wp-json\/wp\/v2\/media?parent=12196"}],"wp:term":[{"taxonomy":"variation","embeddable":true,"href":"https:\/\/apirosport.com\/sv\/wp-json\/wp\/v2\/variation?post=12196"},{"taxonomy":"product_brand","embeddable":true,"href":"https:\/\/apirosport.com\/sv\/wp-json\/wp\/v2\/product_brand?post=12196"},{"taxonomy":"product_cat","embeddable":true,"href":"https:\/\/apirosport.com\/sv\/wp-json\/wp\/v2\/product_cat?post=12196"},{"taxonomy":"product_tag","embeddable":true,"href":"https:\/\/apirosport.com\/sv\/wp-json\/wp\/v2\/product_tag?post=12196"}],"curies":[{"name":"wp","href":"https:\/\/api.w.org\/{rel}","templated":true}]}}