{"id":12199,"date":"2020-04-06T07:47:49","date_gmt":"2020-04-06T07:47:49","guid":{"rendered":"https:\/\/apirosport.com\/?post_type=product&#038;p=12199"},"modified":"2026-02-23T10:45:02","modified_gmt":"2026-02-23T10:45:02","slug":"neoprene-kettlebell","status":"publish","type":"product","link":"https:\/\/apirosport.com\/sv\/produkt\/neoprene-kettlebell\/","title":{"rendered":"Neoprene Kettlebell"},"content":{"rendered":"<p>Helgjuten kettlebell med neoprenh\u00f6lje. Beroende p\u00e5 vilken vikt har k\u00e4glan olika storlek &#8211; ju l\u00e4gre vikt desto mindre k\u00e4gla. Kettlebells \u00e4r perfekta f\u00f6r styrketr\u00e4ning och funktionell tr\u00e4ning och tr\u00e4nar b\u00e5de muskler, stabilitet och koordination.<\/p>\n<p>F\u00e4rgkodning:<\/p>\n<ul>\n<li>Ljusbl\u00e5: 4kg<\/li>\n<li>Gul: 8kg<\/li>\n<li>R\u00f6d: 12kg<\/li>\n<li>Orange: 16kg<\/li>\n<li>Gr\u00f6n: 20kg<\/li>\n<li>Bl\u00e5: 24kg<\/li>\n<li>Svart: 28kg<\/li>\n<li>Gr\u00e5: 32kg<\/li>\n<\/ul>\n","protected":false},"excerpt":{"rendered":"<p>Helgjuten kettlebell med neoprenh\u00f6lje. Beroende p\u00e5 vilken vikt har k\u00e4glan olika storlek &#8211; ju l\u00e4gre vikt desto mindre k\u00e4gla. Kettlebells \u00e4r perfekta f\u00f6r styrketr\u00e4ning och funktionell tr\u00e4ning och tr\u00e4nar b\u00e5de muskler, stabilitet och koordination. F\u00e4rgkodning: Ljusbl\u00e5: 4kg Gul: 8kg R\u00f6d: 12kg Orange: 16kg Gr\u00f6n: 20kg Bl\u00e5: 24kg Svart: 28kg Gr\u00e5: 32kg<\/p>\n","protected":false},"featured_media":12200,"template":"","meta":{"_acf_changed":false,"inline_featured_image":false},"variation":[],"product_brand":[],"product_cat":[93,324],"product_tag":[161],"class_list":{"0":"post-12199","1":"product","2":"type-product","3":"status-publish","4":"has-post-thumbnail","6":"product_cat-fria-vikter","7":"product_cat-kettlebells","8":"product_tag-ovrigt","10":"first","11":"instock","12":"purchasable","13":"product-type-variable"},"acf":[],"yoast_head":"<!-- This site is optimized with the Yoast SEO plugin v26.8 - https:\/\/yoast.com\/product\/yoast-seo-wordpress\/ -->\n<title>Neoprene Kettlebell | Apirosport<\/title>\n<meta name=\"robots\" content=\"index, follow, max-snippet:-1, max-image-preview:large, max-video-preview:-1\" \/>\n<link rel=\"canonical\" href=\"https:\/\/apirosport.com\/sv\/produkt\/neoprene-kettlebell\/\" \/>\n<meta property=\"og:locale\" content=\"sv_SE\" \/>\n<meta property=\"og:type\" content=\"article\" \/>\n<meta property=\"og:title\" content=\"Neoprene Kettlebell | Apirosport\" \/>\n<meta property=\"og:description\" content=\"Helgjuten kettlebell med neoprenh\u00f6lje. Beroende p\u00e5 vilken vikt har k\u00e4glan olika storlek &#8211; ju l\u00e4gre vikt desto mindre k\u00e4gla. Kettlebells \u00e4r perfekta f\u00f6r styrketr\u00e4ning och funktionell tr\u00e4ning och tr\u00e4nar b\u00e5de muskler, stabilitet och koordination. F\u00e4rgkodning: Ljusbl\u00e5: 4kg Gul: 8kg R\u00f6d: 12kg Orange: 16kg Gr\u00f6n: 20kg Bl\u00e5: 24kg Svart: 28kg Gr\u00e5: 32kg\" \/>\n<meta property=\"og:url\" content=\"https:\/\/apirosport.com\/sv\/produkt\/neoprene-kettlebell\/\" \/>\n<meta property=\"og:site_name\" content=\"Apirosport\" \/>\n<meta property=\"article:modified_time\" content=\"2026-02-23T10:45:02+00:00\" \/>\n<meta property=\"og:image\" content=\"https:\/\/apirosport.com\/wp-content\/uploads\/2025\/12\/1001091_01-2.jpg\" \/>\n\t<meta property=\"og:image:width\" content=\"1000\" \/>\n\t<meta property=\"og:image:height\" content=\"1000\" \/>\n\t<meta property=\"og:image:type\" content=\"image\/jpeg\" \/>\n<meta name=\"twitter:card\" content=\"summary_large_image\" \/>\n<meta name=\"twitter:title\" content=\"Apirosport\" \/>\n<script type=\"application\/ld+json\" class=\"yoast-schema-graph\">{\"@context\":\"https:\/\/schema.org\",\"@graph\":[{\"@type\":\"WebPage\",\"@id\":\"https:\/\/apirosport.com\/sv\/produkt\/neoprene-kettlebell\/\",\"url\":\"https:\/\/apirosport.com\/sv\/produkt\/neoprene-kettlebell\/\",\"name\":\"Neoprene Kettlebell | Apirosport\",\"isPartOf\":{\"@id\":\"https:\/\/apirosport.com\/sv\/#website\"},\"primaryImageOfPage\":{\"@id\":\"https:\/\/apirosport.com\/sv\/produkt\/neoprene-kettlebell\/#primaryimage\"},\"image\":{\"@id\":\"https:\/\/apirosport.com\/sv\/produkt\/neoprene-kettlebell\/#primaryimage\"},\"thumbnailUrl\":\"https:\/\/apirosport.com\/wp-content\/uploads\/2025\/12\/1001091_01-2.jpg\",\"datePublished\":\"2020-04-06T07:47:49+00:00\",\"dateModified\":\"2026-02-23T10:45:02+00:00\",\"breadcrumb\":{\"@id\":\"https:\/\/apirosport.com\/sv\/produkt\/neoprene-kettlebell\/#breadcrumb\"},\"inLanguage\":\"sv-SE\",\"potentialAction\":[{\"@type\":\"ReadAction\",\"target\":[\"https:\/\/apirosport.com\/sv\/produkt\/neoprene-kettlebell\/\"]}]},{\"@type\":\"ImageObject\",\"inLanguage\":\"sv-SE\",\"@id\":\"https:\/\/apirosport.com\/sv\/produkt\/neoprene-kettlebell\/#primaryimage\",\"url\":\"https:\/\/apirosport.com\/wp-content\/uploads\/2025\/12\/1001091_01-2.jpg\",\"contentUrl\":\"https:\/\/apirosport.com\/wp-content\/uploads\/2025\/12\/1001091_01-2.jpg\",\"width\":1000,\"height\":1000,\"caption\":\"neoprene kettlebell\"},{\"@type\":\"BreadcrumbList\",\"@id\":\"https:\/\/apirosport.com\/sv\/produkt\/neoprene-kettlebell\/#breadcrumb\",\"itemListElement\":[{\"@type\":\"ListItem\",\"position\":1,\"name\":\"Home\",\"item\":\"https:\/\/apirosport.com\/sv\/\"},{\"@type\":\"ListItem\",\"position\":2,\"name\":\"Produkter\",\"item\":\"https:\/\/apirosport.com\/sv\/produkter\/\"},{\"@type\":\"ListItem\",\"position\":3,\"name\":\"Neoprene Kettlebell\"}]},{\"@type\":\"WebSite\",\"@id\":\"https:\/\/apirosport.com\/sv\/#website\",\"url\":\"https:\/\/apirosport.com\/sv\/\",\"name\":\"Apirosport\",\"description\":\"\",\"publisher\":{\"@id\":\"https:\/\/apirosport.com\/sv\/#organization\"},\"alternateName\":\"Apirosport\",\"potentialAction\":[{\"@type\":\"SearchAction\",\"target\":{\"@type\":\"EntryPoint\",\"urlTemplate\":\"https:\/\/apirosport.com\/sv\/?s={search_term_string}\"},\"query-input\":{\"@type\":\"PropertyValueSpecification\",\"valueRequired\":true,\"valueName\":\"search_term_string\"}}],\"inLanguage\":\"sv-SE\"},{\"@type\":\"Organization\",\"@id\":\"https:\/\/apirosport.com\/sv\/#organization\",\"name\":\"Apirosport\",\"alternateName\":\"Apirosport\",\"url\":\"https:\/\/apirosport.com\/sv\/\",\"logo\":{\"@type\":\"ImageObject\",\"inLanguage\":\"sv-SE\",\"@id\":\"https:\/\/apirosport.com\/sv\/#\/schema\/logo\/image\/\",\"url\":\"https:\/\/apirosport.com\/wp-content\/uploads\/2025\/12\/Apirosport-yellow-scaled.png\",\"contentUrl\":\"https:\/\/apirosport.com\/wp-content\/uploads\/2025\/12\/Apirosport-yellow-scaled.png\",\"width\":2560,\"height\":2278,\"caption\":\"Apirosport\"},\"image\":{\"@id\":\"https:\/\/apirosport.com\/sv\/#\/schema\/logo\/image\/\"}}]}<\/script>\n<!-- \/ Yoast SEO plugin. -->","yoast_head_json":{"title":"Neoprene Kettlebell | Apirosport","robots":{"index":"index","follow":"follow","max-snippet":"max-snippet:-1","max-image-preview":"max-image-preview:large","max-video-preview":"max-video-preview:-1"},"canonical":"https:\/\/apirosport.com\/sv\/produkt\/neoprene-kettlebell\/","og_locale":"sv_SE","og_type":"article","og_title":"Neoprene Kettlebell | Apirosport","og_description":"Helgjuten kettlebell med neoprenh\u00f6lje. Beroende p\u00e5 vilken vikt har k\u00e4glan olika storlek &#8211; ju l\u00e4gre vikt desto mindre k\u00e4gla. Kettlebells \u00e4r perfekta f\u00f6r styrketr\u00e4ning och funktionell tr\u00e4ning och tr\u00e4nar b\u00e5de muskler, stabilitet och koordination. F\u00e4rgkodning: Ljusbl\u00e5: 4kg Gul: 8kg R\u00f6d: 12kg Orange: 16kg Gr\u00f6n: 20kg Bl\u00e5: 24kg Svart: 28kg Gr\u00e5: 32kg","og_url":"https:\/\/apirosport.com\/sv\/produkt\/neoprene-kettlebell\/","og_site_name":"Apirosport","article_modified_time":"2026-02-23T10:45:02+00:00","og_image":[{"width":1000,"height":1000,"url":"https:\/\/apirosport.com\/wp-content\/uploads\/2025\/12\/1001091_01-2.jpg","type":"image\/jpeg"}],"twitter_card":"summary_large_image","twitter_title":"Apirosport","schema":{"@context":"https:\/\/schema.org","@graph":[{"@type":"WebPage","@id":"https:\/\/apirosport.com\/sv\/produkt\/neoprene-kettlebell\/","url":"https:\/\/apirosport.com\/sv\/produkt\/neoprene-kettlebell\/","name":"Neoprene Kettlebell | Apirosport","isPartOf":{"@id":"https:\/\/apirosport.com\/sv\/#website"},"primaryImageOfPage":{"@id":"https:\/\/apirosport.com\/sv\/produkt\/neoprene-kettlebell\/#primaryimage"},"image":{"@id":"https:\/\/apirosport.com\/sv\/produkt\/neoprene-kettlebell\/#primaryimage"},"thumbnailUrl":"https:\/\/apirosport.com\/wp-content\/uploads\/2025\/12\/1001091_01-2.jpg","datePublished":"2020-04-06T07:47:49+00:00","dateModified":"2026-02-23T10:45:02+00:00","breadcrumb":{"@id":"https:\/\/apirosport.com\/sv\/produkt\/neoprene-kettlebell\/#breadcrumb"},"inLanguage":"sv-SE","potentialAction":[{"@type":"ReadAction","target":["https:\/\/apirosport.com\/sv\/produkt\/neoprene-kettlebell\/"]}]},{"@type":"ImageObject","inLanguage":"sv-SE","@id":"https:\/\/apirosport.com\/sv\/produkt\/neoprene-kettlebell\/#primaryimage","url":"https:\/\/apirosport.com\/wp-content\/uploads\/2025\/12\/1001091_01-2.jpg","contentUrl":"https:\/\/apirosport.com\/wp-content\/uploads\/2025\/12\/1001091_01-2.jpg","width":1000,"height":1000,"caption":"neoprene kettlebell"},{"@type":"BreadcrumbList","@id":"https:\/\/apirosport.com\/sv\/produkt\/neoprene-kettlebell\/#breadcrumb","itemListElement":[{"@type":"ListItem","position":1,"name":"Home","item":"https:\/\/apirosport.com\/sv\/"},{"@type":"ListItem","position":2,"name":"Produkter","item":"https:\/\/apirosport.com\/sv\/produkter\/"},{"@type":"ListItem","position":3,"name":"Neoprene Kettlebell"}]},{"@type":"WebSite","@id":"https:\/\/apirosport.com\/sv\/#website","url":"https:\/\/apirosport.com\/sv\/","name":"Apirosport","description":"","publisher":{"@id":"https:\/\/apirosport.com\/sv\/#organization"},"alternateName":"Apirosport","potentialAction":[{"@type":"SearchAction","target":{"@type":"EntryPoint","urlTemplate":"https:\/\/apirosport.com\/sv\/?s={search_term_string}"},"query-input":{"@type":"PropertyValueSpecification","valueRequired":true,"valueName":"search_term_string"}}],"inLanguage":"sv-SE"},{"@type":"Organization","@id":"https:\/\/apirosport.com\/sv\/#organization","name":"Apirosport","alternateName":"Apirosport","url":"https:\/\/apirosport.com\/sv\/","logo":{"@type":"ImageObject","inLanguage":"sv-SE","@id":"https:\/\/apirosport.com\/sv\/#\/schema\/logo\/image\/","url":"https:\/\/apirosport.com\/wp-content\/uploads\/2025\/12\/Apirosport-yellow-scaled.png","contentUrl":"https:\/\/apirosport.com\/wp-content\/uploads\/2025\/12\/Apirosport-yellow-scaled.png","width":2560,"height":2278,"caption":"Apirosport"},"image":{"@id":"https:\/\/apirosport.com\/sv\/#\/schema\/logo\/image\/"}}]}},"_links":{"self":[{"href":"https:\/\/apirosport.com\/sv\/wp-json\/wp\/v2\/product\/12199","targetHints":{"allow":["GET"]}}],"collection":[{"href":"https:\/\/apirosport.com\/sv\/wp-json\/wp\/v2\/product"}],"about":[{"href":"https:\/\/apirosport.com\/sv\/wp-json\/wp\/v2\/types\/product"}],"wp:featuredmedia":[{"embeddable":true,"href":"https:\/\/apirosport.com\/sv\/wp-json\/wp\/v2\/media\/12200"}],"wp:attachment":[{"href":"https:\/\/apirosport.com\/sv\/wp-json\/wp\/v2\/media?parent=12199"}],"wp:term":[{"taxonomy":"variation","embeddable":true,"href":"https:\/\/apirosport.com\/sv\/wp-json\/wp\/v2\/variation?post=12199"},{"taxonomy":"product_brand","embeddable":true,"href":"https:\/\/apirosport.com\/sv\/wp-json\/wp\/v2\/product_brand?post=12199"},{"taxonomy":"product_cat","embeddable":true,"href":"https:\/\/apirosport.com\/sv\/wp-json\/wp\/v2\/product_cat?post=12199"},{"taxonomy":"product_tag","embeddable":true,"href":"https:\/\/apirosport.com\/sv\/wp-json\/wp\/v2\/product_tag?post=12199"}],"curies":[{"name":"wp","href":"https:\/\/api.w.org\/{rel}","templated":true}]}}