{"id":12898,"date":"2020-08-24T13:11:39","date_gmt":"2020-08-24T13:11:39","guid":{"rendered":"https:\/\/apirosport.com\/?post_type=product&#038;p=12898"},"modified":"2026-03-23T20:35:28","modified_gmt":"2026-03-23T20:35:28","slug":"freedom-trainer","status":"publish","type":"product","link":"https:\/\/apirosport.com\/sv\/produkt\/freedom-trainer\/","title":{"rendered":"Freedom Trainer"},"content":{"rendered":"<p>\u00c4ven fast Nautilus Freedom Trainer \u00e4r ny i HumanSport-serien \u00e4r det ingen ny maskin p\u00e5 marknaden \u2013 tidigare hette den Dual Stack och ingick den i den numera avslutade serien Nautilus Freedom Trainer. Med sina egenskaper och funktioner \u00e4r det f\u00f6ga f\u00f6rv\u00e5nande att den nylanserats som en del i HumanSport-serien. Likheterna \u00e4r n\u00e4mligen betydligt fler \u00e4n skillnaderna och Freedom Trainer passar in som handen i handsken.<\/p>\n<ul>\n<li><span id=\"result_box\" class=\"\" lang=\"sv\"><span class=\"\">Kabelbaserad maskin med 3:1 ratio vilket m\u00f6jligg\u00f6r f\u00f6r kablarna att f\u00e4rdas l\u00e5ngt: hela 287cm tr\u00e4ningsutrymme erbjuds fram- och tillbaka, \u00e5t sidorna och upp och ner. Ordentligt med utrymme f\u00f6r dig att t<\/span><\/span>r\u00e4na i alla tre plan: frontal-, sagittal- och transversalplan<\/li>\n<li>Freedom Trainer \u00e4r utm\u00e4rkt till b\u00e5de l\u00e5ngsam resistanstr\u00e4ning och explosiv tr\u00e4ning<\/li>\n<li>Justerbara armar: armarna g\u00e5r att justera i 12 vertikala och 9 horisontella l\u00e4gen och erbjuder inte mindre \u00e4n 100 olika positioner f\u00f6r dig att anv\u00e4nda f\u00f6r just din specifika tr\u00e4ning<\/li>\n<li>Tillbeh\u00f6r som long bar och foot straps, samt accessory rack medf\u00f6ljer<\/li>\n<li>Lock n Load viktvalsssytem<\/li>\n<li>Unilateral eller bilateral anv\u00e4ndning<\/li>\n<li>Rullstolsanpassad design<\/li>\n<\/ul>\n","protected":false},"excerpt":{"rendered":"<p>Funktionell tr\u00e4ning i maskin? F\u00f6r b\u00e5de styrke- och rehabtr\u00e4ning, individuell som grupptr\u00e4ning? Ja visst &#8211; Nautilus HumanSport Freedom Trainer s\u00e5klart!<\/p>\n","protected":false},"featured_media":12899,"template":"","meta":{"_acf_changed":false,"inline_featured_image":false},"variation":[],"product_brand":[],"product_cat":[96,309,313],"product_tag":[308],"class_list":{"0":"post-12898","1":"product","2":"type-product","3":"status-publish","4":"has-post-thumbnail","6":"product_cat-styrkemaskiner","7":"product_cat-nautilus","8":"product_cat-nautilus-humansport","9":"product_tag-nautilus-strength","11":"first","12":"instock","13":"purchasable","14":"product-type-simple"},"acf":[],"yoast_head":"<!-- This site is optimized with the Yoast SEO plugin v26.8 - https:\/\/yoast.com\/product\/yoast-seo-wordpress\/ -->\n<title>Freedom Trainer | Apirosport<\/title>\n<meta name=\"robots\" content=\"index, follow, max-snippet:-1, max-image-preview:large, max-video-preview:-1\" \/>\n<link rel=\"canonical\" href=\"https:\/\/apirosport.com\/sv\/produkt\/freedom-trainer\/\" \/>\n<meta property=\"og:locale\" content=\"sv_SE\" \/>\n<meta property=\"og:type\" content=\"article\" \/>\n<meta property=\"og:title\" content=\"Freedom Trainer | Apirosport\" \/>\n<meta property=\"og:description\" content=\"Funktionell tr\u00e4ning i maskin? F\u00f6r b\u00e5de styrke- och rehabtr\u00e4ning, individuell som grupptr\u00e4ning? Ja visst - Nautilus HumanSport Freedom Trainer s\u00e5klart!\" \/>\n<meta property=\"og:url\" content=\"https:\/\/apirosport.com\/sv\/produkt\/freedom-trainer\/\" \/>\n<meta property=\"og:site_name\" content=\"Apirosport\" \/>\n<meta property=\"article:modified_time\" content=\"2026-03-23T20:35:28+00:00\" \/>\n<meta property=\"og:image\" content=\"https:\/\/apirosport.com\/wp-content\/uploads\/2025\/12\/HumanSport-FreedomTrainer-2.jpg\" \/>\n\t<meta property=\"og:image:width\" content=\"1000\" \/>\n\t<meta property=\"og:image:height\" content=\"1000\" \/>\n\t<meta property=\"og:image:type\" content=\"image\/jpeg\" \/>\n<meta name=\"twitter:card\" content=\"summary_large_image\" \/>\n<meta name=\"twitter:title\" content=\"Apirosport\" \/>\n<meta name=\"twitter:label1\" content=\"Ber\u00e4knad l\u00e4stid\" \/>\n\t<meta name=\"twitter:data1\" content=\"1 minut\" \/>\n<script type=\"application\/ld+json\" class=\"yoast-schema-graph\">{\"@context\":\"https:\/\/schema.org\",\"@graph\":[{\"@type\":\"WebPage\",\"@id\":\"https:\/\/apirosport.com\/sv\/produkt\/freedom-trainer\/\",\"url\":\"https:\/\/apirosport.com\/sv\/produkt\/freedom-trainer\/\",\"name\":\"Freedom Trainer | Apirosport\",\"isPartOf\":{\"@id\":\"https:\/\/apirosport.com\/sv\/#website\"},\"primaryImageOfPage\":{\"@id\":\"https:\/\/apirosport.com\/sv\/produkt\/freedom-trainer\/#primaryimage\"},\"image\":{\"@id\":\"https:\/\/apirosport.com\/sv\/produkt\/freedom-trainer\/#primaryimage\"},\"thumbnailUrl\":\"https:\/\/apirosport.com\/wp-content\/uploads\/2025\/12\/HumanSport-FreedomTrainer-2.jpg\",\"datePublished\":\"2020-08-24T13:11:39+00:00\",\"dateModified\":\"2026-03-23T20:35:28+00:00\",\"breadcrumb\":{\"@id\":\"https:\/\/apirosport.com\/sv\/produkt\/freedom-trainer\/#breadcrumb\"},\"inLanguage\":\"sv-SE\",\"potentialAction\":[{\"@type\":\"ReadAction\",\"target\":[\"https:\/\/apirosport.com\/sv\/produkt\/freedom-trainer\/\"]}]},{\"@type\":\"ImageObject\",\"inLanguage\":\"sv-SE\",\"@id\":\"https:\/\/apirosport.com\/sv\/produkt\/freedom-trainer\/#primaryimage\",\"url\":\"https:\/\/apirosport.com\/wp-content\/uploads\/2025\/12\/HumanSport-FreedomTrainer-2.jpg\",\"contentUrl\":\"https:\/\/apirosport.com\/wp-content\/uploads\/2025\/12\/HumanSport-FreedomTrainer-2.jpg\",\"width\":1000,\"height\":1000,\"caption\":\"Freedom Trainer\"},{\"@type\":\"BreadcrumbList\",\"@id\":\"https:\/\/apirosport.com\/sv\/produkt\/freedom-trainer\/#breadcrumb\",\"itemListElement\":[{\"@type\":\"ListItem\",\"position\":1,\"name\":\"Home\",\"item\":\"https:\/\/apirosport.com\/sv\/\"},{\"@type\":\"ListItem\",\"position\":2,\"name\":\"Produkter\",\"item\":\"https:\/\/apirosport.com\/sv\/produkter\/\"},{\"@type\":\"ListItem\",\"position\":3,\"name\":\"Freedom Trainer\"}]},{\"@type\":\"WebSite\",\"@id\":\"https:\/\/apirosport.com\/sv\/#website\",\"url\":\"https:\/\/apirosport.com\/sv\/\",\"name\":\"Apirosport\",\"description\":\"\",\"publisher\":{\"@id\":\"https:\/\/apirosport.com\/sv\/#organization\"},\"alternateName\":\"Apirosport\",\"potentialAction\":[{\"@type\":\"SearchAction\",\"target\":{\"@type\":\"EntryPoint\",\"urlTemplate\":\"https:\/\/apirosport.com\/sv\/?s={search_term_string}\"},\"query-input\":{\"@type\":\"PropertyValueSpecification\",\"valueRequired\":true,\"valueName\":\"search_term_string\"}}],\"inLanguage\":\"sv-SE\"},{\"@type\":\"Organization\",\"@id\":\"https:\/\/apirosport.com\/sv\/#organization\",\"name\":\"Apirosport\",\"alternateName\":\"Apirosport\",\"url\":\"https:\/\/apirosport.com\/sv\/\",\"logo\":{\"@type\":\"ImageObject\",\"inLanguage\":\"sv-SE\",\"@id\":\"https:\/\/apirosport.com\/sv\/#\/schema\/logo\/image\/\",\"url\":\"https:\/\/apirosport.com\/wp-content\/uploads\/2025\/12\/Apirosport-yellow-scaled.png\",\"contentUrl\":\"https:\/\/apirosport.com\/wp-content\/uploads\/2025\/12\/Apirosport-yellow-scaled.png\",\"width\":2560,\"height\":2278,\"caption\":\"Apirosport\"},\"image\":{\"@id\":\"https:\/\/apirosport.com\/sv\/#\/schema\/logo\/image\/\"}}]}<\/script>\n<!-- \/ Yoast SEO plugin. -->","yoast_head_json":{"title":"Freedom Trainer | Apirosport","robots":{"index":"index","follow":"follow","max-snippet":"max-snippet:-1","max-image-preview":"max-image-preview:large","max-video-preview":"max-video-preview:-1"},"canonical":"https:\/\/apirosport.com\/sv\/produkt\/freedom-trainer\/","og_locale":"sv_SE","og_type":"article","og_title":"Freedom Trainer | Apirosport","og_description":"Funktionell tr\u00e4ning i maskin? F\u00f6r b\u00e5de styrke- och rehabtr\u00e4ning, individuell som grupptr\u00e4ning? Ja visst - Nautilus HumanSport Freedom Trainer s\u00e5klart!","og_url":"https:\/\/apirosport.com\/sv\/produkt\/freedom-trainer\/","og_site_name":"Apirosport","article_modified_time":"2026-03-23T20:35:28+00:00","og_image":[{"width":1000,"height":1000,"url":"https:\/\/apirosport.com\/wp-content\/uploads\/2025\/12\/HumanSport-FreedomTrainer-2.jpg","type":"image\/jpeg"}],"twitter_card":"summary_large_image","twitter_title":"Apirosport","twitter_misc":{"Ber\u00e4knad l\u00e4stid":"1 minut"},"schema":{"@context":"https:\/\/schema.org","@graph":[{"@type":"WebPage","@id":"https:\/\/apirosport.com\/sv\/produkt\/freedom-trainer\/","url":"https:\/\/apirosport.com\/sv\/produkt\/freedom-trainer\/","name":"Freedom Trainer | Apirosport","isPartOf":{"@id":"https:\/\/apirosport.com\/sv\/#website"},"primaryImageOfPage":{"@id":"https:\/\/apirosport.com\/sv\/produkt\/freedom-trainer\/#primaryimage"},"image":{"@id":"https:\/\/apirosport.com\/sv\/produkt\/freedom-trainer\/#primaryimage"},"thumbnailUrl":"https:\/\/apirosport.com\/wp-content\/uploads\/2025\/12\/HumanSport-FreedomTrainer-2.jpg","datePublished":"2020-08-24T13:11:39+00:00","dateModified":"2026-03-23T20:35:28+00:00","breadcrumb":{"@id":"https:\/\/apirosport.com\/sv\/produkt\/freedom-trainer\/#breadcrumb"},"inLanguage":"sv-SE","potentialAction":[{"@type":"ReadAction","target":["https:\/\/apirosport.com\/sv\/produkt\/freedom-trainer\/"]}]},{"@type":"ImageObject","inLanguage":"sv-SE","@id":"https:\/\/apirosport.com\/sv\/produkt\/freedom-trainer\/#primaryimage","url":"https:\/\/apirosport.com\/wp-content\/uploads\/2025\/12\/HumanSport-FreedomTrainer-2.jpg","contentUrl":"https:\/\/apirosport.com\/wp-content\/uploads\/2025\/12\/HumanSport-FreedomTrainer-2.jpg","width":1000,"height":1000,"caption":"Freedom Trainer"},{"@type":"BreadcrumbList","@id":"https:\/\/apirosport.com\/sv\/produkt\/freedom-trainer\/#breadcrumb","itemListElement":[{"@type":"ListItem","position":1,"name":"Home","item":"https:\/\/apirosport.com\/sv\/"},{"@type":"ListItem","position":2,"name":"Produkter","item":"https:\/\/apirosport.com\/sv\/produkter\/"},{"@type":"ListItem","position":3,"name":"Freedom Trainer"}]},{"@type":"WebSite","@id":"https:\/\/apirosport.com\/sv\/#website","url":"https:\/\/apirosport.com\/sv\/","name":"Apirosport","description":"","publisher":{"@id":"https:\/\/apirosport.com\/sv\/#organization"},"alternateName":"Apirosport","potentialAction":[{"@type":"SearchAction","target":{"@type":"EntryPoint","urlTemplate":"https:\/\/apirosport.com\/sv\/?s={search_term_string}"},"query-input":{"@type":"PropertyValueSpecification","valueRequired":true,"valueName":"search_term_string"}}],"inLanguage":"sv-SE"},{"@type":"Organization","@id":"https:\/\/apirosport.com\/sv\/#organization","name":"Apirosport","alternateName":"Apirosport","url":"https:\/\/apirosport.com\/sv\/","logo":{"@type":"ImageObject","inLanguage":"sv-SE","@id":"https:\/\/apirosport.com\/sv\/#\/schema\/logo\/image\/","url":"https:\/\/apirosport.com\/wp-content\/uploads\/2025\/12\/Apirosport-yellow-scaled.png","contentUrl":"https:\/\/apirosport.com\/wp-content\/uploads\/2025\/12\/Apirosport-yellow-scaled.png","width":2560,"height":2278,"caption":"Apirosport"},"image":{"@id":"https:\/\/apirosport.com\/sv\/#\/schema\/logo\/image\/"}}]}},"_links":{"self":[{"href":"https:\/\/apirosport.com\/sv\/wp-json\/wp\/v2\/product\/12898","targetHints":{"allow":["GET"]}}],"collection":[{"href":"https:\/\/apirosport.com\/sv\/wp-json\/wp\/v2\/product"}],"about":[{"href":"https:\/\/apirosport.com\/sv\/wp-json\/wp\/v2\/types\/product"}],"wp:featuredmedia":[{"embeddable":true,"href":"https:\/\/apirosport.com\/sv\/wp-json\/wp\/v2\/media\/12899"}],"wp:attachment":[{"href":"https:\/\/apirosport.com\/sv\/wp-json\/wp\/v2\/media?parent=12898"}],"wp:term":[{"taxonomy":"variation","embeddable":true,"href":"https:\/\/apirosport.com\/sv\/wp-json\/wp\/v2\/variation?post=12898"},{"taxonomy":"product_brand","embeddable":true,"href":"https:\/\/apirosport.com\/sv\/wp-json\/wp\/v2\/product_brand?post=12898"},{"taxonomy":"product_cat","embeddable":true,"href":"https:\/\/apirosport.com\/sv\/wp-json\/wp\/v2\/product_cat?post=12898"},{"taxonomy":"product_tag","embeddable":true,"href":"https:\/\/apirosport.com\/sv\/wp-json\/wp\/v2\/product_tag?post=12898"}],"curies":[{"name":"wp","href":"https:\/\/api.w.org\/{rel}","templated":true}]}}