{"id":13609,"date":"2021-02-10T11:25:39","date_gmt":"2021-02-10T11:25:39","guid":{"rendered":"https:\/\/apirosport.com\/?post_type=product&#038;p=13609"},"modified":"2026-02-22T21:07:11","modified_gmt":"2026-02-22T21:07:11","slug":"sva-platform-bambu","status":"publish","type":"product","link":"https:\/\/apirosport.com\/sv\/produkt\/sva-platform-bambu\/","title":{"rendered":"SVA Lyftarplattform Bambu"},"content":{"rendered":"<p><span class=\"VIiyi\" lang=\"sv\"><span class=\"JLqJ4b ChMk0b\" data-language-for-alternatives=\"sv\" data-language-to-translate-into=\"en\" data-phrase-index=\"0\">Tr\u00e4na s\u00e4krare, tystare och utan studsar med nya Nautilus SVA Platform Bambu!<\/span><\/span><\/p>\n<p><span class=\"VIiyi\" lang=\"sv\"><span class=\"JLqJ4b ChMk0b\" data-language-for-alternatives=\"sv\" data-language-to-translate-into=\"en\" data-phrase-index=\"0\"> Nautilus SVA lyftarplattform i bambu \u00e4r en vidareutveckling av <a href=\"https:\/\/apirosport.se\/produkter\/styrka\/sva-lifting-platform\/\" target=\"_blank\" rel=\"noopener noreferrer\"><span style=\"text-decoration: underline;\">Nautilus SVA Platform<\/span><\/a> fr\u00e5n 2018 som lanserades i massiv ek. <\/span><\/span><span class=\"VIiyi\" lang=\"sv\"><span class=\"JLqJ4b ChMk0b\" data-language-for-alternatives=\"sv\" data-language-to-translate-into=\"en\" data-phrase-index=\"0\">Precis som sin f\u00f6reg\u00e5ngare \u00e4r den nya lyftarplattformen f\u00f6rb\u00e4ttrad och framtagen f\u00f6r att minska b\u00e5de ljud och vibrationer vid styrke- och tyngdlyftningstr\u00e4ning: <\/span><\/span><\/p>\n<ul>\n<li><span class=\"VIiyi\" lang=\"sv\"><span class=\"JLqJ4b ChMk0b\" data-language-for-alternatives=\"sv\" data-language-to-translate-into=\"en\" data-phrase-index=\"0\">Plattformen \u00e4r en slitstark plattform i milj\u00f6v\u00e4nlig och h\u00e5llbarhetscertifierad bambu.<\/span><\/span><\/li>\n<li><span class=\"VIiyi\" lang=\"sv\"><span class=\"JLqJ4b ChMk0b\" data-language-for-alternatives=\"sv\" data-language-to-translate-into=\"en\" data-phrase-index=\"0\">D\u00e4mpningssystemet har gjorts om och best\u00e5r av en \u00f6vre stor platta i gummi och tre mindre plattor tillverkade i skum, som vilar p\u00e5 en tredje platta. De tre mellanplattorna \u00e4r designade f\u00f6r att regelbundet <\/span><\/span><span class=\"VIiyi\" lang=\"sv\"><span class=\"JLqJ4b ChMk0b\" data-language-for-alternatives=\"sv\" data-language-to-translate-into=\"en\" data-phrase-index=\"0\">roteras f\u00f6r att ge produkten en l\u00e4ngre livsl\u00e4ngd. <\/span><\/span><\/li>\n<\/ul>\n<p><span class=\"VIiyi\" lang=\"sv\"><span class=\"JLqJ4b ChMk0b\" data-language-for-alternatives=\"sv\" data-language-to-translate-into=\"en\" data-phrase-index=\"0\">Nautilus SVA Platform Bambu finns i tv\u00e5 modeller: en designad f\u00f6r att passa <a href=\"https:\/\/apirosport.se\/produkter\/styrka\/half-rack\/\" target=\"_blank\" rel=\"noopener noreferrer\"><span style=\"text-decoration: underline;\">Nautilus Half Rack<\/span><\/a> och en som fungerar som stand alone platform.<\/span><\/span><\/p>\n","protected":false},"excerpt":{"rendered":"<p>Tr\u00e4na s\u00e4krare, tystare och utan studsar med nya Nautilus SVA Platform Bambu! Nautilus SVA lyftarplattform i bambu \u00e4r en vidareutveckling av Nautilus SVA Platform fr\u00e5n 2018 som lanserades i massiv ek. Precis som sin f\u00f6reg\u00e5ngare \u00e4r den nya lyftarplattformen f\u00f6rb\u00e4ttrad och framtagen f\u00f6r att minska b\u00e5de ljud och vibrationer vid styrke- och tyngdlyftningstr\u00e4ning: Plattformen \u00e4r [&hellip;]<\/p>\n","protected":false},"featured_media":13610,"template":"","meta":{"_acf_changed":false,"inline_featured_image":false},"variation":[],"product_brand":[],"product_cat":[295,309],"product_tag":[308],"class_list":{"0":"post-13609","1":"product","2":"type-product","3":"status-publish","4":"has-post-thumbnail","6":"product_cat-racks","7":"product_cat-nautilus","8":"product_tag-nautilus-strength","10":"first","11":"instock","12":"shipping-taxable","13":"purchasable","14":"product-type-variable"},"acf":[],"yoast_head":"<!-- This site is optimized with the Yoast SEO plugin v26.8 - https:\/\/yoast.com\/product\/yoast-seo-wordpress\/ -->\n<title>SVA Lyftarplattform Bambu | Apirosport<\/title>\n<meta name=\"robots\" content=\"index, follow, max-snippet:-1, max-image-preview:large, max-video-preview:-1\" \/>\n<link rel=\"canonical\" href=\"https:\/\/apirosport.com\/sv\/produkt\/sva-platform-bambu\/\" \/>\n<meta property=\"og:locale\" content=\"sv_SE\" \/>\n<meta property=\"og:type\" content=\"article\" \/>\n<meta property=\"og:title\" content=\"SVA Lyftarplattform Bambu | Apirosport\" \/>\n<meta property=\"og:description\" content=\"Tr\u00e4na s\u00e4krare, tystare och utan studsar med nya Nautilus SVA Platform Bambu! Nautilus SVA lyftarplattform i bambu \u00e4r en vidareutveckling av Nautilus SVA Platform fr\u00e5n 2018 som lanserades i massiv ek. Precis som sin f\u00f6reg\u00e5ngare \u00e4r den nya lyftarplattformen f\u00f6rb\u00e4ttrad och framtagen f\u00f6r att minska b\u00e5de ljud och vibrationer vid styrke- och tyngdlyftningstr\u00e4ning: Plattformen \u00e4r [&hellip;]\" \/>\n<meta property=\"og:url\" content=\"https:\/\/apirosport.com\/sv\/produkt\/sva-platform-bambu\/\" \/>\n<meta property=\"og:site_name\" content=\"Apirosport\" \/>\n<meta property=\"article:modified_time\" content=\"2026-02-22T21:07:11+00:00\" \/>\n<meta property=\"og:image\" content=\"https:\/\/apirosport.com\/wp-content\/uploads\/2025\/12\/Half-Rack-with-6ft-SVA-Platform-Bamboo-II-9-HDHR2-9-HDP6D-BB2-2.png\" \/>\n\t<meta property=\"og:image:width\" content=\"1181\" \/>\n\t<meta property=\"og:image:height\" content=\"1181\" \/>\n\t<meta property=\"og:image:type\" content=\"image\/png\" \/>\n<meta name=\"twitter:card\" content=\"summary_large_image\" \/>\n<meta name=\"twitter:title\" content=\"Apirosport\" \/>\n<meta name=\"twitter:label1\" content=\"Ber\u00e4knad l\u00e4stid\" \/>\n\t<meta name=\"twitter:data1\" content=\"1 minut\" \/>\n<script type=\"application\/ld+json\" class=\"yoast-schema-graph\">{\"@context\":\"https:\/\/schema.org\",\"@graph\":[{\"@type\":\"WebPage\",\"@id\":\"https:\/\/apirosport.com\/sv\/produkt\/sva-platform-bambu\/\",\"url\":\"https:\/\/apirosport.com\/sv\/produkt\/sva-platform-bambu\/\",\"name\":\"SVA Lyftarplattform Bambu | Apirosport\",\"isPartOf\":{\"@id\":\"https:\/\/apirosport.com\/sv\/#website\"},\"primaryImageOfPage\":{\"@id\":\"https:\/\/apirosport.com\/sv\/produkt\/sva-platform-bambu\/#primaryimage\"},\"image\":{\"@id\":\"https:\/\/apirosport.com\/sv\/produkt\/sva-platform-bambu\/#primaryimage\"},\"thumbnailUrl\":\"https:\/\/apirosport.com\/wp-content\/uploads\/2025\/12\/Half-Rack-with-6ft-SVA-Platform-Bamboo-II-9-HDHR2-9-HDP6D-BB2-2.png\",\"datePublished\":\"2021-02-10T11:25:39+00:00\",\"dateModified\":\"2026-02-22T21:07:11+00:00\",\"breadcrumb\":{\"@id\":\"https:\/\/apirosport.com\/sv\/produkt\/sva-platform-bambu\/#breadcrumb\"},\"inLanguage\":\"sv-SE\",\"potentialAction\":[{\"@type\":\"ReadAction\",\"target\":[\"https:\/\/apirosport.com\/sv\/produkt\/sva-platform-bambu\/\"]}]},{\"@type\":\"ImageObject\",\"inLanguage\":\"sv-SE\",\"@id\":\"https:\/\/apirosport.com\/sv\/produkt\/sva-platform-bambu\/#primaryimage\",\"url\":\"https:\/\/apirosport.com\/wp-content\/uploads\/2025\/12\/Half-Rack-with-6ft-SVA-Platform-Bamboo-II-9-HDHR2-9-HDP6D-BB2-2.png\",\"contentUrl\":\"https:\/\/apirosport.com\/wp-content\/uploads\/2025\/12\/Half-Rack-with-6ft-SVA-Platform-Bamboo-II-9-HDHR2-9-HDP6D-BB2-2.png\",\"width\":1181,\"height\":1181},{\"@type\":\"BreadcrumbList\",\"@id\":\"https:\/\/apirosport.com\/sv\/produkt\/sva-platform-bambu\/#breadcrumb\",\"itemListElement\":[{\"@type\":\"ListItem\",\"position\":1,\"name\":\"Home\",\"item\":\"https:\/\/apirosport.com\/sv\/\"},{\"@type\":\"ListItem\",\"position\":2,\"name\":\"Produkter\",\"item\":\"https:\/\/apirosport.com\/sv\/produkter\/\"},{\"@type\":\"ListItem\",\"position\":3,\"name\":\"SVA Lyftarplattform Bambu\"}]},{\"@type\":\"WebSite\",\"@id\":\"https:\/\/apirosport.com\/sv\/#website\",\"url\":\"https:\/\/apirosport.com\/sv\/\",\"name\":\"Apirosport\",\"description\":\"\",\"publisher\":{\"@id\":\"https:\/\/apirosport.com\/sv\/#organization\"},\"alternateName\":\"Apirosport\",\"potentialAction\":[{\"@type\":\"SearchAction\",\"target\":{\"@type\":\"EntryPoint\",\"urlTemplate\":\"https:\/\/apirosport.com\/sv\/?s={search_term_string}\"},\"query-input\":{\"@type\":\"PropertyValueSpecification\",\"valueRequired\":true,\"valueName\":\"search_term_string\"}}],\"inLanguage\":\"sv-SE\"},{\"@type\":\"Organization\",\"@id\":\"https:\/\/apirosport.com\/sv\/#organization\",\"name\":\"Apirosport\",\"alternateName\":\"Apirosport\",\"url\":\"https:\/\/apirosport.com\/sv\/\",\"logo\":{\"@type\":\"ImageObject\",\"inLanguage\":\"sv-SE\",\"@id\":\"https:\/\/apirosport.com\/sv\/#\/schema\/logo\/image\/\",\"url\":\"https:\/\/apirosport.com\/wp-content\/uploads\/2025\/12\/Apirosport-yellow-scaled.png\",\"contentUrl\":\"https:\/\/apirosport.com\/wp-content\/uploads\/2025\/12\/Apirosport-yellow-scaled.png\",\"width\":2560,\"height\":2278,\"caption\":\"Apirosport\"},\"image\":{\"@id\":\"https:\/\/apirosport.com\/sv\/#\/schema\/logo\/image\/\"}}]}<\/script>\n<!-- \/ Yoast SEO plugin. -->","yoast_head_json":{"title":"SVA Lyftarplattform Bambu | Apirosport","robots":{"index":"index","follow":"follow","max-snippet":"max-snippet:-1","max-image-preview":"max-image-preview:large","max-video-preview":"max-video-preview:-1"},"canonical":"https:\/\/apirosport.com\/sv\/produkt\/sva-platform-bambu\/","og_locale":"sv_SE","og_type":"article","og_title":"SVA Lyftarplattform Bambu | Apirosport","og_description":"Tr\u00e4na s\u00e4krare, tystare och utan studsar med nya Nautilus SVA Platform Bambu! Nautilus SVA lyftarplattform i bambu \u00e4r en vidareutveckling av Nautilus SVA Platform fr\u00e5n 2018 som lanserades i massiv ek. Precis som sin f\u00f6reg\u00e5ngare \u00e4r den nya lyftarplattformen f\u00f6rb\u00e4ttrad och framtagen f\u00f6r att minska b\u00e5de ljud och vibrationer vid styrke- och tyngdlyftningstr\u00e4ning: Plattformen \u00e4r [&hellip;]","og_url":"https:\/\/apirosport.com\/sv\/produkt\/sva-platform-bambu\/","og_site_name":"Apirosport","article_modified_time":"2026-02-22T21:07:11+00:00","og_image":[{"width":1181,"height":1181,"url":"https:\/\/apirosport.com\/wp-content\/uploads\/2025\/12\/Half-Rack-with-6ft-SVA-Platform-Bamboo-II-9-HDHR2-9-HDP6D-BB2-2.png","type":"image\/png"}],"twitter_card":"summary_large_image","twitter_title":"Apirosport","twitter_misc":{"Ber\u00e4knad l\u00e4stid":"1 minut"},"schema":{"@context":"https:\/\/schema.org","@graph":[{"@type":"WebPage","@id":"https:\/\/apirosport.com\/sv\/produkt\/sva-platform-bambu\/","url":"https:\/\/apirosport.com\/sv\/produkt\/sva-platform-bambu\/","name":"SVA Lyftarplattform Bambu | Apirosport","isPartOf":{"@id":"https:\/\/apirosport.com\/sv\/#website"},"primaryImageOfPage":{"@id":"https:\/\/apirosport.com\/sv\/produkt\/sva-platform-bambu\/#primaryimage"},"image":{"@id":"https:\/\/apirosport.com\/sv\/produkt\/sva-platform-bambu\/#primaryimage"},"thumbnailUrl":"https:\/\/apirosport.com\/wp-content\/uploads\/2025\/12\/Half-Rack-with-6ft-SVA-Platform-Bamboo-II-9-HDHR2-9-HDP6D-BB2-2.png","datePublished":"2021-02-10T11:25:39+00:00","dateModified":"2026-02-22T21:07:11+00:00","breadcrumb":{"@id":"https:\/\/apirosport.com\/sv\/produkt\/sva-platform-bambu\/#breadcrumb"},"inLanguage":"sv-SE","potentialAction":[{"@type":"ReadAction","target":["https:\/\/apirosport.com\/sv\/produkt\/sva-platform-bambu\/"]}]},{"@type":"ImageObject","inLanguage":"sv-SE","@id":"https:\/\/apirosport.com\/sv\/produkt\/sva-platform-bambu\/#primaryimage","url":"https:\/\/apirosport.com\/wp-content\/uploads\/2025\/12\/Half-Rack-with-6ft-SVA-Platform-Bamboo-II-9-HDHR2-9-HDP6D-BB2-2.png","contentUrl":"https:\/\/apirosport.com\/wp-content\/uploads\/2025\/12\/Half-Rack-with-6ft-SVA-Platform-Bamboo-II-9-HDHR2-9-HDP6D-BB2-2.png","width":1181,"height":1181},{"@type":"BreadcrumbList","@id":"https:\/\/apirosport.com\/sv\/produkt\/sva-platform-bambu\/#breadcrumb","itemListElement":[{"@type":"ListItem","position":1,"name":"Home","item":"https:\/\/apirosport.com\/sv\/"},{"@type":"ListItem","position":2,"name":"Produkter","item":"https:\/\/apirosport.com\/sv\/produkter\/"},{"@type":"ListItem","position":3,"name":"SVA Lyftarplattform Bambu"}]},{"@type":"WebSite","@id":"https:\/\/apirosport.com\/sv\/#website","url":"https:\/\/apirosport.com\/sv\/","name":"Apirosport","description":"","publisher":{"@id":"https:\/\/apirosport.com\/sv\/#organization"},"alternateName":"Apirosport","potentialAction":[{"@type":"SearchAction","target":{"@type":"EntryPoint","urlTemplate":"https:\/\/apirosport.com\/sv\/?s={search_term_string}"},"query-input":{"@type":"PropertyValueSpecification","valueRequired":true,"valueName":"search_term_string"}}],"inLanguage":"sv-SE"},{"@type":"Organization","@id":"https:\/\/apirosport.com\/sv\/#organization","name":"Apirosport","alternateName":"Apirosport","url":"https:\/\/apirosport.com\/sv\/","logo":{"@type":"ImageObject","inLanguage":"sv-SE","@id":"https:\/\/apirosport.com\/sv\/#\/schema\/logo\/image\/","url":"https:\/\/apirosport.com\/wp-content\/uploads\/2025\/12\/Apirosport-yellow-scaled.png","contentUrl":"https:\/\/apirosport.com\/wp-content\/uploads\/2025\/12\/Apirosport-yellow-scaled.png","width":2560,"height":2278,"caption":"Apirosport"},"image":{"@id":"https:\/\/apirosport.com\/sv\/#\/schema\/logo\/image\/"}}]}},"_links":{"self":[{"href":"https:\/\/apirosport.com\/sv\/wp-json\/wp\/v2\/product\/13609","targetHints":{"allow":["GET"]}}],"collection":[{"href":"https:\/\/apirosport.com\/sv\/wp-json\/wp\/v2\/product"}],"about":[{"href":"https:\/\/apirosport.com\/sv\/wp-json\/wp\/v2\/types\/product"}],"wp:featuredmedia":[{"embeddable":true,"href":"https:\/\/apirosport.com\/sv\/wp-json\/wp\/v2\/media\/13610"}],"wp:attachment":[{"href":"https:\/\/apirosport.com\/sv\/wp-json\/wp\/v2\/media?parent=13609"}],"wp:term":[{"taxonomy":"variation","embeddable":true,"href":"https:\/\/apirosport.com\/sv\/wp-json\/wp\/v2\/variation?post=13609"},{"taxonomy":"product_brand","embeddable":true,"href":"https:\/\/apirosport.com\/sv\/wp-json\/wp\/v2\/product_brand?post=13609"},{"taxonomy":"product_cat","embeddable":true,"href":"https:\/\/apirosport.com\/sv\/wp-json\/wp\/v2\/product_cat?post=13609"},{"taxonomy":"product_tag","embeddable":true,"href":"https:\/\/apirosport.com\/sv\/wp-json\/wp\/v2\/product_tag?post=13609"}],"curies":[{"name":"wp","href":"https:\/\/api.w.org\/{rel}","templated":true}]}}