{"id":13622,"date":"2021-02-10T14:31:01","date_gmt":"2021-02-10T14:31:01","guid":{"rendered":"https:\/\/apirosport.com\/?post_type=product&#038;p=13622"},"modified":"2026-02-22T21:06:36","modified_gmt":"2026-02-22T21:06:36","slug":"sva-lifting-platform","status":"publish","type":"product","link":"https:\/\/apirosport.com\/sv\/produkt\/sva-lifting-platform\/","title":{"rendered":"SVA Lyftarplattform"},"content":{"rendered":"<p><span class=\"VIiyi\" lang=\"sv\"><span class=\"JLqJ4b ChMk0b\" data-language-for-alternatives=\"sv\" data-language-to-translate-into=\"en\" data-phrase-index=\"0\">Reducera ljud och studsar &#8211; med Nautilus SVA Platform!<\/span><\/span><\/p>\n<p><span class=\"VIiyi\" lang=\"sv\"><span class=\"JLqJ4b ChMk0b\" data-language-for-alternatives=\"sv\" data-language-to-translate-into=\"en\" data-phrase-index=\"0\"> Nautilus SVA lyftarplattform \u00e4r en plattform framtagen f\u00f6r att g\u00f6ra tr\u00e4ningen behagligare och gymmilj\u00f6n mindre bullrig. Tillverkad i massiv ek med d\u00e4mpande mattor p\u00e5 sidorna \u00e4r den ett v\u00e4lkommet tillskott som garanterat kommer uppskattas av dina medlemmar: <\/span><\/span><\/p>\n<ul>\n<li><span class=\"VIiyi\" lang=\"sv\"><span class=\"JLqJ4b ChMk0b\" data-language-for-alternatives=\"sv\" data-language-to-translate-into=\"en\" data-phrase-index=\"0\">Plattformen \u00e4r gjord i massiv ek och \u00e4r mycket robust. Den har i princip ingen svikt f\u00f6r en stabil och s\u00e4ker tr\u00e4ning.<\/span><\/span><\/li>\n<li><span class=\"VIiyi\" lang=\"sv\"><span class=\"JLqJ4b ChMk0b\" data-language-for-alternatives=\"sv\" data-language-to-translate-into=\"en\" data-phrase-index=\"0\">D\u00e4mpningssystemet best\u00e5r av tv\u00e5 lager: en \u00f6vre platta i gummi som reducerar ljud och ett undre skikt i skum som reducerar vibrationer och studsar.<\/span><\/span><\/li>\n<\/ul>\n<p><span class=\"VIiyi\" lang=\"sv\"><span class=\"JLqJ4b ChMk0b\" data-language-for-alternatives=\"sv\" data-language-to-translate-into=\"en\" data-phrase-index=\"0\">Nautilus SVA Platform finns i tv\u00e5 modeller: en designad f\u00f6r att passa <a href=\"https:\/\/apirosport.se\/produkter\/styrka\/half-rack\/\" target=\"_blank\" rel=\"noopener noreferrer\"><span style=\"text-decoration: underline;\">Nautilus Half Rack<\/span><\/a> och en som fungerar som stand alone platform. Det finns \u00e4ven en nyare variant p\u00e5 <a href=\"https:\/\/apirosport.se\/produkter\/styrka\/sva-platform-bambu\/\" target=\"_blank\" rel=\"noopener noreferrer\"><span style=\"text-decoration: underline;\">SVA Lyftarplattform<\/span><\/a> med milj\u00f6- och h\u00e5llbarhetscertifierad bambu.<br \/>\n<\/span><\/span><\/p>\n","protected":false},"excerpt":{"rendered":"<p>Reducera ljud och studsar &#8211; med Nautilus SVA Platform! Nautilus SVA lyftarplattform \u00e4r en plattform framtagen f\u00f6r att g\u00f6ra tr\u00e4ningen behagligare och gymmilj\u00f6n mindre bullrig. Tillverkad i massiv ek med d\u00e4mpande mattor p\u00e5 sidorna \u00e4r den ett v\u00e4lkommet tillskott som garanterat kommer uppskattas av dina medlemmar: Plattformen \u00e4r gjord i massiv ek och \u00e4r mycket [&hellip;]<\/p>\n","protected":false},"featured_media":13623,"template":"","meta":{"_acf_changed":false,"inline_featured_image":false},"variation":[],"product_brand":[],"product_cat":[295,309],"product_tag":[308],"class_list":{"0":"post-13622","1":"product","2":"type-product","3":"status-publish","4":"has-post-thumbnail","6":"product_cat-racks","7":"product_cat-nautilus","8":"product_tag-nautilus-strength","10":"first","11":"instock","12":"shipping-taxable","13":"purchasable","14":"product-type-variable"},"acf":[],"yoast_head":"<!-- This site is optimized with the Yoast SEO plugin v26.8 - https:\/\/yoast.com\/product\/yoast-seo-wordpress\/ -->\n<title>SVA Lyftarplattform | Apirosport<\/title>\n<meta name=\"robots\" content=\"index, follow, max-snippet:-1, max-image-preview:large, max-video-preview:-1\" \/>\n<link rel=\"canonical\" href=\"https:\/\/apirosport.com\/sv\/produkt\/sva-lifting-platform\/\" \/>\n<meta property=\"og:locale\" content=\"sv_SE\" \/>\n<meta property=\"og:type\" content=\"article\" \/>\n<meta property=\"og:title\" content=\"SVA Lyftarplattform | Apirosport\" \/>\n<meta property=\"og:description\" content=\"Reducera ljud och studsar &#8211; med Nautilus SVA Platform! Nautilus SVA lyftarplattform \u00e4r en plattform framtagen f\u00f6r att g\u00f6ra tr\u00e4ningen behagligare och gymmilj\u00f6n mindre bullrig. Tillverkad i massiv ek med d\u00e4mpande mattor p\u00e5 sidorna \u00e4r den ett v\u00e4lkommet tillskott som garanterat kommer uppskattas av dina medlemmar: Plattformen \u00e4r gjord i massiv ek och \u00e4r mycket [&hellip;]\" \/>\n<meta property=\"og:url\" content=\"https:\/\/apirosport.com\/sv\/produkt\/sva-lifting-platform\/\" \/>\n<meta property=\"og:site_name\" content=\"Apirosport\" \/>\n<meta property=\"article:modified_time\" content=\"2026-02-22T21:06:36+00:00\" \/>\n<meta property=\"og:image\" content=\"https:\/\/apirosport.com\/wp-content\/uploads\/2025\/12\/Power-Cage-with-6ft-SVA-Platform-9NP-R8005-9-HDP6D-BB2-2-2.png\" \/>\n\t<meta property=\"og:image:width\" content=\"1181\" \/>\n\t<meta property=\"og:image:height\" content=\"1181\" \/>\n\t<meta property=\"og:image:type\" content=\"image\/png\" \/>\n<meta name=\"twitter:card\" content=\"summary_large_image\" \/>\n<meta name=\"twitter:title\" content=\"Apirosport\" \/>\n<meta name=\"twitter:label1\" content=\"Ber\u00e4knad l\u00e4stid\" \/>\n\t<meta name=\"twitter:data1\" content=\"1 minut\" \/>\n<script type=\"application\/ld+json\" class=\"yoast-schema-graph\">{\"@context\":\"https:\/\/schema.org\",\"@graph\":[{\"@type\":\"WebPage\",\"@id\":\"https:\/\/apirosport.com\/sv\/produkt\/sva-lifting-platform\/\",\"url\":\"https:\/\/apirosport.com\/sv\/produkt\/sva-lifting-platform\/\",\"name\":\"SVA Lyftarplattform | Apirosport\",\"isPartOf\":{\"@id\":\"https:\/\/apirosport.com\/sv\/#website\"},\"primaryImageOfPage\":{\"@id\":\"https:\/\/apirosport.com\/sv\/produkt\/sva-lifting-platform\/#primaryimage\"},\"image\":{\"@id\":\"https:\/\/apirosport.com\/sv\/produkt\/sva-lifting-platform\/#primaryimage\"},\"thumbnailUrl\":\"https:\/\/apirosport.com\/wp-content\/uploads\/2025\/12\/Power-Cage-with-6ft-SVA-Platform-9NP-R8005-9-HDP6D-BB2-2-2.png\",\"datePublished\":\"2021-02-10T14:31:01+00:00\",\"dateModified\":\"2026-02-22T21:06:36+00:00\",\"breadcrumb\":{\"@id\":\"https:\/\/apirosport.com\/sv\/produkt\/sva-lifting-platform\/#breadcrumb\"},\"inLanguage\":\"sv-SE\",\"potentialAction\":[{\"@type\":\"ReadAction\",\"target\":[\"https:\/\/apirosport.com\/sv\/produkt\/sva-lifting-platform\/\"]}]},{\"@type\":\"ImageObject\",\"inLanguage\":\"sv-SE\",\"@id\":\"https:\/\/apirosport.com\/sv\/produkt\/sva-lifting-platform\/#primaryimage\",\"url\":\"https:\/\/apirosport.com\/wp-content\/uploads\/2025\/12\/Power-Cage-with-6ft-SVA-Platform-9NP-R8005-9-HDP6D-BB2-2-2.png\",\"contentUrl\":\"https:\/\/apirosport.com\/wp-content\/uploads\/2025\/12\/Power-Cage-with-6ft-SVA-Platform-9NP-R8005-9-HDP6D-BB2-2-2.png\",\"width\":1181,\"height\":1181},{\"@type\":\"BreadcrumbList\",\"@id\":\"https:\/\/apirosport.com\/sv\/produkt\/sva-lifting-platform\/#breadcrumb\",\"itemListElement\":[{\"@type\":\"ListItem\",\"position\":1,\"name\":\"Home\",\"item\":\"https:\/\/apirosport.com\/sv\/\"},{\"@type\":\"ListItem\",\"position\":2,\"name\":\"Produkter\",\"item\":\"https:\/\/apirosport.com\/sv\/produkter\/\"},{\"@type\":\"ListItem\",\"position\":3,\"name\":\"SVA Lyftarplattform\"}]},{\"@type\":\"WebSite\",\"@id\":\"https:\/\/apirosport.com\/sv\/#website\",\"url\":\"https:\/\/apirosport.com\/sv\/\",\"name\":\"Apirosport\",\"description\":\"\",\"publisher\":{\"@id\":\"https:\/\/apirosport.com\/sv\/#organization\"},\"alternateName\":\"Apirosport\",\"potentialAction\":[{\"@type\":\"SearchAction\",\"target\":{\"@type\":\"EntryPoint\",\"urlTemplate\":\"https:\/\/apirosport.com\/sv\/?s={search_term_string}\"},\"query-input\":{\"@type\":\"PropertyValueSpecification\",\"valueRequired\":true,\"valueName\":\"search_term_string\"}}],\"inLanguage\":\"sv-SE\"},{\"@type\":\"Organization\",\"@id\":\"https:\/\/apirosport.com\/sv\/#organization\",\"name\":\"Apirosport\",\"alternateName\":\"Apirosport\",\"url\":\"https:\/\/apirosport.com\/sv\/\",\"logo\":{\"@type\":\"ImageObject\",\"inLanguage\":\"sv-SE\",\"@id\":\"https:\/\/apirosport.com\/sv\/#\/schema\/logo\/image\/\",\"url\":\"https:\/\/apirosport.com\/wp-content\/uploads\/2025\/12\/Apirosport-yellow-scaled.png\",\"contentUrl\":\"https:\/\/apirosport.com\/wp-content\/uploads\/2025\/12\/Apirosport-yellow-scaled.png\",\"width\":2560,\"height\":2278,\"caption\":\"Apirosport\"},\"image\":{\"@id\":\"https:\/\/apirosport.com\/sv\/#\/schema\/logo\/image\/\"}}]}<\/script>\n<!-- \/ Yoast SEO plugin. -->","yoast_head_json":{"title":"SVA Lyftarplattform | Apirosport","robots":{"index":"index","follow":"follow","max-snippet":"max-snippet:-1","max-image-preview":"max-image-preview:large","max-video-preview":"max-video-preview:-1"},"canonical":"https:\/\/apirosport.com\/sv\/produkt\/sva-lifting-platform\/","og_locale":"sv_SE","og_type":"article","og_title":"SVA Lyftarplattform | Apirosport","og_description":"Reducera ljud och studsar &#8211; med Nautilus SVA Platform! Nautilus SVA lyftarplattform \u00e4r en plattform framtagen f\u00f6r att g\u00f6ra tr\u00e4ningen behagligare och gymmilj\u00f6n mindre bullrig. Tillverkad i massiv ek med d\u00e4mpande mattor p\u00e5 sidorna \u00e4r den ett v\u00e4lkommet tillskott som garanterat kommer uppskattas av dina medlemmar: Plattformen \u00e4r gjord i massiv ek och \u00e4r mycket [&hellip;]","og_url":"https:\/\/apirosport.com\/sv\/produkt\/sva-lifting-platform\/","og_site_name":"Apirosport","article_modified_time":"2026-02-22T21:06:36+00:00","og_image":[{"width":1181,"height":1181,"url":"https:\/\/apirosport.com\/wp-content\/uploads\/2025\/12\/Power-Cage-with-6ft-SVA-Platform-9NP-R8005-9-HDP6D-BB2-2-2.png","type":"image\/png"}],"twitter_card":"summary_large_image","twitter_title":"Apirosport","twitter_misc":{"Ber\u00e4knad l\u00e4stid":"1 minut"},"schema":{"@context":"https:\/\/schema.org","@graph":[{"@type":"WebPage","@id":"https:\/\/apirosport.com\/sv\/produkt\/sva-lifting-platform\/","url":"https:\/\/apirosport.com\/sv\/produkt\/sva-lifting-platform\/","name":"SVA Lyftarplattform | Apirosport","isPartOf":{"@id":"https:\/\/apirosport.com\/sv\/#website"},"primaryImageOfPage":{"@id":"https:\/\/apirosport.com\/sv\/produkt\/sva-lifting-platform\/#primaryimage"},"image":{"@id":"https:\/\/apirosport.com\/sv\/produkt\/sva-lifting-platform\/#primaryimage"},"thumbnailUrl":"https:\/\/apirosport.com\/wp-content\/uploads\/2025\/12\/Power-Cage-with-6ft-SVA-Platform-9NP-R8005-9-HDP6D-BB2-2-2.png","datePublished":"2021-02-10T14:31:01+00:00","dateModified":"2026-02-22T21:06:36+00:00","breadcrumb":{"@id":"https:\/\/apirosport.com\/sv\/produkt\/sva-lifting-platform\/#breadcrumb"},"inLanguage":"sv-SE","potentialAction":[{"@type":"ReadAction","target":["https:\/\/apirosport.com\/sv\/produkt\/sva-lifting-platform\/"]}]},{"@type":"ImageObject","inLanguage":"sv-SE","@id":"https:\/\/apirosport.com\/sv\/produkt\/sva-lifting-platform\/#primaryimage","url":"https:\/\/apirosport.com\/wp-content\/uploads\/2025\/12\/Power-Cage-with-6ft-SVA-Platform-9NP-R8005-9-HDP6D-BB2-2-2.png","contentUrl":"https:\/\/apirosport.com\/wp-content\/uploads\/2025\/12\/Power-Cage-with-6ft-SVA-Platform-9NP-R8005-9-HDP6D-BB2-2-2.png","width":1181,"height":1181},{"@type":"BreadcrumbList","@id":"https:\/\/apirosport.com\/sv\/produkt\/sva-lifting-platform\/#breadcrumb","itemListElement":[{"@type":"ListItem","position":1,"name":"Home","item":"https:\/\/apirosport.com\/sv\/"},{"@type":"ListItem","position":2,"name":"Produkter","item":"https:\/\/apirosport.com\/sv\/produkter\/"},{"@type":"ListItem","position":3,"name":"SVA Lyftarplattform"}]},{"@type":"WebSite","@id":"https:\/\/apirosport.com\/sv\/#website","url":"https:\/\/apirosport.com\/sv\/","name":"Apirosport","description":"","publisher":{"@id":"https:\/\/apirosport.com\/sv\/#organization"},"alternateName":"Apirosport","potentialAction":[{"@type":"SearchAction","target":{"@type":"EntryPoint","urlTemplate":"https:\/\/apirosport.com\/sv\/?s={search_term_string}"},"query-input":{"@type":"PropertyValueSpecification","valueRequired":true,"valueName":"search_term_string"}}],"inLanguage":"sv-SE"},{"@type":"Organization","@id":"https:\/\/apirosport.com\/sv\/#organization","name":"Apirosport","alternateName":"Apirosport","url":"https:\/\/apirosport.com\/sv\/","logo":{"@type":"ImageObject","inLanguage":"sv-SE","@id":"https:\/\/apirosport.com\/sv\/#\/schema\/logo\/image\/","url":"https:\/\/apirosport.com\/wp-content\/uploads\/2025\/12\/Apirosport-yellow-scaled.png","contentUrl":"https:\/\/apirosport.com\/wp-content\/uploads\/2025\/12\/Apirosport-yellow-scaled.png","width":2560,"height":2278,"caption":"Apirosport"},"image":{"@id":"https:\/\/apirosport.com\/sv\/#\/schema\/logo\/image\/"}}]}},"_links":{"self":[{"href":"https:\/\/apirosport.com\/sv\/wp-json\/wp\/v2\/product\/13622","targetHints":{"allow":["GET"]}}],"collection":[{"href":"https:\/\/apirosport.com\/sv\/wp-json\/wp\/v2\/product"}],"about":[{"href":"https:\/\/apirosport.com\/sv\/wp-json\/wp\/v2\/types\/product"}],"wp:featuredmedia":[{"embeddable":true,"href":"https:\/\/apirosport.com\/sv\/wp-json\/wp\/v2\/media\/13623"}],"wp:attachment":[{"href":"https:\/\/apirosport.com\/sv\/wp-json\/wp\/v2\/media?parent=13622"}],"wp:term":[{"taxonomy":"variation","embeddable":true,"href":"https:\/\/apirosport.com\/sv\/wp-json\/wp\/v2\/variation?post=13622"},{"taxonomy":"product_brand","embeddable":true,"href":"https:\/\/apirosport.com\/sv\/wp-json\/wp\/v2\/product_brand?post=13622"},{"taxonomy":"product_cat","embeddable":true,"href":"https:\/\/apirosport.com\/sv\/wp-json\/wp\/v2\/product_cat?post=13622"},{"taxonomy":"product_tag","embeddable":true,"href":"https:\/\/apirosport.com\/sv\/wp-json\/wp\/v2\/product_tag?post=13622"}],"curies":[{"name":"wp","href":"https:\/\/api.w.org\/{rel}","templated":true}]}}