{"id":15218,"date":"2023-09-25T15:29:16","date_gmt":"2023-09-25T15:29:16","guid":{"rendered":"https:\/\/apirosport.com\/?post_type=product&#038;p=15218"},"modified":"2026-02-22T21:05:35","modified_gmt":"2026-02-22T21:05:35","slug":"stairmaster4g","status":"publish","type":"product","link":"https:\/\/apirosport.com\/sv\/produkt\/stairmaster4g\/","title":{"rendered":"StairMaster 4G"},"content":{"rendered":"\r\n<p><strong>Stairmasters \u00e4r som bekant ett v\u00e4lk\u00e4nt namn n\u00e4r det kommer till intensiv tr\u00e4ning i form av kl\u00e4ttring. StairMaster 4G \u00e4r versionen som fungerar i de lite mindre utrymmena, s\u00e5 som i mindre hotellgym, sm\u00e5 boutiquegym, bostadsr\u00e4ttsf\u00f6reningar, rehabgym etc. <\/strong><\/p>\r\n\r\n\r\n\r\n<ul class=\"wp-block-list\">\r\n<li>StairMaster 4G kr\u00e4ver en l\u00e4gre takh\u00f6jd; 244cm r\u00e4cker<\/li>\r\n<li>Fotavtryck: 1,01m<sup>2<\/sup><\/li>\r\n<li>Stegh\u00f6jd: 18cm<\/li>\r\n<li>Kompatibel med flera olika OpenHub-konsoler<\/li>\r\n<li>OpenHub 15\u201d kan enkelt anslutas till b\u00e5de Apple Watch och Samsung Galaxy watch. Med NFC teknologi ansluter man enkelt f\u00f6r att effektivt kunna m\u00e4ta sina resultat<\/li>\r\n<li>Handtag anpassade f\u00f6r flera olika kl\u00e4ttringspositioner<\/li>\r\n<li>Sensor f\u00f6r s\u00e4kerhetsstopp<\/li>\r\n<li>Inbyggd hastighets- och stoppkontroll f\u00f6r en b\u00e4ttre anv\u00e4ndarv\u00e4nlighet<\/li>\r\n<li>Enkel att underh\u00e5lla \u2013 avtagbar servicepanel f\u00f6r l\u00e4ttare \u00e5tkomst till drivlina och \u00f6vrig elektronik<\/li>\r\n<\/ul>\r\n","protected":false},"excerpt":{"rendered":"<p>Stairmasters \u00e4r som bekant ett v\u00e4lk\u00e4nt namn n\u00e4r det kommer till intensiv tr\u00e4ning i form av kl\u00e4ttring. StairMaster 4G \u00e4r versionen som fungerar i de lite mindre utrymmena, s\u00e5 som i mindre hotellgym, sm\u00e5 boutiquegym, bostadsr\u00e4ttsf\u00f6reningar, rehabgym etc. StairMaster 4G kr\u00e4ver en l\u00e4gre takh\u00f6jd; 244cm r\u00e4cker Fotavtryck: 1,01m2 Stegh\u00f6jd: 18cm Kompatibel med flera olika OpenHub-konsoler [&hellip;]<\/p>\n","protected":false},"featured_media":15219,"template":"","meta":{"_acf_changed":false,"inline_featured_image":false},"variation":[],"product_brand":[],"product_cat":[91,284,317,326,327],"product_tag":[58],"class_list":{"0":"post-15218","1":"product","2":"type-product","3":"status-publish","4":"has-post-thumbnail","6":"product_cat-hiit","7":"product_cat-trappmaskiner","8":"product_cat-stairmaster","9":"product_cat-4-series","11":"product_tag-stairmaster","13":"first","14":"instock","15":"shipping-taxable","16":"product-type-simple"},"acf":[],"yoast_head":"<!-- This site is optimized with the Yoast SEO plugin v26.8 - https:\/\/yoast.com\/product\/yoast-seo-wordpress\/ -->\n<title>StairMaster 4G | Apirosport<\/title>\n<meta name=\"robots\" content=\"index, follow, max-snippet:-1, max-image-preview:large, max-video-preview:-1\" \/>\n<link rel=\"canonical\" href=\"https:\/\/apirosport.com\/sv\/produkt\/stairmaster4g\/\" \/>\n<meta property=\"og:locale\" content=\"sv_SE\" \/>\n<meta property=\"og:type\" content=\"article\" \/>\n<meta property=\"og:title\" content=\"StairMaster 4G | Apirosport\" \/>\n<meta property=\"og:description\" content=\"Stairmasters \u00e4r som bekant ett v\u00e4lk\u00e4nt namn n\u00e4r det kommer till intensiv tr\u00e4ning i form av kl\u00e4ttring. StairMaster 4G \u00e4r versionen som fungerar i de lite mindre utrymmena, s\u00e5 som i mindre hotellgym, sm\u00e5 boutiquegym, bostadsr\u00e4ttsf\u00f6reningar, rehabgym etc. StairMaster 4G kr\u00e4ver en l\u00e4gre takh\u00f6jd; 244cm r\u00e4cker Fotavtryck: 1,01m2 Stegh\u00f6jd: 18cm Kompatibel med flera olika OpenHub-konsoler [&hellip;]\" \/>\n<meta property=\"og:url\" content=\"https:\/\/apirosport.com\/sv\/produkt\/stairmaster4g\/\" \/>\n<meta property=\"og:site_name\" content=\"Apirosport\" \/>\n<meta property=\"article:modified_time\" content=\"2026-02-22T21:05:35+00:00\" \/>\n<meta property=\"og:image\" content=\"https:\/\/apirosport.com\/wp-content\/uploads\/2025\/12\/StairMaster4G-LOWRES-15in-2.png\" \/>\n\t<meta property=\"og:image:width\" content=\"1417\" \/>\n\t<meta property=\"og:image:height\" content=\"945\" \/>\n\t<meta property=\"og:image:type\" content=\"image\/png\" \/>\n<meta name=\"twitter:card\" content=\"summary_large_image\" \/>\n<meta name=\"twitter:title\" content=\"Apirosport\" \/>\n<meta name=\"twitter:label1\" content=\"Ber\u00e4knad l\u00e4stid\" \/>\n\t<meta name=\"twitter:data1\" content=\"1 minut\" \/>\n<script type=\"application\/ld+json\" class=\"yoast-schema-graph\">{\"@context\":\"https:\/\/schema.org\",\"@graph\":[{\"@type\":\"WebPage\",\"@id\":\"https:\/\/apirosport.com\/sv\/produkt\/stairmaster4g\/\",\"url\":\"https:\/\/apirosport.com\/sv\/produkt\/stairmaster4g\/\",\"name\":\"StairMaster 4G | Apirosport\",\"isPartOf\":{\"@id\":\"https:\/\/apirosport.com\/sv\/#website\"},\"primaryImageOfPage\":{\"@id\":\"https:\/\/apirosport.com\/sv\/produkt\/stairmaster4g\/#primaryimage\"},\"image\":{\"@id\":\"https:\/\/apirosport.com\/sv\/produkt\/stairmaster4g\/#primaryimage\"},\"thumbnailUrl\":\"https:\/\/apirosport.com\/wp-content\/uploads\/2025\/12\/StairMaster4G-LOWRES-15in-2.png\",\"datePublished\":\"2023-09-25T15:29:16+00:00\",\"dateModified\":\"2026-02-22T21:05:35+00:00\",\"breadcrumb\":{\"@id\":\"https:\/\/apirosport.com\/sv\/produkt\/stairmaster4g\/#breadcrumb\"},\"inLanguage\":\"sv-SE\",\"potentialAction\":[{\"@type\":\"ReadAction\",\"target\":[\"https:\/\/apirosport.com\/sv\/produkt\/stairmaster4g\/\"]}]},{\"@type\":\"ImageObject\",\"inLanguage\":\"sv-SE\",\"@id\":\"https:\/\/apirosport.com\/sv\/produkt\/stairmaster4g\/#primaryimage\",\"url\":\"https:\/\/apirosport.com\/wp-content\/uploads\/2025\/12\/StairMaster4G-LOWRES-15in-2.png\",\"contentUrl\":\"https:\/\/apirosport.com\/wp-content\/uploads\/2025\/12\/StairMaster4G-LOWRES-15in-2.png\",\"width\":1417,\"height\":945,\"caption\":\"Stairmaster 4G\"},{\"@type\":\"BreadcrumbList\",\"@id\":\"https:\/\/apirosport.com\/sv\/produkt\/stairmaster4g\/#breadcrumb\",\"itemListElement\":[{\"@type\":\"ListItem\",\"position\":1,\"name\":\"Home\",\"item\":\"https:\/\/apirosport.com\/sv\/\"},{\"@type\":\"ListItem\",\"position\":2,\"name\":\"Produkter\",\"item\":\"https:\/\/apirosport.com\/sv\/produkter\/\"},{\"@type\":\"ListItem\",\"position\":3,\"name\":\"StairMaster 4G\"}]},{\"@type\":\"WebSite\",\"@id\":\"https:\/\/apirosport.com\/sv\/#website\",\"url\":\"https:\/\/apirosport.com\/sv\/\",\"name\":\"Apirosport\",\"description\":\"\",\"publisher\":{\"@id\":\"https:\/\/apirosport.com\/sv\/#organization\"},\"alternateName\":\"Apirosport\",\"potentialAction\":[{\"@type\":\"SearchAction\",\"target\":{\"@type\":\"EntryPoint\",\"urlTemplate\":\"https:\/\/apirosport.com\/sv\/?s={search_term_string}\"},\"query-input\":{\"@type\":\"PropertyValueSpecification\",\"valueRequired\":true,\"valueName\":\"search_term_string\"}}],\"inLanguage\":\"sv-SE\"},{\"@type\":\"Organization\",\"@id\":\"https:\/\/apirosport.com\/sv\/#organization\",\"name\":\"Apirosport\",\"alternateName\":\"Apirosport\",\"url\":\"https:\/\/apirosport.com\/sv\/\",\"logo\":{\"@type\":\"ImageObject\",\"inLanguage\":\"sv-SE\",\"@id\":\"https:\/\/apirosport.com\/sv\/#\/schema\/logo\/image\/\",\"url\":\"https:\/\/apirosport.com\/wp-content\/uploads\/2025\/12\/Apirosport-yellow-scaled.png\",\"contentUrl\":\"https:\/\/apirosport.com\/wp-content\/uploads\/2025\/12\/Apirosport-yellow-scaled.png\",\"width\":2560,\"height\":2278,\"caption\":\"Apirosport\"},\"image\":{\"@id\":\"https:\/\/apirosport.com\/sv\/#\/schema\/logo\/image\/\"}}]}<\/script>\n<!-- \/ Yoast SEO plugin. -->","yoast_head_json":{"title":"StairMaster 4G | Apirosport","robots":{"index":"index","follow":"follow","max-snippet":"max-snippet:-1","max-image-preview":"max-image-preview:large","max-video-preview":"max-video-preview:-1"},"canonical":"https:\/\/apirosport.com\/sv\/produkt\/stairmaster4g\/","og_locale":"sv_SE","og_type":"article","og_title":"StairMaster 4G | Apirosport","og_description":"Stairmasters \u00e4r som bekant ett v\u00e4lk\u00e4nt namn n\u00e4r det kommer till intensiv tr\u00e4ning i form av kl\u00e4ttring. StairMaster 4G \u00e4r versionen som fungerar i de lite mindre utrymmena, s\u00e5 som i mindre hotellgym, sm\u00e5 boutiquegym, bostadsr\u00e4ttsf\u00f6reningar, rehabgym etc. StairMaster 4G kr\u00e4ver en l\u00e4gre takh\u00f6jd; 244cm r\u00e4cker Fotavtryck: 1,01m2 Stegh\u00f6jd: 18cm Kompatibel med flera olika OpenHub-konsoler [&hellip;]","og_url":"https:\/\/apirosport.com\/sv\/produkt\/stairmaster4g\/","og_site_name":"Apirosport","article_modified_time":"2026-02-22T21:05:35+00:00","og_image":[{"width":1417,"height":945,"url":"https:\/\/apirosport.com\/wp-content\/uploads\/2025\/12\/StairMaster4G-LOWRES-15in-2.png","type":"image\/png"}],"twitter_card":"summary_large_image","twitter_title":"Apirosport","twitter_misc":{"Ber\u00e4knad l\u00e4stid":"1 minut"},"schema":{"@context":"https:\/\/schema.org","@graph":[{"@type":"WebPage","@id":"https:\/\/apirosport.com\/sv\/produkt\/stairmaster4g\/","url":"https:\/\/apirosport.com\/sv\/produkt\/stairmaster4g\/","name":"StairMaster 4G | Apirosport","isPartOf":{"@id":"https:\/\/apirosport.com\/sv\/#website"},"primaryImageOfPage":{"@id":"https:\/\/apirosport.com\/sv\/produkt\/stairmaster4g\/#primaryimage"},"image":{"@id":"https:\/\/apirosport.com\/sv\/produkt\/stairmaster4g\/#primaryimage"},"thumbnailUrl":"https:\/\/apirosport.com\/wp-content\/uploads\/2025\/12\/StairMaster4G-LOWRES-15in-2.png","datePublished":"2023-09-25T15:29:16+00:00","dateModified":"2026-02-22T21:05:35+00:00","breadcrumb":{"@id":"https:\/\/apirosport.com\/sv\/produkt\/stairmaster4g\/#breadcrumb"},"inLanguage":"sv-SE","potentialAction":[{"@type":"ReadAction","target":["https:\/\/apirosport.com\/sv\/produkt\/stairmaster4g\/"]}]},{"@type":"ImageObject","inLanguage":"sv-SE","@id":"https:\/\/apirosport.com\/sv\/produkt\/stairmaster4g\/#primaryimage","url":"https:\/\/apirosport.com\/wp-content\/uploads\/2025\/12\/StairMaster4G-LOWRES-15in-2.png","contentUrl":"https:\/\/apirosport.com\/wp-content\/uploads\/2025\/12\/StairMaster4G-LOWRES-15in-2.png","width":1417,"height":945,"caption":"Stairmaster 4G"},{"@type":"BreadcrumbList","@id":"https:\/\/apirosport.com\/sv\/produkt\/stairmaster4g\/#breadcrumb","itemListElement":[{"@type":"ListItem","position":1,"name":"Home","item":"https:\/\/apirosport.com\/sv\/"},{"@type":"ListItem","position":2,"name":"Produkter","item":"https:\/\/apirosport.com\/sv\/produkter\/"},{"@type":"ListItem","position":3,"name":"StairMaster 4G"}]},{"@type":"WebSite","@id":"https:\/\/apirosport.com\/sv\/#website","url":"https:\/\/apirosport.com\/sv\/","name":"Apirosport","description":"","publisher":{"@id":"https:\/\/apirosport.com\/sv\/#organization"},"alternateName":"Apirosport","potentialAction":[{"@type":"SearchAction","target":{"@type":"EntryPoint","urlTemplate":"https:\/\/apirosport.com\/sv\/?s={search_term_string}"},"query-input":{"@type":"PropertyValueSpecification","valueRequired":true,"valueName":"search_term_string"}}],"inLanguage":"sv-SE"},{"@type":"Organization","@id":"https:\/\/apirosport.com\/sv\/#organization","name":"Apirosport","alternateName":"Apirosport","url":"https:\/\/apirosport.com\/sv\/","logo":{"@type":"ImageObject","inLanguage":"sv-SE","@id":"https:\/\/apirosport.com\/sv\/#\/schema\/logo\/image\/","url":"https:\/\/apirosport.com\/wp-content\/uploads\/2025\/12\/Apirosport-yellow-scaled.png","contentUrl":"https:\/\/apirosport.com\/wp-content\/uploads\/2025\/12\/Apirosport-yellow-scaled.png","width":2560,"height":2278,"caption":"Apirosport"},"image":{"@id":"https:\/\/apirosport.com\/sv\/#\/schema\/logo\/image\/"}}]}},"_links":{"self":[{"href":"https:\/\/apirosport.com\/sv\/wp-json\/wp\/v2\/product\/15218","targetHints":{"allow":["GET"]}}],"collection":[{"href":"https:\/\/apirosport.com\/sv\/wp-json\/wp\/v2\/product"}],"about":[{"href":"https:\/\/apirosport.com\/sv\/wp-json\/wp\/v2\/types\/product"}],"wp:featuredmedia":[{"embeddable":true,"href":"https:\/\/apirosport.com\/sv\/wp-json\/wp\/v2\/media\/15219"}],"wp:attachment":[{"href":"https:\/\/apirosport.com\/sv\/wp-json\/wp\/v2\/media?parent=15218"}],"wp:term":[{"taxonomy":"variation","embeddable":true,"href":"https:\/\/apirosport.com\/sv\/wp-json\/wp\/v2\/variation?post=15218"},{"taxonomy":"product_brand","embeddable":true,"href":"https:\/\/apirosport.com\/sv\/wp-json\/wp\/v2\/product_brand?post=15218"},{"taxonomy":"product_cat","embeddable":true,"href":"https:\/\/apirosport.com\/sv\/wp-json\/wp\/v2\/product_cat?post=15218"},{"taxonomy":"product_tag","embeddable":true,"href":"https:\/\/apirosport.com\/sv\/wp-json\/wp\/v2\/product_tag?post=15218"}],"curies":[{"name":"wp","href":"https:\/\/api.w.org\/{rel}","templated":true}]}}