{"id":15327,"date":"2023-10-23T07:35:58","date_gmt":"2023-10-23T07:35:58","guid":{"rendered":"https:\/\/apirosport.com\/?post_type=product&#038;p=15327"},"modified":"2026-03-19T15:37:30","modified_gmt":"2026-03-19T15:37:30","slug":"virtual-bike","status":"publish","type":"product","link":"https:\/\/apirosport.com\/sv\/produkt\/virtual-bike\/","title":{"rendered":"Virtual Bike"},"content":{"rendered":"\r\n<p>Star Trac Virtual Bike kombinerar den toppmoderna kommersiella grupptr\u00e4ningscykeln med en 21-tums touch screen f\u00f6r att skapa den ultimata tr\u00e4ningsupplevelsen. Cykeln \u00e4r designad f\u00f6r att klara trycket i en kommersiell cardio-park och m\u00f6ter samtidigt behoven f\u00f6r att fungera i milj\u00f6er som hotell- eller PT-gym samt bostadsr\u00e4ttsf\u00f6reningar etc. Genom partnerskap med Intelligent Cycling kan man enkelt via sk\u00e4rmen f\u00f6lja instrukt\u00f6rledda pass och andra professionellt designade tr\u00e4ningspass eller f\u00f6lja olika milj\u00f6er f\u00f6r en mer autentisk k\u00e4nsla.<\/p>\r\n\r\n\r\n\r\n<ul class=\"wp-block-list\">\r\n<li>21-tums touch screen<\/li>\r\n<li>Flertalet spr\u00e5k att v\u00e4lja mellan<\/li>\r\n<li>Ergonomiskt designad sadel<\/li>\r\n<li>Perfekt f\u00f6r verksamheter utan instrukt\u00f6rledda pass<\/li>\r\n<\/ul>\r\n\r\n\r\n\r\n<p>&nbsp;<\/p>\r\n","protected":false},"excerpt":{"rendered":"<p>Star Trac Virtual Bike kombinerar den toppmoderna kommersiella grupptr\u00e4ningscykeln med en 21-tums touch screen f\u00f6r att skapa den ultimata tr\u00e4ningsupplevelsen. Cykeln \u00e4r designad f\u00f6r att klara trycket i en kommersiell cardio-park och m\u00f6ter samtidigt behoven f\u00f6r att fungera i milj\u00f6er som hotell- eller PT-gym samt bostadsr\u00e4ttsf\u00f6reningar etc. Genom partnerskap med Intelligent Cycling kan man enkelt [&hellip;]<\/p>\n","protected":false},"featured_media":15328,"template":"","meta":{"_acf_changed":false,"inline_featured_image":false},"variation":[],"product_brand":[],"product_cat":[87,281,316],"product_tag":[299],"class_list":{"0":"post-15327","1":"product","2":"type-product","3":"status-publish","4":"has-post-thumbnail","6":"product_cat-kondition","7":"product_cat-motionscyklar","8":"product_cat-star-trac","9":"product_tag-star-trac","11":"first","12":"instock","13":"shipping-taxable","14":"product-type-simple"},"acf":[],"yoast_head":"<!-- This site is optimized with the Yoast SEO plugin v26.8 - https:\/\/yoast.com\/product\/yoast-seo-wordpress\/ -->\n<title>Virtual Bike | Apirosport<\/title>\n<meta name=\"robots\" content=\"index, follow, max-snippet:-1, max-image-preview:large, max-video-preview:-1\" \/>\n<link rel=\"canonical\" href=\"https:\/\/apirosport.com\/sv\/produkt\/virtual-bike\/\" \/>\n<meta property=\"og:locale\" content=\"sv_SE\" \/>\n<meta property=\"og:type\" content=\"article\" \/>\n<meta property=\"og:title\" content=\"Virtual Bike | Apirosport\" \/>\n<meta property=\"og:description\" content=\"Star Trac Virtual Bike kombinerar den toppmoderna kommersiella grupptr\u00e4ningscykeln med en 21-tums touch screen f\u00f6r att skapa den ultimata tr\u00e4ningsupplevelsen. Cykeln \u00e4r designad f\u00f6r att klara trycket i en kommersiell cardio-park och m\u00f6ter samtidigt behoven f\u00f6r att fungera i milj\u00f6er som hotell- eller PT-gym samt bostadsr\u00e4ttsf\u00f6reningar etc. Genom partnerskap med Intelligent Cycling kan man enkelt [&hellip;]\" \/>\n<meta property=\"og:url\" content=\"https:\/\/apirosport.com\/sv\/produkt\/virtual-bike\/\" \/>\n<meta property=\"og:site_name\" content=\"Apirosport\" \/>\n<meta property=\"article:modified_time\" content=\"2026-03-19T15:37:30+00:00\" \/>\n<meta property=\"og:image\" content=\"https:\/\/apirosport.com\/wp-content\/uploads\/2025\/12\/Star-Trac-Virtual-Bike-1-2.png\" \/>\n\t<meta property=\"og:image:width\" content=\"756\" \/>\n\t<meta property=\"og:image:height\" content=\"773\" \/>\n\t<meta property=\"og:image:type\" content=\"image\/png\" \/>\n<meta name=\"twitter:card\" content=\"summary_large_image\" \/>\n<meta name=\"twitter:title\" content=\"Apirosport\" \/>\n<meta name=\"twitter:label1\" content=\"Ber\u00e4knad l\u00e4stid\" \/>\n\t<meta name=\"twitter:data1\" content=\"1 minut\" \/>\n<script type=\"application\/ld+json\" class=\"yoast-schema-graph\">{\"@context\":\"https:\/\/schema.org\",\"@graph\":[{\"@type\":\"WebPage\",\"@id\":\"https:\/\/apirosport.com\/sv\/produkt\/virtual-bike\/\",\"url\":\"https:\/\/apirosport.com\/sv\/produkt\/virtual-bike\/\",\"name\":\"Virtual Bike | Apirosport\",\"isPartOf\":{\"@id\":\"https:\/\/apirosport.com\/sv\/#website\"},\"primaryImageOfPage\":{\"@id\":\"https:\/\/apirosport.com\/sv\/produkt\/virtual-bike\/#primaryimage\"},\"image\":{\"@id\":\"https:\/\/apirosport.com\/sv\/produkt\/virtual-bike\/#primaryimage\"},\"thumbnailUrl\":\"https:\/\/apirosport.com\/wp-content\/uploads\/2025\/12\/Star-Trac-Virtual-Bike-1-2.png\",\"datePublished\":\"2023-10-23T07:35:58+00:00\",\"dateModified\":\"2026-03-19T15:37:30+00:00\",\"breadcrumb\":{\"@id\":\"https:\/\/apirosport.com\/sv\/produkt\/virtual-bike\/#breadcrumb\"},\"inLanguage\":\"sv-SE\",\"potentialAction\":[{\"@type\":\"ReadAction\",\"target\":[\"https:\/\/apirosport.com\/sv\/produkt\/virtual-bike\/\"]}]},{\"@type\":\"ImageObject\",\"inLanguage\":\"sv-SE\",\"@id\":\"https:\/\/apirosport.com\/sv\/produkt\/virtual-bike\/#primaryimage\",\"url\":\"https:\/\/apirosport.com\/wp-content\/uploads\/2025\/12\/Star-Trac-Virtual-Bike-1-2.png\",\"contentUrl\":\"https:\/\/apirosport.com\/wp-content\/uploads\/2025\/12\/Star-Trac-Virtual-Bike-1-2.png\",\"width\":756,\"height\":773},{\"@type\":\"BreadcrumbList\",\"@id\":\"https:\/\/apirosport.com\/sv\/produkt\/virtual-bike\/#breadcrumb\",\"itemListElement\":[{\"@type\":\"ListItem\",\"position\":1,\"name\":\"Home\",\"item\":\"https:\/\/apirosport.com\/sv\/\"},{\"@type\":\"ListItem\",\"position\":2,\"name\":\"Produkter\",\"item\":\"https:\/\/apirosport.com\/sv\/produkter\/\"},{\"@type\":\"ListItem\",\"position\":3,\"name\":\"Virtual Bike\"}]},{\"@type\":\"WebSite\",\"@id\":\"https:\/\/apirosport.com\/sv\/#website\",\"url\":\"https:\/\/apirosport.com\/sv\/\",\"name\":\"Apirosport\",\"description\":\"\",\"publisher\":{\"@id\":\"https:\/\/apirosport.com\/sv\/#organization\"},\"alternateName\":\"Apirosport\",\"potentialAction\":[{\"@type\":\"SearchAction\",\"target\":{\"@type\":\"EntryPoint\",\"urlTemplate\":\"https:\/\/apirosport.com\/sv\/?s={search_term_string}\"},\"query-input\":{\"@type\":\"PropertyValueSpecification\",\"valueRequired\":true,\"valueName\":\"search_term_string\"}}],\"inLanguage\":\"sv-SE\"},{\"@type\":\"Organization\",\"@id\":\"https:\/\/apirosport.com\/sv\/#organization\",\"name\":\"Apirosport\",\"alternateName\":\"Apirosport\",\"url\":\"https:\/\/apirosport.com\/sv\/\",\"logo\":{\"@type\":\"ImageObject\",\"inLanguage\":\"sv-SE\",\"@id\":\"https:\/\/apirosport.com\/sv\/#\/schema\/logo\/image\/\",\"url\":\"https:\/\/apirosport.com\/wp-content\/uploads\/2025\/12\/Apirosport-yellow-scaled.png\",\"contentUrl\":\"https:\/\/apirosport.com\/wp-content\/uploads\/2025\/12\/Apirosport-yellow-scaled.png\",\"width\":2560,\"height\":2278,\"caption\":\"Apirosport\"},\"image\":{\"@id\":\"https:\/\/apirosport.com\/sv\/#\/schema\/logo\/image\/\"}}]}<\/script>\n<!-- \/ Yoast SEO plugin. -->","yoast_head_json":{"title":"Virtual Bike | Apirosport","robots":{"index":"index","follow":"follow","max-snippet":"max-snippet:-1","max-image-preview":"max-image-preview:large","max-video-preview":"max-video-preview:-1"},"canonical":"https:\/\/apirosport.com\/sv\/produkt\/virtual-bike\/","og_locale":"sv_SE","og_type":"article","og_title":"Virtual Bike | Apirosport","og_description":"Star Trac Virtual Bike kombinerar den toppmoderna kommersiella grupptr\u00e4ningscykeln med en 21-tums touch screen f\u00f6r att skapa den ultimata tr\u00e4ningsupplevelsen. Cykeln \u00e4r designad f\u00f6r att klara trycket i en kommersiell cardio-park och m\u00f6ter samtidigt behoven f\u00f6r att fungera i milj\u00f6er som hotell- eller PT-gym samt bostadsr\u00e4ttsf\u00f6reningar etc. Genom partnerskap med Intelligent Cycling kan man enkelt [&hellip;]","og_url":"https:\/\/apirosport.com\/sv\/produkt\/virtual-bike\/","og_site_name":"Apirosport","article_modified_time":"2026-03-19T15:37:30+00:00","og_image":[{"width":756,"height":773,"url":"https:\/\/apirosport.com\/wp-content\/uploads\/2025\/12\/Star-Trac-Virtual-Bike-1-2.png","type":"image\/png"}],"twitter_card":"summary_large_image","twitter_title":"Apirosport","twitter_misc":{"Ber\u00e4knad l\u00e4stid":"1 minut"},"schema":{"@context":"https:\/\/schema.org","@graph":[{"@type":"WebPage","@id":"https:\/\/apirosport.com\/sv\/produkt\/virtual-bike\/","url":"https:\/\/apirosport.com\/sv\/produkt\/virtual-bike\/","name":"Virtual Bike | Apirosport","isPartOf":{"@id":"https:\/\/apirosport.com\/sv\/#website"},"primaryImageOfPage":{"@id":"https:\/\/apirosport.com\/sv\/produkt\/virtual-bike\/#primaryimage"},"image":{"@id":"https:\/\/apirosport.com\/sv\/produkt\/virtual-bike\/#primaryimage"},"thumbnailUrl":"https:\/\/apirosport.com\/wp-content\/uploads\/2025\/12\/Star-Trac-Virtual-Bike-1-2.png","datePublished":"2023-10-23T07:35:58+00:00","dateModified":"2026-03-19T15:37:30+00:00","breadcrumb":{"@id":"https:\/\/apirosport.com\/sv\/produkt\/virtual-bike\/#breadcrumb"},"inLanguage":"sv-SE","potentialAction":[{"@type":"ReadAction","target":["https:\/\/apirosport.com\/sv\/produkt\/virtual-bike\/"]}]},{"@type":"ImageObject","inLanguage":"sv-SE","@id":"https:\/\/apirosport.com\/sv\/produkt\/virtual-bike\/#primaryimage","url":"https:\/\/apirosport.com\/wp-content\/uploads\/2025\/12\/Star-Trac-Virtual-Bike-1-2.png","contentUrl":"https:\/\/apirosport.com\/wp-content\/uploads\/2025\/12\/Star-Trac-Virtual-Bike-1-2.png","width":756,"height":773},{"@type":"BreadcrumbList","@id":"https:\/\/apirosport.com\/sv\/produkt\/virtual-bike\/#breadcrumb","itemListElement":[{"@type":"ListItem","position":1,"name":"Home","item":"https:\/\/apirosport.com\/sv\/"},{"@type":"ListItem","position":2,"name":"Produkter","item":"https:\/\/apirosport.com\/sv\/produkter\/"},{"@type":"ListItem","position":3,"name":"Virtual Bike"}]},{"@type":"WebSite","@id":"https:\/\/apirosport.com\/sv\/#website","url":"https:\/\/apirosport.com\/sv\/","name":"Apirosport","description":"","publisher":{"@id":"https:\/\/apirosport.com\/sv\/#organization"},"alternateName":"Apirosport","potentialAction":[{"@type":"SearchAction","target":{"@type":"EntryPoint","urlTemplate":"https:\/\/apirosport.com\/sv\/?s={search_term_string}"},"query-input":{"@type":"PropertyValueSpecification","valueRequired":true,"valueName":"search_term_string"}}],"inLanguage":"sv-SE"},{"@type":"Organization","@id":"https:\/\/apirosport.com\/sv\/#organization","name":"Apirosport","alternateName":"Apirosport","url":"https:\/\/apirosport.com\/sv\/","logo":{"@type":"ImageObject","inLanguage":"sv-SE","@id":"https:\/\/apirosport.com\/sv\/#\/schema\/logo\/image\/","url":"https:\/\/apirosport.com\/wp-content\/uploads\/2025\/12\/Apirosport-yellow-scaled.png","contentUrl":"https:\/\/apirosport.com\/wp-content\/uploads\/2025\/12\/Apirosport-yellow-scaled.png","width":2560,"height":2278,"caption":"Apirosport"},"image":{"@id":"https:\/\/apirosport.com\/sv\/#\/schema\/logo\/image\/"}}]}},"_links":{"self":[{"href":"https:\/\/apirosport.com\/sv\/wp-json\/wp\/v2\/product\/15327","targetHints":{"allow":["GET"]}}],"collection":[{"href":"https:\/\/apirosport.com\/sv\/wp-json\/wp\/v2\/product"}],"about":[{"href":"https:\/\/apirosport.com\/sv\/wp-json\/wp\/v2\/types\/product"}],"wp:featuredmedia":[{"embeddable":true,"href":"https:\/\/apirosport.com\/sv\/wp-json\/wp\/v2\/media\/15328"}],"wp:attachment":[{"href":"https:\/\/apirosport.com\/sv\/wp-json\/wp\/v2\/media?parent=15327"}],"wp:term":[{"taxonomy":"variation","embeddable":true,"href":"https:\/\/apirosport.com\/sv\/wp-json\/wp\/v2\/variation?post=15327"},{"taxonomy":"product_brand","embeddable":true,"href":"https:\/\/apirosport.com\/sv\/wp-json\/wp\/v2\/product_brand?post=15327"},{"taxonomy":"product_cat","embeddable":true,"href":"https:\/\/apirosport.com\/sv\/wp-json\/wp\/v2\/product_cat?post=15327"},{"taxonomy":"product_tag","embeddable":true,"href":"https:\/\/apirosport.com\/sv\/wp-json\/wp\/v2\/product_tag?post=15327"}],"curies":[{"name":"wp","href":"https:\/\/api.w.org\/{rel}","templated":true}]}}