{"id":15821,"date":"2024-05-27T11:45:12","date_gmt":"2024-05-27T11:45:12","guid":{"rendered":"https:\/\/apirosport.com\/?post_type=product&#038;p=15821"},"modified":"2026-02-22T20:54:19","modified_gmt":"2026-02-22T20:54:19","slug":"olympic-hex-bar","status":"publish","type":"product","link":"https:\/\/apirosport.com\/sv\/produkt\/olympic-hex-bar\/","title":{"rendered":"OLYMPIC HEX BAR"},"content":{"rendered":"\n<p>&gt; Skivst\u00e5ng med hexagon-form<br>&gt; St\u00e5ngen hj\u00e4lper ut\u00f6varen h\u00e5lla r\u00e4tt form vid lyft. Tyngdpunkten hamnar under ut\u00f6varen ist\u00e4llet f\u00f6r lite framf\u00f6r till skillnad fr\u00e5n traditionella raka st\u00e4nger<br>&gt; Speciellt popul\u00e4ra hos nyb\u00f6rjare eller personer med begr\u00e4nsad r\u00f6rlighet<br>&gt; F\u00f6r kommersiellt bruk<\/p>\n","protected":false},"excerpt":{"rendered":"<p>&gt; Skivst\u00e5ng med hexagon-form&gt; St\u00e5ngen hj\u00e4lper ut\u00f6varen h\u00e5lla r\u00e4tt form vid lyft. Tyngdpunkten hamnar under ut\u00f6varen ist\u00e4llet f\u00f6r lite framf\u00f6r till skillnad fr\u00e5n traditionella raka st\u00e4nger&gt; Speciellt popul\u00e4ra hos nyb\u00f6rjare eller personer med begr\u00e4nsad r\u00f6rlighet&gt; F\u00f6r kommersiellt bruk<\/p>\n","protected":false},"featured_media":15822,"template":"","meta":{"_acf_changed":false,"inline_featured_image":false},"variation":[],"product_brand":[],"product_cat":[93,290,315],"product_tag":[64],"class_list":{"0":"post-15821","1":"product","2":"type-product","3":"status-publish","4":"has-post-thumbnail","6":"product_cat-fria-vikter","7":"product_cat-stanger","8":"product_cat-ulteron","9":"product_tag-ulteron","11":"first","12":"instock","13":"shipping-taxable","14":"purchasable","15":"product-type-simple"},"acf":[],"yoast_head":"<!-- This site is optimized with the Yoast SEO plugin v26.8 - https:\/\/yoast.com\/product\/yoast-seo-wordpress\/ -->\n<title>OLYMPIC HEX BAR | Apirosport<\/title>\n<meta name=\"robots\" content=\"index, follow, max-snippet:-1, max-image-preview:large, max-video-preview:-1\" \/>\n<link rel=\"canonical\" href=\"https:\/\/apirosport.com\/sv\/produkt\/olympic-hex-bar\/\" \/>\n<meta property=\"og:locale\" content=\"sv_SE\" \/>\n<meta property=\"og:type\" content=\"article\" \/>\n<meta property=\"og:title\" content=\"OLYMPIC HEX BAR | Apirosport\" \/>\n<meta property=\"og:description\" content=\"&gt; Skivst\u00e5ng med hexagon-form&gt; St\u00e5ngen hj\u00e4lper ut\u00f6varen h\u00e5lla r\u00e4tt form vid lyft. Tyngdpunkten hamnar under ut\u00f6varen ist\u00e4llet f\u00f6r lite framf\u00f6r till skillnad fr\u00e5n traditionella raka st\u00e4nger&gt; Speciellt popul\u00e4ra hos nyb\u00f6rjare eller personer med begr\u00e4nsad r\u00f6rlighet&gt; F\u00f6r kommersiellt bruk\" \/>\n<meta property=\"og:url\" content=\"https:\/\/apirosport.com\/sv\/produkt\/olympic-hex-bar\/\" \/>\n<meta property=\"og:site_name\" content=\"Apirosport\" \/>\n<meta property=\"article:modified_time\" content=\"2026-02-22T20:54:19+00:00\" \/>\n<meta property=\"og:image\" content=\"https:\/\/apirosport.com\/wp-content\/uploads\/2025\/12\/hexbar-1-2.png\" \/>\n\t<meta property=\"og:image:width\" content=\"2362\" \/>\n\t<meta property=\"og:image:height\" content=\"2362\" \/>\n\t<meta property=\"og:image:type\" content=\"image\/png\" \/>\n<meta name=\"twitter:card\" content=\"summary_large_image\" \/>\n<meta name=\"twitter:title\" content=\"Apirosport\" \/>\n<script type=\"application\/ld+json\" class=\"yoast-schema-graph\">{\"@context\":\"https:\/\/schema.org\",\"@graph\":[{\"@type\":\"WebPage\",\"@id\":\"https:\/\/apirosport.com\/sv\/produkt\/olympic-hex-bar\/\",\"url\":\"https:\/\/apirosport.com\/sv\/produkt\/olympic-hex-bar\/\",\"name\":\"OLYMPIC HEX BAR | Apirosport\",\"isPartOf\":{\"@id\":\"https:\/\/apirosport.com\/sv\/#website\"},\"primaryImageOfPage\":{\"@id\":\"https:\/\/apirosport.com\/sv\/produkt\/olympic-hex-bar\/#primaryimage\"},\"image\":{\"@id\":\"https:\/\/apirosport.com\/sv\/produkt\/olympic-hex-bar\/#primaryimage\"},\"thumbnailUrl\":\"https:\/\/apirosport.com\/wp-content\/uploads\/2025\/12\/hexbar-1-2.png\",\"datePublished\":\"2024-05-27T11:45:12+00:00\",\"dateModified\":\"2026-02-22T20:54:19+00:00\",\"breadcrumb\":{\"@id\":\"https:\/\/apirosport.com\/sv\/produkt\/olympic-hex-bar\/#breadcrumb\"},\"inLanguage\":\"sv-SE\",\"potentialAction\":[{\"@type\":\"ReadAction\",\"target\":[\"https:\/\/apirosport.com\/sv\/produkt\/olympic-hex-bar\/\"]}]},{\"@type\":\"ImageObject\",\"inLanguage\":\"sv-SE\",\"@id\":\"https:\/\/apirosport.com\/sv\/produkt\/olympic-hex-bar\/#primaryimage\",\"url\":\"https:\/\/apirosport.com\/wp-content\/uploads\/2025\/12\/hexbar-1-2.png\",\"contentUrl\":\"https:\/\/apirosport.com\/wp-content\/uploads\/2025\/12\/hexbar-1-2.png\",\"width\":2362,\"height\":2362},{\"@type\":\"BreadcrumbList\",\"@id\":\"https:\/\/apirosport.com\/sv\/produkt\/olympic-hex-bar\/#breadcrumb\",\"itemListElement\":[{\"@type\":\"ListItem\",\"position\":1,\"name\":\"Home\",\"item\":\"https:\/\/apirosport.com\/sv\/\"},{\"@type\":\"ListItem\",\"position\":2,\"name\":\"Butik\",\"item\":\"https:\/\/apirosport.com\/products\/\"},{\"@type\":\"ListItem\",\"position\":3,\"name\":\"OLYMPIC HEX BAR\"}]},{\"@type\":\"WebSite\",\"@id\":\"https:\/\/apirosport.com\/sv\/#website\",\"url\":\"https:\/\/apirosport.com\/sv\/\",\"name\":\"Apirosport\",\"description\":\"\",\"publisher\":{\"@id\":\"https:\/\/apirosport.com\/sv\/#organization\"},\"alternateName\":\"Apirosport\",\"potentialAction\":[{\"@type\":\"SearchAction\",\"target\":{\"@type\":\"EntryPoint\",\"urlTemplate\":\"https:\/\/apirosport.com\/sv\/?s={search_term_string}\"},\"query-input\":{\"@type\":\"PropertyValueSpecification\",\"valueRequired\":true,\"valueName\":\"search_term_string\"}}],\"inLanguage\":\"sv-SE\"},{\"@type\":\"Organization\",\"@id\":\"https:\/\/apirosport.com\/sv\/#organization\",\"name\":\"Apirosport\",\"alternateName\":\"Apirosport\",\"url\":\"https:\/\/apirosport.com\/sv\/\",\"logo\":{\"@type\":\"ImageObject\",\"inLanguage\":\"sv-SE\",\"@id\":\"https:\/\/apirosport.com\/sv\/#\/schema\/logo\/image\/\",\"url\":\"https:\/\/apirosport.com\/wp-content\/uploads\/2025\/12\/Apirosport-yellow-scaled.png\",\"contentUrl\":\"https:\/\/apirosport.com\/wp-content\/uploads\/2025\/12\/Apirosport-yellow-scaled.png\",\"width\":2560,\"height\":2278,\"caption\":\"Apirosport\"},\"image\":{\"@id\":\"https:\/\/apirosport.com\/sv\/#\/schema\/logo\/image\/\"}}]}<\/script>\n<!-- \/ Yoast SEO plugin. -->","yoast_head_json":{"title":"OLYMPIC HEX BAR | Apirosport","robots":{"index":"index","follow":"follow","max-snippet":"max-snippet:-1","max-image-preview":"max-image-preview:large","max-video-preview":"max-video-preview:-1"},"canonical":"https:\/\/apirosport.com\/sv\/produkt\/olympic-hex-bar\/","og_locale":"sv_SE","og_type":"article","og_title":"OLYMPIC HEX BAR | Apirosport","og_description":"&gt; Skivst\u00e5ng med hexagon-form&gt; St\u00e5ngen hj\u00e4lper ut\u00f6varen h\u00e5lla r\u00e4tt form vid lyft. Tyngdpunkten hamnar under ut\u00f6varen ist\u00e4llet f\u00f6r lite framf\u00f6r till skillnad fr\u00e5n traditionella raka st\u00e4nger&gt; Speciellt popul\u00e4ra hos nyb\u00f6rjare eller personer med begr\u00e4nsad r\u00f6rlighet&gt; F\u00f6r kommersiellt bruk","og_url":"https:\/\/apirosport.com\/sv\/produkt\/olympic-hex-bar\/","og_site_name":"Apirosport","article_modified_time":"2026-02-22T20:54:19+00:00","og_image":[{"width":2362,"height":2362,"url":"https:\/\/apirosport.com\/wp-content\/uploads\/2025\/12\/hexbar-1-2.png","type":"image\/png"}],"twitter_card":"summary_large_image","twitter_title":"Apirosport","schema":{"@context":"https:\/\/schema.org","@graph":[{"@type":"WebPage","@id":"https:\/\/apirosport.com\/sv\/produkt\/olympic-hex-bar\/","url":"https:\/\/apirosport.com\/sv\/produkt\/olympic-hex-bar\/","name":"OLYMPIC HEX BAR | Apirosport","isPartOf":{"@id":"https:\/\/apirosport.com\/sv\/#website"},"primaryImageOfPage":{"@id":"https:\/\/apirosport.com\/sv\/produkt\/olympic-hex-bar\/#primaryimage"},"image":{"@id":"https:\/\/apirosport.com\/sv\/produkt\/olympic-hex-bar\/#primaryimage"},"thumbnailUrl":"https:\/\/apirosport.com\/wp-content\/uploads\/2025\/12\/hexbar-1-2.png","datePublished":"2024-05-27T11:45:12+00:00","dateModified":"2026-02-22T20:54:19+00:00","breadcrumb":{"@id":"https:\/\/apirosport.com\/sv\/produkt\/olympic-hex-bar\/#breadcrumb"},"inLanguage":"sv-SE","potentialAction":[{"@type":"ReadAction","target":["https:\/\/apirosport.com\/sv\/produkt\/olympic-hex-bar\/"]}]},{"@type":"ImageObject","inLanguage":"sv-SE","@id":"https:\/\/apirosport.com\/sv\/produkt\/olympic-hex-bar\/#primaryimage","url":"https:\/\/apirosport.com\/wp-content\/uploads\/2025\/12\/hexbar-1-2.png","contentUrl":"https:\/\/apirosport.com\/wp-content\/uploads\/2025\/12\/hexbar-1-2.png","width":2362,"height":2362},{"@type":"BreadcrumbList","@id":"https:\/\/apirosport.com\/sv\/produkt\/olympic-hex-bar\/#breadcrumb","itemListElement":[{"@type":"ListItem","position":1,"name":"Home","item":"https:\/\/apirosport.com\/sv\/"},{"@type":"ListItem","position":2,"name":"Butik","item":"https:\/\/apirosport.com\/products\/"},{"@type":"ListItem","position":3,"name":"OLYMPIC HEX BAR"}]},{"@type":"WebSite","@id":"https:\/\/apirosport.com\/sv\/#website","url":"https:\/\/apirosport.com\/sv\/","name":"Apirosport","description":"","publisher":{"@id":"https:\/\/apirosport.com\/sv\/#organization"},"alternateName":"Apirosport","potentialAction":[{"@type":"SearchAction","target":{"@type":"EntryPoint","urlTemplate":"https:\/\/apirosport.com\/sv\/?s={search_term_string}"},"query-input":{"@type":"PropertyValueSpecification","valueRequired":true,"valueName":"search_term_string"}}],"inLanguage":"sv-SE"},{"@type":"Organization","@id":"https:\/\/apirosport.com\/sv\/#organization","name":"Apirosport","alternateName":"Apirosport","url":"https:\/\/apirosport.com\/sv\/","logo":{"@type":"ImageObject","inLanguage":"sv-SE","@id":"https:\/\/apirosport.com\/sv\/#\/schema\/logo\/image\/","url":"https:\/\/apirosport.com\/wp-content\/uploads\/2025\/12\/Apirosport-yellow-scaled.png","contentUrl":"https:\/\/apirosport.com\/wp-content\/uploads\/2025\/12\/Apirosport-yellow-scaled.png","width":2560,"height":2278,"caption":"Apirosport"},"image":{"@id":"https:\/\/apirosport.com\/sv\/#\/schema\/logo\/image\/"}}]}},"_links":{"self":[{"href":"https:\/\/apirosport.com\/sv\/wp-json\/wp\/v2\/product\/15821","targetHints":{"allow":["GET"]}}],"collection":[{"href":"https:\/\/apirosport.com\/sv\/wp-json\/wp\/v2\/product"}],"about":[{"href":"https:\/\/apirosport.com\/sv\/wp-json\/wp\/v2\/types\/product"}],"wp:featuredmedia":[{"embeddable":true,"href":"https:\/\/apirosport.com\/sv\/wp-json\/wp\/v2\/media\/15822"}],"wp:attachment":[{"href":"https:\/\/apirosport.com\/sv\/wp-json\/wp\/v2\/media?parent=15821"}],"wp:term":[{"taxonomy":"variation","embeddable":true,"href":"https:\/\/apirosport.com\/sv\/wp-json\/wp\/v2\/variation?post=15821"},{"taxonomy":"product_brand","embeddable":true,"href":"https:\/\/apirosport.com\/sv\/wp-json\/wp\/v2\/product_brand?post=15821"},{"taxonomy":"product_cat","embeddable":true,"href":"https:\/\/apirosport.com\/sv\/wp-json\/wp\/v2\/product_cat?post=15821"},{"taxonomy":"product_tag","embeddable":true,"href":"https:\/\/apirosport.com\/sv\/wp-json\/wp\/v2\/product_tag?post=15821"}],"curies":[{"name":"wp","href":"https:\/\/api.w.org\/{rel}","templated":true}]}}