{"id":15826,"date":"2024-05-27T14:27:51","date_gmt":"2024-05-27T14:27:51","guid":{"rendered":"https:\/\/apirosport.com\/?post_type=product&#038;p=15826"},"modified":"2026-02-22T20:52:01","modified_gmt":"2026-02-22T20:52:01","slug":"olympic-weightlifting-bar-15kg","status":"publish","type":"product","link":"https:\/\/apirosport.com\/sv\/produkt\/olympic-weightlifting-bar-15kg\/","title":{"rendered":"OLYMPIC WEIGHTLIFTING BAR \u2013 15KG"},"content":{"rendered":"\n<p>Ulteron Olympic Weightlifting Bar \u00e4r det sj\u00e4lvklara valet f\u00f6r en m\u00e4ngd olika tr\u00e4nings\u00f6vningar. Designad f\u00f6r att m\u00f6ta de str\u00e4nga kraven vid kommersiellt bruk \u00e4r Ulteron Olympic Weightlifting Bar byggd f\u00f6r att hantera tunga vikter och intensiv anv\u00e4ndning.<\/p>\n\n\n\n<p>&gt; Vikt: 15 kg<br>&gt; F\u00f6r 50mm viktskivor<br>&gt; Anpassad f\u00f6r kommersiellt bruk<\/p>\n","protected":false},"excerpt":{"rendered":"<p>Ulteron Olympic Weightlifting Bar \u00e4r det sj\u00e4lvklara valet f\u00f6r en m\u00e4ngd olika tr\u00e4nings\u00f6vningar. Designad f\u00f6r att m\u00f6ta de str\u00e4nga kraven vid kommersiellt bruk \u00e4r Ulteron Olympic Weightlifting Bar byggd f\u00f6r att hantera tunga vikter och intensiv anv\u00e4ndning. &gt; Vikt: 15 kg&gt; F\u00f6r 50mm viktskivor&gt; Anpassad f\u00f6r kommersiellt bruk<\/p>\n","protected":false},"featured_media":15827,"template":"","meta":{"_acf_changed":false,"inline_featured_image":false},"variation":[],"product_brand":[],"product_cat":[93,290,315],"product_tag":[64],"class_list":{"0":"post-15826","1":"product","2":"type-product","3":"status-publish","4":"has-post-thumbnail","6":"product_cat-fria-vikter","7":"product_cat-stanger","8":"product_cat-ulteron","9":"product_tag-ulteron","11":"first","12":"instock","13":"shipping-taxable","14":"purchasable","15":"product-type-simple"},"acf":[],"yoast_head":"<!-- This site is optimized with the Yoast SEO plugin v26.8 - https:\/\/yoast.com\/product\/yoast-seo-wordpress\/ -->\n<title>OLYMPIC WEIGHTLIFTING BAR \u2013 15KG | Apirosport<\/title>\n<meta name=\"robots\" content=\"index, follow, max-snippet:-1, max-image-preview:large, max-video-preview:-1\" \/>\n<link rel=\"canonical\" href=\"https:\/\/apirosport.com\/sv\/produkt\/olympic-weightlifting-bar-15kg\/\" \/>\n<meta property=\"og:locale\" content=\"sv_SE\" \/>\n<meta property=\"og:type\" content=\"article\" \/>\n<meta property=\"og:title\" content=\"OLYMPIC WEIGHTLIFTING BAR \u2013 15KG | Apirosport\" \/>\n<meta property=\"og:description\" content=\"Ulteron Olympic Weightlifting Bar \u00e4r det sj\u00e4lvklara valet f\u00f6r en m\u00e4ngd olika tr\u00e4nings\u00f6vningar. Designad f\u00f6r att m\u00f6ta de str\u00e4nga kraven vid kommersiellt bruk \u00e4r Ulteron Olympic Weightlifting Bar byggd f\u00f6r att hantera tunga vikter och intensiv anv\u00e4ndning. &gt; Vikt: 15 kg&gt; F\u00f6r 50mm viktskivor&gt; Anpassad f\u00f6r kommersiellt bruk\" \/>\n<meta property=\"og:url\" content=\"https:\/\/apirosport.com\/sv\/produkt\/olympic-weightlifting-bar-15kg\/\" \/>\n<meta property=\"og:site_name\" content=\"Apirosport\" \/>\n<meta property=\"article:modified_time\" content=\"2026-02-22T20:52:01+00:00\" \/>\n<meta property=\"og:image\" content=\"https:\/\/apirosport.com\/wp-content\/uploads\/2025\/12\/Olympic-15kg-2.png\" \/>\n\t<meta property=\"og:image:width\" content=\"1181\" \/>\n\t<meta property=\"og:image:height\" content=\"1181\" \/>\n\t<meta property=\"og:image:type\" content=\"image\/png\" \/>\n<meta name=\"twitter:card\" content=\"summary_large_image\" \/>\n<meta name=\"twitter:title\" content=\"Apirosport\" \/>\n<script type=\"application\/ld+json\" class=\"yoast-schema-graph\">{\"@context\":\"https:\/\/schema.org\",\"@graph\":[{\"@type\":\"WebPage\",\"@id\":\"https:\/\/apirosport.com\/sv\/produkt\/olympic-weightlifting-bar-15kg\/\",\"url\":\"https:\/\/apirosport.com\/sv\/produkt\/olympic-weightlifting-bar-15kg\/\",\"name\":\"OLYMPIC WEIGHTLIFTING BAR \u2013 15KG | Apirosport\",\"isPartOf\":{\"@id\":\"https:\/\/apirosport.com\/sv\/#website\"},\"primaryImageOfPage\":{\"@id\":\"https:\/\/apirosport.com\/sv\/produkt\/olympic-weightlifting-bar-15kg\/#primaryimage\"},\"image\":{\"@id\":\"https:\/\/apirosport.com\/sv\/produkt\/olympic-weightlifting-bar-15kg\/#primaryimage\"},\"thumbnailUrl\":\"https:\/\/apirosport.com\/wp-content\/uploads\/2025\/12\/Olympic-15kg-2.png\",\"datePublished\":\"2024-05-27T14:27:51+00:00\",\"dateModified\":\"2026-02-22T20:52:01+00:00\",\"breadcrumb\":{\"@id\":\"https:\/\/apirosport.com\/sv\/produkt\/olympic-weightlifting-bar-15kg\/#breadcrumb\"},\"inLanguage\":\"sv-SE\",\"potentialAction\":[{\"@type\":\"ReadAction\",\"target\":[\"https:\/\/apirosport.com\/sv\/produkt\/olympic-weightlifting-bar-15kg\/\"]}]},{\"@type\":\"ImageObject\",\"inLanguage\":\"sv-SE\",\"@id\":\"https:\/\/apirosport.com\/sv\/produkt\/olympic-weightlifting-bar-15kg\/#primaryimage\",\"url\":\"https:\/\/apirosport.com\/wp-content\/uploads\/2025\/12\/Olympic-15kg-2.png\",\"contentUrl\":\"https:\/\/apirosport.com\/wp-content\/uploads\/2025\/12\/Olympic-15kg-2.png\",\"width\":1181,\"height\":1181},{\"@type\":\"BreadcrumbList\",\"@id\":\"https:\/\/apirosport.com\/sv\/produkt\/olympic-weightlifting-bar-15kg\/#breadcrumb\",\"itemListElement\":[{\"@type\":\"ListItem\",\"position\":1,\"name\":\"Home\",\"item\":\"https:\/\/apirosport.com\/sv\/\"},{\"@type\":\"ListItem\",\"position\":2,\"name\":\"Produkter\",\"item\":\"https:\/\/apirosport.com\/sv\/produkter\/\"},{\"@type\":\"ListItem\",\"position\":3,\"name\":\"OLYMPIC WEIGHTLIFTING BAR \u2013 15KG\"}]},{\"@type\":\"WebSite\",\"@id\":\"https:\/\/apirosport.com\/sv\/#website\",\"url\":\"https:\/\/apirosport.com\/sv\/\",\"name\":\"Apirosport\",\"description\":\"\",\"publisher\":{\"@id\":\"https:\/\/apirosport.com\/sv\/#organization\"},\"alternateName\":\"Apirosport\",\"potentialAction\":[{\"@type\":\"SearchAction\",\"target\":{\"@type\":\"EntryPoint\",\"urlTemplate\":\"https:\/\/apirosport.com\/sv\/?s={search_term_string}\"},\"query-input\":{\"@type\":\"PropertyValueSpecification\",\"valueRequired\":true,\"valueName\":\"search_term_string\"}}],\"inLanguage\":\"sv-SE\"},{\"@type\":\"Organization\",\"@id\":\"https:\/\/apirosport.com\/sv\/#organization\",\"name\":\"Apirosport\",\"alternateName\":\"Apirosport\",\"url\":\"https:\/\/apirosport.com\/sv\/\",\"logo\":{\"@type\":\"ImageObject\",\"inLanguage\":\"sv-SE\",\"@id\":\"https:\/\/apirosport.com\/sv\/#\/schema\/logo\/image\/\",\"url\":\"https:\/\/apirosport.com\/wp-content\/uploads\/2025\/12\/Apirosport-yellow-scaled.png\",\"contentUrl\":\"https:\/\/apirosport.com\/wp-content\/uploads\/2025\/12\/Apirosport-yellow-scaled.png\",\"width\":2560,\"height\":2278,\"caption\":\"Apirosport\"},\"image\":{\"@id\":\"https:\/\/apirosport.com\/sv\/#\/schema\/logo\/image\/\"}}]}<\/script>\n<!-- \/ Yoast SEO plugin. -->","yoast_head_json":{"title":"OLYMPIC WEIGHTLIFTING BAR \u2013 15KG | Apirosport","robots":{"index":"index","follow":"follow","max-snippet":"max-snippet:-1","max-image-preview":"max-image-preview:large","max-video-preview":"max-video-preview:-1"},"canonical":"https:\/\/apirosport.com\/sv\/produkt\/olympic-weightlifting-bar-15kg\/","og_locale":"sv_SE","og_type":"article","og_title":"OLYMPIC WEIGHTLIFTING BAR \u2013 15KG | Apirosport","og_description":"Ulteron Olympic Weightlifting Bar \u00e4r det sj\u00e4lvklara valet f\u00f6r en m\u00e4ngd olika tr\u00e4nings\u00f6vningar. Designad f\u00f6r att m\u00f6ta de str\u00e4nga kraven vid kommersiellt bruk \u00e4r Ulteron Olympic Weightlifting Bar byggd f\u00f6r att hantera tunga vikter och intensiv anv\u00e4ndning. &gt; Vikt: 15 kg&gt; F\u00f6r 50mm viktskivor&gt; Anpassad f\u00f6r kommersiellt bruk","og_url":"https:\/\/apirosport.com\/sv\/produkt\/olympic-weightlifting-bar-15kg\/","og_site_name":"Apirosport","article_modified_time":"2026-02-22T20:52:01+00:00","og_image":[{"width":1181,"height":1181,"url":"https:\/\/apirosport.com\/wp-content\/uploads\/2025\/12\/Olympic-15kg-2.png","type":"image\/png"}],"twitter_card":"summary_large_image","twitter_title":"Apirosport","schema":{"@context":"https:\/\/schema.org","@graph":[{"@type":"WebPage","@id":"https:\/\/apirosport.com\/sv\/produkt\/olympic-weightlifting-bar-15kg\/","url":"https:\/\/apirosport.com\/sv\/produkt\/olympic-weightlifting-bar-15kg\/","name":"OLYMPIC WEIGHTLIFTING BAR \u2013 15KG | Apirosport","isPartOf":{"@id":"https:\/\/apirosport.com\/sv\/#website"},"primaryImageOfPage":{"@id":"https:\/\/apirosport.com\/sv\/produkt\/olympic-weightlifting-bar-15kg\/#primaryimage"},"image":{"@id":"https:\/\/apirosport.com\/sv\/produkt\/olympic-weightlifting-bar-15kg\/#primaryimage"},"thumbnailUrl":"https:\/\/apirosport.com\/wp-content\/uploads\/2025\/12\/Olympic-15kg-2.png","datePublished":"2024-05-27T14:27:51+00:00","dateModified":"2026-02-22T20:52:01+00:00","breadcrumb":{"@id":"https:\/\/apirosport.com\/sv\/produkt\/olympic-weightlifting-bar-15kg\/#breadcrumb"},"inLanguage":"sv-SE","potentialAction":[{"@type":"ReadAction","target":["https:\/\/apirosport.com\/sv\/produkt\/olympic-weightlifting-bar-15kg\/"]}]},{"@type":"ImageObject","inLanguage":"sv-SE","@id":"https:\/\/apirosport.com\/sv\/produkt\/olympic-weightlifting-bar-15kg\/#primaryimage","url":"https:\/\/apirosport.com\/wp-content\/uploads\/2025\/12\/Olympic-15kg-2.png","contentUrl":"https:\/\/apirosport.com\/wp-content\/uploads\/2025\/12\/Olympic-15kg-2.png","width":1181,"height":1181},{"@type":"BreadcrumbList","@id":"https:\/\/apirosport.com\/sv\/produkt\/olympic-weightlifting-bar-15kg\/#breadcrumb","itemListElement":[{"@type":"ListItem","position":1,"name":"Home","item":"https:\/\/apirosport.com\/sv\/"},{"@type":"ListItem","position":2,"name":"Produkter","item":"https:\/\/apirosport.com\/sv\/produkter\/"},{"@type":"ListItem","position":3,"name":"OLYMPIC WEIGHTLIFTING BAR \u2013 15KG"}]},{"@type":"WebSite","@id":"https:\/\/apirosport.com\/sv\/#website","url":"https:\/\/apirosport.com\/sv\/","name":"Apirosport","description":"","publisher":{"@id":"https:\/\/apirosport.com\/sv\/#organization"},"alternateName":"Apirosport","potentialAction":[{"@type":"SearchAction","target":{"@type":"EntryPoint","urlTemplate":"https:\/\/apirosport.com\/sv\/?s={search_term_string}"},"query-input":{"@type":"PropertyValueSpecification","valueRequired":true,"valueName":"search_term_string"}}],"inLanguage":"sv-SE"},{"@type":"Organization","@id":"https:\/\/apirosport.com\/sv\/#organization","name":"Apirosport","alternateName":"Apirosport","url":"https:\/\/apirosport.com\/sv\/","logo":{"@type":"ImageObject","inLanguage":"sv-SE","@id":"https:\/\/apirosport.com\/sv\/#\/schema\/logo\/image\/","url":"https:\/\/apirosport.com\/wp-content\/uploads\/2025\/12\/Apirosport-yellow-scaled.png","contentUrl":"https:\/\/apirosport.com\/wp-content\/uploads\/2025\/12\/Apirosport-yellow-scaled.png","width":2560,"height":2278,"caption":"Apirosport"},"image":{"@id":"https:\/\/apirosport.com\/sv\/#\/schema\/logo\/image\/"}}]}},"_links":{"self":[{"href":"https:\/\/apirosport.com\/sv\/wp-json\/wp\/v2\/product\/15826","targetHints":{"allow":["GET"]}}],"collection":[{"href":"https:\/\/apirosport.com\/sv\/wp-json\/wp\/v2\/product"}],"about":[{"href":"https:\/\/apirosport.com\/sv\/wp-json\/wp\/v2\/types\/product"}],"wp:featuredmedia":[{"embeddable":true,"href":"https:\/\/apirosport.com\/sv\/wp-json\/wp\/v2\/media\/15827"}],"wp:attachment":[{"href":"https:\/\/apirosport.com\/sv\/wp-json\/wp\/v2\/media?parent=15826"}],"wp:term":[{"taxonomy":"variation","embeddable":true,"href":"https:\/\/apirosport.com\/sv\/wp-json\/wp\/v2\/variation?post=15826"},{"taxonomy":"product_brand","embeddable":true,"href":"https:\/\/apirosport.com\/sv\/wp-json\/wp\/v2\/product_brand?post=15826"},{"taxonomy":"product_cat","embeddable":true,"href":"https:\/\/apirosport.com\/sv\/wp-json\/wp\/v2\/product_cat?post=15826"},{"taxonomy":"product_tag","embeddable":true,"href":"https:\/\/apirosport.com\/sv\/wp-json\/wp\/v2\/product_tag?post=15826"}],"curies":[{"name":"wp","href":"https:\/\/api.w.org\/{rel}","templated":true}]}}