{"id":15835,"date":"2024-05-27T14:53:35","date_gmt":"2024-05-27T14:53:35","guid":{"rendered":"https:\/\/apirosport.com\/?post_type=product&#038;p=15835"},"modified":"2026-02-22T20:49:37","modified_gmt":"2026-02-22T20:49:37","slug":"hiit-bench","status":"publish","type":"product","link":"https:\/\/apirosport.com\/sv\/produkt\/hiit-bench\/","title":{"rendered":"HIIT BENCH"},"content":{"rendered":"\n<p>&gt; St\u00e4llbar b\u00e4nk<br>&gt; Justerbar f\u00f6r att tillgodose snabb och smidig \u00f6verg\u00e5ng mellan olika \u00f6vningar<br>&gt; B\u00e4nk med f\u00f6rvaring, plats f\u00f6r hantlar, kettlebells och gummiband<br>&gt; Med hjul \u2013 flyttbar<br>&gt; Perfekt f\u00f6r grupp-pass d\u00e4r b\u00e5de b\u00e4nk och utrustning kr\u00e4vs<br>&gt; Anpassad f\u00f6r kommersiellt bruk<\/p>\n","protected":false},"excerpt":{"rendered":"<p>&gt; St\u00e4llbar b\u00e4nk&gt; Justerbar f\u00f6r att tillgodose snabb och smidig \u00f6verg\u00e5ng mellan olika \u00f6vningar&gt; B\u00e4nk med f\u00f6rvaring, plats f\u00f6r hantlar, kettlebells och gummiband&gt; Med hjul \u2013 flyttbar&gt; Perfekt f\u00f6r grupp-pass d\u00e4r b\u00e5de b\u00e4nk och utrustning kr\u00e4vs&gt; Anpassad f\u00f6r kommersiellt bruk<\/p>\n","protected":false},"featured_media":15836,"template":"","meta":{"_acf_changed":false,"inline_featured_image":false},"variation":[],"product_brand":[],"product_cat":[294,315],"product_tag":[64],"class_list":{"0":"post-15835","1":"product","2":"type-product","3":"status-publish","4":"has-post-thumbnail","6":"product_cat-bankar","7":"product_cat-ulteron","8":"product_tag-ulteron","10":"first","11":"instock","12":"shipping-taxable","13":"purchasable","14":"product-type-simple"},"acf":[],"yoast_head":"<!-- This site is optimized with the Yoast SEO plugin v26.8 - https:\/\/yoast.com\/product\/yoast-seo-wordpress\/ -->\n<title>HIIT BENCH | Apirosport<\/title>\n<meta name=\"robots\" content=\"index, follow, max-snippet:-1, max-image-preview:large, max-video-preview:-1\" \/>\n<link rel=\"canonical\" href=\"https:\/\/apirosport.com\/sv\/produkt\/hiit-bench\/\" \/>\n<meta property=\"og:locale\" content=\"sv_SE\" \/>\n<meta property=\"og:type\" content=\"article\" \/>\n<meta property=\"og:title\" content=\"HIIT BENCH | Apirosport\" \/>\n<meta property=\"og:description\" content=\"&gt; St\u00e4llbar b\u00e4nk&gt; Justerbar f\u00f6r att tillgodose snabb och smidig \u00f6verg\u00e5ng mellan olika \u00f6vningar&gt; B\u00e4nk med f\u00f6rvaring, plats f\u00f6r hantlar, kettlebells och gummiband&gt; Med hjul \u2013 flyttbar&gt; Perfekt f\u00f6r grupp-pass d\u00e4r b\u00e5de b\u00e4nk och utrustning kr\u00e4vs&gt; Anpassad f\u00f6r kommersiellt bruk\" \/>\n<meta property=\"og:url\" content=\"https:\/\/apirosport.com\/sv\/produkt\/hiit-bench\/\" \/>\n<meta property=\"og:site_name\" content=\"Apirosport\" \/>\n<meta property=\"article:modified_time\" content=\"2026-02-22T20:49:37+00:00\" \/>\n<meta property=\"og:image\" content=\"https:\/\/apirosport.com\/wp-content\/uploads\/2025\/12\/hiitbench3-2.png\" \/>\n\t<meta property=\"og:image:width\" content=\"1181\" \/>\n\t<meta property=\"og:image:height\" content=\"1181\" \/>\n\t<meta property=\"og:image:type\" content=\"image\/png\" \/>\n<meta name=\"twitter:card\" content=\"summary_large_image\" \/>\n<meta name=\"twitter:title\" content=\"Apirosport\" \/>\n<script type=\"application\/ld+json\" class=\"yoast-schema-graph\">{\"@context\":\"https:\/\/schema.org\",\"@graph\":[{\"@type\":\"WebPage\",\"@id\":\"https:\/\/apirosport.com\/sv\/produkt\/hiit-bench\/\",\"url\":\"https:\/\/apirosport.com\/sv\/produkt\/hiit-bench\/\",\"name\":\"HIIT BENCH | Apirosport\",\"isPartOf\":{\"@id\":\"https:\/\/apirosport.com\/sv\/#website\"},\"primaryImageOfPage\":{\"@id\":\"https:\/\/apirosport.com\/sv\/produkt\/hiit-bench\/#primaryimage\"},\"image\":{\"@id\":\"https:\/\/apirosport.com\/sv\/produkt\/hiit-bench\/#primaryimage\"},\"thumbnailUrl\":\"https:\/\/apirosport.com\/wp-content\/uploads\/2025\/12\/hiitbench3-2.png\",\"datePublished\":\"2024-05-27T14:53:35+00:00\",\"dateModified\":\"2026-02-22T20:49:37+00:00\",\"breadcrumb\":{\"@id\":\"https:\/\/apirosport.com\/sv\/produkt\/hiit-bench\/#breadcrumb\"},\"inLanguage\":\"sv-SE\",\"potentialAction\":[{\"@type\":\"ReadAction\",\"target\":[\"https:\/\/apirosport.com\/sv\/produkt\/hiit-bench\/\"]}]},{\"@type\":\"ImageObject\",\"inLanguage\":\"sv-SE\",\"@id\":\"https:\/\/apirosport.com\/sv\/produkt\/hiit-bench\/#primaryimage\",\"url\":\"https:\/\/apirosport.com\/wp-content\/uploads\/2025\/12\/hiitbench3-2.png\",\"contentUrl\":\"https:\/\/apirosport.com\/wp-content\/uploads\/2025\/12\/hiitbench3-2.png\",\"width\":1181,\"height\":1181},{\"@type\":\"BreadcrumbList\",\"@id\":\"https:\/\/apirosport.com\/sv\/produkt\/hiit-bench\/#breadcrumb\",\"itemListElement\":[{\"@type\":\"ListItem\",\"position\":1,\"name\":\"Home\",\"item\":\"https:\/\/apirosport.com\/sv\/\"},{\"@type\":\"ListItem\",\"position\":2,\"name\":\"Produkter\",\"item\":\"https:\/\/apirosport.com\/sv\/produkter\/\"},{\"@type\":\"ListItem\",\"position\":3,\"name\":\"HIIT BENCH\"}]},{\"@type\":\"WebSite\",\"@id\":\"https:\/\/apirosport.com\/sv\/#website\",\"url\":\"https:\/\/apirosport.com\/sv\/\",\"name\":\"Apirosport\",\"description\":\"\",\"publisher\":{\"@id\":\"https:\/\/apirosport.com\/sv\/#organization\"},\"alternateName\":\"Apirosport\",\"potentialAction\":[{\"@type\":\"SearchAction\",\"target\":{\"@type\":\"EntryPoint\",\"urlTemplate\":\"https:\/\/apirosport.com\/sv\/?s={search_term_string}\"},\"query-input\":{\"@type\":\"PropertyValueSpecification\",\"valueRequired\":true,\"valueName\":\"search_term_string\"}}],\"inLanguage\":\"sv-SE\"},{\"@type\":\"Organization\",\"@id\":\"https:\/\/apirosport.com\/sv\/#organization\",\"name\":\"Apirosport\",\"alternateName\":\"Apirosport\",\"url\":\"https:\/\/apirosport.com\/sv\/\",\"logo\":{\"@type\":\"ImageObject\",\"inLanguage\":\"sv-SE\",\"@id\":\"https:\/\/apirosport.com\/sv\/#\/schema\/logo\/image\/\",\"url\":\"https:\/\/apirosport.com\/wp-content\/uploads\/2025\/12\/Apirosport-yellow-scaled.png\",\"contentUrl\":\"https:\/\/apirosport.com\/wp-content\/uploads\/2025\/12\/Apirosport-yellow-scaled.png\",\"width\":2560,\"height\":2278,\"caption\":\"Apirosport\"},\"image\":{\"@id\":\"https:\/\/apirosport.com\/sv\/#\/schema\/logo\/image\/\"}}]}<\/script>\n<!-- \/ Yoast SEO plugin. -->","yoast_head_json":{"title":"HIIT BENCH | Apirosport","robots":{"index":"index","follow":"follow","max-snippet":"max-snippet:-1","max-image-preview":"max-image-preview:large","max-video-preview":"max-video-preview:-1"},"canonical":"https:\/\/apirosport.com\/sv\/produkt\/hiit-bench\/","og_locale":"sv_SE","og_type":"article","og_title":"HIIT BENCH | Apirosport","og_description":"&gt; St\u00e4llbar b\u00e4nk&gt; Justerbar f\u00f6r att tillgodose snabb och smidig \u00f6verg\u00e5ng mellan olika \u00f6vningar&gt; B\u00e4nk med f\u00f6rvaring, plats f\u00f6r hantlar, kettlebells och gummiband&gt; Med hjul \u2013 flyttbar&gt; Perfekt f\u00f6r grupp-pass d\u00e4r b\u00e5de b\u00e4nk och utrustning kr\u00e4vs&gt; Anpassad f\u00f6r kommersiellt bruk","og_url":"https:\/\/apirosport.com\/sv\/produkt\/hiit-bench\/","og_site_name":"Apirosport","article_modified_time":"2026-02-22T20:49:37+00:00","og_image":[{"width":1181,"height":1181,"url":"https:\/\/apirosport.com\/wp-content\/uploads\/2025\/12\/hiitbench3-2.png","type":"image\/png"}],"twitter_card":"summary_large_image","twitter_title":"Apirosport","schema":{"@context":"https:\/\/schema.org","@graph":[{"@type":"WebPage","@id":"https:\/\/apirosport.com\/sv\/produkt\/hiit-bench\/","url":"https:\/\/apirosport.com\/sv\/produkt\/hiit-bench\/","name":"HIIT BENCH | Apirosport","isPartOf":{"@id":"https:\/\/apirosport.com\/sv\/#website"},"primaryImageOfPage":{"@id":"https:\/\/apirosport.com\/sv\/produkt\/hiit-bench\/#primaryimage"},"image":{"@id":"https:\/\/apirosport.com\/sv\/produkt\/hiit-bench\/#primaryimage"},"thumbnailUrl":"https:\/\/apirosport.com\/wp-content\/uploads\/2025\/12\/hiitbench3-2.png","datePublished":"2024-05-27T14:53:35+00:00","dateModified":"2026-02-22T20:49:37+00:00","breadcrumb":{"@id":"https:\/\/apirosport.com\/sv\/produkt\/hiit-bench\/#breadcrumb"},"inLanguage":"sv-SE","potentialAction":[{"@type":"ReadAction","target":["https:\/\/apirosport.com\/sv\/produkt\/hiit-bench\/"]}]},{"@type":"ImageObject","inLanguage":"sv-SE","@id":"https:\/\/apirosport.com\/sv\/produkt\/hiit-bench\/#primaryimage","url":"https:\/\/apirosport.com\/wp-content\/uploads\/2025\/12\/hiitbench3-2.png","contentUrl":"https:\/\/apirosport.com\/wp-content\/uploads\/2025\/12\/hiitbench3-2.png","width":1181,"height":1181},{"@type":"BreadcrumbList","@id":"https:\/\/apirosport.com\/sv\/produkt\/hiit-bench\/#breadcrumb","itemListElement":[{"@type":"ListItem","position":1,"name":"Home","item":"https:\/\/apirosport.com\/sv\/"},{"@type":"ListItem","position":2,"name":"Produkter","item":"https:\/\/apirosport.com\/sv\/produkter\/"},{"@type":"ListItem","position":3,"name":"HIIT BENCH"}]},{"@type":"WebSite","@id":"https:\/\/apirosport.com\/sv\/#website","url":"https:\/\/apirosport.com\/sv\/","name":"Apirosport","description":"","publisher":{"@id":"https:\/\/apirosport.com\/sv\/#organization"},"alternateName":"Apirosport","potentialAction":[{"@type":"SearchAction","target":{"@type":"EntryPoint","urlTemplate":"https:\/\/apirosport.com\/sv\/?s={search_term_string}"},"query-input":{"@type":"PropertyValueSpecification","valueRequired":true,"valueName":"search_term_string"}}],"inLanguage":"sv-SE"},{"@type":"Organization","@id":"https:\/\/apirosport.com\/sv\/#organization","name":"Apirosport","alternateName":"Apirosport","url":"https:\/\/apirosport.com\/sv\/","logo":{"@type":"ImageObject","inLanguage":"sv-SE","@id":"https:\/\/apirosport.com\/sv\/#\/schema\/logo\/image\/","url":"https:\/\/apirosport.com\/wp-content\/uploads\/2025\/12\/Apirosport-yellow-scaled.png","contentUrl":"https:\/\/apirosport.com\/wp-content\/uploads\/2025\/12\/Apirosport-yellow-scaled.png","width":2560,"height":2278,"caption":"Apirosport"},"image":{"@id":"https:\/\/apirosport.com\/sv\/#\/schema\/logo\/image\/"}}]}},"_links":{"self":[{"href":"https:\/\/apirosport.com\/sv\/wp-json\/wp\/v2\/product\/15835","targetHints":{"allow":["GET"]}}],"collection":[{"href":"https:\/\/apirosport.com\/sv\/wp-json\/wp\/v2\/product"}],"about":[{"href":"https:\/\/apirosport.com\/sv\/wp-json\/wp\/v2\/types\/product"}],"wp:featuredmedia":[{"embeddable":true,"href":"https:\/\/apirosport.com\/sv\/wp-json\/wp\/v2\/media\/15836"}],"wp:attachment":[{"href":"https:\/\/apirosport.com\/sv\/wp-json\/wp\/v2\/media?parent=15835"}],"wp:term":[{"taxonomy":"variation","embeddable":true,"href":"https:\/\/apirosport.com\/sv\/wp-json\/wp\/v2\/variation?post=15835"},{"taxonomy":"product_brand","embeddable":true,"href":"https:\/\/apirosport.com\/sv\/wp-json\/wp\/v2\/product_brand?post=15835"},{"taxonomy":"product_cat","embeddable":true,"href":"https:\/\/apirosport.com\/sv\/wp-json\/wp\/v2\/product_cat?post=15835"},{"taxonomy":"product_tag","embeddable":true,"href":"https:\/\/apirosport.com\/sv\/wp-json\/wp\/v2\/product_tag?post=15835"}],"curies":[{"name":"wp","href":"https:\/\/api.w.org\/{rel}","templated":true}]}}