{"id":15950,"date":"2024-05-28T13:57:25","date_gmt":"2024-05-28T13:57:25","guid":{"rendered":"https:\/\/apirosport.com\/?post_type=product&#038;p=15950"},"modified":"2026-02-22T20:37:47","modified_gmt":"2026-02-22T20:37:47","slug":"plyo-box","status":"publish","type":"product","link":"https:\/\/apirosport.com\/sv\/produkt\/plyo-box\/","title":{"rendered":"PLYO BOX"},"content":{"rendered":"\n<p>&gt; Svart och vit minimalistisk design<br>&gt; M\u00e5ngsidig; olika h\u00f6jder beroende p\u00e5 hur du vrider den<br>&gt; Perfekt f\u00f6r m\u00e5nga anv\u00e4ndningsomr\u00e5den, allt fr\u00e5n box jumps och step-ups till dips eller hip thrusts<br>&gt; Storlek: 51 x 61 x 76 cm<br>&gt; F\u00f6r kommersiellt bruk<\/p>\n","protected":false},"excerpt":{"rendered":"<p>&gt; Svart och vit minimalistisk design&gt; M\u00e5ngsidig; olika h\u00f6jder beroende p\u00e5 hur du vrider den&gt; Perfekt f\u00f6r m\u00e5nga anv\u00e4ndningsomr\u00e5den, allt fr\u00e5n box jumps och step-ups till dips eller hip thrusts&gt; Storlek: 51 x 61 x 76 cm&gt; F\u00f6r kommersiellt bruk<\/p>\n","protected":false},"featured_media":20081,"template":"","meta":{"_acf_changed":false,"inline_featured_image":false},"variation":[],"product_brand":[],"product_cat":[88,315],"product_tag":[64],"class_list":{"0":"post-15950","1":"product","2":"type-product","3":"status-publish","4":"has-post-thumbnail","6":"product_cat-funktionell-traning","7":"product_cat-ulteron","8":"product_tag-ulteron","10":"first","11":"instock","12":"shipping-taxable","13":"purchasable","14":"product-type-simple"},"acf":[],"yoast_head":"<!-- This site is optimized with the Yoast SEO plugin v26.8 - https:\/\/yoast.com\/product\/yoast-seo-wordpress\/ -->\n<title>PLYO BOX | Apirosport<\/title>\n<meta name=\"robots\" content=\"index, follow, max-snippet:-1, max-image-preview:large, max-video-preview:-1\" \/>\n<link rel=\"canonical\" href=\"https:\/\/apirosport.com\/sv\/produkt\/plyo-box\/\" \/>\n<meta property=\"og:locale\" content=\"sv_SE\" \/>\n<meta property=\"og:type\" content=\"article\" \/>\n<meta property=\"og:title\" content=\"PLYO BOX | Apirosport\" \/>\n<meta property=\"og:description\" content=\"&gt; Svart och vit minimalistisk design&gt; M\u00e5ngsidig; olika h\u00f6jder beroende p\u00e5 hur du vrider den&gt; Perfekt f\u00f6r m\u00e5nga anv\u00e4ndningsomr\u00e5den, allt fr\u00e5n box jumps och step-ups till dips eller hip thrusts&gt; Storlek: 51 x 61 x 76 cm&gt; F\u00f6r kommersiellt bruk\" \/>\n<meta property=\"og:url\" content=\"https:\/\/apirosport.com\/sv\/produkt\/plyo-box\/\" \/>\n<meta property=\"og:site_name\" content=\"Apirosport\" \/>\n<meta property=\"article:modified_time\" content=\"2026-02-22T20:37:47+00:00\" \/>\n<meta property=\"og:image\" content=\"https:\/\/apirosport.com\/wp-content\/uploads\/2025\/12\/plyobox-2.png\" \/>\n\t<meta property=\"og:image:width\" content=\"1181\" \/>\n\t<meta property=\"og:image:height\" content=\"1181\" \/>\n\t<meta property=\"og:image:type\" content=\"image\/png\" \/>\n<meta name=\"twitter:card\" content=\"summary_large_image\" \/>\n<meta name=\"twitter:title\" content=\"Apirosport\" \/>\n<script type=\"application\/ld+json\" class=\"yoast-schema-graph\">{\"@context\":\"https:\/\/schema.org\",\"@graph\":[{\"@type\":\"WebPage\",\"@id\":\"https:\/\/apirosport.com\/sv\/produkt\/plyo-box\/\",\"url\":\"https:\/\/apirosport.com\/sv\/produkt\/plyo-box\/\",\"name\":\"PLYO BOX | Apirosport\",\"isPartOf\":{\"@id\":\"https:\/\/apirosport.com\/sv\/#website\"},\"primaryImageOfPage\":{\"@id\":\"https:\/\/apirosport.com\/sv\/produkt\/plyo-box\/#primaryimage\"},\"image\":{\"@id\":\"https:\/\/apirosport.com\/sv\/produkt\/plyo-box\/#primaryimage\"},\"thumbnailUrl\":\"https:\/\/apirosport.com\/wp-content\/uploads\/2025\/12\/plyobox-2.png\",\"datePublished\":\"2024-05-28T13:57:25+00:00\",\"dateModified\":\"2026-02-22T20:37:47+00:00\",\"breadcrumb\":{\"@id\":\"https:\/\/apirosport.com\/sv\/produkt\/plyo-box\/#breadcrumb\"},\"inLanguage\":\"sv-SE\",\"potentialAction\":[{\"@type\":\"ReadAction\",\"target\":[\"https:\/\/apirosport.com\/sv\/produkt\/plyo-box\/\"]}]},{\"@type\":\"ImageObject\",\"inLanguage\":\"sv-SE\",\"@id\":\"https:\/\/apirosport.com\/sv\/produkt\/plyo-box\/#primaryimage\",\"url\":\"https:\/\/apirosport.com\/wp-content\/uploads\/2025\/12\/plyobox-2.png\",\"contentUrl\":\"https:\/\/apirosport.com\/wp-content\/uploads\/2025\/12\/plyobox-2.png\",\"width\":1181,\"height\":1181},{\"@type\":\"BreadcrumbList\",\"@id\":\"https:\/\/apirosport.com\/sv\/produkt\/plyo-box\/#breadcrumb\",\"itemListElement\":[{\"@type\":\"ListItem\",\"position\":1,\"name\":\"Home\",\"item\":\"https:\/\/apirosport.com\/sv\/\"},{\"@type\":\"ListItem\",\"position\":2,\"name\":\"Produkter\",\"item\":\"https:\/\/apirosport.com\/sv\/produkter\/\"},{\"@type\":\"ListItem\",\"position\":3,\"name\":\"PLYO BOX\"}]},{\"@type\":\"WebSite\",\"@id\":\"https:\/\/apirosport.com\/sv\/#website\",\"url\":\"https:\/\/apirosport.com\/sv\/\",\"name\":\"Apirosport\",\"description\":\"\",\"publisher\":{\"@id\":\"https:\/\/apirosport.com\/sv\/#organization\"},\"alternateName\":\"Apirosport\",\"potentialAction\":[{\"@type\":\"SearchAction\",\"target\":{\"@type\":\"EntryPoint\",\"urlTemplate\":\"https:\/\/apirosport.com\/sv\/?s={search_term_string}\"},\"query-input\":{\"@type\":\"PropertyValueSpecification\",\"valueRequired\":true,\"valueName\":\"search_term_string\"}}],\"inLanguage\":\"sv-SE\"},{\"@type\":\"Organization\",\"@id\":\"https:\/\/apirosport.com\/sv\/#organization\",\"name\":\"Apirosport\",\"alternateName\":\"Apirosport\",\"url\":\"https:\/\/apirosport.com\/sv\/\",\"logo\":{\"@type\":\"ImageObject\",\"inLanguage\":\"sv-SE\",\"@id\":\"https:\/\/apirosport.com\/sv\/#\/schema\/logo\/image\/\",\"url\":\"https:\/\/apirosport.com\/wp-content\/uploads\/2025\/12\/Apirosport-yellow-scaled.png\",\"contentUrl\":\"https:\/\/apirosport.com\/wp-content\/uploads\/2025\/12\/Apirosport-yellow-scaled.png\",\"width\":2560,\"height\":2278,\"caption\":\"Apirosport\"},\"image\":{\"@id\":\"https:\/\/apirosport.com\/sv\/#\/schema\/logo\/image\/\"}}]}<\/script>\n<!-- \/ Yoast SEO plugin. -->","yoast_head_json":{"title":"PLYO BOX | Apirosport","robots":{"index":"index","follow":"follow","max-snippet":"max-snippet:-1","max-image-preview":"max-image-preview:large","max-video-preview":"max-video-preview:-1"},"canonical":"https:\/\/apirosport.com\/sv\/produkt\/plyo-box\/","og_locale":"sv_SE","og_type":"article","og_title":"PLYO BOX | Apirosport","og_description":"&gt; Svart och vit minimalistisk design&gt; M\u00e5ngsidig; olika h\u00f6jder beroende p\u00e5 hur du vrider den&gt; Perfekt f\u00f6r m\u00e5nga anv\u00e4ndningsomr\u00e5den, allt fr\u00e5n box jumps och step-ups till dips eller hip thrusts&gt; Storlek: 51 x 61 x 76 cm&gt; F\u00f6r kommersiellt bruk","og_url":"https:\/\/apirosport.com\/sv\/produkt\/plyo-box\/","og_site_name":"Apirosport","article_modified_time":"2026-02-22T20:37:47+00:00","og_image":[{"width":1181,"height":1181,"url":"https:\/\/apirosport.com\/wp-content\/uploads\/2025\/12\/plyobox-2.png","type":"image\/png"}],"twitter_card":"summary_large_image","twitter_title":"Apirosport","schema":{"@context":"https:\/\/schema.org","@graph":[{"@type":"WebPage","@id":"https:\/\/apirosport.com\/sv\/produkt\/plyo-box\/","url":"https:\/\/apirosport.com\/sv\/produkt\/plyo-box\/","name":"PLYO BOX | Apirosport","isPartOf":{"@id":"https:\/\/apirosport.com\/sv\/#website"},"primaryImageOfPage":{"@id":"https:\/\/apirosport.com\/sv\/produkt\/plyo-box\/#primaryimage"},"image":{"@id":"https:\/\/apirosport.com\/sv\/produkt\/plyo-box\/#primaryimage"},"thumbnailUrl":"https:\/\/apirosport.com\/wp-content\/uploads\/2025\/12\/plyobox-2.png","datePublished":"2024-05-28T13:57:25+00:00","dateModified":"2026-02-22T20:37:47+00:00","breadcrumb":{"@id":"https:\/\/apirosport.com\/sv\/produkt\/plyo-box\/#breadcrumb"},"inLanguage":"sv-SE","potentialAction":[{"@type":"ReadAction","target":["https:\/\/apirosport.com\/sv\/produkt\/plyo-box\/"]}]},{"@type":"ImageObject","inLanguage":"sv-SE","@id":"https:\/\/apirosport.com\/sv\/produkt\/plyo-box\/#primaryimage","url":"https:\/\/apirosport.com\/wp-content\/uploads\/2025\/12\/plyobox-2.png","contentUrl":"https:\/\/apirosport.com\/wp-content\/uploads\/2025\/12\/plyobox-2.png","width":1181,"height":1181},{"@type":"BreadcrumbList","@id":"https:\/\/apirosport.com\/sv\/produkt\/plyo-box\/#breadcrumb","itemListElement":[{"@type":"ListItem","position":1,"name":"Home","item":"https:\/\/apirosport.com\/sv\/"},{"@type":"ListItem","position":2,"name":"Produkter","item":"https:\/\/apirosport.com\/sv\/produkter\/"},{"@type":"ListItem","position":3,"name":"PLYO BOX"}]},{"@type":"WebSite","@id":"https:\/\/apirosport.com\/sv\/#website","url":"https:\/\/apirosport.com\/sv\/","name":"Apirosport","description":"","publisher":{"@id":"https:\/\/apirosport.com\/sv\/#organization"},"alternateName":"Apirosport","potentialAction":[{"@type":"SearchAction","target":{"@type":"EntryPoint","urlTemplate":"https:\/\/apirosport.com\/sv\/?s={search_term_string}"},"query-input":{"@type":"PropertyValueSpecification","valueRequired":true,"valueName":"search_term_string"}}],"inLanguage":"sv-SE"},{"@type":"Organization","@id":"https:\/\/apirosport.com\/sv\/#organization","name":"Apirosport","alternateName":"Apirosport","url":"https:\/\/apirosport.com\/sv\/","logo":{"@type":"ImageObject","inLanguage":"sv-SE","@id":"https:\/\/apirosport.com\/sv\/#\/schema\/logo\/image\/","url":"https:\/\/apirosport.com\/wp-content\/uploads\/2025\/12\/Apirosport-yellow-scaled.png","contentUrl":"https:\/\/apirosport.com\/wp-content\/uploads\/2025\/12\/Apirosport-yellow-scaled.png","width":2560,"height":2278,"caption":"Apirosport"},"image":{"@id":"https:\/\/apirosport.com\/sv\/#\/schema\/logo\/image\/"}}]}},"_links":{"self":[{"href":"https:\/\/apirosport.com\/sv\/wp-json\/wp\/v2\/product\/15950","targetHints":{"allow":["GET"]}}],"collection":[{"href":"https:\/\/apirosport.com\/sv\/wp-json\/wp\/v2\/product"}],"about":[{"href":"https:\/\/apirosport.com\/sv\/wp-json\/wp\/v2\/types\/product"}],"wp:featuredmedia":[{"embeddable":true,"href":"https:\/\/apirosport.com\/sv\/wp-json\/wp\/v2\/media\/20081"}],"wp:attachment":[{"href":"https:\/\/apirosport.com\/sv\/wp-json\/wp\/v2\/media?parent=15950"}],"wp:term":[{"taxonomy":"variation","embeddable":true,"href":"https:\/\/apirosport.com\/sv\/wp-json\/wp\/v2\/variation?post=15950"},{"taxonomy":"product_brand","embeddable":true,"href":"https:\/\/apirosport.com\/sv\/wp-json\/wp\/v2\/product_brand?post=15950"},{"taxonomy":"product_cat","embeddable":true,"href":"https:\/\/apirosport.com\/sv\/wp-json\/wp\/v2\/product_cat?post=15950"},{"taxonomy":"product_tag","embeddable":true,"href":"https:\/\/apirosport.com\/sv\/wp-json\/wp\/v2\/product_tag?post=15950"}],"curies":[{"name":"wp","href":"https:\/\/api.w.org\/{rel}","templated":true}]}}