{"id":19069,"date":"2024-10-22T16:19:52","date_gmt":"2024-10-22T16:19:52","guid":{"rendered":"https:\/\/apirosport.com\/?post_type=product&#038;p=19069"},"modified":"2026-02-22T20:18:16","modified_gmt":"2026-02-22T20:18:16","slug":"leg-curl-cl","status":"publish","type":"product","link":"https:\/\/apirosport.com\/sv\/produkt\/leg-curl-cl\/","title":{"rendered":"Club Line Leg Curl"},"content":{"rendered":"<p>CLUB LINE fr\u00e5n HOIST Fitness erbjuder ett mindre och tystare premiumalternativ f\u00f6r gym\u00e4gare som vill f\u00e5 plats med mer p\u00e5 mindre yta. Utan styrst\u00e4nger eller viktvalsstift har Club Lines Slide Select-system f\u00e4rre friktionspunkter och en mjuk, tyst funktion. Systemet ger en enkel justering av vikt med ca 2,5kg intervaller.<\/p>\n<ul>\n<li>Sj\u00e4lvjusterande roller pad<\/li>\n<li>Motviktad arm med stor ROM-spak f\u00f6r enkla och kontrollerade justeringar<\/li>\n<li>Stabiliserande handtag<\/li>\n<li>Gasfj\u00e4derassisterad ryggst\u00f6dsjustering med l\u00e4tt\u00e5tkomlig spak<\/li>\n<\/ul>\n","protected":false},"excerpt":{"rendered":"<p>CLUB LINE fr\u00e5n HOIST Fitness erbjuder ett mindre och tystare premiumalternativ f\u00f6r gym\u00e4gare som vill f\u00e5 plats med mer p\u00e5 mindre yta. Utan styrst\u00e4nger eller viktvalsstift har Club Lines Slide Select-system f\u00e4rre friktionspunkter och en mjuk, tyst funktion. Systemet ger en enkel justering av vikt med ca 2,5kg intervaller. Sj\u00e4lvjusterande roller pad Motviktad arm med [&hellip;]<\/p>\n","protected":false},"featured_media":20103,"template":"","meta":{"_acf_changed":false,"inline_featured_image":false},"variation":[],"product_brand":[],"product_cat":[96,318,319,320],"product_tag":[301],"class_list":{"0":"post-19069","1":"product","2":"type-product","3":"status-publish","4":"has-post-thumbnail","6":"product_cat-styrkemaskiner","7":"product_cat-hoist","8":"product_cat-viktmagasin","9":"product_cat-club-line","10":"product_tag-hoist-fitness","12":"first","13":"instock","14":"shipping-taxable","15":"purchasable","16":"product-type-simple"},"acf":[],"yoast_head":"<!-- This site is optimized with the Yoast SEO plugin v26.8 - https:\/\/yoast.com\/product\/yoast-seo-wordpress\/ -->\n<title>Club Line Leg Curl | Apirosport<\/title>\n<meta name=\"robots\" content=\"index, follow, max-snippet:-1, max-image-preview:large, max-video-preview:-1\" \/>\n<link rel=\"canonical\" href=\"https:\/\/apirosport.com\/sv\/produkt\/leg-curl-cl\/\" \/>\n<meta property=\"og:locale\" content=\"sv_SE\" \/>\n<meta property=\"og:type\" content=\"article\" \/>\n<meta property=\"og:title\" content=\"Club Line Leg Curl | Apirosport\" \/>\n<meta property=\"og:description\" content=\"CLUB LINE fr\u00e5n HOIST Fitness erbjuder ett mindre och tystare premiumalternativ f\u00f6r gym\u00e4gare som vill f\u00e5 plats med mer p\u00e5 mindre yta. Utan styrst\u00e4nger eller viktvalsstift har Club Lines Slide Select-system f\u00e4rre friktionspunkter och en mjuk, tyst funktion. Systemet ger en enkel justering av vikt med ca 2,5kg intervaller. Sj\u00e4lvjusterande roller pad Motviktad arm med [&hellip;]\" \/>\n<meta property=\"og:url\" content=\"https:\/\/apirosport.com\/sv\/produkt\/leg-curl-cl\/\" \/>\n<meta property=\"og:site_name\" content=\"Apirosport\" \/>\n<meta property=\"article:modified_time\" content=\"2026-02-22T20:18:16+00:00\" \/>\n<meta property=\"og:image\" content=\"https:\/\/apirosport.com\/wp-content\/uploads\/2025\/12\/legcurl-cl-2.png\" \/>\n\t<meta property=\"og:image:width\" content=\"1181\" \/>\n\t<meta property=\"og:image:height\" content=\"1181\" \/>\n\t<meta property=\"og:image:type\" content=\"image\/png\" \/>\n<meta name=\"twitter:card\" content=\"summary_large_image\" \/>\n<meta name=\"twitter:title\" content=\"Apirosport\" \/>\n<script type=\"application\/ld+json\" class=\"yoast-schema-graph\">{\"@context\":\"https:\/\/schema.org\",\"@graph\":[{\"@type\":\"WebPage\",\"@id\":\"https:\/\/apirosport.com\/sv\/produkt\/leg-curl-cl\/\",\"url\":\"https:\/\/apirosport.com\/sv\/produkt\/leg-curl-cl\/\",\"name\":\"Club Line Leg Curl | Apirosport\",\"isPartOf\":{\"@id\":\"https:\/\/apirosport.com\/sv\/#website\"},\"primaryImageOfPage\":{\"@id\":\"https:\/\/apirosport.com\/sv\/produkt\/leg-curl-cl\/#primaryimage\"},\"image\":{\"@id\":\"https:\/\/apirosport.com\/sv\/produkt\/leg-curl-cl\/#primaryimage\"},\"thumbnailUrl\":\"https:\/\/apirosport.com\/wp-content\/uploads\/2025\/12\/legcurl-cl-2.png\",\"datePublished\":\"2024-10-22T16:19:52+00:00\",\"dateModified\":\"2026-02-22T20:18:16+00:00\",\"breadcrumb\":{\"@id\":\"https:\/\/apirosport.com\/sv\/produkt\/leg-curl-cl\/#breadcrumb\"},\"inLanguage\":\"sv-SE\",\"potentialAction\":[{\"@type\":\"ReadAction\",\"target\":[\"https:\/\/apirosport.com\/sv\/produkt\/leg-curl-cl\/\"]}]},{\"@type\":\"ImageObject\",\"inLanguage\":\"sv-SE\",\"@id\":\"https:\/\/apirosport.com\/sv\/produkt\/leg-curl-cl\/#primaryimage\",\"url\":\"https:\/\/apirosport.com\/wp-content\/uploads\/2025\/12\/legcurl-cl-2.png\",\"contentUrl\":\"https:\/\/apirosport.com\/wp-content\/uploads\/2025\/12\/legcurl-cl-2.png\",\"width\":1181,\"height\":1181},{\"@type\":\"BreadcrumbList\",\"@id\":\"https:\/\/apirosport.com\/sv\/produkt\/leg-curl-cl\/#breadcrumb\",\"itemListElement\":[{\"@type\":\"ListItem\",\"position\":1,\"name\":\"Home\",\"item\":\"https:\/\/apirosport.com\/sv\/\"},{\"@type\":\"ListItem\",\"position\":2,\"name\":\"Produkter\",\"item\":\"https:\/\/apirosport.com\/sv\/produkter\/\"},{\"@type\":\"ListItem\",\"position\":3,\"name\":\"Club Line Leg Curl\"}]},{\"@type\":\"WebSite\",\"@id\":\"https:\/\/apirosport.com\/sv\/#website\",\"url\":\"https:\/\/apirosport.com\/sv\/\",\"name\":\"Apirosport\",\"description\":\"\",\"publisher\":{\"@id\":\"https:\/\/apirosport.com\/sv\/#organization\"},\"alternateName\":\"Apirosport\",\"potentialAction\":[{\"@type\":\"SearchAction\",\"target\":{\"@type\":\"EntryPoint\",\"urlTemplate\":\"https:\/\/apirosport.com\/sv\/?s={search_term_string}\"},\"query-input\":{\"@type\":\"PropertyValueSpecification\",\"valueRequired\":true,\"valueName\":\"search_term_string\"}}],\"inLanguage\":\"sv-SE\"},{\"@type\":\"Organization\",\"@id\":\"https:\/\/apirosport.com\/sv\/#organization\",\"name\":\"Apirosport\",\"alternateName\":\"Apirosport\",\"url\":\"https:\/\/apirosport.com\/sv\/\",\"logo\":{\"@type\":\"ImageObject\",\"inLanguage\":\"sv-SE\",\"@id\":\"https:\/\/apirosport.com\/sv\/#\/schema\/logo\/image\/\",\"url\":\"https:\/\/apirosport.com\/wp-content\/uploads\/2025\/12\/Apirosport-yellow-scaled.png\",\"contentUrl\":\"https:\/\/apirosport.com\/wp-content\/uploads\/2025\/12\/Apirosport-yellow-scaled.png\",\"width\":2560,\"height\":2278,\"caption\":\"Apirosport\"},\"image\":{\"@id\":\"https:\/\/apirosport.com\/sv\/#\/schema\/logo\/image\/\"}}]}<\/script>\n<!-- \/ Yoast SEO plugin. -->","yoast_head_json":{"title":"Club Line Leg Curl | Apirosport","robots":{"index":"index","follow":"follow","max-snippet":"max-snippet:-1","max-image-preview":"max-image-preview:large","max-video-preview":"max-video-preview:-1"},"canonical":"https:\/\/apirosport.com\/sv\/produkt\/leg-curl-cl\/","og_locale":"sv_SE","og_type":"article","og_title":"Club Line Leg Curl | Apirosport","og_description":"CLUB LINE fr\u00e5n HOIST Fitness erbjuder ett mindre och tystare premiumalternativ f\u00f6r gym\u00e4gare som vill f\u00e5 plats med mer p\u00e5 mindre yta. Utan styrst\u00e4nger eller viktvalsstift har Club Lines Slide Select-system f\u00e4rre friktionspunkter och en mjuk, tyst funktion. Systemet ger en enkel justering av vikt med ca 2,5kg intervaller. Sj\u00e4lvjusterande roller pad Motviktad arm med [&hellip;]","og_url":"https:\/\/apirosport.com\/sv\/produkt\/leg-curl-cl\/","og_site_name":"Apirosport","article_modified_time":"2026-02-22T20:18:16+00:00","og_image":[{"width":1181,"height":1181,"url":"https:\/\/apirosport.com\/wp-content\/uploads\/2025\/12\/legcurl-cl-2.png","type":"image\/png"}],"twitter_card":"summary_large_image","twitter_title":"Apirosport","schema":{"@context":"https:\/\/schema.org","@graph":[{"@type":"WebPage","@id":"https:\/\/apirosport.com\/sv\/produkt\/leg-curl-cl\/","url":"https:\/\/apirosport.com\/sv\/produkt\/leg-curl-cl\/","name":"Club Line Leg Curl | Apirosport","isPartOf":{"@id":"https:\/\/apirosport.com\/sv\/#website"},"primaryImageOfPage":{"@id":"https:\/\/apirosport.com\/sv\/produkt\/leg-curl-cl\/#primaryimage"},"image":{"@id":"https:\/\/apirosport.com\/sv\/produkt\/leg-curl-cl\/#primaryimage"},"thumbnailUrl":"https:\/\/apirosport.com\/wp-content\/uploads\/2025\/12\/legcurl-cl-2.png","datePublished":"2024-10-22T16:19:52+00:00","dateModified":"2026-02-22T20:18:16+00:00","breadcrumb":{"@id":"https:\/\/apirosport.com\/sv\/produkt\/leg-curl-cl\/#breadcrumb"},"inLanguage":"sv-SE","potentialAction":[{"@type":"ReadAction","target":["https:\/\/apirosport.com\/sv\/produkt\/leg-curl-cl\/"]}]},{"@type":"ImageObject","inLanguage":"sv-SE","@id":"https:\/\/apirosport.com\/sv\/produkt\/leg-curl-cl\/#primaryimage","url":"https:\/\/apirosport.com\/wp-content\/uploads\/2025\/12\/legcurl-cl-2.png","contentUrl":"https:\/\/apirosport.com\/wp-content\/uploads\/2025\/12\/legcurl-cl-2.png","width":1181,"height":1181},{"@type":"BreadcrumbList","@id":"https:\/\/apirosport.com\/sv\/produkt\/leg-curl-cl\/#breadcrumb","itemListElement":[{"@type":"ListItem","position":1,"name":"Home","item":"https:\/\/apirosport.com\/sv\/"},{"@type":"ListItem","position":2,"name":"Produkter","item":"https:\/\/apirosport.com\/sv\/produkter\/"},{"@type":"ListItem","position":3,"name":"Club Line Leg Curl"}]},{"@type":"WebSite","@id":"https:\/\/apirosport.com\/sv\/#website","url":"https:\/\/apirosport.com\/sv\/","name":"Apirosport","description":"","publisher":{"@id":"https:\/\/apirosport.com\/sv\/#organization"},"alternateName":"Apirosport","potentialAction":[{"@type":"SearchAction","target":{"@type":"EntryPoint","urlTemplate":"https:\/\/apirosport.com\/sv\/?s={search_term_string}"},"query-input":{"@type":"PropertyValueSpecification","valueRequired":true,"valueName":"search_term_string"}}],"inLanguage":"sv-SE"},{"@type":"Organization","@id":"https:\/\/apirosport.com\/sv\/#organization","name":"Apirosport","alternateName":"Apirosport","url":"https:\/\/apirosport.com\/sv\/","logo":{"@type":"ImageObject","inLanguage":"sv-SE","@id":"https:\/\/apirosport.com\/sv\/#\/schema\/logo\/image\/","url":"https:\/\/apirosport.com\/wp-content\/uploads\/2025\/12\/Apirosport-yellow-scaled.png","contentUrl":"https:\/\/apirosport.com\/wp-content\/uploads\/2025\/12\/Apirosport-yellow-scaled.png","width":2560,"height":2278,"caption":"Apirosport"},"image":{"@id":"https:\/\/apirosport.com\/sv\/#\/schema\/logo\/image\/"}}]}},"_links":{"self":[{"href":"https:\/\/apirosport.com\/sv\/wp-json\/wp\/v2\/product\/19069","targetHints":{"allow":["GET"]}}],"collection":[{"href":"https:\/\/apirosport.com\/sv\/wp-json\/wp\/v2\/product"}],"about":[{"href":"https:\/\/apirosport.com\/sv\/wp-json\/wp\/v2\/types\/product"}],"wp:featuredmedia":[{"embeddable":true,"href":"https:\/\/apirosport.com\/sv\/wp-json\/wp\/v2\/media\/20103"}],"wp:attachment":[{"href":"https:\/\/apirosport.com\/sv\/wp-json\/wp\/v2\/media?parent=19069"}],"wp:term":[{"taxonomy":"variation","embeddable":true,"href":"https:\/\/apirosport.com\/sv\/wp-json\/wp\/v2\/variation?post=19069"},{"taxonomy":"product_brand","embeddable":true,"href":"https:\/\/apirosport.com\/sv\/wp-json\/wp\/v2\/product_brand?post=19069"},{"taxonomy":"product_cat","embeddable":true,"href":"https:\/\/apirosport.com\/sv\/wp-json\/wp\/v2\/product_cat?post=19069"},{"taxonomy":"product_tag","embeddable":true,"href":"https:\/\/apirosport.com\/sv\/wp-json\/wp\/v2\/product_tag?post=19069"}],"curies":[{"name":"wp","href":"https:\/\/api.w.org\/{rel}","templated":true}]}}