{"id":19090,"date":"2024-10-22T17:07:20","date_gmt":"2024-10-22T17:07:20","guid":{"rendered":"https:\/\/apirosport.com\/?post_type=product&#038;p=19090"},"modified":"2026-02-22T20:14:21","modified_gmt":"2026-02-22T20:14:21","slug":"seated-dip-rpl","status":"publish","type":"product","link":"https:\/\/apirosport.com\/sv\/produkt\/seated-dip-rpl\/","title":{"rendered":"Roc-It Plate Loaded Seated Dip"},"content":{"rendered":"<p>HOIST\u00ae Seated Dip med innovativ ROX\u2122-teknologi \u00e5terskapar bekv\u00e4mt och s\u00e4kert r\u00f6relsen av en <em>bar dip<\/em> \u2013 idealisk f\u00f6r att tona triceps, samt br\u00f6stmuskler och axlar. Maskinen b\u00f6rjar med att placera kroppen l\u00e4tt fram\u00e5tlutad och gungar sedan den bak\u00e5t f\u00f6r att korrekt anpassa kroppen med pressarmens r\u00f6relsebana. De justerbara tr\u00e4ningshandtagen, med b\u00e5de breda och smala grepp, ger anv\u00e4ndarna r\u00e4tt positionering och minskar \u00f6verdriven belastning p\u00e5 axlarna.<\/p>\n<p>Dynamisk justering, designad f\u00f6r att ge en bekv\u00e4mare och s\u00e4krare tr\u00e4ning baserad p\u00e5 kroppens naturliga h\u00e5llning och flexibilitet, \u00e4r k\u00e4rnan i ROC-IT\u2122-serien fr\u00e5n HOIST\u00ae.<\/p>\n<ul>\n<li>ROC-IT\u00ae-teknologin ger den ideala r\u00f6relsen f\u00f6r triceps och \u00e5terskapar \u00f6vningsr\u00f6relsen fr\u00e5n en bar dip.<\/li>\n<li>B\u00f6rjar med kroppen i en l\u00e4tt fram\u00e5tlutning och gungar sedan bak\u00e5t f\u00f6r att anpassa anv\u00e4ndaren med pressarmens r\u00f6relsebana<\/li>\n<li>Justerbara tr\u00e4ningshandtag i bredd ger r\u00e4tt positionering och minskar \u00f6verdriven axelbelastning<\/li>\n<li>Gener\u00f6sa inbyggda viktf\u00f6rvaringsutrymmen<\/li>\n<\/ul>\n","protected":false},"excerpt":{"rendered":"<p>HOIST\u00ae Seated Dip med innovativ ROX\u2122-teknologi \u00e5terskapar bekv\u00e4mt och s\u00e4kert r\u00f6relsen av en bar dip \u2013 idealisk f\u00f6r att tona triceps, samt br\u00f6stmuskler och axlar. Maskinen b\u00f6rjar med att placera kroppen l\u00e4tt fram\u00e5tlutad och gungar sedan den bak\u00e5t f\u00f6r att korrekt anpassa kroppen med pressarmens r\u00f6relsebana. De justerbara tr\u00e4ningshandtagen, med b\u00e5de breda och smala grepp, [&hellip;]<\/p>\n","protected":false},"featured_media":20110,"template":"","meta":{"_acf_changed":false,"inline_featured_image":false},"variation":[],"product_brand":[],"product_cat":[319,321,96,304,318],"product_tag":[301],"class_list":{"0":"post-19090","1":"product","2":"type-product","3":"status-publish","4":"has-post-thumbnail","6":"product_cat-viktmagasin","7":"product_cat-roc-it-plate-loaded","8":"product_cat-styrkemaskiner","9":"product_cat-plate-loaded","10":"product_cat-hoist","11":"product_tag-hoist-fitness","13":"first","14":"instock","15":"shipping-taxable","16":"purchasable","17":"product-type-simple"},"acf":[],"yoast_head":"<!-- This site is optimized with the Yoast SEO plugin v26.8 - https:\/\/yoast.com\/product\/yoast-seo-wordpress\/ -->\n<title>Roc-It Plate Loaded Seated Dip | Apirosport<\/title>\n<meta name=\"robots\" content=\"index, follow, max-snippet:-1, max-image-preview:large, max-video-preview:-1\" \/>\n<link rel=\"canonical\" href=\"https:\/\/apirosport.com\/sv\/produkt\/seated-dip-rpl\/\" \/>\n<meta property=\"og:locale\" content=\"sv_SE\" \/>\n<meta property=\"og:type\" content=\"article\" \/>\n<meta property=\"og:title\" content=\"Roc-It Plate Loaded Seated Dip | Apirosport\" \/>\n<meta property=\"og:description\" content=\"HOIST\u00ae Seated Dip med innovativ ROX\u2122-teknologi \u00e5terskapar bekv\u00e4mt och s\u00e4kert r\u00f6relsen av en bar dip \u2013 idealisk f\u00f6r att tona triceps, samt br\u00f6stmuskler och axlar. Maskinen b\u00f6rjar med att placera kroppen l\u00e4tt fram\u00e5tlutad och gungar sedan den bak\u00e5t f\u00f6r att korrekt anpassa kroppen med pressarmens r\u00f6relsebana. De justerbara tr\u00e4ningshandtagen, med b\u00e5de breda och smala grepp, [&hellip;]\" \/>\n<meta property=\"og:url\" content=\"https:\/\/apirosport.com\/sv\/produkt\/seated-dip-rpl\/\" \/>\n<meta property=\"og:site_name\" content=\"Apirosport\" \/>\n<meta property=\"article:modified_time\" content=\"2026-02-22T20:14:21+00:00\" \/>\n<meta property=\"og:image\" content=\"https:\/\/apirosport.com\/wp-content\/uploads\/2025\/12\/seateddip-rpl-2.png\" \/>\n\t<meta property=\"og:image:width\" content=\"1181\" \/>\n\t<meta property=\"og:image:height\" content=\"1181\" \/>\n\t<meta property=\"og:image:type\" content=\"image\/png\" \/>\n<meta name=\"twitter:card\" content=\"summary_large_image\" \/>\n<meta name=\"twitter:title\" content=\"Apirosport\" \/>\n<meta name=\"twitter:label1\" content=\"Ber\u00e4knad l\u00e4stid\" \/>\n\t<meta name=\"twitter:data1\" content=\"1 minut\" \/>\n<script type=\"application\/ld+json\" class=\"yoast-schema-graph\">{\"@context\":\"https:\/\/schema.org\",\"@graph\":[{\"@type\":\"WebPage\",\"@id\":\"https:\/\/apirosport.com\/sv\/produkt\/seated-dip-rpl\/\",\"url\":\"https:\/\/apirosport.com\/sv\/produkt\/seated-dip-rpl\/\",\"name\":\"Roc-It Plate Loaded Seated Dip | Apirosport\",\"isPartOf\":{\"@id\":\"https:\/\/apirosport.com\/sv\/#website\"},\"primaryImageOfPage\":{\"@id\":\"https:\/\/apirosport.com\/sv\/produkt\/seated-dip-rpl\/#primaryimage\"},\"image\":{\"@id\":\"https:\/\/apirosport.com\/sv\/produkt\/seated-dip-rpl\/#primaryimage\"},\"thumbnailUrl\":\"https:\/\/apirosport.com\/wp-content\/uploads\/2025\/12\/seateddip-rpl-2.png\",\"datePublished\":\"2024-10-22T17:07:20+00:00\",\"dateModified\":\"2026-02-22T20:14:21+00:00\",\"breadcrumb\":{\"@id\":\"https:\/\/apirosport.com\/sv\/produkt\/seated-dip-rpl\/#breadcrumb\"},\"inLanguage\":\"sv-SE\",\"potentialAction\":[{\"@type\":\"ReadAction\",\"target\":[\"https:\/\/apirosport.com\/sv\/produkt\/seated-dip-rpl\/\"]}]},{\"@type\":\"ImageObject\",\"inLanguage\":\"sv-SE\",\"@id\":\"https:\/\/apirosport.com\/sv\/produkt\/seated-dip-rpl\/#primaryimage\",\"url\":\"https:\/\/apirosport.com\/wp-content\/uploads\/2025\/12\/seateddip-rpl-2.png\",\"contentUrl\":\"https:\/\/apirosport.com\/wp-content\/uploads\/2025\/12\/seateddip-rpl-2.png\",\"width\":1181,\"height\":1181},{\"@type\":\"BreadcrumbList\",\"@id\":\"https:\/\/apirosport.com\/sv\/produkt\/seated-dip-rpl\/#breadcrumb\",\"itemListElement\":[{\"@type\":\"ListItem\",\"position\":1,\"name\":\"Home\",\"item\":\"https:\/\/apirosport.com\/sv\/\"},{\"@type\":\"ListItem\",\"position\":2,\"name\":\"Produkter\",\"item\":\"https:\/\/apirosport.com\/sv\/produkter\/\"},{\"@type\":\"ListItem\",\"position\":3,\"name\":\"Roc-It Plate Loaded Seated Dip\"}]},{\"@type\":\"WebSite\",\"@id\":\"https:\/\/apirosport.com\/sv\/#website\",\"url\":\"https:\/\/apirosport.com\/sv\/\",\"name\":\"Apirosport\",\"description\":\"\",\"publisher\":{\"@id\":\"https:\/\/apirosport.com\/sv\/#organization\"},\"alternateName\":\"Apirosport\",\"potentialAction\":[{\"@type\":\"SearchAction\",\"target\":{\"@type\":\"EntryPoint\",\"urlTemplate\":\"https:\/\/apirosport.com\/sv\/?s={search_term_string}\"},\"query-input\":{\"@type\":\"PropertyValueSpecification\",\"valueRequired\":true,\"valueName\":\"search_term_string\"}}],\"inLanguage\":\"sv-SE\"},{\"@type\":\"Organization\",\"@id\":\"https:\/\/apirosport.com\/sv\/#organization\",\"name\":\"Apirosport\",\"alternateName\":\"Apirosport\",\"url\":\"https:\/\/apirosport.com\/sv\/\",\"logo\":{\"@type\":\"ImageObject\",\"inLanguage\":\"sv-SE\",\"@id\":\"https:\/\/apirosport.com\/sv\/#\/schema\/logo\/image\/\",\"url\":\"https:\/\/apirosport.com\/wp-content\/uploads\/2025\/12\/Apirosport-yellow-scaled.png\",\"contentUrl\":\"https:\/\/apirosport.com\/wp-content\/uploads\/2025\/12\/Apirosport-yellow-scaled.png\",\"width\":2560,\"height\":2278,\"caption\":\"Apirosport\"},\"image\":{\"@id\":\"https:\/\/apirosport.com\/sv\/#\/schema\/logo\/image\/\"}}]}<\/script>\n<!-- \/ Yoast SEO plugin. -->","yoast_head_json":{"title":"Roc-It Plate Loaded Seated Dip | Apirosport","robots":{"index":"index","follow":"follow","max-snippet":"max-snippet:-1","max-image-preview":"max-image-preview:large","max-video-preview":"max-video-preview:-1"},"canonical":"https:\/\/apirosport.com\/sv\/produkt\/seated-dip-rpl\/","og_locale":"sv_SE","og_type":"article","og_title":"Roc-It Plate Loaded Seated Dip | Apirosport","og_description":"HOIST\u00ae Seated Dip med innovativ ROX\u2122-teknologi \u00e5terskapar bekv\u00e4mt och s\u00e4kert r\u00f6relsen av en bar dip \u2013 idealisk f\u00f6r att tona triceps, samt br\u00f6stmuskler och axlar. Maskinen b\u00f6rjar med att placera kroppen l\u00e4tt fram\u00e5tlutad och gungar sedan den bak\u00e5t f\u00f6r att korrekt anpassa kroppen med pressarmens r\u00f6relsebana. De justerbara tr\u00e4ningshandtagen, med b\u00e5de breda och smala grepp, [&hellip;]","og_url":"https:\/\/apirosport.com\/sv\/produkt\/seated-dip-rpl\/","og_site_name":"Apirosport","article_modified_time":"2026-02-22T20:14:21+00:00","og_image":[{"width":1181,"height":1181,"url":"https:\/\/apirosport.com\/wp-content\/uploads\/2025\/12\/seateddip-rpl-2.png","type":"image\/png"}],"twitter_card":"summary_large_image","twitter_title":"Apirosport","twitter_misc":{"Ber\u00e4knad l\u00e4stid":"1 minut"},"schema":{"@context":"https:\/\/schema.org","@graph":[{"@type":"WebPage","@id":"https:\/\/apirosport.com\/sv\/produkt\/seated-dip-rpl\/","url":"https:\/\/apirosport.com\/sv\/produkt\/seated-dip-rpl\/","name":"Roc-It Plate Loaded Seated Dip | Apirosport","isPartOf":{"@id":"https:\/\/apirosport.com\/sv\/#website"},"primaryImageOfPage":{"@id":"https:\/\/apirosport.com\/sv\/produkt\/seated-dip-rpl\/#primaryimage"},"image":{"@id":"https:\/\/apirosport.com\/sv\/produkt\/seated-dip-rpl\/#primaryimage"},"thumbnailUrl":"https:\/\/apirosport.com\/wp-content\/uploads\/2025\/12\/seateddip-rpl-2.png","datePublished":"2024-10-22T17:07:20+00:00","dateModified":"2026-02-22T20:14:21+00:00","breadcrumb":{"@id":"https:\/\/apirosport.com\/sv\/produkt\/seated-dip-rpl\/#breadcrumb"},"inLanguage":"sv-SE","potentialAction":[{"@type":"ReadAction","target":["https:\/\/apirosport.com\/sv\/produkt\/seated-dip-rpl\/"]}]},{"@type":"ImageObject","inLanguage":"sv-SE","@id":"https:\/\/apirosport.com\/sv\/produkt\/seated-dip-rpl\/#primaryimage","url":"https:\/\/apirosport.com\/wp-content\/uploads\/2025\/12\/seateddip-rpl-2.png","contentUrl":"https:\/\/apirosport.com\/wp-content\/uploads\/2025\/12\/seateddip-rpl-2.png","width":1181,"height":1181},{"@type":"BreadcrumbList","@id":"https:\/\/apirosport.com\/sv\/produkt\/seated-dip-rpl\/#breadcrumb","itemListElement":[{"@type":"ListItem","position":1,"name":"Home","item":"https:\/\/apirosport.com\/sv\/"},{"@type":"ListItem","position":2,"name":"Produkter","item":"https:\/\/apirosport.com\/sv\/produkter\/"},{"@type":"ListItem","position":3,"name":"Roc-It Plate Loaded Seated Dip"}]},{"@type":"WebSite","@id":"https:\/\/apirosport.com\/sv\/#website","url":"https:\/\/apirosport.com\/sv\/","name":"Apirosport","description":"","publisher":{"@id":"https:\/\/apirosport.com\/sv\/#organization"},"alternateName":"Apirosport","potentialAction":[{"@type":"SearchAction","target":{"@type":"EntryPoint","urlTemplate":"https:\/\/apirosport.com\/sv\/?s={search_term_string}"},"query-input":{"@type":"PropertyValueSpecification","valueRequired":true,"valueName":"search_term_string"}}],"inLanguage":"sv-SE"},{"@type":"Organization","@id":"https:\/\/apirosport.com\/sv\/#organization","name":"Apirosport","alternateName":"Apirosport","url":"https:\/\/apirosport.com\/sv\/","logo":{"@type":"ImageObject","inLanguage":"sv-SE","@id":"https:\/\/apirosport.com\/sv\/#\/schema\/logo\/image\/","url":"https:\/\/apirosport.com\/wp-content\/uploads\/2025\/12\/Apirosport-yellow-scaled.png","contentUrl":"https:\/\/apirosport.com\/wp-content\/uploads\/2025\/12\/Apirosport-yellow-scaled.png","width":2560,"height":2278,"caption":"Apirosport"},"image":{"@id":"https:\/\/apirosport.com\/sv\/#\/schema\/logo\/image\/"}}]}},"_links":{"self":[{"href":"https:\/\/apirosport.com\/sv\/wp-json\/wp\/v2\/product\/19090","targetHints":{"allow":["GET"]}}],"collection":[{"href":"https:\/\/apirosport.com\/sv\/wp-json\/wp\/v2\/product"}],"about":[{"href":"https:\/\/apirosport.com\/sv\/wp-json\/wp\/v2\/types\/product"}],"wp:featuredmedia":[{"embeddable":true,"href":"https:\/\/apirosport.com\/sv\/wp-json\/wp\/v2\/media\/20110"}],"wp:attachment":[{"href":"https:\/\/apirosport.com\/sv\/wp-json\/wp\/v2\/media?parent=19090"}],"wp:term":[{"taxonomy":"variation","embeddable":true,"href":"https:\/\/apirosport.com\/sv\/wp-json\/wp\/v2\/variation?post=19090"},{"taxonomy":"product_brand","embeddable":true,"href":"https:\/\/apirosport.com\/sv\/wp-json\/wp\/v2\/product_brand?post=19090"},{"taxonomy":"product_cat","embeddable":true,"href":"https:\/\/apirosport.com\/sv\/wp-json\/wp\/v2\/product_cat?post=19090"},{"taxonomy":"product_tag","embeddable":true,"href":"https:\/\/apirosport.com\/sv\/wp-json\/wp\/v2\/product_tag?post=19090"}],"curies":[{"name":"wp","href":"https:\/\/api.w.org\/{rel}","templated":true}]}}