{"id":19093,"date":"2024-10-22T17:14:56","date_gmt":"2024-10-22T17:14:56","guid":{"rendered":"https:\/\/apirosport.com\/?post_type=product&#038;p=19093"},"modified":"2026-02-22T20:13:54","modified_gmt":"2026-02-22T20:13:54","slug":"bicepcurl-rpl","status":"publish","type":"product","link":"https:\/\/apirosport.com\/sv\/produkt\/bicepcurl-rpl\/","title":{"rendered":"Roc-It Plate Loaded Bicep Curl"},"content":{"rendered":"<p>HOIST\u00ae Biceps Curl med innovativ ROX\u2122-teknologi har sj\u00e4lvjusterande tr\u00e4ningsarmar som automatiskt anpassar sig efter anv\u00e4ndaren och r\u00f6r sig oberoende f\u00f6r curls. Ett vadderat armb\u00e5gsst\u00f6d och ett justerbart s\u00e4te ger komfort och stabilitet under tr\u00e4ningen. Flera greppositioner med formade handtag s\u00e4kerst\u00e4ller att anv\u00e4ndaren hittar den b\u00e4sta positionen f\u00f6r maximal bicepstr\u00e4ning! Enhetens unika gungande r\u00f6relse ger ett st\u00f6rre r\u00f6relseomf\u00e5ng \u00e4n traditionella biceps curl-maskiner. Gener\u00f6sa inbyggda viktf\u00f6rvaringsutrymmen g\u00f6r det enkelt f\u00f6r tr\u00e4ningsentusiaster att snabbt l\u00e4gga till viktskivor p\u00e5 maskinen, samtidigt som det h\u00e5ller ditt gym eller tr\u00e4ningsanl\u00e4ggning snyggt och sparar plats.<\/p>\n<p>Dynamisk justering, designad f\u00f6r att ge en bekv\u00e4mare och s\u00e4krare tr\u00e4ning baserad p\u00e5 kroppens naturliga h\u00e5llning och flexibilitet, \u00e4r k\u00e4rnan i ROC-IT\u2122-serien fr\u00e5n HOIST\u00ae.<\/p>\n<div class=\"flex max-w-full flex-col flex-grow\">\n<div class=\"min-h-8 text-message flex w-full flex-col items-end gap-2 whitespace-normal break-words [.text-message+&amp;]:mt-5\" dir=\"auto\" data-message-author-role=\"assistant\" data-message-id=\"48fd366a-bef9-4c84-b3b9-28e480ff2c61\" data-message-model-slug=\"gpt-4o\">\n<div class=\"flex w-full flex-col gap-1 empty:hidden first:pt-[3px]\">\n<div class=\"markdown prose w-full break-words dark:prose-invert light\">\n<ul>\n<li>Tr\u00e4ningsarmarna r\u00f6r sig oberoende f\u00f6r curls med varannan sida<\/li>\n<li>Sj\u00e4lvjusterande tr\u00e4ningsarmar anpassar sig automatiskt efter anv\u00e4ndaren<\/li>\n<li>Formade handtag erbjuder flera greppositioner<\/li>\n<li>Gungande r\u00f6relse ger ett st\u00f6rre r\u00f6relseomf\u00e5ng under \u00f6vningen<\/li>\n<li>R\u00e4fflad s\u00e4tesjustering<\/li>\n<li>Gener\u00f6sa inbyggda viktf\u00f6rvaringsutrymmen<\/li>\n<\/ul>\n<\/div>\n<\/div>\n<\/div>\n<\/div>\n","protected":false},"excerpt":{"rendered":"<p>HOIST\u00ae Biceps Curl med innovativ ROX\u2122-teknologi har sj\u00e4lvjusterande tr\u00e4ningsarmar som automatiskt anpassar sig efter anv\u00e4ndaren och r\u00f6r sig oberoende f\u00f6r curls. Ett vadderat armb\u00e5gsst\u00f6d och ett justerbart s\u00e4te ger komfort och stabilitet under tr\u00e4ningen. Flera greppositioner med formade handtag s\u00e4kerst\u00e4ller att anv\u00e4ndaren hittar den b\u00e4sta positionen f\u00f6r maximal bicepstr\u00e4ning! Enhetens unika gungande r\u00f6relse ger ett [&hellip;]<\/p>\n","protected":false},"featured_media":20111,"template":"","meta":{"_acf_changed":false,"inline_featured_image":false},"variation":[],"product_brand":[],"product_cat":[96,304,318,319,321],"product_tag":[301],"class_list":{"0":"post-19093","1":"product","2":"type-product","3":"status-publish","4":"has-post-thumbnail","6":"product_cat-styrkemaskiner","7":"product_cat-plate-loaded","8":"product_cat-hoist","9":"product_cat-viktmagasin","10":"product_cat-roc-it-plate-loaded","11":"product_tag-hoist-fitness","13":"first","14":"instock","15":"shipping-taxable","16":"purchasable","17":"product-type-simple"},"acf":[],"yoast_head":"<!-- This site is optimized with the Yoast SEO plugin v26.8 - https:\/\/yoast.com\/product\/yoast-seo-wordpress\/ -->\n<title>Roc-It Plate Loaded Bicep Curl | Apirosport<\/title>\n<meta name=\"robots\" content=\"index, follow, max-snippet:-1, max-image-preview:large, max-video-preview:-1\" \/>\n<link rel=\"canonical\" href=\"https:\/\/apirosport.com\/sv\/produkt\/bicepcurl-rpl\/\" \/>\n<meta property=\"og:locale\" content=\"sv_SE\" \/>\n<meta property=\"og:type\" content=\"article\" \/>\n<meta property=\"og:title\" content=\"Roc-It Plate Loaded Bicep Curl | Apirosport\" \/>\n<meta property=\"og:description\" content=\"HOIST\u00ae Biceps Curl med innovativ ROX\u2122-teknologi har sj\u00e4lvjusterande tr\u00e4ningsarmar som automatiskt anpassar sig efter anv\u00e4ndaren och r\u00f6r sig oberoende f\u00f6r curls. Ett vadderat armb\u00e5gsst\u00f6d och ett justerbart s\u00e4te ger komfort och stabilitet under tr\u00e4ningen. Flera greppositioner med formade handtag s\u00e4kerst\u00e4ller att anv\u00e4ndaren hittar den b\u00e4sta positionen f\u00f6r maximal bicepstr\u00e4ning! Enhetens unika gungande r\u00f6relse ger ett [&hellip;]\" \/>\n<meta property=\"og:url\" content=\"https:\/\/apirosport.com\/sv\/produkt\/bicepcurl-rpl\/\" \/>\n<meta property=\"og:site_name\" content=\"Apirosport\" \/>\n<meta property=\"article:modified_time\" content=\"2026-02-22T20:13:54+00:00\" \/>\n<meta property=\"og:image\" content=\"https:\/\/apirosport.com\/wp-content\/uploads\/2025\/12\/bicepcurl-rpl-2.png\" \/>\n\t<meta property=\"og:image:width\" content=\"1181\" \/>\n\t<meta property=\"og:image:height\" content=\"1181\" \/>\n\t<meta property=\"og:image:type\" content=\"image\/png\" \/>\n<meta name=\"twitter:card\" content=\"summary_large_image\" \/>\n<meta name=\"twitter:title\" content=\"Apirosport\" \/>\n<meta name=\"twitter:label1\" content=\"Ber\u00e4knad l\u00e4stid\" \/>\n\t<meta name=\"twitter:data1\" content=\"1 minut\" \/>\n<script type=\"application\/ld+json\" class=\"yoast-schema-graph\">{\"@context\":\"https:\/\/schema.org\",\"@graph\":[{\"@type\":\"WebPage\",\"@id\":\"https:\/\/apirosport.com\/sv\/produkt\/bicepcurl-rpl\/\",\"url\":\"https:\/\/apirosport.com\/sv\/produkt\/bicepcurl-rpl\/\",\"name\":\"Roc-It Plate Loaded Bicep Curl | Apirosport\",\"isPartOf\":{\"@id\":\"https:\/\/apirosport.com\/sv\/#website\"},\"primaryImageOfPage\":{\"@id\":\"https:\/\/apirosport.com\/sv\/produkt\/bicepcurl-rpl\/#primaryimage\"},\"image\":{\"@id\":\"https:\/\/apirosport.com\/sv\/produkt\/bicepcurl-rpl\/#primaryimage\"},\"thumbnailUrl\":\"https:\/\/apirosport.com\/wp-content\/uploads\/2025\/12\/bicepcurl-rpl-2.png\",\"datePublished\":\"2024-10-22T17:14:56+00:00\",\"dateModified\":\"2026-02-22T20:13:54+00:00\",\"breadcrumb\":{\"@id\":\"https:\/\/apirosport.com\/sv\/produkt\/bicepcurl-rpl\/#breadcrumb\"},\"inLanguage\":\"sv-SE\",\"potentialAction\":[{\"@type\":\"ReadAction\",\"target\":[\"https:\/\/apirosport.com\/sv\/produkt\/bicepcurl-rpl\/\"]}]},{\"@type\":\"ImageObject\",\"inLanguage\":\"sv-SE\",\"@id\":\"https:\/\/apirosport.com\/sv\/produkt\/bicepcurl-rpl\/#primaryimage\",\"url\":\"https:\/\/apirosport.com\/wp-content\/uploads\/2025\/12\/bicepcurl-rpl-2.png\",\"contentUrl\":\"https:\/\/apirosport.com\/wp-content\/uploads\/2025\/12\/bicepcurl-rpl-2.png\",\"width\":1181,\"height\":1181},{\"@type\":\"BreadcrumbList\",\"@id\":\"https:\/\/apirosport.com\/sv\/produkt\/bicepcurl-rpl\/#breadcrumb\",\"itemListElement\":[{\"@type\":\"ListItem\",\"position\":1,\"name\":\"Home\",\"item\":\"https:\/\/apirosport.com\/sv\/\"},{\"@type\":\"ListItem\",\"position\":2,\"name\":\"Produkter\",\"item\":\"https:\/\/apirosport.com\/sv\/produkter\/\"},{\"@type\":\"ListItem\",\"position\":3,\"name\":\"Roc-It Plate Loaded Bicep Curl\"}]},{\"@type\":\"WebSite\",\"@id\":\"https:\/\/apirosport.com\/sv\/#website\",\"url\":\"https:\/\/apirosport.com\/sv\/\",\"name\":\"Apirosport\",\"description\":\"\",\"publisher\":{\"@id\":\"https:\/\/apirosport.com\/sv\/#organization\"},\"alternateName\":\"Apirosport\",\"potentialAction\":[{\"@type\":\"SearchAction\",\"target\":{\"@type\":\"EntryPoint\",\"urlTemplate\":\"https:\/\/apirosport.com\/sv\/?s={search_term_string}\"},\"query-input\":{\"@type\":\"PropertyValueSpecification\",\"valueRequired\":true,\"valueName\":\"search_term_string\"}}],\"inLanguage\":\"sv-SE\"},{\"@type\":\"Organization\",\"@id\":\"https:\/\/apirosport.com\/sv\/#organization\",\"name\":\"Apirosport\",\"alternateName\":\"Apirosport\",\"url\":\"https:\/\/apirosport.com\/sv\/\",\"logo\":{\"@type\":\"ImageObject\",\"inLanguage\":\"sv-SE\",\"@id\":\"https:\/\/apirosport.com\/sv\/#\/schema\/logo\/image\/\",\"url\":\"https:\/\/apirosport.com\/wp-content\/uploads\/2025\/12\/Apirosport-yellow-scaled.png\",\"contentUrl\":\"https:\/\/apirosport.com\/wp-content\/uploads\/2025\/12\/Apirosport-yellow-scaled.png\",\"width\":2560,\"height\":2278,\"caption\":\"Apirosport\"},\"image\":{\"@id\":\"https:\/\/apirosport.com\/sv\/#\/schema\/logo\/image\/\"}}]}<\/script>\n<!-- \/ Yoast SEO plugin. -->","yoast_head_json":{"title":"Roc-It Plate Loaded Bicep Curl | Apirosport","robots":{"index":"index","follow":"follow","max-snippet":"max-snippet:-1","max-image-preview":"max-image-preview:large","max-video-preview":"max-video-preview:-1"},"canonical":"https:\/\/apirosport.com\/sv\/produkt\/bicepcurl-rpl\/","og_locale":"sv_SE","og_type":"article","og_title":"Roc-It Plate Loaded Bicep Curl | Apirosport","og_description":"HOIST\u00ae Biceps Curl med innovativ ROX\u2122-teknologi har sj\u00e4lvjusterande tr\u00e4ningsarmar som automatiskt anpassar sig efter anv\u00e4ndaren och r\u00f6r sig oberoende f\u00f6r curls. Ett vadderat armb\u00e5gsst\u00f6d och ett justerbart s\u00e4te ger komfort och stabilitet under tr\u00e4ningen. Flera greppositioner med formade handtag s\u00e4kerst\u00e4ller att anv\u00e4ndaren hittar den b\u00e4sta positionen f\u00f6r maximal bicepstr\u00e4ning! Enhetens unika gungande r\u00f6relse ger ett [&hellip;]","og_url":"https:\/\/apirosport.com\/sv\/produkt\/bicepcurl-rpl\/","og_site_name":"Apirosport","article_modified_time":"2026-02-22T20:13:54+00:00","og_image":[{"width":1181,"height":1181,"url":"https:\/\/apirosport.com\/wp-content\/uploads\/2025\/12\/bicepcurl-rpl-2.png","type":"image\/png"}],"twitter_card":"summary_large_image","twitter_title":"Apirosport","twitter_misc":{"Ber\u00e4knad l\u00e4stid":"1 minut"},"schema":{"@context":"https:\/\/schema.org","@graph":[{"@type":"WebPage","@id":"https:\/\/apirosport.com\/sv\/produkt\/bicepcurl-rpl\/","url":"https:\/\/apirosport.com\/sv\/produkt\/bicepcurl-rpl\/","name":"Roc-It Plate Loaded Bicep Curl | Apirosport","isPartOf":{"@id":"https:\/\/apirosport.com\/sv\/#website"},"primaryImageOfPage":{"@id":"https:\/\/apirosport.com\/sv\/produkt\/bicepcurl-rpl\/#primaryimage"},"image":{"@id":"https:\/\/apirosport.com\/sv\/produkt\/bicepcurl-rpl\/#primaryimage"},"thumbnailUrl":"https:\/\/apirosport.com\/wp-content\/uploads\/2025\/12\/bicepcurl-rpl-2.png","datePublished":"2024-10-22T17:14:56+00:00","dateModified":"2026-02-22T20:13:54+00:00","breadcrumb":{"@id":"https:\/\/apirosport.com\/sv\/produkt\/bicepcurl-rpl\/#breadcrumb"},"inLanguage":"sv-SE","potentialAction":[{"@type":"ReadAction","target":["https:\/\/apirosport.com\/sv\/produkt\/bicepcurl-rpl\/"]}]},{"@type":"ImageObject","inLanguage":"sv-SE","@id":"https:\/\/apirosport.com\/sv\/produkt\/bicepcurl-rpl\/#primaryimage","url":"https:\/\/apirosport.com\/wp-content\/uploads\/2025\/12\/bicepcurl-rpl-2.png","contentUrl":"https:\/\/apirosport.com\/wp-content\/uploads\/2025\/12\/bicepcurl-rpl-2.png","width":1181,"height":1181},{"@type":"BreadcrumbList","@id":"https:\/\/apirosport.com\/sv\/produkt\/bicepcurl-rpl\/#breadcrumb","itemListElement":[{"@type":"ListItem","position":1,"name":"Home","item":"https:\/\/apirosport.com\/sv\/"},{"@type":"ListItem","position":2,"name":"Produkter","item":"https:\/\/apirosport.com\/sv\/produkter\/"},{"@type":"ListItem","position":3,"name":"Roc-It Plate Loaded Bicep Curl"}]},{"@type":"WebSite","@id":"https:\/\/apirosport.com\/sv\/#website","url":"https:\/\/apirosport.com\/sv\/","name":"Apirosport","description":"","publisher":{"@id":"https:\/\/apirosport.com\/sv\/#organization"},"alternateName":"Apirosport","potentialAction":[{"@type":"SearchAction","target":{"@type":"EntryPoint","urlTemplate":"https:\/\/apirosport.com\/sv\/?s={search_term_string}"},"query-input":{"@type":"PropertyValueSpecification","valueRequired":true,"valueName":"search_term_string"}}],"inLanguage":"sv-SE"},{"@type":"Organization","@id":"https:\/\/apirosport.com\/sv\/#organization","name":"Apirosport","alternateName":"Apirosport","url":"https:\/\/apirosport.com\/sv\/","logo":{"@type":"ImageObject","inLanguage":"sv-SE","@id":"https:\/\/apirosport.com\/sv\/#\/schema\/logo\/image\/","url":"https:\/\/apirosport.com\/wp-content\/uploads\/2025\/12\/Apirosport-yellow-scaled.png","contentUrl":"https:\/\/apirosport.com\/wp-content\/uploads\/2025\/12\/Apirosport-yellow-scaled.png","width":2560,"height":2278,"caption":"Apirosport"},"image":{"@id":"https:\/\/apirosport.com\/sv\/#\/schema\/logo\/image\/"}}]}},"_links":{"self":[{"href":"https:\/\/apirosport.com\/sv\/wp-json\/wp\/v2\/product\/19093","targetHints":{"allow":["GET"]}}],"collection":[{"href":"https:\/\/apirosport.com\/sv\/wp-json\/wp\/v2\/product"}],"about":[{"href":"https:\/\/apirosport.com\/sv\/wp-json\/wp\/v2\/types\/product"}],"wp:featuredmedia":[{"embeddable":true,"href":"https:\/\/apirosport.com\/sv\/wp-json\/wp\/v2\/media\/20111"}],"wp:attachment":[{"href":"https:\/\/apirosport.com\/sv\/wp-json\/wp\/v2\/media?parent=19093"}],"wp:term":[{"taxonomy":"variation","embeddable":true,"href":"https:\/\/apirosport.com\/sv\/wp-json\/wp\/v2\/variation?post=19093"},{"taxonomy":"product_brand","embeddable":true,"href":"https:\/\/apirosport.com\/sv\/wp-json\/wp\/v2\/product_brand?post=19093"},{"taxonomy":"product_cat","embeddable":true,"href":"https:\/\/apirosport.com\/sv\/wp-json\/wp\/v2\/product_cat?post=19093"},{"taxonomy":"product_tag","embeddable":true,"href":"https:\/\/apirosport.com\/sv\/wp-json\/wp\/v2\/product_tag?post=19093"}],"curies":[{"name":"wp","href":"https:\/\/api.w.org\/{rel}","templated":true}]}}