{"id":19096,"date":"2024-10-23T14:02:01","date_gmt":"2024-10-23T14:02:01","guid":{"rendered":"https:\/\/apirosport.com\/?post_type=product&#038;p=19096"},"modified":"2026-02-22T20:13:25","modified_gmt":"2026-02-22T20:13:25","slug":"lat-pulldown-rpl","status":"publish","type":"product","link":"https:\/\/apirosport.com\/sv\/produkt\/lat-pulldown-rpl\/","title":{"rendered":"Roc-It Plate Loaded Lat Pulldown"},"content":{"rendered":"<p>HOIST\u00ae Lat Pulldown med den innovativa ROX\u2122-teknologin bygger latsmuskler samt styrka i \u00f6vre rygg och kropp p\u00e5 ett s\u00e4kert s\u00e4tt genom att efterlikna den naturliga r\u00f6relsen av en pull-up. Denna ROC-IT-enhet lyfter s\u00e4tet samtidigt som den gungar anv\u00e4ndarens kropp bak\u00e5t, vilket undviker hyperextension av nedre delen av ryggen.<\/p>\n<p>Sj\u00e4lvst\u00e4ndiga, divergerande, motbalanserade dragarmar ger en naturlig r\u00f6relse som minimerar belastningen p\u00e5 axellederna, samtidigt som de till\u00e5ter en l\u00e5g startvikt. Sj\u00e4lvanpassande handtag med flera grepp m\u00f6jligg\u00f6r f\u00f6r olika arm- och kroppsstorlekar. Gener\u00f6sa inbyggda viktf\u00f6rvaringsm\u00f6jligheter g\u00f6r det enkelt f\u00f6r tr\u00e4ningsentusiaster att snabbt l\u00e4gga till vikter p\u00e5 maskinen, samtidigt som det h\u00e5ller ditt gym eller tr\u00e4ningsanl\u00e4ggning organiserat och sparar utrymme.<\/p>\n<ul>\n<li>Dynamisk justering, designad f\u00f6r att ge en mer bekv\u00e4m och s\u00e4ker tr\u00e4ning baserat p\u00e5 kroppens naturliga h\u00e5llning och flexibilitet, \u00e4r essensen bakom ROC-IT\u2122-serien fr\u00e5n HOIST\u00ae.<\/li>\n<li>ROC-IT\u00ae-teknologin lyfter s\u00e4tet samtidigt som kroppen gungas bak\u00e5t, vilket efterliknar en naturlig pull-up och undviker os\u00e4ker hyperextension av nedre delen av ryggen.<\/li>\n<li>Sj\u00e4lvst\u00e4ndiga, divergerande dragarmar ger en naturlig r\u00f6relse och minimerar belastningen p\u00e5 axellederna.<\/li>\n<li>Sj\u00e4lvanpassande handtag med flera grepp m\u00f6jligg\u00f6r anpassning f\u00f6r olika kroppsstorlekar och arml\u00e4ngder.<\/li>\n<li>Motbalanserade dragarmar m\u00f6jligg\u00f6r en l\u00e5g startvikt.<\/li>\n<li>Gener\u00f6s inbyggd viktf\u00f6rvaring.<\/li>\n<\/ul>\n<div class=\"min-h-8 text-message flex w-full flex-col items-end gap-2 whitespace-normal break-words [.text-message+&amp;]:mt-5\" dir=\"auto\" data-message-author-role=\"assistant\" data-message-id=\"c091d571-dd6c-4981-b7ff-4a8eb33c35b0\" data-message-model-slug=\"gpt-4o\">\n<div class=\"flex w-full flex-col gap-1 empty:hidden first:pt-[3px]\">\n<div class=\"markdown prose w-full break-words dark:prose-invert light\"><\/div>\n<\/div>\n<\/div>\n","protected":false},"excerpt":{"rendered":"<p>HOIST\u00ae Lat Pulldown med den innovativa ROX\u2122-teknologin bygger latsmuskler samt styrka i \u00f6vre rygg och kropp p\u00e5 ett s\u00e4kert s\u00e4tt genom att efterlikna den naturliga r\u00f6relsen av en pull-up. Denna ROC-IT-enhet lyfter s\u00e4tet samtidigt som den gungar anv\u00e4ndarens kropp bak\u00e5t, vilket undviker hyperextension av nedre delen av ryggen. Sj\u00e4lvst\u00e4ndiga, divergerande, motbalanserade dragarmar ger en naturlig [&hellip;]<\/p>\n","protected":false},"featured_media":20112,"template":"","meta":{"_acf_changed":false,"inline_featured_image":false},"variation":[],"product_brand":[],"product_cat":[96,304,318,319,321],"product_tag":[301],"class_list":{"0":"post-19096","1":"product","2":"type-product","3":"status-publish","4":"has-post-thumbnail","6":"product_cat-styrkemaskiner","7":"product_cat-plate-loaded","8":"product_cat-hoist","9":"product_cat-viktmagasin","10":"product_cat-roc-it-plate-loaded","11":"product_tag-hoist-fitness","13":"first","14":"instock","15":"shipping-taxable","16":"purchasable","17":"product-type-simple"},"acf":[],"yoast_head":"<!-- This site is optimized with the Yoast SEO plugin v26.8 - https:\/\/yoast.com\/product\/yoast-seo-wordpress\/ -->\n<title>Roc-It Plate Loaded Lat Pulldown | Apirosport<\/title>\n<meta name=\"robots\" content=\"index, follow, max-snippet:-1, max-image-preview:large, max-video-preview:-1\" \/>\n<link rel=\"canonical\" href=\"https:\/\/apirosport.com\/sv\/produkt\/lat-pulldown-rpl\/\" \/>\n<meta property=\"og:locale\" content=\"sv_SE\" \/>\n<meta property=\"og:type\" content=\"article\" \/>\n<meta property=\"og:title\" content=\"Roc-It Plate Loaded Lat Pulldown | Apirosport\" \/>\n<meta property=\"og:description\" content=\"HOIST\u00ae Lat Pulldown med den innovativa ROX\u2122-teknologin bygger latsmuskler samt styrka i \u00f6vre rygg och kropp p\u00e5 ett s\u00e4kert s\u00e4tt genom att efterlikna den naturliga r\u00f6relsen av en pull-up. Denna ROC-IT-enhet lyfter s\u00e4tet samtidigt som den gungar anv\u00e4ndarens kropp bak\u00e5t, vilket undviker hyperextension av nedre delen av ryggen. Sj\u00e4lvst\u00e4ndiga, divergerande, motbalanserade dragarmar ger en naturlig [&hellip;]\" \/>\n<meta property=\"og:url\" content=\"https:\/\/apirosport.com\/sv\/produkt\/lat-pulldown-rpl\/\" \/>\n<meta property=\"og:site_name\" content=\"Apirosport\" \/>\n<meta property=\"article:modified_time\" content=\"2026-02-22T20:13:25+00:00\" \/>\n<meta property=\"og:image\" content=\"https:\/\/apirosport.com\/wp-content\/uploads\/2025\/12\/latpulldown-rpl-2.png\" \/>\n\t<meta property=\"og:image:width\" content=\"1181\" \/>\n\t<meta property=\"og:image:height\" content=\"1181\" \/>\n\t<meta property=\"og:image:type\" content=\"image\/png\" \/>\n<meta name=\"twitter:card\" content=\"summary_large_image\" \/>\n<meta name=\"twitter:title\" content=\"Apirosport\" \/>\n<meta name=\"twitter:label1\" content=\"Ber\u00e4knad l\u00e4stid\" \/>\n\t<meta name=\"twitter:data1\" content=\"1 minut\" \/>\n<script type=\"application\/ld+json\" class=\"yoast-schema-graph\">{\"@context\":\"https:\/\/schema.org\",\"@graph\":[{\"@type\":\"WebPage\",\"@id\":\"https:\/\/apirosport.com\/sv\/produkt\/lat-pulldown-rpl\/\",\"url\":\"https:\/\/apirosport.com\/sv\/produkt\/lat-pulldown-rpl\/\",\"name\":\"Roc-It Plate Loaded Lat Pulldown | Apirosport\",\"isPartOf\":{\"@id\":\"https:\/\/apirosport.com\/sv\/#website\"},\"primaryImageOfPage\":{\"@id\":\"https:\/\/apirosport.com\/sv\/produkt\/lat-pulldown-rpl\/#primaryimage\"},\"image\":{\"@id\":\"https:\/\/apirosport.com\/sv\/produkt\/lat-pulldown-rpl\/#primaryimage\"},\"thumbnailUrl\":\"https:\/\/apirosport.com\/wp-content\/uploads\/2025\/12\/latpulldown-rpl-2.png\",\"datePublished\":\"2024-10-23T14:02:01+00:00\",\"dateModified\":\"2026-02-22T20:13:25+00:00\",\"breadcrumb\":{\"@id\":\"https:\/\/apirosport.com\/sv\/produkt\/lat-pulldown-rpl\/#breadcrumb\"},\"inLanguage\":\"sv-SE\",\"potentialAction\":[{\"@type\":\"ReadAction\",\"target\":[\"https:\/\/apirosport.com\/sv\/produkt\/lat-pulldown-rpl\/\"]}]},{\"@type\":\"ImageObject\",\"inLanguage\":\"sv-SE\",\"@id\":\"https:\/\/apirosport.com\/sv\/produkt\/lat-pulldown-rpl\/#primaryimage\",\"url\":\"https:\/\/apirosport.com\/wp-content\/uploads\/2025\/12\/latpulldown-rpl-2.png\",\"contentUrl\":\"https:\/\/apirosport.com\/wp-content\/uploads\/2025\/12\/latpulldown-rpl-2.png\",\"width\":1181,\"height\":1181},{\"@type\":\"BreadcrumbList\",\"@id\":\"https:\/\/apirosport.com\/sv\/produkt\/lat-pulldown-rpl\/#breadcrumb\",\"itemListElement\":[{\"@type\":\"ListItem\",\"position\":1,\"name\":\"Home\",\"item\":\"https:\/\/apirosport.com\/sv\/\"},{\"@type\":\"ListItem\",\"position\":2,\"name\":\"Produkter\",\"item\":\"https:\/\/apirosport.com\/sv\/produkter\/\"},{\"@type\":\"ListItem\",\"position\":3,\"name\":\"Roc-It Plate Loaded Lat Pulldown\"}]},{\"@type\":\"WebSite\",\"@id\":\"https:\/\/apirosport.com\/sv\/#website\",\"url\":\"https:\/\/apirosport.com\/sv\/\",\"name\":\"Apirosport\",\"description\":\"\",\"publisher\":{\"@id\":\"https:\/\/apirosport.com\/sv\/#organization\"},\"alternateName\":\"Apirosport\",\"potentialAction\":[{\"@type\":\"SearchAction\",\"target\":{\"@type\":\"EntryPoint\",\"urlTemplate\":\"https:\/\/apirosport.com\/sv\/?s={search_term_string}\"},\"query-input\":{\"@type\":\"PropertyValueSpecification\",\"valueRequired\":true,\"valueName\":\"search_term_string\"}}],\"inLanguage\":\"sv-SE\"},{\"@type\":\"Organization\",\"@id\":\"https:\/\/apirosport.com\/sv\/#organization\",\"name\":\"Apirosport\",\"alternateName\":\"Apirosport\",\"url\":\"https:\/\/apirosport.com\/sv\/\",\"logo\":{\"@type\":\"ImageObject\",\"inLanguage\":\"sv-SE\",\"@id\":\"https:\/\/apirosport.com\/sv\/#\/schema\/logo\/image\/\",\"url\":\"https:\/\/apirosport.com\/wp-content\/uploads\/2025\/12\/Apirosport-yellow-scaled.png\",\"contentUrl\":\"https:\/\/apirosport.com\/wp-content\/uploads\/2025\/12\/Apirosport-yellow-scaled.png\",\"width\":2560,\"height\":2278,\"caption\":\"Apirosport\"},\"image\":{\"@id\":\"https:\/\/apirosport.com\/sv\/#\/schema\/logo\/image\/\"}}]}<\/script>\n<!-- \/ Yoast SEO plugin. -->","yoast_head_json":{"title":"Roc-It Plate Loaded Lat Pulldown | Apirosport","robots":{"index":"index","follow":"follow","max-snippet":"max-snippet:-1","max-image-preview":"max-image-preview:large","max-video-preview":"max-video-preview:-1"},"canonical":"https:\/\/apirosport.com\/sv\/produkt\/lat-pulldown-rpl\/","og_locale":"sv_SE","og_type":"article","og_title":"Roc-It Plate Loaded Lat Pulldown | Apirosport","og_description":"HOIST\u00ae Lat Pulldown med den innovativa ROX\u2122-teknologin bygger latsmuskler samt styrka i \u00f6vre rygg och kropp p\u00e5 ett s\u00e4kert s\u00e4tt genom att efterlikna den naturliga r\u00f6relsen av en pull-up. Denna ROC-IT-enhet lyfter s\u00e4tet samtidigt som den gungar anv\u00e4ndarens kropp bak\u00e5t, vilket undviker hyperextension av nedre delen av ryggen. Sj\u00e4lvst\u00e4ndiga, divergerande, motbalanserade dragarmar ger en naturlig [&hellip;]","og_url":"https:\/\/apirosport.com\/sv\/produkt\/lat-pulldown-rpl\/","og_site_name":"Apirosport","article_modified_time":"2026-02-22T20:13:25+00:00","og_image":[{"width":1181,"height":1181,"url":"https:\/\/apirosport.com\/wp-content\/uploads\/2025\/12\/latpulldown-rpl-2.png","type":"image\/png"}],"twitter_card":"summary_large_image","twitter_title":"Apirosport","twitter_misc":{"Ber\u00e4knad l\u00e4stid":"1 minut"},"schema":{"@context":"https:\/\/schema.org","@graph":[{"@type":"WebPage","@id":"https:\/\/apirosport.com\/sv\/produkt\/lat-pulldown-rpl\/","url":"https:\/\/apirosport.com\/sv\/produkt\/lat-pulldown-rpl\/","name":"Roc-It Plate Loaded Lat Pulldown | Apirosport","isPartOf":{"@id":"https:\/\/apirosport.com\/sv\/#website"},"primaryImageOfPage":{"@id":"https:\/\/apirosport.com\/sv\/produkt\/lat-pulldown-rpl\/#primaryimage"},"image":{"@id":"https:\/\/apirosport.com\/sv\/produkt\/lat-pulldown-rpl\/#primaryimage"},"thumbnailUrl":"https:\/\/apirosport.com\/wp-content\/uploads\/2025\/12\/latpulldown-rpl-2.png","datePublished":"2024-10-23T14:02:01+00:00","dateModified":"2026-02-22T20:13:25+00:00","breadcrumb":{"@id":"https:\/\/apirosport.com\/sv\/produkt\/lat-pulldown-rpl\/#breadcrumb"},"inLanguage":"sv-SE","potentialAction":[{"@type":"ReadAction","target":["https:\/\/apirosport.com\/sv\/produkt\/lat-pulldown-rpl\/"]}]},{"@type":"ImageObject","inLanguage":"sv-SE","@id":"https:\/\/apirosport.com\/sv\/produkt\/lat-pulldown-rpl\/#primaryimage","url":"https:\/\/apirosport.com\/wp-content\/uploads\/2025\/12\/latpulldown-rpl-2.png","contentUrl":"https:\/\/apirosport.com\/wp-content\/uploads\/2025\/12\/latpulldown-rpl-2.png","width":1181,"height":1181},{"@type":"BreadcrumbList","@id":"https:\/\/apirosport.com\/sv\/produkt\/lat-pulldown-rpl\/#breadcrumb","itemListElement":[{"@type":"ListItem","position":1,"name":"Home","item":"https:\/\/apirosport.com\/sv\/"},{"@type":"ListItem","position":2,"name":"Produkter","item":"https:\/\/apirosport.com\/sv\/produkter\/"},{"@type":"ListItem","position":3,"name":"Roc-It Plate Loaded Lat Pulldown"}]},{"@type":"WebSite","@id":"https:\/\/apirosport.com\/sv\/#website","url":"https:\/\/apirosport.com\/sv\/","name":"Apirosport","description":"","publisher":{"@id":"https:\/\/apirosport.com\/sv\/#organization"},"alternateName":"Apirosport","potentialAction":[{"@type":"SearchAction","target":{"@type":"EntryPoint","urlTemplate":"https:\/\/apirosport.com\/sv\/?s={search_term_string}"},"query-input":{"@type":"PropertyValueSpecification","valueRequired":true,"valueName":"search_term_string"}}],"inLanguage":"sv-SE"},{"@type":"Organization","@id":"https:\/\/apirosport.com\/sv\/#organization","name":"Apirosport","alternateName":"Apirosport","url":"https:\/\/apirosport.com\/sv\/","logo":{"@type":"ImageObject","inLanguage":"sv-SE","@id":"https:\/\/apirosport.com\/sv\/#\/schema\/logo\/image\/","url":"https:\/\/apirosport.com\/wp-content\/uploads\/2025\/12\/Apirosport-yellow-scaled.png","contentUrl":"https:\/\/apirosport.com\/wp-content\/uploads\/2025\/12\/Apirosport-yellow-scaled.png","width":2560,"height":2278,"caption":"Apirosport"},"image":{"@id":"https:\/\/apirosport.com\/sv\/#\/schema\/logo\/image\/"}}]}},"_links":{"self":[{"href":"https:\/\/apirosport.com\/sv\/wp-json\/wp\/v2\/product\/19096","targetHints":{"allow":["GET"]}}],"collection":[{"href":"https:\/\/apirosport.com\/sv\/wp-json\/wp\/v2\/product"}],"about":[{"href":"https:\/\/apirosport.com\/sv\/wp-json\/wp\/v2\/types\/product"}],"wp:featuredmedia":[{"embeddable":true,"href":"https:\/\/apirosport.com\/sv\/wp-json\/wp\/v2\/media\/20112"}],"wp:attachment":[{"href":"https:\/\/apirosport.com\/sv\/wp-json\/wp\/v2\/media?parent=19096"}],"wp:term":[{"taxonomy":"variation","embeddable":true,"href":"https:\/\/apirosport.com\/sv\/wp-json\/wp\/v2\/variation?post=19096"},{"taxonomy":"product_brand","embeddable":true,"href":"https:\/\/apirosport.com\/sv\/wp-json\/wp\/v2\/product_brand?post=19096"},{"taxonomy":"product_cat","embeddable":true,"href":"https:\/\/apirosport.com\/sv\/wp-json\/wp\/v2\/product_cat?post=19096"},{"taxonomy":"product_tag","embeddable":true,"href":"https:\/\/apirosport.com\/sv\/wp-json\/wp\/v2\/product_tag?post=19096"}],"curies":[{"name":"wp","href":"https:\/\/api.w.org\/{rel}","templated":true}]}}