{"id":19102,"date":"2024-10-23T14:40:47","date_gmt":"2024-10-23T14:40:47","guid":{"rendered":"https:\/\/apirosport.com\/?post_type=product&#038;p=19102"},"modified":"2026-02-22T20:12:25","modified_gmt":"2026-02-22T20:12:25","slug":"chest-press-rpl","status":"publish","type":"product","link":"https:\/\/apirosport.com\/sv\/produkt\/chest-press-rpl\/","title":{"rendered":"Roc-It Plate Loaded Chest Press"},"content":{"rendered":"<p>HOIST\u00ae Chest Press med den innovativa ROX\u2122-teknologin tar denna klassiska \u00f6vning f\u00f6r \u00f6verkroppsstyrka till n\u00e4sta niv\u00e5! Denna maskin f\u00f6ljer anv\u00e4ndaren med pressarmarna genom hela r\u00f6relsen. Sj\u00e4lvst\u00e4ndiga, konvergerande pressarmar, som \u00e4r motbalanserade, ger en naturlig r\u00f6relse som minimerar belastningen p\u00e5 axelns fr\u00e4mre kapsel samt till\u00e5ter en l\u00e5g startvikt. Formade handtag erbjuder flera greppalternativ f\u00f6r en s\u00e4ker och bekv\u00e4m tr\u00e4ning. Gener\u00f6s inbyggd viktf\u00f6rvaring g\u00f6r det enkelt f\u00f6r tr\u00e4ningsentusiaster att snabbt l\u00e4gga till vikter p\u00e5 maskinen, samtidigt som ditt gym eller tr\u00e4ningsanl\u00e4ggning h\u00e5lls prydligt och utrymme sparas.<\/p>\n<ul>\n<li>Dynamisk justering, designad f\u00f6r att erbjuda en mer bekv\u00e4m och s\u00e4ker tr\u00e4ning baserad p\u00e5 kroppens naturliga h\u00e5llning och flexibilitet, \u00e4r essensen bakom ROC-IT\u2122-serien fr\u00e5n HOIST\u00ae.<\/li>\n<li>ROC-IT\u00ae-teknologin anpassar anv\u00e4ndaren till pressarmarna genom hela r\u00f6relsen, med start d\u00e4r handtagen \u00e4r placerade i br\u00f6sth\u00f6jd och avslutning d\u00e4r handtagen \u00e4r i niv\u00e5 med hakan.<\/li>\n<li>Sj\u00e4lvst\u00e4ndiga, konvergerande pressarmar ger en naturlig r\u00f6relse och minimerar belastningen p\u00e5 axelns fr\u00e4mre kapsel.<\/li>\n<li>Motbalanserade pressarmar m\u00f6jligg\u00f6r en l\u00e5g startvikt.<\/li>\n<li>Formade pressarmhandtag erbjuder flera greppalternativ.<\/li>\n<li>Gener\u00f6s inbyggd viktf\u00f6rvaring.<\/li>\n<\/ul>\n","protected":false},"excerpt":{"rendered":"<p>HOIST\u00ae Chest Press med den innovativa ROX\u2122-teknologin tar denna klassiska \u00f6vning f\u00f6r \u00f6verkroppsstyrka till n\u00e4sta niv\u00e5! Denna maskin f\u00f6ljer anv\u00e4ndaren med pressarmarna genom hela r\u00f6relsen. Sj\u00e4lvst\u00e4ndiga, konvergerande pressarmar, som \u00e4r motbalanserade, ger en naturlig r\u00f6relse som minimerar belastningen p\u00e5 axelns fr\u00e4mre kapsel samt till\u00e5ter en l\u00e5g startvikt. Formade handtag erbjuder flera greppalternativ f\u00f6r en s\u00e4ker [&hellip;]<\/p>\n","protected":false},"featured_media":20114,"template":"","meta":{"_acf_changed":false,"inline_featured_image":false},"variation":[],"product_brand":[],"product_cat":[96,304,318,319,322],"product_tag":[301],"class_list":{"0":"post-19102","1":"product","2":"type-product","3":"status-publish","4":"has-post-thumbnail","6":"product_cat-styrkemaskiner","7":"product_cat-plate-loaded","8":"product_cat-hoist","9":"product_cat-viktmagasin","10":"product_cat-roc-it-selectorized","11":"product_tag-hoist-fitness","13":"first","14":"instock","15":"shipping-taxable","16":"purchasable","17":"product-type-simple"},"acf":[],"yoast_head":"<!-- This site is optimized with the Yoast SEO plugin v26.8 - https:\/\/yoast.com\/product\/yoast-seo-wordpress\/ -->\n<title>Roc-It Plate Loaded Chest Press | Apirosport<\/title>\n<meta name=\"robots\" content=\"index, follow, max-snippet:-1, max-image-preview:large, max-video-preview:-1\" \/>\n<link rel=\"canonical\" href=\"https:\/\/apirosport.com\/sv\/produkt\/chest-press-rpl\/\" \/>\n<meta property=\"og:locale\" content=\"sv_SE\" \/>\n<meta property=\"og:type\" content=\"article\" \/>\n<meta property=\"og:title\" content=\"Roc-It Plate Loaded Chest Press | Apirosport\" \/>\n<meta property=\"og:description\" content=\"HOIST\u00ae Chest Press med den innovativa ROX\u2122-teknologin tar denna klassiska \u00f6vning f\u00f6r \u00f6verkroppsstyrka till n\u00e4sta niv\u00e5! Denna maskin f\u00f6ljer anv\u00e4ndaren med pressarmarna genom hela r\u00f6relsen. Sj\u00e4lvst\u00e4ndiga, konvergerande pressarmar, som \u00e4r motbalanserade, ger en naturlig r\u00f6relse som minimerar belastningen p\u00e5 axelns fr\u00e4mre kapsel samt till\u00e5ter en l\u00e5g startvikt. Formade handtag erbjuder flera greppalternativ f\u00f6r en s\u00e4ker [&hellip;]\" \/>\n<meta property=\"og:url\" content=\"https:\/\/apirosport.com\/sv\/produkt\/chest-press-rpl\/\" \/>\n<meta property=\"og:site_name\" content=\"Apirosport\" \/>\n<meta property=\"article:modified_time\" content=\"2026-02-22T20:12:25+00:00\" \/>\n<meta property=\"og:image\" content=\"https:\/\/apirosport.com\/wp-content\/uploads\/2025\/12\/chestpress-rpl-2.png\" \/>\n\t<meta property=\"og:image:width\" content=\"1181\" \/>\n\t<meta property=\"og:image:height\" content=\"1181\" \/>\n\t<meta property=\"og:image:type\" content=\"image\/png\" \/>\n<meta name=\"twitter:card\" content=\"summary_large_image\" \/>\n<meta name=\"twitter:title\" content=\"Apirosport\" \/>\n<meta name=\"twitter:label1\" content=\"Ber\u00e4knad l\u00e4stid\" \/>\n\t<meta name=\"twitter:data1\" content=\"1 minut\" \/>\n<script type=\"application\/ld+json\" class=\"yoast-schema-graph\">{\"@context\":\"https:\/\/schema.org\",\"@graph\":[{\"@type\":\"WebPage\",\"@id\":\"https:\/\/apirosport.com\/sv\/produkt\/chest-press-rpl\/\",\"url\":\"https:\/\/apirosport.com\/sv\/produkt\/chest-press-rpl\/\",\"name\":\"Roc-It Plate Loaded Chest Press | Apirosport\",\"isPartOf\":{\"@id\":\"https:\/\/apirosport.com\/sv\/#website\"},\"primaryImageOfPage\":{\"@id\":\"https:\/\/apirosport.com\/sv\/produkt\/chest-press-rpl\/#primaryimage\"},\"image\":{\"@id\":\"https:\/\/apirosport.com\/sv\/produkt\/chest-press-rpl\/#primaryimage\"},\"thumbnailUrl\":\"https:\/\/apirosport.com\/wp-content\/uploads\/2025\/12\/chestpress-rpl-2.png\",\"datePublished\":\"2024-10-23T14:40:47+00:00\",\"dateModified\":\"2026-02-22T20:12:25+00:00\",\"breadcrumb\":{\"@id\":\"https:\/\/apirosport.com\/sv\/produkt\/chest-press-rpl\/#breadcrumb\"},\"inLanguage\":\"sv-SE\",\"potentialAction\":[{\"@type\":\"ReadAction\",\"target\":[\"https:\/\/apirosport.com\/sv\/produkt\/chest-press-rpl\/\"]}]},{\"@type\":\"ImageObject\",\"inLanguage\":\"sv-SE\",\"@id\":\"https:\/\/apirosport.com\/sv\/produkt\/chest-press-rpl\/#primaryimage\",\"url\":\"https:\/\/apirosport.com\/wp-content\/uploads\/2025\/12\/chestpress-rpl-2.png\",\"contentUrl\":\"https:\/\/apirosport.com\/wp-content\/uploads\/2025\/12\/chestpress-rpl-2.png\",\"width\":1181,\"height\":1181},{\"@type\":\"BreadcrumbList\",\"@id\":\"https:\/\/apirosport.com\/sv\/produkt\/chest-press-rpl\/#breadcrumb\",\"itemListElement\":[{\"@type\":\"ListItem\",\"position\":1,\"name\":\"Home\",\"item\":\"https:\/\/apirosport.com\/sv\/\"},{\"@type\":\"ListItem\",\"position\":2,\"name\":\"Butik\",\"item\":\"https:\/\/apirosport.com\/products\/\"},{\"@type\":\"ListItem\",\"position\":3,\"name\":\"Roc-It Plate Loaded Chest Press\"}]},{\"@type\":\"WebSite\",\"@id\":\"https:\/\/apirosport.com\/sv\/#website\",\"url\":\"https:\/\/apirosport.com\/sv\/\",\"name\":\"Apirosport\",\"description\":\"\",\"publisher\":{\"@id\":\"https:\/\/apirosport.com\/sv\/#organization\"},\"alternateName\":\"Apirosport\",\"potentialAction\":[{\"@type\":\"SearchAction\",\"target\":{\"@type\":\"EntryPoint\",\"urlTemplate\":\"https:\/\/apirosport.com\/sv\/?s={search_term_string}\"},\"query-input\":{\"@type\":\"PropertyValueSpecification\",\"valueRequired\":true,\"valueName\":\"search_term_string\"}}],\"inLanguage\":\"sv-SE\"},{\"@type\":\"Organization\",\"@id\":\"https:\/\/apirosport.com\/sv\/#organization\",\"name\":\"Apirosport\",\"alternateName\":\"Apirosport\",\"url\":\"https:\/\/apirosport.com\/sv\/\",\"logo\":{\"@type\":\"ImageObject\",\"inLanguage\":\"sv-SE\",\"@id\":\"https:\/\/apirosport.com\/sv\/#\/schema\/logo\/image\/\",\"url\":\"https:\/\/apirosport.com\/wp-content\/uploads\/2025\/12\/Apirosport-yellow-scaled.png\",\"contentUrl\":\"https:\/\/apirosport.com\/wp-content\/uploads\/2025\/12\/Apirosport-yellow-scaled.png\",\"width\":2560,\"height\":2278,\"caption\":\"Apirosport\"},\"image\":{\"@id\":\"https:\/\/apirosport.com\/sv\/#\/schema\/logo\/image\/\"}}]}<\/script>\n<!-- \/ Yoast SEO plugin. -->","yoast_head_json":{"title":"Roc-It Plate Loaded Chest Press | Apirosport","robots":{"index":"index","follow":"follow","max-snippet":"max-snippet:-1","max-image-preview":"max-image-preview:large","max-video-preview":"max-video-preview:-1"},"canonical":"https:\/\/apirosport.com\/sv\/produkt\/chest-press-rpl\/","og_locale":"sv_SE","og_type":"article","og_title":"Roc-It Plate Loaded Chest Press | Apirosport","og_description":"HOIST\u00ae Chest Press med den innovativa ROX\u2122-teknologin tar denna klassiska \u00f6vning f\u00f6r \u00f6verkroppsstyrka till n\u00e4sta niv\u00e5! Denna maskin f\u00f6ljer anv\u00e4ndaren med pressarmarna genom hela r\u00f6relsen. Sj\u00e4lvst\u00e4ndiga, konvergerande pressarmar, som \u00e4r motbalanserade, ger en naturlig r\u00f6relse som minimerar belastningen p\u00e5 axelns fr\u00e4mre kapsel samt till\u00e5ter en l\u00e5g startvikt. Formade handtag erbjuder flera greppalternativ f\u00f6r en s\u00e4ker [&hellip;]","og_url":"https:\/\/apirosport.com\/sv\/produkt\/chest-press-rpl\/","og_site_name":"Apirosport","article_modified_time":"2026-02-22T20:12:25+00:00","og_image":[{"width":1181,"height":1181,"url":"https:\/\/apirosport.com\/wp-content\/uploads\/2025\/12\/chestpress-rpl-2.png","type":"image\/png"}],"twitter_card":"summary_large_image","twitter_title":"Apirosport","twitter_misc":{"Ber\u00e4knad l\u00e4stid":"1 minut"},"schema":{"@context":"https:\/\/schema.org","@graph":[{"@type":"WebPage","@id":"https:\/\/apirosport.com\/sv\/produkt\/chest-press-rpl\/","url":"https:\/\/apirosport.com\/sv\/produkt\/chest-press-rpl\/","name":"Roc-It Plate Loaded Chest Press | Apirosport","isPartOf":{"@id":"https:\/\/apirosport.com\/sv\/#website"},"primaryImageOfPage":{"@id":"https:\/\/apirosport.com\/sv\/produkt\/chest-press-rpl\/#primaryimage"},"image":{"@id":"https:\/\/apirosport.com\/sv\/produkt\/chest-press-rpl\/#primaryimage"},"thumbnailUrl":"https:\/\/apirosport.com\/wp-content\/uploads\/2025\/12\/chestpress-rpl-2.png","datePublished":"2024-10-23T14:40:47+00:00","dateModified":"2026-02-22T20:12:25+00:00","breadcrumb":{"@id":"https:\/\/apirosport.com\/sv\/produkt\/chest-press-rpl\/#breadcrumb"},"inLanguage":"sv-SE","potentialAction":[{"@type":"ReadAction","target":["https:\/\/apirosport.com\/sv\/produkt\/chest-press-rpl\/"]}]},{"@type":"ImageObject","inLanguage":"sv-SE","@id":"https:\/\/apirosport.com\/sv\/produkt\/chest-press-rpl\/#primaryimage","url":"https:\/\/apirosport.com\/wp-content\/uploads\/2025\/12\/chestpress-rpl-2.png","contentUrl":"https:\/\/apirosport.com\/wp-content\/uploads\/2025\/12\/chestpress-rpl-2.png","width":1181,"height":1181},{"@type":"BreadcrumbList","@id":"https:\/\/apirosport.com\/sv\/produkt\/chest-press-rpl\/#breadcrumb","itemListElement":[{"@type":"ListItem","position":1,"name":"Home","item":"https:\/\/apirosport.com\/sv\/"},{"@type":"ListItem","position":2,"name":"Butik","item":"https:\/\/apirosport.com\/products\/"},{"@type":"ListItem","position":3,"name":"Roc-It Plate Loaded Chest Press"}]},{"@type":"WebSite","@id":"https:\/\/apirosport.com\/sv\/#website","url":"https:\/\/apirosport.com\/sv\/","name":"Apirosport","description":"","publisher":{"@id":"https:\/\/apirosport.com\/sv\/#organization"},"alternateName":"Apirosport","potentialAction":[{"@type":"SearchAction","target":{"@type":"EntryPoint","urlTemplate":"https:\/\/apirosport.com\/sv\/?s={search_term_string}"},"query-input":{"@type":"PropertyValueSpecification","valueRequired":true,"valueName":"search_term_string"}}],"inLanguage":"sv-SE"},{"@type":"Organization","@id":"https:\/\/apirosport.com\/sv\/#organization","name":"Apirosport","alternateName":"Apirosport","url":"https:\/\/apirosport.com\/sv\/","logo":{"@type":"ImageObject","inLanguage":"sv-SE","@id":"https:\/\/apirosport.com\/sv\/#\/schema\/logo\/image\/","url":"https:\/\/apirosport.com\/wp-content\/uploads\/2025\/12\/Apirosport-yellow-scaled.png","contentUrl":"https:\/\/apirosport.com\/wp-content\/uploads\/2025\/12\/Apirosport-yellow-scaled.png","width":2560,"height":2278,"caption":"Apirosport"},"image":{"@id":"https:\/\/apirosport.com\/sv\/#\/schema\/logo\/image\/"}}]}},"_links":{"self":[{"href":"https:\/\/apirosport.com\/sv\/wp-json\/wp\/v2\/product\/19102","targetHints":{"allow":["GET"]}}],"collection":[{"href":"https:\/\/apirosport.com\/sv\/wp-json\/wp\/v2\/product"}],"about":[{"href":"https:\/\/apirosport.com\/sv\/wp-json\/wp\/v2\/types\/product"}],"wp:featuredmedia":[{"embeddable":true,"href":"https:\/\/apirosport.com\/sv\/wp-json\/wp\/v2\/media\/20114"}],"wp:attachment":[{"href":"https:\/\/apirosport.com\/sv\/wp-json\/wp\/v2\/media?parent=19102"}],"wp:term":[{"taxonomy":"variation","embeddable":true,"href":"https:\/\/apirosport.com\/sv\/wp-json\/wp\/v2\/variation?post=19102"},{"taxonomy":"product_brand","embeddable":true,"href":"https:\/\/apirosport.com\/sv\/wp-json\/wp\/v2\/product_brand?post=19102"},{"taxonomy":"product_cat","embeddable":true,"href":"https:\/\/apirosport.com\/sv\/wp-json\/wp\/v2\/product_cat?post=19102"},{"taxonomy":"product_tag","embeddable":true,"href":"https:\/\/apirosport.com\/sv\/wp-json\/wp\/v2\/product_tag?post=19102"}],"curies":[{"name":"wp","href":"https:\/\/api.w.org\/{rel}","templated":true}]}}