{"id":19114,"date":"2024-10-24T10:25:50","date_gmt":"2024-10-24T10:25:50","guid":{"rendered":"https:\/\/apirosport.com\/?post_type=product&#038;p=19114"},"modified":"2026-02-22T20:10:41","modified_gmt":"2026-02-22T20:10:41","slug":"dual-action-leg-press-rpl","status":"publish","type":"product","link":"https:\/\/apirosport.com\/sv\/produkt\/dual-action-leg-press-rpl\/","title":{"rendered":"Roc-It Plate Loaded Dual Action Leg Press"},"content":{"rendered":"<div class=\"flex-1 overflow-hidden\">\n<div class=\"h-full\">\n<div class=\"react-scroll-to-bottom--css-yfnqy-79elbk h-full\">\n<div class=\"react-scroll-to-bottom--css-yfnqy-1n7m0yu\">\n<div class=\"flex flex-col text-sm md:pb-9\">\n<article class=\"w-full text-token-text-primary focus-visible:outline-2 focus-visible:outline-offset-[-4px]\" dir=\"auto\" data-testid=\"conversation-turn-23\" data-scroll-anchor=\"true\">\n<div class=\"m-auto text-base py-[18px] px-3 md:px-4 w-full md:px-5 lg:px-4 xl:px-5\">\n<div class=\"mx-auto flex flex-1 gap-4 text-base md:gap-5 lg:gap-6 md:max-w-3xl lg:max-w-[40rem] xl:max-w-[48rem]\">\n<div class=\"group\/conversation-turn relative flex w-full min-w-0 flex-col agent-turn\">\n<div class=\"flex-col gap-1 md:gap-3\">\n<div class=\"flex max-w-full flex-col flex-grow\">\n<div class=\"min-h-8 text-message flex w-full flex-col items-end gap-2 whitespace-normal break-words [.text-message+&amp;]:mt-5\" dir=\"auto\" data-message-author-role=\"assistant\" data-message-id=\"f0e77824-9dd8-4fb5-b14d-e5ee07643ece\" data-message-model-slug=\"gpt-4o\">\n<div class=\"flex w-full flex-col gap-1 empty:hidden first:pt-[3px]\">\n<div class=\"markdown prose w-full break-words dark:prose-invert light\">\n<p>HOIST\u00ae Dual Action Leg Press med den innovativa ROX\u2122-teknologin anv\u00e4nder en dubbelr\u00f6relse som samtidigt flyttar b\u00e5de anv\u00e4ndarst\u00f6d och fotplatta f\u00f6r en mer effektiv och m\u00e5linriktad tr\u00e4ning av quadriceps, hamstrings och vadmuskler. En bred och extra stor fotplatta ger tr\u00e4ningsentusiaster flera fotplaceringsalternativ f\u00f6r att maximera benpress- och vad\u00f6vningar. Justerbara axelkuddar anpassas bekv\u00e4mt f\u00f6r en rad olika kroppsh\u00f6jder och storlekar, vilket ger en s\u00e4ker och bekv\u00e4m tr\u00e4ning. En anv\u00e4ndarv\u00e4nlig l\u00e5smekanism frig\u00f6rs automatiskt vid starten av \u00f6vningen.<\/p>\n<p>Dynamisk justering, designad f\u00f6r att erbjuda en mer bekv\u00e4m och s\u00e4ker tr\u00e4ning baserad p\u00e5 kroppens naturliga h\u00e5llning och flexibilitet, \u00e4r essensen bakom ROC-IT\u2122-serien fr\u00e5n HOIST\u00ae.<\/p>\n<ul>\n<li>ROC-IT\u00ae-teknologin skapar en dubbelr\u00f6relse som samtidigt flyttar anv\u00e4ndarst\u00f6d och fotplatta medan den bibeh\u00e5ller kroppens inriktning.<\/li>\n<li>Justerbara axelkuddar anpassas f\u00f6r en rad olika kroppsstorlekar.<\/li>\n<li>L\u00e4ttanv\u00e4nd l\u00e5smekanism som automatiskt frig\u00f6rs vid starten av \u00f6vningen.<\/li>\n<li>Den extra stora fotplattan erbjuder flera fotplaceringar f\u00f6r b\u00e5de benpress- och vad\u00f6vningar.<\/li>\n<\/ul>\n<\/div>\n<\/div>\n<\/div>\n<\/div>\n<\/div>\n<\/div>\n<\/div>\n<\/div>\n<\/article>\n<\/div>\n<\/div>\n<\/div>\n<\/div>\n<\/div>\n","protected":false},"excerpt":{"rendered":"<p>HOIST\u00ae Dual Action Leg Press med den innovativa ROX\u2122-teknologin anv\u00e4nder en dubbelr\u00f6relse som samtidigt flyttar b\u00e5de anv\u00e4ndarst\u00f6d och fotplatta f\u00f6r en mer effektiv och m\u00e5linriktad tr\u00e4ning av quadriceps, hamstrings och vadmuskler. En bred och extra stor fotplatta ger tr\u00e4ningsentusiaster flera fotplaceringsalternativ f\u00f6r att maximera benpress- och vad\u00f6vningar. Justerbara axelkuddar anpassas bekv\u00e4mt f\u00f6r en rad olika [&hellip;]<\/p>\n","protected":false},"featured_media":20118,"template":"","meta":{"_acf_changed":false,"inline_featured_image":false},"variation":[],"product_brand":[],"product_cat":[96,304,318,319,321],"product_tag":[301],"class_list":{"0":"post-19114","1":"product","2":"type-product","3":"status-publish","4":"has-post-thumbnail","6":"product_cat-styrkemaskiner","7":"product_cat-plate-loaded","8":"product_cat-hoist","9":"product_cat-viktmagasin","10":"product_cat-roc-it-plate-loaded","11":"product_tag-hoist-fitness","13":"first","14":"instock","15":"shipping-taxable","16":"purchasable","17":"product-type-simple"},"acf":[],"yoast_head":"<!-- This site is optimized with the Yoast SEO plugin v26.8 - https:\/\/yoast.com\/product\/yoast-seo-wordpress\/ -->\n<title>Roc-It Plate Loaded Dual Action Leg Press | Apirosport<\/title>\n<meta name=\"robots\" content=\"index, follow, max-snippet:-1, max-image-preview:large, max-video-preview:-1\" \/>\n<link rel=\"canonical\" href=\"https:\/\/apirosport.com\/sv\/produkt\/dual-action-leg-press-rpl\/\" \/>\n<meta property=\"og:locale\" content=\"sv_SE\" \/>\n<meta property=\"og:type\" content=\"article\" \/>\n<meta property=\"og:title\" content=\"Roc-It Plate Loaded Dual Action Leg Press | Apirosport\" \/>\n<meta property=\"og:description\" content=\"HOIST\u00ae Dual Action Leg Press med den innovativa ROX\u2122-teknologin anv\u00e4nder en dubbelr\u00f6relse som samtidigt flyttar b\u00e5de anv\u00e4ndarst\u00f6d och fotplatta f\u00f6r en mer effektiv och m\u00e5linriktad tr\u00e4ning av quadriceps, hamstrings och vadmuskler. En bred och extra stor fotplatta ger tr\u00e4ningsentusiaster flera fotplaceringsalternativ f\u00f6r att maximera benpress- och vad\u00f6vningar. Justerbara axelkuddar anpassas bekv\u00e4mt f\u00f6r en rad olika [&hellip;]\" \/>\n<meta property=\"og:url\" content=\"https:\/\/apirosport.com\/sv\/produkt\/dual-action-leg-press-rpl\/\" \/>\n<meta property=\"og:site_name\" content=\"Apirosport\" \/>\n<meta property=\"article:modified_time\" content=\"2026-02-22T20:10:41+00:00\" \/>\n<meta property=\"og:image\" content=\"https:\/\/apirosport.com\/wp-content\/uploads\/2025\/12\/dualactionlegpress-rpl-2.png\" \/>\n\t<meta property=\"og:image:width\" content=\"1181\" \/>\n\t<meta property=\"og:image:height\" content=\"1181\" \/>\n\t<meta property=\"og:image:type\" content=\"image\/png\" \/>\n<meta name=\"twitter:card\" content=\"summary_large_image\" \/>\n<meta name=\"twitter:title\" content=\"Apirosport\" \/>\n<meta name=\"twitter:label1\" content=\"Ber\u00e4knad l\u00e4stid\" \/>\n\t<meta name=\"twitter:data1\" content=\"1 minut\" \/>\n<script type=\"application\/ld+json\" class=\"yoast-schema-graph\">{\"@context\":\"https:\/\/schema.org\",\"@graph\":[{\"@type\":\"WebPage\",\"@id\":\"https:\/\/apirosport.com\/sv\/produkt\/dual-action-leg-press-rpl\/\",\"url\":\"https:\/\/apirosport.com\/sv\/produkt\/dual-action-leg-press-rpl\/\",\"name\":\"Roc-It Plate Loaded Dual Action Leg Press | Apirosport\",\"isPartOf\":{\"@id\":\"https:\/\/apirosport.com\/sv\/#website\"},\"primaryImageOfPage\":{\"@id\":\"https:\/\/apirosport.com\/sv\/produkt\/dual-action-leg-press-rpl\/#primaryimage\"},\"image\":{\"@id\":\"https:\/\/apirosport.com\/sv\/produkt\/dual-action-leg-press-rpl\/#primaryimage\"},\"thumbnailUrl\":\"https:\/\/apirosport.com\/wp-content\/uploads\/2025\/12\/dualactionlegpress-rpl-2.png\",\"datePublished\":\"2024-10-24T10:25:50+00:00\",\"dateModified\":\"2026-02-22T20:10:41+00:00\",\"breadcrumb\":{\"@id\":\"https:\/\/apirosport.com\/sv\/produkt\/dual-action-leg-press-rpl\/#breadcrumb\"},\"inLanguage\":\"sv-SE\",\"potentialAction\":[{\"@type\":\"ReadAction\",\"target\":[\"https:\/\/apirosport.com\/sv\/produkt\/dual-action-leg-press-rpl\/\"]}]},{\"@type\":\"ImageObject\",\"inLanguage\":\"sv-SE\",\"@id\":\"https:\/\/apirosport.com\/sv\/produkt\/dual-action-leg-press-rpl\/#primaryimage\",\"url\":\"https:\/\/apirosport.com\/wp-content\/uploads\/2025\/12\/dualactionlegpress-rpl-2.png\",\"contentUrl\":\"https:\/\/apirosport.com\/wp-content\/uploads\/2025\/12\/dualactionlegpress-rpl-2.png\",\"width\":1181,\"height\":1181},{\"@type\":\"BreadcrumbList\",\"@id\":\"https:\/\/apirosport.com\/sv\/produkt\/dual-action-leg-press-rpl\/#breadcrumb\",\"itemListElement\":[{\"@type\":\"ListItem\",\"position\":1,\"name\":\"Home\",\"item\":\"https:\/\/apirosport.com\/sv\/\"},{\"@type\":\"ListItem\",\"position\":2,\"name\":\"Produkter\",\"item\":\"https:\/\/apirosport.com\/sv\/produkter\/\"},{\"@type\":\"ListItem\",\"position\":3,\"name\":\"Roc-It Plate Loaded Dual Action Leg Press\"}]},{\"@type\":\"WebSite\",\"@id\":\"https:\/\/apirosport.com\/sv\/#website\",\"url\":\"https:\/\/apirosport.com\/sv\/\",\"name\":\"Apirosport\",\"description\":\"\",\"publisher\":{\"@id\":\"https:\/\/apirosport.com\/sv\/#organization\"},\"alternateName\":\"Apirosport\",\"potentialAction\":[{\"@type\":\"SearchAction\",\"target\":{\"@type\":\"EntryPoint\",\"urlTemplate\":\"https:\/\/apirosport.com\/sv\/?s={search_term_string}\"},\"query-input\":{\"@type\":\"PropertyValueSpecification\",\"valueRequired\":true,\"valueName\":\"search_term_string\"}}],\"inLanguage\":\"sv-SE\"},{\"@type\":\"Organization\",\"@id\":\"https:\/\/apirosport.com\/sv\/#organization\",\"name\":\"Apirosport\",\"alternateName\":\"Apirosport\",\"url\":\"https:\/\/apirosport.com\/sv\/\",\"logo\":{\"@type\":\"ImageObject\",\"inLanguage\":\"sv-SE\",\"@id\":\"https:\/\/apirosport.com\/sv\/#\/schema\/logo\/image\/\",\"url\":\"https:\/\/apirosport.com\/wp-content\/uploads\/2025\/12\/Apirosport-yellow-scaled.png\",\"contentUrl\":\"https:\/\/apirosport.com\/wp-content\/uploads\/2025\/12\/Apirosport-yellow-scaled.png\",\"width\":2560,\"height\":2278,\"caption\":\"Apirosport\"},\"image\":{\"@id\":\"https:\/\/apirosport.com\/sv\/#\/schema\/logo\/image\/\"}}]}<\/script>\n<!-- \/ Yoast SEO plugin. -->","yoast_head_json":{"title":"Roc-It Plate Loaded Dual Action Leg Press | Apirosport","robots":{"index":"index","follow":"follow","max-snippet":"max-snippet:-1","max-image-preview":"max-image-preview:large","max-video-preview":"max-video-preview:-1"},"canonical":"https:\/\/apirosport.com\/sv\/produkt\/dual-action-leg-press-rpl\/","og_locale":"sv_SE","og_type":"article","og_title":"Roc-It Plate Loaded Dual Action Leg Press | Apirosport","og_description":"HOIST\u00ae Dual Action Leg Press med den innovativa ROX\u2122-teknologin anv\u00e4nder en dubbelr\u00f6relse som samtidigt flyttar b\u00e5de anv\u00e4ndarst\u00f6d och fotplatta f\u00f6r en mer effektiv och m\u00e5linriktad tr\u00e4ning av quadriceps, hamstrings och vadmuskler. En bred och extra stor fotplatta ger tr\u00e4ningsentusiaster flera fotplaceringsalternativ f\u00f6r att maximera benpress- och vad\u00f6vningar. Justerbara axelkuddar anpassas bekv\u00e4mt f\u00f6r en rad olika [&hellip;]","og_url":"https:\/\/apirosport.com\/sv\/produkt\/dual-action-leg-press-rpl\/","og_site_name":"Apirosport","article_modified_time":"2026-02-22T20:10:41+00:00","og_image":[{"width":1181,"height":1181,"url":"https:\/\/apirosport.com\/wp-content\/uploads\/2025\/12\/dualactionlegpress-rpl-2.png","type":"image\/png"}],"twitter_card":"summary_large_image","twitter_title":"Apirosport","twitter_misc":{"Ber\u00e4knad l\u00e4stid":"1 minut"},"schema":{"@context":"https:\/\/schema.org","@graph":[{"@type":"WebPage","@id":"https:\/\/apirosport.com\/sv\/produkt\/dual-action-leg-press-rpl\/","url":"https:\/\/apirosport.com\/sv\/produkt\/dual-action-leg-press-rpl\/","name":"Roc-It Plate Loaded Dual Action Leg Press | Apirosport","isPartOf":{"@id":"https:\/\/apirosport.com\/sv\/#website"},"primaryImageOfPage":{"@id":"https:\/\/apirosport.com\/sv\/produkt\/dual-action-leg-press-rpl\/#primaryimage"},"image":{"@id":"https:\/\/apirosport.com\/sv\/produkt\/dual-action-leg-press-rpl\/#primaryimage"},"thumbnailUrl":"https:\/\/apirosport.com\/wp-content\/uploads\/2025\/12\/dualactionlegpress-rpl-2.png","datePublished":"2024-10-24T10:25:50+00:00","dateModified":"2026-02-22T20:10:41+00:00","breadcrumb":{"@id":"https:\/\/apirosport.com\/sv\/produkt\/dual-action-leg-press-rpl\/#breadcrumb"},"inLanguage":"sv-SE","potentialAction":[{"@type":"ReadAction","target":["https:\/\/apirosport.com\/sv\/produkt\/dual-action-leg-press-rpl\/"]}]},{"@type":"ImageObject","inLanguage":"sv-SE","@id":"https:\/\/apirosport.com\/sv\/produkt\/dual-action-leg-press-rpl\/#primaryimage","url":"https:\/\/apirosport.com\/wp-content\/uploads\/2025\/12\/dualactionlegpress-rpl-2.png","contentUrl":"https:\/\/apirosport.com\/wp-content\/uploads\/2025\/12\/dualactionlegpress-rpl-2.png","width":1181,"height":1181},{"@type":"BreadcrumbList","@id":"https:\/\/apirosport.com\/sv\/produkt\/dual-action-leg-press-rpl\/#breadcrumb","itemListElement":[{"@type":"ListItem","position":1,"name":"Home","item":"https:\/\/apirosport.com\/sv\/"},{"@type":"ListItem","position":2,"name":"Produkter","item":"https:\/\/apirosport.com\/sv\/produkter\/"},{"@type":"ListItem","position":3,"name":"Roc-It Plate Loaded Dual Action Leg Press"}]},{"@type":"WebSite","@id":"https:\/\/apirosport.com\/sv\/#website","url":"https:\/\/apirosport.com\/sv\/","name":"Apirosport","description":"","publisher":{"@id":"https:\/\/apirosport.com\/sv\/#organization"},"alternateName":"Apirosport","potentialAction":[{"@type":"SearchAction","target":{"@type":"EntryPoint","urlTemplate":"https:\/\/apirosport.com\/sv\/?s={search_term_string}"},"query-input":{"@type":"PropertyValueSpecification","valueRequired":true,"valueName":"search_term_string"}}],"inLanguage":"sv-SE"},{"@type":"Organization","@id":"https:\/\/apirosport.com\/sv\/#organization","name":"Apirosport","alternateName":"Apirosport","url":"https:\/\/apirosport.com\/sv\/","logo":{"@type":"ImageObject","inLanguage":"sv-SE","@id":"https:\/\/apirosport.com\/sv\/#\/schema\/logo\/image\/","url":"https:\/\/apirosport.com\/wp-content\/uploads\/2025\/12\/Apirosport-yellow-scaled.png","contentUrl":"https:\/\/apirosport.com\/wp-content\/uploads\/2025\/12\/Apirosport-yellow-scaled.png","width":2560,"height":2278,"caption":"Apirosport"},"image":{"@id":"https:\/\/apirosport.com\/sv\/#\/schema\/logo\/image\/"}}]}},"_links":{"self":[{"href":"https:\/\/apirosport.com\/sv\/wp-json\/wp\/v2\/product\/19114","targetHints":{"allow":["GET"]}}],"collection":[{"href":"https:\/\/apirosport.com\/sv\/wp-json\/wp\/v2\/product"}],"about":[{"href":"https:\/\/apirosport.com\/sv\/wp-json\/wp\/v2\/types\/product"}],"wp:featuredmedia":[{"embeddable":true,"href":"https:\/\/apirosport.com\/sv\/wp-json\/wp\/v2\/media\/20118"}],"wp:attachment":[{"href":"https:\/\/apirosport.com\/sv\/wp-json\/wp\/v2\/media?parent=19114"}],"wp:term":[{"taxonomy":"variation","embeddable":true,"href":"https:\/\/apirosport.com\/sv\/wp-json\/wp\/v2\/variation?post=19114"},{"taxonomy":"product_brand","embeddable":true,"href":"https:\/\/apirosport.com\/sv\/wp-json\/wp\/v2\/product_brand?post=19114"},{"taxonomy":"product_cat","embeddable":true,"href":"https:\/\/apirosport.com\/sv\/wp-json\/wp\/v2\/product_cat?post=19114"},{"taxonomy":"product_tag","embeddable":true,"href":"https:\/\/apirosport.com\/sv\/wp-json\/wp\/v2\/product_tag?post=19114"}],"curies":[{"name":"wp","href":"https:\/\/api.w.org\/{rel}","templated":true}]}}