{"id":19119,"date":"2024-10-24T11:21:37","date_gmt":"2024-10-24T11:21:37","guid":{"rendered":"https:\/\/apirosport.com\/?post_type=product&#038;p=19119"},"modified":"2026-02-22T20:10:14","modified_gmt":"2026-02-22T20:10:14","slug":"standing-calf-raise-rpl","status":"publish","type":"product","link":"https:\/\/apirosport.com\/sv\/produkt\/standing-calf-raise-rpl\/","title":{"rendered":"Roc-It Plate Loaded Standing Calf Raise"},"content":{"rendered":"<div class=\"flex-1 overflow-hidden\">\n<div class=\"h-full\">\n<div class=\"react-scroll-to-bottom--css-yfnqy-79elbk h-full\">\n<div class=\"react-scroll-to-bottom--css-yfnqy-1n7m0yu\">\n<div class=\"flex flex-col text-sm md:pb-9\">\n<article class=\"w-full text-token-text-primary focus-visible:outline-2 focus-visible:outline-offset-[-4px]\" dir=\"auto\" data-testid=\"conversation-turn-23\" data-scroll-anchor=\"true\">\n<div class=\"m-auto text-base py-[18px] px-3 md:px-4 w-full md:px-5 lg:px-4 xl:px-5\">\n<div class=\"mx-auto flex flex-1 gap-4 text-base md:gap-5 lg:gap-6 md:max-w-3xl lg:max-w-[40rem] xl:max-w-[48rem]\">\n<div class=\"group\/conversation-turn relative flex w-full min-w-0 flex-col agent-turn\">\n<div class=\"flex-col gap-1 md:gap-3\">\n<div class=\"flex max-w-full flex-col flex-grow\">\n<div class=\"min-h-8 text-message flex w-full flex-col items-end gap-2 whitespace-normal break-words [.text-message+&amp;]:mt-5\" dir=\"auto\" data-message-author-role=\"assistant\" data-message-id=\"f0e77824-9dd8-4fb5-b14d-e5ee07643ece\" data-message-model-slug=\"gpt-4o\">\n<div class=\"flex w-full flex-col gap-1 empty:hidden first:pt-[3px]\">\n<div class=\"markdown prose w-full break-words dark:prose-invert light\">\n<p>HOIST\u00ae Standing Calf Raise med den innovativa ROX\u2122-teknologin har roterande, vinklade fotplattor som isolerar \u00f6vningen till fotleds- och vadmusklerna. Denna fokuserade r\u00f6relse skapar mer dorsalflexion, vilket minskar \u00f6verdriven belastning p\u00e5 framfoten. Roterande, justerbara axelkuddar anpassas bekv\u00e4mt f\u00f6r en rad olika kroppsh\u00f6jder och storlekar. Gener\u00f6s inbyggd viktf\u00f6rvaring g\u00f6r det enkelt f\u00f6r tr\u00e4ningsentusiaster att snabbt l\u00e4gga till vikter p\u00e5 maskinen, samtidigt som gymmet eller tr\u00e4ningsanl\u00e4ggningen h\u00e5lls organiserad och sparar utrymme.<\/p>\n<p>Dynamisk justering, designad f\u00f6r att erbjuda en mer bekv\u00e4m och s\u00e4ker tr\u00e4ning baserad p\u00e5 kroppens naturliga h\u00e5llning och flexibilitet, \u00e4r essensen bakom ROC-IT\u2122-serien fr\u00e5n HOIST\u00ae.<\/p>\n<ul>\n<li>Den vinklade fotplattan roterar f\u00f6r att isolera \u00f6vningsr\u00f6relsen till fotleds- och vadmusklerna och skapar mer dorsalflexion, vilket minskar \u00f6verdriven belastning p\u00e5 framfoten.<\/li>\n<li>Justerbara axelst\u00f6d f\u00f6r att passa olika kroppsstorlekar.<\/li>\n<li>Gener\u00f6s inbyggd viktf\u00f6rvaring.<\/li>\n<\/ul>\n<\/div>\n<\/div>\n<\/div>\n<\/div>\n<\/div>\n<\/div>\n<\/div>\n<\/div>\n<\/article>\n<\/div>\n<\/div>\n<\/div>\n<\/div>\n<\/div>\n","protected":false},"excerpt":{"rendered":"<p>HOIST\u00ae Standing Calf Raise med den innovativa ROX\u2122-teknologin har roterande, vinklade fotplattor som isolerar \u00f6vningen till fotleds- och vadmusklerna. Denna fokuserade r\u00f6relse skapar mer dorsalflexion, vilket minskar \u00f6verdriven belastning p\u00e5 framfoten. Roterande, justerbara axelkuddar anpassas bekv\u00e4mt f\u00f6r en rad olika kroppsh\u00f6jder och storlekar. Gener\u00f6s inbyggd viktf\u00f6rvaring g\u00f6r det enkelt f\u00f6r tr\u00e4ningsentusiaster att snabbt l\u00e4gga till [&hellip;]<\/p>\n","protected":false},"featured_media":20119,"template":"","meta":{"_acf_changed":false,"inline_featured_image":false},"variation":[],"product_brand":[],"product_cat":[96,304,318,321],"product_tag":[301],"class_list":{"0":"post-19119","1":"product","2":"type-product","3":"status-publish","4":"has-post-thumbnail","6":"product_cat-styrkemaskiner","7":"product_cat-plate-loaded","8":"product_cat-hoist","9":"product_cat-roc-it-plate-loaded","10":"product_tag-hoist-fitness","12":"first","13":"instock","14":"shipping-taxable","15":"purchasable","16":"product-type-simple"},"acf":[],"yoast_head":"<!-- This site is optimized with the Yoast SEO plugin v26.8 - https:\/\/yoast.com\/product\/yoast-seo-wordpress\/ -->\n<title>Roc-It Plate Loaded Standing Calf Raise | Apirosport<\/title>\n<meta name=\"robots\" content=\"index, follow, max-snippet:-1, max-image-preview:large, max-video-preview:-1\" \/>\n<link rel=\"canonical\" href=\"https:\/\/apirosport.com\/sv\/produkt\/standing-calf-raise-rpl\/\" \/>\n<meta property=\"og:locale\" content=\"sv_SE\" \/>\n<meta property=\"og:type\" content=\"article\" \/>\n<meta property=\"og:title\" content=\"Roc-It Plate Loaded Standing Calf Raise | Apirosport\" \/>\n<meta property=\"og:description\" content=\"HOIST\u00ae Standing Calf Raise med den innovativa ROX\u2122-teknologin har roterande, vinklade fotplattor som isolerar \u00f6vningen till fotleds- och vadmusklerna. Denna fokuserade r\u00f6relse skapar mer dorsalflexion, vilket minskar \u00f6verdriven belastning p\u00e5 framfoten. Roterande, justerbara axelkuddar anpassas bekv\u00e4mt f\u00f6r en rad olika kroppsh\u00f6jder och storlekar. Gener\u00f6s inbyggd viktf\u00f6rvaring g\u00f6r det enkelt f\u00f6r tr\u00e4ningsentusiaster att snabbt l\u00e4gga till [&hellip;]\" \/>\n<meta property=\"og:url\" content=\"https:\/\/apirosport.com\/sv\/produkt\/standing-calf-raise-rpl\/\" \/>\n<meta property=\"og:site_name\" content=\"Apirosport\" \/>\n<meta property=\"article:modified_time\" content=\"2026-02-22T20:10:14+00:00\" \/>\n<meta property=\"og:image\" content=\"https:\/\/apirosport.com\/wp-content\/uploads\/2025\/12\/standingcalfraise-rpl-2.png\" \/>\n\t<meta property=\"og:image:width\" content=\"1181\" \/>\n\t<meta property=\"og:image:height\" content=\"1181\" \/>\n\t<meta property=\"og:image:type\" content=\"image\/png\" \/>\n<meta name=\"twitter:card\" content=\"summary_large_image\" \/>\n<meta name=\"twitter:title\" content=\"Apirosport\" \/>\n<meta name=\"twitter:label1\" content=\"Ber\u00e4knad l\u00e4stid\" \/>\n\t<meta name=\"twitter:data1\" content=\"1 minut\" \/>\n<script type=\"application\/ld+json\" class=\"yoast-schema-graph\">{\"@context\":\"https:\/\/schema.org\",\"@graph\":[{\"@type\":\"WebPage\",\"@id\":\"https:\/\/apirosport.com\/sv\/produkt\/standing-calf-raise-rpl\/\",\"url\":\"https:\/\/apirosport.com\/sv\/produkt\/standing-calf-raise-rpl\/\",\"name\":\"Roc-It Plate Loaded Standing Calf Raise | Apirosport\",\"isPartOf\":{\"@id\":\"https:\/\/apirosport.com\/sv\/#website\"},\"primaryImageOfPage\":{\"@id\":\"https:\/\/apirosport.com\/sv\/produkt\/standing-calf-raise-rpl\/#primaryimage\"},\"image\":{\"@id\":\"https:\/\/apirosport.com\/sv\/produkt\/standing-calf-raise-rpl\/#primaryimage\"},\"thumbnailUrl\":\"https:\/\/apirosport.com\/wp-content\/uploads\/2025\/12\/standingcalfraise-rpl-2.png\",\"datePublished\":\"2024-10-24T11:21:37+00:00\",\"dateModified\":\"2026-02-22T20:10:14+00:00\",\"breadcrumb\":{\"@id\":\"https:\/\/apirosport.com\/sv\/produkt\/standing-calf-raise-rpl\/#breadcrumb\"},\"inLanguage\":\"sv-SE\",\"potentialAction\":[{\"@type\":\"ReadAction\",\"target\":[\"https:\/\/apirosport.com\/sv\/produkt\/standing-calf-raise-rpl\/\"]}]},{\"@type\":\"ImageObject\",\"inLanguage\":\"sv-SE\",\"@id\":\"https:\/\/apirosport.com\/sv\/produkt\/standing-calf-raise-rpl\/#primaryimage\",\"url\":\"https:\/\/apirosport.com\/wp-content\/uploads\/2025\/12\/standingcalfraise-rpl-2.png\",\"contentUrl\":\"https:\/\/apirosport.com\/wp-content\/uploads\/2025\/12\/standingcalfraise-rpl-2.png\",\"width\":1181,\"height\":1181},{\"@type\":\"BreadcrumbList\",\"@id\":\"https:\/\/apirosport.com\/sv\/produkt\/standing-calf-raise-rpl\/#breadcrumb\",\"itemListElement\":[{\"@type\":\"ListItem\",\"position\":1,\"name\":\"Home\",\"item\":\"https:\/\/apirosport.com\/sv\/\"},{\"@type\":\"ListItem\",\"position\":2,\"name\":\"Produkter\",\"item\":\"https:\/\/apirosport.com\/sv\/produkter\/\"},{\"@type\":\"ListItem\",\"position\":3,\"name\":\"Roc-It Plate Loaded Standing Calf Raise\"}]},{\"@type\":\"WebSite\",\"@id\":\"https:\/\/apirosport.com\/sv\/#website\",\"url\":\"https:\/\/apirosport.com\/sv\/\",\"name\":\"Apirosport\",\"description\":\"\",\"publisher\":{\"@id\":\"https:\/\/apirosport.com\/sv\/#organization\"},\"alternateName\":\"Apirosport\",\"potentialAction\":[{\"@type\":\"SearchAction\",\"target\":{\"@type\":\"EntryPoint\",\"urlTemplate\":\"https:\/\/apirosport.com\/sv\/?s={search_term_string}\"},\"query-input\":{\"@type\":\"PropertyValueSpecification\",\"valueRequired\":true,\"valueName\":\"search_term_string\"}}],\"inLanguage\":\"sv-SE\"},{\"@type\":\"Organization\",\"@id\":\"https:\/\/apirosport.com\/sv\/#organization\",\"name\":\"Apirosport\",\"alternateName\":\"Apirosport\",\"url\":\"https:\/\/apirosport.com\/sv\/\",\"logo\":{\"@type\":\"ImageObject\",\"inLanguage\":\"sv-SE\",\"@id\":\"https:\/\/apirosport.com\/sv\/#\/schema\/logo\/image\/\",\"url\":\"https:\/\/apirosport.com\/wp-content\/uploads\/2025\/12\/Apirosport-yellow-scaled.png\",\"contentUrl\":\"https:\/\/apirosport.com\/wp-content\/uploads\/2025\/12\/Apirosport-yellow-scaled.png\",\"width\":2560,\"height\":2278,\"caption\":\"Apirosport\"},\"image\":{\"@id\":\"https:\/\/apirosport.com\/sv\/#\/schema\/logo\/image\/\"}}]}<\/script>\n<!-- \/ Yoast SEO plugin. -->","yoast_head_json":{"title":"Roc-It Plate Loaded Standing Calf Raise | Apirosport","robots":{"index":"index","follow":"follow","max-snippet":"max-snippet:-1","max-image-preview":"max-image-preview:large","max-video-preview":"max-video-preview:-1"},"canonical":"https:\/\/apirosport.com\/sv\/produkt\/standing-calf-raise-rpl\/","og_locale":"sv_SE","og_type":"article","og_title":"Roc-It Plate Loaded Standing Calf Raise | Apirosport","og_description":"HOIST\u00ae Standing Calf Raise med den innovativa ROX\u2122-teknologin har roterande, vinklade fotplattor som isolerar \u00f6vningen till fotleds- och vadmusklerna. Denna fokuserade r\u00f6relse skapar mer dorsalflexion, vilket minskar \u00f6verdriven belastning p\u00e5 framfoten. Roterande, justerbara axelkuddar anpassas bekv\u00e4mt f\u00f6r en rad olika kroppsh\u00f6jder och storlekar. Gener\u00f6s inbyggd viktf\u00f6rvaring g\u00f6r det enkelt f\u00f6r tr\u00e4ningsentusiaster att snabbt l\u00e4gga till [&hellip;]","og_url":"https:\/\/apirosport.com\/sv\/produkt\/standing-calf-raise-rpl\/","og_site_name":"Apirosport","article_modified_time":"2026-02-22T20:10:14+00:00","og_image":[{"width":1181,"height":1181,"url":"https:\/\/apirosport.com\/wp-content\/uploads\/2025\/12\/standingcalfraise-rpl-2.png","type":"image\/png"}],"twitter_card":"summary_large_image","twitter_title":"Apirosport","twitter_misc":{"Ber\u00e4knad l\u00e4stid":"1 minut"},"schema":{"@context":"https:\/\/schema.org","@graph":[{"@type":"WebPage","@id":"https:\/\/apirosport.com\/sv\/produkt\/standing-calf-raise-rpl\/","url":"https:\/\/apirosport.com\/sv\/produkt\/standing-calf-raise-rpl\/","name":"Roc-It Plate Loaded Standing Calf Raise | Apirosport","isPartOf":{"@id":"https:\/\/apirosport.com\/sv\/#website"},"primaryImageOfPage":{"@id":"https:\/\/apirosport.com\/sv\/produkt\/standing-calf-raise-rpl\/#primaryimage"},"image":{"@id":"https:\/\/apirosport.com\/sv\/produkt\/standing-calf-raise-rpl\/#primaryimage"},"thumbnailUrl":"https:\/\/apirosport.com\/wp-content\/uploads\/2025\/12\/standingcalfraise-rpl-2.png","datePublished":"2024-10-24T11:21:37+00:00","dateModified":"2026-02-22T20:10:14+00:00","breadcrumb":{"@id":"https:\/\/apirosport.com\/sv\/produkt\/standing-calf-raise-rpl\/#breadcrumb"},"inLanguage":"sv-SE","potentialAction":[{"@type":"ReadAction","target":["https:\/\/apirosport.com\/sv\/produkt\/standing-calf-raise-rpl\/"]}]},{"@type":"ImageObject","inLanguage":"sv-SE","@id":"https:\/\/apirosport.com\/sv\/produkt\/standing-calf-raise-rpl\/#primaryimage","url":"https:\/\/apirosport.com\/wp-content\/uploads\/2025\/12\/standingcalfraise-rpl-2.png","contentUrl":"https:\/\/apirosport.com\/wp-content\/uploads\/2025\/12\/standingcalfraise-rpl-2.png","width":1181,"height":1181},{"@type":"BreadcrumbList","@id":"https:\/\/apirosport.com\/sv\/produkt\/standing-calf-raise-rpl\/#breadcrumb","itemListElement":[{"@type":"ListItem","position":1,"name":"Home","item":"https:\/\/apirosport.com\/sv\/"},{"@type":"ListItem","position":2,"name":"Produkter","item":"https:\/\/apirosport.com\/sv\/produkter\/"},{"@type":"ListItem","position":3,"name":"Roc-It Plate Loaded Standing Calf Raise"}]},{"@type":"WebSite","@id":"https:\/\/apirosport.com\/sv\/#website","url":"https:\/\/apirosport.com\/sv\/","name":"Apirosport","description":"","publisher":{"@id":"https:\/\/apirosport.com\/sv\/#organization"},"alternateName":"Apirosport","potentialAction":[{"@type":"SearchAction","target":{"@type":"EntryPoint","urlTemplate":"https:\/\/apirosport.com\/sv\/?s={search_term_string}"},"query-input":{"@type":"PropertyValueSpecification","valueRequired":true,"valueName":"search_term_string"}}],"inLanguage":"sv-SE"},{"@type":"Organization","@id":"https:\/\/apirosport.com\/sv\/#organization","name":"Apirosport","alternateName":"Apirosport","url":"https:\/\/apirosport.com\/sv\/","logo":{"@type":"ImageObject","inLanguage":"sv-SE","@id":"https:\/\/apirosport.com\/sv\/#\/schema\/logo\/image\/","url":"https:\/\/apirosport.com\/wp-content\/uploads\/2025\/12\/Apirosport-yellow-scaled.png","contentUrl":"https:\/\/apirosport.com\/wp-content\/uploads\/2025\/12\/Apirosport-yellow-scaled.png","width":2560,"height":2278,"caption":"Apirosport"},"image":{"@id":"https:\/\/apirosport.com\/sv\/#\/schema\/logo\/image\/"}}]}},"_links":{"self":[{"href":"https:\/\/apirosport.com\/sv\/wp-json\/wp\/v2\/product\/19119","targetHints":{"allow":["GET"]}}],"collection":[{"href":"https:\/\/apirosport.com\/sv\/wp-json\/wp\/v2\/product"}],"about":[{"href":"https:\/\/apirosport.com\/sv\/wp-json\/wp\/v2\/types\/product"}],"wp:featuredmedia":[{"embeddable":true,"href":"https:\/\/apirosport.com\/sv\/wp-json\/wp\/v2\/media\/20119"}],"wp:attachment":[{"href":"https:\/\/apirosport.com\/sv\/wp-json\/wp\/v2\/media?parent=19119"}],"wp:term":[{"taxonomy":"variation","embeddable":true,"href":"https:\/\/apirosport.com\/sv\/wp-json\/wp\/v2\/variation?post=19119"},{"taxonomy":"product_brand","embeddable":true,"href":"https:\/\/apirosport.com\/sv\/wp-json\/wp\/v2\/product_brand?post=19119"},{"taxonomy":"product_cat","embeddable":true,"href":"https:\/\/apirosport.com\/sv\/wp-json\/wp\/v2\/product_cat?post=19119"},{"taxonomy":"product_tag","embeddable":true,"href":"https:\/\/apirosport.com\/sv\/wp-json\/wp\/v2\/product_tag?post=19119"}],"curies":[{"name":"wp","href":"https:\/\/api.w.org\/{rel}","templated":true}]}}