{"id":19128,"date":"2024-10-24T11:52:37","date_gmt":"2024-10-24T11:52:37","guid":{"rendered":"https:\/\/apirosport.com\/?post_type=product&#038;p=19128"},"modified":"2026-02-22T20:08:05","modified_gmt":"2026-02-22T20:08:05","slug":"seated-dip-rs","status":"publish","type":"product","link":"https:\/\/apirosport.com\/sv\/produkt\/seated-dip-rs\/","title":{"rendered":"Roc-It Selectorized Seated Dip"},"content":{"rendered":"<div class=\"flex max-w-full flex-col flex-grow\">\n<div class=\"min-h-8 text-message flex w-full flex-col items-end gap-2 whitespace-normal break-words [.text-message+&amp;]:mt-5\" dir=\"auto\" data-message-author-role=\"assistant\" data-message-id=\"5d23c484-a342-490e-ab2a-be1b123b4146\" data-message-model-slug=\"gpt-4o\">\n<div class=\"flex w-full flex-col gap-1 empty:hidden first:pt-[3px]\">\n<div class=\"markdown prose w-full break-words dark:prose-invert light\">\n<p>Dynamisk justering \u00e4r k\u00e4rnan bakom ROC-IT\u00ae-serien fr\u00e5n HOIST\u00ae. Med hj\u00e4lp av ROX\u2122-teknologi f\u00e5r anv\u00e4ndaren konstant support. Som ett resultat erbjuder ROC-IT-serien en unik tr\u00e4ningsupplevelse som kombinerar obegr\u00e4nsad ledmobilitet och b\u00e5laktivering fr\u00e5n funktionell tr\u00e4ning med de stabiliserande f\u00f6rdelarna fr\u00e5n maskinbaserad utrustning.<\/p>\n<ul>\n<li>Funktionell r\u00f6relse f\u00f6r tricepsmuskeln.<\/li>\n<li>Startar kroppen i en l\u00e4tt fram\u00e5tlutning och gungar sedan bak\u00e5t till en stabil tr\u00e4ningsposition.<\/li>\n<li>Justerbara handtag ger korrekt positionering och minskar \u00f6verdriven belastning p\u00e5 axlarna samt instabilitet.<\/li>\n<li>Efterliknar naturligt r\u00f6relsen av en dips\u00f6vning med st\u00e5ng.<\/li>\n<li>Ratcheting s\u00e4tesjustering.<\/li>\n<\/ul>\n<\/div>\n<\/div>\n<\/div>\n<\/div>\n<div class=\"mb-2 flex gap-3 empty:hidden -ml-2\"><\/div>\n","protected":false},"excerpt":{"rendered":"<p>Dynamisk justering \u00e4r k\u00e4rnan bakom ROC-IT\u00ae-serien fr\u00e5n HOIST\u00ae. Med hj\u00e4lp av ROX\u2122-teknologi f\u00e5r anv\u00e4ndaren konstant support. Som ett resultat erbjuder ROC-IT-serien en unik tr\u00e4ningsupplevelse som kombinerar obegr\u00e4nsad ledmobilitet och b\u00e5laktivering fr\u00e5n funktionell tr\u00e4ning med de stabiliserande f\u00f6rdelarna fr\u00e5n maskinbaserad utrustning. Funktionell r\u00f6relse f\u00f6r tricepsmuskeln. Startar kroppen i en l\u00e4tt fram\u00e5tlutning och gungar sedan bak\u00e5t till [&hellip;]<\/p>\n","protected":false},"featured_media":20122,"template":"","meta":{"_acf_changed":false,"inline_featured_image":false},"variation":[],"product_brand":[],"product_cat":[96,318,319,322],"product_tag":[301],"class_list":{"0":"post-19128","1":"product","2":"type-product","3":"status-publish","4":"has-post-thumbnail","6":"product_cat-styrkemaskiner","7":"product_cat-hoist","8":"product_cat-viktmagasin","9":"product_cat-roc-it-selectorized","10":"product_tag-hoist-fitness","12":"first","13":"instock","14":"shipping-taxable","15":"purchasable","16":"product-type-simple"},"acf":[],"yoast_head":"<!-- This site is optimized with the Yoast SEO plugin v26.8 - https:\/\/yoast.com\/product\/yoast-seo-wordpress\/ -->\n<title>Roc-It Selectorized Seated Dip | Apirosport<\/title>\n<meta name=\"robots\" content=\"index, follow, max-snippet:-1, max-image-preview:large, max-video-preview:-1\" \/>\n<link rel=\"canonical\" href=\"https:\/\/apirosport.com\/sv\/produkt\/seated-dip-rs\/\" \/>\n<meta property=\"og:locale\" content=\"sv_SE\" \/>\n<meta property=\"og:type\" content=\"article\" \/>\n<meta property=\"og:title\" content=\"Roc-It Selectorized Seated Dip | Apirosport\" \/>\n<meta property=\"og:description\" content=\"Dynamisk justering \u00e4r k\u00e4rnan bakom ROC-IT\u00ae-serien fr\u00e5n HOIST\u00ae. Med hj\u00e4lp av ROX\u2122-teknologi f\u00e5r anv\u00e4ndaren konstant support. Som ett resultat erbjuder ROC-IT-serien en unik tr\u00e4ningsupplevelse som kombinerar obegr\u00e4nsad ledmobilitet och b\u00e5laktivering fr\u00e5n funktionell tr\u00e4ning med de stabiliserande f\u00f6rdelarna fr\u00e5n maskinbaserad utrustning. Funktionell r\u00f6relse f\u00f6r tricepsmuskeln. Startar kroppen i en l\u00e4tt fram\u00e5tlutning och gungar sedan bak\u00e5t till [&hellip;]\" \/>\n<meta property=\"og:url\" content=\"https:\/\/apirosport.com\/sv\/produkt\/seated-dip-rs\/\" \/>\n<meta property=\"og:site_name\" content=\"Apirosport\" \/>\n<meta property=\"article:modified_time\" content=\"2026-02-22T20:08:05+00:00\" \/>\n<meta property=\"og:image\" content=\"https:\/\/apirosport.com\/wp-content\/uploads\/2025\/12\/seateddip-2.png\" \/>\n\t<meta property=\"og:image:width\" content=\"1181\" \/>\n\t<meta property=\"og:image:height\" content=\"1181\" \/>\n\t<meta property=\"og:image:type\" content=\"image\/png\" \/>\n<meta name=\"twitter:card\" content=\"summary_large_image\" \/>\n<meta name=\"twitter:title\" content=\"Apirosport\" \/>\n<meta name=\"twitter:label1\" content=\"Ber\u00e4knad l\u00e4stid\" \/>\n\t<meta name=\"twitter:data1\" content=\"1 minut\" \/>\n<script type=\"application\/ld+json\" class=\"yoast-schema-graph\">{\"@context\":\"https:\/\/schema.org\",\"@graph\":[{\"@type\":\"WebPage\",\"@id\":\"https:\/\/apirosport.com\/sv\/produkt\/seated-dip-rs\/\",\"url\":\"https:\/\/apirosport.com\/sv\/produkt\/seated-dip-rs\/\",\"name\":\"Roc-It Selectorized Seated Dip | Apirosport\",\"isPartOf\":{\"@id\":\"https:\/\/apirosport.com\/sv\/#website\"},\"primaryImageOfPage\":{\"@id\":\"https:\/\/apirosport.com\/sv\/produkt\/seated-dip-rs\/#primaryimage\"},\"image\":{\"@id\":\"https:\/\/apirosport.com\/sv\/produkt\/seated-dip-rs\/#primaryimage\"},\"thumbnailUrl\":\"https:\/\/apirosport.com\/wp-content\/uploads\/2025\/12\/seateddip-2.png\",\"datePublished\":\"2024-10-24T11:52:37+00:00\",\"dateModified\":\"2026-02-22T20:08:05+00:00\",\"breadcrumb\":{\"@id\":\"https:\/\/apirosport.com\/sv\/produkt\/seated-dip-rs\/#breadcrumb\"},\"inLanguage\":\"sv-SE\",\"potentialAction\":[{\"@type\":\"ReadAction\",\"target\":[\"https:\/\/apirosport.com\/sv\/produkt\/seated-dip-rs\/\"]}]},{\"@type\":\"ImageObject\",\"inLanguage\":\"sv-SE\",\"@id\":\"https:\/\/apirosport.com\/sv\/produkt\/seated-dip-rs\/#primaryimage\",\"url\":\"https:\/\/apirosport.com\/wp-content\/uploads\/2025\/12\/seateddip-2.png\",\"contentUrl\":\"https:\/\/apirosport.com\/wp-content\/uploads\/2025\/12\/seateddip-2.png\",\"width\":1181,\"height\":1181},{\"@type\":\"BreadcrumbList\",\"@id\":\"https:\/\/apirosport.com\/sv\/produkt\/seated-dip-rs\/#breadcrumb\",\"itemListElement\":[{\"@type\":\"ListItem\",\"position\":1,\"name\":\"Home\",\"item\":\"https:\/\/apirosport.com\/sv\/\"},{\"@type\":\"ListItem\",\"position\":2,\"name\":\"Butik\",\"item\":\"https:\/\/apirosport.com\/products\/\"},{\"@type\":\"ListItem\",\"position\":3,\"name\":\"Roc-It Selectorized Seated Dip\"}]},{\"@type\":\"WebSite\",\"@id\":\"https:\/\/apirosport.com\/sv\/#website\",\"url\":\"https:\/\/apirosport.com\/sv\/\",\"name\":\"Apirosport\",\"description\":\"\",\"publisher\":{\"@id\":\"https:\/\/apirosport.com\/sv\/#organization\"},\"alternateName\":\"Apirosport\",\"potentialAction\":[{\"@type\":\"SearchAction\",\"target\":{\"@type\":\"EntryPoint\",\"urlTemplate\":\"https:\/\/apirosport.com\/sv\/?s={search_term_string}\"},\"query-input\":{\"@type\":\"PropertyValueSpecification\",\"valueRequired\":true,\"valueName\":\"search_term_string\"}}],\"inLanguage\":\"sv-SE\"},{\"@type\":\"Organization\",\"@id\":\"https:\/\/apirosport.com\/sv\/#organization\",\"name\":\"Apirosport\",\"alternateName\":\"Apirosport\",\"url\":\"https:\/\/apirosport.com\/sv\/\",\"logo\":{\"@type\":\"ImageObject\",\"inLanguage\":\"sv-SE\",\"@id\":\"https:\/\/apirosport.com\/sv\/#\/schema\/logo\/image\/\",\"url\":\"https:\/\/apirosport.com\/wp-content\/uploads\/2025\/12\/Apirosport-yellow-scaled.png\",\"contentUrl\":\"https:\/\/apirosport.com\/wp-content\/uploads\/2025\/12\/Apirosport-yellow-scaled.png\",\"width\":2560,\"height\":2278,\"caption\":\"Apirosport\"},\"image\":{\"@id\":\"https:\/\/apirosport.com\/sv\/#\/schema\/logo\/image\/\"}}]}<\/script>\n<!-- \/ Yoast SEO plugin. -->","yoast_head_json":{"title":"Roc-It Selectorized Seated Dip | Apirosport","robots":{"index":"index","follow":"follow","max-snippet":"max-snippet:-1","max-image-preview":"max-image-preview:large","max-video-preview":"max-video-preview:-1"},"canonical":"https:\/\/apirosport.com\/sv\/produkt\/seated-dip-rs\/","og_locale":"sv_SE","og_type":"article","og_title":"Roc-It Selectorized Seated Dip | Apirosport","og_description":"Dynamisk justering \u00e4r k\u00e4rnan bakom ROC-IT\u00ae-serien fr\u00e5n HOIST\u00ae. Med hj\u00e4lp av ROX\u2122-teknologi f\u00e5r anv\u00e4ndaren konstant support. Som ett resultat erbjuder ROC-IT-serien en unik tr\u00e4ningsupplevelse som kombinerar obegr\u00e4nsad ledmobilitet och b\u00e5laktivering fr\u00e5n funktionell tr\u00e4ning med de stabiliserande f\u00f6rdelarna fr\u00e5n maskinbaserad utrustning. Funktionell r\u00f6relse f\u00f6r tricepsmuskeln. Startar kroppen i en l\u00e4tt fram\u00e5tlutning och gungar sedan bak\u00e5t till [&hellip;]","og_url":"https:\/\/apirosport.com\/sv\/produkt\/seated-dip-rs\/","og_site_name":"Apirosport","article_modified_time":"2026-02-22T20:08:05+00:00","og_image":[{"width":1181,"height":1181,"url":"https:\/\/apirosport.com\/wp-content\/uploads\/2025\/12\/seateddip-2.png","type":"image\/png"}],"twitter_card":"summary_large_image","twitter_title":"Apirosport","twitter_misc":{"Ber\u00e4knad l\u00e4stid":"1 minut"},"schema":{"@context":"https:\/\/schema.org","@graph":[{"@type":"WebPage","@id":"https:\/\/apirosport.com\/sv\/produkt\/seated-dip-rs\/","url":"https:\/\/apirosport.com\/sv\/produkt\/seated-dip-rs\/","name":"Roc-It Selectorized Seated Dip | Apirosport","isPartOf":{"@id":"https:\/\/apirosport.com\/sv\/#website"},"primaryImageOfPage":{"@id":"https:\/\/apirosport.com\/sv\/produkt\/seated-dip-rs\/#primaryimage"},"image":{"@id":"https:\/\/apirosport.com\/sv\/produkt\/seated-dip-rs\/#primaryimage"},"thumbnailUrl":"https:\/\/apirosport.com\/wp-content\/uploads\/2025\/12\/seateddip-2.png","datePublished":"2024-10-24T11:52:37+00:00","dateModified":"2026-02-22T20:08:05+00:00","breadcrumb":{"@id":"https:\/\/apirosport.com\/sv\/produkt\/seated-dip-rs\/#breadcrumb"},"inLanguage":"sv-SE","potentialAction":[{"@type":"ReadAction","target":["https:\/\/apirosport.com\/sv\/produkt\/seated-dip-rs\/"]}]},{"@type":"ImageObject","inLanguage":"sv-SE","@id":"https:\/\/apirosport.com\/sv\/produkt\/seated-dip-rs\/#primaryimage","url":"https:\/\/apirosport.com\/wp-content\/uploads\/2025\/12\/seateddip-2.png","contentUrl":"https:\/\/apirosport.com\/wp-content\/uploads\/2025\/12\/seateddip-2.png","width":1181,"height":1181},{"@type":"BreadcrumbList","@id":"https:\/\/apirosport.com\/sv\/produkt\/seated-dip-rs\/#breadcrumb","itemListElement":[{"@type":"ListItem","position":1,"name":"Home","item":"https:\/\/apirosport.com\/sv\/"},{"@type":"ListItem","position":2,"name":"Butik","item":"https:\/\/apirosport.com\/products\/"},{"@type":"ListItem","position":3,"name":"Roc-It Selectorized Seated Dip"}]},{"@type":"WebSite","@id":"https:\/\/apirosport.com\/sv\/#website","url":"https:\/\/apirosport.com\/sv\/","name":"Apirosport","description":"","publisher":{"@id":"https:\/\/apirosport.com\/sv\/#organization"},"alternateName":"Apirosport","potentialAction":[{"@type":"SearchAction","target":{"@type":"EntryPoint","urlTemplate":"https:\/\/apirosport.com\/sv\/?s={search_term_string}"},"query-input":{"@type":"PropertyValueSpecification","valueRequired":true,"valueName":"search_term_string"}}],"inLanguage":"sv-SE"},{"@type":"Organization","@id":"https:\/\/apirosport.com\/sv\/#organization","name":"Apirosport","alternateName":"Apirosport","url":"https:\/\/apirosport.com\/sv\/","logo":{"@type":"ImageObject","inLanguage":"sv-SE","@id":"https:\/\/apirosport.com\/sv\/#\/schema\/logo\/image\/","url":"https:\/\/apirosport.com\/wp-content\/uploads\/2025\/12\/Apirosport-yellow-scaled.png","contentUrl":"https:\/\/apirosport.com\/wp-content\/uploads\/2025\/12\/Apirosport-yellow-scaled.png","width":2560,"height":2278,"caption":"Apirosport"},"image":{"@id":"https:\/\/apirosport.com\/sv\/#\/schema\/logo\/image\/"}}]}},"_links":{"self":[{"href":"https:\/\/apirosport.com\/sv\/wp-json\/wp\/v2\/product\/19128","targetHints":{"allow":["GET"]}}],"collection":[{"href":"https:\/\/apirosport.com\/sv\/wp-json\/wp\/v2\/product"}],"about":[{"href":"https:\/\/apirosport.com\/sv\/wp-json\/wp\/v2\/types\/product"}],"wp:featuredmedia":[{"embeddable":true,"href":"https:\/\/apirosport.com\/sv\/wp-json\/wp\/v2\/media\/20122"}],"wp:attachment":[{"href":"https:\/\/apirosport.com\/sv\/wp-json\/wp\/v2\/media?parent=19128"}],"wp:term":[{"taxonomy":"variation","embeddable":true,"href":"https:\/\/apirosport.com\/sv\/wp-json\/wp\/v2\/variation?post=19128"},{"taxonomy":"product_brand","embeddable":true,"href":"https:\/\/apirosport.com\/sv\/wp-json\/wp\/v2\/product_brand?post=19128"},{"taxonomy":"product_cat","embeddable":true,"href":"https:\/\/apirosport.com\/sv\/wp-json\/wp\/v2\/product_cat?post=19128"},{"taxonomy":"product_tag","embeddable":true,"href":"https:\/\/apirosport.com\/sv\/wp-json\/wp\/v2\/product_tag?post=19128"}],"curies":[{"name":"wp","href":"https:\/\/api.w.org\/{rel}","templated":true}]}}