{"id":19147,"date":"2024-10-24T13:24:53","date_gmt":"2024-10-24T13:24:53","guid":{"rendered":"https:\/\/apirosport.com\/?post_type=product&#038;p=19147"},"modified":"2026-02-22T20:04:38","modified_gmt":"2026-02-22T20:04:38","slug":"rotary-torso-rs","status":"publish","type":"product","link":"https:\/\/apirosport.com\/sv\/produkt\/rotary-torso-rs\/","title":{"rendered":"Roc-It Selectorized Rotary Torso"},"content":{"rendered":"<div class=\"flex max-w-full flex-col flex-grow\">\n<div class=\"min-h-8 text-message flex w-full flex-col items-end gap-2 whitespace-normal break-words [.text-message+&amp;]:mt-5\" dir=\"auto\" data-message-author-role=\"assistant\" data-message-id=\"c9797cde-7753-40ea-a02d-93df6892156f\" data-message-model-slug=\"gpt-4o\">\n<div class=\"flex w-full flex-col gap-1 empty:hidden first:pt-[3px]\">\n<div class=\"markdown prose w-full break-words dark:prose-invert light\">\n<p>Dynamisk justering \u00e4r k\u00e4rnan bakom ROC-IT\u00ae-serien fr\u00e5n HOIST\u00ae. Med hj\u00e4lp av ROX\u2122-teknologin blir anv\u00e4ndaren en integrerad del av tr\u00e4ningen genom att kontinuerligt justera sin position i takt med r\u00f6relsen av tr\u00e4ningsarmen. Detta skapar en unik tr\u00e4ningsupplevelse som m\u00f6jligg\u00f6r obegr\u00e4nsad ledr\u00f6relse och aktivering av b\u00e5lmuskulaturen, samtidigt som det ger stabiliseringsf\u00f6rdelarna med maskinbaserad utrustning.<\/p>\n<ul>\n<li>Med ROC-IT-teknologi som erbjuder anv\u00e4ndarna ett instabilitetsalternativ (ROC-IT eller LOCK IT\u2122) f\u00f6r muskelaktivering.<\/li>\n<li>Startpositioner p\u00e5 40, 60, 80 och 100 grader fr\u00e5n &#8221;face forward&#8221; ger ett optimalt r\u00f6relseomf\u00e5ng i b\u00e5da riktningarna.<\/li>\n<li>Br\u00f6stst\u00f6det justeras f\u00f6r att passa olika \u00f6verkroppsl\u00e4ngder, och stabiliserande handtag ger st\u00f6d f\u00f6r \u00f6verkroppen f\u00f6r att minimera belastningen p\u00e5 l\u00e4ndryggen.<\/li>\n<li>Ergonomisk kn\u00e4dyna minskar belastningen p\u00e5 l\u00e4ndryggen.<\/li>\n<li>Valbart till\u00e4ggsviktsystem.<\/li>\n<\/ul>\n<\/div>\n<\/div>\n<\/div>\n<\/div>\n<div class=\"mb-2 flex gap-3 empty:hidden -ml-2\">\n<div class=\"items-center justify-start rounded-xl p-1 flex\">\n<div class=\"flex items-center\"><\/div>\n<\/div>\n<\/div>\n","protected":false},"excerpt":{"rendered":"<p>Dynamisk justering \u00e4r k\u00e4rnan bakom ROC-IT\u00ae-serien fr\u00e5n HOIST\u00ae. Med hj\u00e4lp av ROX\u2122-teknologin blir anv\u00e4ndaren en integrerad del av tr\u00e4ningen genom att kontinuerligt justera sin position i takt med r\u00f6relsen av tr\u00e4ningsarmen. Detta skapar en unik tr\u00e4ningsupplevelse som m\u00f6jligg\u00f6r obegr\u00e4nsad ledr\u00f6relse och aktivering av b\u00e5lmuskulaturen, samtidigt som det ger stabiliseringsf\u00f6rdelarna med maskinbaserad utrustning. Med ROC-IT-teknologi som [&hellip;]<\/p>\n","protected":false},"featured_media":20129,"template":"","meta":{"_acf_changed":false,"inline_featured_image":false},"variation":[],"product_brand":[],"product_cat":[96,318,319,322],"product_tag":[301],"class_list":{"0":"post-19147","1":"product","2":"type-product","3":"status-publish","4":"has-post-thumbnail","6":"product_cat-styrkemaskiner","7":"product_cat-hoist","8":"product_cat-viktmagasin","9":"product_cat-roc-it-selectorized","10":"product_tag-hoist-fitness","12":"first","13":"instock","14":"shipping-taxable","15":"purchasable","16":"product-type-simple"},"acf":[],"yoast_head":"<!-- This site is optimized with the Yoast SEO plugin v26.8 - https:\/\/yoast.com\/product\/yoast-seo-wordpress\/ -->\n<title>Roc-It Selectorized Rotary Torso | Apirosport<\/title>\n<meta name=\"robots\" content=\"index, follow, max-snippet:-1, max-image-preview:large, max-video-preview:-1\" \/>\n<link rel=\"canonical\" href=\"https:\/\/apirosport.com\/sv\/produkt\/rotary-torso-rs\/\" \/>\n<meta property=\"og:locale\" content=\"sv_SE\" \/>\n<meta property=\"og:type\" content=\"article\" \/>\n<meta property=\"og:title\" content=\"Roc-It Selectorized Rotary Torso | Apirosport\" \/>\n<meta property=\"og:description\" content=\"Dynamisk justering \u00e4r k\u00e4rnan bakom ROC-IT\u00ae-serien fr\u00e5n HOIST\u00ae. Med hj\u00e4lp av ROX\u2122-teknologin blir anv\u00e4ndaren en integrerad del av tr\u00e4ningen genom att kontinuerligt justera sin position i takt med r\u00f6relsen av tr\u00e4ningsarmen. Detta skapar en unik tr\u00e4ningsupplevelse som m\u00f6jligg\u00f6r obegr\u00e4nsad ledr\u00f6relse och aktivering av b\u00e5lmuskulaturen, samtidigt som det ger stabiliseringsf\u00f6rdelarna med maskinbaserad utrustning. Med ROC-IT-teknologi som [&hellip;]\" \/>\n<meta property=\"og:url\" content=\"https:\/\/apirosport.com\/sv\/produkt\/rotary-torso-rs\/\" \/>\n<meta property=\"og:site_name\" content=\"Apirosport\" \/>\n<meta property=\"article:modified_time\" content=\"2026-02-22T20:04:38+00:00\" \/>\n<meta property=\"og:image\" content=\"https:\/\/apirosport.com\/wp-content\/uploads\/2025\/12\/rotary-rs-2.png\" \/>\n\t<meta property=\"og:image:width\" content=\"1181\" \/>\n\t<meta property=\"og:image:height\" content=\"1181\" \/>\n\t<meta property=\"og:image:type\" content=\"image\/png\" \/>\n<meta name=\"twitter:card\" content=\"summary_large_image\" \/>\n<meta name=\"twitter:title\" content=\"Apirosport\" \/>\n<meta name=\"twitter:label1\" content=\"Ber\u00e4knad l\u00e4stid\" \/>\n\t<meta name=\"twitter:data1\" content=\"1 minut\" \/>\n<script type=\"application\/ld+json\" class=\"yoast-schema-graph\">{\"@context\":\"https:\/\/schema.org\",\"@graph\":[{\"@type\":\"WebPage\",\"@id\":\"https:\/\/apirosport.com\/sv\/produkt\/rotary-torso-rs\/\",\"url\":\"https:\/\/apirosport.com\/sv\/produkt\/rotary-torso-rs\/\",\"name\":\"Roc-It Selectorized Rotary Torso | Apirosport\",\"isPartOf\":{\"@id\":\"https:\/\/apirosport.com\/sv\/#website\"},\"primaryImageOfPage\":{\"@id\":\"https:\/\/apirosport.com\/sv\/produkt\/rotary-torso-rs\/#primaryimage\"},\"image\":{\"@id\":\"https:\/\/apirosport.com\/sv\/produkt\/rotary-torso-rs\/#primaryimage\"},\"thumbnailUrl\":\"https:\/\/apirosport.com\/wp-content\/uploads\/2025\/12\/rotary-rs-2.png\",\"datePublished\":\"2024-10-24T13:24:53+00:00\",\"dateModified\":\"2026-02-22T20:04:38+00:00\",\"breadcrumb\":{\"@id\":\"https:\/\/apirosport.com\/sv\/produkt\/rotary-torso-rs\/#breadcrumb\"},\"inLanguage\":\"sv-SE\",\"potentialAction\":[{\"@type\":\"ReadAction\",\"target\":[\"https:\/\/apirosport.com\/sv\/produkt\/rotary-torso-rs\/\"]}]},{\"@type\":\"ImageObject\",\"inLanguage\":\"sv-SE\",\"@id\":\"https:\/\/apirosport.com\/sv\/produkt\/rotary-torso-rs\/#primaryimage\",\"url\":\"https:\/\/apirosport.com\/wp-content\/uploads\/2025\/12\/rotary-rs-2.png\",\"contentUrl\":\"https:\/\/apirosport.com\/wp-content\/uploads\/2025\/12\/rotary-rs-2.png\",\"width\":1181,\"height\":1181},{\"@type\":\"BreadcrumbList\",\"@id\":\"https:\/\/apirosport.com\/sv\/produkt\/rotary-torso-rs\/#breadcrumb\",\"itemListElement\":[{\"@type\":\"ListItem\",\"position\":1,\"name\":\"Home\",\"item\":\"https:\/\/apirosport.com\/sv\/\"},{\"@type\":\"ListItem\",\"position\":2,\"name\":\"Butik\",\"item\":\"https:\/\/apirosport.com\/products\/\"},{\"@type\":\"ListItem\",\"position\":3,\"name\":\"Roc-It Selectorized Rotary Torso\"}]},{\"@type\":\"WebSite\",\"@id\":\"https:\/\/apirosport.com\/sv\/#website\",\"url\":\"https:\/\/apirosport.com\/sv\/\",\"name\":\"Apirosport\",\"description\":\"\",\"publisher\":{\"@id\":\"https:\/\/apirosport.com\/sv\/#organization\"},\"alternateName\":\"Apirosport\",\"potentialAction\":[{\"@type\":\"SearchAction\",\"target\":{\"@type\":\"EntryPoint\",\"urlTemplate\":\"https:\/\/apirosport.com\/sv\/?s={search_term_string}\"},\"query-input\":{\"@type\":\"PropertyValueSpecification\",\"valueRequired\":true,\"valueName\":\"search_term_string\"}}],\"inLanguage\":\"sv-SE\"},{\"@type\":\"Organization\",\"@id\":\"https:\/\/apirosport.com\/sv\/#organization\",\"name\":\"Apirosport\",\"alternateName\":\"Apirosport\",\"url\":\"https:\/\/apirosport.com\/sv\/\",\"logo\":{\"@type\":\"ImageObject\",\"inLanguage\":\"sv-SE\",\"@id\":\"https:\/\/apirosport.com\/sv\/#\/schema\/logo\/image\/\",\"url\":\"https:\/\/apirosport.com\/wp-content\/uploads\/2025\/12\/Apirosport-yellow-scaled.png\",\"contentUrl\":\"https:\/\/apirosport.com\/wp-content\/uploads\/2025\/12\/Apirosport-yellow-scaled.png\",\"width\":2560,\"height\":2278,\"caption\":\"Apirosport\"},\"image\":{\"@id\":\"https:\/\/apirosport.com\/sv\/#\/schema\/logo\/image\/\"}}]}<\/script>\n<!-- \/ Yoast SEO plugin. -->","yoast_head_json":{"title":"Roc-It Selectorized Rotary Torso | Apirosport","robots":{"index":"index","follow":"follow","max-snippet":"max-snippet:-1","max-image-preview":"max-image-preview:large","max-video-preview":"max-video-preview:-1"},"canonical":"https:\/\/apirosport.com\/sv\/produkt\/rotary-torso-rs\/","og_locale":"sv_SE","og_type":"article","og_title":"Roc-It Selectorized Rotary Torso | Apirosport","og_description":"Dynamisk justering \u00e4r k\u00e4rnan bakom ROC-IT\u00ae-serien fr\u00e5n HOIST\u00ae. Med hj\u00e4lp av ROX\u2122-teknologin blir anv\u00e4ndaren en integrerad del av tr\u00e4ningen genom att kontinuerligt justera sin position i takt med r\u00f6relsen av tr\u00e4ningsarmen. Detta skapar en unik tr\u00e4ningsupplevelse som m\u00f6jligg\u00f6r obegr\u00e4nsad ledr\u00f6relse och aktivering av b\u00e5lmuskulaturen, samtidigt som det ger stabiliseringsf\u00f6rdelarna med maskinbaserad utrustning. Med ROC-IT-teknologi som [&hellip;]","og_url":"https:\/\/apirosport.com\/sv\/produkt\/rotary-torso-rs\/","og_site_name":"Apirosport","article_modified_time":"2026-02-22T20:04:38+00:00","og_image":[{"width":1181,"height":1181,"url":"https:\/\/apirosport.com\/wp-content\/uploads\/2025\/12\/rotary-rs-2.png","type":"image\/png"}],"twitter_card":"summary_large_image","twitter_title":"Apirosport","twitter_misc":{"Ber\u00e4knad l\u00e4stid":"1 minut"},"schema":{"@context":"https:\/\/schema.org","@graph":[{"@type":"WebPage","@id":"https:\/\/apirosport.com\/sv\/produkt\/rotary-torso-rs\/","url":"https:\/\/apirosport.com\/sv\/produkt\/rotary-torso-rs\/","name":"Roc-It Selectorized Rotary Torso | Apirosport","isPartOf":{"@id":"https:\/\/apirosport.com\/sv\/#website"},"primaryImageOfPage":{"@id":"https:\/\/apirosport.com\/sv\/produkt\/rotary-torso-rs\/#primaryimage"},"image":{"@id":"https:\/\/apirosport.com\/sv\/produkt\/rotary-torso-rs\/#primaryimage"},"thumbnailUrl":"https:\/\/apirosport.com\/wp-content\/uploads\/2025\/12\/rotary-rs-2.png","datePublished":"2024-10-24T13:24:53+00:00","dateModified":"2026-02-22T20:04:38+00:00","breadcrumb":{"@id":"https:\/\/apirosport.com\/sv\/produkt\/rotary-torso-rs\/#breadcrumb"},"inLanguage":"sv-SE","potentialAction":[{"@type":"ReadAction","target":["https:\/\/apirosport.com\/sv\/produkt\/rotary-torso-rs\/"]}]},{"@type":"ImageObject","inLanguage":"sv-SE","@id":"https:\/\/apirosport.com\/sv\/produkt\/rotary-torso-rs\/#primaryimage","url":"https:\/\/apirosport.com\/wp-content\/uploads\/2025\/12\/rotary-rs-2.png","contentUrl":"https:\/\/apirosport.com\/wp-content\/uploads\/2025\/12\/rotary-rs-2.png","width":1181,"height":1181},{"@type":"BreadcrumbList","@id":"https:\/\/apirosport.com\/sv\/produkt\/rotary-torso-rs\/#breadcrumb","itemListElement":[{"@type":"ListItem","position":1,"name":"Home","item":"https:\/\/apirosport.com\/sv\/"},{"@type":"ListItem","position":2,"name":"Butik","item":"https:\/\/apirosport.com\/products\/"},{"@type":"ListItem","position":3,"name":"Roc-It Selectorized Rotary Torso"}]},{"@type":"WebSite","@id":"https:\/\/apirosport.com\/sv\/#website","url":"https:\/\/apirosport.com\/sv\/","name":"Apirosport","description":"","publisher":{"@id":"https:\/\/apirosport.com\/sv\/#organization"},"alternateName":"Apirosport","potentialAction":[{"@type":"SearchAction","target":{"@type":"EntryPoint","urlTemplate":"https:\/\/apirosport.com\/sv\/?s={search_term_string}"},"query-input":{"@type":"PropertyValueSpecification","valueRequired":true,"valueName":"search_term_string"}}],"inLanguage":"sv-SE"},{"@type":"Organization","@id":"https:\/\/apirosport.com\/sv\/#organization","name":"Apirosport","alternateName":"Apirosport","url":"https:\/\/apirosport.com\/sv\/","logo":{"@type":"ImageObject","inLanguage":"sv-SE","@id":"https:\/\/apirosport.com\/sv\/#\/schema\/logo\/image\/","url":"https:\/\/apirosport.com\/wp-content\/uploads\/2025\/12\/Apirosport-yellow-scaled.png","contentUrl":"https:\/\/apirosport.com\/wp-content\/uploads\/2025\/12\/Apirosport-yellow-scaled.png","width":2560,"height":2278,"caption":"Apirosport"},"image":{"@id":"https:\/\/apirosport.com\/sv\/#\/schema\/logo\/image\/"}}]}},"_links":{"self":[{"href":"https:\/\/apirosport.com\/sv\/wp-json\/wp\/v2\/product\/19147","targetHints":{"allow":["GET"]}}],"collection":[{"href":"https:\/\/apirosport.com\/sv\/wp-json\/wp\/v2\/product"}],"about":[{"href":"https:\/\/apirosport.com\/sv\/wp-json\/wp\/v2\/types\/product"}],"wp:featuredmedia":[{"embeddable":true,"href":"https:\/\/apirosport.com\/sv\/wp-json\/wp\/v2\/media\/20129"}],"wp:attachment":[{"href":"https:\/\/apirosport.com\/sv\/wp-json\/wp\/v2\/media?parent=19147"}],"wp:term":[{"taxonomy":"variation","embeddable":true,"href":"https:\/\/apirosport.com\/sv\/wp-json\/wp\/v2\/variation?post=19147"},{"taxonomy":"product_brand","embeddable":true,"href":"https:\/\/apirosport.com\/sv\/wp-json\/wp\/v2\/product_brand?post=19147"},{"taxonomy":"product_cat","embeddable":true,"href":"https:\/\/apirosport.com\/sv\/wp-json\/wp\/v2\/product_cat?post=19147"},{"taxonomy":"product_tag","embeddable":true,"href":"https:\/\/apirosport.com\/sv\/wp-json\/wp\/v2\/product_tag?post=19147"}],"curies":[{"name":"wp","href":"https:\/\/api.w.org\/{rel}","templated":true}]}}