{"id":19153,"date":"2024-10-24T14:34:08","date_gmt":"2024-10-24T14:34:08","guid":{"rendered":"https:\/\/apirosport.com\/?post_type=product&#038;p=19153"},"modified":"2026-04-01T13:51:33","modified_gmt":"2026-04-01T13:51:33","slug":"cable-crossover-cmd","status":"publish","type":"product","link":"https:\/\/apirosport.com\/sv\/produkt\/cable-crossover-cmd\/","title":{"rendered":"Multi-Jungle System, Cable Crossover"},"content":{"rendered":"<p>HOIST Commercial Multi Jungle System kan anpassas f\u00f6r att m\u00f6ta b\u00e5de ditt gyms f\u00f6ruts\u00e4ttningar och dina medlemmars tr\u00e4ningskrav. Du kan ut\u00f6ka systemet fr\u00e5n den standardiserade (4) stationspodden till en (9) stations- eller (14) stationskonfiguration genom att l\u00e4gga till Crossover Pull-up Bar (CMJ-OPT-01). Jungle System h\u00e5ller anv\u00e4ndarna engagerade genom att erbjuda m\u00f6jligheten att tr\u00e4na hela kroppen och flexibiliteten att definiera sina egna \u00f6vningar.<\/p>\n<ul>\n<li>Unik enhandshiss f\u00f6r h\u00f6jdjustering.<\/li>\n<li>Vinklade, neutrala, kl\u00e4ttringsgrepp och extra breda raka greppalternativ ger variationsm\u00f6jligheter.<\/li>\n<li>Stabiliserande handtag p\u00e5 b\u00e5da sidor av pulleyn.<\/li>\n<\/ul>\n<p>Inneh\u00e5ller:<\/p>\n<ul>\n<li>(2) Aluminium curlst\u00e4nger<\/li>\n<li>(2) Vadderade fotremmar<\/li>\n<li>(2) Enkelhandtag i aluminium<\/li>\n<li>(2) CMJ-6175 EZG Hi-Lo trissor (195 lbs viktmagasin)<\/li>\n<li>(1) CMJ-OPT-01 Crossover Pull Up Station<\/li>\n<\/ul>\n","protected":false},"excerpt":{"rendered":"<p>HOIST Commercial Multi Jungle System kan anpassas f\u00f6r att m\u00f6ta b\u00e5de ditt gyms f\u00f6ruts\u00e4ttningar och dina medlemmars tr\u00e4ningskrav. Du kan ut\u00f6ka systemet fr\u00e5n den standardiserade (4) stationspodden till en (9) stations- eller (14) stationskonfiguration genom att l\u00e4gga till Crossover Pull-up Bar (CMJ-OPT-01). Jungle System h\u00e5ller anv\u00e4ndarna engagerade genom att erbjuda m\u00f6jligheten att tr\u00e4na hela kroppen [&hellip;]<\/p>\n","protected":false},"featured_media":20131,"template":"","meta":{"_acf_changed":false,"inline_featured_image":false},"variation":[],"product_brand":[],"product_cat":[298,318,323],"product_tag":[301],"class_list":{"0":"post-19153","1":"product","2":"type-product","3":"status-publish","4":"has-post-thumbnail","6":"product_cat-multi-stations","7":"product_cat-hoist","8":"product_cat-multi-jungle-systems","9":"product_tag-hoist-fitness","11":"first","12":"instock","13":"shipping-taxable","14":"purchasable","15":"product-type-simple"},"acf":[],"yoast_head":"<!-- This site is optimized with the Yoast SEO plugin v26.8 - https:\/\/yoast.com\/product\/yoast-seo-wordpress\/ -->\n<title>Multi-Jungle System, Cable Crossover | Apirosport<\/title>\n<meta name=\"robots\" content=\"index, follow, max-snippet:-1, max-image-preview:large, max-video-preview:-1\" \/>\n<link rel=\"canonical\" href=\"https:\/\/apirosport.com\/sv\/produkt\/cable-crossover-cmd\/\" \/>\n<meta property=\"og:locale\" content=\"sv_SE\" \/>\n<meta property=\"og:type\" content=\"article\" \/>\n<meta property=\"og:title\" content=\"Multi-Jungle System, Cable Crossover | Apirosport\" \/>\n<meta property=\"og:description\" content=\"HOIST Commercial Multi Jungle System kan anpassas f\u00f6r att m\u00f6ta b\u00e5de ditt gyms f\u00f6ruts\u00e4ttningar och dina medlemmars tr\u00e4ningskrav. Du kan ut\u00f6ka systemet fr\u00e5n den standardiserade (4) stationspodden till en (9) stations- eller (14) stationskonfiguration genom att l\u00e4gga till Crossover Pull-up Bar (CMJ-OPT-01). Jungle System h\u00e5ller anv\u00e4ndarna engagerade genom att erbjuda m\u00f6jligheten att tr\u00e4na hela kroppen [&hellip;]\" \/>\n<meta property=\"og:url\" content=\"https:\/\/apirosport.com\/sv\/produkt\/cable-crossover-cmd\/\" \/>\n<meta property=\"og:site_name\" content=\"Apirosport\" \/>\n<meta property=\"article:modified_time\" content=\"2026-04-01T13:51:33+00:00\" \/>\n<meta property=\"og:image\" content=\"https:\/\/apirosport.com\/wp-content\/uploads\/2025\/12\/crossover-2.png\" \/>\n\t<meta property=\"og:image:width\" content=\"1181\" \/>\n\t<meta property=\"og:image:height\" content=\"1181\" \/>\n\t<meta property=\"og:image:type\" content=\"image\/png\" \/>\n<meta name=\"twitter:card\" content=\"summary_large_image\" \/>\n<meta name=\"twitter:title\" content=\"Apirosport\" \/>\n<meta name=\"twitter:label1\" content=\"Ber\u00e4knad l\u00e4stid\" \/>\n\t<meta name=\"twitter:data1\" content=\"1 minut\" \/>\n<script type=\"application\/ld+json\" class=\"yoast-schema-graph\">{\"@context\":\"https:\/\/schema.org\",\"@graph\":[{\"@type\":\"WebPage\",\"@id\":\"https:\/\/apirosport.com\/sv\/produkt\/cable-crossover-cmd\/\",\"url\":\"https:\/\/apirosport.com\/sv\/produkt\/cable-crossover-cmd\/\",\"name\":\"Multi-Jungle System, Cable Crossover | Apirosport\",\"isPartOf\":{\"@id\":\"https:\/\/apirosport.com\/sv\/#website\"},\"primaryImageOfPage\":{\"@id\":\"https:\/\/apirosport.com\/sv\/produkt\/cable-crossover-cmd\/#primaryimage\"},\"image\":{\"@id\":\"https:\/\/apirosport.com\/sv\/produkt\/cable-crossover-cmd\/#primaryimage\"},\"thumbnailUrl\":\"https:\/\/apirosport.com\/wp-content\/uploads\/2025\/12\/crossover-2.png\",\"datePublished\":\"2024-10-24T14:34:08+00:00\",\"dateModified\":\"2026-04-01T13:51:33+00:00\",\"breadcrumb\":{\"@id\":\"https:\/\/apirosport.com\/sv\/produkt\/cable-crossover-cmd\/#breadcrumb\"},\"inLanguage\":\"sv-SE\",\"potentialAction\":[{\"@type\":\"ReadAction\",\"target\":[\"https:\/\/apirosport.com\/sv\/produkt\/cable-crossover-cmd\/\"]}]},{\"@type\":\"ImageObject\",\"inLanguage\":\"sv-SE\",\"@id\":\"https:\/\/apirosport.com\/sv\/produkt\/cable-crossover-cmd\/#primaryimage\",\"url\":\"https:\/\/apirosport.com\/wp-content\/uploads\/2025\/12\/crossover-2.png\",\"contentUrl\":\"https:\/\/apirosport.com\/wp-content\/uploads\/2025\/12\/crossover-2.png\",\"width\":1181,\"height\":1181},{\"@type\":\"BreadcrumbList\",\"@id\":\"https:\/\/apirosport.com\/sv\/produkt\/cable-crossover-cmd\/#breadcrumb\",\"itemListElement\":[{\"@type\":\"ListItem\",\"position\":1,\"name\":\"Home\",\"item\":\"https:\/\/apirosport.com\/sv\/\"},{\"@type\":\"ListItem\",\"position\":2,\"name\":\"Produkter\",\"item\":\"https:\/\/apirosport.com\/sv\/produkter\/\"},{\"@type\":\"ListItem\",\"position\":3,\"name\":\"Multi-Jungle System, Cable Crossover\"}]},{\"@type\":\"WebSite\",\"@id\":\"https:\/\/apirosport.com\/sv\/#website\",\"url\":\"https:\/\/apirosport.com\/sv\/\",\"name\":\"Apirosport\",\"description\":\"\",\"publisher\":{\"@id\":\"https:\/\/apirosport.com\/sv\/#organization\"},\"alternateName\":\"Apirosport\",\"potentialAction\":[{\"@type\":\"SearchAction\",\"target\":{\"@type\":\"EntryPoint\",\"urlTemplate\":\"https:\/\/apirosport.com\/sv\/?s={search_term_string}\"},\"query-input\":{\"@type\":\"PropertyValueSpecification\",\"valueRequired\":true,\"valueName\":\"search_term_string\"}}],\"inLanguage\":\"sv-SE\"},{\"@type\":\"Organization\",\"@id\":\"https:\/\/apirosport.com\/sv\/#organization\",\"name\":\"Apirosport\",\"alternateName\":\"Apirosport\",\"url\":\"https:\/\/apirosport.com\/sv\/\",\"logo\":{\"@type\":\"ImageObject\",\"inLanguage\":\"sv-SE\",\"@id\":\"https:\/\/apirosport.com\/sv\/#\/schema\/logo\/image\/\",\"url\":\"https:\/\/apirosport.com\/wp-content\/uploads\/2025\/12\/Apirosport-yellow-scaled.png\",\"contentUrl\":\"https:\/\/apirosport.com\/wp-content\/uploads\/2025\/12\/Apirosport-yellow-scaled.png\",\"width\":2560,\"height\":2278,\"caption\":\"Apirosport\"},\"image\":{\"@id\":\"https:\/\/apirosport.com\/sv\/#\/schema\/logo\/image\/\"}}]}<\/script>\n<!-- \/ Yoast SEO plugin. -->","yoast_head_json":{"title":"Multi-Jungle System, Cable Crossover | Apirosport","robots":{"index":"index","follow":"follow","max-snippet":"max-snippet:-1","max-image-preview":"max-image-preview:large","max-video-preview":"max-video-preview:-1"},"canonical":"https:\/\/apirosport.com\/sv\/produkt\/cable-crossover-cmd\/","og_locale":"sv_SE","og_type":"article","og_title":"Multi-Jungle System, Cable Crossover | Apirosport","og_description":"HOIST Commercial Multi Jungle System kan anpassas f\u00f6r att m\u00f6ta b\u00e5de ditt gyms f\u00f6ruts\u00e4ttningar och dina medlemmars tr\u00e4ningskrav. Du kan ut\u00f6ka systemet fr\u00e5n den standardiserade (4) stationspodden till en (9) stations- eller (14) stationskonfiguration genom att l\u00e4gga till Crossover Pull-up Bar (CMJ-OPT-01). Jungle System h\u00e5ller anv\u00e4ndarna engagerade genom att erbjuda m\u00f6jligheten att tr\u00e4na hela kroppen [&hellip;]","og_url":"https:\/\/apirosport.com\/sv\/produkt\/cable-crossover-cmd\/","og_site_name":"Apirosport","article_modified_time":"2026-04-01T13:51:33+00:00","og_image":[{"width":1181,"height":1181,"url":"https:\/\/apirosport.com\/wp-content\/uploads\/2025\/12\/crossover-2.png","type":"image\/png"}],"twitter_card":"summary_large_image","twitter_title":"Apirosport","twitter_misc":{"Ber\u00e4knad l\u00e4stid":"1 minut"},"schema":{"@context":"https:\/\/schema.org","@graph":[{"@type":"WebPage","@id":"https:\/\/apirosport.com\/sv\/produkt\/cable-crossover-cmd\/","url":"https:\/\/apirosport.com\/sv\/produkt\/cable-crossover-cmd\/","name":"Multi-Jungle System, Cable Crossover | Apirosport","isPartOf":{"@id":"https:\/\/apirosport.com\/sv\/#website"},"primaryImageOfPage":{"@id":"https:\/\/apirosport.com\/sv\/produkt\/cable-crossover-cmd\/#primaryimage"},"image":{"@id":"https:\/\/apirosport.com\/sv\/produkt\/cable-crossover-cmd\/#primaryimage"},"thumbnailUrl":"https:\/\/apirosport.com\/wp-content\/uploads\/2025\/12\/crossover-2.png","datePublished":"2024-10-24T14:34:08+00:00","dateModified":"2026-04-01T13:51:33+00:00","breadcrumb":{"@id":"https:\/\/apirosport.com\/sv\/produkt\/cable-crossover-cmd\/#breadcrumb"},"inLanguage":"sv-SE","potentialAction":[{"@type":"ReadAction","target":["https:\/\/apirosport.com\/sv\/produkt\/cable-crossover-cmd\/"]}]},{"@type":"ImageObject","inLanguage":"sv-SE","@id":"https:\/\/apirosport.com\/sv\/produkt\/cable-crossover-cmd\/#primaryimage","url":"https:\/\/apirosport.com\/wp-content\/uploads\/2025\/12\/crossover-2.png","contentUrl":"https:\/\/apirosport.com\/wp-content\/uploads\/2025\/12\/crossover-2.png","width":1181,"height":1181},{"@type":"BreadcrumbList","@id":"https:\/\/apirosport.com\/sv\/produkt\/cable-crossover-cmd\/#breadcrumb","itemListElement":[{"@type":"ListItem","position":1,"name":"Home","item":"https:\/\/apirosport.com\/sv\/"},{"@type":"ListItem","position":2,"name":"Produkter","item":"https:\/\/apirosport.com\/sv\/produkter\/"},{"@type":"ListItem","position":3,"name":"Multi-Jungle System, Cable Crossover"}]},{"@type":"WebSite","@id":"https:\/\/apirosport.com\/sv\/#website","url":"https:\/\/apirosport.com\/sv\/","name":"Apirosport","description":"","publisher":{"@id":"https:\/\/apirosport.com\/sv\/#organization"},"alternateName":"Apirosport","potentialAction":[{"@type":"SearchAction","target":{"@type":"EntryPoint","urlTemplate":"https:\/\/apirosport.com\/sv\/?s={search_term_string}"},"query-input":{"@type":"PropertyValueSpecification","valueRequired":true,"valueName":"search_term_string"}}],"inLanguage":"sv-SE"},{"@type":"Organization","@id":"https:\/\/apirosport.com\/sv\/#organization","name":"Apirosport","alternateName":"Apirosport","url":"https:\/\/apirosport.com\/sv\/","logo":{"@type":"ImageObject","inLanguage":"sv-SE","@id":"https:\/\/apirosport.com\/sv\/#\/schema\/logo\/image\/","url":"https:\/\/apirosport.com\/wp-content\/uploads\/2025\/12\/Apirosport-yellow-scaled.png","contentUrl":"https:\/\/apirosport.com\/wp-content\/uploads\/2025\/12\/Apirosport-yellow-scaled.png","width":2560,"height":2278,"caption":"Apirosport"},"image":{"@id":"https:\/\/apirosport.com\/sv\/#\/schema\/logo\/image\/"}}]}},"_links":{"self":[{"href":"https:\/\/apirosport.com\/sv\/wp-json\/wp\/v2\/product\/19153","targetHints":{"allow":["GET"]}}],"collection":[{"href":"https:\/\/apirosport.com\/sv\/wp-json\/wp\/v2\/product"}],"about":[{"href":"https:\/\/apirosport.com\/sv\/wp-json\/wp\/v2\/types\/product"}],"wp:featuredmedia":[{"embeddable":true,"href":"https:\/\/apirosport.com\/sv\/wp-json\/wp\/v2\/media\/20131"}],"wp:attachment":[{"href":"https:\/\/apirosport.com\/sv\/wp-json\/wp\/v2\/media?parent=19153"}],"wp:term":[{"taxonomy":"variation","embeddable":true,"href":"https:\/\/apirosport.com\/sv\/wp-json\/wp\/v2\/variation?post=19153"},{"taxonomy":"product_brand","embeddable":true,"href":"https:\/\/apirosport.com\/sv\/wp-json\/wp\/v2\/product_brand?post=19153"},{"taxonomy":"product_cat","embeddable":true,"href":"https:\/\/apirosport.com\/sv\/wp-json\/wp\/v2\/product_cat?post=19153"},{"taxonomy":"product_tag","embeddable":true,"href":"https:\/\/apirosport.com\/sv\/wp-json\/wp\/v2\/product_tag?post=19153"}],"curies":[{"name":"wp","href":"https:\/\/api.w.org\/{rel}","templated":true}]}}