{"id":19156,"date":"2024-10-24T14:51:10","date_gmt":"2024-10-24T14:51:10","guid":{"rendered":"https:\/\/apirosport.com\/?post_type=product&#038;p=19156"},"modified":"2026-03-25T10:08:03","modified_gmt":"2026-03-25T10:08:03","slug":"6station-singlepod-cmj","status":"publish","type":"product","link":"https:\/\/apirosport.com\/sv\/produkt\/6station-singlepod-cmj\/","title":{"rendered":"Multi-Jungle System, 6 Station &#8211; Single Pod"},"content":{"rendered":"<div class=\"flex max-w-full flex-col flex-grow\">\n<div class=\"min-h-8 text-message flex w-full flex-col items-end gap-2 whitespace-normal break-words [.text-message+&amp;]:mt-5\" dir=\"auto\" data-message-author-role=\"assistant\" data-message-id=\"f1c6357c-be23-4cce-a9ed-55408f609633\" data-message-model-slug=\"gpt-4o\">\n<div class=\"flex w-full flex-col gap-1 empty:hidden first:pt-[3px]\">\n<div class=\"markdown prose w-full break-words dark:prose-invert light\">\n<p>HOIST Commercial Multi Jungle System kan anpassas f\u00f6r att m\u00f6ta b\u00e5de din anl\u00e4ggnings- och dina medlemmars krav. Du kan ut\u00f6ka systemet fr\u00e5n den standardiserade stationspodden till en (9) eller (14) stationskonfiguration genom att l\u00e4gga till Crossover Pull-up Bar (CMJ-OPT-01). Jungle System h\u00e5ller anv\u00e4ndarna engagerade genom att erbjuda m\u00f6jligheten att tr\u00e4na hela kroppen samt flexibiliteten att definiera sina egna \u00f6vningar.<\/p>\n<ul>\n<li>Unik enhandshiss f\u00f6r justering<\/li>\n<li>Vinklad sits f\u00f6r korrekt h\u00e5llning och l\u00e5g stegh\u00f6jd f\u00f6r enkel in- och utstigning vid Low Row Station<\/li>\n<li>Integrerade kl\u00e4ttergrepp ger en sp\u00e4nnande tr\u00e4ningsvariation<\/li>\n<\/ul>\n<p>Inkluderar f\u00f6ljande stationer:<\/p>\n<ul>\n<li>(1) CMJ-6101 Triceps Extension (viktmagasin: 77 kg)<\/li>\n<li>(1) CMJ-6175 EZG Hi-Lo Trissa (viktmagasin: 88 kg)<\/li>\n<li>(1) CMJ-6201 Lat Pulldown (viktmagasin: 133 kg) *Dubbel Lat Pulldown-alternativ<\/li>\n<li>(1) CMJ-6203 Low Row (viktmagasin: 133 kg) *Dubbel Low Row-alternativ<\/li>\n<li>(1) CMS-6175 Frist\u00e5ende Hi-Lo Trissa (viktmagasin: 88 kg)<\/li>\n<li>(1) CMJ-OPT-01 Crossover Pull Up Station<\/li>\n<li>(1) CMJ-CAGE Bas Cage<\/li>\n<\/ul>\n<\/div>\n<\/div>\n<\/div>\n<\/div>\n<div class=\"mb-2 flex gap-3 empty:hidden -ml-2\"><\/div>\n","protected":false},"excerpt":{"rendered":"<p>HOIST Commercial Multi Jungle System kan anpassas f\u00f6r att m\u00f6ta b\u00e5de din anl\u00e4ggnings- och dina medlemmars krav. Du kan ut\u00f6ka systemet fr\u00e5n den standardiserade stationspodden till en (9) eller (14) stationskonfiguration genom att l\u00e4gga till Crossover Pull-up Bar (CMJ-OPT-01). Jungle System h\u00e5ller anv\u00e4ndarna engagerade genom att erbjuda m\u00f6jligheten att tr\u00e4na hela kroppen samt flexibiliteten att [&hellip;]<\/p>\n","protected":false},"featured_media":20132,"template":"","meta":{"_acf_changed":false,"inline_featured_image":false},"variation":[],"product_brand":[],"product_cat":[96,296,298,318,323],"product_tag":[301],"class_list":{"0":"post-19156","1":"product","2":"type-product","3":"status-publish","4":"has-post-thumbnail","6":"product_cat-styrkemaskiner","7":"product_cat-kabelmaskiner","8":"product_cat-multi-stations","9":"product_cat-hoist","10":"product_cat-multi-jungle-systems","11":"product_tag-hoist-fitness","13":"first","14":"instock","15":"shipping-taxable","16":"purchasable","17":"product-type-simple"},"acf":[],"yoast_head":"<!-- This site is optimized with the Yoast SEO plugin v26.8 - https:\/\/yoast.com\/product\/yoast-seo-wordpress\/ -->\n<title>Multi-Jungle System, 6 Station - Single Pod | Apirosport<\/title>\n<meta name=\"robots\" content=\"index, follow, max-snippet:-1, max-image-preview:large, max-video-preview:-1\" \/>\n<link rel=\"canonical\" href=\"https:\/\/apirosport.com\/sv\/produkt\/6station-singlepod-cmj\/\" \/>\n<meta property=\"og:locale\" content=\"sv_SE\" \/>\n<meta property=\"og:type\" content=\"article\" \/>\n<meta property=\"og:title\" content=\"Multi-Jungle System, 6 Station - Single Pod | Apirosport\" \/>\n<meta property=\"og:description\" content=\"HOIST Commercial Multi Jungle System kan anpassas f\u00f6r att m\u00f6ta b\u00e5de din anl\u00e4ggnings- och dina medlemmars krav. Du kan ut\u00f6ka systemet fr\u00e5n den standardiserade stationspodden till en (9) eller (14) stationskonfiguration genom att l\u00e4gga till Crossover Pull-up Bar (CMJ-OPT-01). Jungle System h\u00e5ller anv\u00e4ndarna engagerade genom att erbjuda m\u00f6jligheten att tr\u00e4na hela kroppen samt flexibiliteten att [&hellip;]\" \/>\n<meta property=\"og:url\" content=\"https:\/\/apirosport.com\/sv\/produkt\/6station-singlepod-cmj\/\" \/>\n<meta property=\"og:site_name\" content=\"Apirosport\" \/>\n<meta property=\"article:modified_time\" content=\"2026-03-25T10:08:03+00:00\" \/>\n<meta property=\"og:image\" content=\"https:\/\/apirosport.com\/wp-content\/uploads\/2025\/12\/6-station-2.png\" \/>\n\t<meta property=\"og:image:width\" content=\"1181\" \/>\n\t<meta property=\"og:image:height\" content=\"1181\" \/>\n\t<meta property=\"og:image:type\" content=\"image\/png\" \/>\n<meta name=\"twitter:card\" content=\"summary_large_image\" \/>\n<meta name=\"twitter:title\" content=\"Apirosport\" \/>\n<meta name=\"twitter:label1\" content=\"Ber\u00e4knad l\u00e4stid\" \/>\n\t<meta name=\"twitter:data1\" content=\"1 minut\" \/>\n<script type=\"application\/ld+json\" class=\"yoast-schema-graph\">{\"@context\":\"https:\/\/schema.org\",\"@graph\":[{\"@type\":\"WebPage\",\"@id\":\"https:\/\/apirosport.com\/sv\/produkt\/6station-singlepod-cmj\/\",\"url\":\"https:\/\/apirosport.com\/sv\/produkt\/6station-singlepod-cmj\/\",\"name\":\"Multi-Jungle System, 6 Station - Single Pod | Apirosport\",\"isPartOf\":{\"@id\":\"https:\/\/apirosport.com\/sv\/#website\"},\"primaryImageOfPage\":{\"@id\":\"https:\/\/apirosport.com\/sv\/produkt\/6station-singlepod-cmj\/#primaryimage\"},\"image\":{\"@id\":\"https:\/\/apirosport.com\/sv\/produkt\/6station-singlepod-cmj\/#primaryimage\"},\"thumbnailUrl\":\"https:\/\/apirosport.com\/wp-content\/uploads\/2025\/12\/6-station-2.png\",\"datePublished\":\"2024-10-24T14:51:10+00:00\",\"dateModified\":\"2026-03-25T10:08:03+00:00\",\"breadcrumb\":{\"@id\":\"https:\/\/apirosport.com\/sv\/produkt\/6station-singlepod-cmj\/#breadcrumb\"},\"inLanguage\":\"sv-SE\",\"potentialAction\":[{\"@type\":\"ReadAction\",\"target\":[\"https:\/\/apirosport.com\/sv\/produkt\/6station-singlepod-cmj\/\"]}]},{\"@type\":\"ImageObject\",\"inLanguage\":\"sv-SE\",\"@id\":\"https:\/\/apirosport.com\/sv\/produkt\/6station-singlepod-cmj\/#primaryimage\",\"url\":\"https:\/\/apirosport.com\/wp-content\/uploads\/2025\/12\/6-station-2.png\",\"contentUrl\":\"https:\/\/apirosport.com\/wp-content\/uploads\/2025\/12\/6-station-2.png\",\"width\":1181,\"height\":1181},{\"@type\":\"BreadcrumbList\",\"@id\":\"https:\/\/apirosport.com\/sv\/produkt\/6station-singlepod-cmj\/#breadcrumb\",\"itemListElement\":[{\"@type\":\"ListItem\",\"position\":1,\"name\":\"Home\",\"item\":\"https:\/\/apirosport.com\/sv\/\"},{\"@type\":\"ListItem\",\"position\":2,\"name\":\"Butik\",\"item\":\"https:\/\/apirosport.com\/products\/\"},{\"@type\":\"ListItem\",\"position\":3,\"name\":\"Multi-Jungle System, 6 Station &#8211; Single Pod\"}]},{\"@type\":\"WebSite\",\"@id\":\"https:\/\/apirosport.com\/sv\/#website\",\"url\":\"https:\/\/apirosport.com\/sv\/\",\"name\":\"Apirosport\",\"description\":\"\",\"publisher\":{\"@id\":\"https:\/\/apirosport.com\/sv\/#organization\"},\"alternateName\":\"Apirosport\",\"potentialAction\":[{\"@type\":\"SearchAction\",\"target\":{\"@type\":\"EntryPoint\",\"urlTemplate\":\"https:\/\/apirosport.com\/sv\/?s={search_term_string}\"},\"query-input\":{\"@type\":\"PropertyValueSpecification\",\"valueRequired\":true,\"valueName\":\"search_term_string\"}}],\"inLanguage\":\"sv-SE\"},{\"@type\":\"Organization\",\"@id\":\"https:\/\/apirosport.com\/sv\/#organization\",\"name\":\"Apirosport\",\"alternateName\":\"Apirosport\",\"url\":\"https:\/\/apirosport.com\/sv\/\",\"logo\":{\"@type\":\"ImageObject\",\"inLanguage\":\"sv-SE\",\"@id\":\"https:\/\/apirosport.com\/sv\/#\/schema\/logo\/image\/\",\"url\":\"https:\/\/apirosport.com\/wp-content\/uploads\/2025\/12\/Apirosport-yellow-scaled.png\",\"contentUrl\":\"https:\/\/apirosport.com\/wp-content\/uploads\/2025\/12\/Apirosport-yellow-scaled.png\",\"width\":2560,\"height\":2278,\"caption\":\"Apirosport\"},\"image\":{\"@id\":\"https:\/\/apirosport.com\/sv\/#\/schema\/logo\/image\/\"}}]}<\/script>\n<!-- \/ Yoast SEO plugin. -->","yoast_head_json":{"title":"Multi-Jungle System, 6 Station - Single Pod | Apirosport","robots":{"index":"index","follow":"follow","max-snippet":"max-snippet:-1","max-image-preview":"max-image-preview:large","max-video-preview":"max-video-preview:-1"},"canonical":"https:\/\/apirosport.com\/sv\/produkt\/6station-singlepod-cmj\/","og_locale":"sv_SE","og_type":"article","og_title":"Multi-Jungle System, 6 Station - Single Pod | Apirosport","og_description":"HOIST Commercial Multi Jungle System kan anpassas f\u00f6r att m\u00f6ta b\u00e5de din anl\u00e4ggnings- och dina medlemmars krav. Du kan ut\u00f6ka systemet fr\u00e5n den standardiserade stationspodden till en (9) eller (14) stationskonfiguration genom att l\u00e4gga till Crossover Pull-up Bar (CMJ-OPT-01). Jungle System h\u00e5ller anv\u00e4ndarna engagerade genom att erbjuda m\u00f6jligheten att tr\u00e4na hela kroppen samt flexibiliteten att [&hellip;]","og_url":"https:\/\/apirosport.com\/sv\/produkt\/6station-singlepod-cmj\/","og_site_name":"Apirosport","article_modified_time":"2026-03-25T10:08:03+00:00","og_image":[{"width":1181,"height":1181,"url":"https:\/\/apirosport.com\/wp-content\/uploads\/2025\/12\/6-station-2.png","type":"image\/png"}],"twitter_card":"summary_large_image","twitter_title":"Apirosport","twitter_misc":{"Ber\u00e4knad l\u00e4stid":"1 minut"},"schema":{"@context":"https:\/\/schema.org","@graph":[{"@type":"WebPage","@id":"https:\/\/apirosport.com\/sv\/produkt\/6station-singlepod-cmj\/","url":"https:\/\/apirosport.com\/sv\/produkt\/6station-singlepod-cmj\/","name":"Multi-Jungle System, 6 Station - Single Pod | Apirosport","isPartOf":{"@id":"https:\/\/apirosport.com\/sv\/#website"},"primaryImageOfPage":{"@id":"https:\/\/apirosport.com\/sv\/produkt\/6station-singlepod-cmj\/#primaryimage"},"image":{"@id":"https:\/\/apirosport.com\/sv\/produkt\/6station-singlepod-cmj\/#primaryimage"},"thumbnailUrl":"https:\/\/apirosport.com\/wp-content\/uploads\/2025\/12\/6-station-2.png","datePublished":"2024-10-24T14:51:10+00:00","dateModified":"2026-03-25T10:08:03+00:00","breadcrumb":{"@id":"https:\/\/apirosport.com\/sv\/produkt\/6station-singlepod-cmj\/#breadcrumb"},"inLanguage":"sv-SE","potentialAction":[{"@type":"ReadAction","target":["https:\/\/apirosport.com\/sv\/produkt\/6station-singlepod-cmj\/"]}]},{"@type":"ImageObject","inLanguage":"sv-SE","@id":"https:\/\/apirosport.com\/sv\/produkt\/6station-singlepod-cmj\/#primaryimage","url":"https:\/\/apirosport.com\/wp-content\/uploads\/2025\/12\/6-station-2.png","contentUrl":"https:\/\/apirosport.com\/wp-content\/uploads\/2025\/12\/6-station-2.png","width":1181,"height":1181},{"@type":"BreadcrumbList","@id":"https:\/\/apirosport.com\/sv\/produkt\/6station-singlepod-cmj\/#breadcrumb","itemListElement":[{"@type":"ListItem","position":1,"name":"Home","item":"https:\/\/apirosport.com\/sv\/"},{"@type":"ListItem","position":2,"name":"Butik","item":"https:\/\/apirosport.com\/products\/"},{"@type":"ListItem","position":3,"name":"Multi-Jungle System, 6 Station &#8211; Single Pod"}]},{"@type":"WebSite","@id":"https:\/\/apirosport.com\/sv\/#website","url":"https:\/\/apirosport.com\/sv\/","name":"Apirosport","description":"","publisher":{"@id":"https:\/\/apirosport.com\/sv\/#organization"},"alternateName":"Apirosport","potentialAction":[{"@type":"SearchAction","target":{"@type":"EntryPoint","urlTemplate":"https:\/\/apirosport.com\/sv\/?s={search_term_string}"},"query-input":{"@type":"PropertyValueSpecification","valueRequired":true,"valueName":"search_term_string"}}],"inLanguage":"sv-SE"},{"@type":"Organization","@id":"https:\/\/apirosport.com\/sv\/#organization","name":"Apirosport","alternateName":"Apirosport","url":"https:\/\/apirosport.com\/sv\/","logo":{"@type":"ImageObject","inLanguage":"sv-SE","@id":"https:\/\/apirosport.com\/sv\/#\/schema\/logo\/image\/","url":"https:\/\/apirosport.com\/wp-content\/uploads\/2025\/12\/Apirosport-yellow-scaled.png","contentUrl":"https:\/\/apirosport.com\/wp-content\/uploads\/2025\/12\/Apirosport-yellow-scaled.png","width":2560,"height":2278,"caption":"Apirosport"},"image":{"@id":"https:\/\/apirosport.com\/sv\/#\/schema\/logo\/image\/"}}]}},"_links":{"self":[{"href":"https:\/\/apirosport.com\/sv\/wp-json\/wp\/v2\/product\/19156","targetHints":{"allow":["GET"]}}],"collection":[{"href":"https:\/\/apirosport.com\/sv\/wp-json\/wp\/v2\/product"}],"about":[{"href":"https:\/\/apirosport.com\/sv\/wp-json\/wp\/v2\/types\/product"}],"wp:featuredmedia":[{"embeddable":true,"href":"https:\/\/apirosport.com\/sv\/wp-json\/wp\/v2\/media\/20132"}],"wp:attachment":[{"href":"https:\/\/apirosport.com\/sv\/wp-json\/wp\/v2\/media?parent=19156"}],"wp:term":[{"taxonomy":"variation","embeddable":true,"href":"https:\/\/apirosport.com\/sv\/wp-json\/wp\/v2\/variation?post=19156"},{"taxonomy":"product_brand","embeddable":true,"href":"https:\/\/apirosport.com\/sv\/wp-json\/wp\/v2\/product_brand?post=19156"},{"taxonomy":"product_cat","embeddable":true,"href":"https:\/\/apirosport.com\/sv\/wp-json\/wp\/v2\/product_cat?post=19156"},{"taxonomy":"product_tag","embeddable":true,"href":"https:\/\/apirosport.com\/sv\/wp-json\/wp\/v2\/product_tag?post=19156"}],"curies":[{"name":"wp","href":"https:\/\/api.w.org\/{rel}","templated":true}]}}