{"id":19340,"date":"2024-11-25T14:39:42","date_gmt":"2024-11-25T14:39:42","guid":{"rendered":"https:\/\/apirosport.com\/?post_type=product&#038;p=19340"},"modified":"2026-03-23T17:34:56","modified_gmt":"2026-03-23T17:34:56","slug":"leverage-ab-crunch","status":"publish","type":"product","link":"https:\/\/apirosport.com\/sv\/produkt\/leverage-ab-crunch\/","title":{"rendered":"Leverage Abdominal Crunch"},"content":{"rendered":"<p>Nautilus Leverage\u2122-serien erbjuder en unik upplevelse med viktplattor som \u00f6vertr\u00e4ffar konkurrensen. Leverage-serien har rostfria, r\u00e4fflade handtag och assisterade sitsjusteringar. Genom att anv\u00e4nda flera h\u00e4vst\u00e4nger och kammar skapar Leverage en unik lyftprofil f\u00f6r varje r\u00f6relse som optimerar m\u00e4nniskokroppens mekanik. Med en elegant design och integrerad f\u00f6rvaring tilltalar Leverage-serien b\u00e5de gym\u00e4gare och deras medlemmar.<\/p>\n<ul>\n<li>Rostfria, r\u00e4fflade handtag<\/li>\n<li>Maxkapacitet: 123 kg per arm<\/li>\n<li>Startmotst\u00e5nd: 13 kg per arm<\/li>\n<li>Kombinationen av \u00f6vre och nedre r\u00f6relsearmar omdefinierar den ursprungliga Nautilus Abdominal Crunch (&#8221;clamshell&#8221;) med modern teknik<\/li>\n<li>Fyrl\u00e4nkssystem p\u00e5 den \u00f6vre r\u00f6relsearmen skapar en r\u00f6rlig rotationsaxel runt br\u00f6stryggsomr\u00e5det f\u00f6r optimal anv\u00e4ndark\u00e4nsla<\/li>\n<li>L\u00e5ga belastningspunkter f\u00f6r s\u00e4ker och enkel anv\u00e4ndning<\/li>\n<li>Viktplattor s\u00e4ljs separat<\/li>\n<\/ul>\n","protected":false},"excerpt":{"rendered":"<p>Nautilus Leverage\u2122-serien erbjuder en unik upplevelse med viktplattor som \u00f6vertr\u00e4ffar konkurrensen. Leverage-serien har rostfria, r\u00e4fflade handtag och assisterade sitsjusteringar. Genom att anv\u00e4nda flera h\u00e4vst\u00e4nger och kammar skapar Leverage en unik lyftprofil f\u00f6r varje r\u00f6relse som optimerar m\u00e4nniskokroppens mekanik. Med en elegant design och integrerad f\u00f6rvaring tilltalar Leverage-serien b\u00e5de gym\u00e4gare och deras medlemmar. Rostfria, r\u00e4fflade handtag [&hellip;]<\/p>\n","protected":false},"featured_media":20135,"template":"","meta":{"_acf_changed":false,"inline_featured_image":false},"variation":[],"product_brand":[],"product_cat":[304,309,314],"product_tag":[308],"class_list":{"0":"post-19340","1":"product","2":"type-product","3":"status-publish","4":"has-post-thumbnail","6":"product_cat-plate-loaded","7":"product_cat-nautilus","8":"product_cat-nautilus-leverage","9":"product_tag-nautilus-strength","11":"first","12":"instock","13":"shipping-taxable","14":"product-type-simple"},"acf":[],"yoast_head":"<!-- This site is optimized with the Yoast SEO plugin v26.8 - https:\/\/yoast.com\/product\/yoast-seo-wordpress\/ -->\n<title>Leverage Abdominal Crunch | Apirosport<\/title>\n<meta name=\"robots\" content=\"index, follow, max-snippet:-1, max-image-preview:large, max-video-preview:-1\" \/>\n<link rel=\"canonical\" href=\"https:\/\/apirosport.com\/sv\/produkt\/leverage-ab-crunch\/\" \/>\n<meta property=\"og:locale\" content=\"sv_SE\" \/>\n<meta property=\"og:type\" content=\"article\" \/>\n<meta property=\"og:title\" content=\"Leverage Abdominal Crunch | Apirosport\" \/>\n<meta property=\"og:description\" content=\"Nautilus Leverage\u2122-serien erbjuder en unik upplevelse med viktplattor som \u00f6vertr\u00e4ffar konkurrensen. Leverage-serien har rostfria, r\u00e4fflade handtag och assisterade sitsjusteringar. Genom att anv\u00e4nda flera h\u00e4vst\u00e4nger och kammar skapar Leverage en unik lyftprofil f\u00f6r varje r\u00f6relse som optimerar m\u00e4nniskokroppens mekanik. Med en elegant design och integrerad f\u00f6rvaring tilltalar Leverage-serien b\u00e5de gym\u00e4gare och deras medlemmar. Rostfria, r\u00e4fflade handtag [&hellip;]\" \/>\n<meta property=\"og:url\" content=\"https:\/\/apirosport.com\/sv\/produkt\/leverage-ab-crunch\/\" \/>\n<meta property=\"og:site_name\" content=\"Apirosport\" \/>\n<meta property=\"article:modified_time\" content=\"2026-03-23T17:34:56+00:00\" \/>\n<meta property=\"og:image\" content=\"https:\/\/apirosport.com\/wp-content\/uploads\/2025\/12\/Nautilus-leverage-abcrunch-2.png\" \/>\n\t<meta property=\"og:image:width\" content=\"2048\" \/>\n\t<meta property=\"og:image:height\" content=\"1737\" \/>\n\t<meta property=\"og:image:type\" content=\"image\/png\" \/>\n<meta name=\"twitter:card\" content=\"summary_large_image\" \/>\n<meta name=\"twitter:title\" content=\"Apirosport\" \/>\n<meta name=\"twitter:label1\" content=\"Ber\u00e4knad l\u00e4stid\" \/>\n\t<meta name=\"twitter:data1\" content=\"1 minut\" \/>\n<script type=\"application\/ld+json\" class=\"yoast-schema-graph\">{\"@context\":\"https:\/\/schema.org\",\"@graph\":[{\"@type\":\"WebPage\",\"@id\":\"https:\/\/apirosport.com\/sv\/produkt\/leverage-ab-crunch\/\",\"url\":\"https:\/\/apirosport.com\/sv\/produkt\/leverage-ab-crunch\/\",\"name\":\"Leverage Abdominal Crunch | Apirosport\",\"isPartOf\":{\"@id\":\"https:\/\/apirosport.com\/sv\/#website\"},\"primaryImageOfPage\":{\"@id\":\"https:\/\/apirosport.com\/sv\/produkt\/leverage-ab-crunch\/#primaryimage\"},\"image\":{\"@id\":\"https:\/\/apirosport.com\/sv\/produkt\/leverage-ab-crunch\/#primaryimage\"},\"thumbnailUrl\":\"https:\/\/apirosport.com\/wp-content\/uploads\/2025\/12\/Nautilus-leverage-abcrunch-2.png\",\"datePublished\":\"2024-11-25T14:39:42+00:00\",\"dateModified\":\"2026-03-23T17:34:56+00:00\",\"breadcrumb\":{\"@id\":\"https:\/\/apirosport.com\/sv\/produkt\/leverage-ab-crunch\/#breadcrumb\"},\"inLanguage\":\"sv-SE\",\"potentialAction\":[{\"@type\":\"ReadAction\",\"target\":[\"https:\/\/apirosport.com\/sv\/produkt\/leverage-ab-crunch\/\"]}]},{\"@type\":\"ImageObject\",\"inLanguage\":\"sv-SE\",\"@id\":\"https:\/\/apirosport.com\/sv\/produkt\/leverage-ab-crunch\/#primaryimage\",\"url\":\"https:\/\/apirosport.com\/wp-content\/uploads\/2025\/12\/Nautilus-leverage-abcrunch-2.png\",\"contentUrl\":\"https:\/\/apirosport.com\/wp-content\/uploads\/2025\/12\/Nautilus-leverage-abcrunch-2.png\",\"width\":2048,\"height\":1737},{\"@type\":\"BreadcrumbList\",\"@id\":\"https:\/\/apirosport.com\/sv\/produkt\/leverage-ab-crunch\/#breadcrumb\",\"itemListElement\":[{\"@type\":\"ListItem\",\"position\":1,\"name\":\"Home\",\"item\":\"https:\/\/apirosport.com\/sv\/\"},{\"@type\":\"ListItem\",\"position\":2,\"name\":\"Produkter\",\"item\":\"https:\/\/apirosport.com\/sv\/produkter\/\"},{\"@type\":\"ListItem\",\"position\":3,\"name\":\"Leverage Abdominal Crunch\"}]},{\"@type\":\"WebSite\",\"@id\":\"https:\/\/apirosport.com\/sv\/#website\",\"url\":\"https:\/\/apirosport.com\/sv\/\",\"name\":\"Apirosport\",\"description\":\"\",\"publisher\":{\"@id\":\"https:\/\/apirosport.com\/sv\/#organization\"},\"alternateName\":\"Apirosport\",\"potentialAction\":[{\"@type\":\"SearchAction\",\"target\":{\"@type\":\"EntryPoint\",\"urlTemplate\":\"https:\/\/apirosport.com\/sv\/?s={search_term_string}\"},\"query-input\":{\"@type\":\"PropertyValueSpecification\",\"valueRequired\":true,\"valueName\":\"search_term_string\"}}],\"inLanguage\":\"sv-SE\"},{\"@type\":\"Organization\",\"@id\":\"https:\/\/apirosport.com\/sv\/#organization\",\"name\":\"Apirosport\",\"alternateName\":\"Apirosport\",\"url\":\"https:\/\/apirosport.com\/sv\/\",\"logo\":{\"@type\":\"ImageObject\",\"inLanguage\":\"sv-SE\",\"@id\":\"https:\/\/apirosport.com\/sv\/#\/schema\/logo\/image\/\",\"url\":\"https:\/\/apirosport.com\/wp-content\/uploads\/2025\/12\/Apirosport-yellow-scaled.png\",\"contentUrl\":\"https:\/\/apirosport.com\/wp-content\/uploads\/2025\/12\/Apirosport-yellow-scaled.png\",\"width\":2560,\"height\":2278,\"caption\":\"Apirosport\"},\"image\":{\"@id\":\"https:\/\/apirosport.com\/sv\/#\/schema\/logo\/image\/\"}}]}<\/script>\n<!-- \/ Yoast SEO plugin. -->","yoast_head_json":{"title":"Leverage Abdominal Crunch | Apirosport","robots":{"index":"index","follow":"follow","max-snippet":"max-snippet:-1","max-image-preview":"max-image-preview:large","max-video-preview":"max-video-preview:-1"},"canonical":"https:\/\/apirosport.com\/sv\/produkt\/leverage-ab-crunch\/","og_locale":"sv_SE","og_type":"article","og_title":"Leverage Abdominal Crunch | Apirosport","og_description":"Nautilus Leverage\u2122-serien erbjuder en unik upplevelse med viktplattor som \u00f6vertr\u00e4ffar konkurrensen. Leverage-serien har rostfria, r\u00e4fflade handtag och assisterade sitsjusteringar. Genom att anv\u00e4nda flera h\u00e4vst\u00e4nger och kammar skapar Leverage en unik lyftprofil f\u00f6r varje r\u00f6relse som optimerar m\u00e4nniskokroppens mekanik. Med en elegant design och integrerad f\u00f6rvaring tilltalar Leverage-serien b\u00e5de gym\u00e4gare och deras medlemmar. Rostfria, r\u00e4fflade handtag [&hellip;]","og_url":"https:\/\/apirosport.com\/sv\/produkt\/leverage-ab-crunch\/","og_site_name":"Apirosport","article_modified_time":"2026-03-23T17:34:56+00:00","og_image":[{"width":2048,"height":1737,"url":"https:\/\/apirosport.com\/wp-content\/uploads\/2025\/12\/Nautilus-leverage-abcrunch-2.png","type":"image\/png"}],"twitter_card":"summary_large_image","twitter_title":"Apirosport","twitter_misc":{"Ber\u00e4knad l\u00e4stid":"1 minut"},"schema":{"@context":"https:\/\/schema.org","@graph":[{"@type":"WebPage","@id":"https:\/\/apirosport.com\/sv\/produkt\/leverage-ab-crunch\/","url":"https:\/\/apirosport.com\/sv\/produkt\/leverage-ab-crunch\/","name":"Leverage Abdominal Crunch | Apirosport","isPartOf":{"@id":"https:\/\/apirosport.com\/sv\/#website"},"primaryImageOfPage":{"@id":"https:\/\/apirosport.com\/sv\/produkt\/leverage-ab-crunch\/#primaryimage"},"image":{"@id":"https:\/\/apirosport.com\/sv\/produkt\/leverage-ab-crunch\/#primaryimage"},"thumbnailUrl":"https:\/\/apirosport.com\/wp-content\/uploads\/2025\/12\/Nautilus-leverage-abcrunch-2.png","datePublished":"2024-11-25T14:39:42+00:00","dateModified":"2026-03-23T17:34:56+00:00","breadcrumb":{"@id":"https:\/\/apirosport.com\/sv\/produkt\/leverage-ab-crunch\/#breadcrumb"},"inLanguage":"sv-SE","potentialAction":[{"@type":"ReadAction","target":["https:\/\/apirosport.com\/sv\/produkt\/leverage-ab-crunch\/"]}]},{"@type":"ImageObject","inLanguage":"sv-SE","@id":"https:\/\/apirosport.com\/sv\/produkt\/leverage-ab-crunch\/#primaryimage","url":"https:\/\/apirosport.com\/wp-content\/uploads\/2025\/12\/Nautilus-leverage-abcrunch-2.png","contentUrl":"https:\/\/apirosport.com\/wp-content\/uploads\/2025\/12\/Nautilus-leverage-abcrunch-2.png","width":2048,"height":1737},{"@type":"BreadcrumbList","@id":"https:\/\/apirosport.com\/sv\/produkt\/leverage-ab-crunch\/#breadcrumb","itemListElement":[{"@type":"ListItem","position":1,"name":"Home","item":"https:\/\/apirosport.com\/sv\/"},{"@type":"ListItem","position":2,"name":"Produkter","item":"https:\/\/apirosport.com\/sv\/produkter\/"},{"@type":"ListItem","position":3,"name":"Leverage Abdominal Crunch"}]},{"@type":"WebSite","@id":"https:\/\/apirosport.com\/sv\/#website","url":"https:\/\/apirosport.com\/sv\/","name":"Apirosport","description":"","publisher":{"@id":"https:\/\/apirosport.com\/sv\/#organization"},"alternateName":"Apirosport","potentialAction":[{"@type":"SearchAction","target":{"@type":"EntryPoint","urlTemplate":"https:\/\/apirosport.com\/sv\/?s={search_term_string}"},"query-input":{"@type":"PropertyValueSpecification","valueRequired":true,"valueName":"search_term_string"}}],"inLanguage":"sv-SE"},{"@type":"Organization","@id":"https:\/\/apirosport.com\/sv\/#organization","name":"Apirosport","alternateName":"Apirosport","url":"https:\/\/apirosport.com\/sv\/","logo":{"@type":"ImageObject","inLanguage":"sv-SE","@id":"https:\/\/apirosport.com\/sv\/#\/schema\/logo\/image\/","url":"https:\/\/apirosport.com\/wp-content\/uploads\/2025\/12\/Apirosport-yellow-scaled.png","contentUrl":"https:\/\/apirosport.com\/wp-content\/uploads\/2025\/12\/Apirosport-yellow-scaled.png","width":2560,"height":2278,"caption":"Apirosport"},"image":{"@id":"https:\/\/apirosport.com\/sv\/#\/schema\/logo\/image\/"}}]}},"_links":{"self":[{"href":"https:\/\/apirosport.com\/sv\/wp-json\/wp\/v2\/product\/19340","targetHints":{"allow":["GET"]}}],"collection":[{"href":"https:\/\/apirosport.com\/sv\/wp-json\/wp\/v2\/product"}],"about":[{"href":"https:\/\/apirosport.com\/sv\/wp-json\/wp\/v2\/types\/product"}],"wp:featuredmedia":[{"embeddable":true,"href":"https:\/\/apirosport.com\/sv\/wp-json\/wp\/v2\/media\/20135"}],"wp:attachment":[{"href":"https:\/\/apirosport.com\/sv\/wp-json\/wp\/v2\/media?parent=19340"}],"wp:term":[{"taxonomy":"variation","embeddable":true,"href":"https:\/\/apirosport.com\/sv\/wp-json\/wp\/v2\/variation?post=19340"},{"taxonomy":"product_brand","embeddable":true,"href":"https:\/\/apirosport.com\/sv\/wp-json\/wp\/v2\/product_brand?post=19340"},{"taxonomy":"product_cat","embeddable":true,"href":"https:\/\/apirosport.com\/sv\/wp-json\/wp\/v2\/product_cat?post=19340"},{"taxonomy":"product_tag","embeddable":true,"href":"https:\/\/apirosport.com\/sv\/wp-json\/wp\/v2\/product_tag?post=19340"}],"curies":[{"name":"wp","href":"https:\/\/api.w.org\/{rel}","templated":true}]}}