{"id":19800,"date":"2025-04-05T11:21:25","date_gmt":"2025-04-05T11:21:25","guid":{"rendered":"https:\/\/apirosport.com\/?post_type=product&#038;p=19800"},"modified":"2026-03-18T00:15:53","modified_gmt":"2026-03-18T00:15:53","slug":"next-gen-stairmaster-10g","status":"publish","type":"product","link":"https:\/\/apirosport.com\/sv\/produkt\/next-gen-stairmaster-10g\/","title":{"rendered":"Next Gen Cardio &#8211; StairMaster 10G"},"content":{"rendered":"<p>StairMaster uppfann trappmaskinen och med versionen 10G har de tagit den till nya niv\u00e5er. 10G \u00e4r den mest intensiva trappmaskinen hittills, designad f\u00f6r dem som v\u00e4grar att n\u00f6ja sig. Med branschens bredaste och djupaste steg samt banbrytande OverDrive Training Mode, simulerar 10G verkligt motst\u00e5nd vilket kr\u00e4ver maximal anstr\u00e4ngning. Med ergonomiska handtag f\u00f6r alla kl\u00e4ttringsstilar och en l\u00e5g instegsh\u00f6jd \u00e4r den designad f\u00f6r tuffa tr\u00e4ningspass p\u00e5 kommersiella gym.<\/p>\n<p>&nbsp;<\/p>\n<p>V\u00e4lj mellan de nya display-altenativen med m\u00e4ngder av program, uppf\u00f6ljning och underh\u00e5llning:<\/p>\n<p><span style=\"color: #0000ff;\"><a style=\"color: #0000ff;\" href=\"https:\/\/apirosport.se\/product\/openhub-16-embedded\/\" target=\"_blank\" rel=\"noopener\">OpenHub 16\u2019 HD Touch Screen &#8211; l\u00e4s mer!<\/a><\/span><\/p>\n<p><span style=\"color: #0000ff;\"><a style=\"color: #0000ff;\" href=\"https:\/\/apirosport.se\/product\/next-gen-cardio-openhub-led\/\" target=\"_blank\" rel=\"noopener\">OpenHub 16\u2019 LED-display &#8211; l\u00e4s mer!<\/a><\/span><\/p>\n<p>&nbsp;<\/p>\n","protected":false},"excerpt":{"rendered":"<p>StairMaster uppfann trappmaskinen och med versionen 10G har de tagit den till nya niv\u00e5er. 10G \u00e4r den mest intensiva trappmaskinen hittills, designad f\u00f6r dem som v\u00e4grar att n\u00f6ja sig. Med branschens bredaste och djupaste steg samt banbrytande OverDrive Training Mode, simulerar 10G verkligt motst\u00e5nd vilket kr\u00e4ver maximal anstr\u00e4ngning. Med ergonomiska handtag f\u00f6r alla kl\u00e4ttringsstilar och [&hellip;]<\/p>\n","protected":false},"featured_media":20136,"template":"","meta":{"_acf_changed":false,"inline_featured_image":false},"variation":[],"product_brand":[],"product_cat":[87,91,284,317],"product_tag":[58],"class_list":{"0":"post-19800","1":"product","2":"type-product","3":"status-publish","4":"has-post-thumbnail","6":"product_cat-kondition","7":"product_cat-hiit","8":"product_cat-trappmaskiner","9":"product_cat-stairmaster","10":"product_tag-stairmaster","12":"first","13":"instock","14":"shipping-taxable","15":"purchasable","16":"product-type-simple"},"acf":[],"yoast_head":"<!-- This site is optimized with the Yoast SEO plugin v26.8 - https:\/\/yoast.com\/product\/yoast-seo-wordpress\/ -->\n<title>Next Gen Cardio - StairMaster 10G | Apirosport<\/title>\n<meta name=\"robots\" content=\"index, follow, max-snippet:-1, max-image-preview:large, max-video-preview:-1\" \/>\n<link rel=\"canonical\" href=\"https:\/\/apirosport.com\/sv\/produkt\/next-gen-stairmaster-10g\/\" \/>\n<meta property=\"og:locale\" content=\"sv_SE\" \/>\n<meta property=\"og:type\" content=\"article\" \/>\n<meta property=\"og:title\" content=\"Next Gen Cardio - StairMaster 10G | Apirosport\" \/>\n<meta property=\"og:description\" content=\"StairMaster uppfann trappmaskinen och med versionen 10G har de tagit den till nya niv\u00e5er. 10G \u00e4r den mest intensiva trappmaskinen hittills, designad f\u00f6r dem som v\u00e4grar att n\u00f6ja sig. Med branschens bredaste och djupaste steg samt banbrytande OverDrive Training Mode, simulerar 10G verkligt motst\u00e5nd vilket kr\u00e4ver maximal anstr\u00e4ngning. Med ergonomiska handtag f\u00f6r alla kl\u00e4ttringsstilar och [&hellip;]\" \/>\n<meta property=\"og:url\" content=\"https:\/\/apirosport.com\/sv\/produkt\/next-gen-stairmaster-10g\/\" \/>\n<meta property=\"og:site_name\" content=\"Apirosport\" \/>\n<meta property=\"article:modified_time\" content=\"2026-03-18T00:15:53+00:00\" \/>\n<meta property=\"og:image\" content=\"https:\/\/apirosport.com\/wp-content\/uploads\/2025\/12\/NextGen-Stairmaster-10G-LED-TOUCH-BLK60-2.png\" \/>\n\t<meta property=\"og:image:width\" content=\"1181\" \/>\n\t<meta property=\"og:image:height\" content=\"1181\" \/>\n\t<meta property=\"og:image:type\" content=\"image\/png\" \/>\n<meta name=\"twitter:card\" content=\"summary_large_image\" \/>\n<meta name=\"twitter:title\" content=\"Apirosport\" \/>\n<meta name=\"twitter:label1\" content=\"Ber\u00e4knad l\u00e4stid\" \/>\n\t<meta name=\"twitter:data1\" content=\"1 minut\" \/>\n<script type=\"application\/ld+json\" class=\"yoast-schema-graph\">{\"@context\":\"https:\/\/schema.org\",\"@graph\":[{\"@type\":\"WebPage\",\"@id\":\"https:\/\/apirosport.com\/sv\/produkt\/next-gen-stairmaster-10g\/\",\"url\":\"https:\/\/apirosport.com\/sv\/produkt\/next-gen-stairmaster-10g\/\",\"name\":\"Next Gen Cardio - StairMaster 10G | Apirosport\",\"isPartOf\":{\"@id\":\"https:\/\/apirosport.com\/sv\/#website\"},\"primaryImageOfPage\":{\"@id\":\"https:\/\/apirosport.com\/sv\/produkt\/next-gen-stairmaster-10g\/#primaryimage\"},\"image\":{\"@id\":\"https:\/\/apirosport.com\/sv\/produkt\/next-gen-stairmaster-10g\/#primaryimage\"},\"thumbnailUrl\":\"https:\/\/apirosport.com\/wp-content\/uploads\/2025\/12\/NextGen-Stairmaster-10G-LED-TOUCH-BLK60-2.png\",\"datePublished\":\"2025-04-05T11:21:25+00:00\",\"dateModified\":\"2026-03-18T00:15:53+00:00\",\"breadcrumb\":{\"@id\":\"https:\/\/apirosport.com\/sv\/produkt\/next-gen-stairmaster-10g\/#breadcrumb\"},\"inLanguage\":\"sv-SE\",\"potentialAction\":[{\"@type\":\"ReadAction\",\"target\":[\"https:\/\/apirosport.com\/sv\/produkt\/next-gen-stairmaster-10g\/\"]}]},{\"@type\":\"ImageObject\",\"inLanguage\":\"sv-SE\",\"@id\":\"https:\/\/apirosport.com\/sv\/produkt\/next-gen-stairmaster-10g\/#primaryimage\",\"url\":\"https:\/\/apirosport.com\/wp-content\/uploads\/2025\/12\/NextGen-Stairmaster-10G-LED-TOUCH-BLK60-2.png\",\"contentUrl\":\"https:\/\/apirosport.com\/wp-content\/uploads\/2025\/12\/NextGen-Stairmaster-10G-LED-TOUCH-BLK60-2.png\",\"width\":1181,\"height\":1181},{\"@type\":\"BreadcrumbList\",\"@id\":\"https:\/\/apirosport.com\/sv\/produkt\/next-gen-stairmaster-10g\/#breadcrumb\",\"itemListElement\":[{\"@type\":\"ListItem\",\"position\":1,\"name\":\"Home\",\"item\":\"https:\/\/apirosport.com\/sv\/\"},{\"@type\":\"ListItem\",\"position\":2,\"name\":\"Produkter\",\"item\":\"https:\/\/apirosport.com\/sv\/produkter\/\"},{\"@type\":\"ListItem\",\"position\":3,\"name\":\"Next Gen Cardio &#8211; StairMaster 10G\"}]},{\"@type\":\"WebSite\",\"@id\":\"https:\/\/apirosport.com\/sv\/#website\",\"url\":\"https:\/\/apirosport.com\/sv\/\",\"name\":\"Apirosport\",\"description\":\"\",\"publisher\":{\"@id\":\"https:\/\/apirosport.com\/sv\/#organization\"},\"alternateName\":\"Apirosport\",\"potentialAction\":[{\"@type\":\"SearchAction\",\"target\":{\"@type\":\"EntryPoint\",\"urlTemplate\":\"https:\/\/apirosport.com\/sv\/?s={search_term_string}\"},\"query-input\":{\"@type\":\"PropertyValueSpecification\",\"valueRequired\":true,\"valueName\":\"search_term_string\"}}],\"inLanguage\":\"sv-SE\"},{\"@type\":\"Organization\",\"@id\":\"https:\/\/apirosport.com\/sv\/#organization\",\"name\":\"Apirosport\",\"alternateName\":\"Apirosport\",\"url\":\"https:\/\/apirosport.com\/sv\/\",\"logo\":{\"@type\":\"ImageObject\",\"inLanguage\":\"sv-SE\",\"@id\":\"https:\/\/apirosport.com\/sv\/#\/schema\/logo\/image\/\",\"url\":\"https:\/\/apirosport.com\/wp-content\/uploads\/2025\/12\/Apirosport-yellow-scaled.png\",\"contentUrl\":\"https:\/\/apirosport.com\/wp-content\/uploads\/2025\/12\/Apirosport-yellow-scaled.png\",\"width\":2560,\"height\":2278,\"caption\":\"Apirosport\"},\"image\":{\"@id\":\"https:\/\/apirosport.com\/sv\/#\/schema\/logo\/image\/\"}}]}<\/script>\n<!-- \/ Yoast SEO plugin. -->","yoast_head_json":{"title":"Next Gen Cardio - StairMaster 10G | Apirosport","robots":{"index":"index","follow":"follow","max-snippet":"max-snippet:-1","max-image-preview":"max-image-preview:large","max-video-preview":"max-video-preview:-1"},"canonical":"https:\/\/apirosport.com\/sv\/produkt\/next-gen-stairmaster-10g\/","og_locale":"sv_SE","og_type":"article","og_title":"Next Gen Cardio - StairMaster 10G | Apirosport","og_description":"StairMaster uppfann trappmaskinen och med versionen 10G har de tagit den till nya niv\u00e5er. 10G \u00e4r den mest intensiva trappmaskinen hittills, designad f\u00f6r dem som v\u00e4grar att n\u00f6ja sig. Med branschens bredaste och djupaste steg samt banbrytande OverDrive Training Mode, simulerar 10G verkligt motst\u00e5nd vilket kr\u00e4ver maximal anstr\u00e4ngning. Med ergonomiska handtag f\u00f6r alla kl\u00e4ttringsstilar och [&hellip;]","og_url":"https:\/\/apirosport.com\/sv\/produkt\/next-gen-stairmaster-10g\/","og_site_name":"Apirosport","article_modified_time":"2026-03-18T00:15:53+00:00","og_image":[{"width":1181,"height":1181,"url":"https:\/\/apirosport.com\/wp-content\/uploads\/2025\/12\/NextGen-Stairmaster-10G-LED-TOUCH-BLK60-2.png","type":"image\/png"}],"twitter_card":"summary_large_image","twitter_title":"Apirosport","twitter_misc":{"Ber\u00e4knad l\u00e4stid":"1 minut"},"schema":{"@context":"https:\/\/schema.org","@graph":[{"@type":"WebPage","@id":"https:\/\/apirosport.com\/sv\/produkt\/next-gen-stairmaster-10g\/","url":"https:\/\/apirosport.com\/sv\/produkt\/next-gen-stairmaster-10g\/","name":"Next Gen Cardio - StairMaster 10G | Apirosport","isPartOf":{"@id":"https:\/\/apirosport.com\/sv\/#website"},"primaryImageOfPage":{"@id":"https:\/\/apirosport.com\/sv\/produkt\/next-gen-stairmaster-10g\/#primaryimage"},"image":{"@id":"https:\/\/apirosport.com\/sv\/produkt\/next-gen-stairmaster-10g\/#primaryimage"},"thumbnailUrl":"https:\/\/apirosport.com\/wp-content\/uploads\/2025\/12\/NextGen-Stairmaster-10G-LED-TOUCH-BLK60-2.png","datePublished":"2025-04-05T11:21:25+00:00","dateModified":"2026-03-18T00:15:53+00:00","breadcrumb":{"@id":"https:\/\/apirosport.com\/sv\/produkt\/next-gen-stairmaster-10g\/#breadcrumb"},"inLanguage":"sv-SE","potentialAction":[{"@type":"ReadAction","target":["https:\/\/apirosport.com\/sv\/produkt\/next-gen-stairmaster-10g\/"]}]},{"@type":"ImageObject","inLanguage":"sv-SE","@id":"https:\/\/apirosport.com\/sv\/produkt\/next-gen-stairmaster-10g\/#primaryimage","url":"https:\/\/apirosport.com\/wp-content\/uploads\/2025\/12\/NextGen-Stairmaster-10G-LED-TOUCH-BLK60-2.png","contentUrl":"https:\/\/apirosport.com\/wp-content\/uploads\/2025\/12\/NextGen-Stairmaster-10G-LED-TOUCH-BLK60-2.png","width":1181,"height":1181},{"@type":"BreadcrumbList","@id":"https:\/\/apirosport.com\/sv\/produkt\/next-gen-stairmaster-10g\/#breadcrumb","itemListElement":[{"@type":"ListItem","position":1,"name":"Home","item":"https:\/\/apirosport.com\/sv\/"},{"@type":"ListItem","position":2,"name":"Produkter","item":"https:\/\/apirosport.com\/sv\/produkter\/"},{"@type":"ListItem","position":3,"name":"Next Gen Cardio &#8211; StairMaster 10G"}]},{"@type":"WebSite","@id":"https:\/\/apirosport.com\/sv\/#website","url":"https:\/\/apirosport.com\/sv\/","name":"Apirosport","description":"","publisher":{"@id":"https:\/\/apirosport.com\/sv\/#organization"},"alternateName":"Apirosport","potentialAction":[{"@type":"SearchAction","target":{"@type":"EntryPoint","urlTemplate":"https:\/\/apirosport.com\/sv\/?s={search_term_string}"},"query-input":{"@type":"PropertyValueSpecification","valueRequired":true,"valueName":"search_term_string"}}],"inLanguage":"sv-SE"},{"@type":"Organization","@id":"https:\/\/apirosport.com\/sv\/#organization","name":"Apirosport","alternateName":"Apirosport","url":"https:\/\/apirosport.com\/sv\/","logo":{"@type":"ImageObject","inLanguage":"sv-SE","@id":"https:\/\/apirosport.com\/sv\/#\/schema\/logo\/image\/","url":"https:\/\/apirosport.com\/wp-content\/uploads\/2025\/12\/Apirosport-yellow-scaled.png","contentUrl":"https:\/\/apirosport.com\/wp-content\/uploads\/2025\/12\/Apirosport-yellow-scaled.png","width":2560,"height":2278,"caption":"Apirosport"},"image":{"@id":"https:\/\/apirosport.com\/sv\/#\/schema\/logo\/image\/"}}]}},"_links":{"self":[{"href":"https:\/\/apirosport.com\/sv\/wp-json\/wp\/v2\/product\/19800","targetHints":{"allow":["GET"]}}],"collection":[{"href":"https:\/\/apirosport.com\/sv\/wp-json\/wp\/v2\/product"}],"about":[{"href":"https:\/\/apirosport.com\/sv\/wp-json\/wp\/v2\/types\/product"}],"wp:featuredmedia":[{"embeddable":true,"href":"https:\/\/apirosport.com\/sv\/wp-json\/wp\/v2\/media\/20136"}],"wp:attachment":[{"href":"https:\/\/apirosport.com\/sv\/wp-json\/wp\/v2\/media?parent=19800"}],"wp:term":[{"taxonomy":"variation","embeddable":true,"href":"https:\/\/apirosport.com\/sv\/wp-json\/wp\/v2\/variation?post=19800"},{"taxonomy":"product_brand","embeddable":true,"href":"https:\/\/apirosport.com\/sv\/wp-json\/wp\/v2\/product_brand?post=19800"},{"taxonomy":"product_cat","embeddable":true,"href":"https:\/\/apirosport.com\/sv\/wp-json\/wp\/v2\/product_cat?post=19800"},{"taxonomy":"product_tag","embeddable":true,"href":"https:\/\/apirosport.com\/sv\/wp-json\/wp\/v2\/product_tag?post=19800"}],"curies":[{"name":"wp","href":"https:\/\/api.w.org\/{rel}","templated":true}]}}