{"id":19807,"date":"2025-04-03T12:09:07","date_gmt":"2025-04-03T12:09:07","guid":{"rendered":"https:\/\/apirosport.com\/?post_type=product&#038;p=19807"},"modified":"2026-03-19T16:12:29","modified_gmt":"2026-03-19T16:12:29","slug":"next-gen-cardio-openhub-24-embedded-touch-screen","status":"publish","type":"product","link":"https:\/\/apirosport.com\/sv\/produkt\/next-gen-cardio-openhub-24-embedded-touch-screen\/","title":{"rendered":"APEX Touch Screen"},"content":{"rendered":"<p data-start=\"0\" data-end=\"55\"><strong data-start=\"0\" data-end=\"55\">Apex HD-touchdisplay \u2013 avancerad uppkopplad tr\u00e4ning<\/strong><\/p>\n<p data-start=\"57\" data-end=\"407\" data-is-last-node=\"\" data-is-only-node=\"\">8 &amp; 10-seriens Apex HD-touchdisplayer erbjuder s\u00f6ml\u00f6s uppkoppling och prestanda p\u00e5 n\u00e4sta niv\u00e5, och integrerar dig direkt i OpenHub-ekosystemet. Med Bluetooth, WiFi, NFC och sk\u00e4rmspegling f\u00e5r anv\u00e4ndare en personlig tr\u00e4ningsupplevelse med underh\u00e5llning och realtidsdata, samtidigt som anl\u00e4ggningar drar nytta av smart och effektiv utrustningshantering.<\/p>\n<p data-start=\"108\" data-end=\"360\">Apex 8 &amp; 10 HD-touchdisplayer levererar en premium cardio-upplevelse med skarp bild, modern design och full uppkoppling. Spegla din mobil, streama inneh\u00e5ll och tr\u00e4na smartare \u2013 samtidigt som automatiska OTA-uppdateringar h\u00e5ller utrustningen i framkant.<\/p>\n<ul data-start=\"362\" data-end=\"774\">\n<li data-section-id=\"1kx3xvc\" data-start=\"362\" data-end=\"422\">\n<p data-start=\"364\" data-end=\"422\"><strong data-start=\"364\" data-end=\"384\">HD-touchdisplay:<\/strong> Skarp bild och intuitivt gr\u00e4nssnitt<\/p>\n<\/li>\n<li data-section-id=\"5hlht\" data-start=\"423\" data-end=\"486\">\n<p data-start=\"425\" data-end=\"486\"><strong data-start=\"425\" data-end=\"440\">Displayval:<\/strong> 24\u201d f\u00f6r l\u00f6pband, 16\u201d f\u00f6r konditionsmaskiner<\/p>\n<\/li>\n<li data-section-id=\"11vxchg\" data-start=\"487\" data-end=\"538\">\n<p data-start=\"489\" data-end=\"538\"><strong data-start=\"489\" data-end=\"507\">Sk\u00e4rmspegling:<\/strong> Streama fr\u00e5n iOS och Android<\/p>\n<\/li>\n<li data-section-id=\"22aqlg\" data-start=\"539\" data-end=\"601\">\n<p data-start=\"541\" data-end=\"601\"><strong data-start=\"541\" data-end=\"571\">Automatiska uppdateringar:<\/strong> Alltid senaste funktionerna<\/p>\n<\/li>\n<li data-section-id=\"rzo8cv\" data-start=\"602\" data-end=\"694\">\n<p data-start=\"604\" data-end=\"694\"><strong data-start=\"604\" data-end=\"627\">Uppkopplad tr\u00e4ning:<\/strong> Integration med appar och wearables (Apple Watch, Samsung Watch)<\/p>\n<\/li>\n<li data-section-id=\"cib3f8\" data-start=\"695\" data-end=\"774\">\n<p data-start=\"697\" data-end=\"774\"><strong data-start=\"697\" data-end=\"723\">Inbyggd underh\u00e5llning:<\/strong> Netflix, Run TV och fler appar direkt i konsolen<\/p>\n<\/li>\n<\/ul>\n","protected":false},"excerpt":{"rendered":"<p>Apex HD-touchdisplay \u2013 avancerad uppkopplad tr\u00e4ning 8 &amp; 10-seriens Apex HD-touchdisplayer erbjuder s\u00f6ml\u00f6s uppkoppling och prestanda p\u00e5 n\u00e4sta niv\u00e5, och integrerar dig direkt i OpenHub-ekosystemet. Med Bluetooth, WiFi, NFC och sk\u00e4rmspegling f\u00e5r anv\u00e4ndare en personlig tr\u00e4ningsupplevelse med underh\u00e5llning och realtidsdata, samtidigt som anl\u00e4ggningar drar nytta av smart och effektiv utrustningshantering. Apex 8 &amp; 10 HD-touchdisplayer [&hellip;]<\/p>\n","protected":false},"featured_media":24896,"template":"","meta":{"_acf_changed":false,"inline_featured_image":false},"variation":[],"product_brand":[],"product_cat":[87,101,282,306,316],"product_tag":[299],"class_list":{"0":"post-19807","1":"product","2":"type-product","3":"status-publish","4":"has-post-thumbnail","6":"product_cat-kondition","7":"product_cat-lopband","8":"product_cat-displays","9":"product_cat-tillbehor","10":"product_cat-star-trac","11":"product_tag-star-trac","13":"first","14":"instock","15":"shipping-taxable","16":"product-type-simple"},"acf":[],"yoast_head":"<!-- This site is optimized with the Yoast SEO plugin v26.8 - https:\/\/yoast.com\/product\/yoast-seo-wordpress\/ -->\n<title>APEX Touch Screen | Apirosport<\/title>\n<meta name=\"robots\" content=\"index, follow, max-snippet:-1, max-image-preview:large, max-video-preview:-1\" \/>\n<link rel=\"canonical\" href=\"https:\/\/apirosport.com\/sv\/produkt\/next-gen-cardio-openhub-24-embedded-touch-screen\/\" \/>\n<meta property=\"og:locale\" content=\"sv_SE\" \/>\n<meta property=\"og:type\" content=\"article\" \/>\n<meta property=\"og:title\" content=\"APEX Touch Screen | Apirosport\" \/>\n<meta property=\"og:description\" content=\"Apex HD-touchdisplay \u2013 avancerad uppkopplad tr\u00e4ning 8 &amp; 10-seriens Apex HD-touchdisplayer erbjuder s\u00f6ml\u00f6s uppkoppling och prestanda p\u00e5 n\u00e4sta niv\u00e5, och integrerar dig direkt i OpenHub-ekosystemet. Med Bluetooth, WiFi, NFC och sk\u00e4rmspegling f\u00e5r anv\u00e4ndare en personlig tr\u00e4ningsupplevelse med underh\u00e5llning och realtidsdata, samtidigt som anl\u00e4ggningar drar nytta av smart och effektiv utrustningshantering. Apex 8 &amp; 10 HD-touchdisplayer [&hellip;]\" \/>\n<meta property=\"og:url\" content=\"https:\/\/apirosport.com\/sv\/produkt\/next-gen-cardio-openhub-24-embedded-touch-screen\/\" \/>\n<meta property=\"og:site_name\" content=\"Apirosport\" \/>\n<meta property=\"article:modified_time\" content=\"2026-03-19T16:12:29+00:00\" \/>\n<meta property=\"og:image\" content=\"https:\/\/apirosport.com\/wp-content\/uploads\/2026\/03\/StarTrac-24touch.png\" \/>\n\t<meta property=\"og:image:width\" content=\"2362\" \/>\n\t<meta property=\"og:image:height\" content=\"2362\" \/>\n\t<meta property=\"og:image:type\" content=\"image\/png\" \/>\n<meta name=\"twitter:card\" content=\"summary_large_image\" \/>\n<meta name=\"twitter:title\" content=\"Apirosport\" \/>\n<meta name=\"twitter:label1\" content=\"Ber\u00e4knad l\u00e4stid\" \/>\n\t<meta name=\"twitter:data1\" content=\"1 minut\" \/>\n<script type=\"application\/ld+json\" class=\"yoast-schema-graph\">{\"@context\":\"https:\/\/schema.org\",\"@graph\":[{\"@type\":\"WebPage\",\"@id\":\"https:\/\/apirosport.com\/sv\/produkt\/next-gen-cardio-openhub-24-embedded-touch-screen\/\",\"url\":\"https:\/\/apirosport.com\/sv\/produkt\/next-gen-cardio-openhub-24-embedded-touch-screen\/\",\"name\":\"APEX Touch Screen | Apirosport\",\"isPartOf\":{\"@id\":\"https:\/\/apirosport.com\/sv\/#website\"},\"primaryImageOfPage\":{\"@id\":\"https:\/\/apirosport.com\/sv\/produkt\/next-gen-cardio-openhub-24-embedded-touch-screen\/#primaryimage\"},\"image\":{\"@id\":\"https:\/\/apirosport.com\/sv\/produkt\/next-gen-cardio-openhub-24-embedded-touch-screen\/#primaryimage\"},\"thumbnailUrl\":\"https:\/\/apirosport.com\/wp-content\/uploads\/2026\/03\/StarTrac-24touch.png\",\"datePublished\":\"2025-04-03T12:09:07+00:00\",\"dateModified\":\"2026-03-19T16:12:29+00:00\",\"breadcrumb\":{\"@id\":\"https:\/\/apirosport.com\/sv\/produkt\/next-gen-cardio-openhub-24-embedded-touch-screen\/#breadcrumb\"},\"inLanguage\":\"sv-SE\",\"potentialAction\":[{\"@type\":\"ReadAction\",\"target\":[\"https:\/\/apirosport.com\/sv\/produkt\/next-gen-cardio-openhub-24-embedded-touch-screen\/\"]}]},{\"@type\":\"ImageObject\",\"inLanguage\":\"sv-SE\",\"@id\":\"https:\/\/apirosport.com\/sv\/produkt\/next-gen-cardio-openhub-24-embedded-touch-screen\/#primaryimage\",\"url\":\"https:\/\/apirosport.com\/wp-content\/uploads\/2026\/03\/StarTrac-24touch.png\",\"contentUrl\":\"https:\/\/apirosport.com\/wp-content\/uploads\/2026\/03\/StarTrac-24touch.png\",\"width\":2362,\"height\":2362},{\"@type\":\"BreadcrumbList\",\"@id\":\"https:\/\/apirosport.com\/sv\/produkt\/next-gen-cardio-openhub-24-embedded-touch-screen\/#breadcrumb\",\"itemListElement\":[{\"@type\":\"ListItem\",\"position\":1,\"name\":\"Home\",\"item\":\"https:\/\/apirosport.com\/sv\/\"},{\"@type\":\"ListItem\",\"position\":2,\"name\":\"Produkter\",\"item\":\"https:\/\/apirosport.com\/sv\/produkter\/\"},{\"@type\":\"ListItem\",\"position\":3,\"name\":\"APEX Touch Screen\"}]},{\"@type\":\"WebSite\",\"@id\":\"https:\/\/apirosport.com\/sv\/#website\",\"url\":\"https:\/\/apirosport.com\/sv\/\",\"name\":\"Apirosport\",\"description\":\"\",\"publisher\":{\"@id\":\"https:\/\/apirosport.com\/sv\/#organization\"},\"alternateName\":\"Apirosport\",\"potentialAction\":[{\"@type\":\"SearchAction\",\"target\":{\"@type\":\"EntryPoint\",\"urlTemplate\":\"https:\/\/apirosport.com\/sv\/?s={search_term_string}\"},\"query-input\":{\"@type\":\"PropertyValueSpecification\",\"valueRequired\":true,\"valueName\":\"search_term_string\"}}],\"inLanguage\":\"sv-SE\"},{\"@type\":\"Organization\",\"@id\":\"https:\/\/apirosport.com\/sv\/#organization\",\"name\":\"Apirosport\",\"alternateName\":\"Apirosport\",\"url\":\"https:\/\/apirosport.com\/sv\/\",\"logo\":{\"@type\":\"ImageObject\",\"inLanguage\":\"sv-SE\",\"@id\":\"https:\/\/apirosport.com\/sv\/#\/schema\/logo\/image\/\",\"url\":\"https:\/\/apirosport.com\/wp-content\/uploads\/2025\/12\/Apirosport-yellow-scaled.png\",\"contentUrl\":\"https:\/\/apirosport.com\/wp-content\/uploads\/2025\/12\/Apirosport-yellow-scaled.png\",\"width\":2560,\"height\":2278,\"caption\":\"Apirosport\"},\"image\":{\"@id\":\"https:\/\/apirosport.com\/sv\/#\/schema\/logo\/image\/\"}}]}<\/script>\n<!-- \/ Yoast SEO plugin. -->","yoast_head_json":{"title":"APEX Touch Screen | Apirosport","robots":{"index":"index","follow":"follow","max-snippet":"max-snippet:-1","max-image-preview":"max-image-preview:large","max-video-preview":"max-video-preview:-1"},"canonical":"https:\/\/apirosport.com\/sv\/produkt\/next-gen-cardio-openhub-24-embedded-touch-screen\/","og_locale":"sv_SE","og_type":"article","og_title":"APEX Touch Screen | Apirosport","og_description":"Apex HD-touchdisplay \u2013 avancerad uppkopplad tr\u00e4ning 8 &amp; 10-seriens Apex HD-touchdisplayer erbjuder s\u00f6ml\u00f6s uppkoppling och prestanda p\u00e5 n\u00e4sta niv\u00e5, och integrerar dig direkt i OpenHub-ekosystemet. Med Bluetooth, WiFi, NFC och sk\u00e4rmspegling f\u00e5r anv\u00e4ndare en personlig tr\u00e4ningsupplevelse med underh\u00e5llning och realtidsdata, samtidigt som anl\u00e4ggningar drar nytta av smart och effektiv utrustningshantering. Apex 8 &amp; 10 HD-touchdisplayer [&hellip;]","og_url":"https:\/\/apirosport.com\/sv\/produkt\/next-gen-cardio-openhub-24-embedded-touch-screen\/","og_site_name":"Apirosport","article_modified_time":"2026-03-19T16:12:29+00:00","og_image":[{"width":2362,"height":2362,"url":"https:\/\/apirosport.com\/wp-content\/uploads\/2026\/03\/StarTrac-24touch.png","type":"image\/png"}],"twitter_card":"summary_large_image","twitter_title":"Apirosport","twitter_misc":{"Ber\u00e4knad l\u00e4stid":"1 minut"},"schema":{"@context":"https:\/\/schema.org","@graph":[{"@type":"WebPage","@id":"https:\/\/apirosport.com\/sv\/produkt\/next-gen-cardio-openhub-24-embedded-touch-screen\/","url":"https:\/\/apirosport.com\/sv\/produkt\/next-gen-cardio-openhub-24-embedded-touch-screen\/","name":"APEX Touch Screen | Apirosport","isPartOf":{"@id":"https:\/\/apirosport.com\/sv\/#website"},"primaryImageOfPage":{"@id":"https:\/\/apirosport.com\/sv\/produkt\/next-gen-cardio-openhub-24-embedded-touch-screen\/#primaryimage"},"image":{"@id":"https:\/\/apirosport.com\/sv\/produkt\/next-gen-cardio-openhub-24-embedded-touch-screen\/#primaryimage"},"thumbnailUrl":"https:\/\/apirosport.com\/wp-content\/uploads\/2026\/03\/StarTrac-24touch.png","datePublished":"2025-04-03T12:09:07+00:00","dateModified":"2026-03-19T16:12:29+00:00","breadcrumb":{"@id":"https:\/\/apirosport.com\/sv\/produkt\/next-gen-cardio-openhub-24-embedded-touch-screen\/#breadcrumb"},"inLanguage":"sv-SE","potentialAction":[{"@type":"ReadAction","target":["https:\/\/apirosport.com\/sv\/produkt\/next-gen-cardio-openhub-24-embedded-touch-screen\/"]}]},{"@type":"ImageObject","inLanguage":"sv-SE","@id":"https:\/\/apirosport.com\/sv\/produkt\/next-gen-cardio-openhub-24-embedded-touch-screen\/#primaryimage","url":"https:\/\/apirosport.com\/wp-content\/uploads\/2026\/03\/StarTrac-24touch.png","contentUrl":"https:\/\/apirosport.com\/wp-content\/uploads\/2026\/03\/StarTrac-24touch.png","width":2362,"height":2362},{"@type":"BreadcrumbList","@id":"https:\/\/apirosport.com\/sv\/produkt\/next-gen-cardio-openhub-24-embedded-touch-screen\/#breadcrumb","itemListElement":[{"@type":"ListItem","position":1,"name":"Home","item":"https:\/\/apirosport.com\/sv\/"},{"@type":"ListItem","position":2,"name":"Produkter","item":"https:\/\/apirosport.com\/sv\/produkter\/"},{"@type":"ListItem","position":3,"name":"APEX Touch Screen"}]},{"@type":"WebSite","@id":"https:\/\/apirosport.com\/sv\/#website","url":"https:\/\/apirosport.com\/sv\/","name":"Apirosport","description":"","publisher":{"@id":"https:\/\/apirosport.com\/sv\/#organization"},"alternateName":"Apirosport","potentialAction":[{"@type":"SearchAction","target":{"@type":"EntryPoint","urlTemplate":"https:\/\/apirosport.com\/sv\/?s={search_term_string}"},"query-input":{"@type":"PropertyValueSpecification","valueRequired":true,"valueName":"search_term_string"}}],"inLanguage":"sv-SE"},{"@type":"Organization","@id":"https:\/\/apirosport.com\/sv\/#organization","name":"Apirosport","alternateName":"Apirosport","url":"https:\/\/apirosport.com\/sv\/","logo":{"@type":"ImageObject","inLanguage":"sv-SE","@id":"https:\/\/apirosport.com\/sv\/#\/schema\/logo\/image\/","url":"https:\/\/apirosport.com\/wp-content\/uploads\/2025\/12\/Apirosport-yellow-scaled.png","contentUrl":"https:\/\/apirosport.com\/wp-content\/uploads\/2025\/12\/Apirosport-yellow-scaled.png","width":2560,"height":2278,"caption":"Apirosport"},"image":{"@id":"https:\/\/apirosport.com\/sv\/#\/schema\/logo\/image\/"}}]}},"_links":{"self":[{"href":"https:\/\/apirosport.com\/sv\/wp-json\/wp\/v2\/product\/19807","targetHints":{"allow":["GET"]}}],"collection":[{"href":"https:\/\/apirosport.com\/sv\/wp-json\/wp\/v2\/product"}],"about":[{"href":"https:\/\/apirosport.com\/sv\/wp-json\/wp\/v2\/types\/product"}],"wp:featuredmedia":[{"embeddable":true,"href":"https:\/\/apirosport.com\/sv\/wp-json\/wp\/v2\/media\/24896"}],"wp:attachment":[{"href":"https:\/\/apirosport.com\/sv\/wp-json\/wp\/v2\/media?parent=19807"}],"wp:term":[{"taxonomy":"variation","embeddable":true,"href":"https:\/\/apirosport.com\/sv\/wp-json\/wp\/v2\/variation?post=19807"},{"taxonomy":"product_brand","embeddable":true,"href":"https:\/\/apirosport.com\/sv\/wp-json\/wp\/v2\/product_brand?post=19807"},{"taxonomy":"product_cat","embeddable":true,"href":"https:\/\/apirosport.com\/sv\/wp-json\/wp\/v2\/product_cat?post=19807"},{"taxonomy":"product_tag","embeddable":true,"href":"https:\/\/apirosport.com\/sv\/wp-json\/wp\/v2\/product_tag?post=19807"}],"curies":[{"name":"wp","href":"https:\/\/api.w.org\/{rel}","templated":true}]}}