{"id":19812,"date":"2025-04-03T14:53:34","date_gmt":"2025-04-03T14:53:34","guid":{"rendered":"https:\/\/apirosport.com\/?post_type=product&#038;p=19812"},"modified":"2026-03-19T16:08:34","modified_gmt":"2026-03-19T16:08:34","slug":"next-gen-cardio-openhub-led","status":"publish","type":"product","link":"https:\/\/apirosport.com\/sv\/produkt\/next-gen-cardio-openhub-led\/","title":{"rendered":"APEX LED"},"content":{"rendered":"<p>8 &amp; 10-seriens Apex LED-displayer kombinerar effektivitet med avancerad uppkoppling och integreras s\u00f6ml\u00f6st i OpenHub-ekosystemet. Med Bluetooth, WiFi och NFC m\u00f6jligg\u00f6rs enkel tr\u00e4ningssp\u00e5rning, datadelning i realtid och smidig integration \u2013 b\u00e5de f\u00f6r anl\u00e4ggningar och anv\u00e4ndare.<\/p>\n<p data-start=\"107\" data-end=\"148\"><strong data-start=\"107\" data-end=\"148\">Prestanda &amp; enkelhet i perfekt balans<\/strong><\/p>\n<p data-start=\"150\" data-end=\"458\">Apex 8 &amp; 10 LED-konsoler ger en effektiv och anv\u00e4ndarv\u00e4nlig konditionsupplevelse med modern design. Snabba Quick Keys g\u00f6r det enkelt att justera hastighet, lutning och motst\u00e5nd \u2013 perfekt f\u00f6r HIIT, intervaller och prestationsbaserad tr\u00e4ning. Med automatiska OTA-uppdateringar h\u00e5lls systemet alltid uppdaterat.<\/p>\n<ul data-start=\"460\" data-end=\"959\">\n<li data-section-id=\"1c4u104\" data-start=\"460\" data-end=\"526\">\n<p data-start=\"462\" data-end=\"526\"><strong data-start=\"462\" data-end=\"477\">Quick Keys:<\/strong> Justera hastighet, lutning och motst\u00e5nd direkt<\/p>\n<\/li>\n<li data-section-id=\"1pegk8a\" data-start=\"527\" data-end=\"595\">\n<p data-start=\"529\" data-end=\"595\"><strong data-start=\"529\" data-end=\"559\">Automatiska uppdateringar:<\/strong> Alltid senaste mjukvaran via WiFi<\/p>\n<\/li>\n<li data-section-id=\"1rjn2n8\" data-start=\"596\" data-end=\"656\">\n<p data-start=\"598\" data-end=\"656\"><strong data-start=\"598\" data-end=\"621\">Tydlig LED-display:<\/strong> L\u00e4ttl\u00e4st och intuitiv navigering<\/p>\n<\/li>\n<li data-section-id=\"m2hdgw\" data-start=\"657\" data-end=\"735\">\n<p data-start=\"659\" data-end=\"735\"><strong data-start=\"659\" data-end=\"684\">F\u00f6r HIIT &amp; kondition:<\/strong> Optimerad f\u00f6r intervall- och uth\u00e5llighetstr\u00e4ning<\/p>\n<\/li>\n<li data-section-id=\"1va4rj7\" data-start=\"736\" data-end=\"805\">\n<p data-start=\"738\" data-end=\"805\"><strong data-start=\"738\" data-end=\"765\">Tr\u00e4ningsdata i realtid:<\/strong> Hastighet, distans, kalorier och puls<\/p>\n<\/li>\n<li data-section-id=\"rzo8cv\" data-start=\"806\" data-end=\"898\">\n<p data-start=\"808\" data-end=\"898\"><strong data-start=\"808\" data-end=\"831\">Uppkopplad tr\u00e4ning:<\/strong> Integration med appar och wearables (Apple Watch, Samsung Watch)<\/p>\n<\/li>\n<li data-section-id=\"143opqj\" data-start=\"899\" data-end=\"959\">\n<p data-start=\"901\" data-end=\"959\"><strong data-start=\"901\" data-end=\"926\">H\u00e5llbar konstruktion:<\/strong> Byggd f\u00f6r intensiva gymmilj\u00f6er<\/p>\n<\/li>\n<\/ul>\n","protected":false},"excerpt":{"rendered":"<p>8 &amp; 10-seriens Apex LED-displayer kombinerar effektivitet med avancerad uppkoppling och integreras s\u00f6ml\u00f6st i OpenHub-ekosystemet. Med Bluetooth, WiFi och NFC m\u00f6jligg\u00f6rs enkel tr\u00e4ningssp\u00e5rning, datadelning i realtid och smidig integration \u2013 b\u00e5de f\u00f6r anl\u00e4ggningar och anv\u00e4ndare. Prestanda &amp; enkelhet i perfekt balans Apex 8 &amp; 10 LED-konsoler ger en effektiv och anv\u00e4ndarv\u00e4nlig konditionsupplevelse med modern design. [&hellip;]<\/p>\n","protected":false},"featured_media":24902,"template":"","meta":{"_acf_changed":false,"inline_featured_image":false},"variation":[],"product_brand":[],"product_cat":[87,101,282,306,316],"product_tag":[299],"class_list":{"0":"post-19812","1":"product","2":"type-product","3":"status-publish","4":"has-post-thumbnail","6":"product_cat-kondition","7":"product_cat-lopband","8":"product_cat-displays","9":"product_cat-tillbehor","10":"product_cat-star-trac","11":"product_tag-star-trac","13":"first","14":"instock","15":"shipping-taxable","16":"product-type-simple"},"acf":[],"yoast_head":"<!-- This site is optimized with the Yoast SEO plugin v26.8 - https:\/\/yoast.com\/product\/yoast-seo-wordpress\/ -->\n<title>APEX LED | Apirosport<\/title>\n<meta name=\"robots\" content=\"index, follow, max-snippet:-1, max-image-preview:large, max-video-preview:-1\" \/>\n<link rel=\"canonical\" href=\"https:\/\/apirosport.com\/sv\/produkt\/next-gen-cardio-openhub-led\/\" \/>\n<meta property=\"og:locale\" content=\"sv_SE\" \/>\n<meta property=\"og:type\" content=\"article\" \/>\n<meta property=\"og:title\" content=\"APEX LED | Apirosport\" \/>\n<meta property=\"og:description\" content=\"8 &amp; 10-seriens Apex LED-displayer kombinerar effektivitet med avancerad uppkoppling och integreras s\u00f6ml\u00f6st i OpenHub-ekosystemet. Med Bluetooth, WiFi och NFC m\u00f6jligg\u00f6rs enkel tr\u00e4ningssp\u00e5rning, datadelning i realtid och smidig integration \u2013 b\u00e5de f\u00f6r anl\u00e4ggningar och anv\u00e4ndare. Prestanda &amp; enkelhet i perfekt balans Apex 8 &amp; 10 LED-konsoler ger en effektiv och anv\u00e4ndarv\u00e4nlig konditionsupplevelse med modern design. [&hellip;]\" \/>\n<meta property=\"og:url\" content=\"https:\/\/apirosport.com\/sv\/produkt\/next-gen-cardio-openhub-led\/\" \/>\n<meta property=\"og:site_name\" content=\"Apirosport\" \/>\n<meta property=\"article:modified_time\" content=\"2026-03-19T16:08:34+00:00\" \/>\n<meta property=\"og:image\" content=\"https:\/\/apirosport.com\/wp-content\/uploads\/2026\/03\/StarTrac-LED-L.png\" \/>\n\t<meta property=\"og:image:width\" content=\"2362\" \/>\n\t<meta property=\"og:image:height\" content=\"2362\" \/>\n\t<meta property=\"og:image:type\" content=\"image\/png\" \/>\n<meta name=\"twitter:card\" content=\"summary_large_image\" \/>\n<meta name=\"twitter:title\" content=\"Apirosport\" \/>\n<meta name=\"twitter:label1\" content=\"Ber\u00e4knad l\u00e4stid\" \/>\n\t<meta name=\"twitter:data1\" content=\"1 minut\" \/>\n<script type=\"application\/ld+json\" class=\"yoast-schema-graph\">{\"@context\":\"https:\/\/schema.org\",\"@graph\":[{\"@type\":\"WebPage\",\"@id\":\"https:\/\/apirosport.com\/sv\/produkt\/next-gen-cardio-openhub-led\/\",\"url\":\"https:\/\/apirosport.com\/sv\/produkt\/next-gen-cardio-openhub-led\/\",\"name\":\"APEX LED | Apirosport\",\"isPartOf\":{\"@id\":\"https:\/\/apirosport.com\/sv\/#website\"},\"primaryImageOfPage\":{\"@id\":\"https:\/\/apirosport.com\/sv\/produkt\/next-gen-cardio-openhub-led\/#primaryimage\"},\"image\":{\"@id\":\"https:\/\/apirosport.com\/sv\/produkt\/next-gen-cardio-openhub-led\/#primaryimage\"},\"thumbnailUrl\":\"https:\/\/apirosport.com\/wp-content\/uploads\/2026\/03\/StarTrac-LED-L.png\",\"datePublished\":\"2025-04-03T14:53:34+00:00\",\"dateModified\":\"2026-03-19T16:08:34+00:00\",\"breadcrumb\":{\"@id\":\"https:\/\/apirosport.com\/sv\/produkt\/next-gen-cardio-openhub-led\/#breadcrumb\"},\"inLanguage\":\"sv-SE\",\"potentialAction\":[{\"@type\":\"ReadAction\",\"target\":[\"https:\/\/apirosport.com\/sv\/produkt\/next-gen-cardio-openhub-led\/\"]}]},{\"@type\":\"ImageObject\",\"inLanguage\":\"sv-SE\",\"@id\":\"https:\/\/apirosport.com\/sv\/produkt\/next-gen-cardio-openhub-led\/#primaryimage\",\"url\":\"https:\/\/apirosport.com\/wp-content\/uploads\/2026\/03\/StarTrac-LED-L.png\",\"contentUrl\":\"https:\/\/apirosport.com\/wp-content\/uploads\/2026\/03\/StarTrac-LED-L.png\",\"width\":2362,\"height\":2362},{\"@type\":\"BreadcrumbList\",\"@id\":\"https:\/\/apirosport.com\/sv\/produkt\/next-gen-cardio-openhub-led\/#breadcrumb\",\"itemListElement\":[{\"@type\":\"ListItem\",\"position\":1,\"name\":\"Home\",\"item\":\"https:\/\/apirosport.com\/sv\/\"},{\"@type\":\"ListItem\",\"position\":2,\"name\":\"Produkter\",\"item\":\"https:\/\/apirosport.com\/sv\/produkter\/\"},{\"@type\":\"ListItem\",\"position\":3,\"name\":\"APEX LED\"}]},{\"@type\":\"WebSite\",\"@id\":\"https:\/\/apirosport.com\/sv\/#website\",\"url\":\"https:\/\/apirosport.com\/sv\/\",\"name\":\"Apirosport\",\"description\":\"\",\"publisher\":{\"@id\":\"https:\/\/apirosport.com\/sv\/#organization\"},\"alternateName\":\"Apirosport\",\"potentialAction\":[{\"@type\":\"SearchAction\",\"target\":{\"@type\":\"EntryPoint\",\"urlTemplate\":\"https:\/\/apirosport.com\/sv\/?s={search_term_string}\"},\"query-input\":{\"@type\":\"PropertyValueSpecification\",\"valueRequired\":true,\"valueName\":\"search_term_string\"}}],\"inLanguage\":\"sv-SE\"},{\"@type\":\"Organization\",\"@id\":\"https:\/\/apirosport.com\/sv\/#organization\",\"name\":\"Apirosport\",\"alternateName\":\"Apirosport\",\"url\":\"https:\/\/apirosport.com\/sv\/\",\"logo\":{\"@type\":\"ImageObject\",\"inLanguage\":\"sv-SE\",\"@id\":\"https:\/\/apirosport.com\/sv\/#\/schema\/logo\/image\/\",\"url\":\"https:\/\/apirosport.com\/wp-content\/uploads\/2025\/12\/Apirosport-yellow-scaled.png\",\"contentUrl\":\"https:\/\/apirosport.com\/wp-content\/uploads\/2025\/12\/Apirosport-yellow-scaled.png\",\"width\":2560,\"height\":2278,\"caption\":\"Apirosport\"},\"image\":{\"@id\":\"https:\/\/apirosport.com\/sv\/#\/schema\/logo\/image\/\"}}]}<\/script>\n<!-- \/ Yoast SEO plugin. -->","yoast_head_json":{"title":"APEX LED | Apirosport","robots":{"index":"index","follow":"follow","max-snippet":"max-snippet:-1","max-image-preview":"max-image-preview:large","max-video-preview":"max-video-preview:-1"},"canonical":"https:\/\/apirosport.com\/sv\/produkt\/next-gen-cardio-openhub-led\/","og_locale":"sv_SE","og_type":"article","og_title":"APEX LED | Apirosport","og_description":"8 &amp; 10-seriens Apex LED-displayer kombinerar effektivitet med avancerad uppkoppling och integreras s\u00f6ml\u00f6st i OpenHub-ekosystemet. Med Bluetooth, WiFi och NFC m\u00f6jligg\u00f6rs enkel tr\u00e4ningssp\u00e5rning, datadelning i realtid och smidig integration \u2013 b\u00e5de f\u00f6r anl\u00e4ggningar och anv\u00e4ndare. Prestanda &amp; enkelhet i perfekt balans Apex 8 &amp; 10 LED-konsoler ger en effektiv och anv\u00e4ndarv\u00e4nlig konditionsupplevelse med modern design. [&hellip;]","og_url":"https:\/\/apirosport.com\/sv\/produkt\/next-gen-cardio-openhub-led\/","og_site_name":"Apirosport","article_modified_time":"2026-03-19T16:08:34+00:00","og_image":[{"width":2362,"height":2362,"url":"https:\/\/apirosport.com\/wp-content\/uploads\/2026\/03\/StarTrac-LED-L.png","type":"image\/png"}],"twitter_card":"summary_large_image","twitter_title":"Apirosport","twitter_misc":{"Ber\u00e4knad l\u00e4stid":"1 minut"},"schema":{"@context":"https:\/\/schema.org","@graph":[{"@type":"WebPage","@id":"https:\/\/apirosport.com\/sv\/produkt\/next-gen-cardio-openhub-led\/","url":"https:\/\/apirosport.com\/sv\/produkt\/next-gen-cardio-openhub-led\/","name":"APEX LED | Apirosport","isPartOf":{"@id":"https:\/\/apirosport.com\/sv\/#website"},"primaryImageOfPage":{"@id":"https:\/\/apirosport.com\/sv\/produkt\/next-gen-cardio-openhub-led\/#primaryimage"},"image":{"@id":"https:\/\/apirosport.com\/sv\/produkt\/next-gen-cardio-openhub-led\/#primaryimage"},"thumbnailUrl":"https:\/\/apirosport.com\/wp-content\/uploads\/2026\/03\/StarTrac-LED-L.png","datePublished":"2025-04-03T14:53:34+00:00","dateModified":"2026-03-19T16:08:34+00:00","breadcrumb":{"@id":"https:\/\/apirosport.com\/sv\/produkt\/next-gen-cardio-openhub-led\/#breadcrumb"},"inLanguage":"sv-SE","potentialAction":[{"@type":"ReadAction","target":["https:\/\/apirosport.com\/sv\/produkt\/next-gen-cardio-openhub-led\/"]}]},{"@type":"ImageObject","inLanguage":"sv-SE","@id":"https:\/\/apirosport.com\/sv\/produkt\/next-gen-cardio-openhub-led\/#primaryimage","url":"https:\/\/apirosport.com\/wp-content\/uploads\/2026\/03\/StarTrac-LED-L.png","contentUrl":"https:\/\/apirosport.com\/wp-content\/uploads\/2026\/03\/StarTrac-LED-L.png","width":2362,"height":2362},{"@type":"BreadcrumbList","@id":"https:\/\/apirosport.com\/sv\/produkt\/next-gen-cardio-openhub-led\/#breadcrumb","itemListElement":[{"@type":"ListItem","position":1,"name":"Home","item":"https:\/\/apirosport.com\/sv\/"},{"@type":"ListItem","position":2,"name":"Produkter","item":"https:\/\/apirosport.com\/sv\/produkter\/"},{"@type":"ListItem","position":3,"name":"APEX LED"}]},{"@type":"WebSite","@id":"https:\/\/apirosport.com\/sv\/#website","url":"https:\/\/apirosport.com\/sv\/","name":"Apirosport","description":"","publisher":{"@id":"https:\/\/apirosport.com\/sv\/#organization"},"alternateName":"Apirosport","potentialAction":[{"@type":"SearchAction","target":{"@type":"EntryPoint","urlTemplate":"https:\/\/apirosport.com\/sv\/?s={search_term_string}"},"query-input":{"@type":"PropertyValueSpecification","valueRequired":true,"valueName":"search_term_string"}}],"inLanguage":"sv-SE"},{"@type":"Organization","@id":"https:\/\/apirosport.com\/sv\/#organization","name":"Apirosport","alternateName":"Apirosport","url":"https:\/\/apirosport.com\/sv\/","logo":{"@type":"ImageObject","inLanguage":"sv-SE","@id":"https:\/\/apirosport.com\/sv\/#\/schema\/logo\/image\/","url":"https:\/\/apirosport.com\/wp-content\/uploads\/2025\/12\/Apirosport-yellow-scaled.png","contentUrl":"https:\/\/apirosport.com\/wp-content\/uploads\/2025\/12\/Apirosport-yellow-scaled.png","width":2560,"height":2278,"caption":"Apirosport"},"image":{"@id":"https:\/\/apirosport.com\/sv\/#\/schema\/logo\/image\/"}}]}},"_links":{"self":[{"href":"https:\/\/apirosport.com\/sv\/wp-json\/wp\/v2\/product\/19812","targetHints":{"allow":["GET"]}}],"collection":[{"href":"https:\/\/apirosport.com\/sv\/wp-json\/wp\/v2\/product"}],"about":[{"href":"https:\/\/apirosport.com\/sv\/wp-json\/wp\/v2\/types\/product"}],"wp:featuredmedia":[{"embeddable":true,"href":"https:\/\/apirosport.com\/sv\/wp-json\/wp\/v2\/media\/24902"}],"wp:attachment":[{"href":"https:\/\/apirosport.com\/sv\/wp-json\/wp\/v2\/media?parent=19812"}],"wp:term":[{"taxonomy":"variation","embeddable":true,"href":"https:\/\/apirosport.com\/sv\/wp-json\/wp\/v2\/variation?post=19812"},{"taxonomy":"product_brand","embeddable":true,"href":"https:\/\/apirosport.com\/sv\/wp-json\/wp\/v2\/product_brand?post=19812"},{"taxonomy":"product_cat","embeddable":true,"href":"https:\/\/apirosport.com\/sv\/wp-json\/wp\/v2\/product_cat?post=19812"},{"taxonomy":"product_tag","embeddable":true,"href":"https:\/\/apirosport.com\/sv\/wp-json\/wp\/v2\/product_tag?post=19812"}],"curies":[{"name":"wp","href":"https:\/\/api.w.org\/{rel}","templated":true}]}}