{"id":19817,"date":"2025-04-05T11:05:57","date_gmt":"2025-04-05T11:05:57","guid":{"rendered":"https:\/\/apirosport.com\/?post_type=product&#038;p=19817"},"modified":"2026-02-22T18:26:11","modified_gmt":"2026-02-22T18:26:11","slug":"openhub-16-embedded","status":"publish","type":"product","link":"https:\/\/apirosport.com\/sv\/produkt\/openhub-16-embedded\/","title":{"rendered":"OpenHub 16&#8243; Embedded Touch Screen"},"content":{"rendered":"<p>OpenHub 16&#8243; Embedded Touch Screen &#8211; den Ultimata tr\u00e4ningskompisen!<\/p>\n<ul>\n<li>Med en stor Embedded Touch Screen tar du ditt gym till n\u00e4sta niv\u00e5 och uppmuntrar till mer, roligare och b\u00e4ttre tr\u00e4ning. Direkt i sk\u00e4rmen hittar dina medlemmar massor med underh\u00e5llning genom appar som Netflix och Youtube, tr\u00e4ningsprogram och Run-TV. Det g\u00e5r \u00e4ven att spegla telefonen tr\u00e5dl\u00f6st mot sk\u00e4rmen f\u00f6r den som vill anv\u00e4nda sina egna appar direkt p\u00e5 sk\u00e4rmen.<\/li>\n<li>\u00c4ven funktionen Landmark Challenges bidrar till tr\u00e4ningsgl\u00e4dje. Vem n\u00e5r toppen av Eiffeltornet snabbast? Topplistan syns direkt p\u00e5 startsk\u00e4rmen &#8211; utmana era medlemmar!<\/li>\n<li>Du kopplar dina smart devices enkelt genom tap-to-pair och kan enkelt spara och f\u00f6lja upp dina tr\u00e4ningspass. OpenHub 16&#8243; Embedded Touch Screen har \u00e4ven 5* integration med EGYM.<\/li>\n<\/ul>\n<p>&nbsp;<\/p>\n<p><em>OpenHub \u00e4r mer \u00e4n ett displaysystem. Designat som en \u00f6ppen, anpassningsbar plattform s\u00e4kerst\u00e4ller OpenHub en s\u00f6ml\u00f6s integration med framtidsinriktade fitness-l\u00f6sningar. Genom samarbeten med branschledare st\u00f6der OpenHub innovationer som tap-to-pair f\u00f6r smartwatches, tr\u00e5dl\u00f6s spegling av telefoner, asset management och interaktiva tr\u00e4ningsappar. I takt med att teknologin utvecklas levererar OpenHub en uppkopplad, flexibel upplevelse som ger b\u00e5de anv\u00e4ndare och gymoperat\u00f6rer m\u00f6jlighet att ligga steget f\u00f6re.<\/em><\/p>\n<p>&nbsp;<\/p>\n","protected":false},"excerpt":{"rendered":"<p>OpenHub 16&#8243; Embedded Touch Screen &#8211; den Ultimata tr\u00e4ningskompisen! Med en stor Embedded Touch Screen tar du ditt gym till n\u00e4sta niv\u00e5 och uppmuntrar till mer, roligare och b\u00e4ttre tr\u00e4ning. Direkt i sk\u00e4rmen hittar dina medlemmar massor med underh\u00e5llning genom appar som Netflix och Youtube, tr\u00e4ningsprogram och Run-TV. Det g\u00e5r \u00e4ven att spegla telefonen tr\u00e5dl\u00f6st [&hellip;]<\/p>\n","protected":false},"featured_media":20146,"template":"","meta":{"_acf_changed":false,"inline_featured_image":false},"variation":[],"product_brand":[],"product_cat":[91,282,284,306],"product_tag":[58],"class_list":{"0":"post-19817","1":"product","2":"type-product","3":"status-publish","4":"has-post-thumbnail","6":"product_cat-hiit","7":"product_cat-displays","8":"product_cat-trappmaskiner","9":"product_cat-tillbehor","10":"product_tag-stairmaster","12":"first","13":"instock","14":"shipping-taxable","15":"product-type-simple"},"acf":[],"yoast_head":"<!-- This site is optimized with the Yoast SEO plugin v26.8 - https:\/\/yoast.com\/product\/yoast-seo-wordpress\/ -->\n<title>OpenHub 16&quot; Embedded Touch Screen | Apirosport<\/title>\n<meta name=\"robots\" content=\"index, follow, max-snippet:-1, max-image-preview:large, max-video-preview:-1\" \/>\n<link rel=\"canonical\" href=\"https:\/\/apirosport.com\/sv\/produkt\/openhub-16-embedded\/\" \/>\n<meta property=\"og:locale\" content=\"sv_SE\" \/>\n<meta property=\"og:type\" content=\"article\" \/>\n<meta property=\"og:title\" content=\"OpenHub 16&quot; Embedded Touch Screen | Apirosport\" \/>\n<meta property=\"og:description\" content=\"OpenHub 16&#8243; Embedded Touch Screen &#8211; den Ultimata tr\u00e4ningskompisen! Med en stor Embedded Touch Screen tar du ditt gym till n\u00e4sta niv\u00e5 och uppmuntrar till mer, roligare och b\u00e4ttre tr\u00e4ning. Direkt i sk\u00e4rmen hittar dina medlemmar massor med underh\u00e5llning genom appar som Netflix och Youtube, tr\u00e4ningsprogram och Run-TV. Det g\u00e5r \u00e4ven att spegla telefonen tr\u00e5dl\u00f6st [&hellip;]\" \/>\n<meta property=\"og:url\" content=\"https:\/\/apirosport.com\/sv\/produkt\/openhub-16-embedded\/\" \/>\n<meta property=\"og:site_name\" content=\"Apirosport\" \/>\n<meta property=\"article:modified_time\" content=\"2026-02-22T18:26:11+00:00\" \/>\n<meta property=\"og:image\" content=\"https:\/\/apirosport.com\/wp-content\/uploads\/2025\/12\/NextGen-StarTrac-OpenHub-embedded-BLK60-2.png\" \/>\n\t<meta property=\"og:image:width\" content=\"1181\" \/>\n\t<meta property=\"og:image:height\" content=\"1181\" \/>\n\t<meta property=\"og:image:type\" content=\"image\/png\" \/>\n<meta name=\"twitter:card\" content=\"summary_large_image\" \/>\n<meta name=\"twitter:title\" content=\"Apirosport\" \/>\n<meta name=\"twitter:label1\" content=\"Ber\u00e4knad l\u00e4stid\" \/>\n\t<meta name=\"twitter:data1\" content=\"1 minut\" \/>\n<script type=\"application\/ld+json\" class=\"yoast-schema-graph\">{\"@context\":\"https:\/\/schema.org\",\"@graph\":[{\"@type\":\"WebPage\",\"@id\":\"https:\/\/apirosport.com\/sv\/produkt\/openhub-16-embedded\/\",\"url\":\"https:\/\/apirosport.com\/sv\/produkt\/openhub-16-embedded\/\",\"name\":\"OpenHub 16\\\" Embedded Touch Screen | Apirosport\",\"isPartOf\":{\"@id\":\"https:\/\/apirosport.com\/sv\/#website\"},\"primaryImageOfPage\":{\"@id\":\"https:\/\/apirosport.com\/sv\/produkt\/openhub-16-embedded\/#primaryimage\"},\"image\":{\"@id\":\"https:\/\/apirosport.com\/sv\/produkt\/openhub-16-embedded\/#primaryimage\"},\"thumbnailUrl\":\"https:\/\/apirosport.com\/wp-content\/uploads\/2025\/12\/NextGen-StarTrac-OpenHub-embedded-BLK60-2.png\",\"datePublished\":\"2025-04-05T11:05:57+00:00\",\"dateModified\":\"2026-02-22T18:26:11+00:00\",\"breadcrumb\":{\"@id\":\"https:\/\/apirosport.com\/sv\/produkt\/openhub-16-embedded\/#breadcrumb\"},\"inLanguage\":\"sv-SE\",\"potentialAction\":[{\"@type\":\"ReadAction\",\"target\":[\"https:\/\/apirosport.com\/sv\/produkt\/openhub-16-embedded\/\"]}]},{\"@type\":\"ImageObject\",\"inLanguage\":\"sv-SE\",\"@id\":\"https:\/\/apirosport.com\/sv\/produkt\/openhub-16-embedded\/#primaryimage\",\"url\":\"https:\/\/apirosport.com\/wp-content\/uploads\/2025\/12\/NextGen-StarTrac-OpenHub-embedded-BLK60-2.png\",\"contentUrl\":\"https:\/\/apirosport.com\/wp-content\/uploads\/2025\/12\/NextGen-StarTrac-OpenHub-embedded-BLK60-2.png\",\"width\":1181,\"height\":1181},{\"@type\":\"BreadcrumbList\",\"@id\":\"https:\/\/apirosport.com\/sv\/produkt\/openhub-16-embedded\/#breadcrumb\",\"itemListElement\":[{\"@type\":\"ListItem\",\"position\":1,\"name\":\"Home\",\"item\":\"https:\/\/apirosport.com\/sv\/\"},{\"@type\":\"ListItem\",\"position\":2,\"name\":\"Produkter\",\"item\":\"https:\/\/apirosport.com\/sv\/produkter\/\"},{\"@type\":\"ListItem\",\"position\":3,\"name\":\"OpenHub 16&#8243; Embedded Touch Screen\"}]},{\"@type\":\"WebSite\",\"@id\":\"https:\/\/apirosport.com\/sv\/#website\",\"url\":\"https:\/\/apirosport.com\/sv\/\",\"name\":\"Apirosport\",\"description\":\"\",\"publisher\":{\"@id\":\"https:\/\/apirosport.com\/sv\/#organization\"},\"alternateName\":\"Apirosport\",\"potentialAction\":[{\"@type\":\"SearchAction\",\"target\":{\"@type\":\"EntryPoint\",\"urlTemplate\":\"https:\/\/apirosport.com\/sv\/?s={search_term_string}\"},\"query-input\":{\"@type\":\"PropertyValueSpecification\",\"valueRequired\":true,\"valueName\":\"search_term_string\"}}],\"inLanguage\":\"sv-SE\"},{\"@type\":\"Organization\",\"@id\":\"https:\/\/apirosport.com\/sv\/#organization\",\"name\":\"Apirosport\",\"alternateName\":\"Apirosport\",\"url\":\"https:\/\/apirosport.com\/sv\/\",\"logo\":{\"@type\":\"ImageObject\",\"inLanguage\":\"sv-SE\",\"@id\":\"https:\/\/apirosport.com\/sv\/#\/schema\/logo\/image\/\",\"url\":\"https:\/\/apirosport.com\/wp-content\/uploads\/2025\/12\/Apirosport-yellow-scaled.png\",\"contentUrl\":\"https:\/\/apirosport.com\/wp-content\/uploads\/2025\/12\/Apirosport-yellow-scaled.png\",\"width\":2560,\"height\":2278,\"caption\":\"Apirosport\"},\"image\":{\"@id\":\"https:\/\/apirosport.com\/sv\/#\/schema\/logo\/image\/\"}}]}<\/script>\n<!-- \/ Yoast SEO plugin. -->","yoast_head_json":{"title":"OpenHub 16\" Embedded Touch Screen | Apirosport","robots":{"index":"index","follow":"follow","max-snippet":"max-snippet:-1","max-image-preview":"max-image-preview:large","max-video-preview":"max-video-preview:-1"},"canonical":"https:\/\/apirosport.com\/sv\/produkt\/openhub-16-embedded\/","og_locale":"sv_SE","og_type":"article","og_title":"OpenHub 16\" Embedded Touch Screen | Apirosport","og_description":"OpenHub 16&#8243; Embedded Touch Screen &#8211; den Ultimata tr\u00e4ningskompisen! Med en stor Embedded Touch Screen tar du ditt gym till n\u00e4sta niv\u00e5 och uppmuntrar till mer, roligare och b\u00e4ttre tr\u00e4ning. Direkt i sk\u00e4rmen hittar dina medlemmar massor med underh\u00e5llning genom appar som Netflix och Youtube, tr\u00e4ningsprogram och Run-TV. Det g\u00e5r \u00e4ven att spegla telefonen tr\u00e5dl\u00f6st [&hellip;]","og_url":"https:\/\/apirosport.com\/sv\/produkt\/openhub-16-embedded\/","og_site_name":"Apirosport","article_modified_time":"2026-02-22T18:26:11+00:00","og_image":[{"width":1181,"height":1181,"url":"https:\/\/apirosport.com\/wp-content\/uploads\/2025\/12\/NextGen-StarTrac-OpenHub-embedded-BLK60-2.png","type":"image\/png"}],"twitter_card":"summary_large_image","twitter_title":"Apirosport","twitter_misc":{"Ber\u00e4knad l\u00e4stid":"1 minut"},"schema":{"@context":"https:\/\/schema.org","@graph":[{"@type":"WebPage","@id":"https:\/\/apirosport.com\/sv\/produkt\/openhub-16-embedded\/","url":"https:\/\/apirosport.com\/sv\/produkt\/openhub-16-embedded\/","name":"OpenHub 16\" Embedded Touch Screen | Apirosport","isPartOf":{"@id":"https:\/\/apirosport.com\/sv\/#website"},"primaryImageOfPage":{"@id":"https:\/\/apirosport.com\/sv\/produkt\/openhub-16-embedded\/#primaryimage"},"image":{"@id":"https:\/\/apirosport.com\/sv\/produkt\/openhub-16-embedded\/#primaryimage"},"thumbnailUrl":"https:\/\/apirosport.com\/wp-content\/uploads\/2025\/12\/NextGen-StarTrac-OpenHub-embedded-BLK60-2.png","datePublished":"2025-04-05T11:05:57+00:00","dateModified":"2026-02-22T18:26:11+00:00","breadcrumb":{"@id":"https:\/\/apirosport.com\/sv\/produkt\/openhub-16-embedded\/#breadcrumb"},"inLanguage":"sv-SE","potentialAction":[{"@type":"ReadAction","target":["https:\/\/apirosport.com\/sv\/produkt\/openhub-16-embedded\/"]}]},{"@type":"ImageObject","inLanguage":"sv-SE","@id":"https:\/\/apirosport.com\/sv\/produkt\/openhub-16-embedded\/#primaryimage","url":"https:\/\/apirosport.com\/wp-content\/uploads\/2025\/12\/NextGen-StarTrac-OpenHub-embedded-BLK60-2.png","contentUrl":"https:\/\/apirosport.com\/wp-content\/uploads\/2025\/12\/NextGen-StarTrac-OpenHub-embedded-BLK60-2.png","width":1181,"height":1181},{"@type":"BreadcrumbList","@id":"https:\/\/apirosport.com\/sv\/produkt\/openhub-16-embedded\/#breadcrumb","itemListElement":[{"@type":"ListItem","position":1,"name":"Home","item":"https:\/\/apirosport.com\/sv\/"},{"@type":"ListItem","position":2,"name":"Produkter","item":"https:\/\/apirosport.com\/sv\/produkter\/"},{"@type":"ListItem","position":3,"name":"OpenHub 16&#8243; Embedded Touch Screen"}]},{"@type":"WebSite","@id":"https:\/\/apirosport.com\/sv\/#website","url":"https:\/\/apirosport.com\/sv\/","name":"Apirosport","description":"","publisher":{"@id":"https:\/\/apirosport.com\/sv\/#organization"},"alternateName":"Apirosport","potentialAction":[{"@type":"SearchAction","target":{"@type":"EntryPoint","urlTemplate":"https:\/\/apirosport.com\/sv\/?s={search_term_string}"},"query-input":{"@type":"PropertyValueSpecification","valueRequired":true,"valueName":"search_term_string"}}],"inLanguage":"sv-SE"},{"@type":"Organization","@id":"https:\/\/apirosport.com\/sv\/#organization","name":"Apirosport","alternateName":"Apirosport","url":"https:\/\/apirosport.com\/sv\/","logo":{"@type":"ImageObject","inLanguage":"sv-SE","@id":"https:\/\/apirosport.com\/sv\/#\/schema\/logo\/image\/","url":"https:\/\/apirosport.com\/wp-content\/uploads\/2025\/12\/Apirosport-yellow-scaled.png","contentUrl":"https:\/\/apirosport.com\/wp-content\/uploads\/2025\/12\/Apirosport-yellow-scaled.png","width":2560,"height":2278,"caption":"Apirosport"},"image":{"@id":"https:\/\/apirosport.com\/sv\/#\/schema\/logo\/image\/"}}]}},"_links":{"self":[{"href":"https:\/\/apirosport.com\/sv\/wp-json\/wp\/v2\/product\/19817","targetHints":{"allow":["GET"]}}],"collection":[{"href":"https:\/\/apirosport.com\/sv\/wp-json\/wp\/v2\/product"}],"about":[{"href":"https:\/\/apirosport.com\/sv\/wp-json\/wp\/v2\/types\/product"}],"wp:featuredmedia":[{"embeddable":true,"href":"https:\/\/apirosport.com\/sv\/wp-json\/wp\/v2\/media\/20146"}],"wp:attachment":[{"href":"https:\/\/apirosport.com\/sv\/wp-json\/wp\/v2\/media?parent=19817"}],"wp:term":[{"taxonomy":"variation","embeddable":true,"href":"https:\/\/apirosport.com\/sv\/wp-json\/wp\/v2\/variation?post=19817"},{"taxonomy":"product_brand","embeddable":true,"href":"https:\/\/apirosport.com\/sv\/wp-json\/wp\/v2\/product_brand?post=19817"},{"taxonomy":"product_cat","embeddable":true,"href":"https:\/\/apirosport.com\/sv\/wp-json\/wp\/v2\/product_cat?post=19817"},{"taxonomy":"product_tag","embeddable":true,"href":"https:\/\/apirosport.com\/sv\/wp-json\/wp\/v2\/product_tag?post=19817"}],"curies":[{"name":"wp","href":"https:\/\/api.w.org\/{rel}","templated":true}]}}