{"id":19822,"date":"2025-04-05T11:07:32","date_gmt":"2025-04-05T11:07:32","guid":{"rendered":"https:\/\/apirosport.com\/?post_type=product&#038;p=19822"},"modified":"2026-03-18T00:15:48","modified_gmt":"2026-03-18T00:15:48","slug":"nextgen-stairmaster-8gx","status":"publish","type":"product","link":"https:\/\/apirosport.com\/sv\/produkt\/nextgen-stairmaster-8gx\/","title":{"rendered":"Next Gen Cardio &#8211; StairMaster 8Gx"},"content":{"rendered":"<p>StairMaster 8Gx s\u00e4tter standarden med fokus p\u00e5 prestanda, h\u00e5llbarhet och design. Byggd f\u00f6r h\u00f6gintensiv konditionstr\u00e4ning och underkroppsstyrka, har den en dj\u00e4rv, modern estetik och en robust konstruktion som klarar de tuffaste tr\u00e4ningspassen samtidigt som den levererar en smidig och tyst prestanda. Ergonomiska handtag st\u00f6djer flera kl\u00e4ttringsstilar, och den precist konstruerade drivlinan s\u00e4kerst\u00e4ller att varje steg \u00e4r b\u00e5de kraftfullt och kontrollerat.<\/p>\n<p>&nbsp;<\/p>\n<p>V\u00e4lj mellan de nya display-altenativen med m\u00e4ngder av program, uppf\u00f6ljning och underh\u00e5llning:<\/p>\n<p><a href=\"https:\/\/apirosport.se\/product\/openhub-16-embedded\/\" target=\"_blank\" rel=\"noopener\">OpenHub 16\u2019 HD-touchscreen &#8211; l\u00e4s mer!<\/a><\/p>\n<p><a href=\"https:\/\/apirosport.se\/product\/next-gen-cardio-openhub-led\/\" target=\"_blank\" rel=\"noopener\">OpenHub 16\u2019 LED-display &#8211; l\u00e4s mer!<\/a><\/p>\n<p>&nbsp;<\/p>\n","protected":false},"excerpt":{"rendered":"<p>StairMaster 8Gx s\u00e4tter standarden med fokus p\u00e5 prestanda, h\u00e5llbarhet och design. Byggd f\u00f6r h\u00f6gintensiv konditionstr\u00e4ning och underkroppsstyrka, har den en dj\u00e4rv, modern estetik och en robust konstruktion som klarar de tuffaste tr\u00e4ningspassen samtidigt som den levererar en smidig och tyst prestanda. Ergonomiska handtag st\u00f6djer flera kl\u00e4ttringsstilar, och den precist konstruerade drivlinan s\u00e4kerst\u00e4ller att varje steg [&hellip;]<\/p>\n","protected":false},"featured_media":20148,"template":"","meta":{"_acf_changed":false,"inline_featured_image":false},"variation":[],"product_brand":[],"product_cat":[87,91,284,317],"product_tag":[58],"class_list":{"0":"post-19822","1":"product","2":"type-product","3":"status-publish","4":"has-post-thumbnail","6":"product_cat-kondition","7":"product_cat-hiit","8":"product_cat-trappmaskiner","9":"product_cat-stairmaster","10":"product_tag-stairmaster","12":"first","13":"instock","14":"shipping-taxable","15":"purchasable","16":"product-type-simple"},"acf":[],"yoast_head":"<!-- This site is optimized with the Yoast SEO plugin v26.8 - https:\/\/yoast.com\/product\/yoast-seo-wordpress\/ -->\n<title>Next Gen Cardio - StairMaster 8Gx | Apirosport<\/title>\n<meta name=\"robots\" content=\"index, follow, max-snippet:-1, max-image-preview:large, max-video-preview:-1\" \/>\n<link rel=\"canonical\" href=\"https:\/\/apirosport.com\/sv\/produkt\/nextgen-stairmaster-8gx\/\" \/>\n<meta property=\"og:locale\" content=\"sv_SE\" \/>\n<meta property=\"og:type\" content=\"article\" \/>\n<meta property=\"og:title\" content=\"Next Gen Cardio - StairMaster 8Gx | Apirosport\" \/>\n<meta property=\"og:description\" content=\"StairMaster 8Gx s\u00e4tter standarden med fokus p\u00e5 prestanda, h\u00e5llbarhet och design. Byggd f\u00f6r h\u00f6gintensiv konditionstr\u00e4ning och underkroppsstyrka, har den en dj\u00e4rv, modern estetik och en robust konstruktion som klarar de tuffaste tr\u00e4ningspassen samtidigt som den levererar en smidig och tyst prestanda. Ergonomiska handtag st\u00f6djer flera kl\u00e4ttringsstilar, och den precist konstruerade drivlinan s\u00e4kerst\u00e4ller att varje steg [&hellip;]\" \/>\n<meta property=\"og:url\" content=\"https:\/\/apirosport.com\/sv\/produkt\/nextgen-stairmaster-8gx\/\" \/>\n<meta property=\"og:site_name\" content=\"Apirosport\" \/>\n<meta property=\"article:modified_time\" content=\"2026-03-18T00:15:48+00:00\" \/>\n<meta property=\"og:image\" content=\"https:\/\/apirosport.com\/wp-content\/uploads\/2025\/12\/NextGen-Stairmaster-8Gx-LED-TOUCH-BLK60-2.png\" \/>\n\t<meta property=\"og:image:width\" content=\"1181\" \/>\n\t<meta property=\"og:image:height\" content=\"1181\" \/>\n\t<meta property=\"og:image:type\" content=\"image\/png\" \/>\n<meta name=\"twitter:card\" content=\"summary_large_image\" \/>\n<meta name=\"twitter:title\" content=\"Apirosport\" \/>\n<meta name=\"twitter:label1\" content=\"Ber\u00e4knad l\u00e4stid\" \/>\n\t<meta name=\"twitter:data1\" content=\"1 minut\" \/>\n<script type=\"application\/ld+json\" class=\"yoast-schema-graph\">{\"@context\":\"https:\/\/schema.org\",\"@graph\":[{\"@type\":\"WebPage\",\"@id\":\"https:\/\/apirosport.com\/sv\/produkt\/nextgen-stairmaster-8gx\/\",\"url\":\"https:\/\/apirosport.com\/sv\/produkt\/nextgen-stairmaster-8gx\/\",\"name\":\"Next Gen Cardio - StairMaster 8Gx | Apirosport\",\"isPartOf\":{\"@id\":\"https:\/\/apirosport.com\/sv\/#website\"},\"primaryImageOfPage\":{\"@id\":\"https:\/\/apirosport.com\/sv\/produkt\/nextgen-stairmaster-8gx\/#primaryimage\"},\"image\":{\"@id\":\"https:\/\/apirosport.com\/sv\/produkt\/nextgen-stairmaster-8gx\/#primaryimage\"},\"thumbnailUrl\":\"https:\/\/apirosport.com\/wp-content\/uploads\/2025\/12\/NextGen-Stairmaster-8Gx-LED-TOUCH-BLK60-2.png\",\"datePublished\":\"2025-04-05T11:07:32+00:00\",\"dateModified\":\"2026-03-18T00:15:48+00:00\",\"breadcrumb\":{\"@id\":\"https:\/\/apirosport.com\/sv\/produkt\/nextgen-stairmaster-8gx\/#breadcrumb\"},\"inLanguage\":\"sv-SE\",\"potentialAction\":[{\"@type\":\"ReadAction\",\"target\":[\"https:\/\/apirosport.com\/sv\/produkt\/nextgen-stairmaster-8gx\/\"]}]},{\"@type\":\"ImageObject\",\"inLanguage\":\"sv-SE\",\"@id\":\"https:\/\/apirosport.com\/sv\/produkt\/nextgen-stairmaster-8gx\/#primaryimage\",\"url\":\"https:\/\/apirosport.com\/wp-content\/uploads\/2025\/12\/NextGen-Stairmaster-8Gx-LED-TOUCH-BLK60-2.png\",\"contentUrl\":\"https:\/\/apirosport.com\/wp-content\/uploads\/2025\/12\/NextGen-Stairmaster-8Gx-LED-TOUCH-BLK60-2.png\",\"width\":1181,\"height\":1181},{\"@type\":\"BreadcrumbList\",\"@id\":\"https:\/\/apirosport.com\/sv\/produkt\/nextgen-stairmaster-8gx\/#breadcrumb\",\"itemListElement\":[{\"@type\":\"ListItem\",\"position\":1,\"name\":\"Home\",\"item\":\"https:\/\/apirosport.com\/sv\/\"},{\"@type\":\"ListItem\",\"position\":2,\"name\":\"Produkter\",\"item\":\"https:\/\/apirosport.com\/sv\/produkter\/\"},{\"@type\":\"ListItem\",\"position\":3,\"name\":\"Next Gen Cardio &#8211; StairMaster 8Gx\"}]},{\"@type\":\"WebSite\",\"@id\":\"https:\/\/apirosport.com\/sv\/#website\",\"url\":\"https:\/\/apirosport.com\/sv\/\",\"name\":\"Apirosport\",\"description\":\"\",\"publisher\":{\"@id\":\"https:\/\/apirosport.com\/sv\/#organization\"},\"alternateName\":\"Apirosport\",\"potentialAction\":[{\"@type\":\"SearchAction\",\"target\":{\"@type\":\"EntryPoint\",\"urlTemplate\":\"https:\/\/apirosport.com\/sv\/?s={search_term_string}\"},\"query-input\":{\"@type\":\"PropertyValueSpecification\",\"valueRequired\":true,\"valueName\":\"search_term_string\"}}],\"inLanguage\":\"sv-SE\"},{\"@type\":\"Organization\",\"@id\":\"https:\/\/apirosport.com\/sv\/#organization\",\"name\":\"Apirosport\",\"alternateName\":\"Apirosport\",\"url\":\"https:\/\/apirosport.com\/sv\/\",\"logo\":{\"@type\":\"ImageObject\",\"inLanguage\":\"sv-SE\",\"@id\":\"https:\/\/apirosport.com\/sv\/#\/schema\/logo\/image\/\",\"url\":\"https:\/\/apirosport.com\/wp-content\/uploads\/2025\/12\/Apirosport-yellow-scaled.png\",\"contentUrl\":\"https:\/\/apirosport.com\/wp-content\/uploads\/2025\/12\/Apirosport-yellow-scaled.png\",\"width\":2560,\"height\":2278,\"caption\":\"Apirosport\"},\"image\":{\"@id\":\"https:\/\/apirosport.com\/sv\/#\/schema\/logo\/image\/\"}}]}<\/script>\n<!-- \/ Yoast SEO plugin. -->","yoast_head_json":{"title":"Next Gen Cardio - StairMaster 8Gx | Apirosport","robots":{"index":"index","follow":"follow","max-snippet":"max-snippet:-1","max-image-preview":"max-image-preview:large","max-video-preview":"max-video-preview:-1"},"canonical":"https:\/\/apirosport.com\/sv\/produkt\/nextgen-stairmaster-8gx\/","og_locale":"sv_SE","og_type":"article","og_title":"Next Gen Cardio - StairMaster 8Gx | Apirosport","og_description":"StairMaster 8Gx s\u00e4tter standarden med fokus p\u00e5 prestanda, h\u00e5llbarhet och design. Byggd f\u00f6r h\u00f6gintensiv konditionstr\u00e4ning och underkroppsstyrka, har den en dj\u00e4rv, modern estetik och en robust konstruktion som klarar de tuffaste tr\u00e4ningspassen samtidigt som den levererar en smidig och tyst prestanda. Ergonomiska handtag st\u00f6djer flera kl\u00e4ttringsstilar, och den precist konstruerade drivlinan s\u00e4kerst\u00e4ller att varje steg [&hellip;]","og_url":"https:\/\/apirosport.com\/sv\/produkt\/nextgen-stairmaster-8gx\/","og_site_name":"Apirosport","article_modified_time":"2026-03-18T00:15:48+00:00","og_image":[{"width":1181,"height":1181,"url":"https:\/\/apirosport.com\/wp-content\/uploads\/2025\/12\/NextGen-Stairmaster-8Gx-LED-TOUCH-BLK60-2.png","type":"image\/png"}],"twitter_card":"summary_large_image","twitter_title":"Apirosport","twitter_misc":{"Ber\u00e4knad l\u00e4stid":"1 minut"},"schema":{"@context":"https:\/\/schema.org","@graph":[{"@type":"WebPage","@id":"https:\/\/apirosport.com\/sv\/produkt\/nextgen-stairmaster-8gx\/","url":"https:\/\/apirosport.com\/sv\/produkt\/nextgen-stairmaster-8gx\/","name":"Next Gen Cardio - StairMaster 8Gx | Apirosport","isPartOf":{"@id":"https:\/\/apirosport.com\/sv\/#website"},"primaryImageOfPage":{"@id":"https:\/\/apirosport.com\/sv\/produkt\/nextgen-stairmaster-8gx\/#primaryimage"},"image":{"@id":"https:\/\/apirosport.com\/sv\/produkt\/nextgen-stairmaster-8gx\/#primaryimage"},"thumbnailUrl":"https:\/\/apirosport.com\/wp-content\/uploads\/2025\/12\/NextGen-Stairmaster-8Gx-LED-TOUCH-BLK60-2.png","datePublished":"2025-04-05T11:07:32+00:00","dateModified":"2026-03-18T00:15:48+00:00","breadcrumb":{"@id":"https:\/\/apirosport.com\/sv\/produkt\/nextgen-stairmaster-8gx\/#breadcrumb"},"inLanguage":"sv-SE","potentialAction":[{"@type":"ReadAction","target":["https:\/\/apirosport.com\/sv\/produkt\/nextgen-stairmaster-8gx\/"]}]},{"@type":"ImageObject","inLanguage":"sv-SE","@id":"https:\/\/apirosport.com\/sv\/produkt\/nextgen-stairmaster-8gx\/#primaryimage","url":"https:\/\/apirosport.com\/wp-content\/uploads\/2025\/12\/NextGen-Stairmaster-8Gx-LED-TOUCH-BLK60-2.png","contentUrl":"https:\/\/apirosport.com\/wp-content\/uploads\/2025\/12\/NextGen-Stairmaster-8Gx-LED-TOUCH-BLK60-2.png","width":1181,"height":1181},{"@type":"BreadcrumbList","@id":"https:\/\/apirosport.com\/sv\/produkt\/nextgen-stairmaster-8gx\/#breadcrumb","itemListElement":[{"@type":"ListItem","position":1,"name":"Home","item":"https:\/\/apirosport.com\/sv\/"},{"@type":"ListItem","position":2,"name":"Produkter","item":"https:\/\/apirosport.com\/sv\/produkter\/"},{"@type":"ListItem","position":3,"name":"Next Gen Cardio &#8211; StairMaster 8Gx"}]},{"@type":"WebSite","@id":"https:\/\/apirosport.com\/sv\/#website","url":"https:\/\/apirosport.com\/sv\/","name":"Apirosport","description":"","publisher":{"@id":"https:\/\/apirosport.com\/sv\/#organization"},"alternateName":"Apirosport","potentialAction":[{"@type":"SearchAction","target":{"@type":"EntryPoint","urlTemplate":"https:\/\/apirosport.com\/sv\/?s={search_term_string}"},"query-input":{"@type":"PropertyValueSpecification","valueRequired":true,"valueName":"search_term_string"}}],"inLanguage":"sv-SE"},{"@type":"Organization","@id":"https:\/\/apirosport.com\/sv\/#organization","name":"Apirosport","alternateName":"Apirosport","url":"https:\/\/apirosport.com\/sv\/","logo":{"@type":"ImageObject","inLanguage":"sv-SE","@id":"https:\/\/apirosport.com\/sv\/#\/schema\/logo\/image\/","url":"https:\/\/apirosport.com\/wp-content\/uploads\/2025\/12\/Apirosport-yellow-scaled.png","contentUrl":"https:\/\/apirosport.com\/wp-content\/uploads\/2025\/12\/Apirosport-yellow-scaled.png","width":2560,"height":2278,"caption":"Apirosport"},"image":{"@id":"https:\/\/apirosport.com\/sv\/#\/schema\/logo\/image\/"}}]}},"_links":{"self":[{"href":"https:\/\/apirosport.com\/sv\/wp-json\/wp\/v2\/product\/19822","targetHints":{"allow":["GET"]}}],"collection":[{"href":"https:\/\/apirosport.com\/sv\/wp-json\/wp\/v2\/product"}],"about":[{"href":"https:\/\/apirosport.com\/sv\/wp-json\/wp\/v2\/types\/product"}],"wp:featuredmedia":[{"embeddable":true,"href":"https:\/\/apirosport.com\/sv\/wp-json\/wp\/v2\/media\/20148"}],"wp:attachment":[{"href":"https:\/\/apirosport.com\/sv\/wp-json\/wp\/v2\/media?parent=19822"}],"wp:term":[{"taxonomy":"variation","embeddable":true,"href":"https:\/\/apirosport.com\/sv\/wp-json\/wp\/v2\/variation?post=19822"},{"taxonomy":"product_brand","embeddable":true,"href":"https:\/\/apirosport.com\/sv\/wp-json\/wp\/v2\/product_brand?post=19822"},{"taxonomy":"product_cat","embeddable":true,"href":"https:\/\/apirosport.com\/sv\/wp-json\/wp\/v2\/product_cat?post=19822"},{"taxonomy":"product_tag","embeddable":true,"href":"https:\/\/apirosport.com\/sv\/wp-json\/wp\/v2\/product_tag?post=19822"}],"curies":[{"name":"wp","href":"https:\/\/api.w.org\/{rel}","templated":true}]}}