{"id":19843,"date":"2025-04-05T11:42:28","date_gmt":"2025-04-05T11:42:28","guid":{"rendered":"https:\/\/apirosport.com\/?post_type=product&#038;p=19843"},"modified":"2026-04-28T19:22:01","modified_gmt":"2026-04-28T19:22:01","slug":"next-gen-star-trac-8-upright-bike","status":"publish","type":"product","link":"https:\/\/apirosport.com\/sv\/produkt\/next-gen-star-trac-8-upright-bike\/","title":{"rendered":"Star Trac 8UB, Upright Bike"},"content":{"rendered":"<p>Star Trac Upright Bike: P\u00e5litlig prestanda f\u00f6r varje tr\u00e4ningsanl\u00e4ggning<\/p>\n<p>Star Trac 8 Series Upright Bike \u00e4r konstruerad f\u00f6r l\u00e5ngvarig prestanda i anl\u00e4ggningar med h\u00f6g trafik. Med dee ultrah\u00e5llbara Morse Taper-pedalerna s\u00e4kerst\u00e4lls stabilitet och p\u00e5litlighet. Cykeln \u00e4r ergonomiskt designad f\u00f6r en smidig och naturlig cykeltur och passar alla fitnessniv\u00e5er. Dess eleganta, moderna design och anv\u00e4ndarv\u00e4nliga gr\u00e4nssnitt g\u00f6r den till den perfekta l\u00f6sningen f\u00f6r anl\u00e4ggningar som vill erbjuda en effektiv och h\u00f6gpresterande konditionsupplevelse.<\/p>\n","protected":false},"excerpt":{"rendered":"<p>Star Trac Upright Bike: P\u00e5litlig prestanda f\u00f6r varje tr\u00e4ningsanl\u00e4ggning Star Trac 8 Series Upright Bike \u00e4r konstruerad f\u00f6r l\u00e5ngvarig prestanda i anl\u00e4ggningar med h\u00f6g trafik. Med dee ultrah\u00e5llbara Morse Taper-pedalerna s\u00e4kerst\u00e4lls stabilitet och p\u00e5litlighet. Cykeln \u00e4r ergonomiskt designad f\u00f6r en smidig och naturlig cykeltur och passar alla fitnessniv\u00e5er. Dess eleganta, moderna design och anv\u00e4ndarv\u00e4nliga gr\u00e4nssnitt [&hellip;]<\/p>\n","protected":false},"featured_media":22891,"template":"","meta":{"_acf_changed":false,"inline_featured_image":false},"variation":[],"product_brand":[],"product_cat":[87,281,316],"product_tag":[299],"class_list":{"0":"post-19843","1":"product","2":"type-product","3":"status-publish","4":"has-post-thumbnail","6":"product_cat-kondition","7":"product_cat-motionscyklar","8":"product_cat-star-trac","9":"product_tag-star-trac","11":"first","12":"instock","13":"shipping-taxable","14":"purchasable","15":"product-type-variable","16":"has-default-attributes"},"acf":[],"yoast_head":"<!-- This site is optimized with the Yoast SEO plugin v26.8 - https:\/\/yoast.com\/product\/yoast-seo-wordpress\/ -->\n<title>Star Trac 8UB, Upright Bike | Apirosport<\/title>\n<meta name=\"robots\" content=\"index, follow, max-snippet:-1, max-image-preview:large, max-video-preview:-1\" \/>\n<link rel=\"canonical\" href=\"https:\/\/apirosport.com\/sv\/produkt\/next-gen-star-trac-8-upright-bike\/\" \/>\n<meta property=\"og:locale\" content=\"sv_SE\" \/>\n<meta property=\"og:type\" content=\"article\" \/>\n<meta property=\"og:title\" content=\"Star Trac 8UB, Upright Bike | Apirosport\" \/>\n<meta property=\"og:description\" content=\"Star Trac Upright Bike: P\u00e5litlig prestanda f\u00f6r varje tr\u00e4ningsanl\u00e4ggning Star Trac 8 Series Upright Bike \u00e4r konstruerad f\u00f6r l\u00e5ngvarig prestanda i anl\u00e4ggningar med h\u00f6g trafik. Med dee ultrah\u00e5llbara Morse Taper-pedalerna s\u00e4kerst\u00e4lls stabilitet och p\u00e5litlighet. Cykeln \u00e4r ergonomiskt designad f\u00f6r en smidig och naturlig cykeltur och passar alla fitnessniv\u00e5er. Dess eleganta, moderna design och anv\u00e4ndarv\u00e4nliga gr\u00e4nssnitt [&hellip;]\" \/>\n<meta property=\"og:url\" content=\"https:\/\/apirosport.com\/sv\/produkt\/next-gen-star-trac-8-upright-bike\/\" \/>\n<meta property=\"og:site_name\" content=\"Apirosport\" \/>\n<meta property=\"article:modified_time\" content=\"2026-04-28T19:22:01+00:00\" \/>\n<meta property=\"og:image\" content=\"https:\/\/apirosport.com\/wp-content\/uploads\/2025\/12\/NextGen-Star-Trac-UB-Embedded-BLK60-2.png\" \/>\n\t<meta property=\"og:image:width\" content=\"1181\" \/>\n\t<meta property=\"og:image:height\" content=\"1181\" \/>\n\t<meta property=\"og:image:type\" content=\"image\/png\" \/>\n<meta name=\"twitter:card\" content=\"summary_large_image\" \/>\n<meta name=\"twitter:title\" content=\"Apirosport\" \/>\n<meta name=\"twitter:label1\" content=\"Ber\u00e4knad l\u00e4stid\" \/>\n\t<meta name=\"twitter:data1\" content=\"1 minut\" \/>\n<script type=\"application\/ld+json\" class=\"yoast-schema-graph\">{\"@context\":\"https:\/\/schema.org\",\"@graph\":[{\"@type\":\"WebPage\",\"@id\":\"https:\/\/apirosport.com\/sv\/produkt\/next-gen-star-trac-8-upright-bike\/\",\"url\":\"https:\/\/apirosport.com\/sv\/produkt\/next-gen-star-trac-8-upright-bike\/\",\"name\":\"Star Trac 8UB, Upright Bike | Apirosport\",\"isPartOf\":{\"@id\":\"https:\/\/apirosport.com\/sv\/#website\"},\"primaryImageOfPage\":{\"@id\":\"https:\/\/apirosport.com\/sv\/produkt\/next-gen-star-trac-8-upright-bike\/#primaryimage\"},\"image\":{\"@id\":\"https:\/\/apirosport.com\/sv\/produkt\/next-gen-star-trac-8-upright-bike\/#primaryimage\"},\"thumbnailUrl\":\"https:\/\/apirosport.com\/wp-content\/uploads\/2025\/12\/NextGen-Star-Trac-UB-Embedded-BLK60-2.png\",\"datePublished\":\"2025-04-05T11:42:28+00:00\",\"dateModified\":\"2026-04-28T19:22:01+00:00\",\"breadcrumb\":{\"@id\":\"https:\/\/apirosport.com\/sv\/produkt\/next-gen-star-trac-8-upright-bike\/#breadcrumb\"},\"inLanguage\":\"sv-SE\",\"potentialAction\":[{\"@type\":\"ReadAction\",\"target\":[\"https:\/\/apirosport.com\/sv\/produkt\/next-gen-star-trac-8-upright-bike\/\"]}]},{\"@type\":\"ImageObject\",\"inLanguage\":\"sv-SE\",\"@id\":\"https:\/\/apirosport.com\/sv\/produkt\/next-gen-star-trac-8-upright-bike\/#primaryimage\",\"url\":\"https:\/\/apirosport.com\/wp-content\/uploads\/2025\/12\/NextGen-Star-Trac-UB-Embedded-BLK60-2.png\",\"contentUrl\":\"https:\/\/apirosport.com\/wp-content\/uploads\/2025\/12\/NextGen-Star-Trac-UB-Embedded-BLK60-2.png\",\"width\":1181,\"height\":1181},{\"@type\":\"BreadcrumbList\",\"@id\":\"https:\/\/apirosport.com\/sv\/produkt\/next-gen-star-trac-8-upright-bike\/#breadcrumb\",\"itemListElement\":[{\"@type\":\"ListItem\",\"position\":1,\"name\":\"Home\",\"item\":\"https:\/\/apirosport.com\/sv\/\"},{\"@type\":\"ListItem\",\"position\":2,\"name\":\"Produkter\",\"item\":\"https:\/\/apirosport.com\/sv\/produkter\/\"},{\"@type\":\"ListItem\",\"position\":3,\"name\":\"Star Trac 8UB, Upright Bike\"}]},{\"@type\":\"WebSite\",\"@id\":\"https:\/\/apirosport.com\/sv\/#website\",\"url\":\"https:\/\/apirosport.com\/sv\/\",\"name\":\"Apirosport\",\"description\":\"\",\"publisher\":{\"@id\":\"https:\/\/apirosport.com\/sv\/#organization\"},\"alternateName\":\"Apirosport\",\"potentialAction\":[{\"@type\":\"SearchAction\",\"target\":{\"@type\":\"EntryPoint\",\"urlTemplate\":\"https:\/\/apirosport.com\/sv\/?s={search_term_string}\"},\"query-input\":{\"@type\":\"PropertyValueSpecification\",\"valueRequired\":true,\"valueName\":\"search_term_string\"}}],\"inLanguage\":\"sv-SE\"},{\"@type\":\"Organization\",\"@id\":\"https:\/\/apirosport.com\/sv\/#organization\",\"name\":\"Apirosport\",\"alternateName\":\"Apirosport\",\"url\":\"https:\/\/apirosport.com\/sv\/\",\"logo\":{\"@type\":\"ImageObject\",\"inLanguage\":\"sv-SE\",\"@id\":\"https:\/\/apirosport.com\/sv\/#\/schema\/logo\/image\/\",\"url\":\"https:\/\/apirosport.com\/wp-content\/uploads\/2025\/12\/Apirosport-yellow-scaled.png\",\"contentUrl\":\"https:\/\/apirosport.com\/wp-content\/uploads\/2025\/12\/Apirosport-yellow-scaled.png\",\"width\":2560,\"height\":2278,\"caption\":\"Apirosport\"},\"image\":{\"@id\":\"https:\/\/apirosport.com\/sv\/#\/schema\/logo\/image\/\"}}]}<\/script>\n<!-- \/ Yoast SEO plugin. -->","yoast_head_json":{"title":"Star Trac 8UB, Upright Bike | Apirosport","robots":{"index":"index","follow":"follow","max-snippet":"max-snippet:-1","max-image-preview":"max-image-preview:large","max-video-preview":"max-video-preview:-1"},"canonical":"https:\/\/apirosport.com\/sv\/produkt\/next-gen-star-trac-8-upright-bike\/","og_locale":"sv_SE","og_type":"article","og_title":"Star Trac 8UB, Upright Bike | Apirosport","og_description":"Star Trac Upright Bike: P\u00e5litlig prestanda f\u00f6r varje tr\u00e4ningsanl\u00e4ggning Star Trac 8 Series Upright Bike \u00e4r konstruerad f\u00f6r l\u00e5ngvarig prestanda i anl\u00e4ggningar med h\u00f6g trafik. Med dee ultrah\u00e5llbara Morse Taper-pedalerna s\u00e4kerst\u00e4lls stabilitet och p\u00e5litlighet. Cykeln \u00e4r ergonomiskt designad f\u00f6r en smidig och naturlig cykeltur och passar alla fitnessniv\u00e5er. Dess eleganta, moderna design och anv\u00e4ndarv\u00e4nliga gr\u00e4nssnitt [&hellip;]","og_url":"https:\/\/apirosport.com\/sv\/produkt\/next-gen-star-trac-8-upright-bike\/","og_site_name":"Apirosport","article_modified_time":"2026-04-28T19:22:01+00:00","og_image":[{"width":1181,"height":1181,"url":"https:\/\/apirosport.com\/wp-content\/uploads\/2025\/12\/NextGen-Star-Trac-UB-Embedded-BLK60-2.png","type":"image\/png"}],"twitter_card":"summary_large_image","twitter_title":"Apirosport","twitter_misc":{"Ber\u00e4knad l\u00e4stid":"1 minut"},"schema":{"@context":"https:\/\/schema.org","@graph":[{"@type":"WebPage","@id":"https:\/\/apirosport.com\/sv\/produkt\/next-gen-star-trac-8-upright-bike\/","url":"https:\/\/apirosport.com\/sv\/produkt\/next-gen-star-trac-8-upright-bike\/","name":"Star Trac 8UB, Upright Bike | Apirosport","isPartOf":{"@id":"https:\/\/apirosport.com\/sv\/#website"},"primaryImageOfPage":{"@id":"https:\/\/apirosport.com\/sv\/produkt\/next-gen-star-trac-8-upright-bike\/#primaryimage"},"image":{"@id":"https:\/\/apirosport.com\/sv\/produkt\/next-gen-star-trac-8-upright-bike\/#primaryimage"},"thumbnailUrl":"https:\/\/apirosport.com\/wp-content\/uploads\/2025\/12\/NextGen-Star-Trac-UB-Embedded-BLK60-2.png","datePublished":"2025-04-05T11:42:28+00:00","dateModified":"2026-04-28T19:22:01+00:00","breadcrumb":{"@id":"https:\/\/apirosport.com\/sv\/produkt\/next-gen-star-trac-8-upright-bike\/#breadcrumb"},"inLanguage":"sv-SE","potentialAction":[{"@type":"ReadAction","target":["https:\/\/apirosport.com\/sv\/produkt\/next-gen-star-trac-8-upright-bike\/"]}]},{"@type":"ImageObject","inLanguage":"sv-SE","@id":"https:\/\/apirosport.com\/sv\/produkt\/next-gen-star-trac-8-upright-bike\/#primaryimage","url":"https:\/\/apirosport.com\/wp-content\/uploads\/2025\/12\/NextGen-Star-Trac-UB-Embedded-BLK60-2.png","contentUrl":"https:\/\/apirosport.com\/wp-content\/uploads\/2025\/12\/NextGen-Star-Trac-UB-Embedded-BLK60-2.png","width":1181,"height":1181},{"@type":"BreadcrumbList","@id":"https:\/\/apirosport.com\/sv\/produkt\/next-gen-star-trac-8-upright-bike\/#breadcrumb","itemListElement":[{"@type":"ListItem","position":1,"name":"Home","item":"https:\/\/apirosport.com\/sv\/"},{"@type":"ListItem","position":2,"name":"Produkter","item":"https:\/\/apirosport.com\/sv\/produkter\/"},{"@type":"ListItem","position":3,"name":"Star Trac 8UB, Upright Bike"}]},{"@type":"WebSite","@id":"https:\/\/apirosport.com\/sv\/#website","url":"https:\/\/apirosport.com\/sv\/","name":"Apirosport","description":"","publisher":{"@id":"https:\/\/apirosport.com\/sv\/#organization"},"alternateName":"Apirosport","potentialAction":[{"@type":"SearchAction","target":{"@type":"EntryPoint","urlTemplate":"https:\/\/apirosport.com\/sv\/?s={search_term_string}"},"query-input":{"@type":"PropertyValueSpecification","valueRequired":true,"valueName":"search_term_string"}}],"inLanguage":"sv-SE"},{"@type":"Organization","@id":"https:\/\/apirosport.com\/sv\/#organization","name":"Apirosport","alternateName":"Apirosport","url":"https:\/\/apirosport.com\/sv\/","logo":{"@type":"ImageObject","inLanguage":"sv-SE","@id":"https:\/\/apirosport.com\/sv\/#\/schema\/logo\/image\/","url":"https:\/\/apirosport.com\/wp-content\/uploads\/2025\/12\/Apirosport-yellow-scaled.png","contentUrl":"https:\/\/apirosport.com\/wp-content\/uploads\/2025\/12\/Apirosport-yellow-scaled.png","width":2560,"height":2278,"caption":"Apirosport"},"image":{"@id":"https:\/\/apirosport.com\/sv\/#\/schema\/logo\/image\/"}}]}},"_links":{"self":[{"href":"https:\/\/apirosport.com\/sv\/wp-json\/wp\/v2\/product\/19843","targetHints":{"allow":["GET"]}}],"collection":[{"href":"https:\/\/apirosport.com\/sv\/wp-json\/wp\/v2\/product"}],"about":[{"href":"https:\/\/apirosport.com\/sv\/wp-json\/wp\/v2\/types\/product"}],"wp:featuredmedia":[{"embeddable":true,"href":"https:\/\/apirosport.com\/sv\/wp-json\/wp\/v2\/media\/22891"}],"wp:attachment":[{"href":"https:\/\/apirosport.com\/sv\/wp-json\/wp\/v2\/media?parent=19843"}],"wp:term":[{"taxonomy":"variation","embeddable":true,"href":"https:\/\/apirosport.com\/sv\/wp-json\/wp\/v2\/variation?post=19843"},{"taxonomy":"product_brand","embeddable":true,"href":"https:\/\/apirosport.com\/sv\/wp-json\/wp\/v2\/product_brand?post=19843"},{"taxonomy":"product_cat","embeddable":true,"href":"https:\/\/apirosport.com\/sv\/wp-json\/wp\/v2\/product_cat?post=19843"},{"taxonomy":"product_tag","embeddable":true,"href":"https:\/\/apirosport.com\/sv\/wp-json\/wp\/v2\/product_tag?post=19843"}],"curies":[{"name":"wp","href":"https:\/\/api.w.org\/{rel}","templated":true}]}}