{"id":19863,"date":"2025-04-05T12:33:14","date_gmt":"2025-04-05T12:33:14","guid":{"rendered":"https:\/\/apirosport.com\/?post_type=product&#038;p=19863"},"modified":"2026-03-19T15:21:24","modified_gmt":"2026-03-19T15:21:24","slug":"next-gen-cardio-star-trac-8tr","status":"publish","type":"product","link":"https:\/\/apirosport.com\/sv\/produkt\/next-gen-cardio-star-trac-8tr\/","title":{"rendered":"Star Trac 8TR, Treadmill"},"content":{"rendered":"<p>Star Trac 8TR levererar en \u00f6verl\u00e4gsen l\u00f6pupplevelse d\u00e4r h\u00e5llbarhet, prestanda och anv\u00e4ndarcentrerade funktioner kombineras i en elegant, modern design. Perfekt f\u00f6r tr\u00e4ningsanl\u00e4ggningar som vill balansera kvalitet med prisv\u00e4rdhet, erbjuder 8TR ett SoftTrac\u00ae-d\u00e4mpningssystem f\u00f6r ledv\u00e4nlig st\u00f6td\u00e4mpning samt intuitiva kontroller f\u00f6r enkel anv\u00e4ndning. Integrerade personliga fl\u00e4ktar och en rymlig l\u00f6pyta s\u00e4kerst\u00e4ller en bekv\u00e4m och uppfriskande tr\u00e4ning. Byggd med p\u00e5litliga, kommersiella komponenter, ger 8TR de grundl\u00e4ggande funktioner som fitnessentusiaster f\u00f6rv\u00e4ntar sig fr\u00e5n ett premiuml\u00f6pband \u2013 utan att kompromissa med vare sig prestanda eller budget.<\/p>\n<p>&nbsp;<\/p>\n<p>&nbsp;<\/p>\n<p>&nbsp;<\/p>\n","protected":false},"excerpt":{"rendered":"<p>Star Trac 8TR levererar en \u00f6verl\u00e4gsen l\u00f6pupplevelse d\u00e4r h\u00e5llbarhet, prestanda och anv\u00e4ndarcentrerade funktioner kombineras i en elegant, modern design. Perfekt f\u00f6r tr\u00e4ningsanl\u00e4ggningar som vill balansera kvalitet med prisv\u00e4rdhet, erbjuder 8TR ett SoftTrac\u00ae-d\u00e4mpningssystem f\u00f6r ledv\u00e4nlig st\u00f6td\u00e4mpning samt intuitiva kontroller f\u00f6r enkel anv\u00e4ndning. Integrerade personliga fl\u00e4ktar och en rymlig l\u00f6pyta s\u00e4kerst\u00e4ller en bekv\u00e4m och uppfriskande tr\u00e4ning. Byggd [&hellip;]<\/p>\n","protected":false},"featured_media":24971,"template":"","meta":{"_acf_changed":false,"inline_featured_image":false},"variation":[],"product_brand":[],"product_cat":[87,101,316],"product_tag":[299],"class_list":{"0":"post-19863","1":"product","2":"type-product","3":"status-publish","4":"has-post-thumbnail","6":"product_cat-kondition","7":"product_cat-lopband","8":"product_cat-star-trac","9":"product_tag-star-trac","11":"first","12":"instock","13":"shipping-taxable","14":"purchasable","15":"product-type-variable","16":"has-default-attributes"},"acf":[],"yoast_head":"<!-- This site is optimized with the Yoast SEO plugin v26.8 - https:\/\/yoast.com\/product\/yoast-seo-wordpress\/ -->\n<title>Star Trac 8TR, Treadmill | Apirosport<\/title>\n<meta name=\"robots\" content=\"index, follow, max-snippet:-1, max-image-preview:large, max-video-preview:-1\" \/>\n<link rel=\"canonical\" href=\"https:\/\/apirosport.com\/sv\/produkt\/next-gen-cardio-star-trac-8tr\/\" \/>\n<meta property=\"og:locale\" content=\"sv_SE\" \/>\n<meta property=\"og:type\" content=\"article\" \/>\n<meta property=\"og:title\" content=\"Star Trac 8TR, Treadmill | Apirosport\" \/>\n<meta property=\"og:description\" content=\"Star Trac 8TR levererar en \u00f6verl\u00e4gsen l\u00f6pupplevelse d\u00e4r h\u00e5llbarhet, prestanda och anv\u00e4ndarcentrerade funktioner kombineras i en elegant, modern design. Perfekt f\u00f6r tr\u00e4ningsanl\u00e4ggningar som vill balansera kvalitet med prisv\u00e4rdhet, erbjuder 8TR ett SoftTrac\u00ae-d\u00e4mpningssystem f\u00f6r ledv\u00e4nlig st\u00f6td\u00e4mpning samt intuitiva kontroller f\u00f6r enkel anv\u00e4ndning. Integrerade personliga fl\u00e4ktar och en rymlig l\u00f6pyta s\u00e4kerst\u00e4ller en bekv\u00e4m och uppfriskande tr\u00e4ning. Byggd [&hellip;]\" \/>\n<meta property=\"og:url\" content=\"https:\/\/apirosport.com\/sv\/produkt\/next-gen-cardio-star-trac-8tr\/\" \/>\n<meta property=\"og:site_name\" content=\"Apirosport\" \/>\n<meta property=\"article:modified_time\" content=\"2026-03-19T15:21:24+00:00\" \/>\n<meta property=\"og:image\" content=\"https:\/\/apirosport.com\/wp-content\/uploads\/2025\/04\/StarTrac-8TR.png\" \/>\n\t<meta property=\"og:image:width\" content=\"2362\" \/>\n\t<meta property=\"og:image:height\" content=\"2362\" \/>\n\t<meta property=\"og:image:type\" content=\"image\/png\" \/>\n<meta name=\"twitter:card\" content=\"summary_large_image\" \/>\n<meta name=\"twitter:title\" content=\"Apirosport\" \/>\n<meta name=\"twitter:label1\" content=\"Ber\u00e4knad l\u00e4stid\" \/>\n\t<meta name=\"twitter:data1\" content=\"1 minut\" \/>\n<script type=\"application\/ld+json\" class=\"yoast-schema-graph\">{\"@context\":\"https:\/\/schema.org\",\"@graph\":[{\"@type\":\"WebPage\",\"@id\":\"https:\/\/apirosport.com\/sv\/produkt\/next-gen-cardio-star-trac-8tr\/\",\"url\":\"https:\/\/apirosport.com\/sv\/produkt\/next-gen-cardio-star-trac-8tr\/\",\"name\":\"Star Trac 8TR, Treadmill | Apirosport\",\"isPartOf\":{\"@id\":\"https:\/\/apirosport.com\/sv\/#website\"},\"primaryImageOfPage\":{\"@id\":\"https:\/\/apirosport.com\/sv\/produkt\/next-gen-cardio-star-trac-8tr\/#primaryimage\"},\"image\":{\"@id\":\"https:\/\/apirosport.com\/sv\/produkt\/next-gen-cardio-star-trac-8tr\/#primaryimage\"},\"thumbnailUrl\":\"https:\/\/apirosport.com\/wp-content\/uploads\/2025\/04\/StarTrac-8TR.png\",\"datePublished\":\"2025-04-05T12:33:14+00:00\",\"dateModified\":\"2026-03-19T15:21:24+00:00\",\"breadcrumb\":{\"@id\":\"https:\/\/apirosport.com\/sv\/produkt\/next-gen-cardio-star-trac-8tr\/#breadcrumb\"},\"inLanguage\":\"sv-SE\",\"potentialAction\":[{\"@type\":\"ReadAction\",\"target\":[\"https:\/\/apirosport.com\/sv\/produkt\/next-gen-cardio-star-trac-8tr\/\"]}]},{\"@type\":\"ImageObject\",\"inLanguage\":\"sv-SE\",\"@id\":\"https:\/\/apirosport.com\/sv\/produkt\/next-gen-cardio-star-trac-8tr\/#primaryimage\",\"url\":\"https:\/\/apirosport.com\/wp-content\/uploads\/2025\/04\/StarTrac-8TR.png\",\"contentUrl\":\"https:\/\/apirosport.com\/wp-content\/uploads\/2025\/04\/StarTrac-8TR.png\",\"width\":2362,\"height\":2362},{\"@type\":\"BreadcrumbList\",\"@id\":\"https:\/\/apirosport.com\/sv\/produkt\/next-gen-cardio-star-trac-8tr\/#breadcrumb\",\"itemListElement\":[{\"@type\":\"ListItem\",\"position\":1,\"name\":\"Home\",\"item\":\"https:\/\/apirosport.com\/sv\/\"},{\"@type\":\"ListItem\",\"position\":2,\"name\":\"Produkter\",\"item\":\"https:\/\/apirosport.com\/sv\/produkter\/\"},{\"@type\":\"ListItem\",\"position\":3,\"name\":\"Star Trac 8TR, Treadmill\"}]},{\"@type\":\"WebSite\",\"@id\":\"https:\/\/apirosport.com\/sv\/#website\",\"url\":\"https:\/\/apirosport.com\/sv\/\",\"name\":\"Apirosport\",\"description\":\"\",\"publisher\":{\"@id\":\"https:\/\/apirosport.com\/sv\/#organization\"},\"alternateName\":\"Apirosport\",\"potentialAction\":[{\"@type\":\"SearchAction\",\"target\":{\"@type\":\"EntryPoint\",\"urlTemplate\":\"https:\/\/apirosport.com\/sv\/?s={search_term_string}\"},\"query-input\":{\"@type\":\"PropertyValueSpecification\",\"valueRequired\":true,\"valueName\":\"search_term_string\"}}],\"inLanguage\":\"sv-SE\"},{\"@type\":\"Organization\",\"@id\":\"https:\/\/apirosport.com\/sv\/#organization\",\"name\":\"Apirosport\",\"alternateName\":\"Apirosport\",\"url\":\"https:\/\/apirosport.com\/sv\/\",\"logo\":{\"@type\":\"ImageObject\",\"inLanguage\":\"sv-SE\",\"@id\":\"https:\/\/apirosport.com\/sv\/#\/schema\/logo\/image\/\",\"url\":\"https:\/\/apirosport.com\/wp-content\/uploads\/2025\/12\/Apirosport-yellow-scaled.png\",\"contentUrl\":\"https:\/\/apirosport.com\/wp-content\/uploads\/2025\/12\/Apirosport-yellow-scaled.png\",\"width\":2560,\"height\":2278,\"caption\":\"Apirosport\"},\"image\":{\"@id\":\"https:\/\/apirosport.com\/sv\/#\/schema\/logo\/image\/\"}}]}<\/script>\n<!-- \/ Yoast SEO plugin. -->","yoast_head_json":{"title":"Star Trac 8TR, Treadmill | Apirosport","robots":{"index":"index","follow":"follow","max-snippet":"max-snippet:-1","max-image-preview":"max-image-preview:large","max-video-preview":"max-video-preview:-1"},"canonical":"https:\/\/apirosport.com\/sv\/produkt\/next-gen-cardio-star-trac-8tr\/","og_locale":"sv_SE","og_type":"article","og_title":"Star Trac 8TR, Treadmill | Apirosport","og_description":"Star Trac 8TR levererar en \u00f6verl\u00e4gsen l\u00f6pupplevelse d\u00e4r h\u00e5llbarhet, prestanda och anv\u00e4ndarcentrerade funktioner kombineras i en elegant, modern design. Perfekt f\u00f6r tr\u00e4ningsanl\u00e4ggningar som vill balansera kvalitet med prisv\u00e4rdhet, erbjuder 8TR ett SoftTrac\u00ae-d\u00e4mpningssystem f\u00f6r ledv\u00e4nlig st\u00f6td\u00e4mpning samt intuitiva kontroller f\u00f6r enkel anv\u00e4ndning. Integrerade personliga fl\u00e4ktar och en rymlig l\u00f6pyta s\u00e4kerst\u00e4ller en bekv\u00e4m och uppfriskande tr\u00e4ning. Byggd [&hellip;]","og_url":"https:\/\/apirosport.com\/sv\/produkt\/next-gen-cardio-star-trac-8tr\/","og_site_name":"Apirosport","article_modified_time":"2026-03-19T15:21:24+00:00","og_image":[{"width":2362,"height":2362,"url":"https:\/\/apirosport.com\/wp-content\/uploads\/2025\/04\/StarTrac-8TR.png","type":"image\/png"}],"twitter_card":"summary_large_image","twitter_title":"Apirosport","twitter_misc":{"Ber\u00e4knad l\u00e4stid":"1 minut"},"schema":{"@context":"https:\/\/schema.org","@graph":[{"@type":"WebPage","@id":"https:\/\/apirosport.com\/sv\/produkt\/next-gen-cardio-star-trac-8tr\/","url":"https:\/\/apirosport.com\/sv\/produkt\/next-gen-cardio-star-trac-8tr\/","name":"Star Trac 8TR, Treadmill | Apirosport","isPartOf":{"@id":"https:\/\/apirosport.com\/sv\/#website"},"primaryImageOfPage":{"@id":"https:\/\/apirosport.com\/sv\/produkt\/next-gen-cardio-star-trac-8tr\/#primaryimage"},"image":{"@id":"https:\/\/apirosport.com\/sv\/produkt\/next-gen-cardio-star-trac-8tr\/#primaryimage"},"thumbnailUrl":"https:\/\/apirosport.com\/wp-content\/uploads\/2025\/04\/StarTrac-8TR.png","datePublished":"2025-04-05T12:33:14+00:00","dateModified":"2026-03-19T15:21:24+00:00","breadcrumb":{"@id":"https:\/\/apirosport.com\/sv\/produkt\/next-gen-cardio-star-trac-8tr\/#breadcrumb"},"inLanguage":"sv-SE","potentialAction":[{"@type":"ReadAction","target":["https:\/\/apirosport.com\/sv\/produkt\/next-gen-cardio-star-trac-8tr\/"]}]},{"@type":"ImageObject","inLanguage":"sv-SE","@id":"https:\/\/apirosport.com\/sv\/produkt\/next-gen-cardio-star-trac-8tr\/#primaryimage","url":"https:\/\/apirosport.com\/wp-content\/uploads\/2025\/04\/StarTrac-8TR.png","contentUrl":"https:\/\/apirosport.com\/wp-content\/uploads\/2025\/04\/StarTrac-8TR.png","width":2362,"height":2362},{"@type":"BreadcrumbList","@id":"https:\/\/apirosport.com\/sv\/produkt\/next-gen-cardio-star-trac-8tr\/#breadcrumb","itemListElement":[{"@type":"ListItem","position":1,"name":"Home","item":"https:\/\/apirosport.com\/sv\/"},{"@type":"ListItem","position":2,"name":"Produkter","item":"https:\/\/apirosport.com\/sv\/produkter\/"},{"@type":"ListItem","position":3,"name":"Star Trac 8TR, Treadmill"}]},{"@type":"WebSite","@id":"https:\/\/apirosport.com\/sv\/#website","url":"https:\/\/apirosport.com\/sv\/","name":"Apirosport","description":"","publisher":{"@id":"https:\/\/apirosport.com\/sv\/#organization"},"alternateName":"Apirosport","potentialAction":[{"@type":"SearchAction","target":{"@type":"EntryPoint","urlTemplate":"https:\/\/apirosport.com\/sv\/?s={search_term_string}"},"query-input":{"@type":"PropertyValueSpecification","valueRequired":true,"valueName":"search_term_string"}}],"inLanguage":"sv-SE"},{"@type":"Organization","@id":"https:\/\/apirosport.com\/sv\/#organization","name":"Apirosport","alternateName":"Apirosport","url":"https:\/\/apirosport.com\/sv\/","logo":{"@type":"ImageObject","inLanguage":"sv-SE","@id":"https:\/\/apirosport.com\/sv\/#\/schema\/logo\/image\/","url":"https:\/\/apirosport.com\/wp-content\/uploads\/2025\/12\/Apirosport-yellow-scaled.png","contentUrl":"https:\/\/apirosport.com\/wp-content\/uploads\/2025\/12\/Apirosport-yellow-scaled.png","width":2560,"height":2278,"caption":"Apirosport"},"image":{"@id":"https:\/\/apirosport.com\/sv\/#\/schema\/logo\/image\/"}}]}},"_links":{"self":[{"href":"https:\/\/apirosport.com\/sv\/wp-json\/wp\/v2\/product\/19863","targetHints":{"allow":["GET"]}}],"collection":[{"href":"https:\/\/apirosport.com\/sv\/wp-json\/wp\/v2\/product"}],"about":[{"href":"https:\/\/apirosport.com\/sv\/wp-json\/wp\/v2\/types\/product"}],"wp:featuredmedia":[{"embeddable":true,"href":"https:\/\/apirosport.com\/sv\/wp-json\/wp\/v2\/media\/24971"}],"wp:attachment":[{"href":"https:\/\/apirosport.com\/sv\/wp-json\/wp\/v2\/media?parent=19863"}],"wp:term":[{"taxonomy":"variation","embeddable":true,"href":"https:\/\/apirosport.com\/sv\/wp-json\/wp\/v2\/variation?post=19863"},{"taxonomy":"product_brand","embeddable":true,"href":"https:\/\/apirosport.com\/sv\/wp-json\/wp\/v2\/product_brand?post=19863"},{"taxonomy":"product_cat","embeddable":true,"href":"https:\/\/apirosport.com\/sv\/wp-json\/wp\/v2\/product_cat?post=19863"},{"taxonomy":"product_tag","embeddable":true,"href":"https:\/\/apirosport.com\/sv\/wp-json\/wp\/v2\/product_tag?post=19863"}],"curies":[{"name":"wp","href":"https:\/\/api.w.org\/{rel}","templated":true}]}}