{"id":19874,"date":"2025-04-05T12:56:21","date_gmt":"2025-04-05T12:56:21","guid":{"rendered":"https:\/\/apirosport.com\/?post_type=product&#038;p=19874"},"modified":"2026-03-19T15:12:44","modified_gmt":"2026-03-19T15:12:44","slug":"next-gen-cardio-star-trac-8rde","status":"publish","type":"product","link":"https:\/\/apirosport.com\/sv\/produkt\/next-gen-cardio-star-trac-8rde\/","title":{"rendered":"Star Trac 8RDE, Rear Drive Elliptical"},"content":{"rendered":"<p>Star Trac 8 Series Rear Drive Elliptical: Omdefinierar Medlemsupplevelsen inom Elliptisk Tr\u00e4ning<\/p>\n<p>Star Trac 8 Series Rear Drive Elliptical \u00e4r designad f\u00f6r att leverera ett smidigt, naturligt steg som minimerar belastningen p\u00e5 lederna samtidigt som den \u00f6kar komforten. Med fokus p\u00e5 anv\u00e4ndars\u00e4kra funktioner erbjuder den en rolig och trygg tr\u00e4ningsupplevelse. Utrustad med branschledande underh\u00e5llning och uppkopplingsl\u00f6sningar, s\u00e4kerst\u00e4ller den att medlemmarna f\u00f6rblir engagerade och motiverade genom hela tr\u00e4ningspasset. Star Trac 8 Series Rear Drive Elliptical utg\u00f6r ett premium, anpassningsbart konditionsalternativ!<\/p>\n","protected":false},"excerpt":{"rendered":"<p>Star Trac 8 Series Rear Drive Elliptical: Omdefinierar Medlemsupplevelsen inom Elliptisk Tr\u00e4ning Star Trac 8 Series Rear Drive Elliptical \u00e4r designad f\u00f6r att leverera ett smidigt, naturligt steg som minimerar belastningen p\u00e5 lederna samtidigt som den \u00f6kar komforten. Med fokus p\u00e5 anv\u00e4ndars\u00e4kra funktioner erbjuder den en rolig och trygg tr\u00e4ningsupplevelse. Utrustad med branschledande underh\u00e5llning och [&hellip;]<\/p>\n","protected":false},"featured_media":23712,"template":"","meta":{"_acf_changed":false,"inline_featured_image":false},"variation":[],"product_brand":[],"product_cat":[87,280,316],"product_tag":[299],"class_list":{"0":"post-19874","1":"product","2":"type-product","3":"status-publish","4":"has-post-thumbnail","6":"product_cat-kondition","7":"product_cat-crosstrainer","8":"product_cat-star-trac","9":"product_tag-star-trac","11":"first","12":"instock","13":"shipping-taxable","14":"purchasable","15":"product-type-variable"},"acf":[],"yoast_head":"<!-- This site is optimized with the Yoast SEO plugin v26.8 - https:\/\/yoast.com\/product\/yoast-seo-wordpress\/ -->\n<title>Star Trac 8RDE, Rear Drive Elliptical | Apirosport<\/title>\n<meta name=\"robots\" content=\"index, follow, max-snippet:-1, max-image-preview:large, max-video-preview:-1\" \/>\n<link rel=\"canonical\" href=\"https:\/\/apirosport.com\/sv\/produkt\/next-gen-cardio-star-trac-8rde\/\" \/>\n<meta property=\"og:locale\" content=\"sv_SE\" \/>\n<meta property=\"og:type\" content=\"article\" \/>\n<meta property=\"og:title\" content=\"Star Trac 8RDE, Rear Drive Elliptical | Apirosport\" \/>\n<meta property=\"og:description\" content=\"Star Trac 8 Series Rear Drive Elliptical: Omdefinierar Medlemsupplevelsen inom Elliptisk Tr\u00e4ning Star Trac 8 Series Rear Drive Elliptical \u00e4r designad f\u00f6r att leverera ett smidigt, naturligt steg som minimerar belastningen p\u00e5 lederna samtidigt som den \u00f6kar komforten. Med fokus p\u00e5 anv\u00e4ndars\u00e4kra funktioner erbjuder den en rolig och trygg tr\u00e4ningsupplevelse. Utrustad med branschledande underh\u00e5llning och [&hellip;]\" \/>\n<meta property=\"og:url\" content=\"https:\/\/apirosport.com\/sv\/produkt\/next-gen-cardio-star-trac-8rde\/\" \/>\n<meta property=\"og:site_name\" content=\"Apirosport\" \/>\n<meta property=\"article:modified_time\" content=\"2026-03-19T15:12:44+00:00\" \/>\n<meta property=\"og:image\" content=\"https:\/\/apirosport.com\/wp-content\/uploads\/2025\/12\/NextGen-Star-Trac-8RDE-Rear-Embedded-BLK60-3.png\" \/>\n\t<meta property=\"og:image:width\" content=\"1181\" \/>\n\t<meta property=\"og:image:height\" content=\"1181\" \/>\n\t<meta property=\"og:image:type\" content=\"image\/png\" \/>\n<meta name=\"twitter:card\" content=\"summary_large_image\" \/>\n<meta name=\"twitter:title\" content=\"Apirosport\" \/>\n<meta name=\"twitter:label1\" content=\"Ber\u00e4knad l\u00e4stid\" \/>\n\t<meta name=\"twitter:data1\" content=\"1 minut\" \/>\n<script type=\"application\/ld+json\" class=\"yoast-schema-graph\">{\"@context\":\"https:\/\/schema.org\",\"@graph\":[{\"@type\":\"WebPage\",\"@id\":\"https:\/\/apirosport.com\/sv\/produkt\/next-gen-cardio-star-trac-8rde\/\",\"url\":\"https:\/\/apirosport.com\/sv\/produkt\/next-gen-cardio-star-trac-8rde\/\",\"name\":\"Star Trac 8RDE, Rear Drive Elliptical | Apirosport\",\"isPartOf\":{\"@id\":\"https:\/\/apirosport.com\/sv\/#website\"},\"primaryImageOfPage\":{\"@id\":\"https:\/\/apirosport.com\/sv\/produkt\/next-gen-cardio-star-trac-8rde\/#primaryimage\"},\"image\":{\"@id\":\"https:\/\/apirosport.com\/sv\/produkt\/next-gen-cardio-star-trac-8rde\/#primaryimage\"},\"thumbnailUrl\":\"https:\/\/apirosport.com\/wp-content\/uploads\/2025\/12\/NextGen-Star-Trac-8RDE-Rear-Embedded-BLK60-3.png\",\"datePublished\":\"2025-04-05T12:56:21+00:00\",\"dateModified\":\"2026-03-19T15:12:44+00:00\",\"breadcrumb\":{\"@id\":\"https:\/\/apirosport.com\/sv\/produkt\/next-gen-cardio-star-trac-8rde\/#breadcrumb\"},\"inLanguage\":\"sv-SE\",\"potentialAction\":[{\"@type\":\"ReadAction\",\"target\":[\"https:\/\/apirosport.com\/sv\/produkt\/next-gen-cardio-star-trac-8rde\/\"]}]},{\"@type\":\"ImageObject\",\"inLanguage\":\"sv-SE\",\"@id\":\"https:\/\/apirosport.com\/sv\/produkt\/next-gen-cardio-star-trac-8rde\/#primaryimage\",\"url\":\"https:\/\/apirosport.com\/wp-content\/uploads\/2025\/12\/NextGen-Star-Trac-8RDE-Rear-Embedded-BLK60-3.png\",\"contentUrl\":\"https:\/\/apirosport.com\/wp-content\/uploads\/2025\/12\/NextGen-Star-Trac-8RDE-Rear-Embedded-BLK60-3.png\",\"width\":1181,\"height\":1181},{\"@type\":\"BreadcrumbList\",\"@id\":\"https:\/\/apirosport.com\/sv\/produkt\/next-gen-cardio-star-trac-8rde\/#breadcrumb\",\"itemListElement\":[{\"@type\":\"ListItem\",\"position\":1,\"name\":\"Home\",\"item\":\"https:\/\/apirosport.com\/sv\/\"},{\"@type\":\"ListItem\",\"position\":2,\"name\":\"Produkter\",\"item\":\"https:\/\/apirosport.com\/sv\/produkter\/\"},{\"@type\":\"ListItem\",\"position\":3,\"name\":\"Star Trac 8RDE, Rear Drive Elliptical\"}]},{\"@type\":\"WebSite\",\"@id\":\"https:\/\/apirosport.com\/sv\/#website\",\"url\":\"https:\/\/apirosport.com\/sv\/\",\"name\":\"Apirosport\",\"description\":\"\",\"publisher\":{\"@id\":\"https:\/\/apirosport.com\/sv\/#organization\"},\"alternateName\":\"Apirosport\",\"potentialAction\":[{\"@type\":\"SearchAction\",\"target\":{\"@type\":\"EntryPoint\",\"urlTemplate\":\"https:\/\/apirosport.com\/sv\/?s={search_term_string}\"},\"query-input\":{\"@type\":\"PropertyValueSpecification\",\"valueRequired\":true,\"valueName\":\"search_term_string\"}}],\"inLanguage\":\"sv-SE\"},{\"@type\":\"Organization\",\"@id\":\"https:\/\/apirosport.com\/sv\/#organization\",\"name\":\"Apirosport\",\"alternateName\":\"Apirosport\",\"url\":\"https:\/\/apirosport.com\/sv\/\",\"logo\":{\"@type\":\"ImageObject\",\"inLanguage\":\"sv-SE\",\"@id\":\"https:\/\/apirosport.com\/sv\/#\/schema\/logo\/image\/\",\"url\":\"https:\/\/apirosport.com\/wp-content\/uploads\/2025\/12\/Apirosport-yellow-scaled.png\",\"contentUrl\":\"https:\/\/apirosport.com\/wp-content\/uploads\/2025\/12\/Apirosport-yellow-scaled.png\",\"width\":2560,\"height\":2278,\"caption\":\"Apirosport\"},\"image\":{\"@id\":\"https:\/\/apirosport.com\/sv\/#\/schema\/logo\/image\/\"}}]}<\/script>\n<!-- \/ Yoast SEO plugin. -->","yoast_head_json":{"title":"Star Trac 8RDE, Rear Drive Elliptical | Apirosport","robots":{"index":"index","follow":"follow","max-snippet":"max-snippet:-1","max-image-preview":"max-image-preview:large","max-video-preview":"max-video-preview:-1"},"canonical":"https:\/\/apirosport.com\/sv\/produkt\/next-gen-cardio-star-trac-8rde\/","og_locale":"sv_SE","og_type":"article","og_title":"Star Trac 8RDE, Rear Drive Elliptical | Apirosport","og_description":"Star Trac 8 Series Rear Drive Elliptical: Omdefinierar Medlemsupplevelsen inom Elliptisk Tr\u00e4ning Star Trac 8 Series Rear Drive Elliptical \u00e4r designad f\u00f6r att leverera ett smidigt, naturligt steg som minimerar belastningen p\u00e5 lederna samtidigt som den \u00f6kar komforten. Med fokus p\u00e5 anv\u00e4ndars\u00e4kra funktioner erbjuder den en rolig och trygg tr\u00e4ningsupplevelse. Utrustad med branschledande underh\u00e5llning och [&hellip;]","og_url":"https:\/\/apirosport.com\/sv\/produkt\/next-gen-cardio-star-trac-8rde\/","og_site_name":"Apirosport","article_modified_time":"2026-03-19T15:12:44+00:00","og_image":[{"width":1181,"height":1181,"url":"https:\/\/apirosport.com\/wp-content\/uploads\/2025\/12\/NextGen-Star-Trac-8RDE-Rear-Embedded-BLK60-3.png","type":"image\/png"}],"twitter_card":"summary_large_image","twitter_title":"Apirosport","twitter_misc":{"Ber\u00e4knad l\u00e4stid":"1 minut"},"schema":{"@context":"https:\/\/schema.org","@graph":[{"@type":"WebPage","@id":"https:\/\/apirosport.com\/sv\/produkt\/next-gen-cardio-star-trac-8rde\/","url":"https:\/\/apirosport.com\/sv\/produkt\/next-gen-cardio-star-trac-8rde\/","name":"Star Trac 8RDE, Rear Drive Elliptical | Apirosport","isPartOf":{"@id":"https:\/\/apirosport.com\/sv\/#website"},"primaryImageOfPage":{"@id":"https:\/\/apirosport.com\/sv\/produkt\/next-gen-cardio-star-trac-8rde\/#primaryimage"},"image":{"@id":"https:\/\/apirosport.com\/sv\/produkt\/next-gen-cardio-star-trac-8rde\/#primaryimage"},"thumbnailUrl":"https:\/\/apirosport.com\/wp-content\/uploads\/2025\/12\/NextGen-Star-Trac-8RDE-Rear-Embedded-BLK60-3.png","datePublished":"2025-04-05T12:56:21+00:00","dateModified":"2026-03-19T15:12:44+00:00","breadcrumb":{"@id":"https:\/\/apirosport.com\/sv\/produkt\/next-gen-cardio-star-trac-8rde\/#breadcrumb"},"inLanguage":"sv-SE","potentialAction":[{"@type":"ReadAction","target":["https:\/\/apirosport.com\/sv\/produkt\/next-gen-cardio-star-trac-8rde\/"]}]},{"@type":"ImageObject","inLanguage":"sv-SE","@id":"https:\/\/apirosport.com\/sv\/produkt\/next-gen-cardio-star-trac-8rde\/#primaryimage","url":"https:\/\/apirosport.com\/wp-content\/uploads\/2025\/12\/NextGen-Star-Trac-8RDE-Rear-Embedded-BLK60-3.png","contentUrl":"https:\/\/apirosport.com\/wp-content\/uploads\/2025\/12\/NextGen-Star-Trac-8RDE-Rear-Embedded-BLK60-3.png","width":1181,"height":1181},{"@type":"BreadcrumbList","@id":"https:\/\/apirosport.com\/sv\/produkt\/next-gen-cardio-star-trac-8rde\/#breadcrumb","itemListElement":[{"@type":"ListItem","position":1,"name":"Home","item":"https:\/\/apirosport.com\/sv\/"},{"@type":"ListItem","position":2,"name":"Produkter","item":"https:\/\/apirosport.com\/sv\/produkter\/"},{"@type":"ListItem","position":3,"name":"Star Trac 8RDE, Rear Drive Elliptical"}]},{"@type":"WebSite","@id":"https:\/\/apirosport.com\/sv\/#website","url":"https:\/\/apirosport.com\/sv\/","name":"Apirosport","description":"","publisher":{"@id":"https:\/\/apirosport.com\/sv\/#organization"},"alternateName":"Apirosport","potentialAction":[{"@type":"SearchAction","target":{"@type":"EntryPoint","urlTemplate":"https:\/\/apirosport.com\/sv\/?s={search_term_string}"},"query-input":{"@type":"PropertyValueSpecification","valueRequired":true,"valueName":"search_term_string"}}],"inLanguage":"sv-SE"},{"@type":"Organization","@id":"https:\/\/apirosport.com\/sv\/#organization","name":"Apirosport","alternateName":"Apirosport","url":"https:\/\/apirosport.com\/sv\/","logo":{"@type":"ImageObject","inLanguage":"sv-SE","@id":"https:\/\/apirosport.com\/sv\/#\/schema\/logo\/image\/","url":"https:\/\/apirosport.com\/wp-content\/uploads\/2025\/12\/Apirosport-yellow-scaled.png","contentUrl":"https:\/\/apirosport.com\/wp-content\/uploads\/2025\/12\/Apirosport-yellow-scaled.png","width":2560,"height":2278,"caption":"Apirosport"},"image":{"@id":"https:\/\/apirosport.com\/sv\/#\/schema\/logo\/image\/"}}]}},"_links":{"self":[{"href":"https:\/\/apirosport.com\/sv\/wp-json\/wp\/v2\/product\/19874","targetHints":{"allow":["GET"]}}],"collection":[{"href":"https:\/\/apirosport.com\/sv\/wp-json\/wp\/v2\/product"}],"about":[{"href":"https:\/\/apirosport.com\/sv\/wp-json\/wp\/v2\/types\/product"}],"wp:featuredmedia":[{"embeddable":true,"href":"https:\/\/apirosport.com\/sv\/wp-json\/wp\/v2\/media\/23712"}],"wp:attachment":[{"href":"https:\/\/apirosport.com\/sv\/wp-json\/wp\/v2\/media?parent=19874"}],"wp:term":[{"taxonomy":"variation","embeddable":true,"href":"https:\/\/apirosport.com\/sv\/wp-json\/wp\/v2\/variation?post=19874"},{"taxonomy":"product_brand","embeddable":true,"href":"https:\/\/apirosport.com\/sv\/wp-json\/wp\/v2\/product_brand?post=19874"},{"taxonomy":"product_cat","embeddable":true,"href":"https:\/\/apirosport.com\/sv\/wp-json\/wp\/v2\/product_cat?post=19874"},{"taxonomy":"product_tag","embeddable":true,"href":"https:\/\/apirosport.com\/sv\/wp-json\/wp\/v2\/product_tag?post=19874"}],"curies":[{"name":"wp","href":"https:\/\/api.w.org\/{rel}","templated":true}]}}