{"id":19883,"date":"2025-04-05T13:18:09","date_gmt":"2025-04-05T13:18:09","guid":{"rendered":"https:\/\/apirosport.com\/?post_type=product&#038;p=19883"},"modified":"2026-04-28T19:27:30","modified_gmt":"2026-04-28T19:27:30","slug":"next-gen-cardio-star-trac-8rb","status":"publish","type":"product","link":"https:\/\/apirosport.com\/sv\/produkt\/next-gen-cardio-star-trac-8rb\/","title":{"rendered":"Star Trac 8RB, Recumbent Bike"},"content":{"rendered":"<p>Star Trac Recumbent Bike: Designad f\u00f6r ultimat komfort och engagemang<\/p>\n<p>Star Trac Recumbent Bike erbjuder en exceptionell cykelupplevelse med branschens mest st\u00f6djande ryggst\u00f6d och en walk-through-ram f\u00f6r enkel \u00e5tkomst. Med v\u00e5rt exklusiva Morse Taper-system och pedalsystem s\u00e4kerst\u00e4lls stabilitet och l\u00e5ngvarig prestanda i hektiska tr\u00e4ningsmilj\u00f6er. Designad f\u00f6r optimal komfort inkluderar cykeln dubbla plattformspedaler, personliga fl\u00e4ktar samt intuitiva kontroller f\u00f6r att h\u00e5lla medlemmarna engagerade. V\u00e4lj Star Trac Recumbent Bike f\u00f6r att erbjuda en medlemfokuserad, h\u00f6gpresterande konditionsl\u00f6sning som kombinerar \u00f6verl\u00e4gsen design med oslagbar komfort.<\/p>\n","protected":false},"excerpt":{"rendered":"<p>Star Trac Recumbent Bike: Designad f\u00f6r ultimat komfort och engagemang Star Trac Recumbent Bike erbjuder en exceptionell cykelupplevelse med branschens mest st\u00f6djande ryggst\u00f6d och en walk-through-ram f\u00f6r enkel \u00e5tkomst. Med v\u00e5rt exklusiva Morse Taper-system och pedalsystem s\u00e4kerst\u00e4lls stabilitet och l\u00e5ngvarig prestanda i hektiska tr\u00e4ningsmilj\u00f6er. Designad f\u00f6r optimal komfort inkluderar cykeln dubbla plattformspedaler, personliga fl\u00e4ktar samt [&hellip;]<\/p>\n","protected":false},"featured_media":23704,"template":"","meta":{"_acf_changed":false,"inline_featured_image":false},"variation":[],"product_brand":[],"product_cat":[87,281,316],"product_tag":[299],"class_list":{"0":"post-19883","1":"product","2":"type-product","3":"status-publish","4":"has-post-thumbnail","6":"product_cat-kondition","7":"product_cat-motionscyklar","8":"product_cat-star-trac","9":"product_tag-star-trac","11":"first","12":"instock","13":"shipping-taxable","14":"purchasable","15":"product-type-variable","16":"has-default-attributes"},"acf":[],"yoast_head":"<!-- This site is optimized with the Yoast SEO plugin v26.8 - https:\/\/yoast.com\/product\/yoast-seo-wordpress\/ -->\n<title>Star Trac 8RB, Recumbent Bike | Apirosport<\/title>\n<meta name=\"robots\" content=\"index, follow, max-snippet:-1, max-image-preview:large, max-video-preview:-1\" \/>\n<link rel=\"canonical\" href=\"https:\/\/apirosport.com\/sv\/produkt\/next-gen-cardio-star-trac-8rb\/\" \/>\n<meta property=\"og:locale\" content=\"sv_SE\" \/>\n<meta property=\"og:type\" content=\"article\" \/>\n<meta property=\"og:title\" content=\"Star Trac 8RB, Recumbent Bike | Apirosport\" \/>\n<meta property=\"og:description\" content=\"Star Trac Recumbent Bike: Designad f\u00f6r ultimat komfort och engagemang Star Trac Recumbent Bike erbjuder en exceptionell cykelupplevelse med branschens mest st\u00f6djande ryggst\u00f6d och en walk-through-ram f\u00f6r enkel \u00e5tkomst. Med v\u00e5rt exklusiva Morse Taper-system och pedalsystem s\u00e4kerst\u00e4lls stabilitet och l\u00e5ngvarig prestanda i hektiska tr\u00e4ningsmilj\u00f6er. Designad f\u00f6r optimal komfort inkluderar cykeln dubbla plattformspedaler, personliga fl\u00e4ktar samt [&hellip;]\" \/>\n<meta property=\"og:url\" content=\"https:\/\/apirosport.com\/sv\/produkt\/next-gen-cardio-star-trac-8rb\/\" \/>\n<meta property=\"og:site_name\" content=\"Apirosport\" \/>\n<meta property=\"article:modified_time\" content=\"2026-04-28T19:27:30+00:00\" \/>\n<meta property=\"og:image\" content=\"https:\/\/apirosport.com\/wp-content\/uploads\/2025\/12\/NextGen-Star-Trac-8RB-Embedded-BLK60-3.png\" \/>\n\t<meta property=\"og:image:width\" content=\"1181\" \/>\n\t<meta property=\"og:image:height\" content=\"1181\" \/>\n\t<meta property=\"og:image:type\" content=\"image\/png\" \/>\n<meta name=\"twitter:card\" content=\"summary_large_image\" \/>\n<meta name=\"twitter:title\" content=\"Apirosport\" \/>\n<meta name=\"twitter:label1\" content=\"Ber\u00e4knad l\u00e4stid\" \/>\n\t<meta name=\"twitter:data1\" content=\"1 minut\" \/>\n<script type=\"application\/ld+json\" class=\"yoast-schema-graph\">{\"@context\":\"https:\/\/schema.org\",\"@graph\":[{\"@type\":\"WebPage\",\"@id\":\"https:\/\/apirosport.com\/sv\/produkt\/next-gen-cardio-star-trac-8rb\/\",\"url\":\"https:\/\/apirosport.com\/sv\/produkt\/next-gen-cardio-star-trac-8rb\/\",\"name\":\"Star Trac 8RB, Recumbent Bike | Apirosport\",\"isPartOf\":{\"@id\":\"https:\/\/apirosport.com\/sv\/#website\"},\"primaryImageOfPage\":{\"@id\":\"https:\/\/apirosport.com\/sv\/produkt\/next-gen-cardio-star-trac-8rb\/#primaryimage\"},\"image\":{\"@id\":\"https:\/\/apirosport.com\/sv\/produkt\/next-gen-cardio-star-trac-8rb\/#primaryimage\"},\"thumbnailUrl\":\"https:\/\/apirosport.com\/wp-content\/uploads\/2025\/12\/NextGen-Star-Trac-8RB-Embedded-BLK60-3.png\",\"datePublished\":\"2025-04-05T13:18:09+00:00\",\"dateModified\":\"2026-04-28T19:27:30+00:00\",\"breadcrumb\":{\"@id\":\"https:\/\/apirosport.com\/sv\/produkt\/next-gen-cardio-star-trac-8rb\/#breadcrumb\"},\"inLanguage\":\"sv-SE\",\"potentialAction\":[{\"@type\":\"ReadAction\",\"target\":[\"https:\/\/apirosport.com\/sv\/produkt\/next-gen-cardio-star-trac-8rb\/\"]}]},{\"@type\":\"ImageObject\",\"inLanguage\":\"sv-SE\",\"@id\":\"https:\/\/apirosport.com\/sv\/produkt\/next-gen-cardio-star-trac-8rb\/#primaryimage\",\"url\":\"https:\/\/apirosport.com\/wp-content\/uploads\/2025\/12\/NextGen-Star-Trac-8RB-Embedded-BLK60-3.png\",\"contentUrl\":\"https:\/\/apirosport.com\/wp-content\/uploads\/2025\/12\/NextGen-Star-Trac-8RB-Embedded-BLK60-3.png\",\"width\":1181,\"height\":1181},{\"@type\":\"BreadcrumbList\",\"@id\":\"https:\/\/apirosport.com\/sv\/produkt\/next-gen-cardio-star-trac-8rb\/#breadcrumb\",\"itemListElement\":[{\"@type\":\"ListItem\",\"position\":1,\"name\":\"Home\",\"item\":\"https:\/\/apirosport.com\/sv\/\"},{\"@type\":\"ListItem\",\"position\":2,\"name\":\"Produkter\",\"item\":\"https:\/\/apirosport.com\/sv\/produkter\/\"},{\"@type\":\"ListItem\",\"position\":3,\"name\":\"Star Trac 8RB, Recumbent Bike\"}]},{\"@type\":\"WebSite\",\"@id\":\"https:\/\/apirosport.com\/sv\/#website\",\"url\":\"https:\/\/apirosport.com\/sv\/\",\"name\":\"Apirosport\",\"description\":\"\",\"publisher\":{\"@id\":\"https:\/\/apirosport.com\/sv\/#organization\"},\"alternateName\":\"Apirosport\",\"potentialAction\":[{\"@type\":\"SearchAction\",\"target\":{\"@type\":\"EntryPoint\",\"urlTemplate\":\"https:\/\/apirosport.com\/sv\/?s={search_term_string}\"},\"query-input\":{\"@type\":\"PropertyValueSpecification\",\"valueRequired\":true,\"valueName\":\"search_term_string\"}}],\"inLanguage\":\"sv-SE\"},{\"@type\":\"Organization\",\"@id\":\"https:\/\/apirosport.com\/sv\/#organization\",\"name\":\"Apirosport\",\"alternateName\":\"Apirosport\",\"url\":\"https:\/\/apirosport.com\/sv\/\",\"logo\":{\"@type\":\"ImageObject\",\"inLanguage\":\"sv-SE\",\"@id\":\"https:\/\/apirosport.com\/sv\/#\/schema\/logo\/image\/\",\"url\":\"https:\/\/apirosport.com\/wp-content\/uploads\/2025\/12\/Apirosport-yellow-scaled.png\",\"contentUrl\":\"https:\/\/apirosport.com\/wp-content\/uploads\/2025\/12\/Apirosport-yellow-scaled.png\",\"width\":2560,\"height\":2278,\"caption\":\"Apirosport\"},\"image\":{\"@id\":\"https:\/\/apirosport.com\/sv\/#\/schema\/logo\/image\/\"}}]}<\/script>\n<!-- \/ Yoast SEO plugin. -->","yoast_head_json":{"title":"Star Trac 8RB, Recumbent Bike | Apirosport","robots":{"index":"index","follow":"follow","max-snippet":"max-snippet:-1","max-image-preview":"max-image-preview:large","max-video-preview":"max-video-preview:-1"},"canonical":"https:\/\/apirosport.com\/sv\/produkt\/next-gen-cardio-star-trac-8rb\/","og_locale":"sv_SE","og_type":"article","og_title":"Star Trac 8RB, Recumbent Bike | Apirosport","og_description":"Star Trac Recumbent Bike: Designad f\u00f6r ultimat komfort och engagemang Star Trac Recumbent Bike erbjuder en exceptionell cykelupplevelse med branschens mest st\u00f6djande ryggst\u00f6d och en walk-through-ram f\u00f6r enkel \u00e5tkomst. Med v\u00e5rt exklusiva Morse Taper-system och pedalsystem s\u00e4kerst\u00e4lls stabilitet och l\u00e5ngvarig prestanda i hektiska tr\u00e4ningsmilj\u00f6er. Designad f\u00f6r optimal komfort inkluderar cykeln dubbla plattformspedaler, personliga fl\u00e4ktar samt [&hellip;]","og_url":"https:\/\/apirosport.com\/sv\/produkt\/next-gen-cardio-star-trac-8rb\/","og_site_name":"Apirosport","article_modified_time":"2026-04-28T19:27:30+00:00","og_image":[{"width":1181,"height":1181,"url":"https:\/\/apirosport.com\/wp-content\/uploads\/2025\/12\/NextGen-Star-Trac-8RB-Embedded-BLK60-3.png","type":"image\/png"}],"twitter_card":"summary_large_image","twitter_title":"Apirosport","twitter_misc":{"Ber\u00e4knad l\u00e4stid":"1 minut"},"schema":{"@context":"https:\/\/schema.org","@graph":[{"@type":"WebPage","@id":"https:\/\/apirosport.com\/sv\/produkt\/next-gen-cardio-star-trac-8rb\/","url":"https:\/\/apirosport.com\/sv\/produkt\/next-gen-cardio-star-trac-8rb\/","name":"Star Trac 8RB, Recumbent Bike | Apirosport","isPartOf":{"@id":"https:\/\/apirosport.com\/sv\/#website"},"primaryImageOfPage":{"@id":"https:\/\/apirosport.com\/sv\/produkt\/next-gen-cardio-star-trac-8rb\/#primaryimage"},"image":{"@id":"https:\/\/apirosport.com\/sv\/produkt\/next-gen-cardio-star-trac-8rb\/#primaryimage"},"thumbnailUrl":"https:\/\/apirosport.com\/wp-content\/uploads\/2025\/12\/NextGen-Star-Trac-8RB-Embedded-BLK60-3.png","datePublished":"2025-04-05T13:18:09+00:00","dateModified":"2026-04-28T19:27:30+00:00","breadcrumb":{"@id":"https:\/\/apirosport.com\/sv\/produkt\/next-gen-cardio-star-trac-8rb\/#breadcrumb"},"inLanguage":"sv-SE","potentialAction":[{"@type":"ReadAction","target":["https:\/\/apirosport.com\/sv\/produkt\/next-gen-cardio-star-trac-8rb\/"]}]},{"@type":"ImageObject","inLanguage":"sv-SE","@id":"https:\/\/apirosport.com\/sv\/produkt\/next-gen-cardio-star-trac-8rb\/#primaryimage","url":"https:\/\/apirosport.com\/wp-content\/uploads\/2025\/12\/NextGen-Star-Trac-8RB-Embedded-BLK60-3.png","contentUrl":"https:\/\/apirosport.com\/wp-content\/uploads\/2025\/12\/NextGen-Star-Trac-8RB-Embedded-BLK60-3.png","width":1181,"height":1181},{"@type":"BreadcrumbList","@id":"https:\/\/apirosport.com\/sv\/produkt\/next-gen-cardio-star-trac-8rb\/#breadcrumb","itemListElement":[{"@type":"ListItem","position":1,"name":"Home","item":"https:\/\/apirosport.com\/sv\/"},{"@type":"ListItem","position":2,"name":"Produkter","item":"https:\/\/apirosport.com\/sv\/produkter\/"},{"@type":"ListItem","position":3,"name":"Star Trac 8RB, Recumbent Bike"}]},{"@type":"WebSite","@id":"https:\/\/apirosport.com\/sv\/#website","url":"https:\/\/apirosport.com\/sv\/","name":"Apirosport","description":"","publisher":{"@id":"https:\/\/apirosport.com\/sv\/#organization"},"alternateName":"Apirosport","potentialAction":[{"@type":"SearchAction","target":{"@type":"EntryPoint","urlTemplate":"https:\/\/apirosport.com\/sv\/?s={search_term_string}"},"query-input":{"@type":"PropertyValueSpecification","valueRequired":true,"valueName":"search_term_string"}}],"inLanguage":"sv-SE"},{"@type":"Organization","@id":"https:\/\/apirosport.com\/sv\/#organization","name":"Apirosport","alternateName":"Apirosport","url":"https:\/\/apirosport.com\/sv\/","logo":{"@type":"ImageObject","inLanguage":"sv-SE","@id":"https:\/\/apirosport.com\/sv\/#\/schema\/logo\/image\/","url":"https:\/\/apirosport.com\/wp-content\/uploads\/2025\/12\/Apirosport-yellow-scaled.png","contentUrl":"https:\/\/apirosport.com\/wp-content\/uploads\/2025\/12\/Apirosport-yellow-scaled.png","width":2560,"height":2278,"caption":"Apirosport"},"image":{"@id":"https:\/\/apirosport.com\/sv\/#\/schema\/logo\/image\/"}}]}},"_links":{"self":[{"href":"https:\/\/apirosport.com\/sv\/wp-json\/wp\/v2\/product\/19883","targetHints":{"allow":["GET"]}}],"collection":[{"href":"https:\/\/apirosport.com\/sv\/wp-json\/wp\/v2\/product"}],"about":[{"href":"https:\/\/apirosport.com\/sv\/wp-json\/wp\/v2\/types\/product"}],"wp:featuredmedia":[{"embeddable":true,"href":"https:\/\/apirosport.com\/sv\/wp-json\/wp\/v2\/media\/23704"}],"wp:attachment":[{"href":"https:\/\/apirosport.com\/sv\/wp-json\/wp\/v2\/media?parent=19883"}],"wp:term":[{"taxonomy":"variation","embeddable":true,"href":"https:\/\/apirosport.com\/sv\/wp-json\/wp\/v2\/variation?post=19883"},{"taxonomy":"product_brand","embeddable":true,"href":"https:\/\/apirosport.com\/sv\/wp-json\/wp\/v2\/product_brand?post=19883"},{"taxonomy":"product_cat","embeddable":true,"href":"https:\/\/apirosport.com\/sv\/wp-json\/wp\/v2\/product_cat?post=19883"},{"taxonomy":"product_tag","embeddable":true,"href":"https:\/\/apirosport.com\/sv\/wp-json\/wp\/v2\/product_tag?post=19883"}],"curies":[{"name":"wp","href":"https:\/\/api.w.org\/{rel}","templated":true}]}}