{"id":19903,"date":"2025-04-05T14:11:05","date_gmt":"2025-04-05T14:11:05","guid":{"rendered":"https:\/\/apirosport.com\/?post_type=product&#038;p=19903"},"modified":"2026-03-19T14:41:23","modified_gmt":"2026-03-19T14:41:23","slug":"next-gen-cardio-star-trac-8ct-crosstrainer","status":"publish","type":"product","link":"https:\/\/apirosport.com\/sv\/produkt\/next-gen-cardio-star-trac-8ct-crosstrainer\/","title":{"rendered":"Star Trac 8CT, CrossTrainer"},"content":{"rendered":"<p>Revolutionerande elliptisk tr\u00e4ning: Star Trac Cross Trainer<\/p>\n<p>Star Trac Cross Trainer erbjuder en f\u00f6rstklassig elliptisk tr\u00e4ningsupplevelse, designad f\u00f6r att m\u00f6ta dagens fitnessentusiasters h\u00f6ga krav. Den unika bakre ing\u00e5ngen med \u00f6ppen stegram s\u00e4kerst\u00e4ller den s\u00e4kraste in- och utstigningen, medan den optimerade placeringen av pedalerna medf\u00f6r ett naturligt och effektivt steg. Soft Trac\u00ae-pedaler \u00f6kar komforten genom att minska belastningen p\u00e5 lederna och maximera tr\u00e4ningsresultatet. Perfekt f\u00f6r anl\u00e4ggningar som vill erbjuda en s\u00e4krare, mjukare och mer engagerande elliptisk tr\u00e4ning!<\/p>\n","protected":false},"excerpt":{"rendered":"<p>Revolutionerande elliptisk tr\u00e4ning: Star Trac Cross Trainer Star Trac Cross Trainer erbjuder en f\u00f6rstklassig elliptisk tr\u00e4ningsupplevelse, designad f\u00f6r att m\u00f6ta dagens fitnessentusiasters h\u00f6ga krav. Den unika bakre ing\u00e5ngen med \u00f6ppen stegram s\u00e4kerst\u00e4ller den s\u00e4kraste in- och utstigningen, medan den optimerade placeringen av pedalerna medf\u00f6r ett naturligt och effektivt steg. Soft Trac\u00ae-pedaler \u00f6kar komforten genom att [&hellip;]<\/p>\n","protected":false},"featured_media":23680,"template":"","meta":{"_acf_changed":false,"inline_featured_image":false},"variation":[],"product_brand":[],"product_cat":[87,316],"product_tag":[299],"class_list":{"0":"post-19903","1":"product","2":"type-product","3":"status-publish","4":"has-post-thumbnail","6":"product_cat-kondition","7":"product_cat-star-trac","8":"product_tag-star-trac","10":"first","11":"instock","12":"shipping-taxable","13":"purchasable","14":"product-type-variable","15":"has-default-attributes"},"acf":[],"yoast_head":"<!-- This site is optimized with the Yoast SEO plugin v26.8 - https:\/\/yoast.com\/product\/yoast-seo-wordpress\/ -->\n<title>Star Trac 8CT, CrossTrainer | Apirosport<\/title>\n<meta name=\"robots\" content=\"index, follow, max-snippet:-1, max-image-preview:large, max-video-preview:-1\" \/>\n<link rel=\"canonical\" href=\"https:\/\/apirosport.com\/sv\/produkt\/next-gen-cardio-star-trac-8ct-crosstrainer\/\" \/>\n<meta property=\"og:locale\" content=\"sv_SE\" \/>\n<meta property=\"og:type\" content=\"article\" \/>\n<meta property=\"og:title\" content=\"Star Trac 8CT, CrossTrainer | Apirosport\" \/>\n<meta property=\"og:description\" content=\"Revolutionerande elliptisk tr\u00e4ning: Star Trac Cross Trainer Star Trac Cross Trainer erbjuder en f\u00f6rstklassig elliptisk tr\u00e4ningsupplevelse, designad f\u00f6r att m\u00f6ta dagens fitnessentusiasters h\u00f6ga krav. Den unika bakre ing\u00e5ngen med \u00f6ppen stegram s\u00e4kerst\u00e4ller den s\u00e4kraste in- och utstigningen, medan den optimerade placeringen av pedalerna medf\u00f6r ett naturligt och effektivt steg. Soft Trac\u00ae-pedaler \u00f6kar komforten genom att [&hellip;]\" \/>\n<meta property=\"og:url\" content=\"https:\/\/apirosport.com\/sv\/produkt\/next-gen-cardio-star-trac-8ct-crosstrainer\/\" \/>\n<meta property=\"og:site_name\" content=\"Apirosport\" \/>\n<meta property=\"article:modified_time\" content=\"2026-03-19T14:41:23+00:00\" \/>\n<meta property=\"og:image\" content=\"https:\/\/apirosport.com\/wp-content\/uploads\/2025\/12\/NextGen-Star-Trac-8CT-Embedded-BLK60-3.png\" \/>\n\t<meta property=\"og:image:width\" content=\"1181\" \/>\n\t<meta property=\"og:image:height\" content=\"1181\" \/>\n\t<meta property=\"og:image:type\" content=\"image\/png\" \/>\n<meta name=\"twitter:card\" content=\"summary_large_image\" \/>\n<meta name=\"twitter:title\" content=\"Apirosport\" \/>\n<meta name=\"twitter:label1\" content=\"Ber\u00e4knad l\u00e4stid\" \/>\n\t<meta name=\"twitter:data1\" content=\"1 minut\" \/>\n<script type=\"application\/ld+json\" class=\"yoast-schema-graph\">{\"@context\":\"https:\/\/schema.org\",\"@graph\":[{\"@type\":\"WebPage\",\"@id\":\"https:\/\/apirosport.com\/sv\/produkt\/next-gen-cardio-star-trac-8ct-crosstrainer\/\",\"url\":\"https:\/\/apirosport.com\/sv\/produkt\/next-gen-cardio-star-trac-8ct-crosstrainer\/\",\"name\":\"Star Trac 8CT, CrossTrainer | Apirosport\",\"isPartOf\":{\"@id\":\"https:\/\/apirosport.com\/sv\/#website\"},\"primaryImageOfPage\":{\"@id\":\"https:\/\/apirosport.com\/sv\/produkt\/next-gen-cardio-star-trac-8ct-crosstrainer\/#primaryimage\"},\"image\":{\"@id\":\"https:\/\/apirosport.com\/sv\/produkt\/next-gen-cardio-star-trac-8ct-crosstrainer\/#primaryimage\"},\"thumbnailUrl\":\"https:\/\/apirosport.com\/wp-content\/uploads\/2025\/12\/NextGen-Star-Trac-8CT-Embedded-BLK60-3.png\",\"datePublished\":\"2025-04-05T14:11:05+00:00\",\"dateModified\":\"2026-03-19T14:41:23+00:00\",\"breadcrumb\":{\"@id\":\"https:\/\/apirosport.com\/sv\/produkt\/next-gen-cardio-star-trac-8ct-crosstrainer\/#breadcrumb\"},\"inLanguage\":\"sv-SE\",\"potentialAction\":[{\"@type\":\"ReadAction\",\"target\":[\"https:\/\/apirosport.com\/sv\/produkt\/next-gen-cardio-star-trac-8ct-crosstrainer\/\"]}]},{\"@type\":\"ImageObject\",\"inLanguage\":\"sv-SE\",\"@id\":\"https:\/\/apirosport.com\/sv\/produkt\/next-gen-cardio-star-trac-8ct-crosstrainer\/#primaryimage\",\"url\":\"https:\/\/apirosport.com\/wp-content\/uploads\/2025\/12\/NextGen-Star-Trac-8CT-Embedded-BLK60-3.png\",\"contentUrl\":\"https:\/\/apirosport.com\/wp-content\/uploads\/2025\/12\/NextGen-Star-Trac-8CT-Embedded-BLK60-3.png\",\"width\":1181,\"height\":1181},{\"@type\":\"BreadcrumbList\",\"@id\":\"https:\/\/apirosport.com\/sv\/produkt\/next-gen-cardio-star-trac-8ct-crosstrainer\/#breadcrumb\",\"itemListElement\":[{\"@type\":\"ListItem\",\"position\":1,\"name\":\"Home\",\"item\":\"https:\/\/apirosport.com\/sv\/\"},{\"@type\":\"ListItem\",\"position\":2,\"name\":\"Produkter\",\"item\":\"https:\/\/apirosport.com\/sv\/produkter\/\"},{\"@type\":\"ListItem\",\"position\":3,\"name\":\"Star Trac 8CT, CrossTrainer\"}]},{\"@type\":\"WebSite\",\"@id\":\"https:\/\/apirosport.com\/sv\/#website\",\"url\":\"https:\/\/apirosport.com\/sv\/\",\"name\":\"Apirosport\",\"description\":\"\",\"publisher\":{\"@id\":\"https:\/\/apirosport.com\/sv\/#organization\"},\"alternateName\":\"Apirosport\",\"potentialAction\":[{\"@type\":\"SearchAction\",\"target\":{\"@type\":\"EntryPoint\",\"urlTemplate\":\"https:\/\/apirosport.com\/sv\/?s={search_term_string}\"},\"query-input\":{\"@type\":\"PropertyValueSpecification\",\"valueRequired\":true,\"valueName\":\"search_term_string\"}}],\"inLanguage\":\"sv-SE\"},{\"@type\":\"Organization\",\"@id\":\"https:\/\/apirosport.com\/sv\/#organization\",\"name\":\"Apirosport\",\"alternateName\":\"Apirosport\",\"url\":\"https:\/\/apirosport.com\/sv\/\",\"logo\":{\"@type\":\"ImageObject\",\"inLanguage\":\"sv-SE\",\"@id\":\"https:\/\/apirosport.com\/sv\/#\/schema\/logo\/image\/\",\"url\":\"https:\/\/apirosport.com\/wp-content\/uploads\/2025\/12\/Apirosport-yellow-scaled.png\",\"contentUrl\":\"https:\/\/apirosport.com\/wp-content\/uploads\/2025\/12\/Apirosport-yellow-scaled.png\",\"width\":2560,\"height\":2278,\"caption\":\"Apirosport\"},\"image\":{\"@id\":\"https:\/\/apirosport.com\/sv\/#\/schema\/logo\/image\/\"}}]}<\/script>\n<!-- \/ Yoast SEO plugin. -->","yoast_head_json":{"title":"Star Trac 8CT, CrossTrainer | Apirosport","robots":{"index":"index","follow":"follow","max-snippet":"max-snippet:-1","max-image-preview":"max-image-preview:large","max-video-preview":"max-video-preview:-1"},"canonical":"https:\/\/apirosport.com\/sv\/produkt\/next-gen-cardio-star-trac-8ct-crosstrainer\/","og_locale":"sv_SE","og_type":"article","og_title":"Star Trac 8CT, CrossTrainer | Apirosport","og_description":"Revolutionerande elliptisk tr\u00e4ning: Star Trac Cross Trainer Star Trac Cross Trainer erbjuder en f\u00f6rstklassig elliptisk tr\u00e4ningsupplevelse, designad f\u00f6r att m\u00f6ta dagens fitnessentusiasters h\u00f6ga krav. Den unika bakre ing\u00e5ngen med \u00f6ppen stegram s\u00e4kerst\u00e4ller den s\u00e4kraste in- och utstigningen, medan den optimerade placeringen av pedalerna medf\u00f6r ett naturligt och effektivt steg. Soft Trac\u00ae-pedaler \u00f6kar komforten genom att [&hellip;]","og_url":"https:\/\/apirosport.com\/sv\/produkt\/next-gen-cardio-star-trac-8ct-crosstrainer\/","og_site_name":"Apirosport","article_modified_time":"2026-03-19T14:41:23+00:00","og_image":[{"width":1181,"height":1181,"url":"https:\/\/apirosport.com\/wp-content\/uploads\/2025\/12\/NextGen-Star-Trac-8CT-Embedded-BLK60-3.png","type":"image\/png"}],"twitter_card":"summary_large_image","twitter_title":"Apirosport","twitter_misc":{"Ber\u00e4knad l\u00e4stid":"1 minut"},"schema":{"@context":"https:\/\/schema.org","@graph":[{"@type":"WebPage","@id":"https:\/\/apirosport.com\/sv\/produkt\/next-gen-cardio-star-trac-8ct-crosstrainer\/","url":"https:\/\/apirosport.com\/sv\/produkt\/next-gen-cardio-star-trac-8ct-crosstrainer\/","name":"Star Trac 8CT, CrossTrainer | Apirosport","isPartOf":{"@id":"https:\/\/apirosport.com\/sv\/#website"},"primaryImageOfPage":{"@id":"https:\/\/apirosport.com\/sv\/produkt\/next-gen-cardio-star-trac-8ct-crosstrainer\/#primaryimage"},"image":{"@id":"https:\/\/apirosport.com\/sv\/produkt\/next-gen-cardio-star-trac-8ct-crosstrainer\/#primaryimage"},"thumbnailUrl":"https:\/\/apirosport.com\/wp-content\/uploads\/2025\/12\/NextGen-Star-Trac-8CT-Embedded-BLK60-3.png","datePublished":"2025-04-05T14:11:05+00:00","dateModified":"2026-03-19T14:41:23+00:00","breadcrumb":{"@id":"https:\/\/apirosport.com\/sv\/produkt\/next-gen-cardio-star-trac-8ct-crosstrainer\/#breadcrumb"},"inLanguage":"sv-SE","potentialAction":[{"@type":"ReadAction","target":["https:\/\/apirosport.com\/sv\/produkt\/next-gen-cardio-star-trac-8ct-crosstrainer\/"]}]},{"@type":"ImageObject","inLanguage":"sv-SE","@id":"https:\/\/apirosport.com\/sv\/produkt\/next-gen-cardio-star-trac-8ct-crosstrainer\/#primaryimage","url":"https:\/\/apirosport.com\/wp-content\/uploads\/2025\/12\/NextGen-Star-Trac-8CT-Embedded-BLK60-3.png","contentUrl":"https:\/\/apirosport.com\/wp-content\/uploads\/2025\/12\/NextGen-Star-Trac-8CT-Embedded-BLK60-3.png","width":1181,"height":1181},{"@type":"BreadcrumbList","@id":"https:\/\/apirosport.com\/sv\/produkt\/next-gen-cardio-star-trac-8ct-crosstrainer\/#breadcrumb","itemListElement":[{"@type":"ListItem","position":1,"name":"Home","item":"https:\/\/apirosport.com\/sv\/"},{"@type":"ListItem","position":2,"name":"Produkter","item":"https:\/\/apirosport.com\/sv\/produkter\/"},{"@type":"ListItem","position":3,"name":"Star Trac 8CT, CrossTrainer"}]},{"@type":"WebSite","@id":"https:\/\/apirosport.com\/sv\/#website","url":"https:\/\/apirosport.com\/sv\/","name":"Apirosport","description":"","publisher":{"@id":"https:\/\/apirosport.com\/sv\/#organization"},"alternateName":"Apirosport","potentialAction":[{"@type":"SearchAction","target":{"@type":"EntryPoint","urlTemplate":"https:\/\/apirosport.com\/sv\/?s={search_term_string}"},"query-input":{"@type":"PropertyValueSpecification","valueRequired":true,"valueName":"search_term_string"}}],"inLanguage":"sv-SE"},{"@type":"Organization","@id":"https:\/\/apirosport.com\/sv\/#organization","name":"Apirosport","alternateName":"Apirosport","url":"https:\/\/apirosport.com\/sv\/","logo":{"@type":"ImageObject","inLanguage":"sv-SE","@id":"https:\/\/apirosport.com\/sv\/#\/schema\/logo\/image\/","url":"https:\/\/apirosport.com\/wp-content\/uploads\/2025\/12\/Apirosport-yellow-scaled.png","contentUrl":"https:\/\/apirosport.com\/wp-content\/uploads\/2025\/12\/Apirosport-yellow-scaled.png","width":2560,"height":2278,"caption":"Apirosport"},"image":{"@id":"https:\/\/apirosport.com\/sv\/#\/schema\/logo\/image\/"}}]}},"_links":{"self":[{"href":"https:\/\/apirosport.com\/sv\/wp-json\/wp\/v2\/product\/19903","targetHints":{"allow":["GET"]}}],"collection":[{"href":"https:\/\/apirosport.com\/sv\/wp-json\/wp\/v2\/product"}],"about":[{"href":"https:\/\/apirosport.com\/sv\/wp-json\/wp\/v2\/types\/product"}],"wp:featuredmedia":[{"embeddable":true,"href":"https:\/\/apirosport.com\/sv\/wp-json\/wp\/v2\/media\/23680"}],"wp:attachment":[{"href":"https:\/\/apirosport.com\/sv\/wp-json\/wp\/v2\/media?parent=19903"}],"wp:term":[{"taxonomy":"variation","embeddable":true,"href":"https:\/\/apirosport.com\/sv\/wp-json\/wp\/v2\/variation?post=19903"},{"taxonomy":"product_brand","embeddable":true,"href":"https:\/\/apirosport.com\/sv\/wp-json\/wp\/v2\/product_brand?post=19903"},{"taxonomy":"product_cat","embeddable":true,"href":"https:\/\/apirosport.com\/sv\/wp-json\/wp\/v2\/product_cat?post=19903"},{"taxonomy":"product_tag","embeddable":true,"href":"https:\/\/apirosport.com\/sv\/wp-json\/wp\/v2\/product_tag?post=19903"}],"curies":[{"name":"wp","href":"https:\/\/api.w.org\/{rel}","templated":true}]}}