{"id":19912,"date":"2025-04-05T14:40:55","date_gmt":"2025-04-05T14:40:55","guid":{"rendered":"https:\/\/apirosport.com\/?post_type=product&#038;p=19912"},"modified":"2026-03-19T14:51:15","modified_gmt":"2026-03-19T14:51:15","slug":"next-gen-cardio-star-trac-8-vs-versastrider","status":"publish","type":"product","link":"https:\/\/apirosport.com\/sv\/produkt\/next-gen-cardio-star-trac-8-vs-versastrider\/","title":{"rendered":"Star Trac 8 VS, Versastrider"},"content":{"rendered":"<p>Star Trac VersaStrider erbjuder en verkligt personlig elliptisk upplevelse med MyStride\u2122-teknologi, som automatiskt anpassar sig efter varje medlems unika stegl\u00e4ngd och hastighet. Det finns inga knappar att trycka p\u00e5 eller reglage att justera\u2014bara kliv p\u00e5 och k\u00f6r. Denna s\u00f6ml\u00f6sa design ger medlemmar p\u00e5 alla fitnessniv\u00e5er en bekv\u00e4m och effektiv tr\u00e4ning anpassad efter deras behov. F\u00f6r tr\u00e4ningsanl\u00e4ggningar levererar VersaStrider en underh\u00e5llsfri och m\u00e5ngsidig konditionsl\u00f6sning.<\/p>\n<p>&nbsp;<\/p>\n<p>&nbsp;<\/p>\n<p>&nbsp;<\/p>\n","protected":false},"excerpt":{"rendered":"<p>Star Trac VersaStrider erbjuder en verkligt personlig elliptisk upplevelse med MyStride\u2122-teknologi, som automatiskt anpassar sig efter varje medlems unika stegl\u00e4ngd och hastighet. Det finns inga knappar att trycka p\u00e5 eller reglage att justera\u2014bara kliv p\u00e5 och k\u00f6r. Denna s\u00f6ml\u00f6sa design ger medlemmar p\u00e5 alla fitnessniv\u00e5er en bekv\u00e4m och effektiv tr\u00e4ning anpassad efter deras behov. F\u00f6r [&hellip;]<\/p>\n","protected":false},"featured_media":23658,"template":"","meta":{"_acf_changed":false,"inline_featured_image":false},"variation":[],"product_brand":[],"product_cat":[87,316],"product_tag":[299],"class_list":{"0":"post-19912","1":"product","2":"type-product","3":"status-publish","4":"has-post-thumbnail","6":"product_cat-kondition","7":"product_cat-star-trac","8":"product_tag-star-trac","10":"first","11":"instock","12":"shipping-taxable","13":"purchasable","14":"product-type-variable","15":"has-default-attributes"},"acf":[],"yoast_head":"<!-- This site is optimized with the Yoast SEO plugin v26.8 - https:\/\/yoast.com\/product\/yoast-seo-wordpress\/ -->\n<title>Star Trac 8 VS, Versastrider | Apirosport<\/title>\n<meta name=\"robots\" content=\"index, follow, max-snippet:-1, max-image-preview:large, max-video-preview:-1\" \/>\n<link rel=\"canonical\" href=\"https:\/\/apirosport.com\/sv\/produkt\/next-gen-cardio-star-trac-8-vs-versastrider\/\" \/>\n<meta property=\"og:locale\" content=\"sv_SE\" \/>\n<meta property=\"og:type\" content=\"article\" \/>\n<meta property=\"og:title\" content=\"Star Trac 8 VS, Versastrider | Apirosport\" \/>\n<meta property=\"og:description\" content=\"Star Trac VersaStrider erbjuder en verkligt personlig elliptisk upplevelse med MyStride\u2122-teknologi, som automatiskt anpassar sig efter varje medlems unika stegl\u00e4ngd och hastighet. Det finns inga knappar att trycka p\u00e5 eller reglage att justera\u2014bara kliv p\u00e5 och k\u00f6r. Denna s\u00f6ml\u00f6sa design ger medlemmar p\u00e5 alla fitnessniv\u00e5er en bekv\u00e4m och effektiv tr\u00e4ning anpassad efter deras behov. F\u00f6r [&hellip;]\" \/>\n<meta property=\"og:url\" content=\"https:\/\/apirosport.com\/sv\/produkt\/next-gen-cardio-star-trac-8-vs-versastrider\/\" \/>\n<meta property=\"og:site_name\" content=\"Apirosport\" \/>\n<meta property=\"article:modified_time\" content=\"2026-03-19T14:51:15+00:00\" \/>\n<meta property=\"og:image\" content=\"https:\/\/apirosport.com\/wp-content\/uploads\/2025\/12\/NextGen-Star-Trac-8VS-Embedded-BLK60-3.png\" \/>\n\t<meta property=\"og:image:width\" content=\"1181\" \/>\n\t<meta property=\"og:image:height\" content=\"1181\" \/>\n\t<meta property=\"og:image:type\" content=\"image\/png\" \/>\n<meta name=\"twitter:card\" content=\"summary_large_image\" \/>\n<meta name=\"twitter:title\" content=\"Apirosport\" \/>\n<meta name=\"twitter:label1\" content=\"Ber\u00e4knad l\u00e4stid\" \/>\n\t<meta name=\"twitter:data1\" content=\"1 minut\" \/>\n<script type=\"application\/ld+json\" class=\"yoast-schema-graph\">{\"@context\":\"https:\/\/schema.org\",\"@graph\":[{\"@type\":\"WebPage\",\"@id\":\"https:\/\/apirosport.com\/sv\/produkt\/next-gen-cardio-star-trac-8-vs-versastrider\/\",\"url\":\"https:\/\/apirosport.com\/sv\/produkt\/next-gen-cardio-star-trac-8-vs-versastrider\/\",\"name\":\"Star Trac 8 VS, Versastrider | Apirosport\",\"isPartOf\":{\"@id\":\"https:\/\/apirosport.com\/sv\/#website\"},\"primaryImageOfPage\":{\"@id\":\"https:\/\/apirosport.com\/sv\/produkt\/next-gen-cardio-star-trac-8-vs-versastrider\/#primaryimage\"},\"image\":{\"@id\":\"https:\/\/apirosport.com\/sv\/produkt\/next-gen-cardio-star-trac-8-vs-versastrider\/#primaryimage\"},\"thumbnailUrl\":\"https:\/\/apirosport.com\/wp-content\/uploads\/2025\/12\/NextGen-Star-Trac-8VS-Embedded-BLK60-3.png\",\"datePublished\":\"2025-04-05T14:40:55+00:00\",\"dateModified\":\"2026-03-19T14:51:15+00:00\",\"breadcrumb\":{\"@id\":\"https:\/\/apirosport.com\/sv\/produkt\/next-gen-cardio-star-trac-8-vs-versastrider\/#breadcrumb\"},\"inLanguage\":\"sv-SE\",\"potentialAction\":[{\"@type\":\"ReadAction\",\"target\":[\"https:\/\/apirosport.com\/sv\/produkt\/next-gen-cardio-star-trac-8-vs-versastrider\/\"]}]},{\"@type\":\"ImageObject\",\"inLanguage\":\"sv-SE\",\"@id\":\"https:\/\/apirosport.com\/sv\/produkt\/next-gen-cardio-star-trac-8-vs-versastrider\/#primaryimage\",\"url\":\"https:\/\/apirosport.com\/wp-content\/uploads\/2025\/12\/NextGen-Star-Trac-8VS-Embedded-BLK60-3.png\",\"contentUrl\":\"https:\/\/apirosport.com\/wp-content\/uploads\/2025\/12\/NextGen-Star-Trac-8VS-Embedded-BLK60-3.png\",\"width\":1181,\"height\":1181},{\"@type\":\"BreadcrumbList\",\"@id\":\"https:\/\/apirosport.com\/sv\/produkt\/next-gen-cardio-star-trac-8-vs-versastrider\/#breadcrumb\",\"itemListElement\":[{\"@type\":\"ListItem\",\"position\":1,\"name\":\"Home\",\"item\":\"https:\/\/apirosport.com\/sv\/\"},{\"@type\":\"ListItem\",\"position\":2,\"name\":\"Produkter\",\"item\":\"https:\/\/apirosport.com\/sv\/produkter\/\"},{\"@type\":\"ListItem\",\"position\":3,\"name\":\"Star Trac 8 VS, Versastrider\"}]},{\"@type\":\"WebSite\",\"@id\":\"https:\/\/apirosport.com\/sv\/#website\",\"url\":\"https:\/\/apirosport.com\/sv\/\",\"name\":\"Apirosport\",\"description\":\"\",\"publisher\":{\"@id\":\"https:\/\/apirosport.com\/sv\/#organization\"},\"alternateName\":\"Apirosport\",\"potentialAction\":[{\"@type\":\"SearchAction\",\"target\":{\"@type\":\"EntryPoint\",\"urlTemplate\":\"https:\/\/apirosport.com\/sv\/?s={search_term_string}\"},\"query-input\":{\"@type\":\"PropertyValueSpecification\",\"valueRequired\":true,\"valueName\":\"search_term_string\"}}],\"inLanguage\":\"sv-SE\"},{\"@type\":\"Organization\",\"@id\":\"https:\/\/apirosport.com\/sv\/#organization\",\"name\":\"Apirosport\",\"alternateName\":\"Apirosport\",\"url\":\"https:\/\/apirosport.com\/sv\/\",\"logo\":{\"@type\":\"ImageObject\",\"inLanguage\":\"sv-SE\",\"@id\":\"https:\/\/apirosport.com\/sv\/#\/schema\/logo\/image\/\",\"url\":\"https:\/\/apirosport.com\/wp-content\/uploads\/2025\/12\/Apirosport-yellow-scaled.png\",\"contentUrl\":\"https:\/\/apirosport.com\/wp-content\/uploads\/2025\/12\/Apirosport-yellow-scaled.png\",\"width\":2560,\"height\":2278,\"caption\":\"Apirosport\"},\"image\":{\"@id\":\"https:\/\/apirosport.com\/sv\/#\/schema\/logo\/image\/\"}}]}<\/script>\n<!-- \/ Yoast SEO plugin. -->","yoast_head_json":{"title":"Star Trac 8 VS, Versastrider | Apirosport","robots":{"index":"index","follow":"follow","max-snippet":"max-snippet:-1","max-image-preview":"max-image-preview:large","max-video-preview":"max-video-preview:-1"},"canonical":"https:\/\/apirosport.com\/sv\/produkt\/next-gen-cardio-star-trac-8-vs-versastrider\/","og_locale":"sv_SE","og_type":"article","og_title":"Star Trac 8 VS, Versastrider | Apirosport","og_description":"Star Trac VersaStrider erbjuder en verkligt personlig elliptisk upplevelse med MyStride\u2122-teknologi, som automatiskt anpassar sig efter varje medlems unika stegl\u00e4ngd och hastighet. Det finns inga knappar att trycka p\u00e5 eller reglage att justera\u2014bara kliv p\u00e5 och k\u00f6r. Denna s\u00f6ml\u00f6sa design ger medlemmar p\u00e5 alla fitnessniv\u00e5er en bekv\u00e4m och effektiv tr\u00e4ning anpassad efter deras behov. F\u00f6r [&hellip;]","og_url":"https:\/\/apirosport.com\/sv\/produkt\/next-gen-cardio-star-trac-8-vs-versastrider\/","og_site_name":"Apirosport","article_modified_time":"2026-03-19T14:51:15+00:00","og_image":[{"width":1181,"height":1181,"url":"https:\/\/apirosport.com\/wp-content\/uploads\/2025\/12\/NextGen-Star-Trac-8VS-Embedded-BLK60-3.png","type":"image\/png"}],"twitter_card":"summary_large_image","twitter_title":"Apirosport","twitter_misc":{"Ber\u00e4knad l\u00e4stid":"1 minut"},"schema":{"@context":"https:\/\/schema.org","@graph":[{"@type":"WebPage","@id":"https:\/\/apirosport.com\/sv\/produkt\/next-gen-cardio-star-trac-8-vs-versastrider\/","url":"https:\/\/apirosport.com\/sv\/produkt\/next-gen-cardio-star-trac-8-vs-versastrider\/","name":"Star Trac 8 VS, Versastrider | Apirosport","isPartOf":{"@id":"https:\/\/apirosport.com\/sv\/#website"},"primaryImageOfPage":{"@id":"https:\/\/apirosport.com\/sv\/produkt\/next-gen-cardio-star-trac-8-vs-versastrider\/#primaryimage"},"image":{"@id":"https:\/\/apirosport.com\/sv\/produkt\/next-gen-cardio-star-trac-8-vs-versastrider\/#primaryimage"},"thumbnailUrl":"https:\/\/apirosport.com\/wp-content\/uploads\/2025\/12\/NextGen-Star-Trac-8VS-Embedded-BLK60-3.png","datePublished":"2025-04-05T14:40:55+00:00","dateModified":"2026-03-19T14:51:15+00:00","breadcrumb":{"@id":"https:\/\/apirosport.com\/sv\/produkt\/next-gen-cardio-star-trac-8-vs-versastrider\/#breadcrumb"},"inLanguage":"sv-SE","potentialAction":[{"@type":"ReadAction","target":["https:\/\/apirosport.com\/sv\/produkt\/next-gen-cardio-star-trac-8-vs-versastrider\/"]}]},{"@type":"ImageObject","inLanguage":"sv-SE","@id":"https:\/\/apirosport.com\/sv\/produkt\/next-gen-cardio-star-trac-8-vs-versastrider\/#primaryimage","url":"https:\/\/apirosport.com\/wp-content\/uploads\/2025\/12\/NextGen-Star-Trac-8VS-Embedded-BLK60-3.png","contentUrl":"https:\/\/apirosport.com\/wp-content\/uploads\/2025\/12\/NextGen-Star-Trac-8VS-Embedded-BLK60-3.png","width":1181,"height":1181},{"@type":"BreadcrumbList","@id":"https:\/\/apirosport.com\/sv\/produkt\/next-gen-cardio-star-trac-8-vs-versastrider\/#breadcrumb","itemListElement":[{"@type":"ListItem","position":1,"name":"Home","item":"https:\/\/apirosport.com\/sv\/"},{"@type":"ListItem","position":2,"name":"Produkter","item":"https:\/\/apirosport.com\/sv\/produkter\/"},{"@type":"ListItem","position":3,"name":"Star Trac 8 VS, Versastrider"}]},{"@type":"WebSite","@id":"https:\/\/apirosport.com\/sv\/#website","url":"https:\/\/apirosport.com\/sv\/","name":"Apirosport","description":"","publisher":{"@id":"https:\/\/apirosport.com\/sv\/#organization"},"alternateName":"Apirosport","potentialAction":[{"@type":"SearchAction","target":{"@type":"EntryPoint","urlTemplate":"https:\/\/apirosport.com\/sv\/?s={search_term_string}"},"query-input":{"@type":"PropertyValueSpecification","valueRequired":true,"valueName":"search_term_string"}}],"inLanguage":"sv-SE"},{"@type":"Organization","@id":"https:\/\/apirosport.com\/sv\/#organization","name":"Apirosport","alternateName":"Apirosport","url":"https:\/\/apirosport.com\/sv\/","logo":{"@type":"ImageObject","inLanguage":"sv-SE","@id":"https:\/\/apirosport.com\/sv\/#\/schema\/logo\/image\/","url":"https:\/\/apirosport.com\/wp-content\/uploads\/2025\/12\/Apirosport-yellow-scaled.png","contentUrl":"https:\/\/apirosport.com\/wp-content\/uploads\/2025\/12\/Apirosport-yellow-scaled.png","width":2560,"height":2278,"caption":"Apirosport"},"image":{"@id":"https:\/\/apirosport.com\/sv\/#\/schema\/logo\/image\/"}}]}},"_links":{"self":[{"href":"https:\/\/apirosport.com\/sv\/wp-json\/wp\/v2\/product\/19912","targetHints":{"allow":["GET"]}}],"collection":[{"href":"https:\/\/apirosport.com\/sv\/wp-json\/wp\/v2\/product"}],"about":[{"href":"https:\/\/apirosport.com\/sv\/wp-json\/wp\/v2\/types\/product"}],"wp:featuredmedia":[{"embeddable":true,"href":"https:\/\/apirosport.com\/sv\/wp-json\/wp\/v2\/media\/23658"}],"wp:attachment":[{"href":"https:\/\/apirosport.com\/sv\/wp-json\/wp\/v2\/media?parent=19912"}],"wp:term":[{"taxonomy":"variation","embeddable":true,"href":"https:\/\/apirosport.com\/sv\/wp-json\/wp\/v2\/variation?post=19912"},{"taxonomy":"product_brand","embeddable":true,"href":"https:\/\/apirosport.com\/sv\/wp-json\/wp\/v2\/product_brand?post=19912"},{"taxonomy":"product_cat","embeddable":true,"href":"https:\/\/apirosport.com\/sv\/wp-json\/wp\/v2\/product_cat?post=19912"},{"taxonomy":"product_tag","embeddable":true,"href":"https:\/\/apirosport.com\/sv\/wp-json\/wp\/v2\/product_tag?post=19912"}],"curies":[{"name":"wp","href":"https:\/\/api.w.org\/{rel}","templated":true}]}}