{"id":19921,"date":"2025-04-05T14:57:11","date_gmt":"2025-04-05T14:57:11","guid":{"rendered":"https:\/\/apirosport.com\/?post_type=product&#038;p=19921"},"modified":"2026-03-19T22:02:36","modified_gmt":"2026-03-19T22:02:36","slug":"next-gen-cardio-star-trac-10trx-freerunner","status":"publish","type":"product","link":"https:\/\/apirosport.com\/sv\/produkt\/next-gen-cardio-star-trac-10trx-freerunner\/","title":{"rendered":"Star Trac 10TRx FreeRunner"},"content":{"rendered":"<p>Upplev o\u00f6vertr\u00e4ffad komfort och prestanda med Star Trac FreeRunner\u2122 10TRx L\u00f6pband<\/p>\n<p>Star Trac FreeRunner 10TRx revolutionerar inomhusl\u00f6pning med det patenterade HexDeck-systemet, som levererar en ultrasnabb och d\u00e4mpad k\u00e4nsla som efterliknar att springa p\u00e5 en l\u00f6parbana. Designad f\u00f6r att minska belastningen p\u00e5 lederna, st\u00f6der l\u00f6pbandet h\u00f6gintensiva idrottare, vardagsanv\u00e4ndare och de som \u00e5terh\u00e4mtar sig fr\u00e5n skador &#8211; helt enkelt perfekta f\u00f6ruts\u00e4ttningar oavsett l\u00f6pniv\u00e5!<br \/>\nByggd f\u00f6r h\u00e5llbarhet och komfort, f\u00f6rb\u00e4ttrar FreeRunner medlemmarnas upplevelse och \u00e4r den ultimata l\u00f6sningen f\u00f6r fram\u00e5tt\u00e4nkande tr\u00e4ningsanl\u00e4ggningar.<\/p>\n","protected":false},"excerpt":{"rendered":"<p>Upplev o\u00f6vertr\u00e4ffad komfort och prestanda med Star Trac FreeRunner\u2122 10TRx L\u00f6pband Star Trac FreeRunner 10TRx revolutionerar inomhusl\u00f6pning med det patenterade HexDeck-systemet, som levererar en ultrasnabb och d\u00e4mpad k\u00e4nsla som efterliknar att springa p\u00e5 en l\u00f6parbana. Designad f\u00f6r att minska belastningen p\u00e5 lederna, st\u00f6der l\u00f6pbandet h\u00f6gintensiva idrottare, vardagsanv\u00e4ndare och de som \u00e5terh\u00e4mtar sig fr\u00e5n skador &#8211; [&hellip;]<\/p>\n","protected":false},"featured_media":22046,"template":"","meta":{"_acf_changed":false,"inline_featured_image":false},"variation":[],"product_brand":[],"product_cat":[87,101,316],"product_tag":[299],"class_list":{"0":"post-19921","1":"product","2":"type-product","3":"status-publish","4":"has-post-thumbnail","6":"product_cat-kondition","7":"product_cat-lopband","8":"product_cat-star-trac","9":"product_tag-star-trac","11":"first","12":"instock","13":"shipping-taxable","14":"purchasable","15":"product-type-variable","16":"has-default-attributes"},"acf":[],"yoast_head":"<!-- This site is optimized with the Yoast SEO plugin v26.8 - https:\/\/yoast.com\/product\/yoast-seo-wordpress\/ -->\n<title>Star Trac 10TRx FreeRunner | Apirosport<\/title>\n<meta name=\"robots\" content=\"index, follow, max-snippet:-1, max-image-preview:large, max-video-preview:-1\" \/>\n<link rel=\"canonical\" href=\"https:\/\/apirosport.com\/sv\/produkt\/next-gen-cardio-star-trac-10trx-freerunner\/\" \/>\n<meta property=\"og:locale\" content=\"sv_SE\" \/>\n<meta property=\"og:type\" content=\"article\" \/>\n<meta property=\"og:title\" content=\"Star Trac 10TRx FreeRunner | Apirosport\" \/>\n<meta property=\"og:description\" content=\"Upplev o\u00f6vertr\u00e4ffad komfort och prestanda med Star Trac FreeRunner\u2122 10TRx L\u00f6pband Star Trac FreeRunner 10TRx revolutionerar inomhusl\u00f6pning med det patenterade HexDeck-systemet, som levererar en ultrasnabb och d\u00e4mpad k\u00e4nsla som efterliknar att springa p\u00e5 en l\u00f6parbana. Designad f\u00f6r att minska belastningen p\u00e5 lederna, st\u00f6der l\u00f6pbandet h\u00f6gintensiva idrottare, vardagsanv\u00e4ndare och de som \u00e5terh\u00e4mtar sig fr\u00e5n skador &#8211; [&hellip;]\" \/>\n<meta property=\"og:url\" content=\"https:\/\/apirosport.com\/sv\/produkt\/next-gen-cardio-star-trac-10trx-freerunner\/\" \/>\n<meta property=\"og:site_name\" content=\"Apirosport\" \/>\n<meta property=\"article:modified_time\" content=\"2026-03-19T22:02:36+00:00\" \/>\n<meta property=\"og:image\" content=\"https:\/\/apirosport.com\/wp-content\/uploads\/2025\/10\/NextGen-StarTrac10TRxFreerunner-Embedded-quick-keys-QSILVER10TRx.png\" \/>\n\t<meta property=\"og:image:width\" content=\"1181\" \/>\n\t<meta property=\"og:image:height\" content=\"1181\" \/>\n\t<meta property=\"og:image:type\" content=\"image\/png\" \/>\n<meta name=\"twitter:card\" content=\"summary_large_image\" \/>\n<meta name=\"twitter:title\" content=\"Apirosport\" \/>\n<meta name=\"twitter:label1\" content=\"Ber\u00e4knad l\u00e4stid\" \/>\n\t<meta name=\"twitter:data1\" content=\"1 minut\" \/>\n<script type=\"application\/ld+json\" class=\"yoast-schema-graph\">{\"@context\":\"https:\/\/schema.org\",\"@graph\":[{\"@type\":\"WebPage\",\"@id\":\"https:\/\/apirosport.com\/sv\/produkt\/next-gen-cardio-star-trac-10trx-freerunner\/\",\"url\":\"https:\/\/apirosport.com\/sv\/produkt\/next-gen-cardio-star-trac-10trx-freerunner\/\",\"name\":\"Star Trac 10TRx FreeRunner | Apirosport\",\"isPartOf\":{\"@id\":\"https:\/\/apirosport.com\/sv\/#website\"},\"primaryImageOfPage\":{\"@id\":\"https:\/\/apirosport.com\/sv\/produkt\/next-gen-cardio-star-trac-10trx-freerunner\/#primaryimage\"},\"image\":{\"@id\":\"https:\/\/apirosport.com\/sv\/produkt\/next-gen-cardio-star-trac-10trx-freerunner\/#primaryimage\"},\"thumbnailUrl\":\"https:\/\/apirosport.com\/wp-content\/uploads\/2025\/10\/NextGen-StarTrac10TRxFreerunner-Embedded-quick-keys-QSILVER10TRx.png\",\"datePublished\":\"2025-04-05T14:57:11+00:00\",\"dateModified\":\"2026-03-19T22:02:36+00:00\",\"breadcrumb\":{\"@id\":\"https:\/\/apirosport.com\/sv\/produkt\/next-gen-cardio-star-trac-10trx-freerunner\/#breadcrumb\"},\"inLanguage\":\"sv-SE\",\"potentialAction\":[{\"@type\":\"ReadAction\",\"target\":[\"https:\/\/apirosport.com\/sv\/produkt\/next-gen-cardio-star-trac-10trx-freerunner\/\"]}]},{\"@type\":\"ImageObject\",\"inLanguage\":\"sv-SE\",\"@id\":\"https:\/\/apirosport.com\/sv\/produkt\/next-gen-cardio-star-trac-10trx-freerunner\/#primaryimage\",\"url\":\"https:\/\/apirosport.com\/wp-content\/uploads\/2025\/10\/NextGen-StarTrac10TRxFreerunner-Embedded-quick-keys-QSILVER10TRx.png\",\"contentUrl\":\"https:\/\/apirosport.com\/wp-content\/uploads\/2025\/10\/NextGen-StarTrac10TRxFreerunner-Embedded-quick-keys-QSILVER10TRx.png\",\"width\":1181,\"height\":1181},{\"@type\":\"BreadcrumbList\",\"@id\":\"https:\/\/apirosport.com\/sv\/produkt\/next-gen-cardio-star-trac-10trx-freerunner\/#breadcrumb\",\"itemListElement\":[{\"@type\":\"ListItem\",\"position\":1,\"name\":\"Home\",\"item\":\"https:\/\/apirosport.com\/sv\/\"},{\"@type\":\"ListItem\",\"position\":2,\"name\":\"Butik\",\"item\":\"https:\/\/apirosport.com\/products\/\"},{\"@type\":\"ListItem\",\"position\":3,\"name\":\"Star Trac 10TRx FreeRunner\"}]},{\"@type\":\"WebSite\",\"@id\":\"https:\/\/apirosport.com\/sv\/#website\",\"url\":\"https:\/\/apirosport.com\/sv\/\",\"name\":\"Apirosport\",\"description\":\"\",\"publisher\":{\"@id\":\"https:\/\/apirosport.com\/sv\/#organization\"},\"alternateName\":\"Apirosport\",\"potentialAction\":[{\"@type\":\"SearchAction\",\"target\":{\"@type\":\"EntryPoint\",\"urlTemplate\":\"https:\/\/apirosport.com\/sv\/?s={search_term_string}\"},\"query-input\":{\"@type\":\"PropertyValueSpecification\",\"valueRequired\":true,\"valueName\":\"search_term_string\"}}],\"inLanguage\":\"sv-SE\"},{\"@type\":\"Organization\",\"@id\":\"https:\/\/apirosport.com\/sv\/#organization\",\"name\":\"Apirosport\",\"alternateName\":\"Apirosport\",\"url\":\"https:\/\/apirosport.com\/sv\/\",\"logo\":{\"@type\":\"ImageObject\",\"inLanguage\":\"sv-SE\",\"@id\":\"https:\/\/apirosport.com\/sv\/#\/schema\/logo\/image\/\",\"url\":\"https:\/\/apirosport.com\/wp-content\/uploads\/2025\/12\/Apirosport-yellow-scaled.png\",\"contentUrl\":\"https:\/\/apirosport.com\/wp-content\/uploads\/2025\/12\/Apirosport-yellow-scaled.png\",\"width\":2560,\"height\":2278,\"caption\":\"Apirosport\"},\"image\":{\"@id\":\"https:\/\/apirosport.com\/sv\/#\/schema\/logo\/image\/\"}}]}<\/script>\n<!-- \/ Yoast SEO plugin. -->","yoast_head_json":{"title":"Star Trac 10TRx FreeRunner | Apirosport","robots":{"index":"index","follow":"follow","max-snippet":"max-snippet:-1","max-image-preview":"max-image-preview:large","max-video-preview":"max-video-preview:-1"},"canonical":"https:\/\/apirosport.com\/sv\/produkt\/next-gen-cardio-star-trac-10trx-freerunner\/","og_locale":"sv_SE","og_type":"article","og_title":"Star Trac 10TRx FreeRunner | Apirosport","og_description":"Upplev o\u00f6vertr\u00e4ffad komfort och prestanda med Star Trac FreeRunner\u2122 10TRx L\u00f6pband Star Trac FreeRunner 10TRx revolutionerar inomhusl\u00f6pning med det patenterade HexDeck-systemet, som levererar en ultrasnabb och d\u00e4mpad k\u00e4nsla som efterliknar att springa p\u00e5 en l\u00f6parbana. Designad f\u00f6r att minska belastningen p\u00e5 lederna, st\u00f6der l\u00f6pbandet h\u00f6gintensiva idrottare, vardagsanv\u00e4ndare och de som \u00e5terh\u00e4mtar sig fr\u00e5n skador &#8211; [&hellip;]","og_url":"https:\/\/apirosport.com\/sv\/produkt\/next-gen-cardio-star-trac-10trx-freerunner\/","og_site_name":"Apirosport","article_modified_time":"2026-03-19T22:02:36+00:00","og_image":[{"width":1181,"height":1181,"url":"https:\/\/apirosport.com\/wp-content\/uploads\/2025\/10\/NextGen-StarTrac10TRxFreerunner-Embedded-quick-keys-QSILVER10TRx.png","type":"image\/png"}],"twitter_card":"summary_large_image","twitter_title":"Apirosport","twitter_misc":{"Ber\u00e4knad l\u00e4stid":"1 minut"},"schema":{"@context":"https:\/\/schema.org","@graph":[{"@type":"WebPage","@id":"https:\/\/apirosport.com\/sv\/produkt\/next-gen-cardio-star-trac-10trx-freerunner\/","url":"https:\/\/apirosport.com\/sv\/produkt\/next-gen-cardio-star-trac-10trx-freerunner\/","name":"Star Trac 10TRx FreeRunner | Apirosport","isPartOf":{"@id":"https:\/\/apirosport.com\/sv\/#website"},"primaryImageOfPage":{"@id":"https:\/\/apirosport.com\/sv\/produkt\/next-gen-cardio-star-trac-10trx-freerunner\/#primaryimage"},"image":{"@id":"https:\/\/apirosport.com\/sv\/produkt\/next-gen-cardio-star-trac-10trx-freerunner\/#primaryimage"},"thumbnailUrl":"https:\/\/apirosport.com\/wp-content\/uploads\/2025\/10\/NextGen-StarTrac10TRxFreerunner-Embedded-quick-keys-QSILVER10TRx.png","datePublished":"2025-04-05T14:57:11+00:00","dateModified":"2026-03-19T22:02:36+00:00","breadcrumb":{"@id":"https:\/\/apirosport.com\/sv\/produkt\/next-gen-cardio-star-trac-10trx-freerunner\/#breadcrumb"},"inLanguage":"sv-SE","potentialAction":[{"@type":"ReadAction","target":["https:\/\/apirosport.com\/sv\/produkt\/next-gen-cardio-star-trac-10trx-freerunner\/"]}]},{"@type":"ImageObject","inLanguage":"sv-SE","@id":"https:\/\/apirosport.com\/sv\/produkt\/next-gen-cardio-star-trac-10trx-freerunner\/#primaryimage","url":"https:\/\/apirosport.com\/wp-content\/uploads\/2025\/10\/NextGen-StarTrac10TRxFreerunner-Embedded-quick-keys-QSILVER10TRx.png","contentUrl":"https:\/\/apirosport.com\/wp-content\/uploads\/2025\/10\/NextGen-StarTrac10TRxFreerunner-Embedded-quick-keys-QSILVER10TRx.png","width":1181,"height":1181},{"@type":"BreadcrumbList","@id":"https:\/\/apirosport.com\/sv\/produkt\/next-gen-cardio-star-trac-10trx-freerunner\/#breadcrumb","itemListElement":[{"@type":"ListItem","position":1,"name":"Home","item":"https:\/\/apirosport.com\/sv\/"},{"@type":"ListItem","position":2,"name":"Butik","item":"https:\/\/apirosport.com\/products\/"},{"@type":"ListItem","position":3,"name":"Star Trac 10TRx FreeRunner"}]},{"@type":"WebSite","@id":"https:\/\/apirosport.com\/sv\/#website","url":"https:\/\/apirosport.com\/sv\/","name":"Apirosport","description":"","publisher":{"@id":"https:\/\/apirosport.com\/sv\/#organization"},"alternateName":"Apirosport","potentialAction":[{"@type":"SearchAction","target":{"@type":"EntryPoint","urlTemplate":"https:\/\/apirosport.com\/sv\/?s={search_term_string}"},"query-input":{"@type":"PropertyValueSpecification","valueRequired":true,"valueName":"search_term_string"}}],"inLanguage":"sv-SE"},{"@type":"Organization","@id":"https:\/\/apirosport.com\/sv\/#organization","name":"Apirosport","alternateName":"Apirosport","url":"https:\/\/apirosport.com\/sv\/","logo":{"@type":"ImageObject","inLanguage":"sv-SE","@id":"https:\/\/apirosport.com\/sv\/#\/schema\/logo\/image\/","url":"https:\/\/apirosport.com\/wp-content\/uploads\/2025\/12\/Apirosport-yellow-scaled.png","contentUrl":"https:\/\/apirosport.com\/wp-content\/uploads\/2025\/12\/Apirosport-yellow-scaled.png","width":2560,"height":2278,"caption":"Apirosport"},"image":{"@id":"https:\/\/apirosport.com\/sv\/#\/schema\/logo\/image\/"}}]}},"_links":{"self":[{"href":"https:\/\/apirosport.com\/sv\/wp-json\/wp\/v2\/product\/19921","targetHints":{"allow":["GET"]}}],"collection":[{"href":"https:\/\/apirosport.com\/sv\/wp-json\/wp\/v2\/product"}],"about":[{"href":"https:\/\/apirosport.com\/sv\/wp-json\/wp\/v2\/types\/product"}],"wp:featuredmedia":[{"embeddable":true,"href":"https:\/\/apirosport.com\/sv\/wp-json\/wp\/v2\/media\/22046"}],"wp:attachment":[{"href":"https:\/\/apirosport.com\/sv\/wp-json\/wp\/v2\/media?parent=19921"}],"wp:term":[{"taxonomy":"variation","embeddable":true,"href":"https:\/\/apirosport.com\/sv\/wp-json\/wp\/v2\/variation?post=19921"},{"taxonomy":"product_brand","embeddable":true,"href":"https:\/\/apirosport.com\/sv\/wp-json\/wp\/v2\/product_brand?post=19921"},{"taxonomy":"product_cat","embeddable":true,"href":"https:\/\/apirosport.com\/sv\/wp-json\/wp\/v2\/product_cat?post=19921"},{"taxonomy":"product_tag","embeddable":true,"href":"https:\/\/apirosport.com\/sv\/wp-json\/wp\/v2\/product_tag?post=19921"}],"curies":[{"name":"wp","href":"https:\/\/api.w.org\/{rel}","templated":true}]}}