{"id":20063,"date":"2025-05-02T13:08:07","date_gmt":"2025-05-02T13:08:07","guid":{"rendered":"https:\/\/apirosport.com\/?post_type=product&#038;p=20063"},"modified":"2026-03-23T17:34:15","modified_gmt":"2026-03-23T17:34:15","slug":"belt-squat","status":"publish","type":"product","link":"https:\/\/apirosport.com\/sv\/produkt\/belt-squat\/","title":{"rendered":"LEVERAGE BELT SQUAT"},"content":{"rendered":"<p class=\"\" data-start=\"0\" data-end=\"77\">Utvecklad f\u00f6r alla idrottare, designad f\u00f6r alla utrymmen<\/p>\n<p class=\"\" data-start=\"79\" data-end=\"693\">Nautilus Belt Squat riktar in sig p\u00e5 tr\u00e4ning av ben och s\u00e4te utan att belasta nedre delen av ryggen samtidigt som den f\u00f6rb\u00e4ttrar h\u00f6ftens str\u00e4ckning och m\u00f6jligg\u00f6r trygga, effektiva tr\u00e4ningspass f\u00f6r anv\u00e4ndare i alla tr\u00e4ningsniv\u00e5er. Den halkfria, ergonomiska fotplattan \u00f6kar stabiliteten och r\u00f6relseomf\u00e5nget, medan en belastningskapacitet p\u00e5 286,5 kg och integrerad viktf\u00f6rvaring s\u00e4kerst\u00e4ller m\u00e5ngsidighet f\u00f6r b\u00e5de nyb\u00f6rjare och erfarna lyftare. Nautilus Belt Squat levererar \u00f6verl\u00e4gsen prestanda och exceptionell anv\u00e4ndarv\u00e4nlighet.<\/p>\n<p class=\"\" data-start=\"695\" data-end=\"858\"><strong data-start=\"695\" data-end=\"748\">Ut\u00f6kat r\u00f6relseomf\u00e5ng och ergonomisk justerbarhet:<\/strong> Utformad f\u00f6r att passa anv\u00e4ndare i olika l\u00e4ngder och kroppstyper utan att kompromissa med djup eller komfort.<\/p>\n<p class=\"\" data-start=\"860\" data-end=\"1063\"><strong data-start=\"860\" data-end=\"898\">1:1-viktf\u00f6rh\u00e5llande med bandf\u00e4ste:<\/strong> Ger precisionsinriktad tr\u00e4ning med skalbar motst\u00e5ndsniv\u00e5 och g\u00f6r varje lyft s\u00e5 effektivt som m\u00f6jligt.<\/p>\n<p class=\"\" data-start=\"1065\" data-end=\"1162\"><strong data-start=\"1065\" data-end=\"1098\">Halkfri ergonomisk fotplatta:<\/strong> Minskar fram\u00e5triktade ryckningar och \u00f6kar anv\u00e4ndarens trygghet.<\/p>\n<p class=\"\" data-start=\"1164\" data-end=\"1309\"><strong data-start=\"1164\" data-end=\"1227\">Integrerad viktf\u00f6rvaring och m\u00f6jlighet till utbyggnad:<\/strong> Rymmer upp till 12 viktskivor med ytterligare kapacitet f\u00f6r h\u00f6gbelastade milj\u00f6er.<\/p>\n<p class=\"\" data-start=\"1311\" data-end=\"1358\"><strong data-start=\"1311\" data-end=\"1330\">B\u00e4lte och krok:<\/strong> Ing\u00e5r till varje Belt Squat.<\/p>\n","protected":false},"excerpt":{"rendered":"<p>Utvecklad f\u00f6r alla idrottare, designad f\u00f6r alla utrymmen Nautilus Belt Squat riktar in sig p\u00e5 tr\u00e4ning av ben och s\u00e4te utan att belasta nedre delen av ryggen samtidigt som den f\u00f6rb\u00e4ttrar h\u00f6ftens str\u00e4ckning och m\u00f6jligg\u00f6r trygga, effektiva tr\u00e4ningspass f\u00f6r anv\u00e4ndare i alla tr\u00e4ningsniv\u00e5er. Den halkfria, ergonomiska fotplattan \u00f6kar stabiliteten och r\u00f6relseomf\u00e5nget, medan en belastningskapacitet p\u00e5 [&hellip;]<\/p>\n","protected":false},"featured_media":20193,"template":"","meta":{"_acf_changed":false,"inline_featured_image":false},"variation":[],"product_brand":[],"product_cat":[304,309,314],"product_tag":[308],"class_list":{"0":"post-20063","1":"product","2":"type-product","3":"status-publish","4":"has-post-thumbnail","6":"product_cat-plate-loaded","7":"product_cat-nautilus","8":"product_cat-nautilus-leverage","9":"product_tag-nautilus-strength","11":"first","12":"instock","13":"shipping-taxable","14":"purchasable","15":"product-type-simple"},"acf":[],"yoast_head":"<!-- This site is optimized with the Yoast SEO plugin v26.8 - https:\/\/yoast.com\/product\/yoast-seo-wordpress\/ -->\n<title>LEVERAGE BELT SQUAT | Apirosport<\/title>\n<meta name=\"robots\" content=\"index, follow, max-snippet:-1, max-image-preview:large, max-video-preview:-1\" \/>\n<link rel=\"canonical\" href=\"https:\/\/apirosport.com\/sv\/produkt\/belt-squat\/\" \/>\n<meta property=\"og:locale\" content=\"sv_SE\" \/>\n<meta property=\"og:type\" content=\"article\" \/>\n<meta property=\"og:title\" content=\"LEVERAGE BELT SQUAT | Apirosport\" \/>\n<meta property=\"og:description\" content=\"Utvecklad f\u00f6r alla idrottare, designad f\u00f6r alla utrymmen Nautilus Belt Squat riktar in sig p\u00e5 tr\u00e4ning av ben och s\u00e4te utan att belasta nedre delen av ryggen samtidigt som den f\u00f6rb\u00e4ttrar h\u00f6ftens str\u00e4ckning och m\u00f6jligg\u00f6r trygga, effektiva tr\u00e4ningspass f\u00f6r anv\u00e4ndare i alla tr\u00e4ningsniv\u00e5er. Den halkfria, ergonomiska fotplattan \u00f6kar stabiliteten och r\u00f6relseomf\u00e5nget, medan en belastningskapacitet p\u00e5 [&hellip;]\" \/>\n<meta property=\"og:url\" content=\"https:\/\/apirosport.com\/sv\/produkt\/belt-squat\/\" \/>\n<meta property=\"og:site_name\" content=\"Apirosport\" \/>\n<meta property=\"article:modified_time\" content=\"2026-03-23T17:34:15+00:00\" \/>\n<meta property=\"og:image\" content=\"https:\/\/apirosport.com\/wp-content\/uploads\/2025\/12\/Nautilus-plate-beltsquat-2.png\" \/>\n\t<meta property=\"og:image:width\" content=\"709\" \/>\n\t<meta property=\"og:image:height\" content=\"709\" \/>\n\t<meta property=\"og:image:type\" content=\"image\/png\" \/>\n<meta name=\"twitter:card\" content=\"summary_large_image\" \/>\n<meta name=\"twitter:title\" content=\"Apirosport\" \/>\n<meta name=\"twitter:label1\" content=\"Ber\u00e4knad l\u00e4stid\" \/>\n\t<meta name=\"twitter:data1\" content=\"1 minut\" \/>\n<script type=\"application\/ld+json\" class=\"yoast-schema-graph\">{\"@context\":\"https:\/\/schema.org\",\"@graph\":[{\"@type\":\"WebPage\",\"@id\":\"https:\/\/apirosport.com\/sv\/produkt\/belt-squat\/\",\"url\":\"https:\/\/apirosport.com\/sv\/produkt\/belt-squat\/\",\"name\":\"LEVERAGE BELT SQUAT | Apirosport\",\"isPartOf\":{\"@id\":\"https:\/\/apirosport.com\/sv\/#website\"},\"primaryImageOfPage\":{\"@id\":\"https:\/\/apirosport.com\/sv\/produkt\/belt-squat\/#primaryimage\"},\"image\":{\"@id\":\"https:\/\/apirosport.com\/sv\/produkt\/belt-squat\/#primaryimage\"},\"thumbnailUrl\":\"https:\/\/apirosport.com\/wp-content\/uploads\/2025\/12\/Nautilus-plate-beltsquat-2.png\",\"datePublished\":\"2025-05-02T13:08:07+00:00\",\"dateModified\":\"2026-03-23T17:34:15+00:00\",\"breadcrumb\":{\"@id\":\"https:\/\/apirosport.com\/sv\/produkt\/belt-squat\/#breadcrumb\"},\"inLanguage\":\"sv-SE\",\"potentialAction\":[{\"@type\":\"ReadAction\",\"target\":[\"https:\/\/apirosport.com\/sv\/produkt\/belt-squat\/\"]}]},{\"@type\":\"ImageObject\",\"inLanguage\":\"sv-SE\",\"@id\":\"https:\/\/apirosport.com\/sv\/produkt\/belt-squat\/#primaryimage\",\"url\":\"https:\/\/apirosport.com\/wp-content\/uploads\/2025\/12\/Nautilus-plate-beltsquat-2.png\",\"contentUrl\":\"https:\/\/apirosport.com\/wp-content\/uploads\/2025\/12\/Nautilus-plate-beltsquat-2.png\",\"width\":709,\"height\":709},{\"@type\":\"BreadcrumbList\",\"@id\":\"https:\/\/apirosport.com\/sv\/produkt\/belt-squat\/#breadcrumb\",\"itemListElement\":[{\"@type\":\"ListItem\",\"position\":1,\"name\":\"Home\",\"item\":\"https:\/\/apirosport.com\/sv\/\"},{\"@type\":\"ListItem\",\"position\":2,\"name\":\"Produkter\",\"item\":\"https:\/\/apirosport.com\/sv\/produkter\/\"},{\"@type\":\"ListItem\",\"position\":3,\"name\":\"LEVERAGE BELT SQUAT\"}]},{\"@type\":\"WebSite\",\"@id\":\"https:\/\/apirosport.com\/sv\/#website\",\"url\":\"https:\/\/apirosport.com\/sv\/\",\"name\":\"Apirosport\",\"description\":\"\",\"publisher\":{\"@id\":\"https:\/\/apirosport.com\/sv\/#organization\"},\"alternateName\":\"Apirosport\",\"potentialAction\":[{\"@type\":\"SearchAction\",\"target\":{\"@type\":\"EntryPoint\",\"urlTemplate\":\"https:\/\/apirosport.com\/sv\/?s={search_term_string}\"},\"query-input\":{\"@type\":\"PropertyValueSpecification\",\"valueRequired\":true,\"valueName\":\"search_term_string\"}}],\"inLanguage\":\"sv-SE\"},{\"@type\":\"Organization\",\"@id\":\"https:\/\/apirosport.com\/sv\/#organization\",\"name\":\"Apirosport\",\"alternateName\":\"Apirosport\",\"url\":\"https:\/\/apirosport.com\/sv\/\",\"logo\":{\"@type\":\"ImageObject\",\"inLanguage\":\"sv-SE\",\"@id\":\"https:\/\/apirosport.com\/sv\/#\/schema\/logo\/image\/\",\"url\":\"https:\/\/apirosport.com\/wp-content\/uploads\/2025\/12\/Apirosport-yellow-scaled.png\",\"contentUrl\":\"https:\/\/apirosport.com\/wp-content\/uploads\/2025\/12\/Apirosport-yellow-scaled.png\",\"width\":2560,\"height\":2278,\"caption\":\"Apirosport\"},\"image\":{\"@id\":\"https:\/\/apirosport.com\/sv\/#\/schema\/logo\/image\/\"}}]}<\/script>\n<!-- \/ Yoast SEO plugin. -->","yoast_head_json":{"title":"LEVERAGE BELT SQUAT | Apirosport","robots":{"index":"index","follow":"follow","max-snippet":"max-snippet:-1","max-image-preview":"max-image-preview:large","max-video-preview":"max-video-preview:-1"},"canonical":"https:\/\/apirosport.com\/sv\/produkt\/belt-squat\/","og_locale":"sv_SE","og_type":"article","og_title":"LEVERAGE BELT SQUAT | Apirosport","og_description":"Utvecklad f\u00f6r alla idrottare, designad f\u00f6r alla utrymmen Nautilus Belt Squat riktar in sig p\u00e5 tr\u00e4ning av ben och s\u00e4te utan att belasta nedre delen av ryggen samtidigt som den f\u00f6rb\u00e4ttrar h\u00f6ftens str\u00e4ckning och m\u00f6jligg\u00f6r trygga, effektiva tr\u00e4ningspass f\u00f6r anv\u00e4ndare i alla tr\u00e4ningsniv\u00e5er. Den halkfria, ergonomiska fotplattan \u00f6kar stabiliteten och r\u00f6relseomf\u00e5nget, medan en belastningskapacitet p\u00e5 [&hellip;]","og_url":"https:\/\/apirosport.com\/sv\/produkt\/belt-squat\/","og_site_name":"Apirosport","article_modified_time":"2026-03-23T17:34:15+00:00","og_image":[{"width":709,"height":709,"url":"https:\/\/apirosport.com\/wp-content\/uploads\/2025\/12\/Nautilus-plate-beltsquat-2.png","type":"image\/png"}],"twitter_card":"summary_large_image","twitter_title":"Apirosport","twitter_misc":{"Ber\u00e4knad l\u00e4stid":"1 minut"},"schema":{"@context":"https:\/\/schema.org","@graph":[{"@type":"WebPage","@id":"https:\/\/apirosport.com\/sv\/produkt\/belt-squat\/","url":"https:\/\/apirosport.com\/sv\/produkt\/belt-squat\/","name":"LEVERAGE BELT SQUAT | Apirosport","isPartOf":{"@id":"https:\/\/apirosport.com\/sv\/#website"},"primaryImageOfPage":{"@id":"https:\/\/apirosport.com\/sv\/produkt\/belt-squat\/#primaryimage"},"image":{"@id":"https:\/\/apirosport.com\/sv\/produkt\/belt-squat\/#primaryimage"},"thumbnailUrl":"https:\/\/apirosport.com\/wp-content\/uploads\/2025\/12\/Nautilus-plate-beltsquat-2.png","datePublished":"2025-05-02T13:08:07+00:00","dateModified":"2026-03-23T17:34:15+00:00","breadcrumb":{"@id":"https:\/\/apirosport.com\/sv\/produkt\/belt-squat\/#breadcrumb"},"inLanguage":"sv-SE","potentialAction":[{"@type":"ReadAction","target":["https:\/\/apirosport.com\/sv\/produkt\/belt-squat\/"]}]},{"@type":"ImageObject","inLanguage":"sv-SE","@id":"https:\/\/apirosport.com\/sv\/produkt\/belt-squat\/#primaryimage","url":"https:\/\/apirosport.com\/wp-content\/uploads\/2025\/12\/Nautilus-plate-beltsquat-2.png","contentUrl":"https:\/\/apirosport.com\/wp-content\/uploads\/2025\/12\/Nautilus-plate-beltsquat-2.png","width":709,"height":709},{"@type":"BreadcrumbList","@id":"https:\/\/apirosport.com\/sv\/produkt\/belt-squat\/#breadcrumb","itemListElement":[{"@type":"ListItem","position":1,"name":"Home","item":"https:\/\/apirosport.com\/sv\/"},{"@type":"ListItem","position":2,"name":"Produkter","item":"https:\/\/apirosport.com\/sv\/produkter\/"},{"@type":"ListItem","position":3,"name":"LEVERAGE BELT SQUAT"}]},{"@type":"WebSite","@id":"https:\/\/apirosport.com\/sv\/#website","url":"https:\/\/apirosport.com\/sv\/","name":"Apirosport","description":"","publisher":{"@id":"https:\/\/apirosport.com\/sv\/#organization"},"alternateName":"Apirosport","potentialAction":[{"@type":"SearchAction","target":{"@type":"EntryPoint","urlTemplate":"https:\/\/apirosport.com\/sv\/?s={search_term_string}"},"query-input":{"@type":"PropertyValueSpecification","valueRequired":true,"valueName":"search_term_string"}}],"inLanguage":"sv-SE"},{"@type":"Organization","@id":"https:\/\/apirosport.com\/sv\/#organization","name":"Apirosport","alternateName":"Apirosport","url":"https:\/\/apirosport.com\/sv\/","logo":{"@type":"ImageObject","inLanguage":"sv-SE","@id":"https:\/\/apirosport.com\/sv\/#\/schema\/logo\/image\/","url":"https:\/\/apirosport.com\/wp-content\/uploads\/2025\/12\/Apirosport-yellow-scaled.png","contentUrl":"https:\/\/apirosport.com\/wp-content\/uploads\/2025\/12\/Apirosport-yellow-scaled.png","width":2560,"height":2278,"caption":"Apirosport"},"image":{"@id":"https:\/\/apirosport.com\/sv\/#\/schema\/logo\/image\/"}}]}},"_links":{"self":[{"href":"https:\/\/apirosport.com\/sv\/wp-json\/wp\/v2\/product\/20063","targetHints":{"allow":["GET"]}}],"collection":[{"href":"https:\/\/apirosport.com\/sv\/wp-json\/wp\/v2\/product"}],"about":[{"href":"https:\/\/apirosport.com\/sv\/wp-json\/wp\/v2\/types\/product"}],"wp:featuredmedia":[{"embeddable":true,"href":"https:\/\/apirosport.com\/sv\/wp-json\/wp\/v2\/media\/20193"}],"wp:attachment":[{"href":"https:\/\/apirosport.com\/sv\/wp-json\/wp\/v2\/media?parent=20063"}],"wp:term":[{"taxonomy":"variation","embeddable":true,"href":"https:\/\/apirosport.com\/sv\/wp-json\/wp\/v2\/variation?post=20063"},{"taxonomy":"product_brand","embeddable":true,"href":"https:\/\/apirosport.com\/sv\/wp-json\/wp\/v2\/product_brand?post=20063"},{"taxonomy":"product_cat","embeddable":true,"href":"https:\/\/apirosport.com\/sv\/wp-json\/wp\/v2\/product_cat?post=20063"},{"taxonomy":"product_tag","embeddable":true,"href":"https:\/\/apirosport.com\/sv\/wp-json\/wp\/v2\/product_tag?post=20063"}],"curies":[{"name":"wp","href":"https:\/\/api.w.org\/{rel}","templated":true}]}}