{"id":20228,"date":"2025-09-25T13:32:39","date_gmt":"2025-09-25T13:32:39","guid":{"rendered":"https:\/\/apirosport.com\/?post_type=product&#038;p=20228"},"modified":"2026-03-23T17:33:04","modified_gmt":"2026-03-23T17:33:04","slug":"standing-calf-2","status":"publish","type":"product","link":"https:\/\/apirosport.com\/sv\/produkt\/standing-calf-2\/","title":{"rendered":"Leverage STANDING CALF"},"content":{"rendered":"<p data-start=\"74\" data-end=\"478\">Bygg styrka, storlek och definition i vaderna med \u00f6verl\u00e4gsen komfort och precision. Den b\u00f6jda fotplattan m\u00f6jligg\u00f6r djupare r\u00f6relse, sv\u00e4ngbara axelkuddar ger h\u00f6g komfort och det exakta 1:1-f\u00f6rh\u00e5llandet s\u00e4kerst\u00e4ller p\u00e5litliga resultat. Med 245 kg kapacitet och smart viktf\u00f6rvaring \u00e4r Standing Calf den ultimata l\u00f6sningen f\u00f6r alla tr\u00e4ningsanl\u00e4ggningar.<\/p>\n<ul data-start=\"851\" data-end=\"1283\">\n<li data-start=\"851\" data-end=\"939\">\n<p data-start=\"853\" data-end=\"939\"><strong data-start=\"853\" data-end=\"872\">B\u00f6jd fotplatta:<\/strong> F\u00f6rb\u00e4ttrar vadens hyperflexion och minskar trycket p\u00e5 framfoten.<\/p>\n<\/li>\n<li data-start=\"940\" data-end=\"1021\">\n<p data-start=\"942\" data-end=\"1021\"><strong data-start=\"942\" data-end=\"967\">Sv\u00e4ngbara axelkuddar:<\/strong> Ger exceptionell komfort under hela tr\u00e4ningspasset.<\/p>\n<\/li>\n<li data-start=\"1022\" data-end=\"1114\">\n<p data-start=\"1024\" data-end=\"1114\"><strong data-start=\"1024\" data-end=\"1048\">1:1 viktf\u00f6rh\u00e5llande:<\/strong> Erbjuder exakt och p\u00e5litligt motst\u00e5nd f\u00f6r konsekventa resultat.<\/p>\n<\/li>\n<li data-start=\"1115\" data-end=\"1196\">\n<p data-start=\"1117\" data-end=\"1196\"><strong data-start=\"1117\" data-end=\"1146\">Integrerad viktf\u00f6rvaring:<\/strong> H\u00e5ller vikterna organiserade och l\u00e4tt\u00e5tkomliga.<\/p>\n<\/li>\n<li data-start=\"1197\" data-end=\"1283\">\n<p data-start=\"1199\" data-end=\"1283\"><strong data-start=\"1199\" data-end=\"1224\">Viktkapacitet 245 kg:<\/strong> Byggd f\u00f6r att hantera tunga belastningar p\u00e5 alla niv\u00e5er.<\/p>\n<\/li>\n<\/ul>\n","protected":false},"excerpt":{"rendered":"<p>Bygg styrka, storlek och definition i vaderna med \u00f6verl\u00e4gsen komfort och precision. Den b\u00f6jda fotplattan m\u00f6jligg\u00f6r djupare r\u00f6relse, sv\u00e4ngbara axelkuddar ger h\u00f6g komfort och det exakta 1:1-f\u00f6rh\u00e5llandet s\u00e4kerst\u00e4ller p\u00e5litliga resultat. Med 245 kg kapacitet och smart viktf\u00f6rvaring \u00e4r Standing Calf den ultimata l\u00f6sningen f\u00f6r alla tr\u00e4ningsanl\u00e4ggningar. B\u00f6jd fotplatta: F\u00f6rb\u00e4ttrar vadens hyperflexion och minskar trycket p\u00e5 [&hellip;]<\/p>\n","protected":false},"featured_media":20229,"template":"","meta":{"_acf_changed":false,"inline_featured_image":false},"variation":[],"product_brand":[],"product_cat":[304,309,314],"product_tag":[308],"class_list":{"0":"post-20228","1":"product","2":"type-product","3":"status-publish","4":"has-post-thumbnail","6":"product_cat-plate-loaded","7":"product_cat-nautilus","8":"product_cat-nautilus-leverage","9":"product_tag-nautilus-strength","11":"first","12":"instock","13":"shipping-taxable","14":"purchasable","15":"product-type-simple"},"acf":[],"yoast_head":"<!-- This site is optimized with the Yoast SEO plugin v26.8 - https:\/\/yoast.com\/product\/yoast-seo-wordpress\/ -->\n<title>Leverage STANDING CALF | Apirosport<\/title>\n<meta name=\"robots\" content=\"index, follow, max-snippet:-1, max-image-preview:large, max-video-preview:-1\" \/>\n<link rel=\"canonical\" href=\"https:\/\/apirosport.com\/sv\/produkt\/standing-calf-2\/\" \/>\n<meta property=\"og:locale\" content=\"sv_SE\" \/>\n<meta property=\"og:type\" content=\"article\" \/>\n<meta property=\"og:title\" content=\"Leverage STANDING CALF | Apirosport\" \/>\n<meta property=\"og:description\" content=\"Bygg styrka, storlek och definition i vaderna med \u00f6verl\u00e4gsen komfort och precision. Den b\u00f6jda fotplattan m\u00f6jligg\u00f6r djupare r\u00f6relse, sv\u00e4ngbara axelkuddar ger h\u00f6g komfort och det exakta 1:1-f\u00f6rh\u00e5llandet s\u00e4kerst\u00e4ller p\u00e5litliga resultat. Med 245 kg kapacitet och smart viktf\u00f6rvaring \u00e4r Standing Calf den ultimata l\u00f6sningen f\u00f6r alla tr\u00e4ningsanl\u00e4ggningar. B\u00f6jd fotplatta: F\u00f6rb\u00e4ttrar vadens hyperflexion och minskar trycket p\u00e5 [&hellip;]\" \/>\n<meta property=\"og:url\" content=\"https:\/\/apirosport.com\/sv\/produkt\/standing-calf-2\/\" \/>\n<meta property=\"og:site_name\" content=\"Apirosport\" \/>\n<meta property=\"article:modified_time\" content=\"2026-03-23T17:33:04+00:00\" \/>\n<meta property=\"og:image\" content=\"https:\/\/apirosport.com\/wp-content\/uploads\/2025\/12\/standing-calf-2.png\" \/>\n\t<meta property=\"og:image:width\" content=\"2362\" \/>\n\t<meta property=\"og:image:height\" content=\"2362\" \/>\n\t<meta property=\"og:image:type\" content=\"image\/png\" \/>\n<meta name=\"twitter:card\" content=\"summary_large_image\" \/>\n<meta name=\"twitter:title\" content=\"Apirosport\" \/>\n<meta name=\"twitter:label1\" content=\"Ber\u00e4knad l\u00e4stid\" \/>\n\t<meta name=\"twitter:data1\" content=\"1 minut\" \/>\n<script type=\"application\/ld+json\" class=\"yoast-schema-graph\">{\"@context\":\"https:\/\/schema.org\",\"@graph\":[{\"@type\":\"WebPage\",\"@id\":\"https:\/\/apirosport.com\/sv\/produkt\/standing-calf-2\/\",\"url\":\"https:\/\/apirosport.com\/sv\/produkt\/standing-calf-2\/\",\"name\":\"Leverage STANDING CALF | Apirosport\",\"isPartOf\":{\"@id\":\"https:\/\/apirosport.com\/sv\/#website\"},\"primaryImageOfPage\":{\"@id\":\"https:\/\/apirosport.com\/sv\/produkt\/standing-calf-2\/#primaryimage\"},\"image\":{\"@id\":\"https:\/\/apirosport.com\/sv\/produkt\/standing-calf-2\/#primaryimage\"},\"thumbnailUrl\":\"https:\/\/apirosport.com\/wp-content\/uploads\/2025\/12\/standing-calf-2.png\",\"datePublished\":\"2025-09-25T13:32:39+00:00\",\"dateModified\":\"2026-03-23T17:33:04+00:00\",\"breadcrumb\":{\"@id\":\"https:\/\/apirosport.com\/sv\/produkt\/standing-calf-2\/#breadcrumb\"},\"inLanguage\":\"sv-SE\",\"potentialAction\":[{\"@type\":\"ReadAction\",\"target\":[\"https:\/\/apirosport.com\/sv\/produkt\/standing-calf-2\/\"]}]},{\"@type\":\"ImageObject\",\"inLanguage\":\"sv-SE\",\"@id\":\"https:\/\/apirosport.com\/sv\/produkt\/standing-calf-2\/#primaryimage\",\"url\":\"https:\/\/apirosport.com\/wp-content\/uploads\/2025\/12\/standing-calf-2.png\",\"contentUrl\":\"https:\/\/apirosport.com\/wp-content\/uploads\/2025\/12\/standing-calf-2.png\",\"width\":2362,\"height\":2362},{\"@type\":\"BreadcrumbList\",\"@id\":\"https:\/\/apirosport.com\/sv\/produkt\/standing-calf-2\/#breadcrumb\",\"itemListElement\":[{\"@type\":\"ListItem\",\"position\":1,\"name\":\"Home\",\"item\":\"https:\/\/apirosport.com\/sv\/\"},{\"@type\":\"ListItem\",\"position\":2,\"name\":\"Produkter\",\"item\":\"https:\/\/apirosport.com\/sv\/produkter\/\"},{\"@type\":\"ListItem\",\"position\":3,\"name\":\"Leverage STANDING CALF\"}]},{\"@type\":\"WebSite\",\"@id\":\"https:\/\/apirosport.com\/sv\/#website\",\"url\":\"https:\/\/apirosport.com\/sv\/\",\"name\":\"Apirosport\",\"description\":\"\",\"publisher\":{\"@id\":\"https:\/\/apirosport.com\/sv\/#organization\"},\"alternateName\":\"Apirosport\",\"potentialAction\":[{\"@type\":\"SearchAction\",\"target\":{\"@type\":\"EntryPoint\",\"urlTemplate\":\"https:\/\/apirosport.com\/sv\/?s={search_term_string}\"},\"query-input\":{\"@type\":\"PropertyValueSpecification\",\"valueRequired\":true,\"valueName\":\"search_term_string\"}}],\"inLanguage\":\"sv-SE\"},{\"@type\":\"Organization\",\"@id\":\"https:\/\/apirosport.com\/sv\/#organization\",\"name\":\"Apirosport\",\"alternateName\":\"Apirosport\",\"url\":\"https:\/\/apirosport.com\/sv\/\",\"logo\":{\"@type\":\"ImageObject\",\"inLanguage\":\"sv-SE\",\"@id\":\"https:\/\/apirosport.com\/sv\/#\/schema\/logo\/image\/\",\"url\":\"https:\/\/apirosport.com\/wp-content\/uploads\/2025\/12\/Apirosport-yellow-scaled.png\",\"contentUrl\":\"https:\/\/apirosport.com\/wp-content\/uploads\/2025\/12\/Apirosport-yellow-scaled.png\",\"width\":2560,\"height\":2278,\"caption\":\"Apirosport\"},\"image\":{\"@id\":\"https:\/\/apirosport.com\/sv\/#\/schema\/logo\/image\/\"}}]}<\/script>\n<!-- \/ Yoast SEO plugin. -->","yoast_head_json":{"title":"Leverage STANDING CALF | Apirosport","robots":{"index":"index","follow":"follow","max-snippet":"max-snippet:-1","max-image-preview":"max-image-preview:large","max-video-preview":"max-video-preview:-1"},"canonical":"https:\/\/apirosport.com\/sv\/produkt\/standing-calf-2\/","og_locale":"sv_SE","og_type":"article","og_title":"Leverage STANDING CALF | Apirosport","og_description":"Bygg styrka, storlek och definition i vaderna med \u00f6verl\u00e4gsen komfort och precision. Den b\u00f6jda fotplattan m\u00f6jligg\u00f6r djupare r\u00f6relse, sv\u00e4ngbara axelkuddar ger h\u00f6g komfort och det exakta 1:1-f\u00f6rh\u00e5llandet s\u00e4kerst\u00e4ller p\u00e5litliga resultat. Med 245 kg kapacitet och smart viktf\u00f6rvaring \u00e4r Standing Calf den ultimata l\u00f6sningen f\u00f6r alla tr\u00e4ningsanl\u00e4ggningar. B\u00f6jd fotplatta: F\u00f6rb\u00e4ttrar vadens hyperflexion och minskar trycket p\u00e5 [&hellip;]","og_url":"https:\/\/apirosport.com\/sv\/produkt\/standing-calf-2\/","og_site_name":"Apirosport","article_modified_time":"2026-03-23T17:33:04+00:00","og_image":[{"width":2362,"height":2362,"url":"https:\/\/apirosport.com\/wp-content\/uploads\/2025\/12\/standing-calf-2.png","type":"image\/png"}],"twitter_card":"summary_large_image","twitter_title":"Apirosport","twitter_misc":{"Ber\u00e4knad l\u00e4stid":"1 minut"},"schema":{"@context":"https:\/\/schema.org","@graph":[{"@type":"WebPage","@id":"https:\/\/apirosport.com\/sv\/produkt\/standing-calf-2\/","url":"https:\/\/apirosport.com\/sv\/produkt\/standing-calf-2\/","name":"Leverage STANDING CALF | Apirosport","isPartOf":{"@id":"https:\/\/apirosport.com\/sv\/#website"},"primaryImageOfPage":{"@id":"https:\/\/apirosport.com\/sv\/produkt\/standing-calf-2\/#primaryimage"},"image":{"@id":"https:\/\/apirosport.com\/sv\/produkt\/standing-calf-2\/#primaryimage"},"thumbnailUrl":"https:\/\/apirosport.com\/wp-content\/uploads\/2025\/12\/standing-calf-2.png","datePublished":"2025-09-25T13:32:39+00:00","dateModified":"2026-03-23T17:33:04+00:00","breadcrumb":{"@id":"https:\/\/apirosport.com\/sv\/produkt\/standing-calf-2\/#breadcrumb"},"inLanguage":"sv-SE","potentialAction":[{"@type":"ReadAction","target":["https:\/\/apirosport.com\/sv\/produkt\/standing-calf-2\/"]}]},{"@type":"ImageObject","inLanguage":"sv-SE","@id":"https:\/\/apirosport.com\/sv\/produkt\/standing-calf-2\/#primaryimage","url":"https:\/\/apirosport.com\/wp-content\/uploads\/2025\/12\/standing-calf-2.png","contentUrl":"https:\/\/apirosport.com\/wp-content\/uploads\/2025\/12\/standing-calf-2.png","width":2362,"height":2362},{"@type":"BreadcrumbList","@id":"https:\/\/apirosport.com\/sv\/produkt\/standing-calf-2\/#breadcrumb","itemListElement":[{"@type":"ListItem","position":1,"name":"Home","item":"https:\/\/apirosport.com\/sv\/"},{"@type":"ListItem","position":2,"name":"Produkter","item":"https:\/\/apirosport.com\/sv\/produkter\/"},{"@type":"ListItem","position":3,"name":"Leverage STANDING CALF"}]},{"@type":"WebSite","@id":"https:\/\/apirosport.com\/sv\/#website","url":"https:\/\/apirosport.com\/sv\/","name":"Apirosport","description":"","publisher":{"@id":"https:\/\/apirosport.com\/sv\/#organization"},"alternateName":"Apirosport","potentialAction":[{"@type":"SearchAction","target":{"@type":"EntryPoint","urlTemplate":"https:\/\/apirosport.com\/sv\/?s={search_term_string}"},"query-input":{"@type":"PropertyValueSpecification","valueRequired":true,"valueName":"search_term_string"}}],"inLanguage":"sv-SE"},{"@type":"Organization","@id":"https:\/\/apirosport.com\/sv\/#organization","name":"Apirosport","alternateName":"Apirosport","url":"https:\/\/apirosport.com\/sv\/","logo":{"@type":"ImageObject","inLanguage":"sv-SE","@id":"https:\/\/apirosport.com\/sv\/#\/schema\/logo\/image\/","url":"https:\/\/apirosport.com\/wp-content\/uploads\/2025\/12\/Apirosport-yellow-scaled.png","contentUrl":"https:\/\/apirosport.com\/wp-content\/uploads\/2025\/12\/Apirosport-yellow-scaled.png","width":2560,"height":2278,"caption":"Apirosport"},"image":{"@id":"https:\/\/apirosport.com\/sv\/#\/schema\/logo\/image\/"}}]}},"_links":{"self":[{"href":"https:\/\/apirosport.com\/sv\/wp-json\/wp\/v2\/product\/20228","targetHints":{"allow":["GET"]}}],"collection":[{"href":"https:\/\/apirosport.com\/sv\/wp-json\/wp\/v2\/product"}],"about":[{"href":"https:\/\/apirosport.com\/sv\/wp-json\/wp\/v2\/types\/product"}],"wp:featuredmedia":[{"embeddable":true,"href":"https:\/\/apirosport.com\/sv\/wp-json\/wp\/v2\/media\/20229"}],"wp:attachment":[{"href":"https:\/\/apirosport.com\/sv\/wp-json\/wp\/v2\/media?parent=20228"}],"wp:term":[{"taxonomy":"variation","embeddable":true,"href":"https:\/\/apirosport.com\/sv\/wp-json\/wp\/v2\/variation?post=20228"},{"taxonomy":"product_brand","embeddable":true,"href":"https:\/\/apirosport.com\/sv\/wp-json\/wp\/v2\/product_brand?post=20228"},{"taxonomy":"product_cat","embeddable":true,"href":"https:\/\/apirosport.com\/sv\/wp-json\/wp\/v2\/product_cat?post=20228"},{"taxonomy":"product_tag","embeddable":true,"href":"https:\/\/apirosport.com\/sv\/wp-json\/wp\/v2\/product_tag?post=20228"}],"curies":[{"name":"wp","href":"https:\/\/api.w.org\/{rel}","templated":true}]}}