{"id":20286,"date":"2025-09-29T18:35:09","date_gmt":"2025-09-29T18:35:09","guid":{"rendered":"https:\/\/apirosport.com\/?post_type=product&#038;p=20286"},"modified":"2026-02-05T14:44:39","modified_gmt":"2026-02-05T14:44:39","slug":"ulteron-tricep-v-bar","status":"publish","type":"product","link":"https:\/\/apirosport.com\/sv\/produkt\/ulteron-tricep-v-bar\/","title":{"rendered":"Ulteron Tricep V-bar"},"content":{"rendered":"<p>Ulteron V-Bar \u00e4r ett stabilt och greppv\u00e4nligt metallhandtag f\u00f6r kabelmaskiner, designat f\u00f6r h\u00e5rd anv\u00e4ndning i kommersiella gym. Den kompakta V-formen ger ett ergonomiskt grepp som m\u00f6jligg\u00f6r effektiv tr\u00e4ning av triceps, biceps och rygg. Perfekt f\u00f6r pushdowns, curls och rodd\u00f6vningar d\u00e4r du vill ha kontroll, styrka och komfort i varje repetition.<\/p>\n<p>&nbsp;<\/p>\n","protected":false},"excerpt":{"rendered":"<p>Ulteron V-Bar \u00e4r ett stabilt och greppv\u00e4nligt metallhandtag f\u00f6r kabelmaskiner, designat f\u00f6r h\u00e5rd anv\u00e4ndning i kommersiella gym. Den kompakta V-formen ger ett ergonomiskt grepp som m\u00f6jligg\u00f6r effektiv tr\u00e4ning av triceps, biceps och rygg. Perfekt f\u00f6r pushdowns, curls och rodd\u00f6vningar d\u00e4r du vill ha kontroll, styrka och komfort i varje repetition. &nbsp;<\/p>\n","protected":false},"featured_media":20287,"template":"","meta":{"_acf_changed":false,"inline_featured_image":false},"variation":[],"product_brand":[],"product_cat":[305,306],"product_tag":[64],"class_list":{"0":"post-20286","1":"product","2":"type-product","3":"status-publish","4":"has-post-thumbnail","6":"product_cat-handtag","7":"product_cat-tillbehor","8":"product_tag-ulteron","10":"first","11":"instock","12":"shipping-taxable","13":"purchasable","14":"product-type-simple"},"acf":[],"yoast_head":"<!-- This site is optimized with the Yoast SEO plugin v26.8 - https:\/\/yoast.com\/product\/yoast-seo-wordpress\/ -->\n<title>Ulteron Tricep V-bar | Apirosport<\/title>\n<meta name=\"robots\" content=\"index, follow, max-snippet:-1, max-image-preview:large, max-video-preview:-1\" \/>\n<link rel=\"canonical\" href=\"https:\/\/apirosport.com\/sv\/produkt\/ulteron-tricep-v-bar\/\" \/>\n<meta property=\"og:locale\" content=\"sv_SE\" \/>\n<meta property=\"og:type\" content=\"article\" \/>\n<meta property=\"og:title\" content=\"Ulteron Tricep V-bar | Apirosport\" \/>\n<meta property=\"og:description\" content=\"Ulteron V-Bar \u00e4r ett stabilt och greppv\u00e4nligt metallhandtag f\u00f6r kabelmaskiner, designat f\u00f6r h\u00e5rd anv\u00e4ndning i kommersiella gym. Den kompakta V-formen ger ett ergonomiskt grepp som m\u00f6jligg\u00f6r effektiv tr\u00e4ning av triceps, biceps och rygg. Perfekt f\u00f6r pushdowns, curls och rodd\u00f6vningar d\u00e4r du vill ha kontroll, styrka och komfort i varje repetition. &nbsp;\" \/>\n<meta property=\"og:url\" content=\"https:\/\/apirosport.com\/sv\/produkt\/ulteron-tricep-v-bar\/\" \/>\n<meta property=\"og:site_name\" content=\"Apirosport\" \/>\n<meta property=\"article:modified_time\" content=\"2026-02-05T14:44:39+00:00\" \/>\n<meta property=\"og:image\" content=\"https:\/\/apirosport.com\/wp-content\/uploads\/2025\/12\/Ulteron-v-bar-1-2.png\" \/>\n\t<meta property=\"og:image:width\" content=\"2362\" \/>\n\t<meta property=\"og:image:height\" content=\"2362\" \/>\n\t<meta property=\"og:image:type\" content=\"image\/png\" \/>\n<meta name=\"twitter:card\" content=\"summary_large_image\" \/>\n<meta name=\"twitter:title\" content=\"Apirosport\" \/>\n<script type=\"application\/ld+json\" class=\"yoast-schema-graph\">{\"@context\":\"https:\/\/schema.org\",\"@graph\":[{\"@type\":\"WebPage\",\"@id\":\"https:\/\/apirosport.com\/sv\/produkt\/ulteron-tricep-v-bar\/\",\"url\":\"https:\/\/apirosport.com\/sv\/produkt\/ulteron-tricep-v-bar\/\",\"name\":\"Ulteron Tricep V-bar | Apirosport\",\"isPartOf\":{\"@id\":\"https:\/\/apirosport.com\/sv\/#website\"},\"primaryImageOfPage\":{\"@id\":\"https:\/\/apirosport.com\/sv\/produkt\/ulteron-tricep-v-bar\/#primaryimage\"},\"image\":{\"@id\":\"https:\/\/apirosport.com\/sv\/produkt\/ulteron-tricep-v-bar\/#primaryimage\"},\"thumbnailUrl\":\"https:\/\/apirosport.com\/wp-content\/uploads\/2025\/12\/Ulteron-v-bar-1-2.png\",\"datePublished\":\"2025-09-29T18:35:09+00:00\",\"dateModified\":\"2026-02-05T14:44:39+00:00\",\"breadcrumb\":{\"@id\":\"https:\/\/apirosport.com\/sv\/produkt\/ulteron-tricep-v-bar\/#breadcrumb\"},\"inLanguage\":\"sv-SE\",\"potentialAction\":[{\"@type\":\"ReadAction\",\"target\":[\"https:\/\/apirosport.com\/sv\/produkt\/ulteron-tricep-v-bar\/\"]}]},{\"@type\":\"ImageObject\",\"inLanguage\":\"sv-SE\",\"@id\":\"https:\/\/apirosport.com\/sv\/produkt\/ulteron-tricep-v-bar\/#primaryimage\",\"url\":\"https:\/\/apirosport.com\/wp-content\/uploads\/2025\/12\/Ulteron-v-bar-1-2.png\",\"contentUrl\":\"https:\/\/apirosport.com\/wp-content\/uploads\/2025\/12\/Ulteron-v-bar-1-2.png\",\"width\":2362,\"height\":2362},{\"@type\":\"BreadcrumbList\",\"@id\":\"https:\/\/apirosport.com\/sv\/produkt\/ulteron-tricep-v-bar\/#breadcrumb\",\"itemListElement\":[{\"@type\":\"ListItem\",\"position\":1,\"name\":\"Home\",\"item\":\"https:\/\/apirosport.com\/sv\/\"},{\"@type\":\"ListItem\",\"position\":2,\"name\":\"Produkter\",\"item\":\"https:\/\/apirosport.com\/sv\/produkter\/\"},{\"@type\":\"ListItem\",\"position\":3,\"name\":\"Ulteron Tricep V-bar\"}]},{\"@type\":\"WebSite\",\"@id\":\"https:\/\/apirosport.com\/sv\/#website\",\"url\":\"https:\/\/apirosport.com\/sv\/\",\"name\":\"Apirosport\",\"description\":\"\",\"publisher\":{\"@id\":\"https:\/\/apirosport.com\/sv\/#organization\"},\"alternateName\":\"Apirosport\",\"potentialAction\":[{\"@type\":\"SearchAction\",\"target\":{\"@type\":\"EntryPoint\",\"urlTemplate\":\"https:\/\/apirosport.com\/sv\/?s={search_term_string}\"},\"query-input\":{\"@type\":\"PropertyValueSpecification\",\"valueRequired\":true,\"valueName\":\"search_term_string\"}}],\"inLanguage\":\"sv-SE\"},{\"@type\":\"Organization\",\"@id\":\"https:\/\/apirosport.com\/sv\/#organization\",\"name\":\"Apirosport\",\"alternateName\":\"Apirosport\",\"url\":\"https:\/\/apirosport.com\/sv\/\",\"logo\":{\"@type\":\"ImageObject\",\"inLanguage\":\"sv-SE\",\"@id\":\"https:\/\/apirosport.com\/sv\/#\/schema\/logo\/image\/\",\"url\":\"https:\/\/apirosport.com\/wp-content\/uploads\/2025\/12\/Apirosport-yellow-scaled.png\",\"contentUrl\":\"https:\/\/apirosport.com\/wp-content\/uploads\/2025\/12\/Apirosport-yellow-scaled.png\",\"width\":2560,\"height\":2278,\"caption\":\"Apirosport\"},\"image\":{\"@id\":\"https:\/\/apirosport.com\/sv\/#\/schema\/logo\/image\/\"}}]}<\/script>\n<!-- \/ Yoast SEO plugin. -->","yoast_head_json":{"title":"Ulteron Tricep V-bar | Apirosport","robots":{"index":"index","follow":"follow","max-snippet":"max-snippet:-1","max-image-preview":"max-image-preview:large","max-video-preview":"max-video-preview:-1"},"canonical":"https:\/\/apirosport.com\/sv\/produkt\/ulteron-tricep-v-bar\/","og_locale":"sv_SE","og_type":"article","og_title":"Ulteron Tricep V-bar | Apirosport","og_description":"Ulteron V-Bar \u00e4r ett stabilt och greppv\u00e4nligt metallhandtag f\u00f6r kabelmaskiner, designat f\u00f6r h\u00e5rd anv\u00e4ndning i kommersiella gym. Den kompakta V-formen ger ett ergonomiskt grepp som m\u00f6jligg\u00f6r effektiv tr\u00e4ning av triceps, biceps och rygg. Perfekt f\u00f6r pushdowns, curls och rodd\u00f6vningar d\u00e4r du vill ha kontroll, styrka och komfort i varje repetition. &nbsp;","og_url":"https:\/\/apirosport.com\/sv\/produkt\/ulteron-tricep-v-bar\/","og_site_name":"Apirosport","article_modified_time":"2026-02-05T14:44:39+00:00","og_image":[{"width":2362,"height":2362,"url":"https:\/\/apirosport.com\/wp-content\/uploads\/2025\/12\/Ulteron-v-bar-1-2.png","type":"image\/png"}],"twitter_card":"summary_large_image","twitter_title":"Apirosport","schema":{"@context":"https:\/\/schema.org","@graph":[{"@type":"WebPage","@id":"https:\/\/apirosport.com\/sv\/produkt\/ulteron-tricep-v-bar\/","url":"https:\/\/apirosport.com\/sv\/produkt\/ulteron-tricep-v-bar\/","name":"Ulteron Tricep V-bar | Apirosport","isPartOf":{"@id":"https:\/\/apirosport.com\/sv\/#website"},"primaryImageOfPage":{"@id":"https:\/\/apirosport.com\/sv\/produkt\/ulteron-tricep-v-bar\/#primaryimage"},"image":{"@id":"https:\/\/apirosport.com\/sv\/produkt\/ulteron-tricep-v-bar\/#primaryimage"},"thumbnailUrl":"https:\/\/apirosport.com\/wp-content\/uploads\/2025\/12\/Ulteron-v-bar-1-2.png","datePublished":"2025-09-29T18:35:09+00:00","dateModified":"2026-02-05T14:44:39+00:00","breadcrumb":{"@id":"https:\/\/apirosport.com\/sv\/produkt\/ulteron-tricep-v-bar\/#breadcrumb"},"inLanguage":"sv-SE","potentialAction":[{"@type":"ReadAction","target":["https:\/\/apirosport.com\/sv\/produkt\/ulteron-tricep-v-bar\/"]}]},{"@type":"ImageObject","inLanguage":"sv-SE","@id":"https:\/\/apirosport.com\/sv\/produkt\/ulteron-tricep-v-bar\/#primaryimage","url":"https:\/\/apirosport.com\/wp-content\/uploads\/2025\/12\/Ulteron-v-bar-1-2.png","contentUrl":"https:\/\/apirosport.com\/wp-content\/uploads\/2025\/12\/Ulteron-v-bar-1-2.png","width":2362,"height":2362},{"@type":"BreadcrumbList","@id":"https:\/\/apirosport.com\/sv\/produkt\/ulteron-tricep-v-bar\/#breadcrumb","itemListElement":[{"@type":"ListItem","position":1,"name":"Home","item":"https:\/\/apirosport.com\/sv\/"},{"@type":"ListItem","position":2,"name":"Produkter","item":"https:\/\/apirosport.com\/sv\/produkter\/"},{"@type":"ListItem","position":3,"name":"Ulteron Tricep V-bar"}]},{"@type":"WebSite","@id":"https:\/\/apirosport.com\/sv\/#website","url":"https:\/\/apirosport.com\/sv\/","name":"Apirosport","description":"","publisher":{"@id":"https:\/\/apirosport.com\/sv\/#organization"},"alternateName":"Apirosport","potentialAction":[{"@type":"SearchAction","target":{"@type":"EntryPoint","urlTemplate":"https:\/\/apirosport.com\/sv\/?s={search_term_string}"},"query-input":{"@type":"PropertyValueSpecification","valueRequired":true,"valueName":"search_term_string"}}],"inLanguage":"sv-SE"},{"@type":"Organization","@id":"https:\/\/apirosport.com\/sv\/#organization","name":"Apirosport","alternateName":"Apirosport","url":"https:\/\/apirosport.com\/sv\/","logo":{"@type":"ImageObject","inLanguage":"sv-SE","@id":"https:\/\/apirosport.com\/sv\/#\/schema\/logo\/image\/","url":"https:\/\/apirosport.com\/wp-content\/uploads\/2025\/12\/Apirosport-yellow-scaled.png","contentUrl":"https:\/\/apirosport.com\/wp-content\/uploads\/2025\/12\/Apirosport-yellow-scaled.png","width":2560,"height":2278,"caption":"Apirosport"},"image":{"@id":"https:\/\/apirosport.com\/sv\/#\/schema\/logo\/image\/"}}]}},"_links":{"self":[{"href":"https:\/\/apirosport.com\/sv\/wp-json\/wp\/v2\/product\/20286","targetHints":{"allow":["GET"]}}],"collection":[{"href":"https:\/\/apirosport.com\/sv\/wp-json\/wp\/v2\/product"}],"about":[{"href":"https:\/\/apirosport.com\/sv\/wp-json\/wp\/v2\/types\/product"}],"wp:featuredmedia":[{"embeddable":true,"href":"https:\/\/apirosport.com\/sv\/wp-json\/wp\/v2\/media\/20287"}],"wp:attachment":[{"href":"https:\/\/apirosport.com\/sv\/wp-json\/wp\/v2\/media?parent=20286"}],"wp:term":[{"taxonomy":"variation","embeddable":true,"href":"https:\/\/apirosport.com\/sv\/wp-json\/wp\/v2\/variation?post=20286"},{"taxonomy":"product_brand","embeddable":true,"href":"https:\/\/apirosport.com\/sv\/wp-json\/wp\/v2\/product_brand?post=20286"},{"taxonomy":"product_cat","embeddable":true,"href":"https:\/\/apirosport.com\/sv\/wp-json\/wp\/v2\/product_cat?post=20286"},{"taxonomy":"product_tag","embeddable":true,"href":"https:\/\/apirosport.com\/sv\/wp-json\/wp\/v2\/product_tag?post=20286"}],"curies":[{"name":"wp","href":"https:\/\/api.w.org\/{rel}","templated":true}]}}