{"id":20288,"date":"2025-09-29T18:39:30","date_gmt":"2025-09-29T18:39:30","guid":{"rendered":"https:\/\/apirosport.com\/?post_type=product&#038;p=20288"},"modified":"2026-02-05T14:44:01","modified_gmt":"2026-02-05T14:44:01","slug":"ulteron-triceps-bar","status":"publish","type":"product","link":"https:\/\/apirosport.com\/sv\/produkt\/ulteron-triceps-bar\/","title":{"rendered":"Ulteron Triceps Bar"},"content":{"rendered":"<p>Ulteron Tricep Bar \u00e4r ett slitstarkt och greppv\u00e4nligt handtag f\u00f6r kabelmaskiner, speciellt utformat f\u00f6r effektiv tr\u00e4ning av triceps. Den raka st\u00e5ngen ger stabilitet och kontroll vid pushdowns, curls och andra press- och drag\u00f6vningar. Perfekt f\u00f6r kommersiella gym som kr\u00e4ver b\u00e5de h\u00e5llbarhet och komfort.<\/p>\n<p>&nbsp;<\/p>\n","protected":false},"excerpt":{"rendered":"<p>Ulteron Tricep Bar \u00e4r ett slitstarkt och greppv\u00e4nligt handtag f\u00f6r kabelmaskiner, speciellt utformat f\u00f6r effektiv tr\u00e4ning av triceps. Den raka st\u00e5ngen ger stabilitet och kontroll vid pushdowns, curls och andra press- och drag\u00f6vningar. Perfekt f\u00f6r kommersiella gym som kr\u00e4ver b\u00e5de h\u00e5llbarhet och komfort. &nbsp;<\/p>\n","protected":false},"featured_media":20289,"template":"","meta":{"_acf_changed":false,"inline_featured_image":false},"variation":[],"product_brand":[],"product_cat":[305,306],"product_tag":[64],"class_list":{"0":"post-20288","1":"product","2":"type-product","3":"status-publish","4":"has-post-thumbnail","6":"product_cat-handtag","7":"product_cat-tillbehor","8":"product_tag-ulteron","10":"first","11":"instock","12":"shipping-taxable","13":"purchasable","14":"product-type-simple"},"acf":[],"yoast_head":"<!-- This site is optimized with the Yoast SEO plugin v26.8 - https:\/\/yoast.com\/product\/yoast-seo-wordpress\/ -->\n<title>Ulteron Triceps Bar | Apirosport<\/title>\n<meta name=\"robots\" content=\"index, follow, max-snippet:-1, max-image-preview:large, max-video-preview:-1\" \/>\n<link rel=\"canonical\" href=\"https:\/\/apirosport.com\/sv\/produkt\/ulteron-triceps-bar\/\" \/>\n<meta property=\"og:locale\" content=\"sv_SE\" \/>\n<meta property=\"og:type\" content=\"article\" \/>\n<meta property=\"og:title\" content=\"Ulteron Triceps Bar | Apirosport\" \/>\n<meta property=\"og:description\" content=\"Ulteron Tricep Bar \u00e4r ett slitstarkt och greppv\u00e4nligt handtag f\u00f6r kabelmaskiner, speciellt utformat f\u00f6r effektiv tr\u00e4ning av triceps. Den raka st\u00e5ngen ger stabilitet och kontroll vid pushdowns, curls och andra press- och drag\u00f6vningar. Perfekt f\u00f6r kommersiella gym som kr\u00e4ver b\u00e5de h\u00e5llbarhet och komfort. &nbsp;\" \/>\n<meta property=\"og:url\" content=\"https:\/\/apirosport.com\/sv\/produkt\/ulteron-triceps-bar\/\" \/>\n<meta property=\"og:site_name\" content=\"Apirosport\" \/>\n<meta property=\"article:modified_time\" content=\"2026-02-05T14:44:01+00:00\" \/>\n<meta property=\"og:image\" content=\"https:\/\/apirosport.com\/wp-content\/uploads\/2025\/12\/Ulteron-tricep-bar-2.png\" \/>\n\t<meta property=\"og:image:width\" content=\"2362\" \/>\n\t<meta property=\"og:image:height\" content=\"2362\" \/>\n\t<meta property=\"og:image:type\" content=\"image\/png\" \/>\n<meta name=\"twitter:card\" content=\"summary_large_image\" \/>\n<meta name=\"twitter:title\" content=\"Apirosport\" \/>\n<script type=\"application\/ld+json\" class=\"yoast-schema-graph\">{\"@context\":\"https:\/\/schema.org\",\"@graph\":[{\"@type\":\"WebPage\",\"@id\":\"https:\/\/apirosport.com\/sv\/produkt\/ulteron-triceps-bar\/\",\"url\":\"https:\/\/apirosport.com\/sv\/produkt\/ulteron-triceps-bar\/\",\"name\":\"Ulteron Triceps Bar | Apirosport\",\"isPartOf\":{\"@id\":\"https:\/\/apirosport.com\/sv\/#website\"},\"primaryImageOfPage\":{\"@id\":\"https:\/\/apirosport.com\/sv\/produkt\/ulteron-triceps-bar\/#primaryimage\"},\"image\":{\"@id\":\"https:\/\/apirosport.com\/sv\/produkt\/ulteron-triceps-bar\/#primaryimage\"},\"thumbnailUrl\":\"https:\/\/apirosport.com\/wp-content\/uploads\/2025\/12\/Ulteron-tricep-bar-2.png\",\"datePublished\":\"2025-09-29T18:39:30+00:00\",\"dateModified\":\"2026-02-05T14:44:01+00:00\",\"breadcrumb\":{\"@id\":\"https:\/\/apirosport.com\/sv\/produkt\/ulteron-triceps-bar\/#breadcrumb\"},\"inLanguage\":\"sv-SE\",\"potentialAction\":[{\"@type\":\"ReadAction\",\"target\":[\"https:\/\/apirosport.com\/sv\/produkt\/ulteron-triceps-bar\/\"]}]},{\"@type\":\"ImageObject\",\"inLanguage\":\"sv-SE\",\"@id\":\"https:\/\/apirosport.com\/sv\/produkt\/ulteron-triceps-bar\/#primaryimage\",\"url\":\"https:\/\/apirosport.com\/wp-content\/uploads\/2025\/12\/Ulteron-tricep-bar-2.png\",\"contentUrl\":\"https:\/\/apirosport.com\/wp-content\/uploads\/2025\/12\/Ulteron-tricep-bar-2.png\",\"width\":2362,\"height\":2362},{\"@type\":\"BreadcrumbList\",\"@id\":\"https:\/\/apirosport.com\/sv\/produkt\/ulteron-triceps-bar\/#breadcrumb\",\"itemListElement\":[{\"@type\":\"ListItem\",\"position\":1,\"name\":\"Home\",\"item\":\"https:\/\/apirosport.com\/sv\/\"},{\"@type\":\"ListItem\",\"position\":2,\"name\":\"Butik\",\"item\":\"https:\/\/apirosport.com\/products\/\"},{\"@type\":\"ListItem\",\"position\":3,\"name\":\"Ulteron Triceps Bar\"}]},{\"@type\":\"WebSite\",\"@id\":\"https:\/\/apirosport.com\/sv\/#website\",\"url\":\"https:\/\/apirosport.com\/sv\/\",\"name\":\"Apirosport\",\"description\":\"\",\"publisher\":{\"@id\":\"https:\/\/apirosport.com\/sv\/#organization\"},\"alternateName\":\"Apirosport\",\"potentialAction\":[{\"@type\":\"SearchAction\",\"target\":{\"@type\":\"EntryPoint\",\"urlTemplate\":\"https:\/\/apirosport.com\/sv\/?s={search_term_string}\"},\"query-input\":{\"@type\":\"PropertyValueSpecification\",\"valueRequired\":true,\"valueName\":\"search_term_string\"}}],\"inLanguage\":\"sv-SE\"},{\"@type\":\"Organization\",\"@id\":\"https:\/\/apirosport.com\/sv\/#organization\",\"name\":\"Apirosport\",\"alternateName\":\"Apirosport\",\"url\":\"https:\/\/apirosport.com\/sv\/\",\"logo\":{\"@type\":\"ImageObject\",\"inLanguage\":\"sv-SE\",\"@id\":\"https:\/\/apirosport.com\/sv\/#\/schema\/logo\/image\/\",\"url\":\"https:\/\/apirosport.com\/wp-content\/uploads\/2025\/12\/Apirosport-yellow-scaled.png\",\"contentUrl\":\"https:\/\/apirosport.com\/wp-content\/uploads\/2025\/12\/Apirosport-yellow-scaled.png\",\"width\":2560,\"height\":2278,\"caption\":\"Apirosport\"},\"image\":{\"@id\":\"https:\/\/apirosport.com\/sv\/#\/schema\/logo\/image\/\"}}]}<\/script>\n<!-- \/ Yoast SEO plugin. -->","yoast_head_json":{"title":"Ulteron Triceps Bar | Apirosport","robots":{"index":"index","follow":"follow","max-snippet":"max-snippet:-1","max-image-preview":"max-image-preview:large","max-video-preview":"max-video-preview:-1"},"canonical":"https:\/\/apirosport.com\/sv\/produkt\/ulteron-triceps-bar\/","og_locale":"sv_SE","og_type":"article","og_title":"Ulteron Triceps Bar | Apirosport","og_description":"Ulteron Tricep Bar \u00e4r ett slitstarkt och greppv\u00e4nligt handtag f\u00f6r kabelmaskiner, speciellt utformat f\u00f6r effektiv tr\u00e4ning av triceps. Den raka st\u00e5ngen ger stabilitet och kontroll vid pushdowns, curls och andra press- och drag\u00f6vningar. Perfekt f\u00f6r kommersiella gym som kr\u00e4ver b\u00e5de h\u00e5llbarhet och komfort. &nbsp;","og_url":"https:\/\/apirosport.com\/sv\/produkt\/ulteron-triceps-bar\/","og_site_name":"Apirosport","article_modified_time":"2026-02-05T14:44:01+00:00","og_image":[{"width":2362,"height":2362,"url":"https:\/\/apirosport.com\/wp-content\/uploads\/2025\/12\/Ulteron-tricep-bar-2.png","type":"image\/png"}],"twitter_card":"summary_large_image","twitter_title":"Apirosport","schema":{"@context":"https:\/\/schema.org","@graph":[{"@type":"WebPage","@id":"https:\/\/apirosport.com\/sv\/produkt\/ulteron-triceps-bar\/","url":"https:\/\/apirosport.com\/sv\/produkt\/ulteron-triceps-bar\/","name":"Ulteron Triceps Bar | Apirosport","isPartOf":{"@id":"https:\/\/apirosport.com\/sv\/#website"},"primaryImageOfPage":{"@id":"https:\/\/apirosport.com\/sv\/produkt\/ulteron-triceps-bar\/#primaryimage"},"image":{"@id":"https:\/\/apirosport.com\/sv\/produkt\/ulteron-triceps-bar\/#primaryimage"},"thumbnailUrl":"https:\/\/apirosport.com\/wp-content\/uploads\/2025\/12\/Ulteron-tricep-bar-2.png","datePublished":"2025-09-29T18:39:30+00:00","dateModified":"2026-02-05T14:44:01+00:00","breadcrumb":{"@id":"https:\/\/apirosport.com\/sv\/produkt\/ulteron-triceps-bar\/#breadcrumb"},"inLanguage":"sv-SE","potentialAction":[{"@type":"ReadAction","target":["https:\/\/apirosport.com\/sv\/produkt\/ulteron-triceps-bar\/"]}]},{"@type":"ImageObject","inLanguage":"sv-SE","@id":"https:\/\/apirosport.com\/sv\/produkt\/ulteron-triceps-bar\/#primaryimage","url":"https:\/\/apirosport.com\/wp-content\/uploads\/2025\/12\/Ulteron-tricep-bar-2.png","contentUrl":"https:\/\/apirosport.com\/wp-content\/uploads\/2025\/12\/Ulteron-tricep-bar-2.png","width":2362,"height":2362},{"@type":"BreadcrumbList","@id":"https:\/\/apirosport.com\/sv\/produkt\/ulteron-triceps-bar\/#breadcrumb","itemListElement":[{"@type":"ListItem","position":1,"name":"Home","item":"https:\/\/apirosport.com\/sv\/"},{"@type":"ListItem","position":2,"name":"Butik","item":"https:\/\/apirosport.com\/products\/"},{"@type":"ListItem","position":3,"name":"Ulteron Triceps Bar"}]},{"@type":"WebSite","@id":"https:\/\/apirosport.com\/sv\/#website","url":"https:\/\/apirosport.com\/sv\/","name":"Apirosport","description":"","publisher":{"@id":"https:\/\/apirosport.com\/sv\/#organization"},"alternateName":"Apirosport","potentialAction":[{"@type":"SearchAction","target":{"@type":"EntryPoint","urlTemplate":"https:\/\/apirosport.com\/sv\/?s={search_term_string}"},"query-input":{"@type":"PropertyValueSpecification","valueRequired":true,"valueName":"search_term_string"}}],"inLanguage":"sv-SE"},{"@type":"Organization","@id":"https:\/\/apirosport.com\/sv\/#organization","name":"Apirosport","alternateName":"Apirosport","url":"https:\/\/apirosport.com\/sv\/","logo":{"@type":"ImageObject","inLanguage":"sv-SE","@id":"https:\/\/apirosport.com\/sv\/#\/schema\/logo\/image\/","url":"https:\/\/apirosport.com\/wp-content\/uploads\/2025\/12\/Apirosport-yellow-scaled.png","contentUrl":"https:\/\/apirosport.com\/wp-content\/uploads\/2025\/12\/Apirosport-yellow-scaled.png","width":2560,"height":2278,"caption":"Apirosport"},"image":{"@id":"https:\/\/apirosport.com\/sv\/#\/schema\/logo\/image\/"}}]}},"_links":{"self":[{"href":"https:\/\/apirosport.com\/sv\/wp-json\/wp\/v2\/product\/20288","targetHints":{"allow":["GET"]}}],"collection":[{"href":"https:\/\/apirosport.com\/sv\/wp-json\/wp\/v2\/product"}],"about":[{"href":"https:\/\/apirosport.com\/sv\/wp-json\/wp\/v2\/types\/product"}],"wp:featuredmedia":[{"embeddable":true,"href":"https:\/\/apirosport.com\/sv\/wp-json\/wp\/v2\/media\/20289"}],"wp:attachment":[{"href":"https:\/\/apirosport.com\/sv\/wp-json\/wp\/v2\/media?parent=20288"}],"wp:term":[{"taxonomy":"variation","embeddable":true,"href":"https:\/\/apirosport.com\/sv\/wp-json\/wp\/v2\/variation?post=20288"},{"taxonomy":"product_brand","embeddable":true,"href":"https:\/\/apirosport.com\/sv\/wp-json\/wp\/v2\/product_brand?post=20288"},{"taxonomy":"product_cat","embeddable":true,"href":"https:\/\/apirosport.com\/sv\/wp-json\/wp\/v2\/product_cat?post=20288"},{"taxonomy":"product_tag","embeddable":true,"href":"https:\/\/apirosport.com\/sv\/wp-json\/wp\/v2\/product_tag?post=20288"}],"curies":[{"name":"wp","href":"https:\/\/api.w.org\/{rel}","templated":true}]}}