{"id":20419,"date":"2025-11-10T15:09:54","date_gmt":"2025-11-10T15:09:54","guid":{"rendered":"https:\/\/apirosport.com\/?post_type=product&#038;p=20419"},"modified":"2026-03-31T08:07:59","modified_gmt":"2026-03-31T08:07:59","slug":"ulteron-chrome-dumbbells","status":"publish","type":"product","link":"https:\/\/apirosport.com\/sv\/produkt\/ulteron-chrome-dumbbells\/","title":{"rendered":"Ulteron Chrome Dumbbells"},"content":{"rendered":"<p data-start=\"274\" data-end=\"619\"><strong data-start=\"274\" data-end=\"314\">Elegant design m\u00f6ter h\u00e5llbar styrka.<\/strong><br data-start=\"314\" data-end=\"317\" \/>Ulteron Chrome Dumbbells \u00e4r tillverkade i st\u00e5l med en polerad kromfinish som ger b\u00e5de stil och prestanda. Den ergonomiska, r\u00e4fflade greppytan ger s\u00e4kert grepp under hela tr\u00e4ningspasset. Perfekt f\u00f6r kommersiella gym som vill kombinera funktion och exklusiv estetik.<\/p>\n<p data-start=\"621\" data-end=\"733\">\n","protected":false},"excerpt":{"rendered":"<p>Elegant design m\u00f6ter h\u00e5llbar styrka.Ulteron Chrome Dumbbells \u00e4r tillverkade i st\u00e5l med en polerad kromfinish som ger b\u00e5de stil och prestanda. Den ergonomiska, r\u00e4fflade greppytan ger s\u00e4kert grepp under hela tr\u00e4ningspasset. Perfekt f\u00f6r kommersiella gym som vill kombinera funktion och exklusiv estetik.<\/p>\n","protected":false},"featured_media":20420,"template":"","meta":{"_acf_changed":false,"inline_featured_image":false},"variation":[],"product_brand":[],"product_cat":[93,289,315],"product_tag":[64],"class_list":{"0":"post-20419","1":"product","2":"type-product","3":"status-publish","4":"has-post-thumbnail","6":"product_cat-fria-vikter","7":"product_cat-hantlar","8":"product_cat-ulteron","9":"product_tag-ulteron","11":"first","12":"instock","13":"shipping-taxable","14":"purchasable","15":"product-type-variable","16":"has-default-attributes"},"acf":[],"yoast_head":"<!-- This site is optimized with the Yoast SEO plugin v26.8 - https:\/\/yoast.com\/product\/yoast-seo-wordpress\/ -->\n<title>Ulteron Chrome Dumbbells | Apirosport<\/title>\n<meta name=\"robots\" content=\"index, follow, max-snippet:-1, max-image-preview:large, max-video-preview:-1\" \/>\n<link rel=\"canonical\" href=\"https:\/\/apirosport.com\/sv\/produkt\/ulteron-chrome-dumbbells\/\" \/>\n<meta property=\"og:locale\" content=\"sv_SE\" \/>\n<meta property=\"og:type\" content=\"article\" \/>\n<meta property=\"og:title\" content=\"Ulteron Chrome Dumbbells | Apirosport\" \/>\n<meta property=\"og:description\" content=\"Elegant design m\u00f6ter h\u00e5llbar styrka.Ulteron Chrome Dumbbells \u00e4r tillverkade i st\u00e5l med en polerad kromfinish som ger b\u00e5de stil och prestanda. Den ergonomiska, r\u00e4fflade greppytan ger s\u00e4kert grepp under hela tr\u00e4ningspasset. Perfekt f\u00f6r kommersiella gym som vill kombinera funktion och exklusiv estetik.\" \/>\n<meta property=\"og:url\" content=\"https:\/\/apirosport.com\/sv\/produkt\/ulteron-chrome-dumbbells\/\" \/>\n<meta property=\"og:site_name\" content=\"Apirosport\" \/>\n<meta property=\"article:modified_time\" content=\"2026-03-31T08:07:59+00:00\" \/>\n<meta property=\"og:image\" content=\"https:\/\/apirosport.com\/wp-content\/uploads\/2025\/12\/chrome-dumbbels-2.png\" \/>\n\t<meta property=\"og:image:width\" content=\"2362\" \/>\n\t<meta property=\"og:image:height\" content=\"2362\" \/>\n\t<meta property=\"og:image:type\" content=\"image\/png\" \/>\n<meta name=\"twitter:card\" content=\"summary_large_image\" \/>\n<meta name=\"twitter:title\" content=\"Apirosport\" \/>\n<meta name=\"twitter:label1\" content=\"Ber\u00e4knad l\u00e4stid\" \/>\n\t<meta name=\"twitter:data1\" content=\"1 minut\" \/>\n<script type=\"application\/ld+json\" class=\"yoast-schema-graph\">{\"@context\":\"https:\/\/schema.org\",\"@graph\":[{\"@type\":\"WebPage\",\"@id\":\"https:\/\/apirosport.com\/sv\/produkt\/ulteron-chrome-dumbbells\/\",\"url\":\"https:\/\/apirosport.com\/sv\/produkt\/ulteron-chrome-dumbbells\/\",\"name\":\"Ulteron Chrome Dumbbells | Apirosport\",\"isPartOf\":{\"@id\":\"https:\/\/apirosport.com\/sv\/#website\"},\"primaryImageOfPage\":{\"@id\":\"https:\/\/apirosport.com\/sv\/produkt\/ulteron-chrome-dumbbells\/#primaryimage\"},\"image\":{\"@id\":\"https:\/\/apirosport.com\/sv\/produkt\/ulteron-chrome-dumbbells\/#primaryimage\"},\"thumbnailUrl\":\"https:\/\/apirosport.com\/wp-content\/uploads\/2025\/12\/chrome-dumbbels-2.png\",\"datePublished\":\"2025-11-10T15:09:54+00:00\",\"dateModified\":\"2026-03-31T08:07:59+00:00\",\"breadcrumb\":{\"@id\":\"https:\/\/apirosport.com\/sv\/produkt\/ulteron-chrome-dumbbells\/#breadcrumb\"},\"inLanguage\":\"sv-SE\",\"potentialAction\":[{\"@type\":\"ReadAction\",\"target\":[\"https:\/\/apirosport.com\/sv\/produkt\/ulteron-chrome-dumbbells\/\"]}]},{\"@type\":\"ImageObject\",\"inLanguage\":\"sv-SE\",\"@id\":\"https:\/\/apirosport.com\/sv\/produkt\/ulteron-chrome-dumbbells\/#primaryimage\",\"url\":\"https:\/\/apirosport.com\/wp-content\/uploads\/2025\/12\/chrome-dumbbels-2.png\",\"contentUrl\":\"https:\/\/apirosport.com\/wp-content\/uploads\/2025\/12\/chrome-dumbbels-2.png\",\"width\":2362,\"height\":2362},{\"@type\":\"BreadcrumbList\",\"@id\":\"https:\/\/apirosport.com\/sv\/produkt\/ulteron-chrome-dumbbells\/#breadcrumb\",\"itemListElement\":[{\"@type\":\"ListItem\",\"position\":1,\"name\":\"Home\",\"item\":\"https:\/\/apirosport.com\/sv\/\"},{\"@type\":\"ListItem\",\"position\":2,\"name\":\"Produkter\",\"item\":\"https:\/\/apirosport.com\/sv\/produkter\/\"},{\"@type\":\"ListItem\",\"position\":3,\"name\":\"Ulteron Chrome Dumbbells\"}]},{\"@type\":\"WebSite\",\"@id\":\"https:\/\/apirosport.com\/sv\/#website\",\"url\":\"https:\/\/apirosport.com\/sv\/\",\"name\":\"Apirosport\",\"description\":\"\",\"publisher\":{\"@id\":\"https:\/\/apirosport.com\/sv\/#organization\"},\"alternateName\":\"Apirosport\",\"potentialAction\":[{\"@type\":\"SearchAction\",\"target\":{\"@type\":\"EntryPoint\",\"urlTemplate\":\"https:\/\/apirosport.com\/sv\/?s={search_term_string}\"},\"query-input\":{\"@type\":\"PropertyValueSpecification\",\"valueRequired\":true,\"valueName\":\"search_term_string\"}}],\"inLanguage\":\"sv-SE\"},{\"@type\":\"Organization\",\"@id\":\"https:\/\/apirosport.com\/sv\/#organization\",\"name\":\"Apirosport\",\"alternateName\":\"Apirosport\",\"url\":\"https:\/\/apirosport.com\/sv\/\",\"logo\":{\"@type\":\"ImageObject\",\"inLanguage\":\"sv-SE\",\"@id\":\"https:\/\/apirosport.com\/sv\/#\/schema\/logo\/image\/\",\"url\":\"https:\/\/apirosport.com\/wp-content\/uploads\/2025\/12\/Apirosport-yellow-scaled.png\",\"contentUrl\":\"https:\/\/apirosport.com\/wp-content\/uploads\/2025\/12\/Apirosport-yellow-scaled.png\",\"width\":2560,\"height\":2278,\"caption\":\"Apirosport\"},\"image\":{\"@id\":\"https:\/\/apirosport.com\/sv\/#\/schema\/logo\/image\/\"}}]}<\/script>\n<!-- \/ Yoast SEO plugin. -->","yoast_head_json":{"title":"Ulteron Chrome Dumbbells | Apirosport","robots":{"index":"index","follow":"follow","max-snippet":"max-snippet:-1","max-image-preview":"max-image-preview:large","max-video-preview":"max-video-preview:-1"},"canonical":"https:\/\/apirosport.com\/sv\/produkt\/ulteron-chrome-dumbbells\/","og_locale":"sv_SE","og_type":"article","og_title":"Ulteron Chrome Dumbbells | Apirosport","og_description":"Elegant design m\u00f6ter h\u00e5llbar styrka.Ulteron Chrome Dumbbells \u00e4r tillverkade i st\u00e5l med en polerad kromfinish som ger b\u00e5de stil och prestanda. Den ergonomiska, r\u00e4fflade greppytan ger s\u00e4kert grepp under hela tr\u00e4ningspasset. Perfekt f\u00f6r kommersiella gym som vill kombinera funktion och exklusiv estetik.","og_url":"https:\/\/apirosport.com\/sv\/produkt\/ulteron-chrome-dumbbells\/","og_site_name":"Apirosport","article_modified_time":"2026-03-31T08:07:59+00:00","og_image":[{"width":2362,"height":2362,"url":"https:\/\/apirosport.com\/wp-content\/uploads\/2025\/12\/chrome-dumbbels-2.png","type":"image\/png"}],"twitter_card":"summary_large_image","twitter_title":"Apirosport","twitter_misc":{"Ber\u00e4knad l\u00e4stid":"1 minut"},"schema":{"@context":"https:\/\/schema.org","@graph":[{"@type":"WebPage","@id":"https:\/\/apirosport.com\/sv\/produkt\/ulteron-chrome-dumbbells\/","url":"https:\/\/apirosport.com\/sv\/produkt\/ulteron-chrome-dumbbells\/","name":"Ulteron Chrome Dumbbells | Apirosport","isPartOf":{"@id":"https:\/\/apirosport.com\/sv\/#website"},"primaryImageOfPage":{"@id":"https:\/\/apirosport.com\/sv\/produkt\/ulteron-chrome-dumbbells\/#primaryimage"},"image":{"@id":"https:\/\/apirosport.com\/sv\/produkt\/ulteron-chrome-dumbbells\/#primaryimage"},"thumbnailUrl":"https:\/\/apirosport.com\/wp-content\/uploads\/2025\/12\/chrome-dumbbels-2.png","datePublished":"2025-11-10T15:09:54+00:00","dateModified":"2026-03-31T08:07:59+00:00","breadcrumb":{"@id":"https:\/\/apirosport.com\/sv\/produkt\/ulteron-chrome-dumbbells\/#breadcrumb"},"inLanguage":"sv-SE","potentialAction":[{"@type":"ReadAction","target":["https:\/\/apirosport.com\/sv\/produkt\/ulteron-chrome-dumbbells\/"]}]},{"@type":"ImageObject","inLanguage":"sv-SE","@id":"https:\/\/apirosport.com\/sv\/produkt\/ulteron-chrome-dumbbells\/#primaryimage","url":"https:\/\/apirosport.com\/wp-content\/uploads\/2025\/12\/chrome-dumbbels-2.png","contentUrl":"https:\/\/apirosport.com\/wp-content\/uploads\/2025\/12\/chrome-dumbbels-2.png","width":2362,"height":2362},{"@type":"BreadcrumbList","@id":"https:\/\/apirosport.com\/sv\/produkt\/ulteron-chrome-dumbbells\/#breadcrumb","itemListElement":[{"@type":"ListItem","position":1,"name":"Home","item":"https:\/\/apirosport.com\/sv\/"},{"@type":"ListItem","position":2,"name":"Produkter","item":"https:\/\/apirosport.com\/sv\/produkter\/"},{"@type":"ListItem","position":3,"name":"Ulteron Chrome Dumbbells"}]},{"@type":"WebSite","@id":"https:\/\/apirosport.com\/sv\/#website","url":"https:\/\/apirosport.com\/sv\/","name":"Apirosport","description":"","publisher":{"@id":"https:\/\/apirosport.com\/sv\/#organization"},"alternateName":"Apirosport","potentialAction":[{"@type":"SearchAction","target":{"@type":"EntryPoint","urlTemplate":"https:\/\/apirosport.com\/sv\/?s={search_term_string}"},"query-input":{"@type":"PropertyValueSpecification","valueRequired":true,"valueName":"search_term_string"}}],"inLanguage":"sv-SE"},{"@type":"Organization","@id":"https:\/\/apirosport.com\/sv\/#organization","name":"Apirosport","alternateName":"Apirosport","url":"https:\/\/apirosport.com\/sv\/","logo":{"@type":"ImageObject","inLanguage":"sv-SE","@id":"https:\/\/apirosport.com\/sv\/#\/schema\/logo\/image\/","url":"https:\/\/apirosport.com\/wp-content\/uploads\/2025\/12\/Apirosport-yellow-scaled.png","contentUrl":"https:\/\/apirosport.com\/wp-content\/uploads\/2025\/12\/Apirosport-yellow-scaled.png","width":2560,"height":2278,"caption":"Apirosport"},"image":{"@id":"https:\/\/apirosport.com\/sv\/#\/schema\/logo\/image\/"}}]}},"_links":{"self":[{"href":"https:\/\/apirosport.com\/sv\/wp-json\/wp\/v2\/product\/20419","targetHints":{"allow":["GET"]}}],"collection":[{"href":"https:\/\/apirosport.com\/sv\/wp-json\/wp\/v2\/product"}],"about":[{"href":"https:\/\/apirosport.com\/sv\/wp-json\/wp\/v2\/types\/product"}],"wp:featuredmedia":[{"embeddable":true,"href":"https:\/\/apirosport.com\/sv\/wp-json\/wp\/v2\/media\/20420"}],"wp:attachment":[{"href":"https:\/\/apirosport.com\/sv\/wp-json\/wp\/v2\/media?parent=20419"}],"wp:term":[{"taxonomy":"variation","embeddable":true,"href":"https:\/\/apirosport.com\/sv\/wp-json\/wp\/v2\/variation?post=20419"},{"taxonomy":"product_brand","embeddable":true,"href":"https:\/\/apirosport.com\/sv\/wp-json\/wp\/v2\/product_brand?post=20419"},{"taxonomy":"product_cat","embeddable":true,"href":"https:\/\/apirosport.com\/sv\/wp-json\/wp\/v2\/product_cat?post=20419"},{"taxonomy":"product_tag","embeddable":true,"href":"https:\/\/apirosport.com\/sv\/wp-json\/wp\/v2\/product_tag?post=20419"}],"curies":[{"name":"wp","href":"https:\/\/api.w.org\/{rel}","templated":true}]}}